{"id":1107,"date":"2025-05-13T16:04:49","date_gmt":"2025-05-13T14:04:49","guid":{"rendered":"https:\/\/richter.ceo\/coxs\/?post_type=product&#038;p=1107"},"modified":"2025-05-13T16:04:49","modified_gmt":"2025-05-13T14:04:49","slug":"desperados-tequila","status":"publish","type":"product","link":"https:\/\/richter.ceo\/coxs\/en\/product\/desperados-tequila\/","title":{"rendered":"Desperados Tequila"},"content":{"rendered":"<p>Desperados je obl\u00edben\u00fd francouzsk\u00fd le\u017e\u00e1k s p\u0159\u00edchut\u00ed tequily. Hod\u00ed se jako alternativa b\u011b\u017en\u00fdch piv na p\u00e1rty pro ty, kdo cht\u011bj\u00ed n\u011bco zvl\u00e1\u0161tn\u00edho. M\u00e1 vy\u0161\u0161\u00ed osv\u011b\u017euj\u00edc\u00ed \u0159\u00edz a von\u00ed po limetk\u00e1ch, je v n\u011bm c\u00edtit sladov\u00e1 chu\u0165 s chmelovou koncovkou. Doporu\u010dujeme p\u00edt s limetkou str\u010denou dovnit\u0159.<\/p>\n<p>&nbsp;<\/p>\n<p>Slo\u017een\u00ed: voda, je\u010dn\u00fd slad, chmelov\u00e9 produkty, limetka, m\u00e1ta<\/p>","protected":false},"excerpt":{"rendered":"<p>Desperados je obl\u00edben\u00fd francouzsk\u00fd le\u017e\u00e1k s p\u0159\u00edchut\u00ed tequily. Hod\u00ed se jako alternativa b\u011b\u017en\u00fdch piv na p\u00e1rty pro ty, kdo cht\u011bj\u00ed n\u011bco zvl\u00e1\u0161tn\u00edho. M\u00e1 vy\u0161\u0161\u00ed osv\u011b\u017euj\u00edc\u00ed \u0159\u00edz a von\u00ed po limetk\u00e1ch, je v n\u011bm c\u00edtit sladov\u00e1 chu\u0165 s chmelovou koncovkou. Doporu\u010dujeme p\u00edt s limetkou str\u010denou dovnit\u0159. &nbsp; Slo\u017een\u00ed: voda, je\u010dn\u00fd slad, chmelov\u00e9 produkty, limetka, m\u00e1ta<\/p>","protected":false},"featured_media":1085,"template":"","meta":{"_acf_changed":false},"product_brand":[115],"product_cat":[118],"product_tag":[],"class_list":{"0":"post-1107","1":"product","2":"type-product","3":"status-publish","4":"has-post-thumbnail","6":"product_brand-heineken","7":"product_cat-pivo","8":"pa_cena-za-033-l","9":"pa_obsah-alkoholu-114","10":"pa_zeme-francie","12":"first","13":"instock","14":"shipping-taxable","15":"purchasable","16":"product-type-simple"},"acf":[],"yoast_head":"<!-- This site is optimized with the Yoast SEO plugin v27.5 - https:\/\/yoast.com\/product\/yoast-seo-wordpress\/ -->\n<title>Desperados Tequila<\/title>\n<meta name=\"description\" content=\"Desperados je obl\u00edben\u00fd francouzsk\u00fd le\u017e\u00e1k s p\u0159\u00edchut\u00ed tequily. Hod\u00ed se jako alternativa b\u011b\u017en\u00fdch piv na p\u00e1rty pro ty, kdo cht\u011bj\u00ed n\u011bco zvl\u00e1\u0161tn\u00edho. M\u00e1 vy\u0161\u0161\u00ed\" \/>\n<meta name=\"robots\" content=\"index, follow, max-snippet:-1, max-image-preview:large, max-video-preview:-1\" \/>\n<link rel=\"canonical\" href=\"https:\/\/richter.ceo\/coxs\/en\/product\/desperados-tequila\/\" \/>\n<meta property=\"og:locale\" content=\"en_GB\" \/>\n<meta property=\"og:type\" content=\"article\" \/>\n<meta property=\"og:title\" content=\"Desperados Tequila\" \/>\n<meta property=\"og:description\" content=\"Desperados je obl\u00edben\u00fd francouzsk\u00fd le\u017e\u00e1k s p\u0159\u00edchut\u00ed tequily. Hod\u00ed se jako alternativa b\u011b\u017en\u00fdch piv na p\u00e1rty pro ty, kdo cht\u011bj\u00ed n\u011bco zvl\u00e1\u0161tn\u00edho. M\u00e1 vy\u0161\u0161\u00ed\" \/>\n<meta property=\"og:url\" content=\"https:\/\/richter.ceo\/coxs\/en\/product\/desperados-tequila\/\" \/>\n<meta property=\"og:site_name\" content=\"COXS CLUB\" \/>\n<meta property=\"article:publisher\" content=\"https:\/\/www.facebook.com\/profile.php?id=100088204002615\" \/>\n<meta property=\"og:image\" content=\"https:\/\/richter.ceo\/coxs\/wp-content\/uploads\/sites\/4\/2025\/05\/desperados-864x1024-1.jpg\" \/>\n\t<meta property=\"og:image:width\" content=\"864\" \/>\n\t<meta property=\"og:image:height\" content=\"1024\" \/>\n\t<meta property=\"og:image:type\" content=\"image\/jpeg\" \/>\n<meta name=\"twitter:card\" content=\"summary_large_image\" \/>\n<script type=\"application\/ld+json\" class=\"yoast-schema-graph\">{\"@context\":\"https:\\\/\\\/schema.org\",\"@graph\":[{\"@type\":\"WebPage\",\"@id\":\"https:\\\/\\\/richter.ceo\\\/coxs\\\/en\\\/product\\\/desperados-tequila\\\/\",\"url\":\"https:\\\/\\\/richter.ceo\\\/coxs\\\/en\\\/product\\\/desperados-tequila\\\/\",\"name\":\"Desperados Tequila\",\"isPartOf\":{\"@id\":\"https:\\\/\\\/richter.ceo\\\/coxs\\\/en\\\/#website\"},\"primaryImageOfPage\":{\"@id\":\"https:\\\/\\\/richter.ceo\\\/coxs\\\/en\\\/product\\\/desperados-tequila\\\/#primaryimage\"},\"image\":{\"@id\":\"https:\\\/\\\/richter.ceo\\\/coxs\\\/en\\\/product\\\/desperados-tequila\\\/#primaryimage\"},\"thumbnailUrl\":\"https:\\\/\\\/richter.ceo\\\/coxs\\\/wp-content\\\/uploads\\\/sites\\\/4\\\/2025\\\/05\\\/desperados-864x1024-1.jpg\",\"datePublished\":\"2025-05-13T14:04:49+00:00\",\"description\":\"Desperados je obl\u00edben\u00fd francouzsk\u00fd le\u017e\u00e1k s p\u0159\u00edchut\u00ed tequily. Hod\u00ed se jako alternativa b\u011b\u017en\u00fdch piv na p\u00e1rty pro ty, kdo cht\u011bj\u00ed n\u011bco zvl\u00e1\u0161tn\u00edho. M\u00e1 vy\u0161\u0161\u00ed\",\"breadcrumb\":{\"@id\":\"https:\\\/\\\/richter.ceo\\\/coxs\\\/en\\\/product\\\/desperados-tequila\\\/#breadcrumb\"},\"inLanguage\":\"en-GB\",\"potentialAction\":[{\"@type\":\"ReadAction\",\"target\":[\"https:\\\/\\\/richter.ceo\\\/coxs\\\/en\\\/product\\\/desperados-tequila\\\/\"]}]},{\"@type\":\"ImageObject\",\"inLanguage\":\"en-GB\",\"@id\":\"https:\\\/\\\/richter.ceo\\\/coxs\\\/en\\\/product\\\/desperados-tequila\\\/#primaryimage\",\"url\":\"https:\\\/\\\/richter.ceo\\\/coxs\\\/wp-content\\\/uploads\\\/sites\\\/4\\\/2025\\\/05\\\/desperados-864x1024-1.jpg\",\"contentUrl\":\"https:\\\/\\\/richter.ceo\\\/coxs\\\/wp-content\\\/uploads\\\/sites\\\/4\\\/2025\\\/05\\\/desperados-864x1024-1.jpg\",\"width\":864,\"height\":1024,\"caption\":\"COXS CLUB\"},{\"@type\":\"BreadcrumbList\",\"@id\":\"https:\\\/\\\/richter.ceo\\\/coxs\\\/en\\\/product\\\/desperados-tequila\\\/#breadcrumb\",\"itemListElement\":[{\"@type\":\"ListItem\",\"position\":1,\"name\":\"Dom\u016f\",\"item\":\"https:\\\/\\\/richter.ceo\\\/coxs\\\/\"},{\"@type\":\"ListItem\",\"position\":2,\"name\":\"N\u00c1POJE\",\"item\":\"https:\\\/\\\/richter.ceo\\\/coxs\\\/en\\\/napoje\\\/\"},{\"@type\":\"ListItem\",\"position\":3,\"name\":\"Desperados Tequila\"}]},{\"@type\":\"WebSite\",\"@id\":\"https:\\\/\\\/richter.ceo\\\/coxs\\\/en\\\/#website\",\"url\":\"https:\\\/\\\/richter.ceo\\\/coxs\\\/en\\\/\",\"name\":\"COXS CLUB\",\"description\":\"Beton a Rum\",\"publisher\":{\"@id\":\"https:\\\/\\\/richter.ceo\\\/coxs\\\/en\\\/#organization\"},\"potentialAction\":[{\"@type\":\"SearchAction\",\"target\":{\"@type\":\"EntryPoint\",\"urlTemplate\":\"https:\\\/\\\/richter.ceo\\\/coxs\\\/en\\\/?s={search_term_string}\"},\"query-input\":{\"@type\":\"PropertyValueSpecification\",\"valueRequired\":true,\"valueName\":\"search_term_string\"}}],\"inLanguage\":\"en-GB\"},{\"@type\":\"Organization\",\"@id\":\"https:\\\/\\\/richter.ceo\\\/coxs\\\/en\\\/#organization\",\"name\":\"COXS CLUB\",\"url\":\"https:\\\/\\\/richter.ceo\\\/coxs\\\/en\\\/\",\"logo\":{\"@type\":\"ImageObject\",\"inLanguage\":\"en-GB\",\"@id\":\"https:\\\/\\\/richter.ceo\\\/coxs\\\/en\\\/#\\\/schema\\\/logo\\\/image\\\/\",\"url\":\"http:\\\/\\\/richter.ceo\\\/coxs\\\/wp-content\\\/uploads\\\/sites\\\/4\\\/2025\\\/05\\\/FAVICON-dark.webp\",\"contentUrl\":\"http:\\\/\\\/richter.ceo\\\/coxs\\\/wp-content\\\/uploads\\\/sites\\\/4\\\/2025\\\/05\\\/FAVICON-dark.webp\",\"width\":512,\"height\":512,\"caption\":\"COXS CLUB\"},\"image\":{\"@id\":\"https:\\\/\\\/richter.ceo\\\/coxs\\\/en\\\/#\\\/schema\\\/logo\\\/image\\\/\"},\"sameAs\":[\"https:\\\/\\\/www.facebook.com\\\/profile.php?id=100088204002615\",\"https:\\\/\\\/www.instagram.com\\\/coxs_coxs\\\/\"]}]}<\/script>\n<!-- \/ Yoast SEO plugin. -->","yoast_head_json":{"title":"Desperados Tequila","description":"Desperados je obl\u00edben\u00fd francouzsk\u00fd le\u017e\u00e1k s p\u0159\u00edchut\u00ed tequily. Hod\u00ed se jako alternativa b\u011b\u017en\u00fdch piv na p\u00e1rty pro ty, kdo cht\u011bj\u00ed n\u011bco zvl\u00e1\u0161tn\u00edho. M\u00e1 vy\u0161\u0161\u00ed","robots":{"index":"index","follow":"follow","max-snippet":"max-snippet:-1","max-image-preview":"max-image-preview:large","max-video-preview":"max-video-preview:-1"},"canonical":"https:\/\/richter.ceo\/coxs\/en\/product\/desperados-tequila\/","og_locale":"en_GB","og_type":"article","og_title":"Desperados Tequila","og_description":"Desperados je obl\u00edben\u00fd francouzsk\u00fd le\u017e\u00e1k s p\u0159\u00edchut\u00ed tequily. Hod\u00ed se jako alternativa b\u011b\u017en\u00fdch piv na p\u00e1rty pro ty, kdo cht\u011bj\u00ed n\u011bco zvl\u00e1\u0161tn\u00edho. M\u00e1 vy\u0161\u0161\u00ed","og_url":"https:\/\/richter.ceo\/coxs\/en\/product\/desperados-tequila\/","og_site_name":"COXS CLUB","article_publisher":"https:\/\/www.facebook.com\/profile.php?id=100088204002615","og_image":[{"width":864,"height":1024,"url":"https:\/\/richter.ceo\/coxs\/wp-content\/uploads\/sites\/4\/2025\/05\/desperados-864x1024-1.jpg","type":"image\/jpeg"}],"twitter_card":"summary_large_image","schema":{"@context":"https:\/\/schema.org","@graph":[{"@type":"WebPage","@id":"https:\/\/richter.ceo\/coxs\/en\/product\/desperados-tequila\/","url":"https:\/\/richter.ceo\/coxs\/en\/product\/desperados-tequila\/","name":"Desperados Tequila","isPartOf":{"@id":"https:\/\/richter.ceo\/coxs\/en\/#website"},"primaryImageOfPage":{"@id":"https:\/\/richter.ceo\/coxs\/en\/product\/desperados-tequila\/#primaryimage"},"image":{"@id":"https:\/\/richter.ceo\/coxs\/en\/product\/desperados-tequila\/#primaryimage"},"thumbnailUrl":"https:\/\/richter.ceo\/coxs\/wp-content\/uploads\/sites\/4\/2025\/05\/desperados-864x1024-1.jpg","datePublished":"2025-05-13T14:04:49+00:00","description":"Desperados je obl\u00edben\u00fd francouzsk\u00fd le\u017e\u00e1k s p\u0159\u00edchut\u00ed tequily. Hod\u00ed se jako alternativa b\u011b\u017en\u00fdch piv na p\u00e1rty pro ty, kdo cht\u011bj\u00ed n\u011bco zvl\u00e1\u0161tn\u00edho. M\u00e1 vy\u0161\u0161\u00ed","breadcrumb":{"@id":"https:\/\/richter.ceo\/coxs\/en\/product\/desperados-tequila\/#breadcrumb"},"inLanguage":"en-GB","potentialAction":[{"@type":"ReadAction","target":["https:\/\/richter.ceo\/coxs\/en\/product\/desperados-tequila\/"]}]},{"@type":"ImageObject","inLanguage":"en-GB","@id":"https:\/\/richter.ceo\/coxs\/en\/product\/desperados-tequila\/#primaryimage","url":"https:\/\/richter.ceo\/coxs\/wp-content\/uploads\/sites\/4\/2025\/05\/desperados-864x1024-1.jpg","contentUrl":"https:\/\/richter.ceo\/coxs\/wp-content\/uploads\/sites\/4\/2025\/05\/desperados-864x1024-1.jpg","width":864,"height":1024,"caption":"COXS CLUB"},{"@type":"BreadcrumbList","@id":"https:\/\/richter.ceo\/coxs\/en\/product\/desperados-tequila\/#breadcrumb","itemListElement":[{"@type":"ListItem","position":1,"name":"Dom\u016f","item":"https:\/\/richter.ceo\/coxs\/"},{"@type":"ListItem","position":2,"name":"N\u00c1POJE","item":"https:\/\/richter.ceo\/coxs\/en\/napoje\/"},{"@type":"ListItem","position":3,"name":"Desperados Tequila"}]},{"@type":"WebSite","@id":"https:\/\/richter.ceo\/coxs\/en\/#website","url":"https:\/\/richter.ceo\/coxs\/en\/","name":"COXS CLUB","description":"Beton a Rum","publisher":{"@id":"https:\/\/richter.ceo\/coxs\/en\/#organization"},"potentialAction":[{"@type":"SearchAction","target":{"@type":"EntryPoint","urlTemplate":"https:\/\/richter.ceo\/coxs\/en\/?s={search_term_string}"},"query-input":{"@type":"PropertyValueSpecification","valueRequired":true,"valueName":"search_term_string"}}],"inLanguage":"en-GB"},{"@type":"Organization","@id":"https:\/\/richter.ceo\/coxs\/en\/#organization","name":"COXS CLUB","url":"https:\/\/richter.ceo\/coxs\/en\/","logo":{"@type":"ImageObject","inLanguage":"en-GB","@id":"https:\/\/richter.ceo\/coxs\/en\/#\/schema\/logo\/image\/","url":"http:\/\/richter.ceo\/coxs\/wp-content\/uploads\/sites\/4\/2025\/05\/FAVICON-dark.webp","contentUrl":"http:\/\/richter.ceo\/coxs\/wp-content\/uploads\/sites\/4\/2025\/05\/FAVICON-dark.webp","width":512,"height":512,"caption":"COXS CLUB"},"image":{"@id":"https:\/\/richter.ceo\/coxs\/en\/#\/schema\/logo\/image\/"},"sameAs":["https:\/\/www.facebook.com\/profile.php?id=100088204002615","https:\/\/www.instagram.com\/coxs_coxs\/"]}]}},"_links":{"self":[{"href":"https:\/\/richter.ceo\/coxs\/en\/wp-json\/wp\/v2\/product\/1107","targetHints":{"allow":["GET"]}}],"collection":[{"href":"https:\/\/richter.ceo\/coxs\/en\/wp-json\/wp\/v2\/product"}],"about":[{"href":"https:\/\/richter.ceo\/coxs\/en\/wp-json\/wp\/v2\/types\/product"}],"wp:featuredmedia":[{"embeddable":true,"href":"https:\/\/richter.ceo\/coxs\/en\/wp-json\/wp\/v2\/media\/1085"}],"wp:attachment":[{"href":"https:\/\/richter.ceo\/coxs\/en\/wp-json\/wp\/v2\/media?parent=1107"}],"wp:term":[{"taxonomy":"product_brand","embeddable":true,"href":"https:\/\/richter.ceo\/coxs\/en\/wp-json\/wp\/v2\/product_brand?post=1107"},{"taxonomy":"product_cat","embeddable":true,"href":"https:\/\/richter.ceo\/coxs\/en\/wp-json\/wp\/v2\/product_cat?post=1107"},{"taxonomy":"product_tag","embeddable":true,"href":"https:\/\/richter.ceo\/coxs\/en\/wp-json\/wp\/v2\/product_tag?post=1107"}],"curies":[{"name":"wp","href":"https:\/\/api.w.org\/{rel}","templated":true}]}}