{"id":1114,"date":"2025-05-13T16:40:58","date_gmt":"2025-05-13T14:40:58","guid":{"rendered":"https:\/\/richter.ceo\/coxs\/?post_type=product&#038;p=1114"},"modified":"2025-05-13T16:40:58","modified_gmt":"2025-05-13T14:40:58","slug":"vinea-bila-cervena","status":"publish","type":"product","link":"https:\/\/richter.ceo\/coxs\/en\/product\/vinea-bila-cervena\/","title":{"rendered":"Vinea b\u00edl\u00e1 &#038; \u010derven\u00e1"},"content":{"rendered":"<p>Vinea je tradi\u010dn\u00ed ovocn\u00fd sycen\u00fd n\u00e1poj.<\/p>\n<p>&nbsp;<\/p>\n<p>\u2013 je osv\u011b\u017euj\u00edc\u00ed nealkoholick\u00fd sycen\u00fd n\u00e1poj vyroben\u00fd z p\u0159\u00edrodn\u00ed suroviny b\u00edl\u00e9ho hrozna<\/p>\n<p>\u2013 je zelen\u00fd klenot, jisk\u0159iv\u00e9ho vzhledu, lahodn\u00e9 chuti a p\u0159\u00edjemn\u00e9 osv\u011b\u017euj\u00edc\u00ed v\u016fn\u011b<\/p>\n<div class=\"elementor-column elementor-col-50 elementor-inner-column elementor-element elementor-element-df5ea97\" data-id=\"df5ea97\" data-element_type=\"column\">\n<div class=\"elementor-widget-wrap elementor-element-populated\">\n<div class=\"elementor-element elementor-element-5f45f876 elementor-widget elementor-widget-woocommerce-product-short-description\" data-id=\"5f45f876\" data-element_type=\"widget\" data-widget_type=\"woocommerce-product-short-description.default\">\n<div class=\"elementor-widget-container\">\n<div class=\"woocommerce-product-details__short-description\">\n<p>\u2013 obsahuje vylisovanou hroznovou \u0161\u0165\u00e1vu (nejm\u00e9n\u011b 10%), vysok\u00fd pod\u00edl ovocn\u00fdch cukr\u016f, organick\u00fdch kyselin, miner\u00e1ln\u00edch l\u00e1tek a cel\u00e9 \u0159ady vitam\u00edn\u016f B<\/p>\n<\/div>\n<\/div>\n<\/div>\n<\/div>\n<\/div>","protected":false},"excerpt":{"rendered":"<p>Vinea je tradi\u010dn\u00ed ovocn\u00fd sycen\u00fd n\u00e1poj. &nbsp; \u2013 je osv\u011b\u017euj\u00edc\u00ed nealkoholick\u00fd sycen\u00fd n\u00e1poj vyroben\u00fd z p\u0159\u00edrodn\u00ed suroviny b\u00edl\u00e9ho hrozna \u2013 je zelen\u00fd klenot, jisk\u0159iv\u00e9ho vzhledu, lahodn\u00e9 chuti a p\u0159\u00edjemn\u00e9 osv\u011b\u017euj\u00edc\u00ed v\u016fn\u011b \u2013 obsahuje vylisovanou hroznovou \u0161\u0165\u00e1vu (nejm\u00e9n\u011b 10%), vysok\u00fd pod\u00edl ovocn\u00fdch cukr\u016f, organick\u00fdch kyselin, miner\u00e1ln\u00edch l\u00e1tek a cel\u00e9 \u0159ady vitam\u00edn\u016f B<\/p>","protected":false},"featured_media":1101,"template":"","meta":{"_acf_changed":false},"product_brand":[126],"product_cat":[116],"product_tag":[],"class_list":{"0":"post-1114","1":"product","2":"type-product","3":"status-publish","4":"has-post-thumbnail","6":"product_brand-vinea","7":"product_cat-nealko","8":"pa_cena-za-025-l","9":"pa_zeme-ceska-republika","11":"first","12":"instock","13":"shipping-taxable","14":"purchasable","15":"product-type-simple"},"acf":[],"yoast_head":"<!-- This site is optimized with the Yoast SEO plugin v27.5 - https:\/\/yoast.com\/product\/yoast-seo-wordpress\/ -->\n<title>Vinea b\u00edl\u00e1 &amp; \u010derven\u00e1<\/title>\n<meta name=\"description\" content=\"Vinea je tradi\u010dn\u00ed ovocn\u00fd sycen\u00fd n\u00e1poj. &nbsp; \u2013 je osv\u011b\u017euj\u00edc\u00ed nealkoholick\u00fd sycen\u00fd n\u00e1poj vyroben\u00fd z p\u0159\u00edrodn\u00ed suroviny b\u00edl\u00e9ho hrozna \u2013 je zelen\u00fd klenot,\" \/>\n<meta name=\"robots\" content=\"index, follow, max-snippet:-1, max-image-preview:large, max-video-preview:-1\" \/>\n<link rel=\"canonical\" href=\"https:\/\/richter.ceo\/coxs\/en\/product\/vinea-bila-cervena\/\" \/>\n<meta property=\"og:locale\" content=\"en_GB\" \/>\n<meta property=\"og:type\" content=\"article\" \/>\n<meta property=\"og:title\" content=\"Vinea b\u00edl\u00e1 &amp; \u010derven\u00e1\" \/>\n<meta property=\"og:description\" content=\"Vinea je tradi\u010dn\u00ed ovocn\u00fd sycen\u00fd n\u00e1poj. &nbsp; \u2013 je osv\u011b\u017euj\u00edc\u00ed nealkoholick\u00fd sycen\u00fd n\u00e1poj vyroben\u00fd z p\u0159\u00edrodn\u00ed suroviny b\u00edl\u00e9ho hrozna \u2013 je zelen\u00fd klenot,\" \/>\n<meta property=\"og:url\" content=\"https:\/\/richter.ceo\/coxs\/en\/product\/vinea-bila-cervena\/\" \/>\n<meta property=\"og:site_name\" content=\"COXS CLUB\" \/>\n<meta property=\"article:publisher\" content=\"https:\/\/www.facebook.com\/profile.php?id=100088204002615\" \/>\n<meta property=\"og:image\" content=\"https:\/\/richter.ceo\/coxs\/wp-content\/uploads\/sites\/4\/2025\/05\/vinea-864x1024-1.jpg\" \/>\n\t<meta property=\"og:image:width\" content=\"864\" \/>\n\t<meta property=\"og:image:height\" content=\"1024\" \/>\n\t<meta property=\"og:image:type\" content=\"image\/jpeg\" \/>\n<meta name=\"twitter:card\" content=\"summary_large_image\" \/>\n<script type=\"application\/ld+json\" class=\"yoast-schema-graph\">{\"@context\":\"https:\\\/\\\/schema.org\",\"@graph\":[{\"@type\":\"WebPage\",\"@id\":\"https:\\\/\\\/richter.ceo\\\/coxs\\\/en\\\/product\\\/vinea-bila-cervena\\\/\",\"url\":\"https:\\\/\\\/richter.ceo\\\/coxs\\\/en\\\/product\\\/vinea-bila-cervena\\\/\",\"name\":\"Vinea b\u00edl\u00e1 & \u010derven\u00e1\",\"isPartOf\":{\"@id\":\"https:\\\/\\\/richter.ceo\\\/coxs\\\/en\\\/#website\"},\"primaryImageOfPage\":{\"@id\":\"https:\\\/\\\/richter.ceo\\\/coxs\\\/en\\\/product\\\/vinea-bila-cervena\\\/#primaryimage\"},\"image\":{\"@id\":\"https:\\\/\\\/richter.ceo\\\/coxs\\\/en\\\/product\\\/vinea-bila-cervena\\\/#primaryimage\"},\"thumbnailUrl\":\"https:\\\/\\\/richter.ceo\\\/coxs\\\/wp-content\\\/uploads\\\/sites\\\/4\\\/2025\\\/05\\\/vinea-864x1024-1.jpg\",\"datePublished\":\"2025-05-13T14:40:58+00:00\",\"description\":\"Vinea je tradi\u010dn\u00ed ovocn\u00fd sycen\u00fd n\u00e1poj. &nbsp; \u2013 je osv\u011b\u017euj\u00edc\u00ed nealkoholick\u00fd sycen\u00fd n\u00e1poj vyroben\u00fd z p\u0159\u00edrodn\u00ed suroviny b\u00edl\u00e9ho hrozna \u2013 je zelen\u00fd klenot,\",\"breadcrumb\":{\"@id\":\"https:\\\/\\\/richter.ceo\\\/coxs\\\/en\\\/product\\\/vinea-bila-cervena\\\/#breadcrumb\"},\"inLanguage\":\"en-GB\",\"potentialAction\":[{\"@type\":\"ReadAction\",\"target\":[\"https:\\\/\\\/richter.ceo\\\/coxs\\\/en\\\/product\\\/vinea-bila-cervena\\\/\"]}]},{\"@type\":\"ImageObject\",\"inLanguage\":\"en-GB\",\"@id\":\"https:\\\/\\\/richter.ceo\\\/coxs\\\/en\\\/product\\\/vinea-bila-cervena\\\/#primaryimage\",\"url\":\"https:\\\/\\\/richter.ceo\\\/coxs\\\/wp-content\\\/uploads\\\/sites\\\/4\\\/2025\\\/05\\\/vinea-864x1024-1.jpg\",\"contentUrl\":\"https:\\\/\\\/richter.ceo\\\/coxs\\\/wp-content\\\/uploads\\\/sites\\\/4\\\/2025\\\/05\\\/vinea-864x1024-1.jpg\",\"width\":864,\"height\":1024,\"caption\":\"COXS CLUB\"},{\"@type\":\"BreadcrumbList\",\"@id\":\"https:\\\/\\\/richter.ceo\\\/coxs\\\/en\\\/product\\\/vinea-bila-cervena\\\/#breadcrumb\",\"itemListElement\":[{\"@type\":\"ListItem\",\"position\":1,\"name\":\"Dom\u016f\",\"item\":\"https:\\\/\\\/richter.ceo\\\/coxs\\\/\"},{\"@type\":\"ListItem\",\"position\":2,\"name\":\"N\u00c1POJE\",\"item\":\"https:\\\/\\\/richter.ceo\\\/coxs\\\/en\\\/napoje\\\/\"},{\"@type\":\"ListItem\",\"position\":3,\"name\":\"Vinea b\u00edl\u00e1 &#038; \u010derven\u00e1\"}]},{\"@type\":\"WebSite\",\"@id\":\"https:\\\/\\\/richter.ceo\\\/coxs\\\/en\\\/#website\",\"url\":\"https:\\\/\\\/richter.ceo\\\/coxs\\\/en\\\/\",\"name\":\"COXS CLUB\",\"description\":\"Beton a Rum\",\"publisher\":{\"@id\":\"https:\\\/\\\/richter.ceo\\\/coxs\\\/en\\\/#organization\"},\"potentialAction\":[{\"@type\":\"SearchAction\",\"target\":{\"@type\":\"EntryPoint\",\"urlTemplate\":\"https:\\\/\\\/richter.ceo\\\/coxs\\\/en\\\/?s={search_term_string}\"},\"query-input\":{\"@type\":\"PropertyValueSpecification\",\"valueRequired\":true,\"valueName\":\"search_term_string\"}}],\"inLanguage\":\"en-GB\"},{\"@type\":\"Organization\",\"@id\":\"https:\\\/\\\/richter.ceo\\\/coxs\\\/en\\\/#organization\",\"name\":\"COXS CLUB\",\"url\":\"https:\\\/\\\/richter.ceo\\\/coxs\\\/en\\\/\",\"logo\":{\"@type\":\"ImageObject\",\"inLanguage\":\"en-GB\",\"@id\":\"https:\\\/\\\/richter.ceo\\\/coxs\\\/en\\\/#\\\/schema\\\/logo\\\/image\\\/\",\"url\":\"http:\\\/\\\/richter.ceo\\\/coxs\\\/wp-content\\\/uploads\\\/sites\\\/4\\\/2025\\\/05\\\/FAVICON-dark.webp\",\"contentUrl\":\"http:\\\/\\\/richter.ceo\\\/coxs\\\/wp-content\\\/uploads\\\/sites\\\/4\\\/2025\\\/05\\\/FAVICON-dark.webp\",\"width\":512,\"height\":512,\"caption\":\"COXS CLUB\"},\"image\":{\"@id\":\"https:\\\/\\\/richter.ceo\\\/coxs\\\/en\\\/#\\\/schema\\\/logo\\\/image\\\/\"},\"sameAs\":[\"https:\\\/\\\/www.facebook.com\\\/profile.php?id=100088204002615\",\"https:\\\/\\\/www.instagram.com\\\/coxs_coxs\\\/\"]}]}<\/script>\n<!-- \/ Yoast SEO plugin. -->","yoast_head_json":{"title":"Vinea b\u00edl\u00e1 & \u010derven\u00e1","description":"Vinea je tradi\u010dn\u00ed ovocn\u00fd sycen\u00fd n\u00e1poj. &nbsp; \u2013 je osv\u011b\u017euj\u00edc\u00ed nealkoholick\u00fd sycen\u00fd n\u00e1poj vyroben\u00fd z p\u0159\u00edrodn\u00ed suroviny b\u00edl\u00e9ho hrozna \u2013 je zelen\u00fd klenot,","robots":{"index":"index","follow":"follow","max-snippet":"max-snippet:-1","max-image-preview":"max-image-preview:large","max-video-preview":"max-video-preview:-1"},"canonical":"https:\/\/richter.ceo\/coxs\/en\/product\/vinea-bila-cervena\/","og_locale":"en_GB","og_type":"article","og_title":"Vinea b\u00edl\u00e1 & \u010derven\u00e1","og_description":"Vinea je tradi\u010dn\u00ed ovocn\u00fd sycen\u00fd n\u00e1poj. &nbsp; \u2013 je osv\u011b\u017euj\u00edc\u00ed nealkoholick\u00fd sycen\u00fd n\u00e1poj vyroben\u00fd z p\u0159\u00edrodn\u00ed suroviny b\u00edl\u00e9ho hrozna \u2013 je zelen\u00fd klenot,","og_url":"https:\/\/richter.ceo\/coxs\/en\/product\/vinea-bila-cervena\/","og_site_name":"COXS CLUB","article_publisher":"https:\/\/www.facebook.com\/profile.php?id=100088204002615","og_image":[{"width":864,"height":1024,"url":"https:\/\/richter.ceo\/coxs\/wp-content\/uploads\/sites\/4\/2025\/05\/vinea-864x1024-1.jpg","type":"image\/jpeg"}],"twitter_card":"summary_large_image","schema":{"@context":"https:\/\/schema.org","@graph":[{"@type":"WebPage","@id":"https:\/\/richter.ceo\/coxs\/en\/product\/vinea-bila-cervena\/","url":"https:\/\/richter.ceo\/coxs\/en\/product\/vinea-bila-cervena\/","name":"Vinea b\u00edl\u00e1 & \u010derven\u00e1","isPartOf":{"@id":"https:\/\/richter.ceo\/coxs\/en\/#website"},"primaryImageOfPage":{"@id":"https:\/\/richter.ceo\/coxs\/en\/product\/vinea-bila-cervena\/#primaryimage"},"image":{"@id":"https:\/\/richter.ceo\/coxs\/en\/product\/vinea-bila-cervena\/#primaryimage"},"thumbnailUrl":"https:\/\/richter.ceo\/coxs\/wp-content\/uploads\/sites\/4\/2025\/05\/vinea-864x1024-1.jpg","datePublished":"2025-05-13T14:40:58+00:00","description":"Vinea je tradi\u010dn\u00ed ovocn\u00fd sycen\u00fd n\u00e1poj. &nbsp; \u2013 je osv\u011b\u017euj\u00edc\u00ed nealkoholick\u00fd sycen\u00fd n\u00e1poj vyroben\u00fd z p\u0159\u00edrodn\u00ed suroviny b\u00edl\u00e9ho hrozna \u2013 je zelen\u00fd klenot,","breadcrumb":{"@id":"https:\/\/richter.ceo\/coxs\/en\/product\/vinea-bila-cervena\/#breadcrumb"},"inLanguage":"en-GB","potentialAction":[{"@type":"ReadAction","target":["https:\/\/richter.ceo\/coxs\/en\/product\/vinea-bila-cervena\/"]}]},{"@type":"ImageObject","inLanguage":"en-GB","@id":"https:\/\/richter.ceo\/coxs\/en\/product\/vinea-bila-cervena\/#primaryimage","url":"https:\/\/richter.ceo\/coxs\/wp-content\/uploads\/sites\/4\/2025\/05\/vinea-864x1024-1.jpg","contentUrl":"https:\/\/richter.ceo\/coxs\/wp-content\/uploads\/sites\/4\/2025\/05\/vinea-864x1024-1.jpg","width":864,"height":1024,"caption":"COXS CLUB"},{"@type":"BreadcrumbList","@id":"https:\/\/richter.ceo\/coxs\/en\/product\/vinea-bila-cervena\/#breadcrumb","itemListElement":[{"@type":"ListItem","position":1,"name":"Dom\u016f","item":"https:\/\/richter.ceo\/coxs\/"},{"@type":"ListItem","position":2,"name":"N\u00c1POJE","item":"https:\/\/richter.ceo\/coxs\/en\/napoje\/"},{"@type":"ListItem","position":3,"name":"Vinea b\u00edl\u00e1 &#038; \u010derven\u00e1"}]},{"@type":"WebSite","@id":"https:\/\/richter.ceo\/coxs\/en\/#website","url":"https:\/\/richter.ceo\/coxs\/en\/","name":"COXS CLUB","description":"Beton a Rum","publisher":{"@id":"https:\/\/richter.ceo\/coxs\/en\/#organization"},"potentialAction":[{"@type":"SearchAction","target":{"@type":"EntryPoint","urlTemplate":"https:\/\/richter.ceo\/coxs\/en\/?s={search_term_string}"},"query-input":{"@type":"PropertyValueSpecification","valueRequired":true,"valueName":"search_term_string"}}],"inLanguage":"en-GB"},{"@type":"Organization","@id":"https:\/\/richter.ceo\/coxs\/en\/#organization","name":"COXS CLUB","url":"https:\/\/richter.ceo\/coxs\/en\/","logo":{"@type":"ImageObject","inLanguage":"en-GB","@id":"https:\/\/richter.ceo\/coxs\/en\/#\/schema\/logo\/image\/","url":"http:\/\/richter.ceo\/coxs\/wp-content\/uploads\/sites\/4\/2025\/05\/FAVICON-dark.webp","contentUrl":"http:\/\/richter.ceo\/coxs\/wp-content\/uploads\/sites\/4\/2025\/05\/FAVICON-dark.webp","width":512,"height":512,"caption":"COXS CLUB"},"image":{"@id":"https:\/\/richter.ceo\/coxs\/en\/#\/schema\/logo\/image\/"},"sameAs":["https:\/\/www.facebook.com\/profile.php?id=100088204002615","https:\/\/www.instagram.com\/coxs_coxs\/"]}]}},"_links":{"self":[{"href":"https:\/\/richter.ceo\/coxs\/en\/wp-json\/wp\/v2\/product\/1114","targetHints":{"allow":["GET"]}}],"collection":[{"href":"https:\/\/richter.ceo\/coxs\/en\/wp-json\/wp\/v2\/product"}],"about":[{"href":"https:\/\/richter.ceo\/coxs\/en\/wp-json\/wp\/v2\/types\/product"}],"wp:featuredmedia":[{"embeddable":true,"href":"https:\/\/richter.ceo\/coxs\/en\/wp-json\/wp\/v2\/media\/1101"}],"wp:attachment":[{"href":"https:\/\/richter.ceo\/coxs\/en\/wp-json\/wp\/v2\/media?parent=1114"}],"wp:term":[{"taxonomy":"product_brand","embeddable":true,"href":"https:\/\/richter.ceo\/coxs\/en\/wp-json\/wp\/v2\/product_brand?post=1114"},{"taxonomy":"product_cat","embeddable":true,"href":"https:\/\/richter.ceo\/coxs\/en\/wp-json\/wp\/v2\/product_cat?post=1114"},{"taxonomy":"product_tag","embeddable":true,"href":"https:\/\/richter.ceo\/coxs\/en\/wp-json\/wp\/v2\/product_tag?post=1114"}],"curies":[{"name":"wp","href":"https:\/\/api.w.org\/{rel}","templated":true}]}}