{"id":1133,"date":"2025-05-13T18:18:43","date_gmt":"2025-05-13T16:18:43","guid":{"rendered":"https:\/\/richter.ceo\/coxs\/?post_type=product&#038;p=1133"},"modified":"2025-05-13T18:18:43","modified_gmt":"2025-05-13T16:18:43","slug":"arcane-flamboyance","status":"publish","type":"product","link":"https:\/\/richter.ceo\/coxs\/en\/product\/arcane-flamboyance\/","title":{"rendered":"Arcane Flamboyance"},"content":{"rendered":"<p>Arcane poch\u00e1z\u00ed z\u00a0ostrova Mauricius, le\u017e\u00edc\u00edho v\u00a0indick\u00e9m oce\u00e1nu nedaleko ostrov\u016f Reunion a\u00a0Madagaskar. Rumy Arcane se vyr\u00e1b\u00ed z\u00a0\u010derstv\u011b lisovan\u00e9 \u0161\u0165\u00e1vy cukrov\u00e9 t\u0159tiny a\u00a0zachycuj\u00ed jej\u00ed pln\u00e9 a\u00a0pronikav\u00e9 aroma. Jde o\u00a0origin\u00e1ln\u00ed rumy s\u00a0typick\u00fdmi ko\u0159en\u011bn\u00fdmi, pikantn\u00edmi t\u00f3ny, kter\u00e9 zd\u016fraz\u0148uj\u00ed v\u0161echny nuance cukrov\u00e9 t\u0159tiny, od t\u011bch nejjemn\u011bj\u0161\u00edch a\u017e po ty nejaromati\u010dt\u011bj\u0161\u00ed.<\/p>\n<p>&nbsp;<\/p>\n<p>Limitovan\u00e1 edice Flamboyance pro\u0161la v\u00fdjime\u010dn\u00fdm procesem pomal\u00e9ho zr\u00e1n\u00ed v\u00a0sudech z\u00a0t\u0159e\u0161\u0148ov\u00e9ho d\u0159eva. Tyto sudy obohatily ji\u017e tak komplexn\u00ed rum Arcane o\u00a0p\u0159ekvapiv\u00e9, elegantn\u00ed, ovocn\u00e9 chut\u011b. Jde o\u00a0edici single cask, tj. rumy nebyly p\u0159ed lahvov\u00e1n\u00edm blendov\u00e1ny a\u00a0obsah se tak m\u016f\u017ee m\u00edrn\u011b li\u0161it sud od sudu. Vyrobeno bylo jen 17 sud\u016f, tedy p\u0159ibli\u017en\u011b 6 900 lahv\u00ed. Na lahvi je uvedeno \u010d\u00edslo sudu, ze kter\u00e9ho rum poch\u00e1z\u00ed, i\u00a0\u010d\u00edslo lahve z\u00a0dan\u00e9ho sudu.<\/p>\n<p>&nbsp;<\/p>\n<div class=\"elementor-column elementor-col-50 elementor-inner-column elementor-element elementor-element-df5ea97\" data-id=\"df5ea97\" data-element_type=\"column\">\n<div class=\"elementor-widget-wrap elementor-element-populated\">\n<div class=\"elementor-element elementor-element-5f45f876 elementor-widget elementor-widget-woocommerce-product-short-description\" data-id=\"5f45f876\" data-element_type=\"widget\" data-widget_type=\"woocommerce-product-short-description.default\">\n<div class=\"elementor-widget-container\">\n<div class=\"woocommerce-product-details__short-description\">\n<p>Rum m\u00e1 tmav\u011b jantarovou barvu se zlat\u00fdmi a m\u011bd\u011bn\u00fdmi odlesky. V aroma se projevuje orient\u00e1ln\u00ed ko\u0159en\u00ed, sladk\u00e9 pomeran\u010de, jemn\u00e9 pe\u010divo a med. Na pat\u0159e je velmi jemn\u00fd, komplexn\u00ed, vyv\u00e1\u017een\u00fd a mimo\u0159\u00e1dn\u011b aromatick\u00fd s t\u00f3ny zral\u00fdch divok\u00fdch t\u0159e\u0161n\u00ed, vz\u00e1cn\u00e9ho ko\u0159en\u00ed a star\u00e9ho portsk\u00e9ho v\u00edna.<\/p>\n<\/div>\n<\/div>\n<\/div>\n<\/div>\n<\/div>","protected":false},"excerpt":{"rendered":"<p>Arcane poch\u00e1z\u00ed z\u00a0ostrova Mauricius, le\u017e\u00edc\u00edho v\u00a0indick\u00e9m oce\u00e1nu nedaleko ostrov\u016f Reunion a\u00a0Madagaskar. Rumy Arcane se vyr\u00e1b\u00ed z\u00a0\u010derstv\u011b lisovan\u00e9 \u0161\u0165\u00e1vy cukrov\u00e9 t\u0159tiny a\u00a0zachycuj\u00ed jej\u00ed pln\u00e9 a\u00a0pronikav\u00e9 aroma. Jde o\u00a0origin\u00e1ln\u00ed rumy s\u00a0typick\u00fdmi ko\u0159en\u011bn\u00fdmi, pikantn\u00edmi t\u00f3ny, kter\u00e9 zd\u016fraz\u0148uj\u00ed v\u0161echny nuance cukrov\u00e9 t\u0159tiny, od t\u011bch nejjemn\u011bj\u0161\u00edch a\u017e po ty nejaromati\u010dt\u011bj\u0161\u00ed. &nbsp; Limitovan\u00e1 edice Flamboyance pro\u0161la v\u00fdjime\u010dn\u00fdm procesem pomal\u00e9ho zr\u00e1n\u00ed v\u00a0sudech [&hellip;]<\/p>\n","protected":false},"featured_media":1064,"template":"","meta":{"_acf_changed":false},"product_brand":[140],"product_cat":[117],"product_tag":[],"class_list":{"0":"post-1133","1":"product","2":"type-product","3":"status-publish","4":"has-post-thumbnail","6":"product_brand-arcane","7":"product_cat-rum","8":"pa_cena-za-004-l","9":"pa_obsah-alkoholu-21","10":"pa_zeme-mauricius","12":"first","13":"instock","14":"shipping-taxable","15":"purchasable","16":"product-type-simple"},"acf":[],"yoast_head":"<!-- This site is optimized with the Yoast SEO plugin v27.5 - https:\/\/yoast.com\/product\/yoast-seo-wordpress\/ -->\n<title>Arcane Flamboyance<\/title>\n<meta name=\"description\" content=\"Arcane poch\u00e1z\u00ed z\u00a0ostrova Mauricius, le\u017e\u00edc\u00edho v\u00a0indick\u00e9m oce\u00e1nu nedaleko ostrov\u016f Reunion a\u00a0Madagaskar. Rumy Arcane se vyr\u00e1b\u00ed z\u00a0\u010derstv\u011b lisovan\u00e9 \u0161\u0165\u00e1vy\" \/>\n<meta name=\"robots\" content=\"index, follow, max-snippet:-1, max-image-preview:large, max-video-preview:-1\" \/>\n<link rel=\"canonical\" href=\"https:\/\/richter.ceo\/coxs\/en\/product\/arcane-flamboyance\/\" \/>\n<meta property=\"og:locale\" content=\"en_GB\" \/>\n<meta property=\"og:type\" content=\"article\" \/>\n<meta property=\"og:title\" content=\"Arcane Flamboyance\" \/>\n<meta property=\"og:description\" content=\"Arcane poch\u00e1z\u00ed z\u00a0ostrova Mauricius, le\u017e\u00edc\u00edho v\u00a0indick\u00e9m oce\u00e1nu nedaleko ostrov\u016f Reunion a\u00a0Madagaskar. Rumy Arcane se vyr\u00e1b\u00ed z\u00a0\u010derstv\u011b lisovan\u00e9 \u0161\u0165\u00e1vy\" \/>\n<meta property=\"og:url\" content=\"https:\/\/richter.ceo\/coxs\/en\/product\/arcane-flamboyance\/\" \/>\n<meta property=\"og:site_name\" content=\"COXS CLUB\" \/>\n<meta property=\"article:publisher\" content=\"https:\/\/www.facebook.com\/profile.php?id=100088204002615\" \/>\n<meta property=\"og:image\" content=\"https:\/\/richter.ceo\/coxs\/wp-content\/uploads\/sites\/4\/2025\/05\/2651_arcane_flamboyance_cherry-finish_2021-864x1024-1.jpg\" \/>\n\t<meta property=\"og:image:width\" content=\"864\" \/>\n\t<meta property=\"og:image:height\" content=\"1024\" \/>\n\t<meta property=\"og:image:type\" content=\"image\/jpeg\" \/>\n<meta name=\"twitter:card\" content=\"summary_large_image\" \/>\n<meta name=\"twitter:label1\" content=\"Estimated reading time\" \/>\n\t<meta name=\"twitter:data1\" content=\"1 minute\" \/>\n<script type=\"application\/ld+json\" class=\"yoast-schema-graph\">{\"@context\":\"https:\\\/\\\/schema.org\",\"@graph\":[{\"@type\":\"WebPage\",\"@id\":\"https:\\\/\\\/richter.ceo\\\/coxs\\\/produkt\\\/arcane-flamboyance\\\/\",\"url\":\"https:\\\/\\\/richter.ceo\\\/coxs\\\/produkt\\\/arcane-flamboyance\\\/\",\"name\":\"Arcane Flamboyance\",\"isPartOf\":{\"@id\":\"https:\\\/\\\/richter.ceo\\\/coxs\\\/en\\\/#website\"},\"primaryImageOfPage\":{\"@id\":\"https:\\\/\\\/richter.ceo\\\/coxs\\\/produkt\\\/arcane-flamboyance\\\/#primaryimage\"},\"image\":{\"@id\":\"https:\\\/\\\/richter.ceo\\\/coxs\\\/produkt\\\/arcane-flamboyance\\\/#primaryimage\"},\"thumbnailUrl\":\"https:\\\/\\\/richter.ceo\\\/coxs\\\/wp-content\\\/uploads\\\/sites\\\/4\\\/2025\\\/05\\\/2651_arcane_flamboyance_cherry-finish_2021-864x1024-1.jpg\",\"datePublished\":\"2025-05-13T16:18:43+00:00\",\"description\":\"Arcane poch\u00e1z\u00ed z\u00a0ostrova Mauricius, le\u017e\u00edc\u00edho v\u00a0indick\u00e9m oce\u00e1nu nedaleko ostrov\u016f Reunion a\u00a0Madagaskar. Rumy Arcane se vyr\u00e1b\u00ed z\u00a0\u010derstv\u011b lisovan\u00e9 \u0161\u0165\u00e1vy\",\"breadcrumb\":{\"@id\":\"https:\\\/\\\/richter.ceo\\\/coxs\\\/produkt\\\/arcane-flamboyance\\\/#breadcrumb\"},\"inLanguage\":\"en-GB\",\"potentialAction\":[{\"@type\":\"ReadAction\",\"target\":[\"https:\\\/\\\/richter.ceo\\\/coxs\\\/produkt\\\/arcane-flamboyance\\\/\"]}]},{\"@type\":\"ImageObject\",\"inLanguage\":\"en-GB\",\"@id\":\"https:\\\/\\\/richter.ceo\\\/coxs\\\/produkt\\\/arcane-flamboyance\\\/#primaryimage\",\"url\":\"https:\\\/\\\/richter.ceo\\\/coxs\\\/wp-content\\\/uploads\\\/sites\\\/4\\\/2025\\\/05\\\/2651_arcane_flamboyance_cherry-finish_2021-864x1024-1.jpg\",\"contentUrl\":\"https:\\\/\\\/richter.ceo\\\/coxs\\\/wp-content\\\/uploads\\\/sites\\\/4\\\/2025\\\/05\\\/2651_arcane_flamboyance_cherry-finish_2021-864x1024-1.jpg\",\"width\":864,\"height\":1024,\"caption\":\"COXS CLUB\"},{\"@type\":\"BreadcrumbList\",\"@id\":\"https:\\\/\\\/richter.ceo\\\/coxs\\\/produkt\\\/arcane-flamboyance\\\/#breadcrumb\",\"itemListElement\":[{\"@type\":\"ListItem\",\"position\":1,\"name\":\"Dom\u016f\",\"item\":\"https:\\\/\\\/richter.ceo\\\/coxs\\\/\"},{\"@type\":\"ListItem\",\"position\":2,\"name\":\"N\u00c1POJE\",\"item\":\"https:\\\/\\\/richter.ceo\\\/coxs\\\/en\\\/napoje\\\/\"},{\"@type\":\"ListItem\",\"position\":3,\"name\":\"Arcane Flamboyance\"}]},{\"@type\":\"WebSite\",\"@id\":\"https:\\\/\\\/richter.ceo\\\/coxs\\\/en\\\/#website\",\"url\":\"https:\\\/\\\/richter.ceo\\\/coxs\\\/en\\\/\",\"name\":\"COXS CLUB\",\"description\":\"Beton a Rum\",\"publisher\":{\"@id\":\"https:\\\/\\\/richter.ceo\\\/coxs\\\/en\\\/#organization\"},\"potentialAction\":[{\"@type\":\"SearchAction\",\"target\":{\"@type\":\"EntryPoint\",\"urlTemplate\":\"https:\\\/\\\/richter.ceo\\\/coxs\\\/en\\\/?s={search_term_string}\"},\"query-input\":{\"@type\":\"PropertyValueSpecification\",\"valueRequired\":true,\"valueName\":\"search_term_string\"}}],\"inLanguage\":\"en-GB\"},{\"@type\":\"Organization\",\"@id\":\"https:\\\/\\\/richter.ceo\\\/coxs\\\/en\\\/#organization\",\"name\":\"COXS CLUB\",\"url\":\"https:\\\/\\\/richter.ceo\\\/coxs\\\/en\\\/\",\"logo\":{\"@type\":\"ImageObject\",\"inLanguage\":\"en-GB\",\"@id\":\"https:\\\/\\\/richter.ceo\\\/coxs\\\/en\\\/#\\\/schema\\\/logo\\\/image\\\/\",\"url\":\"http:\\\/\\\/richter.ceo\\\/coxs\\\/wp-content\\\/uploads\\\/sites\\\/4\\\/2025\\\/05\\\/FAVICON-dark.webp\",\"contentUrl\":\"http:\\\/\\\/richter.ceo\\\/coxs\\\/wp-content\\\/uploads\\\/sites\\\/4\\\/2025\\\/05\\\/FAVICON-dark.webp\",\"width\":512,\"height\":512,\"caption\":\"COXS CLUB\"},\"image\":{\"@id\":\"https:\\\/\\\/richter.ceo\\\/coxs\\\/en\\\/#\\\/schema\\\/logo\\\/image\\\/\"},\"sameAs\":[\"https:\\\/\\\/www.facebook.com\\\/profile.php?id=100088204002615\",\"https:\\\/\\\/www.instagram.com\\\/coxs_coxs\\\/\"]}]}<\/script>\n<!-- \/ Yoast SEO plugin. -->","yoast_head_json":{"title":"Arcane Flamboyance","description":"Arcane poch\u00e1z\u00ed z\u00a0ostrova Mauricius, le\u017e\u00edc\u00edho v\u00a0indick\u00e9m oce\u00e1nu nedaleko ostrov\u016f Reunion a\u00a0Madagaskar. Rumy Arcane se vyr\u00e1b\u00ed z\u00a0\u010derstv\u011b lisovan\u00e9 \u0161\u0165\u00e1vy","robots":{"index":"index","follow":"follow","max-snippet":"max-snippet:-1","max-image-preview":"max-image-preview:large","max-video-preview":"max-video-preview:-1"},"canonical":"https:\/\/richter.ceo\/coxs\/en\/product\/arcane-flamboyance\/","og_locale":"en_GB","og_type":"article","og_title":"Arcane Flamboyance","og_description":"Arcane poch\u00e1z\u00ed z\u00a0ostrova Mauricius, le\u017e\u00edc\u00edho v\u00a0indick\u00e9m oce\u00e1nu nedaleko ostrov\u016f Reunion a\u00a0Madagaskar. Rumy Arcane se vyr\u00e1b\u00ed z\u00a0\u010derstv\u011b lisovan\u00e9 \u0161\u0165\u00e1vy","og_url":"https:\/\/richter.ceo\/coxs\/en\/product\/arcane-flamboyance\/","og_site_name":"COXS CLUB","article_publisher":"https:\/\/www.facebook.com\/profile.php?id=100088204002615","og_image":[{"width":864,"height":1024,"url":"https:\/\/richter.ceo\/coxs\/wp-content\/uploads\/sites\/4\/2025\/05\/2651_arcane_flamboyance_cherry-finish_2021-864x1024-1.jpg","type":"image\/jpeg"}],"twitter_card":"summary_large_image","twitter_misc":{"Estimated reading time":"1 minute"},"schema":{"@context":"https:\/\/schema.org","@graph":[{"@type":"WebPage","@id":"https:\/\/richter.ceo\/coxs\/produkt\/arcane-flamboyance\/","url":"https:\/\/richter.ceo\/coxs\/produkt\/arcane-flamboyance\/","name":"Arcane Flamboyance","isPartOf":{"@id":"https:\/\/richter.ceo\/coxs\/en\/#website"},"primaryImageOfPage":{"@id":"https:\/\/richter.ceo\/coxs\/produkt\/arcane-flamboyance\/#primaryimage"},"image":{"@id":"https:\/\/richter.ceo\/coxs\/produkt\/arcane-flamboyance\/#primaryimage"},"thumbnailUrl":"https:\/\/richter.ceo\/coxs\/wp-content\/uploads\/sites\/4\/2025\/05\/2651_arcane_flamboyance_cherry-finish_2021-864x1024-1.jpg","datePublished":"2025-05-13T16:18:43+00:00","description":"Arcane poch\u00e1z\u00ed z\u00a0ostrova Mauricius, le\u017e\u00edc\u00edho v\u00a0indick\u00e9m oce\u00e1nu nedaleko ostrov\u016f Reunion a\u00a0Madagaskar. Rumy Arcane se vyr\u00e1b\u00ed z\u00a0\u010derstv\u011b lisovan\u00e9 \u0161\u0165\u00e1vy","breadcrumb":{"@id":"https:\/\/richter.ceo\/coxs\/produkt\/arcane-flamboyance\/#breadcrumb"},"inLanguage":"en-GB","potentialAction":[{"@type":"ReadAction","target":["https:\/\/richter.ceo\/coxs\/produkt\/arcane-flamboyance\/"]}]},{"@type":"ImageObject","inLanguage":"en-GB","@id":"https:\/\/richter.ceo\/coxs\/produkt\/arcane-flamboyance\/#primaryimage","url":"https:\/\/richter.ceo\/coxs\/wp-content\/uploads\/sites\/4\/2025\/05\/2651_arcane_flamboyance_cherry-finish_2021-864x1024-1.jpg","contentUrl":"https:\/\/richter.ceo\/coxs\/wp-content\/uploads\/sites\/4\/2025\/05\/2651_arcane_flamboyance_cherry-finish_2021-864x1024-1.jpg","width":864,"height":1024,"caption":"COXS CLUB"},{"@type":"BreadcrumbList","@id":"https:\/\/richter.ceo\/coxs\/produkt\/arcane-flamboyance\/#breadcrumb","itemListElement":[{"@type":"ListItem","position":1,"name":"Dom\u016f","item":"https:\/\/richter.ceo\/coxs\/"},{"@type":"ListItem","position":2,"name":"N\u00c1POJE","item":"https:\/\/richter.ceo\/coxs\/en\/napoje\/"},{"@type":"ListItem","position":3,"name":"Arcane Flamboyance"}]},{"@type":"WebSite","@id":"https:\/\/richter.ceo\/coxs\/en\/#website","url":"https:\/\/richter.ceo\/coxs\/en\/","name":"COXS CLUB","description":"Beton a Rum","publisher":{"@id":"https:\/\/richter.ceo\/coxs\/en\/#organization"},"potentialAction":[{"@type":"SearchAction","target":{"@type":"EntryPoint","urlTemplate":"https:\/\/richter.ceo\/coxs\/en\/?s={search_term_string}"},"query-input":{"@type":"PropertyValueSpecification","valueRequired":true,"valueName":"search_term_string"}}],"inLanguage":"en-GB"},{"@type":"Organization","@id":"https:\/\/richter.ceo\/coxs\/en\/#organization","name":"COXS CLUB","url":"https:\/\/richter.ceo\/coxs\/en\/","logo":{"@type":"ImageObject","inLanguage":"en-GB","@id":"https:\/\/richter.ceo\/coxs\/en\/#\/schema\/logo\/image\/","url":"http:\/\/richter.ceo\/coxs\/wp-content\/uploads\/sites\/4\/2025\/05\/FAVICON-dark.webp","contentUrl":"http:\/\/richter.ceo\/coxs\/wp-content\/uploads\/sites\/4\/2025\/05\/FAVICON-dark.webp","width":512,"height":512,"caption":"COXS CLUB"},"image":{"@id":"https:\/\/richter.ceo\/coxs\/en\/#\/schema\/logo\/image\/"},"sameAs":["https:\/\/www.facebook.com\/profile.php?id=100088204002615","https:\/\/www.instagram.com\/coxs_coxs\/"]}]}},"_links":{"self":[{"href":"https:\/\/richter.ceo\/coxs\/en\/wp-json\/wp\/v2\/product\/1133","targetHints":{"allow":["GET"]}}],"collection":[{"href":"https:\/\/richter.ceo\/coxs\/en\/wp-json\/wp\/v2\/product"}],"about":[{"href":"https:\/\/richter.ceo\/coxs\/en\/wp-json\/wp\/v2\/types\/product"}],"wp:featuredmedia":[{"embeddable":true,"href":"https:\/\/richter.ceo\/coxs\/en\/wp-json\/wp\/v2\/media\/1064"}],"wp:attachment":[{"href":"https:\/\/richter.ceo\/coxs\/en\/wp-json\/wp\/v2\/media?parent=1133"}],"wp:term":[{"taxonomy":"product_brand","embeddable":true,"href":"https:\/\/richter.ceo\/coxs\/en\/wp-json\/wp\/v2\/product_brand?post=1133"},{"taxonomy":"product_cat","embeddable":true,"href":"https:\/\/richter.ceo\/coxs\/en\/wp-json\/wp\/v2\/product_cat?post=1133"},{"taxonomy":"product_tag","embeddable":true,"href":"https:\/\/richter.ceo\/coxs\/en\/wp-json\/wp\/v2\/product_tag?post=1133"}],"curies":[{"name":"wp","href":"https:\/\/api.w.org\/{rel}","templated":true}]}}