{"id":1141,"date":"2025-05-13T19:16:13","date_gmt":"2025-05-13T17:16:13","guid":{"rendered":"https:\/\/richter.ceo\/coxs\/?post_type=product&#038;p=1141"},"modified":"2025-05-13T19:16:13","modified_gmt":"2025-05-13T17:16:13","slug":"gold-of-mauritius-solera-5","status":"publish","type":"product","link":"https:\/\/richter.ceo\/coxs\/en\/product\/gold-of-mauritius-solera-5\/","title":{"rendered":"Gold of Mauritius Solera 5"},"content":{"rendered":"<p>Za zna\u010dkou Gold of Mauritius stoj\u00ed Frederic Bestel, jeho\u017e rodina se na Mauriciu usadila kolem roku 1800. Bestel vyb\u00edr\u00e1 a kupuje kvalitn\u00ed sta\u0159en\u00e9 rumy od n\u011bkolika m\u00edstn\u00edch v\u00fdrobc\u016f, kter\u00e9 n\u00e1sledn\u011b m\u00edch\u00e1 a ukl\u00e1d\u00e1 do sud\u016f k dal\u0161\u00edmu zr\u00e1n\u00ed. Vytv\u00e1\u0159\u00ed tak destil\u00e1t, kter\u00fd odr\u00e1\u017e\u00ed mnoho tv\u00e1\u0159\u00ed ostrova a jeho bohatou kulturn\u00ed historii, ve kter\u00e9 se prol\u00edn\u00e1 vliv evropsk\u00fdch, africk\u00fdch i asijsk\u00fdch kultur.<\/p>\n<p>&nbsp;<\/p>\n<div class=\"elementor-column elementor-col-50 elementor-inner-column elementor-element elementor-element-df5ea97\" data-id=\"df5ea97\" data-element_type=\"column\">\n<div class=\"elementor-widget-wrap elementor-element-populated\">\n<div class=\"elementor-element elementor-element-5f45f876 elementor-widget elementor-widget-woocommerce-product-short-description\" data-id=\"5f45f876\" data-element_type=\"widget\" data-widget_type=\"woocommerce-product-short-description.default\">\n<div class=\"elementor-widget-container\">\n<div class=\"woocommerce-product-details__short-description\">\n<p>Gold of Mauritius Solera 5 je blend rum\u016f od n\u011bkolika v\u00fdrobc\u016f, kter\u00fd d\u00e1le zr\u00e1l v sudech po jihoafrick\u00e9m portsk\u00e9m v\u00edn\u011b, nov\u00fdch sudech z americk\u00e9ho dubu a sudech po bourbonu. M\u00e1 vyzr\u00e1l\u00fd d\u0159evit\u00fd charakter s t\u00f3ny o\u0159ech\u016f, \u010dokol\u00e1dy a sladu.<\/p>\n<\/div>\n<\/div>\n<\/div>\n<\/div>\n<\/div>","protected":false},"excerpt":{"rendered":"<p>Za zna\u010dkou Gold of Mauritius stoj\u00ed Frederic Bestel, jeho\u017e rodina se na Mauriciu usadila kolem roku 1800. Bestel vyb\u00edr\u00e1 a kupuje kvalitn\u00ed sta\u0159en\u00e9 rumy od n\u011bkolika m\u00edstn\u00edch v\u00fdrobc\u016f, kter\u00e9 n\u00e1sledn\u011b m\u00edch\u00e1 a ukl\u00e1d\u00e1 do sud\u016f k dal\u0161\u00edmu zr\u00e1n\u00ed. Vytv\u00e1\u0159\u00ed tak destil\u00e1t, kter\u00fd odr\u00e1\u017e\u00ed mnoho tv\u00e1\u0159\u00ed ostrova a jeho bohatou kulturn\u00ed historii, ve kter\u00e9 se prol\u00edn\u00e1 [&hellip;]<\/p>\n","protected":false},"featured_media":1063,"template":"","meta":{"_acf_changed":false},"product_brand":[143],"product_cat":[117],"product_tag":[],"class_list":{"0":"post-1141","1":"product","2":"type-product","3":"status-publish","4":"has-post-thumbnail","6":"product_brand-gold-of-mauritius","7":"product_cat-rum","8":"pa_cena-za-004-l","9":"pa_obsah-alkoholu-21","10":"pa_zeme-mauricius","12":"first","13":"instock","14":"shipping-taxable","15":"purchasable","16":"product-type-simple"},"acf":[],"yoast_head":"<!-- This site is optimized with the Yoast SEO plugin v27.5 - https:\/\/yoast.com\/product\/yoast-seo-wordpress\/ -->\n<title>Gold of Mauritius Solera 5<\/title>\n<meta name=\"description\" content=\"Za zna\u010dkou Gold of Mauritius stoj\u00ed Frederic Bestel, jeho\u017e rodina se na Mauriciu usadila kolem roku 1800. Bestel vyb\u00edr\u00e1 a kupuje kvalitn\u00ed sta\u0159en\u00e9 rumy od\" \/>\n<meta name=\"robots\" content=\"index, follow, max-snippet:-1, max-image-preview:large, max-video-preview:-1\" \/>\n<link rel=\"canonical\" href=\"https:\/\/richter.ceo\/coxs\/en\/product\/gold-of-mauritius-solera-5\/\" \/>\n<meta property=\"og:locale\" content=\"en_GB\" \/>\n<meta property=\"og:type\" content=\"article\" \/>\n<meta property=\"og:title\" content=\"Gold of Mauritius Solera 5\" \/>\n<meta property=\"og:description\" content=\"Za zna\u010dkou Gold of Mauritius stoj\u00ed Frederic Bestel, jeho\u017e rodina se na Mauriciu usadila kolem roku 1800. Bestel vyb\u00edr\u00e1 a kupuje kvalitn\u00ed sta\u0159en\u00e9 rumy od\" \/>\n<meta property=\"og:url\" content=\"https:\/\/richter.ceo\/coxs\/en\/product\/gold-of-mauritius-solera-5\/\" \/>\n<meta property=\"og:site_name\" content=\"COXS CLUB\" \/>\n<meta property=\"article:publisher\" content=\"https:\/\/www.facebook.com\/profile.php?id=100088204002615\" \/>\n<meta property=\"og:image\" content=\"https:\/\/richter.ceo\/coxs\/wp-content\/uploads\/sites\/4\/2025\/05\/2533_gold_of_mauritius_solera_5-864x1024-1.jpg\" \/>\n\t<meta property=\"og:image:width\" content=\"864\" \/>\n\t<meta property=\"og:image:height\" content=\"1024\" \/>\n\t<meta property=\"og:image:type\" content=\"image\/jpeg\" \/>\n<meta name=\"twitter:card\" content=\"summary_large_image\" \/>\n<meta name=\"twitter:label1\" content=\"Estimated reading time\" \/>\n\t<meta name=\"twitter:data1\" content=\"1 minute\" \/>\n<script type=\"application\/ld+json\" class=\"yoast-schema-graph\">{\"@context\":\"https:\\\/\\\/schema.org\",\"@graph\":[{\"@type\":\"WebPage\",\"@id\":\"https:\\\/\\\/richter.ceo\\\/coxs\\\/produkt\\\/gold-of-mauritius-solera-5\\\/\",\"url\":\"https:\\\/\\\/richter.ceo\\\/coxs\\\/produkt\\\/gold-of-mauritius-solera-5\\\/\",\"name\":\"Gold of Mauritius Solera 5\",\"isPartOf\":{\"@id\":\"https:\\\/\\\/richter.ceo\\\/coxs\\\/en\\\/#website\"},\"primaryImageOfPage\":{\"@id\":\"https:\\\/\\\/richter.ceo\\\/coxs\\\/produkt\\\/gold-of-mauritius-solera-5\\\/#primaryimage\"},\"image\":{\"@id\":\"https:\\\/\\\/richter.ceo\\\/coxs\\\/produkt\\\/gold-of-mauritius-solera-5\\\/#primaryimage\"},\"thumbnailUrl\":\"https:\\\/\\\/richter.ceo\\\/coxs\\\/wp-content\\\/uploads\\\/sites\\\/4\\\/2025\\\/05\\\/2533_gold_of_mauritius_solera_5-864x1024-1.jpg\",\"datePublished\":\"2025-05-13T17:16:13+00:00\",\"description\":\"Za zna\u010dkou Gold of Mauritius stoj\u00ed Frederic Bestel, jeho\u017e rodina se na Mauriciu usadila kolem roku 1800. Bestel vyb\u00edr\u00e1 a kupuje kvalitn\u00ed sta\u0159en\u00e9 rumy od\",\"breadcrumb\":{\"@id\":\"https:\\\/\\\/richter.ceo\\\/coxs\\\/produkt\\\/gold-of-mauritius-solera-5\\\/#breadcrumb\"},\"inLanguage\":\"en-GB\",\"potentialAction\":[{\"@type\":\"ReadAction\",\"target\":[\"https:\\\/\\\/richter.ceo\\\/coxs\\\/produkt\\\/gold-of-mauritius-solera-5\\\/\"]}]},{\"@type\":\"ImageObject\",\"inLanguage\":\"en-GB\",\"@id\":\"https:\\\/\\\/richter.ceo\\\/coxs\\\/produkt\\\/gold-of-mauritius-solera-5\\\/#primaryimage\",\"url\":\"https:\\\/\\\/richter.ceo\\\/coxs\\\/wp-content\\\/uploads\\\/sites\\\/4\\\/2025\\\/05\\\/2533_gold_of_mauritius_solera_5-864x1024-1.jpg\",\"contentUrl\":\"https:\\\/\\\/richter.ceo\\\/coxs\\\/wp-content\\\/uploads\\\/sites\\\/4\\\/2025\\\/05\\\/2533_gold_of_mauritius_solera_5-864x1024-1.jpg\",\"width\":864,\"height\":1024,\"caption\":\"COXS CLUB\"},{\"@type\":\"BreadcrumbList\",\"@id\":\"https:\\\/\\\/richter.ceo\\\/coxs\\\/produkt\\\/gold-of-mauritius-solera-5\\\/#breadcrumb\",\"itemListElement\":[{\"@type\":\"ListItem\",\"position\":1,\"name\":\"Dom\u016f\",\"item\":\"https:\\\/\\\/richter.ceo\\\/coxs\\\/\"},{\"@type\":\"ListItem\",\"position\":2,\"name\":\"N\u00c1POJE\",\"item\":\"https:\\\/\\\/richter.ceo\\\/coxs\\\/en\\\/napoje\\\/\"},{\"@type\":\"ListItem\",\"position\":3,\"name\":\"Gold of Mauritius Solera 5\"}]},{\"@type\":\"WebSite\",\"@id\":\"https:\\\/\\\/richter.ceo\\\/coxs\\\/en\\\/#website\",\"url\":\"https:\\\/\\\/richter.ceo\\\/coxs\\\/en\\\/\",\"name\":\"COXS CLUB\",\"description\":\"Beton a Rum\",\"publisher\":{\"@id\":\"https:\\\/\\\/richter.ceo\\\/coxs\\\/en\\\/#organization\"},\"potentialAction\":[{\"@type\":\"SearchAction\",\"target\":{\"@type\":\"EntryPoint\",\"urlTemplate\":\"https:\\\/\\\/richter.ceo\\\/coxs\\\/en\\\/?s={search_term_string}\"},\"query-input\":{\"@type\":\"PropertyValueSpecification\",\"valueRequired\":true,\"valueName\":\"search_term_string\"}}],\"inLanguage\":\"en-GB\"},{\"@type\":\"Organization\",\"@id\":\"https:\\\/\\\/richter.ceo\\\/coxs\\\/en\\\/#organization\",\"name\":\"COXS CLUB\",\"url\":\"https:\\\/\\\/richter.ceo\\\/coxs\\\/en\\\/\",\"logo\":{\"@type\":\"ImageObject\",\"inLanguage\":\"en-GB\",\"@id\":\"https:\\\/\\\/richter.ceo\\\/coxs\\\/en\\\/#\\\/schema\\\/logo\\\/image\\\/\",\"url\":\"http:\\\/\\\/richter.ceo\\\/coxs\\\/wp-content\\\/uploads\\\/sites\\\/4\\\/2025\\\/05\\\/FAVICON-dark.webp\",\"contentUrl\":\"http:\\\/\\\/richter.ceo\\\/coxs\\\/wp-content\\\/uploads\\\/sites\\\/4\\\/2025\\\/05\\\/FAVICON-dark.webp\",\"width\":512,\"height\":512,\"caption\":\"COXS CLUB\"},\"image\":{\"@id\":\"https:\\\/\\\/richter.ceo\\\/coxs\\\/en\\\/#\\\/schema\\\/logo\\\/image\\\/\"},\"sameAs\":[\"https:\\\/\\\/www.facebook.com\\\/profile.php?id=100088204002615\",\"https:\\\/\\\/www.instagram.com\\\/coxs_coxs\\\/\"]}]}<\/script>\n<!-- \/ Yoast SEO plugin. -->","yoast_head_json":{"title":"Gold of Mauritius Solera 5","description":"Za zna\u010dkou Gold of Mauritius stoj\u00ed Frederic Bestel, jeho\u017e rodina se na Mauriciu usadila kolem roku 1800. Bestel vyb\u00edr\u00e1 a kupuje kvalitn\u00ed sta\u0159en\u00e9 rumy od","robots":{"index":"index","follow":"follow","max-snippet":"max-snippet:-1","max-image-preview":"max-image-preview:large","max-video-preview":"max-video-preview:-1"},"canonical":"https:\/\/richter.ceo\/coxs\/en\/product\/gold-of-mauritius-solera-5\/","og_locale":"en_GB","og_type":"article","og_title":"Gold of Mauritius Solera 5","og_description":"Za zna\u010dkou Gold of Mauritius stoj\u00ed Frederic Bestel, jeho\u017e rodina se na Mauriciu usadila kolem roku 1800. Bestel vyb\u00edr\u00e1 a kupuje kvalitn\u00ed sta\u0159en\u00e9 rumy od","og_url":"https:\/\/richter.ceo\/coxs\/en\/product\/gold-of-mauritius-solera-5\/","og_site_name":"COXS CLUB","article_publisher":"https:\/\/www.facebook.com\/profile.php?id=100088204002615","og_image":[{"width":864,"height":1024,"url":"https:\/\/richter.ceo\/coxs\/wp-content\/uploads\/sites\/4\/2025\/05\/2533_gold_of_mauritius_solera_5-864x1024-1.jpg","type":"image\/jpeg"}],"twitter_card":"summary_large_image","twitter_misc":{"Estimated reading time":"1 minute"},"schema":{"@context":"https:\/\/schema.org","@graph":[{"@type":"WebPage","@id":"https:\/\/richter.ceo\/coxs\/produkt\/gold-of-mauritius-solera-5\/","url":"https:\/\/richter.ceo\/coxs\/produkt\/gold-of-mauritius-solera-5\/","name":"Gold of Mauritius Solera 5","isPartOf":{"@id":"https:\/\/richter.ceo\/coxs\/en\/#website"},"primaryImageOfPage":{"@id":"https:\/\/richter.ceo\/coxs\/produkt\/gold-of-mauritius-solera-5\/#primaryimage"},"image":{"@id":"https:\/\/richter.ceo\/coxs\/produkt\/gold-of-mauritius-solera-5\/#primaryimage"},"thumbnailUrl":"https:\/\/richter.ceo\/coxs\/wp-content\/uploads\/sites\/4\/2025\/05\/2533_gold_of_mauritius_solera_5-864x1024-1.jpg","datePublished":"2025-05-13T17:16:13+00:00","description":"Za zna\u010dkou Gold of Mauritius stoj\u00ed Frederic Bestel, jeho\u017e rodina se na Mauriciu usadila kolem roku 1800. Bestel vyb\u00edr\u00e1 a kupuje kvalitn\u00ed sta\u0159en\u00e9 rumy od","breadcrumb":{"@id":"https:\/\/richter.ceo\/coxs\/produkt\/gold-of-mauritius-solera-5\/#breadcrumb"},"inLanguage":"en-GB","potentialAction":[{"@type":"ReadAction","target":["https:\/\/richter.ceo\/coxs\/produkt\/gold-of-mauritius-solera-5\/"]}]},{"@type":"ImageObject","inLanguage":"en-GB","@id":"https:\/\/richter.ceo\/coxs\/produkt\/gold-of-mauritius-solera-5\/#primaryimage","url":"https:\/\/richter.ceo\/coxs\/wp-content\/uploads\/sites\/4\/2025\/05\/2533_gold_of_mauritius_solera_5-864x1024-1.jpg","contentUrl":"https:\/\/richter.ceo\/coxs\/wp-content\/uploads\/sites\/4\/2025\/05\/2533_gold_of_mauritius_solera_5-864x1024-1.jpg","width":864,"height":1024,"caption":"COXS CLUB"},{"@type":"BreadcrumbList","@id":"https:\/\/richter.ceo\/coxs\/produkt\/gold-of-mauritius-solera-5\/#breadcrumb","itemListElement":[{"@type":"ListItem","position":1,"name":"Dom\u016f","item":"https:\/\/richter.ceo\/coxs\/"},{"@type":"ListItem","position":2,"name":"N\u00c1POJE","item":"https:\/\/richter.ceo\/coxs\/en\/napoje\/"},{"@type":"ListItem","position":3,"name":"Gold of Mauritius Solera 5"}]},{"@type":"WebSite","@id":"https:\/\/richter.ceo\/coxs\/en\/#website","url":"https:\/\/richter.ceo\/coxs\/en\/","name":"COXS CLUB","description":"Beton a Rum","publisher":{"@id":"https:\/\/richter.ceo\/coxs\/en\/#organization"},"potentialAction":[{"@type":"SearchAction","target":{"@type":"EntryPoint","urlTemplate":"https:\/\/richter.ceo\/coxs\/en\/?s={search_term_string}"},"query-input":{"@type":"PropertyValueSpecification","valueRequired":true,"valueName":"search_term_string"}}],"inLanguage":"en-GB"},{"@type":"Organization","@id":"https:\/\/richter.ceo\/coxs\/en\/#organization","name":"COXS CLUB","url":"https:\/\/richter.ceo\/coxs\/en\/","logo":{"@type":"ImageObject","inLanguage":"en-GB","@id":"https:\/\/richter.ceo\/coxs\/en\/#\/schema\/logo\/image\/","url":"http:\/\/richter.ceo\/coxs\/wp-content\/uploads\/sites\/4\/2025\/05\/FAVICON-dark.webp","contentUrl":"http:\/\/richter.ceo\/coxs\/wp-content\/uploads\/sites\/4\/2025\/05\/FAVICON-dark.webp","width":512,"height":512,"caption":"COXS CLUB"},"image":{"@id":"https:\/\/richter.ceo\/coxs\/en\/#\/schema\/logo\/image\/"},"sameAs":["https:\/\/www.facebook.com\/profile.php?id=100088204002615","https:\/\/www.instagram.com\/coxs_coxs\/"]}]}},"_links":{"self":[{"href":"https:\/\/richter.ceo\/coxs\/en\/wp-json\/wp\/v2\/product\/1141","targetHints":{"allow":["GET"]}}],"collection":[{"href":"https:\/\/richter.ceo\/coxs\/en\/wp-json\/wp\/v2\/product"}],"about":[{"href":"https:\/\/richter.ceo\/coxs\/en\/wp-json\/wp\/v2\/types\/product"}],"wp:featuredmedia":[{"embeddable":true,"href":"https:\/\/richter.ceo\/coxs\/en\/wp-json\/wp\/v2\/media\/1063"}],"wp:attachment":[{"href":"https:\/\/richter.ceo\/coxs\/en\/wp-json\/wp\/v2\/media?parent=1141"}],"wp:term":[{"taxonomy":"product_brand","embeddable":true,"href":"https:\/\/richter.ceo\/coxs\/en\/wp-json\/wp\/v2\/product_brand?post=1141"},{"taxonomy":"product_cat","embeddable":true,"href":"https:\/\/richter.ceo\/coxs\/en\/wp-json\/wp\/v2\/product_cat?post=1141"},{"taxonomy":"product_tag","embeddable":true,"href":"https:\/\/richter.ceo\/coxs\/en\/wp-json\/wp\/v2\/product_tag?post=1141"}],"curies":[{"name":"wp","href":"https:\/\/api.w.org\/{rel}","templated":true}]}}