{"id":1146,"date":"2025-05-13T19:44:28","date_gmt":"2025-05-13T17:44:28","guid":{"rendered":"https:\/\/richter.ceo\/coxs\/?post_type=product&#038;p=1146"},"modified":"2025-05-13T19:44:28","modified_gmt":"2025-05-13T17:44:28","slug":"pussers-original-admiralty-blend","status":"publish","type":"product","link":"https:\/\/richter.ceo\/coxs\/en\/product\/pussers-original-admiralty-blend\/","title":{"rendered":"Pusser&#8217;s Original Admiralty Blend"},"content":{"rendered":"<p>V\u00edce ne\u017e t\u0159i sta let dost\u00e1vali brit\u0161t\u00ed n\u00e1mo\u0159n\u00edci denn\u00ed p\u0159\u00edd\u011bl neboli \u201etot\u201c rumu. Tato tradice byla ukon\u010dena 31. \u010dervence 1970, dne, jen\u017e je zn\u00e1m jako \u201eBlack Tot Day\u201c. N\u011bkolik let pot\u00e9 se ale mu\u017e jm\u00e9nem Charles Tobias rozhodl tuto tradici o\u017eivit, z\u00edskal pr\u00e1va a v\u00fdrobn\u00ed informace od n\u00e1mo\u0159nictva a tento rum s velk\u00fdm p\u0159\u00edb\u011bhem uvedl na trh. Pusser\u2018s je jedin\u00fd rum, kter\u00fd se vyr\u00e1b\u00ed p\u0159esn\u011b podle p\u016fvodn\u00edch specifikac\u00ed.<\/p>\n<p>&nbsp;<\/p>\n<div class=\"elementor-column elementor-col-50 elementor-inner-column elementor-element elementor-element-df5ea97\" data-id=\"df5ea97\" data-element_type=\"column\">\n<div class=\"elementor-widget-wrap elementor-element-populated\">\n<div class=\"elementor-element elementor-element-5f45f876 elementor-widget elementor-widget-woocommerce-product-short-description\" data-id=\"5f45f876\" data-element_type=\"widget\" data-widget_type=\"woocommerce-product-short-description.default\">\n<div class=\"elementor-widget-container\">\n<div class=\"woocommerce-product-details__short-description\">\n<p>Rum se destiluje na p\u011bti za\u0159\u00edzen\u00edch v Guyan\u011b a Trinidadu, odkud tak\u00e9 poch\u00e1z\u00ed cukrov\u00e1 t\u0159tina, a v tropick\u00e9m klimatu zraje ve vyp\u00e1len\u00fdch sudech po bourbonu po dobu minim\u00e1ln\u011b t\u0159\u00ed let. Pusser\u2019s Original Admiralty Rum se vyzna\u010duje typickou komplexitou, ale z\u00e1rove\u0148 je to nad\u010dasov\u00e1 klasika. V aroma se projevuj\u00ed t\u00f3ny tmav\u00e9ho cukru demerara, melasy, su\u0161en\u00e9ho ovoce, ko\u0159en\u00ed a karamelu. M\u00e1 plnou, zakulacenou a jemnou chu\u0165 s dlouh\u00fdm v\u00fdrazn\u00fdm zakon\u010den\u00edm.<\/p>\n<\/div>\n<\/div>\n<\/div>\n<\/div>\n<\/div>","protected":false},"excerpt":{"rendered":"<p>V\u00edce ne\u017e t\u0159i sta let dost\u00e1vali brit\u0161t\u00ed n\u00e1mo\u0159n\u00edci denn\u00ed p\u0159\u00edd\u011bl neboli \u201etot\u201c rumu. Tato tradice byla ukon\u010dena 31. \u010dervence 1970, dne, jen\u017e je zn\u00e1m jako \u201eBlack Tot Day\u201c. N\u011bkolik let pot\u00e9 se ale mu\u017e jm\u00e9nem Charles Tobias rozhodl tuto tradici o\u017eivit, z\u00edskal pr\u00e1va a v\u00fdrobn\u00ed informace od n\u00e1mo\u0159nictva a tento rum s velk\u00fdm p\u0159\u00edb\u011bhem uvedl [&hellip;]<\/p>\n","protected":false},"featured_media":1051,"template":"","meta":{"_acf_changed":false},"product_brand":[146],"product_cat":[117],"product_tag":[],"class_list":{"0":"post-1146","1":"product","2":"type-product","3":"status-publish","4":"has-post-thumbnail","6":"product_brand-pussers","7":"product_cat-rum","8":"pa_cena-za-004-l","9":"pa_obsah-alkoholu-21","10":"pa_zeme-trinidad","12":"first","13":"instock","14":"shipping-taxable","15":"purchasable","16":"product-type-simple"},"acf":[],"yoast_head":"<!-- This site is optimized with the Yoast SEO plugin v27.5 - https:\/\/yoast.com\/product\/yoast-seo-wordpress\/ -->\n<title>Pusser&#039;s Original Admiralty Blend<\/title>\n<meta name=\"description\" content=\"V\u00edce ne\u017e t\u0159i sta let dost\u00e1vali brit\u0161t\u00ed n\u00e1mo\u0159n\u00edci denn\u00ed p\u0159\u00edd\u011bl neboli \u201etot\u201c rumu. Tato tradice byla ukon\u010dena 31. \u010dervence 1970, dne, jen\u017e je zn\u00e1m jako\" \/>\n<meta name=\"robots\" content=\"index, follow, max-snippet:-1, max-image-preview:large, max-video-preview:-1\" \/>\n<link rel=\"canonical\" href=\"https:\/\/richter.ceo\/coxs\/en\/product\/pussers-original-admiralty-blend\/\" \/>\n<meta property=\"og:locale\" content=\"en_GB\" \/>\n<meta property=\"og:type\" content=\"article\" \/>\n<meta property=\"og:title\" content=\"Pusser&#039;s Original Admiralty Blend\" \/>\n<meta property=\"og:description\" content=\"V\u00edce ne\u017e t\u0159i sta let dost\u00e1vali brit\u0161t\u00ed n\u00e1mo\u0159n\u00edci denn\u00ed p\u0159\u00edd\u011bl neboli \u201etot\u201c rumu. Tato tradice byla ukon\u010dena 31. \u010dervence 1970, dne, jen\u017e je zn\u00e1m jako\" \/>\n<meta property=\"og:url\" content=\"https:\/\/richter.ceo\/coxs\/en\/product\/pussers-original-admiralty-blend\/\" \/>\n<meta property=\"og:site_name\" content=\"COXS CLUB\" \/>\n<meta property=\"article:publisher\" content=\"https:\/\/www.facebook.com\/profile.php?id=100088204002615\" \/>\n<meta property=\"og:image\" content=\"https:\/\/richter.ceo\/coxs\/wp-content\/uploads\/sites\/4\/2025\/05\/1858_pussers_original_admiralty.jpg\" \/>\n\t<meta property=\"og:image:width\" content=\"600\" \/>\n\t<meta property=\"og:image:height\" content=\"711\" \/>\n\t<meta property=\"og:image:type\" content=\"image\/jpeg\" \/>\n<meta name=\"twitter:card\" content=\"summary_large_image\" \/>\n<meta name=\"twitter:label1\" content=\"Estimated reading time\" \/>\n\t<meta name=\"twitter:data1\" content=\"1 minute\" \/>\n<script type=\"application\/ld+json\" class=\"yoast-schema-graph\">{\"@context\":\"https:\\\/\\\/schema.org\",\"@graph\":[{\"@type\":\"WebPage\",\"@id\":\"https:\\\/\\\/richter.ceo\\\/coxs\\\/produkt\\\/pussers-original-admiralty-blend\\\/\",\"url\":\"https:\\\/\\\/richter.ceo\\\/coxs\\\/produkt\\\/pussers-original-admiralty-blend\\\/\",\"name\":\"Pusser's Original Admiralty Blend\",\"isPartOf\":{\"@id\":\"https:\\\/\\\/richter.ceo\\\/coxs\\\/en\\\/#website\"},\"primaryImageOfPage\":{\"@id\":\"https:\\\/\\\/richter.ceo\\\/coxs\\\/produkt\\\/pussers-original-admiralty-blend\\\/#primaryimage\"},\"image\":{\"@id\":\"https:\\\/\\\/richter.ceo\\\/coxs\\\/produkt\\\/pussers-original-admiralty-blend\\\/#primaryimage\"},\"thumbnailUrl\":\"https:\\\/\\\/richter.ceo\\\/coxs\\\/wp-content\\\/uploads\\\/sites\\\/4\\\/2025\\\/05\\\/1858_pussers_original_admiralty.jpg\",\"datePublished\":\"2025-05-13T17:44:28+00:00\",\"description\":\"V\u00edce ne\u017e t\u0159i sta let dost\u00e1vali brit\u0161t\u00ed n\u00e1mo\u0159n\u00edci denn\u00ed p\u0159\u00edd\u011bl neboli \u201etot\u201c rumu. Tato tradice byla ukon\u010dena 31. \u010dervence 1970, dne, jen\u017e je zn\u00e1m jako\",\"breadcrumb\":{\"@id\":\"https:\\\/\\\/richter.ceo\\\/coxs\\\/produkt\\\/pussers-original-admiralty-blend\\\/#breadcrumb\"},\"inLanguage\":\"en-GB\",\"potentialAction\":[{\"@type\":\"ReadAction\",\"target\":[\"https:\\\/\\\/richter.ceo\\\/coxs\\\/produkt\\\/pussers-original-admiralty-blend\\\/\"]}]},{\"@type\":\"ImageObject\",\"inLanguage\":\"en-GB\",\"@id\":\"https:\\\/\\\/richter.ceo\\\/coxs\\\/produkt\\\/pussers-original-admiralty-blend\\\/#primaryimage\",\"url\":\"https:\\\/\\\/richter.ceo\\\/coxs\\\/wp-content\\\/uploads\\\/sites\\\/4\\\/2025\\\/05\\\/1858_pussers_original_admiralty.jpg\",\"contentUrl\":\"https:\\\/\\\/richter.ceo\\\/coxs\\\/wp-content\\\/uploads\\\/sites\\\/4\\\/2025\\\/05\\\/1858_pussers_original_admiralty.jpg\",\"width\":600,\"height\":711},{\"@type\":\"BreadcrumbList\",\"@id\":\"https:\\\/\\\/richter.ceo\\\/coxs\\\/produkt\\\/pussers-original-admiralty-blend\\\/#breadcrumb\",\"itemListElement\":[{\"@type\":\"ListItem\",\"position\":1,\"name\":\"Dom\u016f\",\"item\":\"https:\\\/\\\/richter.ceo\\\/coxs\\\/\"},{\"@type\":\"ListItem\",\"position\":2,\"name\":\"N\u00c1POJE\",\"item\":\"https:\\\/\\\/richter.ceo\\\/coxs\\\/en\\\/napoje\\\/\"},{\"@type\":\"ListItem\",\"position\":3,\"name\":\"Pusser&#8217;s Original Admiralty Blend\"}]},{\"@type\":\"WebSite\",\"@id\":\"https:\\\/\\\/richter.ceo\\\/coxs\\\/en\\\/#website\",\"url\":\"https:\\\/\\\/richter.ceo\\\/coxs\\\/en\\\/\",\"name\":\"COXS CLUB\",\"description\":\"Beton a Rum\",\"publisher\":{\"@id\":\"https:\\\/\\\/richter.ceo\\\/coxs\\\/en\\\/#organization\"},\"potentialAction\":[{\"@type\":\"SearchAction\",\"target\":{\"@type\":\"EntryPoint\",\"urlTemplate\":\"https:\\\/\\\/richter.ceo\\\/coxs\\\/en\\\/?s={search_term_string}\"},\"query-input\":{\"@type\":\"PropertyValueSpecification\",\"valueRequired\":true,\"valueName\":\"search_term_string\"}}],\"inLanguage\":\"en-GB\"},{\"@type\":\"Organization\",\"@id\":\"https:\\\/\\\/richter.ceo\\\/coxs\\\/en\\\/#organization\",\"name\":\"COXS CLUB\",\"url\":\"https:\\\/\\\/richter.ceo\\\/coxs\\\/en\\\/\",\"logo\":{\"@type\":\"ImageObject\",\"inLanguage\":\"en-GB\",\"@id\":\"https:\\\/\\\/richter.ceo\\\/coxs\\\/en\\\/#\\\/schema\\\/logo\\\/image\\\/\",\"url\":\"http:\\\/\\\/richter.ceo\\\/coxs\\\/wp-content\\\/uploads\\\/sites\\\/4\\\/2025\\\/05\\\/FAVICON-dark.webp\",\"contentUrl\":\"http:\\\/\\\/richter.ceo\\\/coxs\\\/wp-content\\\/uploads\\\/sites\\\/4\\\/2025\\\/05\\\/FAVICON-dark.webp\",\"width\":512,\"height\":512,\"caption\":\"COXS CLUB\"},\"image\":{\"@id\":\"https:\\\/\\\/richter.ceo\\\/coxs\\\/en\\\/#\\\/schema\\\/logo\\\/image\\\/\"},\"sameAs\":[\"https:\\\/\\\/www.facebook.com\\\/profile.php?id=100088204002615\",\"https:\\\/\\\/www.instagram.com\\\/coxs_coxs\\\/\"]}]}<\/script>\n<!-- \/ Yoast SEO plugin. -->","yoast_head_json":{"title":"Pusser's Original Admiralty Blend","description":"V\u00edce ne\u017e t\u0159i sta let dost\u00e1vali brit\u0161t\u00ed n\u00e1mo\u0159n\u00edci denn\u00ed p\u0159\u00edd\u011bl neboli \u201etot\u201c rumu. Tato tradice byla ukon\u010dena 31. \u010dervence 1970, dne, jen\u017e je zn\u00e1m jako","robots":{"index":"index","follow":"follow","max-snippet":"max-snippet:-1","max-image-preview":"max-image-preview:large","max-video-preview":"max-video-preview:-1"},"canonical":"https:\/\/richter.ceo\/coxs\/en\/product\/pussers-original-admiralty-blend\/","og_locale":"en_GB","og_type":"article","og_title":"Pusser's Original Admiralty Blend","og_description":"V\u00edce ne\u017e t\u0159i sta let dost\u00e1vali brit\u0161t\u00ed n\u00e1mo\u0159n\u00edci denn\u00ed p\u0159\u00edd\u011bl neboli \u201etot\u201c rumu. Tato tradice byla ukon\u010dena 31. \u010dervence 1970, dne, jen\u017e je zn\u00e1m jako","og_url":"https:\/\/richter.ceo\/coxs\/en\/product\/pussers-original-admiralty-blend\/","og_site_name":"COXS CLUB","article_publisher":"https:\/\/www.facebook.com\/profile.php?id=100088204002615","og_image":[{"width":600,"height":711,"url":"https:\/\/richter.ceo\/coxs\/wp-content\/uploads\/sites\/4\/2025\/05\/1858_pussers_original_admiralty.jpg","type":"image\/jpeg"}],"twitter_card":"summary_large_image","twitter_misc":{"Estimated reading time":"1 minute"},"schema":{"@context":"https:\/\/schema.org","@graph":[{"@type":"WebPage","@id":"https:\/\/richter.ceo\/coxs\/produkt\/pussers-original-admiralty-blend\/","url":"https:\/\/richter.ceo\/coxs\/produkt\/pussers-original-admiralty-blend\/","name":"Pusser's Original Admiralty Blend","isPartOf":{"@id":"https:\/\/richter.ceo\/coxs\/en\/#website"},"primaryImageOfPage":{"@id":"https:\/\/richter.ceo\/coxs\/produkt\/pussers-original-admiralty-blend\/#primaryimage"},"image":{"@id":"https:\/\/richter.ceo\/coxs\/produkt\/pussers-original-admiralty-blend\/#primaryimage"},"thumbnailUrl":"https:\/\/richter.ceo\/coxs\/wp-content\/uploads\/sites\/4\/2025\/05\/1858_pussers_original_admiralty.jpg","datePublished":"2025-05-13T17:44:28+00:00","description":"V\u00edce ne\u017e t\u0159i sta let dost\u00e1vali brit\u0161t\u00ed n\u00e1mo\u0159n\u00edci denn\u00ed p\u0159\u00edd\u011bl neboli \u201etot\u201c rumu. Tato tradice byla ukon\u010dena 31. \u010dervence 1970, dne, jen\u017e je zn\u00e1m jako","breadcrumb":{"@id":"https:\/\/richter.ceo\/coxs\/produkt\/pussers-original-admiralty-blend\/#breadcrumb"},"inLanguage":"en-GB","potentialAction":[{"@type":"ReadAction","target":["https:\/\/richter.ceo\/coxs\/produkt\/pussers-original-admiralty-blend\/"]}]},{"@type":"ImageObject","inLanguage":"en-GB","@id":"https:\/\/richter.ceo\/coxs\/produkt\/pussers-original-admiralty-blend\/#primaryimage","url":"https:\/\/richter.ceo\/coxs\/wp-content\/uploads\/sites\/4\/2025\/05\/1858_pussers_original_admiralty.jpg","contentUrl":"https:\/\/richter.ceo\/coxs\/wp-content\/uploads\/sites\/4\/2025\/05\/1858_pussers_original_admiralty.jpg","width":600,"height":711},{"@type":"BreadcrumbList","@id":"https:\/\/richter.ceo\/coxs\/produkt\/pussers-original-admiralty-blend\/#breadcrumb","itemListElement":[{"@type":"ListItem","position":1,"name":"Dom\u016f","item":"https:\/\/richter.ceo\/coxs\/"},{"@type":"ListItem","position":2,"name":"N\u00c1POJE","item":"https:\/\/richter.ceo\/coxs\/en\/napoje\/"},{"@type":"ListItem","position":3,"name":"Pusser&#8217;s Original Admiralty Blend"}]},{"@type":"WebSite","@id":"https:\/\/richter.ceo\/coxs\/en\/#website","url":"https:\/\/richter.ceo\/coxs\/en\/","name":"COXS CLUB","description":"Beton a Rum","publisher":{"@id":"https:\/\/richter.ceo\/coxs\/en\/#organization"},"potentialAction":[{"@type":"SearchAction","target":{"@type":"EntryPoint","urlTemplate":"https:\/\/richter.ceo\/coxs\/en\/?s={search_term_string}"},"query-input":{"@type":"PropertyValueSpecification","valueRequired":true,"valueName":"search_term_string"}}],"inLanguage":"en-GB"},{"@type":"Organization","@id":"https:\/\/richter.ceo\/coxs\/en\/#organization","name":"COXS CLUB","url":"https:\/\/richter.ceo\/coxs\/en\/","logo":{"@type":"ImageObject","inLanguage":"en-GB","@id":"https:\/\/richter.ceo\/coxs\/en\/#\/schema\/logo\/image\/","url":"http:\/\/richter.ceo\/coxs\/wp-content\/uploads\/sites\/4\/2025\/05\/FAVICON-dark.webp","contentUrl":"http:\/\/richter.ceo\/coxs\/wp-content\/uploads\/sites\/4\/2025\/05\/FAVICON-dark.webp","width":512,"height":512,"caption":"COXS CLUB"},"image":{"@id":"https:\/\/richter.ceo\/coxs\/en\/#\/schema\/logo\/image\/"},"sameAs":["https:\/\/www.facebook.com\/profile.php?id=100088204002615","https:\/\/www.instagram.com\/coxs_coxs\/"]}]}},"_links":{"self":[{"href":"https:\/\/richter.ceo\/coxs\/en\/wp-json\/wp\/v2\/product\/1146","targetHints":{"allow":["GET"]}}],"collection":[{"href":"https:\/\/richter.ceo\/coxs\/en\/wp-json\/wp\/v2\/product"}],"about":[{"href":"https:\/\/richter.ceo\/coxs\/en\/wp-json\/wp\/v2\/types\/product"}],"wp:featuredmedia":[{"embeddable":true,"href":"https:\/\/richter.ceo\/coxs\/en\/wp-json\/wp\/v2\/media\/1051"}],"wp:attachment":[{"href":"https:\/\/richter.ceo\/coxs\/en\/wp-json\/wp\/v2\/media?parent=1146"}],"wp:term":[{"taxonomy":"product_brand","embeddable":true,"href":"https:\/\/richter.ceo\/coxs\/en\/wp-json\/wp\/v2\/product_brand?post=1146"},{"taxonomy":"product_cat","embeddable":true,"href":"https:\/\/richter.ceo\/coxs\/en\/wp-json\/wp\/v2\/product_cat?post=1146"},{"taxonomy":"product_tag","embeddable":true,"href":"https:\/\/richter.ceo\/coxs\/en\/wp-json\/wp\/v2\/product_tag?post=1146"}],"curies":[{"name":"wp","href":"https:\/\/api.w.org\/{rel}","templated":true}]}}