{"id":1147,"date":"2025-05-13T19:47:13","date_gmt":"2025-05-13T17:47:13","guid":{"rendered":"https:\/\/richter.ceo\/coxs\/?post_type=product&#038;p=1147"},"modified":"2025-05-13T19:47:13","modified_gmt":"2025-05-13T17:47:13","slug":"pussers-gunpowder-proof","status":"publish","type":"product","link":"https:\/\/richter.ceo\/coxs\/en\/product\/pussers-gunpowder-proof\/","title":{"rendered":"Pusser&#8217;s Gunpowder Proof"},"content":{"rendered":"<div class=\"elementor-column elementor-col-50 elementor-inner-column elementor-element elementor-element-df5ea97\" data-id=\"df5ea97\" data-element_type=\"column\">\n<div class=\"elementor-widget-wrap elementor-element-populated\">\n<div class=\"elementor-element elementor-element-5f45f876 elementor-widget elementor-widget-woocommerce-product-short-description\" data-id=\"5f45f876\" data-element_type=\"widget\" data-widget_type=\"woocommerce-product-short-description.default\">\n<div class=\"elementor-widget-container\">\n<div class=\"woocommerce-product-details__short-description\">\n<p>Poctiv\u00fd rum v britsk\u00e9m n\u00e1mo\u0159n\u00edm stylu sv\u00fdm jm\u00e9nem odkazuje na doby, kdy n\u00e1mo\u0159n\u00edci dost\u00e1vali denn\u00ed p\u0159\u00edd\u011bly rumu od takzvan\u00e9ho Pursera (nebo Pussera). Jako d\u016fkaz, \u017ee je p\u0159\u00edd\u011bl poctiv\u00fd a ne\u0159ed\u011bn\u00fd, se pou\u017e\u00edval takzvan\u00fd gunpowder test. \u0160petka st\u0159eln\u00e9ho prachu se polila rumem a zap\u00e1lila. Temn\u011b mahagonov\u00e1 lah\u016fdka m\u00e1 bohatou chu\u0165 melasy, karamelu, medu a vanilky v doprovodu dubov\u00fdch t\u00f3n\u016f a ko\u0159en\u011bn\u00fdch not sko\u0159ice a z\u00e1zvoru.<\/p>\n<\/div>\n<\/div>\n<\/div>\n<\/div>\n<\/div>","protected":false},"excerpt":{"rendered":"<p>Poctiv\u00fd rum v britsk\u00e9m n\u00e1mo\u0159n\u00edm stylu sv\u00fdm jm\u00e9nem odkazuje na doby, kdy n\u00e1mo\u0159n\u00edci dost\u00e1vali denn\u00ed p\u0159\u00edd\u011bly rumu od takzvan\u00e9ho Pursera (nebo Pussera). Jako d\u016fkaz, \u017ee je p\u0159\u00edd\u011bl poctiv\u00fd a ne\u0159ed\u011bn\u00fd, se pou\u017e\u00edval takzvan\u00fd gunpowder test. \u0160petka st\u0159eln\u00e9ho prachu se polila rumem a zap\u00e1lila. Temn\u011b mahagonov\u00e1 lah\u016fdka m\u00e1 bohatou chu\u0165 melasy, karamelu, medu a vanilky v [&hellip;]<\/p>\n","protected":false},"featured_media":1052,"template":"","meta":{"_acf_changed":false},"product_brand":[146],"product_cat":[117],"product_tag":[],"class_list":{"0":"post-1147","1":"product","2":"type-product","3":"status-publish","4":"has-post-thumbnail","6":"product_brand-pussers","7":"product_cat-rum","8":"pa_cena-za-004-l","9":"pa_obsah-alkoholu-147","10":"pa_zeme-trinidad","12":"first","13":"instock","14":"shipping-taxable","15":"purchasable","16":"product-type-simple"},"acf":[],"yoast_head":"<!-- This site is optimized with the Yoast SEO plugin v27.5 - https:\/\/yoast.com\/product\/yoast-seo-wordpress\/ -->\n<title>Pusser&#039;s Gunpowder Proof<\/title>\n<meta name=\"description\" content=\"Poctiv\u00fd rum v britsk\u00e9m n\u00e1mo\u0159n\u00edm stylu sv\u00fdm jm\u00e9nem odkazuje na doby, kdy n\u00e1mo\u0159n\u00edci dost\u00e1vali denn\u00ed p\u0159\u00edd\u011bly rumu od takzvan\u00e9ho Pursera (nebo Pussera). Jako\" \/>\n<meta name=\"robots\" content=\"index, follow, max-snippet:-1, max-image-preview:large, max-video-preview:-1\" \/>\n<link rel=\"canonical\" href=\"https:\/\/richter.ceo\/coxs\/en\/product\/pussers-gunpowder-proof\/\" \/>\n<meta property=\"og:locale\" content=\"en_GB\" \/>\n<meta property=\"og:type\" content=\"article\" \/>\n<meta property=\"og:title\" content=\"Pusser&#039;s Gunpowder Proof\" \/>\n<meta property=\"og:description\" content=\"Poctiv\u00fd rum v britsk\u00e9m n\u00e1mo\u0159n\u00edm stylu sv\u00fdm jm\u00e9nem odkazuje na doby, kdy n\u00e1mo\u0159n\u00edci dost\u00e1vali denn\u00ed p\u0159\u00edd\u011bly rumu od takzvan\u00e9ho Pursera (nebo Pussera). Jako\" \/>\n<meta property=\"og:url\" content=\"https:\/\/richter.ceo\/coxs\/en\/product\/pussers-gunpowder-proof\/\" \/>\n<meta property=\"og:site_name\" content=\"COXS CLUB\" \/>\n<meta property=\"article:publisher\" content=\"https:\/\/www.facebook.com\/profile.php?id=100088204002615\" \/>\n<meta property=\"og:image\" content=\"https:\/\/richter.ceo\/coxs\/wp-content\/uploads\/sites\/4\/2025\/05\/1859_pussers_gunpowder.jpg\" \/>\n\t<meta property=\"og:image:width\" content=\"600\" \/>\n\t<meta property=\"og:image:height\" content=\"711\" \/>\n\t<meta property=\"og:image:type\" content=\"image\/jpeg\" \/>\n<meta name=\"twitter:card\" content=\"summary_large_image\" \/>\n<script type=\"application\/ld+json\" class=\"yoast-schema-graph\">{\"@context\":\"https:\\\/\\\/schema.org\",\"@graph\":[{\"@type\":\"WebPage\",\"@id\":\"https:\\\/\\\/richter.ceo\\\/coxs\\\/en\\\/product\\\/pussers-gunpowder-proof\\\/\",\"url\":\"https:\\\/\\\/richter.ceo\\\/coxs\\\/en\\\/product\\\/pussers-gunpowder-proof\\\/\",\"name\":\"Pusser's Gunpowder Proof\",\"isPartOf\":{\"@id\":\"https:\\\/\\\/richter.ceo\\\/coxs\\\/en\\\/#website\"},\"primaryImageOfPage\":{\"@id\":\"https:\\\/\\\/richter.ceo\\\/coxs\\\/en\\\/product\\\/pussers-gunpowder-proof\\\/#primaryimage\"},\"image\":{\"@id\":\"https:\\\/\\\/richter.ceo\\\/coxs\\\/en\\\/product\\\/pussers-gunpowder-proof\\\/#primaryimage\"},\"thumbnailUrl\":\"https:\\\/\\\/richter.ceo\\\/coxs\\\/wp-content\\\/uploads\\\/sites\\\/4\\\/2025\\\/05\\\/1859_pussers_gunpowder.jpg\",\"datePublished\":\"2025-05-13T17:47:13+00:00\",\"description\":\"Poctiv\u00fd rum v britsk\u00e9m n\u00e1mo\u0159n\u00edm stylu sv\u00fdm jm\u00e9nem odkazuje na doby, kdy n\u00e1mo\u0159n\u00edci dost\u00e1vali denn\u00ed p\u0159\u00edd\u011bly rumu od takzvan\u00e9ho Pursera (nebo Pussera). Jako\",\"breadcrumb\":{\"@id\":\"https:\\\/\\\/richter.ceo\\\/coxs\\\/en\\\/product\\\/pussers-gunpowder-proof\\\/#breadcrumb\"},\"inLanguage\":\"en-GB\",\"potentialAction\":[{\"@type\":\"ReadAction\",\"target\":[\"https:\\\/\\\/richter.ceo\\\/coxs\\\/en\\\/product\\\/pussers-gunpowder-proof\\\/\"]}]},{\"@type\":\"ImageObject\",\"inLanguage\":\"en-GB\",\"@id\":\"https:\\\/\\\/richter.ceo\\\/coxs\\\/en\\\/product\\\/pussers-gunpowder-proof\\\/#primaryimage\",\"url\":\"https:\\\/\\\/richter.ceo\\\/coxs\\\/wp-content\\\/uploads\\\/sites\\\/4\\\/2025\\\/05\\\/1859_pussers_gunpowder.jpg\",\"contentUrl\":\"https:\\\/\\\/richter.ceo\\\/coxs\\\/wp-content\\\/uploads\\\/sites\\\/4\\\/2025\\\/05\\\/1859_pussers_gunpowder.jpg\",\"width\":600,\"height\":711,\"caption\":\"COXS CLUB\"},{\"@type\":\"BreadcrumbList\",\"@id\":\"https:\\\/\\\/richter.ceo\\\/coxs\\\/en\\\/product\\\/pussers-gunpowder-proof\\\/#breadcrumb\",\"itemListElement\":[{\"@type\":\"ListItem\",\"position\":1,\"name\":\"Dom\u016f\",\"item\":\"https:\\\/\\\/richter.ceo\\\/coxs\\\/\"},{\"@type\":\"ListItem\",\"position\":2,\"name\":\"N\u00c1POJE\",\"item\":\"https:\\\/\\\/richter.ceo\\\/coxs\\\/en\\\/napoje\\\/\"},{\"@type\":\"ListItem\",\"position\":3,\"name\":\"Pusser&#8217;s Gunpowder Proof\"}]},{\"@type\":\"WebSite\",\"@id\":\"https:\\\/\\\/richter.ceo\\\/coxs\\\/en\\\/#website\",\"url\":\"https:\\\/\\\/richter.ceo\\\/coxs\\\/en\\\/\",\"name\":\"COXS CLUB\",\"description\":\"Beton a Rum\",\"publisher\":{\"@id\":\"https:\\\/\\\/richter.ceo\\\/coxs\\\/en\\\/#organization\"},\"potentialAction\":[{\"@type\":\"SearchAction\",\"target\":{\"@type\":\"EntryPoint\",\"urlTemplate\":\"https:\\\/\\\/richter.ceo\\\/coxs\\\/en\\\/?s={search_term_string}\"},\"query-input\":{\"@type\":\"PropertyValueSpecification\",\"valueRequired\":true,\"valueName\":\"search_term_string\"}}],\"inLanguage\":\"en-GB\"},{\"@type\":\"Organization\",\"@id\":\"https:\\\/\\\/richter.ceo\\\/coxs\\\/en\\\/#organization\",\"name\":\"COXS CLUB\",\"url\":\"https:\\\/\\\/richter.ceo\\\/coxs\\\/en\\\/\",\"logo\":{\"@type\":\"ImageObject\",\"inLanguage\":\"en-GB\",\"@id\":\"https:\\\/\\\/richter.ceo\\\/coxs\\\/en\\\/#\\\/schema\\\/logo\\\/image\\\/\",\"url\":\"http:\\\/\\\/richter.ceo\\\/coxs\\\/wp-content\\\/uploads\\\/sites\\\/4\\\/2025\\\/05\\\/FAVICON-dark.webp\",\"contentUrl\":\"http:\\\/\\\/richter.ceo\\\/coxs\\\/wp-content\\\/uploads\\\/sites\\\/4\\\/2025\\\/05\\\/FAVICON-dark.webp\",\"width\":512,\"height\":512,\"caption\":\"COXS CLUB\"},\"image\":{\"@id\":\"https:\\\/\\\/richter.ceo\\\/coxs\\\/en\\\/#\\\/schema\\\/logo\\\/image\\\/\"},\"sameAs\":[\"https:\\\/\\\/www.facebook.com\\\/profile.php?id=100088204002615\",\"https:\\\/\\\/www.instagram.com\\\/coxs_coxs\\\/\"]}]}<\/script>\n<!-- \/ Yoast SEO plugin. -->","yoast_head_json":{"title":"Pusser's Gunpowder Proof","description":"Poctiv\u00fd rum v britsk\u00e9m n\u00e1mo\u0159n\u00edm stylu sv\u00fdm jm\u00e9nem odkazuje na doby, kdy n\u00e1mo\u0159n\u00edci dost\u00e1vali denn\u00ed p\u0159\u00edd\u011bly rumu od takzvan\u00e9ho Pursera (nebo Pussera). Jako","robots":{"index":"index","follow":"follow","max-snippet":"max-snippet:-1","max-image-preview":"max-image-preview:large","max-video-preview":"max-video-preview:-1"},"canonical":"https:\/\/richter.ceo\/coxs\/en\/product\/pussers-gunpowder-proof\/","og_locale":"en_GB","og_type":"article","og_title":"Pusser's Gunpowder Proof","og_description":"Poctiv\u00fd rum v britsk\u00e9m n\u00e1mo\u0159n\u00edm stylu sv\u00fdm jm\u00e9nem odkazuje na doby, kdy n\u00e1mo\u0159n\u00edci dost\u00e1vali denn\u00ed p\u0159\u00edd\u011bly rumu od takzvan\u00e9ho Pursera (nebo Pussera). Jako","og_url":"https:\/\/richter.ceo\/coxs\/en\/product\/pussers-gunpowder-proof\/","og_site_name":"COXS CLUB","article_publisher":"https:\/\/www.facebook.com\/profile.php?id=100088204002615","og_image":[{"width":600,"height":711,"url":"https:\/\/richter.ceo\/coxs\/wp-content\/uploads\/sites\/4\/2025\/05\/1859_pussers_gunpowder.jpg","type":"image\/jpeg"}],"twitter_card":"summary_large_image","schema":{"@context":"https:\/\/schema.org","@graph":[{"@type":"WebPage","@id":"https:\/\/richter.ceo\/coxs\/en\/product\/pussers-gunpowder-proof\/","url":"https:\/\/richter.ceo\/coxs\/en\/product\/pussers-gunpowder-proof\/","name":"Pusser's Gunpowder Proof","isPartOf":{"@id":"https:\/\/richter.ceo\/coxs\/en\/#website"},"primaryImageOfPage":{"@id":"https:\/\/richter.ceo\/coxs\/en\/product\/pussers-gunpowder-proof\/#primaryimage"},"image":{"@id":"https:\/\/richter.ceo\/coxs\/en\/product\/pussers-gunpowder-proof\/#primaryimage"},"thumbnailUrl":"https:\/\/richter.ceo\/coxs\/wp-content\/uploads\/sites\/4\/2025\/05\/1859_pussers_gunpowder.jpg","datePublished":"2025-05-13T17:47:13+00:00","description":"Poctiv\u00fd rum v britsk\u00e9m n\u00e1mo\u0159n\u00edm stylu sv\u00fdm jm\u00e9nem odkazuje na doby, kdy n\u00e1mo\u0159n\u00edci dost\u00e1vali denn\u00ed p\u0159\u00edd\u011bly rumu od takzvan\u00e9ho Pursera (nebo Pussera). Jako","breadcrumb":{"@id":"https:\/\/richter.ceo\/coxs\/en\/product\/pussers-gunpowder-proof\/#breadcrumb"},"inLanguage":"en-GB","potentialAction":[{"@type":"ReadAction","target":["https:\/\/richter.ceo\/coxs\/en\/product\/pussers-gunpowder-proof\/"]}]},{"@type":"ImageObject","inLanguage":"en-GB","@id":"https:\/\/richter.ceo\/coxs\/en\/product\/pussers-gunpowder-proof\/#primaryimage","url":"https:\/\/richter.ceo\/coxs\/wp-content\/uploads\/sites\/4\/2025\/05\/1859_pussers_gunpowder.jpg","contentUrl":"https:\/\/richter.ceo\/coxs\/wp-content\/uploads\/sites\/4\/2025\/05\/1859_pussers_gunpowder.jpg","width":600,"height":711,"caption":"COXS CLUB"},{"@type":"BreadcrumbList","@id":"https:\/\/richter.ceo\/coxs\/en\/product\/pussers-gunpowder-proof\/#breadcrumb","itemListElement":[{"@type":"ListItem","position":1,"name":"Dom\u016f","item":"https:\/\/richter.ceo\/coxs\/"},{"@type":"ListItem","position":2,"name":"N\u00c1POJE","item":"https:\/\/richter.ceo\/coxs\/en\/napoje\/"},{"@type":"ListItem","position":3,"name":"Pusser&#8217;s Gunpowder Proof"}]},{"@type":"WebSite","@id":"https:\/\/richter.ceo\/coxs\/en\/#website","url":"https:\/\/richter.ceo\/coxs\/en\/","name":"COXS CLUB","description":"Beton a Rum","publisher":{"@id":"https:\/\/richter.ceo\/coxs\/en\/#organization"},"potentialAction":[{"@type":"SearchAction","target":{"@type":"EntryPoint","urlTemplate":"https:\/\/richter.ceo\/coxs\/en\/?s={search_term_string}"},"query-input":{"@type":"PropertyValueSpecification","valueRequired":true,"valueName":"search_term_string"}}],"inLanguage":"en-GB"},{"@type":"Organization","@id":"https:\/\/richter.ceo\/coxs\/en\/#organization","name":"COXS CLUB","url":"https:\/\/richter.ceo\/coxs\/en\/","logo":{"@type":"ImageObject","inLanguage":"en-GB","@id":"https:\/\/richter.ceo\/coxs\/en\/#\/schema\/logo\/image\/","url":"http:\/\/richter.ceo\/coxs\/wp-content\/uploads\/sites\/4\/2025\/05\/FAVICON-dark.webp","contentUrl":"http:\/\/richter.ceo\/coxs\/wp-content\/uploads\/sites\/4\/2025\/05\/FAVICON-dark.webp","width":512,"height":512,"caption":"COXS CLUB"},"image":{"@id":"https:\/\/richter.ceo\/coxs\/en\/#\/schema\/logo\/image\/"},"sameAs":["https:\/\/www.facebook.com\/profile.php?id=100088204002615","https:\/\/www.instagram.com\/coxs_coxs\/"]}]}},"_links":{"self":[{"href":"https:\/\/richter.ceo\/coxs\/en\/wp-json\/wp\/v2\/product\/1147","targetHints":{"allow":["GET"]}}],"collection":[{"href":"https:\/\/richter.ceo\/coxs\/en\/wp-json\/wp\/v2\/product"}],"about":[{"href":"https:\/\/richter.ceo\/coxs\/en\/wp-json\/wp\/v2\/types\/product"}],"wp:featuredmedia":[{"embeddable":true,"href":"https:\/\/richter.ceo\/coxs\/en\/wp-json\/wp\/v2\/media\/1052"}],"wp:attachment":[{"href":"https:\/\/richter.ceo\/coxs\/en\/wp-json\/wp\/v2\/media?parent=1147"}],"wp:term":[{"taxonomy":"product_brand","embeddable":true,"href":"https:\/\/richter.ceo\/coxs\/en\/wp-json\/wp\/v2\/product_brand?post=1147"},{"taxonomy":"product_cat","embeddable":true,"href":"https:\/\/richter.ceo\/coxs\/en\/wp-json\/wp\/v2\/product_cat?post=1147"},{"taxonomy":"product_tag","embeddable":true,"href":"https:\/\/richter.ceo\/coxs\/en\/wp-json\/wp\/v2\/product_tag?post=1147"}],"curies":[{"name":"wp","href":"https:\/\/api.w.org\/{rel}","templated":true}]}}