{"id":1148,"date":"2025-05-13T19:49:13","date_gmt":"2025-05-13T17:49:13","guid":{"rendered":"https:\/\/richter.ceo\/coxs\/?post_type=product&#038;p=1148"},"modified":"2025-05-13T19:49:13","modified_gmt":"2025-05-13T17:49:13","slug":"pussers-15-y-o","status":"publish","type":"product","link":"https:\/\/richter.ceo\/coxs\/en\/product\/pussers-15-y-o\/","title":{"rendered":"Pusser&#8217;s 15 y.o."},"content":{"rendered":"<div class=\"elementor-column elementor-col-50 elementor-inner-column elementor-element elementor-element-df5ea97\" data-id=\"df5ea97\" data-element_type=\"column\">\n<div class=\"elementor-widget-wrap elementor-element-populated\">\n<div class=\"elementor-element elementor-element-5f45f876 elementor-widget elementor-widget-woocommerce-product-short-description\" data-id=\"5f45f876\" data-element_type=\"widget\" data-widget_type=\"woocommerce-product-short-description.default\">\n<div class=\"elementor-widget-container\">\n<div class=\"woocommerce-product-details__short-description\">\n<p>P\u00e1tn\u00e1ctilet\u00fd rum Pusser\u2019s je vyr\u00e1b\u011bn v mal\u00fdch s\u00e9ri\u00edch. Blend je siln\u011b ovlivn\u011bn stolet\u00fdm destila\u010dn\u00edm za\u0159\u00edzen\u00edm ze d\u0159eva, kter\u00e9 je d\u016fle\u017eitou sou\u010d\u00e1st\u00ed v\u00fdroby britsk\u00fdch n\u00e1mo\u0159n\u00edch rum\u016f Pusser\u2019s. Rum se vyzna\u010duje mimo\u0159\u00e1dn\u011b jemnou a komplexn\u00ed chut\u00ed a hod\u00ed se k pomal\u00e9mu pop\u00edjen\u00ed. V chuti se projevuj\u00ed zejm\u00e9na t\u00f3ny tmav\u00e9ho cukru demerara, melasy a karamelu, ale tak\u00e9 tab\u00e1ku, f\u00edk\u016f, datl\u00ed, mu\u0161k\u00e1tov\u00e9ho o\u0159\u00ed\u0161ku, h\u0159eb\u00ed\u010dku a d\u0159eva. \u010casopis Forbes jej ozna\u010dil za jednosladovou whisky mezi rumy, obdr\u017eel mimo jin\u00e9 dvojivou zlatou medaili z presti\u017en\u00ed San Franciso World Spirits Competition.<\/p>\n<\/div>\n<\/div>\n<\/div>\n<\/div>\n<\/div>","protected":false},"excerpt":{"rendered":"<p>P\u00e1tn\u00e1ctilet\u00fd rum Pusser\u2019s je vyr\u00e1b\u011bn v mal\u00fdch s\u00e9ri\u00edch. Blend je siln\u011b ovlivn\u011bn stolet\u00fdm destila\u010dn\u00edm za\u0159\u00edzen\u00edm ze d\u0159eva, kter\u00e9 je d\u016fle\u017eitou sou\u010d\u00e1st\u00ed v\u00fdroby britsk\u00fdch n\u00e1mo\u0159n\u00edch rum\u016f Pusser\u2019s. Rum se vyzna\u010duje mimo\u0159\u00e1dn\u011b jemnou a komplexn\u00ed chut\u00ed a hod\u00ed se k pomal\u00e9mu pop\u00edjen\u00ed. V chuti se projevuj\u00ed zejm\u00e9na t\u00f3ny tmav\u00e9ho cukru demerara, melasy a karamelu, ale tak\u00e9 tab\u00e1ku, [&hellip;]<\/p>\n","protected":false},"featured_media":1053,"template":"","meta":{"_acf_changed":false},"product_brand":[146],"product_cat":[117],"product_tag":[],"class_list":{"0":"post-1148","1":"product","2":"type-product","3":"status-publish","4":"has-post-thumbnail","6":"product_brand-pussers","7":"product_cat-rum","8":"pa_cena-za-004-l","9":"pa_obsah-alkoholu-21","10":"pa_zeme-trinidad","12":"first","13":"instock","14":"shipping-taxable","15":"purchasable","16":"product-type-simple"},"acf":[],"yoast_head":"<!-- This site is optimized with the Yoast SEO plugin v27.5 - https:\/\/yoast.com\/product\/yoast-seo-wordpress\/ -->\n<title>Pusser&#039;s 15 y.o.<\/title>\n<meta name=\"description\" content=\"P\u00e1tn\u00e1ctilet\u00fd rum Pusser\u2019s je vyr\u00e1b\u011bn v mal\u00fdch s\u00e9ri\u00edch. Blend je siln\u011b ovlivn\u011bn stolet\u00fdm destila\u010dn\u00edm za\u0159\u00edzen\u00edm ze d\u0159eva, kter\u00e9 je d\u016fle\u017eitou sou\u010d\u00e1st\u00ed v\u00fdroby\" \/>\n<meta name=\"robots\" content=\"index, follow, max-snippet:-1, max-image-preview:large, max-video-preview:-1\" \/>\n<link rel=\"canonical\" href=\"https:\/\/richter.ceo\/coxs\/en\/product\/pussers-15-y-o\/\" \/>\n<meta property=\"og:locale\" content=\"en_GB\" \/>\n<meta property=\"og:type\" content=\"article\" \/>\n<meta property=\"og:title\" content=\"Pusser&#039;s 15 y.o.\" \/>\n<meta property=\"og:description\" content=\"P\u00e1tn\u00e1ctilet\u00fd rum Pusser\u2019s je vyr\u00e1b\u011bn v mal\u00fdch s\u00e9ri\u00edch. Blend je siln\u011b ovlivn\u011bn stolet\u00fdm destila\u010dn\u00edm za\u0159\u00edzen\u00edm ze d\u0159eva, kter\u00e9 je d\u016fle\u017eitou sou\u010d\u00e1st\u00ed v\u00fdroby\" \/>\n<meta property=\"og:url\" content=\"https:\/\/richter.ceo\/coxs\/en\/product\/pussers-15-y-o\/\" \/>\n<meta property=\"og:site_name\" content=\"COXS CLUB\" \/>\n<meta property=\"article:publisher\" content=\"https:\/\/www.facebook.com\/profile.php?id=100088204002615\" \/>\n<meta property=\"og:image\" content=\"https:\/\/richter.ceo\/coxs\/wp-content\/uploads\/sites\/4\/2025\/05\/1861_pussers_15yo_new_1.jpg\" \/>\n\t<meta property=\"og:image:width\" content=\"600\" \/>\n\t<meta property=\"og:image:height\" content=\"711\" \/>\n\t<meta property=\"og:image:type\" content=\"image\/jpeg\" \/>\n<meta name=\"twitter:card\" content=\"summary_large_image\" \/>\n<meta name=\"twitter:label1\" content=\"Estimated reading time\" \/>\n\t<meta name=\"twitter:data1\" content=\"1 minute\" \/>\n<script type=\"application\/ld+json\" class=\"yoast-schema-graph\">{\"@context\":\"https:\\\/\\\/schema.org\",\"@graph\":[{\"@type\":\"WebPage\",\"@id\":\"https:\\\/\\\/richter.ceo\\\/coxs\\\/produkt\\\/pussers-15-y-o\\\/\",\"url\":\"https:\\\/\\\/richter.ceo\\\/coxs\\\/produkt\\\/pussers-15-y-o\\\/\",\"name\":\"Pusser's 15 y.o.\",\"isPartOf\":{\"@id\":\"https:\\\/\\\/richter.ceo\\\/coxs\\\/en\\\/#website\"},\"primaryImageOfPage\":{\"@id\":\"https:\\\/\\\/richter.ceo\\\/coxs\\\/produkt\\\/pussers-15-y-o\\\/#primaryimage\"},\"image\":{\"@id\":\"https:\\\/\\\/richter.ceo\\\/coxs\\\/produkt\\\/pussers-15-y-o\\\/#primaryimage\"},\"thumbnailUrl\":\"https:\\\/\\\/richter.ceo\\\/coxs\\\/wp-content\\\/uploads\\\/sites\\\/4\\\/2025\\\/05\\\/1861_pussers_15yo_new_1.jpg\",\"datePublished\":\"2025-05-13T17:49:13+00:00\",\"description\":\"P\u00e1tn\u00e1ctilet\u00fd rum Pusser\u2019s je vyr\u00e1b\u011bn v mal\u00fdch s\u00e9ri\u00edch. Blend je siln\u011b ovlivn\u011bn stolet\u00fdm destila\u010dn\u00edm za\u0159\u00edzen\u00edm ze d\u0159eva, kter\u00e9 je d\u016fle\u017eitou sou\u010d\u00e1st\u00ed v\u00fdroby\",\"breadcrumb\":{\"@id\":\"https:\\\/\\\/richter.ceo\\\/coxs\\\/produkt\\\/pussers-15-y-o\\\/#breadcrumb\"},\"inLanguage\":\"en-GB\",\"potentialAction\":[{\"@type\":\"ReadAction\",\"target\":[\"https:\\\/\\\/richter.ceo\\\/coxs\\\/produkt\\\/pussers-15-y-o\\\/\"]}]},{\"@type\":\"ImageObject\",\"inLanguage\":\"en-GB\",\"@id\":\"https:\\\/\\\/richter.ceo\\\/coxs\\\/produkt\\\/pussers-15-y-o\\\/#primaryimage\",\"url\":\"https:\\\/\\\/richter.ceo\\\/coxs\\\/wp-content\\\/uploads\\\/sites\\\/4\\\/2025\\\/05\\\/1861_pussers_15yo_new_1.jpg\",\"contentUrl\":\"https:\\\/\\\/richter.ceo\\\/coxs\\\/wp-content\\\/uploads\\\/sites\\\/4\\\/2025\\\/05\\\/1861_pussers_15yo_new_1.jpg\",\"width\":600,\"height\":711,\"caption\":\"COXS CLUB\"},{\"@type\":\"BreadcrumbList\",\"@id\":\"https:\\\/\\\/richter.ceo\\\/coxs\\\/produkt\\\/pussers-15-y-o\\\/#breadcrumb\",\"itemListElement\":[{\"@type\":\"ListItem\",\"position\":1,\"name\":\"Dom\u016f\",\"item\":\"https:\\\/\\\/richter.ceo\\\/coxs\\\/\"},{\"@type\":\"ListItem\",\"position\":2,\"name\":\"N\u00c1POJE\",\"item\":\"https:\\\/\\\/richter.ceo\\\/coxs\\\/en\\\/napoje\\\/\"},{\"@type\":\"ListItem\",\"position\":3,\"name\":\"Pusser&#8217;s 15 y.o.\"}]},{\"@type\":\"WebSite\",\"@id\":\"https:\\\/\\\/richter.ceo\\\/coxs\\\/en\\\/#website\",\"url\":\"https:\\\/\\\/richter.ceo\\\/coxs\\\/en\\\/\",\"name\":\"COXS CLUB\",\"description\":\"Beton a Rum\",\"publisher\":{\"@id\":\"https:\\\/\\\/richter.ceo\\\/coxs\\\/en\\\/#organization\"},\"potentialAction\":[{\"@type\":\"SearchAction\",\"target\":{\"@type\":\"EntryPoint\",\"urlTemplate\":\"https:\\\/\\\/richter.ceo\\\/coxs\\\/en\\\/?s={search_term_string}\"},\"query-input\":{\"@type\":\"PropertyValueSpecification\",\"valueRequired\":true,\"valueName\":\"search_term_string\"}}],\"inLanguage\":\"en-GB\"},{\"@type\":\"Organization\",\"@id\":\"https:\\\/\\\/richter.ceo\\\/coxs\\\/en\\\/#organization\",\"name\":\"COXS CLUB\",\"url\":\"https:\\\/\\\/richter.ceo\\\/coxs\\\/en\\\/\",\"logo\":{\"@type\":\"ImageObject\",\"inLanguage\":\"en-GB\",\"@id\":\"https:\\\/\\\/richter.ceo\\\/coxs\\\/en\\\/#\\\/schema\\\/logo\\\/image\\\/\",\"url\":\"http:\\\/\\\/richter.ceo\\\/coxs\\\/wp-content\\\/uploads\\\/sites\\\/4\\\/2025\\\/05\\\/FAVICON-dark.webp\",\"contentUrl\":\"http:\\\/\\\/richter.ceo\\\/coxs\\\/wp-content\\\/uploads\\\/sites\\\/4\\\/2025\\\/05\\\/FAVICON-dark.webp\",\"width\":512,\"height\":512,\"caption\":\"COXS CLUB\"},\"image\":{\"@id\":\"https:\\\/\\\/richter.ceo\\\/coxs\\\/en\\\/#\\\/schema\\\/logo\\\/image\\\/\"},\"sameAs\":[\"https:\\\/\\\/www.facebook.com\\\/profile.php?id=100088204002615\",\"https:\\\/\\\/www.instagram.com\\\/coxs_coxs\\\/\"]}]}<\/script>\n<!-- \/ Yoast SEO plugin. -->","yoast_head_json":{"title":"Pusser's 15 y.o.","description":"P\u00e1tn\u00e1ctilet\u00fd rum Pusser\u2019s je vyr\u00e1b\u011bn v mal\u00fdch s\u00e9ri\u00edch. Blend je siln\u011b ovlivn\u011bn stolet\u00fdm destila\u010dn\u00edm za\u0159\u00edzen\u00edm ze d\u0159eva, kter\u00e9 je d\u016fle\u017eitou sou\u010d\u00e1st\u00ed v\u00fdroby","robots":{"index":"index","follow":"follow","max-snippet":"max-snippet:-1","max-image-preview":"max-image-preview:large","max-video-preview":"max-video-preview:-1"},"canonical":"https:\/\/richter.ceo\/coxs\/en\/product\/pussers-15-y-o\/","og_locale":"en_GB","og_type":"article","og_title":"Pusser's 15 y.o.","og_description":"P\u00e1tn\u00e1ctilet\u00fd rum Pusser\u2019s je vyr\u00e1b\u011bn v mal\u00fdch s\u00e9ri\u00edch. Blend je siln\u011b ovlivn\u011bn stolet\u00fdm destila\u010dn\u00edm za\u0159\u00edzen\u00edm ze d\u0159eva, kter\u00e9 je d\u016fle\u017eitou sou\u010d\u00e1st\u00ed v\u00fdroby","og_url":"https:\/\/richter.ceo\/coxs\/en\/product\/pussers-15-y-o\/","og_site_name":"COXS CLUB","article_publisher":"https:\/\/www.facebook.com\/profile.php?id=100088204002615","og_image":[{"width":600,"height":711,"url":"https:\/\/richter.ceo\/coxs\/wp-content\/uploads\/sites\/4\/2025\/05\/1861_pussers_15yo_new_1.jpg","type":"image\/jpeg"}],"twitter_card":"summary_large_image","twitter_misc":{"Estimated reading time":"1 minute"},"schema":{"@context":"https:\/\/schema.org","@graph":[{"@type":"WebPage","@id":"https:\/\/richter.ceo\/coxs\/produkt\/pussers-15-y-o\/","url":"https:\/\/richter.ceo\/coxs\/produkt\/pussers-15-y-o\/","name":"Pusser's 15 y.o.","isPartOf":{"@id":"https:\/\/richter.ceo\/coxs\/en\/#website"},"primaryImageOfPage":{"@id":"https:\/\/richter.ceo\/coxs\/produkt\/pussers-15-y-o\/#primaryimage"},"image":{"@id":"https:\/\/richter.ceo\/coxs\/produkt\/pussers-15-y-o\/#primaryimage"},"thumbnailUrl":"https:\/\/richter.ceo\/coxs\/wp-content\/uploads\/sites\/4\/2025\/05\/1861_pussers_15yo_new_1.jpg","datePublished":"2025-05-13T17:49:13+00:00","description":"P\u00e1tn\u00e1ctilet\u00fd rum Pusser\u2019s je vyr\u00e1b\u011bn v mal\u00fdch s\u00e9ri\u00edch. Blend je siln\u011b ovlivn\u011bn stolet\u00fdm destila\u010dn\u00edm za\u0159\u00edzen\u00edm ze d\u0159eva, kter\u00e9 je d\u016fle\u017eitou sou\u010d\u00e1st\u00ed v\u00fdroby","breadcrumb":{"@id":"https:\/\/richter.ceo\/coxs\/produkt\/pussers-15-y-o\/#breadcrumb"},"inLanguage":"en-GB","potentialAction":[{"@type":"ReadAction","target":["https:\/\/richter.ceo\/coxs\/produkt\/pussers-15-y-o\/"]}]},{"@type":"ImageObject","inLanguage":"en-GB","@id":"https:\/\/richter.ceo\/coxs\/produkt\/pussers-15-y-o\/#primaryimage","url":"https:\/\/richter.ceo\/coxs\/wp-content\/uploads\/sites\/4\/2025\/05\/1861_pussers_15yo_new_1.jpg","contentUrl":"https:\/\/richter.ceo\/coxs\/wp-content\/uploads\/sites\/4\/2025\/05\/1861_pussers_15yo_new_1.jpg","width":600,"height":711,"caption":"COXS CLUB"},{"@type":"BreadcrumbList","@id":"https:\/\/richter.ceo\/coxs\/produkt\/pussers-15-y-o\/#breadcrumb","itemListElement":[{"@type":"ListItem","position":1,"name":"Dom\u016f","item":"https:\/\/richter.ceo\/coxs\/"},{"@type":"ListItem","position":2,"name":"N\u00c1POJE","item":"https:\/\/richter.ceo\/coxs\/en\/napoje\/"},{"@type":"ListItem","position":3,"name":"Pusser&#8217;s 15 y.o."}]},{"@type":"WebSite","@id":"https:\/\/richter.ceo\/coxs\/en\/#website","url":"https:\/\/richter.ceo\/coxs\/en\/","name":"COXS CLUB","description":"Beton a Rum","publisher":{"@id":"https:\/\/richter.ceo\/coxs\/en\/#organization"},"potentialAction":[{"@type":"SearchAction","target":{"@type":"EntryPoint","urlTemplate":"https:\/\/richter.ceo\/coxs\/en\/?s={search_term_string}"},"query-input":{"@type":"PropertyValueSpecification","valueRequired":true,"valueName":"search_term_string"}}],"inLanguage":"en-GB"},{"@type":"Organization","@id":"https:\/\/richter.ceo\/coxs\/en\/#organization","name":"COXS CLUB","url":"https:\/\/richter.ceo\/coxs\/en\/","logo":{"@type":"ImageObject","inLanguage":"en-GB","@id":"https:\/\/richter.ceo\/coxs\/en\/#\/schema\/logo\/image\/","url":"http:\/\/richter.ceo\/coxs\/wp-content\/uploads\/sites\/4\/2025\/05\/FAVICON-dark.webp","contentUrl":"http:\/\/richter.ceo\/coxs\/wp-content\/uploads\/sites\/4\/2025\/05\/FAVICON-dark.webp","width":512,"height":512,"caption":"COXS CLUB"},"image":{"@id":"https:\/\/richter.ceo\/coxs\/en\/#\/schema\/logo\/image\/"},"sameAs":["https:\/\/www.facebook.com\/profile.php?id=100088204002615","https:\/\/www.instagram.com\/coxs_coxs\/"]}]}},"_links":{"self":[{"href":"https:\/\/richter.ceo\/coxs\/en\/wp-json\/wp\/v2\/product\/1148","targetHints":{"allow":["GET"]}}],"collection":[{"href":"https:\/\/richter.ceo\/coxs\/en\/wp-json\/wp\/v2\/product"}],"about":[{"href":"https:\/\/richter.ceo\/coxs\/en\/wp-json\/wp\/v2\/types\/product"}],"wp:featuredmedia":[{"embeddable":true,"href":"https:\/\/richter.ceo\/coxs\/en\/wp-json\/wp\/v2\/media\/1053"}],"wp:attachment":[{"href":"https:\/\/richter.ceo\/coxs\/en\/wp-json\/wp\/v2\/media?parent=1148"}],"wp:term":[{"taxonomy":"product_brand","embeddable":true,"href":"https:\/\/richter.ceo\/coxs\/en\/wp-json\/wp\/v2\/product_brand?post=1148"},{"taxonomy":"product_cat","embeddable":true,"href":"https:\/\/richter.ceo\/coxs\/en\/wp-json\/wp\/v2\/product_cat?post=1148"},{"taxonomy":"product_tag","embeddable":true,"href":"https:\/\/richter.ceo\/coxs\/en\/wp-json\/wp\/v2\/product_tag?post=1148"}],"curies":[{"name":"wp","href":"https:\/\/api.w.org\/{rel}","templated":true}]}}