{"id":1298,"date":"2025-05-14T13:42:22","date_gmt":"2025-05-14T11:42:22","guid":{"rendered":"https:\/\/richter.ceo\/coxs\/?post_type=product&#038;p=1298"},"modified":"2025-05-14T13:42:22","modified_gmt":"2025-05-14T11:42:22","slug":"botran-cobre","status":"publish","type":"product","link":"https:\/\/richter.ceo\/coxs\/en\/product\/botran-cobre\/","title":{"rendered":"Botran Cobre"},"content":{"rendered":"<div class=\"elementor-column elementor-col-50 elementor-inner-column elementor-element elementor-element-df5ea97\" data-id=\"df5ea97\" data-element_type=\"column\">\n<div class=\"elementor-widget-wrap elementor-element-populated\">\n<div class=\"elementor-element elementor-element-5f45f876 elementor-widget elementor-widget-woocommerce-product-short-description\" data-id=\"5f45f876\" data-element_type=\"widget\" data-widget_type=\"woocommerce-product-short-description.default\">\n<div class=\"elementor-widget-container\">\n<div class=\"woocommerce-product-details__short-description\">\n<p>Unik\u00e1tn\u00ed chu\u0165 t\u00e9to limitovan\u00e9 edice vznik\u00e1 destilac\u00ed v m\u011bd\u011bn\u00fdch kotl\u00edch, uvnit\u0159 kter\u00fdch je um\u00edst\u011bn ko\u0161\u00edk s kardamomem, sko\u0159ic\u00ed, z\u00e1zvorem a h\u0159eb\u00ed\u010dkem. Tento proces, b\u011bhem kter\u00e9ho se do p\u00e1ry dost\u00e1vaj\u00ed t\u00f3ny ko\u0159en\u00ed, d\u00e1v\u00e1 rumu Botran Cobre nejen jeho jm\u00e9no (\u201ecobre\u201c ve \u0161pan\u011bl\u0161tin\u011b znamen\u00e1 \u201em\u011b\u010f\u201c), ale tak\u00e9 jeho charakter. Po destilaci rum zraje syst\u00e9mem solera a\u017e 20 let. Nejmlad\u0161\u00ed rumy p\u0159isp\u00edvaj\u00ed ko\u0159en\u011bnost\u00ed, zat\u00edmco ty nejstar\u0161\u00ed, zraj\u00edc\u00ed v sudech po portsk\u00e9m, dod\u00e1vaj\u00ed jedine\u010dn\u00fd charakter. Komplexn\u00ed chu\u0165 odkr\u00fdv\u00e1 skv\u011bl\u00fd pom\u011br sladkosti a ko\u0159en\u011bnosti, z\u016fst\u00e1v\u00e1 dlouho na pat\u0159e a umo\u017e\u0148uje tak vychutnat si t\u00f3ny pou\u017eit\u00e9ho ko\u0159en\u00ed. Rum neobsahuje p\u0159idan\u00fd cukr ani jin\u00e1 sladidla.<\/p>\n<\/div>\n<\/div>\n<\/div>\n<\/div>\n<\/div>","protected":false},"excerpt":{"rendered":"<p>Unik\u00e1tn\u00ed chu\u0165 t\u00e9to limitovan\u00e9 edice vznik\u00e1 destilac\u00ed v m\u011bd\u011bn\u00fdch kotl\u00edch, uvnit\u0159 kter\u00fdch je um\u00edst\u011bn ko\u0161\u00edk s kardamomem, sko\u0159ic\u00ed, z\u00e1zvorem a h\u0159eb\u00ed\u010dkem. Tento proces, b\u011bhem kter\u00e9ho se do p\u00e1ry dost\u00e1vaj\u00ed t\u00f3ny ko\u0159en\u00ed, d\u00e1v\u00e1 rumu Botran Cobre nejen jeho jm\u00e9no (\u201ecobre\u201c ve \u0161pan\u011bl\u0161tin\u011b znamen\u00e1 \u201em\u011b\u010f\u201c), ale tak\u00e9 jeho charakter. Po destilaci rum zraje syst\u00e9mem solera a\u017e 20 [&hellip;]<\/p>\n","protected":false},"featured_media":1193,"template":"","meta":{"_acf_changed":false},"product_brand":[167],"product_cat":[117],"product_tag":[],"class_list":{"0":"post-1298","1":"product","2":"type-product","3":"status-publish","4":"has-post-thumbnail","6":"product_brand-botran","7":"product_cat-rum","8":"pa_cena-za-004-l","9":"pa_obsah-alkoholu-34","10":"pa_zeme-guatemala","12":"first","13":"instock","14":"shipping-taxable","15":"purchasable","16":"product-type-simple"},"acf":[],"yoast_head":"<!-- This site is optimized with the Yoast SEO plugin v27.5 - https:\/\/yoast.com\/product\/yoast-seo-wordpress\/ -->\n<title>Botran Cobre<\/title>\n<meta name=\"description\" content=\"Unik\u00e1tn\u00ed chu\u0165 t\u00e9to limitovan\u00e9 edice vznik\u00e1 destilac\u00ed v m\u011bd\u011bn\u00fdch kotl\u00edch, uvnit\u0159 kter\u00fdch je um\u00edst\u011bn ko\u0161\u00edk s kardamomem, sko\u0159ic\u00ed, z\u00e1zvorem a h\u0159eb\u00ed\u010dkem.\" \/>\n<meta name=\"robots\" content=\"index, follow, max-snippet:-1, max-image-preview:large, max-video-preview:-1\" \/>\n<link rel=\"canonical\" href=\"https:\/\/richter.ceo\/coxs\/en\/product\/botran-cobre\/\" \/>\n<meta property=\"og:locale\" content=\"en_GB\" \/>\n<meta property=\"og:type\" content=\"article\" \/>\n<meta property=\"og:title\" content=\"Botran Cobre\" \/>\n<meta property=\"og:description\" content=\"Unik\u00e1tn\u00ed chu\u0165 t\u00e9to limitovan\u00e9 edice vznik\u00e1 destilac\u00ed v m\u011bd\u011bn\u00fdch kotl\u00edch, uvnit\u0159 kter\u00fdch je um\u00edst\u011bn ko\u0161\u00edk s kardamomem, sko\u0159ic\u00ed, z\u00e1zvorem a h\u0159eb\u00ed\u010dkem.\" \/>\n<meta property=\"og:url\" content=\"https:\/\/richter.ceo\/coxs\/en\/product\/botran-cobre\/\" \/>\n<meta property=\"og:site_name\" content=\"COXS CLUB\" \/>\n<meta property=\"article:publisher\" content=\"https:\/\/www.facebook.com\/profile.php?id=100088204002615\" \/>\n<meta property=\"og:image\" content=\"https:\/\/richter.ceo\/coxs\/wp-content\/uploads\/sites\/4\/2025\/05\/2604_botran_cobre_2-864x1024-1.jpg\" \/>\n\t<meta property=\"og:image:width\" content=\"864\" \/>\n\t<meta property=\"og:image:height\" content=\"1024\" \/>\n\t<meta property=\"og:image:type\" content=\"image\/jpeg\" \/>\n<meta name=\"twitter:card\" content=\"summary_large_image\" \/>\n<meta name=\"twitter:label1\" content=\"Estimated reading time\" \/>\n\t<meta name=\"twitter:data1\" content=\"1 minute\" \/>\n<script type=\"application\/ld+json\" class=\"yoast-schema-graph\">{\"@context\":\"https:\\\/\\\/schema.org\",\"@graph\":[{\"@type\":\"WebPage\",\"@id\":\"https:\\\/\\\/richter.ceo\\\/coxs\\\/produkt\\\/botran-cobre\\\/\",\"url\":\"https:\\\/\\\/richter.ceo\\\/coxs\\\/produkt\\\/botran-cobre\\\/\",\"name\":\"Botran Cobre\",\"isPartOf\":{\"@id\":\"https:\\\/\\\/richter.ceo\\\/coxs\\\/en\\\/#website\"},\"primaryImageOfPage\":{\"@id\":\"https:\\\/\\\/richter.ceo\\\/coxs\\\/produkt\\\/botran-cobre\\\/#primaryimage\"},\"image\":{\"@id\":\"https:\\\/\\\/richter.ceo\\\/coxs\\\/produkt\\\/botran-cobre\\\/#primaryimage\"},\"thumbnailUrl\":\"https:\\\/\\\/richter.ceo\\\/coxs\\\/wp-content\\\/uploads\\\/sites\\\/4\\\/2025\\\/05\\\/2604_botran_cobre_2-864x1024-1.jpg\",\"datePublished\":\"2025-05-14T11:42:22+00:00\",\"description\":\"Unik\u00e1tn\u00ed chu\u0165 t\u00e9to limitovan\u00e9 edice vznik\u00e1 destilac\u00ed v m\u011bd\u011bn\u00fdch kotl\u00edch, uvnit\u0159 kter\u00fdch je um\u00edst\u011bn ko\u0161\u00edk s kardamomem, sko\u0159ic\u00ed, z\u00e1zvorem a h\u0159eb\u00ed\u010dkem.\",\"breadcrumb\":{\"@id\":\"https:\\\/\\\/richter.ceo\\\/coxs\\\/produkt\\\/botran-cobre\\\/#breadcrumb\"},\"inLanguage\":\"en-GB\",\"potentialAction\":[{\"@type\":\"ReadAction\",\"target\":[\"https:\\\/\\\/richter.ceo\\\/coxs\\\/produkt\\\/botran-cobre\\\/\"]}]},{\"@type\":\"ImageObject\",\"inLanguage\":\"en-GB\",\"@id\":\"https:\\\/\\\/richter.ceo\\\/coxs\\\/produkt\\\/botran-cobre\\\/#primaryimage\",\"url\":\"https:\\\/\\\/richter.ceo\\\/coxs\\\/wp-content\\\/uploads\\\/sites\\\/4\\\/2025\\\/05\\\/2604_botran_cobre_2-864x1024-1.jpg\",\"contentUrl\":\"https:\\\/\\\/richter.ceo\\\/coxs\\\/wp-content\\\/uploads\\\/sites\\\/4\\\/2025\\\/05\\\/2604_botran_cobre_2-864x1024-1.jpg\",\"width\":864,\"height\":1024,\"caption\":\"COXS CLUB\"},{\"@type\":\"BreadcrumbList\",\"@id\":\"https:\\\/\\\/richter.ceo\\\/coxs\\\/produkt\\\/botran-cobre\\\/#breadcrumb\",\"itemListElement\":[{\"@type\":\"ListItem\",\"position\":1,\"name\":\"Dom\u016f\",\"item\":\"https:\\\/\\\/richter.ceo\\\/coxs\\\/\"},{\"@type\":\"ListItem\",\"position\":2,\"name\":\"N\u00c1POJE\",\"item\":\"https:\\\/\\\/richter.ceo\\\/coxs\\\/en\\\/napoje\\\/\"},{\"@type\":\"ListItem\",\"position\":3,\"name\":\"Botran Cobre\"}]},{\"@type\":\"WebSite\",\"@id\":\"https:\\\/\\\/richter.ceo\\\/coxs\\\/en\\\/#website\",\"url\":\"https:\\\/\\\/richter.ceo\\\/coxs\\\/en\\\/\",\"name\":\"COXS CLUB\",\"description\":\"Beton a Rum\",\"publisher\":{\"@id\":\"https:\\\/\\\/richter.ceo\\\/coxs\\\/en\\\/#organization\"},\"potentialAction\":[{\"@type\":\"SearchAction\",\"target\":{\"@type\":\"EntryPoint\",\"urlTemplate\":\"https:\\\/\\\/richter.ceo\\\/coxs\\\/en\\\/?s={search_term_string}\"},\"query-input\":{\"@type\":\"PropertyValueSpecification\",\"valueRequired\":true,\"valueName\":\"search_term_string\"}}],\"inLanguage\":\"en-GB\"},{\"@type\":\"Organization\",\"@id\":\"https:\\\/\\\/richter.ceo\\\/coxs\\\/en\\\/#organization\",\"name\":\"COXS CLUB\",\"url\":\"https:\\\/\\\/richter.ceo\\\/coxs\\\/en\\\/\",\"logo\":{\"@type\":\"ImageObject\",\"inLanguage\":\"en-GB\",\"@id\":\"https:\\\/\\\/richter.ceo\\\/coxs\\\/en\\\/#\\\/schema\\\/logo\\\/image\\\/\",\"url\":\"http:\\\/\\\/richter.ceo\\\/coxs\\\/wp-content\\\/uploads\\\/sites\\\/4\\\/2025\\\/05\\\/FAVICON-dark.webp\",\"contentUrl\":\"http:\\\/\\\/richter.ceo\\\/coxs\\\/wp-content\\\/uploads\\\/sites\\\/4\\\/2025\\\/05\\\/FAVICON-dark.webp\",\"width\":512,\"height\":512,\"caption\":\"COXS CLUB\"},\"image\":{\"@id\":\"https:\\\/\\\/richter.ceo\\\/coxs\\\/en\\\/#\\\/schema\\\/logo\\\/image\\\/\"},\"sameAs\":[\"https:\\\/\\\/www.facebook.com\\\/profile.php?id=100088204002615\",\"https:\\\/\\\/www.instagram.com\\\/coxs_coxs\\\/\"]}]}<\/script>\n<!-- \/ Yoast SEO plugin. -->","yoast_head_json":{"title":"Botran Cobre","description":"Unik\u00e1tn\u00ed chu\u0165 t\u00e9to limitovan\u00e9 edice vznik\u00e1 destilac\u00ed v m\u011bd\u011bn\u00fdch kotl\u00edch, uvnit\u0159 kter\u00fdch je um\u00edst\u011bn ko\u0161\u00edk s kardamomem, sko\u0159ic\u00ed, z\u00e1zvorem a h\u0159eb\u00ed\u010dkem.","robots":{"index":"index","follow":"follow","max-snippet":"max-snippet:-1","max-image-preview":"max-image-preview:large","max-video-preview":"max-video-preview:-1"},"canonical":"https:\/\/richter.ceo\/coxs\/en\/product\/botran-cobre\/","og_locale":"en_GB","og_type":"article","og_title":"Botran Cobre","og_description":"Unik\u00e1tn\u00ed chu\u0165 t\u00e9to limitovan\u00e9 edice vznik\u00e1 destilac\u00ed v m\u011bd\u011bn\u00fdch kotl\u00edch, uvnit\u0159 kter\u00fdch je um\u00edst\u011bn ko\u0161\u00edk s kardamomem, sko\u0159ic\u00ed, z\u00e1zvorem a h\u0159eb\u00ed\u010dkem.","og_url":"https:\/\/richter.ceo\/coxs\/en\/product\/botran-cobre\/","og_site_name":"COXS CLUB","article_publisher":"https:\/\/www.facebook.com\/profile.php?id=100088204002615","og_image":[{"width":864,"height":1024,"url":"https:\/\/richter.ceo\/coxs\/wp-content\/uploads\/sites\/4\/2025\/05\/2604_botran_cobre_2-864x1024-1.jpg","type":"image\/jpeg"}],"twitter_card":"summary_large_image","twitter_misc":{"Estimated reading time":"1 minute"},"schema":{"@context":"https:\/\/schema.org","@graph":[{"@type":"WebPage","@id":"https:\/\/richter.ceo\/coxs\/produkt\/botran-cobre\/","url":"https:\/\/richter.ceo\/coxs\/produkt\/botran-cobre\/","name":"Botran Cobre","isPartOf":{"@id":"https:\/\/richter.ceo\/coxs\/en\/#website"},"primaryImageOfPage":{"@id":"https:\/\/richter.ceo\/coxs\/produkt\/botran-cobre\/#primaryimage"},"image":{"@id":"https:\/\/richter.ceo\/coxs\/produkt\/botran-cobre\/#primaryimage"},"thumbnailUrl":"https:\/\/richter.ceo\/coxs\/wp-content\/uploads\/sites\/4\/2025\/05\/2604_botran_cobre_2-864x1024-1.jpg","datePublished":"2025-05-14T11:42:22+00:00","description":"Unik\u00e1tn\u00ed chu\u0165 t\u00e9to limitovan\u00e9 edice vznik\u00e1 destilac\u00ed v m\u011bd\u011bn\u00fdch kotl\u00edch, uvnit\u0159 kter\u00fdch je um\u00edst\u011bn ko\u0161\u00edk s kardamomem, sko\u0159ic\u00ed, z\u00e1zvorem a h\u0159eb\u00ed\u010dkem.","breadcrumb":{"@id":"https:\/\/richter.ceo\/coxs\/produkt\/botran-cobre\/#breadcrumb"},"inLanguage":"en-GB","potentialAction":[{"@type":"ReadAction","target":["https:\/\/richter.ceo\/coxs\/produkt\/botran-cobre\/"]}]},{"@type":"ImageObject","inLanguage":"en-GB","@id":"https:\/\/richter.ceo\/coxs\/produkt\/botran-cobre\/#primaryimage","url":"https:\/\/richter.ceo\/coxs\/wp-content\/uploads\/sites\/4\/2025\/05\/2604_botran_cobre_2-864x1024-1.jpg","contentUrl":"https:\/\/richter.ceo\/coxs\/wp-content\/uploads\/sites\/4\/2025\/05\/2604_botran_cobre_2-864x1024-1.jpg","width":864,"height":1024,"caption":"COXS CLUB"},{"@type":"BreadcrumbList","@id":"https:\/\/richter.ceo\/coxs\/produkt\/botran-cobre\/#breadcrumb","itemListElement":[{"@type":"ListItem","position":1,"name":"Dom\u016f","item":"https:\/\/richter.ceo\/coxs\/"},{"@type":"ListItem","position":2,"name":"N\u00c1POJE","item":"https:\/\/richter.ceo\/coxs\/en\/napoje\/"},{"@type":"ListItem","position":3,"name":"Botran Cobre"}]},{"@type":"WebSite","@id":"https:\/\/richter.ceo\/coxs\/en\/#website","url":"https:\/\/richter.ceo\/coxs\/en\/","name":"COXS CLUB","description":"Beton a Rum","publisher":{"@id":"https:\/\/richter.ceo\/coxs\/en\/#organization"},"potentialAction":[{"@type":"SearchAction","target":{"@type":"EntryPoint","urlTemplate":"https:\/\/richter.ceo\/coxs\/en\/?s={search_term_string}"},"query-input":{"@type":"PropertyValueSpecification","valueRequired":true,"valueName":"search_term_string"}}],"inLanguage":"en-GB"},{"@type":"Organization","@id":"https:\/\/richter.ceo\/coxs\/en\/#organization","name":"COXS CLUB","url":"https:\/\/richter.ceo\/coxs\/en\/","logo":{"@type":"ImageObject","inLanguage":"en-GB","@id":"https:\/\/richter.ceo\/coxs\/en\/#\/schema\/logo\/image\/","url":"http:\/\/richter.ceo\/coxs\/wp-content\/uploads\/sites\/4\/2025\/05\/FAVICON-dark.webp","contentUrl":"http:\/\/richter.ceo\/coxs\/wp-content\/uploads\/sites\/4\/2025\/05\/FAVICON-dark.webp","width":512,"height":512,"caption":"COXS CLUB"},"image":{"@id":"https:\/\/richter.ceo\/coxs\/en\/#\/schema\/logo\/image\/"},"sameAs":["https:\/\/www.facebook.com\/profile.php?id=100088204002615","https:\/\/www.instagram.com\/coxs_coxs\/"]}]}},"_links":{"self":[{"href":"https:\/\/richter.ceo\/coxs\/en\/wp-json\/wp\/v2\/product\/1298","targetHints":{"allow":["GET"]}}],"collection":[{"href":"https:\/\/richter.ceo\/coxs\/en\/wp-json\/wp\/v2\/product"}],"about":[{"href":"https:\/\/richter.ceo\/coxs\/en\/wp-json\/wp\/v2\/types\/product"}],"wp:featuredmedia":[{"embeddable":true,"href":"https:\/\/richter.ceo\/coxs\/en\/wp-json\/wp\/v2\/media\/1193"}],"wp:attachment":[{"href":"https:\/\/richter.ceo\/coxs\/en\/wp-json\/wp\/v2\/media?parent=1298"}],"wp:term":[{"taxonomy":"product_brand","embeddable":true,"href":"https:\/\/richter.ceo\/coxs\/en\/wp-json\/wp\/v2\/product_brand?post=1298"},{"taxonomy":"product_cat","embeddable":true,"href":"https:\/\/richter.ceo\/coxs\/en\/wp-json\/wp\/v2\/product_cat?post=1298"},{"taxonomy":"product_tag","embeddable":true,"href":"https:\/\/richter.ceo\/coxs\/en\/wp-json\/wp\/v2\/product_tag?post=1298"}],"curies":[{"name":"wp","href":"https:\/\/api.w.org\/{rel}","templated":true}]}}