{"id":1312,"date":"2025-05-14T14:50:41","date_gmt":"2025-05-14T12:50:41","guid":{"rendered":"https:\/\/richter.ceo\/coxs\/?post_type=product&#038;p=1312"},"modified":"2025-05-14T14:50:42","modified_gmt":"2025-05-14T12:50:42","slug":"cihuatan-nikte","status":"publish","type":"product","link":"https:\/\/richter.ceo\/coxs\/en\/product\/cihuatan-nikte\/","title":{"rendered":"Cihuat\u00e1n Nikt\u00e9"},"content":{"rendered":"<p>Rumy Cihuat\u00e1n jsou ru\u010dn\u011b vyr\u00e1b\u011bny ve stejnojmenn\u00e9m \u00fadol\u00ed v El Salvadoru, v destilerii, je\u017e byla zalo\u017eena roku 2004 a je jedinou pal\u00edrnou v zemi. Je poh\u00e1n\u011bna obnovitelnou energi\u00ed, kterou \u010derp\u00e1 z vylisovan\u00fdch zbytk\u016f cukrov\u00e9 t\u0159tiny. Inspirac\u00ed rum\u016f, na kter\u00e9 dohl\u00ed\u017e\u00ed master blenderka Gabriela Ayala, je maysk\u00fd odkaz m\u00edsta, odkud poch\u00e1zej\u00ed.<\/p>\n<p>&nbsp;<\/p>\n<p>Ron Cihuat\u00e1n Nikt\u00e9 je blendem \u010dty\u0159 rum\u016f star\u00fdch 12 a\u017e 15 let. Tato limitovan\u00e1 edice se zrodila k poct\u011b Kay Nikt\u00e9, mystick\u00e9ho maysk\u00e9ho festivalu kv\u011bt\u016f. B\u011bhem jeho oslav Mayov\u00e9 za svitu p\u016flm\u011bs\u00edce ob\u011btovali bezpo\u010det posv\u00e1tn\u00fdch okv\u011btn\u00edch l\u00edstk\u016f m\u011bs\u00ed\u010dn\u00ed bohyni. Master blenderka Gabriela Ayala byla z\u00e1rove\u0148 inspirovan\u00e1 tajuplnou bohyn\u00ed noci Sac Nict\u00e9 (v jazyce nahuatl \u201eb\u00edl\u00fd kv\u011bt\u201c), prchavou kv\u011btinou, je\u017e rozkv\u00e9t\u00e1 za jedin\u00e9 noci v roce. Ne\u017e za \u00fasvitu uvadne, napln\u00ed okoln\u00ed vzduch omamnou v\u016fn\u00ed medu a jasm\u00ednu. Gabriela se s touto rostlinou setkala poprv\u00e9 jako mal\u00e9 d\u00edt\u011b na babi\u010d\u010din\u011b zahrad\u011b. Cihuat\u00e1n Nikt\u00e9 vytvo\u0159ila tak, aby zachycoval nezapomenuteln\u00fd z\u00e1\u017eitek, jej\u017e si odnesl ka\u017ed\u00fd, komu se po\u0161t\u011bstilo pozorovat pom\u00edjivou kr\u00e1su tohoto kv\u011btu.<\/p>\n<p>&nbsp;<\/p>\n<p>Senzorick\u00fd profil: Jasm\u00edn, r\u016f\u017ee, salvadorsk\u00e9 divok\u00e9 orchideje, r\u016f\u017eov\u00fd pep\u0159, rambutan, palmov\u00e9 kv\u011bty, mu\u0161k\u00e1tov\u00fd o\u0159\u00ed\u0161ek.<\/p>\n<p>&nbsp;<\/p>\n<div class=\"elementor-column elementor-col-50 elementor-inner-column elementor-element elementor-element-df5ea97\" data-id=\"df5ea97\" data-element_type=\"column\">\n<div class=\"elementor-widget-wrap elementor-element-populated\">\n<div class=\"elementor-element elementor-element-5f45f876 elementor-widget elementor-widget-woocommerce-product-short-description\" data-id=\"5f45f876\" data-element_type=\"widget\" data-widget_type=\"woocommerce-product-short-description.default\">\n<div class=\"elementor-widget-container\">\n<div class=\"woocommerce-product-details__short-description\">\n<p>Poutav\u00fd design a pr\u00e9miov\u00e9 zhotoven\u00ed balen\u00ed podtrhuje uz\u00e1v\u011br l\u00e1hve i tuby, kter\u00fd je vyroben z p\u0159\u00edrodn\u00edho d\u0159eva, s vyryt\u00fdmi n\u00e1pisy a zdoben\u00edm. Nikt\u00e9 znamen\u00e1 v jazyce nahuatl \u201ekv\u011btina\u201c. Na etiket\u011b leto\u0161n\u00ed limitovan\u00e9 edice lze nal\u00e9zt zaj\u00edmavou symboliku, kter\u00e1 vych\u00e1z\u00ed z maysk\u00fdch tradic a p\u0159esv\u011bd\u010den\u00ed. \u017densk\u00e1 tv\u00e1\u0159 (nalevo i napravo) p\u0159edstavuje Ixchel, mayskou bohyni m\u011bs\u00edce. Kv\u011bty znamenaj\u00ed kr\u00e1su, had (napravo) moudrost a kr\u00e1l\u00edk (vpravo dole) plodnost. M\u011bs\u00edc v pozad\u00ed je symbolem evoluce a r\u016fstu, pyramida reprezentuje mayskou civilizaci.<\/p>\n<\/div>\n<\/div>\n<\/div>\n<\/div>\n<\/div>\n<p>&nbsp;<\/p>\n<p>&nbsp;<\/p>","protected":false},"excerpt":{"rendered":"<p>Rumy Cihuat\u00e1n jsou ru\u010dn\u011b vyr\u00e1b\u011bny ve stejnojmenn\u00e9m \u00fadol\u00ed v El Salvadoru, v destilerii, je\u017e byla zalo\u017eena roku 2004 a je jedinou pal\u00edrnou v zemi. Je poh\u00e1n\u011bna obnovitelnou energi\u00ed, kterou \u010derp\u00e1 z vylisovan\u00fdch zbytk\u016f cukrov\u00e9 t\u0159tiny. Inspirac\u00ed rum\u016f, na kter\u00e9 dohl\u00ed\u017e\u00ed master blenderka Gabriela Ayala, je maysk\u00fd odkaz m\u00edsta, odkud poch\u00e1zej\u00ed. &nbsp; Ron Cihuat\u00e1n Nikt\u00e9 je [&hellip;]<\/p>\n","protected":false},"featured_media":1198,"template":"","meta":{"_acf_changed":false},"product_brand":[179],"product_cat":[117],"product_tag":[],"class_list":{"0":"post-1312","1":"product","2":"type-product","3":"status-publish","4":"has-post-thumbnail","6":"product_brand-cihuatan","7":"product_cat-rum","8":"pa_cena-za-004-l","9":"pa_obsah-alkoholu-177","10":"pa_zeme-salvador","12":"first","13":"instock","14":"shipping-taxable","15":"purchasable","16":"product-type-simple"},"acf":[],"yoast_head":"<!-- This site is optimized with the Yoast SEO plugin v27.5 - https:\/\/yoast.com\/product\/yoast-seo-wordpress\/ -->\n<title>Cihuat\u00e1n Nikt\u00e9<\/title>\n<meta name=\"description\" content=\"Rumy Cihuat\u00e1n jsou ru\u010dn\u011b vyr\u00e1b\u011bny ve stejnojmenn\u00e9m \u00fadol\u00ed v El Salvadoru, v destilerii, je\u017e byla zalo\u017eena roku 2004 a je jedinou pal\u00edrnou v zemi. Je\" \/>\n<meta name=\"robots\" content=\"index, follow, max-snippet:-1, max-image-preview:large, max-video-preview:-1\" \/>\n<link rel=\"canonical\" href=\"https:\/\/richter.ceo\/coxs\/en\/product\/cihuatan-nikte\/\" \/>\n<meta property=\"og:locale\" content=\"en_GB\" \/>\n<meta property=\"og:type\" content=\"article\" \/>\n<meta property=\"og:title\" content=\"Cihuat\u00e1n Nikt\u00e9\" \/>\n<meta property=\"og:description\" content=\"Rumy Cihuat\u00e1n jsou ru\u010dn\u011b vyr\u00e1b\u011bny ve stejnojmenn\u00e9m \u00fadol\u00ed v El Salvadoru, v destilerii, je\u017e byla zalo\u017eena roku 2004 a je jedinou pal\u00edrnou v zemi. Je\" \/>\n<meta property=\"og:url\" content=\"https:\/\/richter.ceo\/coxs\/en\/product\/cihuatan-nikte\/\" \/>\n<meta property=\"og:site_name\" content=\"COXS CLUB\" \/>\n<meta property=\"article:publisher\" content=\"https:\/\/www.facebook.com\/profile.php?id=100088204002615\" \/>\n<meta property=\"article:modified_time\" content=\"2025-05-14T12:50:42+00:00\" \/>\n<meta property=\"og:image\" content=\"https:\/\/richter.ceo\/coxs\/wp-content\/uploads\/sites\/4\/2025\/05\/2758_cihuatan_nikte_2-864x1024-1.jpg\" \/>\n\t<meta property=\"og:image:width\" content=\"864\" \/>\n\t<meta property=\"og:image:height\" content=\"1024\" \/>\n\t<meta property=\"og:image:type\" content=\"image\/jpeg\" \/>\n<meta name=\"twitter:card\" content=\"summary_large_image\" \/>\n<meta name=\"twitter:label1\" content=\"Estimated reading time\" \/>\n\t<meta name=\"twitter:data1\" content=\"2 minutes\" \/>\n<script type=\"application\/ld+json\" class=\"yoast-schema-graph\">{\"@context\":\"https:\\\/\\\/schema.org\",\"@graph\":[{\"@type\":\"WebPage\",\"@id\":\"https:\\\/\\\/richter.ceo\\\/coxs\\\/produkt\\\/cihuatan-nikte\\\/\",\"url\":\"https:\\\/\\\/richter.ceo\\\/coxs\\\/produkt\\\/cihuatan-nikte\\\/\",\"name\":\"Cihuat\u00e1n Nikt\u00e9\",\"isPartOf\":{\"@id\":\"https:\\\/\\\/richter.ceo\\\/coxs\\\/en\\\/#website\"},\"primaryImageOfPage\":{\"@id\":\"https:\\\/\\\/richter.ceo\\\/coxs\\\/produkt\\\/cihuatan-nikte\\\/#primaryimage\"},\"image\":{\"@id\":\"https:\\\/\\\/richter.ceo\\\/coxs\\\/produkt\\\/cihuatan-nikte\\\/#primaryimage\"},\"thumbnailUrl\":\"https:\\\/\\\/richter.ceo\\\/coxs\\\/wp-content\\\/uploads\\\/sites\\\/4\\\/2025\\\/05\\\/2758_cihuatan_nikte_2-864x1024-1.jpg\",\"datePublished\":\"2025-05-14T12:50:41+00:00\",\"dateModified\":\"2025-05-14T12:50:42+00:00\",\"description\":\"Rumy Cihuat\u00e1n jsou ru\u010dn\u011b vyr\u00e1b\u011bny ve stejnojmenn\u00e9m \u00fadol\u00ed v El Salvadoru, v destilerii, je\u017e byla zalo\u017eena roku 2004 a je jedinou pal\u00edrnou v zemi. Je\",\"breadcrumb\":{\"@id\":\"https:\\\/\\\/richter.ceo\\\/coxs\\\/produkt\\\/cihuatan-nikte\\\/#breadcrumb\"},\"inLanguage\":\"en-GB\",\"potentialAction\":[{\"@type\":\"ReadAction\",\"target\":[\"https:\\\/\\\/richter.ceo\\\/coxs\\\/produkt\\\/cihuatan-nikte\\\/\"]}]},{\"@type\":\"ImageObject\",\"inLanguage\":\"en-GB\",\"@id\":\"https:\\\/\\\/richter.ceo\\\/coxs\\\/produkt\\\/cihuatan-nikte\\\/#primaryimage\",\"url\":\"https:\\\/\\\/richter.ceo\\\/coxs\\\/wp-content\\\/uploads\\\/sites\\\/4\\\/2025\\\/05\\\/2758_cihuatan_nikte_2-864x1024-1.jpg\",\"contentUrl\":\"https:\\\/\\\/richter.ceo\\\/coxs\\\/wp-content\\\/uploads\\\/sites\\\/4\\\/2025\\\/05\\\/2758_cihuatan_nikte_2-864x1024-1.jpg\",\"width\":864,\"height\":1024,\"caption\":\"COXS CLUB\"},{\"@type\":\"BreadcrumbList\",\"@id\":\"https:\\\/\\\/richter.ceo\\\/coxs\\\/produkt\\\/cihuatan-nikte\\\/#breadcrumb\",\"itemListElement\":[{\"@type\":\"ListItem\",\"position\":1,\"name\":\"Dom\u016f\",\"item\":\"https:\\\/\\\/richter.ceo\\\/coxs\\\/\"},{\"@type\":\"ListItem\",\"position\":2,\"name\":\"N\u00c1POJE\",\"item\":\"https:\\\/\\\/richter.ceo\\\/coxs\\\/en\\\/napoje\\\/\"},{\"@type\":\"ListItem\",\"position\":3,\"name\":\"Cihuat\u00e1n Nikt\u00e9\"}]},{\"@type\":\"WebSite\",\"@id\":\"https:\\\/\\\/richter.ceo\\\/coxs\\\/en\\\/#website\",\"url\":\"https:\\\/\\\/richter.ceo\\\/coxs\\\/en\\\/\",\"name\":\"COXS CLUB\",\"description\":\"Beton a Rum\",\"publisher\":{\"@id\":\"https:\\\/\\\/richter.ceo\\\/coxs\\\/en\\\/#organization\"},\"potentialAction\":[{\"@type\":\"SearchAction\",\"target\":{\"@type\":\"EntryPoint\",\"urlTemplate\":\"https:\\\/\\\/richter.ceo\\\/coxs\\\/en\\\/?s={search_term_string}\"},\"query-input\":{\"@type\":\"PropertyValueSpecification\",\"valueRequired\":true,\"valueName\":\"search_term_string\"}}],\"inLanguage\":\"en-GB\"},{\"@type\":\"Organization\",\"@id\":\"https:\\\/\\\/richter.ceo\\\/coxs\\\/en\\\/#organization\",\"name\":\"COXS CLUB\",\"url\":\"https:\\\/\\\/richter.ceo\\\/coxs\\\/en\\\/\",\"logo\":{\"@type\":\"ImageObject\",\"inLanguage\":\"en-GB\",\"@id\":\"https:\\\/\\\/richter.ceo\\\/coxs\\\/en\\\/#\\\/schema\\\/logo\\\/image\\\/\",\"url\":\"http:\\\/\\\/richter.ceo\\\/coxs\\\/wp-content\\\/uploads\\\/sites\\\/4\\\/2025\\\/05\\\/FAVICON-dark.webp\",\"contentUrl\":\"http:\\\/\\\/richter.ceo\\\/coxs\\\/wp-content\\\/uploads\\\/sites\\\/4\\\/2025\\\/05\\\/FAVICON-dark.webp\",\"width\":512,\"height\":512,\"caption\":\"COXS CLUB\"},\"image\":{\"@id\":\"https:\\\/\\\/richter.ceo\\\/coxs\\\/en\\\/#\\\/schema\\\/logo\\\/image\\\/\"},\"sameAs\":[\"https:\\\/\\\/www.facebook.com\\\/profile.php?id=100088204002615\",\"https:\\\/\\\/www.instagram.com\\\/coxs_coxs\\\/\"]}]}<\/script>\n<!-- \/ Yoast SEO plugin. -->","yoast_head_json":{"title":"Cihuat\u00e1n Nikt\u00e9","description":"Rumy Cihuat\u00e1n jsou ru\u010dn\u011b vyr\u00e1b\u011bny ve stejnojmenn\u00e9m \u00fadol\u00ed v El Salvadoru, v destilerii, je\u017e byla zalo\u017eena roku 2004 a je jedinou pal\u00edrnou v zemi. Je","robots":{"index":"index","follow":"follow","max-snippet":"max-snippet:-1","max-image-preview":"max-image-preview:large","max-video-preview":"max-video-preview:-1"},"canonical":"https:\/\/richter.ceo\/coxs\/en\/product\/cihuatan-nikte\/","og_locale":"en_GB","og_type":"article","og_title":"Cihuat\u00e1n Nikt\u00e9","og_description":"Rumy Cihuat\u00e1n jsou ru\u010dn\u011b vyr\u00e1b\u011bny ve stejnojmenn\u00e9m \u00fadol\u00ed v El Salvadoru, v destilerii, je\u017e byla zalo\u017eena roku 2004 a je jedinou pal\u00edrnou v zemi. Je","og_url":"https:\/\/richter.ceo\/coxs\/en\/product\/cihuatan-nikte\/","og_site_name":"COXS CLUB","article_publisher":"https:\/\/www.facebook.com\/profile.php?id=100088204002615","article_modified_time":"2025-05-14T12:50:42+00:00","og_image":[{"width":864,"height":1024,"url":"https:\/\/richter.ceo\/coxs\/wp-content\/uploads\/sites\/4\/2025\/05\/2758_cihuatan_nikte_2-864x1024-1.jpg","type":"image\/jpeg"}],"twitter_card":"summary_large_image","twitter_misc":{"Estimated reading time":"2 minutes"},"schema":{"@context":"https:\/\/schema.org","@graph":[{"@type":"WebPage","@id":"https:\/\/richter.ceo\/coxs\/produkt\/cihuatan-nikte\/","url":"https:\/\/richter.ceo\/coxs\/produkt\/cihuatan-nikte\/","name":"Cihuat\u00e1n Nikt\u00e9","isPartOf":{"@id":"https:\/\/richter.ceo\/coxs\/en\/#website"},"primaryImageOfPage":{"@id":"https:\/\/richter.ceo\/coxs\/produkt\/cihuatan-nikte\/#primaryimage"},"image":{"@id":"https:\/\/richter.ceo\/coxs\/produkt\/cihuatan-nikte\/#primaryimage"},"thumbnailUrl":"https:\/\/richter.ceo\/coxs\/wp-content\/uploads\/sites\/4\/2025\/05\/2758_cihuatan_nikte_2-864x1024-1.jpg","datePublished":"2025-05-14T12:50:41+00:00","dateModified":"2025-05-14T12:50:42+00:00","description":"Rumy Cihuat\u00e1n jsou ru\u010dn\u011b vyr\u00e1b\u011bny ve stejnojmenn\u00e9m \u00fadol\u00ed v El Salvadoru, v destilerii, je\u017e byla zalo\u017eena roku 2004 a je jedinou pal\u00edrnou v zemi. Je","breadcrumb":{"@id":"https:\/\/richter.ceo\/coxs\/produkt\/cihuatan-nikte\/#breadcrumb"},"inLanguage":"en-GB","potentialAction":[{"@type":"ReadAction","target":["https:\/\/richter.ceo\/coxs\/produkt\/cihuatan-nikte\/"]}]},{"@type":"ImageObject","inLanguage":"en-GB","@id":"https:\/\/richter.ceo\/coxs\/produkt\/cihuatan-nikte\/#primaryimage","url":"https:\/\/richter.ceo\/coxs\/wp-content\/uploads\/sites\/4\/2025\/05\/2758_cihuatan_nikte_2-864x1024-1.jpg","contentUrl":"https:\/\/richter.ceo\/coxs\/wp-content\/uploads\/sites\/4\/2025\/05\/2758_cihuatan_nikte_2-864x1024-1.jpg","width":864,"height":1024,"caption":"COXS CLUB"},{"@type":"BreadcrumbList","@id":"https:\/\/richter.ceo\/coxs\/produkt\/cihuatan-nikte\/#breadcrumb","itemListElement":[{"@type":"ListItem","position":1,"name":"Dom\u016f","item":"https:\/\/richter.ceo\/coxs\/"},{"@type":"ListItem","position":2,"name":"N\u00c1POJE","item":"https:\/\/richter.ceo\/coxs\/en\/napoje\/"},{"@type":"ListItem","position":3,"name":"Cihuat\u00e1n Nikt\u00e9"}]},{"@type":"WebSite","@id":"https:\/\/richter.ceo\/coxs\/en\/#website","url":"https:\/\/richter.ceo\/coxs\/en\/","name":"COXS CLUB","description":"Beton a Rum","publisher":{"@id":"https:\/\/richter.ceo\/coxs\/en\/#organization"},"potentialAction":[{"@type":"SearchAction","target":{"@type":"EntryPoint","urlTemplate":"https:\/\/richter.ceo\/coxs\/en\/?s={search_term_string}"},"query-input":{"@type":"PropertyValueSpecification","valueRequired":true,"valueName":"search_term_string"}}],"inLanguage":"en-GB"},{"@type":"Organization","@id":"https:\/\/richter.ceo\/coxs\/en\/#organization","name":"COXS CLUB","url":"https:\/\/richter.ceo\/coxs\/en\/","logo":{"@type":"ImageObject","inLanguage":"en-GB","@id":"https:\/\/richter.ceo\/coxs\/en\/#\/schema\/logo\/image\/","url":"http:\/\/richter.ceo\/coxs\/wp-content\/uploads\/sites\/4\/2025\/05\/FAVICON-dark.webp","contentUrl":"http:\/\/richter.ceo\/coxs\/wp-content\/uploads\/sites\/4\/2025\/05\/FAVICON-dark.webp","width":512,"height":512,"caption":"COXS CLUB"},"image":{"@id":"https:\/\/richter.ceo\/coxs\/en\/#\/schema\/logo\/image\/"},"sameAs":["https:\/\/www.facebook.com\/profile.php?id=100088204002615","https:\/\/www.instagram.com\/coxs_coxs\/"]}]}},"_links":{"self":[{"href":"https:\/\/richter.ceo\/coxs\/en\/wp-json\/wp\/v2\/product\/1312","targetHints":{"allow":["GET"]}}],"collection":[{"href":"https:\/\/richter.ceo\/coxs\/en\/wp-json\/wp\/v2\/product"}],"about":[{"href":"https:\/\/richter.ceo\/coxs\/en\/wp-json\/wp\/v2\/types\/product"}],"wp:featuredmedia":[{"embeddable":true,"href":"https:\/\/richter.ceo\/coxs\/en\/wp-json\/wp\/v2\/media\/1198"}],"wp:attachment":[{"href":"https:\/\/richter.ceo\/coxs\/en\/wp-json\/wp\/v2\/media?parent=1312"}],"wp:term":[{"taxonomy":"product_brand","embeddable":true,"href":"https:\/\/richter.ceo\/coxs\/en\/wp-json\/wp\/v2\/product_brand?post=1312"},{"taxonomy":"product_cat","embeddable":true,"href":"https:\/\/richter.ceo\/coxs\/en\/wp-json\/wp\/v2\/product_cat?post=1312"},{"taxonomy":"product_tag","embeddable":true,"href":"https:\/\/richter.ceo\/coxs\/en\/wp-json\/wp\/v2\/product_tag?post=1312"}],"curies":[{"name":"wp","href":"https:\/\/api.w.org\/{rel}","templated":true}]}}