{"id":1314,"date":"2025-05-14T14:55:21","date_gmt":"2025-05-14T12:55:21","guid":{"rendered":"https:\/\/richter.ceo\/coxs\/?post_type=product&#038;p=1314"},"modified":"2025-05-14T14:55:21","modified_gmt":"2025-05-14T12:55:21","slug":"cihuatan-sahumerio","status":"publish","type":"product","link":"https:\/\/richter.ceo\/coxs\/en\/product\/cihuatan-sahumerio\/","title":{"rendered":"Cihuat\u00e1n Sahumerio"},"content":{"rendered":"<p>Rumy Cihuat\u00e1n jsou ru\u010dn\u011b vyr\u00e1b\u011bny ve stejnojmenn\u00e9m \u00fadol\u00ed v El Salvadoru, v destilerii, je\u017e byla zalo\u017eena roku 2004 a je jedinou pal\u00edrnou v zemi. Je poh\u00e1n\u011bna obnovitelnou energi\u00ed, kterou \u010derp\u00e1 z vylisovan\u00fdch zbytk\u016f cukrov\u00e9 t\u0159tiny. Inspirac\u00ed rum\u016f, na kter\u00e9 dohl\u00ed\u017e\u00ed master blenderka Gabriela Ayala, je maysk\u00fd odkaz m\u00edsta, odkud poch\u00e1zej\u00ed.<\/p>\n<p>&nbsp;<\/p>\n<p>Cihuat\u00e1n Sahumerio je t\u0159et\u00ed limitovanou edic\u00ed t\u00e9to zna\u010dky. Rum byl vytvo\u0159en k oslav\u011b l\u00e1sky a maysk\u00e9ho ritu\u00e1lu zvan\u00e9ho Sahumerio. V maysk\u00e9 kultu\u0159e je ohe\u0148 symbolem l\u00e1sky a orl\u00ed bohyn\u011b jeho ochr\u00e1nkyn\u00ed. V ka\u017ed\u00e9 dom\u00e1cnosti byla proto um\u00edst\u011bna posv\u00e1tn\u00e1 n\u00e1doba zvan\u00e1 Sahumerio, ve kter\u00e9 dnem i noc\u00ed pl\u00e1l ohe\u0148.<\/p>\n<p>&nbsp;<\/p>\n<p>Gabriela Ayala se pro v\u00fdrobu tohoto rumu inspirovala v\u016fn\u011bmi dar\u016f, kter\u00e9 Mayov\u00e9 pro sv\u00e9 Sahumeria zapalovali, jako jsou su\u0161en\u00e9 kv\u011btiny, kv\u011btinov\u00fd med, su\u0161en\u00e9 ovoce, kadidlo, kakaov\u00e9 boby a m\u00e1slo. Pro dosa\u017een\u00ed t\u011bchto t\u00f3n\u016f vytvo\u0159ila blend \u010dty\u0159 archivn\u00edch rum\u016f destilerie, jejich\u017e st\u00e1\u0159\u00ed se pohybuje od 12 do 14 let.<\/p>\n<p>&nbsp;<\/p>\n<p>V\u00fdsledn\u00fd rum byl lahvov\u00e1n p\u0159i s\u00edle 45,2 % a vyzna\u010duje se zejm\u00e9na t\u00f3ny kadidla, r\u016f\u017eov\u00e9ho medu, kakaov\u00e9ho m\u00e1sla, su\u0161en\u00fdch merun\u011bk a su\u0161en\u00e9 myrty.<\/p>\n<p>&nbsp;<\/p>\n<p>Etiketa byla inspirovan\u00e1 mayskou bohyn\u00ed l\u00e1sky Chantico, kter\u00e1 je \u010dasto vyobrazovan\u00e1 jako majest\u00e1tn\u00ed ho\u0159\u00edc\u00ed orel.<\/p>\n<p>&nbsp;<\/p>\n<div class=\"elementor-column elementor-col-50 elementor-inner-column elementor-element elementor-element-df5ea97\" data-id=\"df5ea97\" data-element_type=\"column\">\n<div class=\"elementor-widget-wrap elementor-element-populated\">\n<div class=\"elementor-element elementor-element-5f45f876 elementor-widget elementor-widget-woocommerce-product-short-description\" data-id=\"5f45f876\" data-element_type=\"widget\" data-widget_type=\"woocommerce-product-short-description.default\">\n<div class=\"elementor-widget-container\">\n<div class=\"woocommerce-product-details__short-description\">\n<p>T\u00e9to limitovan\u00e9 edice bylo vyrobeno necel\u00fdch 30.000 lahv\u00ed.<\/p>\n<\/div>\n<\/div>\n<\/div>\n<\/div>\n<\/div>","protected":false},"excerpt":{"rendered":"<p>Rumy Cihuat\u00e1n jsou ru\u010dn\u011b vyr\u00e1b\u011bny ve stejnojmenn\u00e9m \u00fadol\u00ed v El Salvadoru, v destilerii, je\u017e byla zalo\u017eena roku 2004 a je jedinou pal\u00edrnou v zemi. Je poh\u00e1n\u011bna obnovitelnou energi\u00ed, kterou \u010derp\u00e1 z vylisovan\u00fdch zbytk\u016f cukrov\u00e9 t\u0159tiny. Inspirac\u00ed rum\u016f, na kter\u00e9 dohl\u00ed\u017e\u00ed master blenderka Gabriela Ayala, je maysk\u00fd odkaz m\u00edsta, odkud poch\u00e1zej\u00ed. &nbsp; Cihuat\u00e1n Sahumerio je t\u0159et\u00ed [&hellip;]<\/p>\n","protected":false},"featured_media":1211,"template":"","meta":{"_acf_changed":false},"product_brand":[179],"product_cat":[117],"product_tag":[],"class_list":{"0":"post-1314","1":"product","2":"type-product","3":"status-publish","4":"has-post-thumbnail","6":"product_brand-cihuatan","7":"product_cat-rum","8":"pa_cena-za-004-l","9":"pa_obsah-alkoholu-180","10":"pa_zeme-salvador","12":"first","13":"instock","14":"shipping-taxable","15":"purchasable","16":"product-type-simple"},"acf":[],"yoast_head":"<!-- This site is optimized with the Yoast SEO plugin v27.5 - https:\/\/yoast.com\/product\/yoast-seo-wordpress\/ -->\n<title>Cihuat\u00e1n Sahumerio<\/title>\n<meta name=\"description\" content=\"Rumy Cihuat\u00e1n jsou ru\u010dn\u011b vyr\u00e1b\u011bny ve stejnojmenn\u00e9m \u00fadol\u00ed v El Salvadoru, v destilerii, je\u017e byla zalo\u017eena roku 2004 a je jedinou pal\u00edrnou v zemi. Je\" \/>\n<meta name=\"robots\" content=\"index, follow, max-snippet:-1, max-image-preview:large, max-video-preview:-1\" \/>\n<link rel=\"canonical\" href=\"https:\/\/richter.ceo\/coxs\/en\/product\/cihuatan-sahumerio\/\" \/>\n<meta property=\"og:locale\" content=\"en_GB\" \/>\n<meta property=\"og:type\" content=\"article\" \/>\n<meta property=\"og:title\" content=\"Cihuat\u00e1n Sahumerio\" \/>\n<meta property=\"og:description\" content=\"Rumy Cihuat\u00e1n jsou ru\u010dn\u011b vyr\u00e1b\u011bny ve stejnojmenn\u00e9m \u00fadol\u00ed v El Salvadoru, v destilerii, je\u017e byla zalo\u017eena roku 2004 a je jedinou pal\u00edrnou v zemi. Je\" \/>\n<meta property=\"og:url\" content=\"https:\/\/richter.ceo\/coxs\/en\/product\/cihuatan-sahumerio\/\" \/>\n<meta property=\"og:site_name\" content=\"COXS CLUB\" \/>\n<meta property=\"article:publisher\" content=\"https:\/\/www.facebook.com\/profile.php?id=100088204002615\" \/>\n<meta property=\"og:image\" content=\"https:\/\/richter.ceo\/coxs\/wp-content\/uploads\/sites\/4\/2025\/05\/2957_cihuatan_sahumerio-864x1024-1.jpg\" \/>\n\t<meta property=\"og:image:width\" content=\"864\" \/>\n\t<meta property=\"og:image:height\" content=\"1024\" \/>\n\t<meta property=\"og:image:type\" content=\"image\/jpeg\" \/>\n<meta name=\"twitter:card\" content=\"summary_large_image\" \/>\n<meta name=\"twitter:label1\" content=\"Estimated reading time\" \/>\n\t<meta name=\"twitter:data1\" content=\"1 minute\" \/>\n<script type=\"application\/ld+json\" class=\"yoast-schema-graph\">{\"@context\":\"https:\\\/\\\/schema.org\",\"@graph\":[{\"@type\":\"WebPage\",\"@id\":\"https:\\\/\\\/richter.ceo\\\/coxs\\\/produkt\\\/cihuatan-sahumerio\\\/\",\"url\":\"https:\\\/\\\/richter.ceo\\\/coxs\\\/produkt\\\/cihuatan-sahumerio\\\/\",\"name\":\"Cihuat\u00e1n Sahumerio\",\"isPartOf\":{\"@id\":\"https:\\\/\\\/richter.ceo\\\/coxs\\\/en\\\/#website\"},\"primaryImageOfPage\":{\"@id\":\"https:\\\/\\\/richter.ceo\\\/coxs\\\/produkt\\\/cihuatan-sahumerio\\\/#primaryimage\"},\"image\":{\"@id\":\"https:\\\/\\\/richter.ceo\\\/coxs\\\/produkt\\\/cihuatan-sahumerio\\\/#primaryimage\"},\"thumbnailUrl\":\"https:\\\/\\\/richter.ceo\\\/coxs\\\/wp-content\\\/uploads\\\/sites\\\/4\\\/2025\\\/05\\\/2957_cihuatan_sahumerio-864x1024-1.jpg\",\"datePublished\":\"2025-05-14T12:55:21+00:00\",\"description\":\"Rumy Cihuat\u00e1n jsou ru\u010dn\u011b vyr\u00e1b\u011bny ve stejnojmenn\u00e9m \u00fadol\u00ed v El Salvadoru, v destilerii, je\u017e byla zalo\u017eena roku 2004 a je jedinou pal\u00edrnou v zemi. Je\",\"breadcrumb\":{\"@id\":\"https:\\\/\\\/richter.ceo\\\/coxs\\\/produkt\\\/cihuatan-sahumerio\\\/#breadcrumb\"},\"inLanguage\":\"en-GB\",\"potentialAction\":[{\"@type\":\"ReadAction\",\"target\":[\"https:\\\/\\\/richter.ceo\\\/coxs\\\/produkt\\\/cihuatan-sahumerio\\\/\"]}]},{\"@type\":\"ImageObject\",\"inLanguage\":\"en-GB\",\"@id\":\"https:\\\/\\\/richter.ceo\\\/coxs\\\/produkt\\\/cihuatan-sahumerio\\\/#primaryimage\",\"url\":\"https:\\\/\\\/richter.ceo\\\/coxs\\\/wp-content\\\/uploads\\\/sites\\\/4\\\/2025\\\/05\\\/2957_cihuatan_sahumerio-864x1024-1.jpg\",\"contentUrl\":\"https:\\\/\\\/richter.ceo\\\/coxs\\\/wp-content\\\/uploads\\\/sites\\\/4\\\/2025\\\/05\\\/2957_cihuatan_sahumerio-864x1024-1.jpg\",\"width\":864,\"height\":1024,\"caption\":\"COXS CLUB\"},{\"@type\":\"BreadcrumbList\",\"@id\":\"https:\\\/\\\/richter.ceo\\\/coxs\\\/produkt\\\/cihuatan-sahumerio\\\/#breadcrumb\",\"itemListElement\":[{\"@type\":\"ListItem\",\"position\":1,\"name\":\"Dom\u016f\",\"item\":\"https:\\\/\\\/richter.ceo\\\/coxs\\\/\"},{\"@type\":\"ListItem\",\"position\":2,\"name\":\"N\u00c1POJE\",\"item\":\"https:\\\/\\\/richter.ceo\\\/coxs\\\/en\\\/napoje\\\/\"},{\"@type\":\"ListItem\",\"position\":3,\"name\":\"Cihuat\u00e1n Sahumerio\"}]},{\"@type\":\"WebSite\",\"@id\":\"https:\\\/\\\/richter.ceo\\\/coxs\\\/en\\\/#website\",\"url\":\"https:\\\/\\\/richter.ceo\\\/coxs\\\/en\\\/\",\"name\":\"COXS CLUB\",\"description\":\"Beton a Rum\",\"publisher\":{\"@id\":\"https:\\\/\\\/richter.ceo\\\/coxs\\\/en\\\/#organization\"},\"potentialAction\":[{\"@type\":\"SearchAction\",\"target\":{\"@type\":\"EntryPoint\",\"urlTemplate\":\"https:\\\/\\\/richter.ceo\\\/coxs\\\/en\\\/?s={search_term_string}\"},\"query-input\":{\"@type\":\"PropertyValueSpecification\",\"valueRequired\":true,\"valueName\":\"search_term_string\"}}],\"inLanguage\":\"en-GB\"},{\"@type\":\"Organization\",\"@id\":\"https:\\\/\\\/richter.ceo\\\/coxs\\\/en\\\/#organization\",\"name\":\"COXS CLUB\",\"url\":\"https:\\\/\\\/richter.ceo\\\/coxs\\\/en\\\/\",\"logo\":{\"@type\":\"ImageObject\",\"inLanguage\":\"en-GB\",\"@id\":\"https:\\\/\\\/richter.ceo\\\/coxs\\\/en\\\/#\\\/schema\\\/logo\\\/image\\\/\",\"url\":\"http:\\\/\\\/richter.ceo\\\/coxs\\\/wp-content\\\/uploads\\\/sites\\\/4\\\/2025\\\/05\\\/FAVICON-dark.webp\",\"contentUrl\":\"http:\\\/\\\/richter.ceo\\\/coxs\\\/wp-content\\\/uploads\\\/sites\\\/4\\\/2025\\\/05\\\/FAVICON-dark.webp\",\"width\":512,\"height\":512,\"caption\":\"COXS CLUB\"},\"image\":{\"@id\":\"https:\\\/\\\/richter.ceo\\\/coxs\\\/en\\\/#\\\/schema\\\/logo\\\/image\\\/\"},\"sameAs\":[\"https:\\\/\\\/www.facebook.com\\\/profile.php?id=100088204002615\",\"https:\\\/\\\/www.instagram.com\\\/coxs_coxs\\\/\"]}]}<\/script>\n<!-- \/ Yoast SEO plugin. -->","yoast_head_json":{"title":"Cihuat\u00e1n Sahumerio","description":"Rumy Cihuat\u00e1n jsou ru\u010dn\u011b vyr\u00e1b\u011bny ve stejnojmenn\u00e9m \u00fadol\u00ed v El Salvadoru, v destilerii, je\u017e byla zalo\u017eena roku 2004 a je jedinou pal\u00edrnou v zemi. Je","robots":{"index":"index","follow":"follow","max-snippet":"max-snippet:-1","max-image-preview":"max-image-preview:large","max-video-preview":"max-video-preview:-1"},"canonical":"https:\/\/richter.ceo\/coxs\/en\/product\/cihuatan-sahumerio\/","og_locale":"en_GB","og_type":"article","og_title":"Cihuat\u00e1n Sahumerio","og_description":"Rumy Cihuat\u00e1n jsou ru\u010dn\u011b vyr\u00e1b\u011bny ve stejnojmenn\u00e9m \u00fadol\u00ed v El Salvadoru, v destilerii, je\u017e byla zalo\u017eena roku 2004 a je jedinou pal\u00edrnou v zemi. Je","og_url":"https:\/\/richter.ceo\/coxs\/en\/product\/cihuatan-sahumerio\/","og_site_name":"COXS CLUB","article_publisher":"https:\/\/www.facebook.com\/profile.php?id=100088204002615","og_image":[{"width":864,"height":1024,"url":"https:\/\/richter.ceo\/coxs\/wp-content\/uploads\/sites\/4\/2025\/05\/2957_cihuatan_sahumerio-864x1024-1.jpg","type":"image\/jpeg"}],"twitter_card":"summary_large_image","twitter_misc":{"Estimated reading time":"1 minute"},"schema":{"@context":"https:\/\/schema.org","@graph":[{"@type":"WebPage","@id":"https:\/\/richter.ceo\/coxs\/produkt\/cihuatan-sahumerio\/","url":"https:\/\/richter.ceo\/coxs\/produkt\/cihuatan-sahumerio\/","name":"Cihuat\u00e1n Sahumerio","isPartOf":{"@id":"https:\/\/richter.ceo\/coxs\/en\/#website"},"primaryImageOfPage":{"@id":"https:\/\/richter.ceo\/coxs\/produkt\/cihuatan-sahumerio\/#primaryimage"},"image":{"@id":"https:\/\/richter.ceo\/coxs\/produkt\/cihuatan-sahumerio\/#primaryimage"},"thumbnailUrl":"https:\/\/richter.ceo\/coxs\/wp-content\/uploads\/sites\/4\/2025\/05\/2957_cihuatan_sahumerio-864x1024-1.jpg","datePublished":"2025-05-14T12:55:21+00:00","description":"Rumy Cihuat\u00e1n jsou ru\u010dn\u011b vyr\u00e1b\u011bny ve stejnojmenn\u00e9m \u00fadol\u00ed v El Salvadoru, v destilerii, je\u017e byla zalo\u017eena roku 2004 a je jedinou pal\u00edrnou v zemi. Je","breadcrumb":{"@id":"https:\/\/richter.ceo\/coxs\/produkt\/cihuatan-sahumerio\/#breadcrumb"},"inLanguage":"en-GB","potentialAction":[{"@type":"ReadAction","target":["https:\/\/richter.ceo\/coxs\/produkt\/cihuatan-sahumerio\/"]}]},{"@type":"ImageObject","inLanguage":"en-GB","@id":"https:\/\/richter.ceo\/coxs\/produkt\/cihuatan-sahumerio\/#primaryimage","url":"https:\/\/richter.ceo\/coxs\/wp-content\/uploads\/sites\/4\/2025\/05\/2957_cihuatan_sahumerio-864x1024-1.jpg","contentUrl":"https:\/\/richter.ceo\/coxs\/wp-content\/uploads\/sites\/4\/2025\/05\/2957_cihuatan_sahumerio-864x1024-1.jpg","width":864,"height":1024,"caption":"COXS CLUB"},{"@type":"BreadcrumbList","@id":"https:\/\/richter.ceo\/coxs\/produkt\/cihuatan-sahumerio\/#breadcrumb","itemListElement":[{"@type":"ListItem","position":1,"name":"Dom\u016f","item":"https:\/\/richter.ceo\/coxs\/"},{"@type":"ListItem","position":2,"name":"N\u00c1POJE","item":"https:\/\/richter.ceo\/coxs\/en\/napoje\/"},{"@type":"ListItem","position":3,"name":"Cihuat\u00e1n Sahumerio"}]},{"@type":"WebSite","@id":"https:\/\/richter.ceo\/coxs\/en\/#website","url":"https:\/\/richter.ceo\/coxs\/en\/","name":"COXS CLUB","description":"Beton a Rum","publisher":{"@id":"https:\/\/richter.ceo\/coxs\/en\/#organization"},"potentialAction":[{"@type":"SearchAction","target":{"@type":"EntryPoint","urlTemplate":"https:\/\/richter.ceo\/coxs\/en\/?s={search_term_string}"},"query-input":{"@type":"PropertyValueSpecification","valueRequired":true,"valueName":"search_term_string"}}],"inLanguage":"en-GB"},{"@type":"Organization","@id":"https:\/\/richter.ceo\/coxs\/en\/#organization","name":"COXS CLUB","url":"https:\/\/richter.ceo\/coxs\/en\/","logo":{"@type":"ImageObject","inLanguage":"en-GB","@id":"https:\/\/richter.ceo\/coxs\/en\/#\/schema\/logo\/image\/","url":"http:\/\/richter.ceo\/coxs\/wp-content\/uploads\/sites\/4\/2025\/05\/FAVICON-dark.webp","contentUrl":"http:\/\/richter.ceo\/coxs\/wp-content\/uploads\/sites\/4\/2025\/05\/FAVICON-dark.webp","width":512,"height":512,"caption":"COXS CLUB"},"image":{"@id":"https:\/\/richter.ceo\/coxs\/en\/#\/schema\/logo\/image\/"},"sameAs":["https:\/\/www.facebook.com\/profile.php?id=100088204002615","https:\/\/www.instagram.com\/coxs_coxs\/"]}]}},"_links":{"self":[{"href":"https:\/\/richter.ceo\/coxs\/en\/wp-json\/wp\/v2\/product\/1314","targetHints":{"allow":["GET"]}}],"collection":[{"href":"https:\/\/richter.ceo\/coxs\/en\/wp-json\/wp\/v2\/product"}],"about":[{"href":"https:\/\/richter.ceo\/coxs\/en\/wp-json\/wp\/v2\/types\/product"}],"wp:featuredmedia":[{"embeddable":true,"href":"https:\/\/richter.ceo\/coxs\/en\/wp-json\/wp\/v2\/media\/1211"}],"wp:attachment":[{"href":"https:\/\/richter.ceo\/coxs\/en\/wp-json\/wp\/v2\/media?parent=1314"}],"wp:term":[{"taxonomy":"product_brand","embeddable":true,"href":"https:\/\/richter.ceo\/coxs\/en\/wp-json\/wp\/v2\/product_brand?post=1314"},{"taxonomy":"product_cat","embeddable":true,"href":"https:\/\/richter.ceo\/coxs\/en\/wp-json\/wp\/v2\/product_cat?post=1314"},{"taxonomy":"product_tag","embeddable":true,"href":"https:\/\/richter.ceo\/coxs\/en\/wp-json\/wp\/v2\/product_tag?post=1314"}],"curies":[{"name":"wp","href":"https:\/\/api.w.org\/{rel}","templated":true}]}}