{"id":1317,"date":"2025-05-14T15:02:55","date_gmt":"2025-05-14T13:02:55","guid":{"rendered":"https:\/\/richter.ceo\/coxs\/?post_type=product&#038;p=1317"},"modified":"2025-05-14T15:02:55","modified_gmt":"2025-05-14T13:02:55","slug":"matusalem-anejo","status":"publish","type":"product","link":"https:\/\/richter.ceo\/coxs\/en\/product\/matusalem-anejo\/","title":{"rendered":"Matusalem A\u00f1ejo"},"content":{"rendered":"<div class=\"elementor-column elementor-col-50 elementor-inner-column elementor-element elementor-element-df5ea97\" data-id=\"df5ea97\" data-element_type=\"column\">\n<div class=\"elementor-widget-wrap elementor-element-populated\">\n<div class=\"elementor-element elementor-element-5f45f876 elementor-widget elementor-widget-woocommerce-product-short-description\" data-id=\"5f45f876\" data-element_type=\"widget\" data-widget_type=\"woocommerce-product-short-description.default\">\n<div class=\"elementor-widget-container\">\n<div class=\"woocommerce-product-details__short-description\">\n<p>Matusalem A\u00f1ejo je rafinovan\u00fdm rumem s nezam\u011bniteln\u00fdm charakterem, na jeho\u017e v\u00fdrobu v Monte Plata dohl\u00ed\u017e\u00ed master blenderka Cynthia Vargas, tedy jedna z m\u00e1la \u017een, kter\u00e1 takovouto pozici zast\u00e1v\u00e1. Matusalem A\u00f1ejo je rumem bez ud\u00e1n\u00ed st\u00e1\u0159\u00ed, kter\u00fd vedle v\u016fn\u011b pln\u00e9 melasy, karamelu a \u010derven\u00e9ho ovoce nadchne rovn\u011b\u017e zvolna nastupuj\u00edc\u00ed chut\u00ed, v n\u00ed\u017e se projevuj\u00ed t\u00f3ny p\u00e1len\u00e9ho d\u0159eva, t\u0159tinov\u00e9ho cukru, vanilkov\u00fdch lusk\u016f a exotick\u00e9ho kaki.<\/p>\n<\/div>\n<\/div>\n<\/div>\n<\/div>\n<\/div>","protected":false},"excerpt":{"rendered":"<p>Matusalem A\u00f1ejo je rafinovan\u00fdm rumem s nezam\u011bniteln\u00fdm charakterem, na jeho\u017e v\u00fdrobu v Monte Plata dohl\u00ed\u017e\u00ed master blenderka Cynthia Vargas, tedy jedna z m\u00e1la \u017een, kter\u00e1 takovouto pozici zast\u00e1v\u00e1. Matusalem A\u00f1ejo je rumem bez ud\u00e1n\u00ed st\u00e1\u0159\u00ed, kter\u00fd vedle v\u016fn\u011b pln\u00e9 melasy, karamelu a \u010derven\u00e9ho ovoce nadchne rovn\u011b\u017e zvolna nastupuj\u00edc\u00ed chut\u00ed, v n\u00ed\u017e se projevuj\u00ed t\u00f3ny p\u00e1len\u00e9ho [&hellip;]<\/p>\n","protected":false},"featured_media":1202,"template":"","meta":{"_acf_changed":false},"product_brand":[183],"product_cat":[117],"product_tag":[],"class_list":{"0":"post-1317","1":"product","2":"type-product","3":"status-publish","4":"has-post-thumbnail","6":"product_brand-matusalem","7":"product_cat-rum","8":"pa_cena-za-004-l","9":"pa_obsah-alkoholu-43","10":"pa_zeme-dominikanska-republika","12":"first","13":"instock","14":"shipping-taxable","15":"purchasable","16":"product-type-simple"},"acf":[],"yoast_head":"<!-- This site is optimized with the Yoast SEO plugin v27.5 - https:\/\/yoast.com\/product\/yoast-seo-wordpress\/ -->\n<title>Matusalem A\u00f1ejo<\/title>\n<meta name=\"description\" content=\"Matusalem A\u00f1ejo je rafinovan\u00fdm rumem s nezam\u011bniteln\u00fdm charakterem, na jeho\u017e v\u00fdrobu v Monte Plata dohl\u00ed\u017e\u00ed master blenderka Cynthia Vargas, tedy jedna z\" \/>\n<meta name=\"robots\" content=\"index, follow, max-snippet:-1, max-image-preview:large, max-video-preview:-1\" \/>\n<link rel=\"canonical\" href=\"https:\/\/richter.ceo\/coxs\/en\/product\/matusalem-anejo\/\" \/>\n<meta property=\"og:locale\" content=\"en_GB\" \/>\n<meta property=\"og:type\" content=\"article\" \/>\n<meta property=\"og:title\" content=\"Matusalem A\u00f1ejo\" \/>\n<meta property=\"og:description\" content=\"Matusalem A\u00f1ejo je rafinovan\u00fdm rumem s nezam\u011bniteln\u00fdm charakterem, na jeho\u017e v\u00fdrobu v Monte Plata dohl\u00ed\u017e\u00ed master blenderka Cynthia Vargas, tedy jedna z\" \/>\n<meta property=\"og:url\" content=\"https:\/\/richter.ceo\/coxs\/en\/product\/matusalem-anejo\/\" \/>\n<meta property=\"og:site_name\" content=\"COXS CLUB\" \/>\n<meta property=\"article:publisher\" content=\"https:\/\/www.facebook.com\/profile.php?id=100088204002615\" \/>\n<meta property=\"og:image\" content=\"https:\/\/richter.ceo\/coxs\/wp-content\/uploads\/sites\/4\/2025\/05\/2888_matusalem_anejo.jpg\" \/>\n\t<meta property=\"og:image:width\" content=\"600\" \/>\n\t<meta property=\"og:image:height\" content=\"711\" \/>\n\t<meta property=\"og:image:type\" content=\"image\/jpeg\" \/>\n<meta name=\"twitter:card\" content=\"summary_large_image\" \/>\n<script type=\"application\/ld+json\" class=\"yoast-schema-graph\">{\"@context\":\"https:\\\/\\\/schema.org\",\"@graph\":[{\"@type\":\"WebPage\",\"@id\":\"https:\\\/\\\/richter.ceo\\\/coxs\\\/en\\\/product\\\/matusalem-anejo\\\/\",\"url\":\"https:\\\/\\\/richter.ceo\\\/coxs\\\/en\\\/product\\\/matusalem-anejo\\\/\",\"name\":\"Matusalem A\u00f1ejo\",\"isPartOf\":{\"@id\":\"https:\\\/\\\/richter.ceo\\\/coxs\\\/en\\\/#website\"},\"primaryImageOfPage\":{\"@id\":\"https:\\\/\\\/richter.ceo\\\/coxs\\\/en\\\/product\\\/matusalem-anejo\\\/#primaryimage\"},\"image\":{\"@id\":\"https:\\\/\\\/richter.ceo\\\/coxs\\\/en\\\/product\\\/matusalem-anejo\\\/#primaryimage\"},\"thumbnailUrl\":\"https:\\\/\\\/richter.ceo\\\/coxs\\\/wp-content\\\/uploads\\\/sites\\\/4\\\/2025\\\/05\\\/2888_matusalem_anejo.jpg\",\"datePublished\":\"2025-05-14T13:02:55+00:00\",\"description\":\"Matusalem A\u00f1ejo je rafinovan\u00fdm rumem s nezam\u011bniteln\u00fdm charakterem, na jeho\u017e v\u00fdrobu v Monte Plata dohl\u00ed\u017e\u00ed master blenderka Cynthia Vargas, tedy jedna z\",\"breadcrumb\":{\"@id\":\"https:\\\/\\\/richter.ceo\\\/coxs\\\/en\\\/product\\\/matusalem-anejo\\\/#breadcrumb\"},\"inLanguage\":\"en-GB\",\"potentialAction\":[{\"@type\":\"ReadAction\",\"target\":[\"https:\\\/\\\/richter.ceo\\\/coxs\\\/en\\\/product\\\/matusalem-anejo\\\/\"]}]},{\"@type\":\"ImageObject\",\"inLanguage\":\"en-GB\",\"@id\":\"https:\\\/\\\/richter.ceo\\\/coxs\\\/en\\\/product\\\/matusalem-anejo\\\/#primaryimage\",\"url\":\"https:\\\/\\\/richter.ceo\\\/coxs\\\/wp-content\\\/uploads\\\/sites\\\/4\\\/2025\\\/05\\\/2888_matusalem_anejo.jpg\",\"contentUrl\":\"https:\\\/\\\/richter.ceo\\\/coxs\\\/wp-content\\\/uploads\\\/sites\\\/4\\\/2025\\\/05\\\/2888_matusalem_anejo.jpg\",\"width\":600,\"height\":711,\"caption\":\"COXS CLUB\"},{\"@type\":\"BreadcrumbList\",\"@id\":\"https:\\\/\\\/richter.ceo\\\/coxs\\\/en\\\/product\\\/matusalem-anejo\\\/#breadcrumb\",\"itemListElement\":[{\"@type\":\"ListItem\",\"position\":1,\"name\":\"Dom\u016f\",\"item\":\"https:\\\/\\\/richter.ceo\\\/coxs\\\/\"},{\"@type\":\"ListItem\",\"position\":2,\"name\":\"N\u00c1POJE\",\"item\":\"https:\\\/\\\/richter.ceo\\\/coxs\\\/en\\\/napoje\\\/\"},{\"@type\":\"ListItem\",\"position\":3,\"name\":\"Matusalem A\u00f1ejo\"}]},{\"@type\":\"WebSite\",\"@id\":\"https:\\\/\\\/richter.ceo\\\/coxs\\\/en\\\/#website\",\"url\":\"https:\\\/\\\/richter.ceo\\\/coxs\\\/en\\\/\",\"name\":\"COXS CLUB\",\"description\":\"Beton a Rum\",\"publisher\":{\"@id\":\"https:\\\/\\\/richter.ceo\\\/coxs\\\/en\\\/#organization\"},\"potentialAction\":[{\"@type\":\"SearchAction\",\"target\":{\"@type\":\"EntryPoint\",\"urlTemplate\":\"https:\\\/\\\/richter.ceo\\\/coxs\\\/en\\\/?s={search_term_string}\"},\"query-input\":{\"@type\":\"PropertyValueSpecification\",\"valueRequired\":true,\"valueName\":\"search_term_string\"}}],\"inLanguage\":\"en-GB\"},{\"@type\":\"Organization\",\"@id\":\"https:\\\/\\\/richter.ceo\\\/coxs\\\/en\\\/#organization\",\"name\":\"COXS CLUB\",\"url\":\"https:\\\/\\\/richter.ceo\\\/coxs\\\/en\\\/\",\"logo\":{\"@type\":\"ImageObject\",\"inLanguage\":\"en-GB\",\"@id\":\"https:\\\/\\\/richter.ceo\\\/coxs\\\/en\\\/#\\\/schema\\\/logo\\\/image\\\/\",\"url\":\"http:\\\/\\\/richter.ceo\\\/coxs\\\/wp-content\\\/uploads\\\/sites\\\/4\\\/2025\\\/05\\\/FAVICON-dark.webp\",\"contentUrl\":\"http:\\\/\\\/richter.ceo\\\/coxs\\\/wp-content\\\/uploads\\\/sites\\\/4\\\/2025\\\/05\\\/FAVICON-dark.webp\",\"width\":512,\"height\":512,\"caption\":\"COXS CLUB\"},\"image\":{\"@id\":\"https:\\\/\\\/richter.ceo\\\/coxs\\\/en\\\/#\\\/schema\\\/logo\\\/image\\\/\"},\"sameAs\":[\"https:\\\/\\\/www.facebook.com\\\/profile.php?id=100088204002615\",\"https:\\\/\\\/www.instagram.com\\\/coxs_coxs\\\/\"]}]}<\/script>\n<!-- \/ Yoast SEO plugin. -->","yoast_head_json":{"title":"Matusalem A\u00f1ejo","description":"Matusalem A\u00f1ejo je rafinovan\u00fdm rumem s nezam\u011bniteln\u00fdm charakterem, na jeho\u017e v\u00fdrobu v Monte Plata dohl\u00ed\u017e\u00ed master blenderka Cynthia Vargas, tedy jedna z","robots":{"index":"index","follow":"follow","max-snippet":"max-snippet:-1","max-image-preview":"max-image-preview:large","max-video-preview":"max-video-preview:-1"},"canonical":"https:\/\/richter.ceo\/coxs\/en\/product\/matusalem-anejo\/","og_locale":"en_GB","og_type":"article","og_title":"Matusalem A\u00f1ejo","og_description":"Matusalem A\u00f1ejo je rafinovan\u00fdm rumem s nezam\u011bniteln\u00fdm charakterem, na jeho\u017e v\u00fdrobu v Monte Plata dohl\u00ed\u017e\u00ed master blenderka Cynthia Vargas, tedy jedna z","og_url":"https:\/\/richter.ceo\/coxs\/en\/product\/matusalem-anejo\/","og_site_name":"COXS CLUB","article_publisher":"https:\/\/www.facebook.com\/profile.php?id=100088204002615","og_image":[{"width":600,"height":711,"url":"https:\/\/richter.ceo\/coxs\/wp-content\/uploads\/sites\/4\/2025\/05\/2888_matusalem_anejo.jpg","type":"image\/jpeg"}],"twitter_card":"summary_large_image","schema":{"@context":"https:\/\/schema.org","@graph":[{"@type":"WebPage","@id":"https:\/\/richter.ceo\/coxs\/en\/product\/matusalem-anejo\/","url":"https:\/\/richter.ceo\/coxs\/en\/product\/matusalem-anejo\/","name":"Matusalem A\u00f1ejo","isPartOf":{"@id":"https:\/\/richter.ceo\/coxs\/en\/#website"},"primaryImageOfPage":{"@id":"https:\/\/richter.ceo\/coxs\/en\/product\/matusalem-anejo\/#primaryimage"},"image":{"@id":"https:\/\/richter.ceo\/coxs\/en\/product\/matusalem-anejo\/#primaryimage"},"thumbnailUrl":"https:\/\/richter.ceo\/coxs\/wp-content\/uploads\/sites\/4\/2025\/05\/2888_matusalem_anejo.jpg","datePublished":"2025-05-14T13:02:55+00:00","description":"Matusalem A\u00f1ejo je rafinovan\u00fdm rumem s nezam\u011bniteln\u00fdm charakterem, na jeho\u017e v\u00fdrobu v Monte Plata dohl\u00ed\u017e\u00ed master blenderka Cynthia Vargas, tedy jedna z","breadcrumb":{"@id":"https:\/\/richter.ceo\/coxs\/en\/product\/matusalem-anejo\/#breadcrumb"},"inLanguage":"en-GB","potentialAction":[{"@type":"ReadAction","target":["https:\/\/richter.ceo\/coxs\/en\/product\/matusalem-anejo\/"]}]},{"@type":"ImageObject","inLanguage":"en-GB","@id":"https:\/\/richter.ceo\/coxs\/en\/product\/matusalem-anejo\/#primaryimage","url":"https:\/\/richter.ceo\/coxs\/wp-content\/uploads\/sites\/4\/2025\/05\/2888_matusalem_anejo.jpg","contentUrl":"https:\/\/richter.ceo\/coxs\/wp-content\/uploads\/sites\/4\/2025\/05\/2888_matusalem_anejo.jpg","width":600,"height":711,"caption":"COXS CLUB"},{"@type":"BreadcrumbList","@id":"https:\/\/richter.ceo\/coxs\/en\/product\/matusalem-anejo\/#breadcrumb","itemListElement":[{"@type":"ListItem","position":1,"name":"Dom\u016f","item":"https:\/\/richter.ceo\/coxs\/"},{"@type":"ListItem","position":2,"name":"N\u00c1POJE","item":"https:\/\/richter.ceo\/coxs\/en\/napoje\/"},{"@type":"ListItem","position":3,"name":"Matusalem A\u00f1ejo"}]},{"@type":"WebSite","@id":"https:\/\/richter.ceo\/coxs\/en\/#website","url":"https:\/\/richter.ceo\/coxs\/en\/","name":"COXS CLUB","description":"Beton a Rum","publisher":{"@id":"https:\/\/richter.ceo\/coxs\/en\/#organization"},"potentialAction":[{"@type":"SearchAction","target":{"@type":"EntryPoint","urlTemplate":"https:\/\/richter.ceo\/coxs\/en\/?s={search_term_string}"},"query-input":{"@type":"PropertyValueSpecification","valueRequired":true,"valueName":"search_term_string"}}],"inLanguage":"en-GB"},{"@type":"Organization","@id":"https:\/\/richter.ceo\/coxs\/en\/#organization","name":"COXS CLUB","url":"https:\/\/richter.ceo\/coxs\/en\/","logo":{"@type":"ImageObject","inLanguage":"en-GB","@id":"https:\/\/richter.ceo\/coxs\/en\/#\/schema\/logo\/image\/","url":"http:\/\/richter.ceo\/coxs\/wp-content\/uploads\/sites\/4\/2025\/05\/FAVICON-dark.webp","contentUrl":"http:\/\/richter.ceo\/coxs\/wp-content\/uploads\/sites\/4\/2025\/05\/FAVICON-dark.webp","width":512,"height":512,"caption":"COXS CLUB"},"image":{"@id":"https:\/\/richter.ceo\/coxs\/en\/#\/schema\/logo\/image\/"},"sameAs":["https:\/\/www.facebook.com\/profile.php?id=100088204002615","https:\/\/www.instagram.com\/coxs_coxs\/"]}]}},"_links":{"self":[{"href":"https:\/\/richter.ceo\/coxs\/en\/wp-json\/wp\/v2\/product\/1317","targetHints":{"allow":["GET"]}}],"collection":[{"href":"https:\/\/richter.ceo\/coxs\/en\/wp-json\/wp\/v2\/product"}],"about":[{"href":"https:\/\/richter.ceo\/coxs\/en\/wp-json\/wp\/v2\/types\/product"}],"wp:featuredmedia":[{"embeddable":true,"href":"https:\/\/richter.ceo\/coxs\/en\/wp-json\/wp\/v2\/media\/1202"}],"wp:attachment":[{"href":"https:\/\/richter.ceo\/coxs\/en\/wp-json\/wp\/v2\/media?parent=1317"}],"wp:term":[{"taxonomy":"product_brand","embeddable":true,"href":"https:\/\/richter.ceo\/coxs\/en\/wp-json\/wp\/v2\/product_brand?post=1317"},{"taxonomy":"product_cat","embeddable":true,"href":"https:\/\/richter.ceo\/coxs\/en\/wp-json\/wp\/v2\/product_cat?post=1317"},{"taxonomy":"product_tag","embeddable":true,"href":"https:\/\/richter.ceo\/coxs\/en\/wp-json\/wp\/v2\/product_tag?post=1317"}],"curies":[{"name":"wp","href":"https:\/\/api.w.org\/{rel}","templated":true}]}}