{"id":1327,"date":"2025-05-14T15:22:38","date_gmt":"2025-05-14T13:22:38","guid":{"rendered":"https:\/\/richter.ceo\/coxs\/?post_type=product&#038;p=1327"},"modified":"2025-05-14T15:22:38","modified_gmt":"2025-05-14T13:22:38","slug":"clairin-vaval-2018","status":"publish","type":"product","link":"https:\/\/richter.ceo\/coxs\/en\/product\/clairin-vaval-2018\/","title":{"rendered":"Clairin Vaval 2018"},"content":{"rendered":"<div class=\"elementor-column elementor-col-50 elementor-inner-column elementor-element elementor-element-df5ea97\" data-id=\"df5ea97\" data-element_type=\"column\">\n<div class=\"elementor-widget-wrap elementor-element-populated\">\n<div class=\"elementor-element elementor-element-5f45f876 elementor-widget elementor-widget-woocommerce-product-short-description\" data-id=\"5f45f876\" data-element_type=\"widget\" data-widget_type=\"woocommerce-product-short-description.default\">\n<div class=\"elementor-widget-container\">\n<div class=\"woocommerce-product-details__short-description\">\n<p>Dvacet hektar\u016f, na kter\u00fdch roste cukrov\u00e1 t\u0159tina odr\u016fdy Madame Meuze, se rozprost\u00edr\u00e1 v bl\u00edzkosti pl\u00e1\u017e\u00ed Aquin na jihu Haiti. Pal\u00edrna Arawaks, kter\u00e1 funguje pod veden\u00edm rodiny Vaval\u016f od roku 1947, m\u00e1 nezam\u011bniteln\u00fd styl. Fritz Vaval, kter\u00fd tuto pal\u00edrnu provozuje posledn\u00edch deset let, nezm\u011bnil \u017e\u00e1dn\u00e9 v\u00fdrobn\u00ed postupy a rum je tak naprosto autentick\u00fd. Kva\u0161en\u00ed prob\u00edh\u00e1 p\u0159irozenou cestou, pouze s divok\u00fdmi kvasinkami. Destilov\u00e1n je na m\u011bd\u011bn\u00e9 kolon\u011b, kter\u00e1 byla vyrobena ru\u010dn\u011b z barel\u016f na benz\u00edn a kter\u00e1 je poh\u00e1n\u011bn\u00e1 parn\u00edm strojem ze star\u00e9 lokomotivy. Toto zachov\u00e1n\u00ed v\u0161ech rodinn\u00fdch tradic, v\u00fdrobn\u00edho postupu a m\u00edsta p\u016fvodu dod\u00e1v\u00e1 clairinu Vaval chu\u0165, kter\u00e1 p\u0159ipom\u00edn\u00e1 oblast, odkud poch\u00e1z\u00ed: lehce slanou jako mo\u0159sk\u00fd v\u00e1nek, s bylinn\u00fdmi a kv\u011btinov\u00fdmi podt\u00f3ny.<\/p>\n<\/div>\n<\/div>\n<\/div>\n<\/div>\n<\/div>","protected":false},"excerpt":{"rendered":"<p>Dvacet hektar\u016f, na kter\u00fdch roste cukrov\u00e1 t\u0159tina odr\u016fdy Madame Meuze, se rozprost\u00edr\u00e1 v bl\u00edzkosti pl\u00e1\u017e\u00ed Aquin na jihu Haiti. Pal\u00edrna Arawaks, kter\u00e1 funguje pod veden\u00edm rodiny Vaval\u016f od roku 1947, m\u00e1 nezam\u011bniteln\u00fd styl. Fritz Vaval, kter\u00fd tuto pal\u00edrnu provozuje posledn\u00edch deset let, nezm\u011bnil \u017e\u00e1dn\u00e9 v\u00fdrobn\u00ed postupy a rum je tak naprosto autentick\u00fd. Kva\u0161en\u00ed prob\u00edh\u00e1 p\u0159irozenou [&hellip;]<\/p>\n","protected":false},"featured_media":1224,"template":"","meta":{"_acf_changed":false},"product_brand":[187],"product_cat":[117],"product_tag":[],"class_list":{"0":"post-1327","1":"product","2":"type-product","3":"status-publish","4":"has-post-thumbnail","6":"product_brand-clairin","7":"product_cat-rum","8":"pa_cena-za-004-l","9":"pa_obsah-alkoholu-190","10":"pa_zeme-haiti","12":"first","13":"instock","14":"shipping-taxable","15":"purchasable","16":"product-type-simple"},"acf":[],"yoast_head":"<!-- This site is optimized with the Yoast SEO plugin v27.5 - https:\/\/yoast.com\/product\/yoast-seo-wordpress\/ -->\n<title>Clairin Vaval 2018<\/title>\n<meta name=\"description\" content=\"Dvacet hektar\u016f, na kter\u00fdch roste cukrov\u00e1 t\u0159tina odr\u016fdy Madame Meuze, se rozprost\u00edr\u00e1 v bl\u00edzkosti pl\u00e1\u017e\u00ed Aquin na jihu Haiti. Pal\u00edrna Arawaks, kter\u00e1 funguje\" \/>\n<meta name=\"robots\" content=\"index, follow, max-snippet:-1, max-image-preview:large, max-video-preview:-1\" \/>\n<link rel=\"canonical\" href=\"https:\/\/richter.ceo\/coxs\/en\/product\/clairin-vaval-2018\/\" \/>\n<meta property=\"og:locale\" content=\"en_GB\" \/>\n<meta property=\"og:type\" content=\"article\" \/>\n<meta property=\"og:title\" content=\"Clairin Vaval 2018\" \/>\n<meta property=\"og:description\" content=\"Dvacet hektar\u016f, na kter\u00fdch roste cukrov\u00e1 t\u0159tina odr\u016fdy Madame Meuze, se rozprost\u00edr\u00e1 v bl\u00edzkosti pl\u00e1\u017e\u00ed Aquin na jihu Haiti. Pal\u00edrna Arawaks, kter\u00e1 funguje\" \/>\n<meta property=\"og:url\" content=\"https:\/\/richter.ceo\/coxs\/en\/product\/clairin-vaval-2018\/\" \/>\n<meta property=\"og:site_name\" content=\"COXS CLUB\" \/>\n<meta property=\"article:publisher\" content=\"https:\/\/www.facebook.com\/profile.php?id=100088204002615\" \/>\n<meta property=\"og:image\" content=\"https:\/\/richter.ceo\/coxs\/wp-content\/uploads\/sites\/4\/2025\/05\/3281_clairin_vaval_2018.jpg\" \/>\n\t<meta property=\"og:image:width\" content=\"600\" \/>\n\t<meta property=\"og:image:height\" content=\"711\" \/>\n\t<meta property=\"og:image:type\" content=\"image\/jpeg\" \/>\n<meta name=\"twitter:card\" content=\"summary_large_image\" \/>\n<meta name=\"twitter:label1\" content=\"Estimated reading time\" \/>\n\t<meta name=\"twitter:data1\" content=\"1 minute\" \/>\n<script type=\"application\/ld+json\" class=\"yoast-schema-graph\">{\"@context\":\"https:\\\/\\\/schema.org\",\"@graph\":[{\"@type\":\"WebPage\",\"@id\":\"https:\\\/\\\/richter.ceo\\\/coxs\\\/en\\\/product\\\/clairin-vaval-2018\\\/\",\"url\":\"https:\\\/\\\/richter.ceo\\\/coxs\\\/en\\\/product\\\/clairin-vaval-2018\\\/\",\"name\":\"Clairin Vaval 2018\",\"isPartOf\":{\"@id\":\"https:\\\/\\\/richter.ceo\\\/coxs\\\/en\\\/#website\"},\"primaryImageOfPage\":{\"@id\":\"https:\\\/\\\/richter.ceo\\\/coxs\\\/en\\\/product\\\/clairin-vaval-2018\\\/#primaryimage\"},\"image\":{\"@id\":\"https:\\\/\\\/richter.ceo\\\/coxs\\\/en\\\/product\\\/clairin-vaval-2018\\\/#primaryimage\"},\"thumbnailUrl\":\"https:\\\/\\\/richter.ceo\\\/coxs\\\/wp-content\\\/uploads\\\/sites\\\/4\\\/2025\\\/05\\\/3281_clairin_vaval_2018.jpg\",\"datePublished\":\"2025-05-14T13:22:38+00:00\",\"description\":\"Dvacet hektar\u016f, na kter\u00fdch roste cukrov\u00e1 t\u0159tina odr\u016fdy Madame Meuze, se rozprost\u00edr\u00e1 v bl\u00edzkosti pl\u00e1\u017e\u00ed Aquin na jihu Haiti. Pal\u00edrna Arawaks, kter\u00e1 funguje\",\"breadcrumb\":{\"@id\":\"https:\\\/\\\/richter.ceo\\\/coxs\\\/en\\\/product\\\/clairin-vaval-2018\\\/#breadcrumb\"},\"inLanguage\":\"en-GB\",\"potentialAction\":[{\"@type\":\"ReadAction\",\"target\":[\"https:\\\/\\\/richter.ceo\\\/coxs\\\/en\\\/product\\\/clairin-vaval-2018\\\/\"]}]},{\"@type\":\"ImageObject\",\"inLanguage\":\"en-GB\",\"@id\":\"https:\\\/\\\/richter.ceo\\\/coxs\\\/en\\\/product\\\/clairin-vaval-2018\\\/#primaryimage\",\"url\":\"https:\\\/\\\/richter.ceo\\\/coxs\\\/wp-content\\\/uploads\\\/sites\\\/4\\\/2025\\\/05\\\/3281_clairin_vaval_2018.jpg\",\"contentUrl\":\"https:\\\/\\\/richter.ceo\\\/coxs\\\/wp-content\\\/uploads\\\/sites\\\/4\\\/2025\\\/05\\\/3281_clairin_vaval_2018.jpg\",\"width\":600,\"height\":711,\"caption\":\"COXS CLUB\"},{\"@type\":\"BreadcrumbList\",\"@id\":\"https:\\\/\\\/richter.ceo\\\/coxs\\\/en\\\/product\\\/clairin-vaval-2018\\\/#breadcrumb\",\"itemListElement\":[{\"@type\":\"ListItem\",\"position\":1,\"name\":\"Dom\u016f\",\"item\":\"https:\\\/\\\/richter.ceo\\\/coxs\\\/\"},{\"@type\":\"ListItem\",\"position\":2,\"name\":\"N\u00c1POJE\",\"item\":\"https:\\\/\\\/richter.ceo\\\/coxs\\\/en\\\/napoje\\\/\"},{\"@type\":\"ListItem\",\"position\":3,\"name\":\"Clairin Vaval 2018\"}]},{\"@type\":\"WebSite\",\"@id\":\"https:\\\/\\\/richter.ceo\\\/coxs\\\/en\\\/#website\",\"url\":\"https:\\\/\\\/richter.ceo\\\/coxs\\\/en\\\/\",\"name\":\"COXS CLUB\",\"description\":\"Beton a Rum\",\"publisher\":{\"@id\":\"https:\\\/\\\/richter.ceo\\\/coxs\\\/en\\\/#organization\"},\"potentialAction\":[{\"@type\":\"SearchAction\",\"target\":{\"@type\":\"EntryPoint\",\"urlTemplate\":\"https:\\\/\\\/richter.ceo\\\/coxs\\\/en\\\/?s={search_term_string}\"},\"query-input\":{\"@type\":\"PropertyValueSpecification\",\"valueRequired\":true,\"valueName\":\"search_term_string\"}}],\"inLanguage\":\"en-GB\"},{\"@type\":\"Organization\",\"@id\":\"https:\\\/\\\/richter.ceo\\\/coxs\\\/en\\\/#organization\",\"name\":\"COXS CLUB\",\"url\":\"https:\\\/\\\/richter.ceo\\\/coxs\\\/en\\\/\",\"logo\":{\"@type\":\"ImageObject\",\"inLanguage\":\"en-GB\",\"@id\":\"https:\\\/\\\/richter.ceo\\\/coxs\\\/en\\\/#\\\/schema\\\/logo\\\/image\\\/\",\"url\":\"http:\\\/\\\/richter.ceo\\\/coxs\\\/wp-content\\\/uploads\\\/sites\\\/4\\\/2025\\\/05\\\/FAVICON-dark.webp\",\"contentUrl\":\"http:\\\/\\\/richter.ceo\\\/coxs\\\/wp-content\\\/uploads\\\/sites\\\/4\\\/2025\\\/05\\\/FAVICON-dark.webp\",\"width\":512,\"height\":512,\"caption\":\"COXS CLUB\"},\"image\":{\"@id\":\"https:\\\/\\\/richter.ceo\\\/coxs\\\/en\\\/#\\\/schema\\\/logo\\\/image\\\/\"},\"sameAs\":[\"https:\\\/\\\/www.facebook.com\\\/profile.php?id=100088204002615\",\"https:\\\/\\\/www.instagram.com\\\/coxs_coxs\\\/\"]}]}<\/script>\n<!-- \/ Yoast SEO plugin. -->","yoast_head_json":{"title":"Clairin Vaval 2018","description":"Dvacet hektar\u016f, na kter\u00fdch roste cukrov\u00e1 t\u0159tina odr\u016fdy Madame Meuze, se rozprost\u00edr\u00e1 v bl\u00edzkosti pl\u00e1\u017e\u00ed Aquin na jihu Haiti. Pal\u00edrna Arawaks, kter\u00e1 funguje","robots":{"index":"index","follow":"follow","max-snippet":"max-snippet:-1","max-image-preview":"max-image-preview:large","max-video-preview":"max-video-preview:-1"},"canonical":"https:\/\/richter.ceo\/coxs\/en\/product\/clairin-vaval-2018\/","og_locale":"en_GB","og_type":"article","og_title":"Clairin Vaval 2018","og_description":"Dvacet hektar\u016f, na kter\u00fdch roste cukrov\u00e1 t\u0159tina odr\u016fdy Madame Meuze, se rozprost\u00edr\u00e1 v bl\u00edzkosti pl\u00e1\u017e\u00ed Aquin na jihu Haiti. Pal\u00edrna Arawaks, kter\u00e1 funguje","og_url":"https:\/\/richter.ceo\/coxs\/en\/product\/clairin-vaval-2018\/","og_site_name":"COXS CLUB","article_publisher":"https:\/\/www.facebook.com\/profile.php?id=100088204002615","og_image":[{"width":600,"height":711,"url":"https:\/\/richter.ceo\/coxs\/wp-content\/uploads\/sites\/4\/2025\/05\/3281_clairin_vaval_2018.jpg","type":"image\/jpeg"}],"twitter_card":"summary_large_image","twitter_misc":{"Estimated reading time":"1 minute"},"schema":{"@context":"https:\/\/schema.org","@graph":[{"@type":"WebPage","@id":"https:\/\/richter.ceo\/coxs\/en\/product\/clairin-vaval-2018\/","url":"https:\/\/richter.ceo\/coxs\/en\/product\/clairin-vaval-2018\/","name":"Clairin Vaval 2018","isPartOf":{"@id":"https:\/\/richter.ceo\/coxs\/en\/#website"},"primaryImageOfPage":{"@id":"https:\/\/richter.ceo\/coxs\/en\/product\/clairin-vaval-2018\/#primaryimage"},"image":{"@id":"https:\/\/richter.ceo\/coxs\/en\/product\/clairin-vaval-2018\/#primaryimage"},"thumbnailUrl":"https:\/\/richter.ceo\/coxs\/wp-content\/uploads\/sites\/4\/2025\/05\/3281_clairin_vaval_2018.jpg","datePublished":"2025-05-14T13:22:38+00:00","description":"Dvacet hektar\u016f, na kter\u00fdch roste cukrov\u00e1 t\u0159tina odr\u016fdy Madame Meuze, se rozprost\u00edr\u00e1 v bl\u00edzkosti pl\u00e1\u017e\u00ed Aquin na jihu Haiti. Pal\u00edrna Arawaks, kter\u00e1 funguje","breadcrumb":{"@id":"https:\/\/richter.ceo\/coxs\/en\/product\/clairin-vaval-2018\/#breadcrumb"},"inLanguage":"en-GB","potentialAction":[{"@type":"ReadAction","target":["https:\/\/richter.ceo\/coxs\/en\/product\/clairin-vaval-2018\/"]}]},{"@type":"ImageObject","inLanguage":"en-GB","@id":"https:\/\/richter.ceo\/coxs\/en\/product\/clairin-vaval-2018\/#primaryimage","url":"https:\/\/richter.ceo\/coxs\/wp-content\/uploads\/sites\/4\/2025\/05\/3281_clairin_vaval_2018.jpg","contentUrl":"https:\/\/richter.ceo\/coxs\/wp-content\/uploads\/sites\/4\/2025\/05\/3281_clairin_vaval_2018.jpg","width":600,"height":711,"caption":"COXS CLUB"},{"@type":"BreadcrumbList","@id":"https:\/\/richter.ceo\/coxs\/en\/product\/clairin-vaval-2018\/#breadcrumb","itemListElement":[{"@type":"ListItem","position":1,"name":"Dom\u016f","item":"https:\/\/richter.ceo\/coxs\/"},{"@type":"ListItem","position":2,"name":"N\u00c1POJE","item":"https:\/\/richter.ceo\/coxs\/en\/napoje\/"},{"@type":"ListItem","position":3,"name":"Clairin Vaval 2018"}]},{"@type":"WebSite","@id":"https:\/\/richter.ceo\/coxs\/en\/#website","url":"https:\/\/richter.ceo\/coxs\/en\/","name":"COXS CLUB","description":"Beton a Rum","publisher":{"@id":"https:\/\/richter.ceo\/coxs\/en\/#organization"},"potentialAction":[{"@type":"SearchAction","target":{"@type":"EntryPoint","urlTemplate":"https:\/\/richter.ceo\/coxs\/en\/?s={search_term_string}"},"query-input":{"@type":"PropertyValueSpecification","valueRequired":true,"valueName":"search_term_string"}}],"inLanguage":"en-GB"},{"@type":"Organization","@id":"https:\/\/richter.ceo\/coxs\/en\/#organization","name":"COXS CLUB","url":"https:\/\/richter.ceo\/coxs\/en\/","logo":{"@type":"ImageObject","inLanguage":"en-GB","@id":"https:\/\/richter.ceo\/coxs\/en\/#\/schema\/logo\/image\/","url":"http:\/\/richter.ceo\/coxs\/wp-content\/uploads\/sites\/4\/2025\/05\/FAVICON-dark.webp","contentUrl":"http:\/\/richter.ceo\/coxs\/wp-content\/uploads\/sites\/4\/2025\/05\/FAVICON-dark.webp","width":512,"height":512,"caption":"COXS CLUB"},"image":{"@id":"https:\/\/richter.ceo\/coxs\/en\/#\/schema\/logo\/image\/"},"sameAs":["https:\/\/www.facebook.com\/profile.php?id=100088204002615","https:\/\/www.instagram.com\/coxs_coxs\/"]}]}},"_links":{"self":[{"href":"https:\/\/richter.ceo\/coxs\/en\/wp-json\/wp\/v2\/product\/1327","targetHints":{"allow":["GET"]}}],"collection":[{"href":"https:\/\/richter.ceo\/coxs\/en\/wp-json\/wp\/v2\/product"}],"about":[{"href":"https:\/\/richter.ceo\/coxs\/en\/wp-json\/wp\/v2\/types\/product"}],"wp:featuredmedia":[{"embeddable":true,"href":"https:\/\/richter.ceo\/coxs\/en\/wp-json\/wp\/v2\/media\/1224"}],"wp:attachment":[{"href":"https:\/\/richter.ceo\/coxs\/en\/wp-json\/wp\/v2\/media?parent=1327"}],"wp:term":[{"taxonomy":"product_brand","embeddable":true,"href":"https:\/\/richter.ceo\/coxs\/en\/wp-json\/wp\/v2\/product_brand?post=1327"},{"taxonomy":"product_cat","embeddable":true,"href":"https:\/\/richter.ceo\/coxs\/en\/wp-json\/wp\/v2\/product_cat?post=1327"},{"taxonomy":"product_tag","embeddable":true,"href":"https:\/\/richter.ceo\/coxs\/en\/wp-json\/wp\/v2\/product_tag?post=1327"}],"curies":[{"name":"wp","href":"https:\/\/api.w.org\/{rel}","templated":true}]}}