{"id":1333,"date":"2025-05-14T15:36:26","date_gmt":"2025-05-14T13:36:26","guid":{"rendered":"https:\/\/richter.ceo\/coxs\/?post_type=product&#038;p=1333"},"modified":"2025-05-14T15:36:26","modified_gmt":"2025-05-14T13:36:26","slug":"zafra-master-reserve-21-y-o","status":"publish","type":"product","link":"https:\/\/richter.ceo\/coxs\/en\/product\/zafra-master-reserve-21-y-o\/","title":{"rendered":"Zafra Master Reserve 21 Y.O."},"content":{"rendered":"<div class=\"elementor-column elementor-col-50 elementor-inner-column elementor-element elementor-element-df5ea97\" data-id=\"df5ea97\" data-element_type=\"column\">\n<div class=\"elementor-widget-wrap elementor-element-populated\">\n<div class=\"elementor-element elementor-element-5f45f876 elementor-widget elementor-widget-woocommerce-product-short-description\" data-id=\"5f45f876\" data-element_type=\"widget\" data-widget_type=\"woocommerce-product-short-description.default\">\n<div class=\"elementor-widget-container\">\n<div class=\"woocommerce-product-details__short-description\">\n<p>V\u00fdraz Zafra v p\u0159ekladu znamen\u00e1 sklize\u0148. Pro panamsk\u00fd rum tohoto jm\u00e9na se vyb\u00edraj\u00ed americk\u00e9 dubov\u00e9 sudy po bourbonu, kter\u00e9 mu poskytuj\u00ed optim\u00e1ln\u00ed podm\u00ednky pro zr\u00e1n\u00ed. Master Ronero, Francisco \u201cDon Pancho\u201d Fernandez bd\u00ed nad pomal\u00fdm zr\u00e1n\u00edm rumu, kter\u00fd n\u00e1sledn\u011b mistrovsky blenduje. V\u00fdsledkem jeho um\u011bn\u00ed je Zafra Master Reserve. St\u00e1\u0159\u00ed tohoto rumu dosahuje v\u00fdjime\u010dn\u00fdch 21 let. Je to mimo\u0159\u00e1dn\u011b hladk\u00fd rum, ve kter\u00e9m se snoub\u00ed d\u0159evit\u00e9, ovocn\u00e9 a lehce ko\u0159en\u011bn\u00e9 t\u00f3ny.<\/p>\n<\/div>\n<\/div>\n<\/div>\n<\/div>\n<\/div>","protected":false},"excerpt":{"rendered":"<p>V\u00fdraz Zafra v p\u0159ekladu znamen\u00e1 sklize\u0148. Pro panamsk\u00fd rum tohoto jm\u00e9na se vyb\u00edraj\u00ed americk\u00e9 dubov\u00e9 sudy po bourbonu, kter\u00e9 mu poskytuj\u00ed optim\u00e1ln\u00ed podm\u00ednky pro zr\u00e1n\u00ed. Master Ronero, Francisco \u201cDon Pancho\u201d Fernandez bd\u00ed nad pomal\u00fdm zr\u00e1n\u00edm rumu, kter\u00fd n\u00e1sledn\u011b mistrovsky blenduje. V\u00fdsledkem jeho um\u011bn\u00ed je Zafra Master Reserve. St\u00e1\u0159\u00ed tohoto rumu dosahuje v\u00fdjime\u010dn\u00fdch 21 let. Je [&hellip;]<\/p>\n","protected":false},"featured_media":1179,"template":"","meta":{"_acf_changed":false},"product_brand":[196],"product_cat":[117],"product_tag":[],"class_list":{"0":"post-1333","1":"product","2":"type-product","3":"status-publish","4":"has-post-thumbnail","6":"product_brand-zafra","7":"product_cat-rum","8":"pa_cena-za-004-l","9":"pa_obsah-alkoholu-21","10":"pa_zeme-panama","12":"first","13":"instock","14":"shipping-taxable","15":"purchasable","16":"product-type-simple"},"acf":[],"yoast_head":"<!-- This site is optimized with the Yoast SEO plugin v27.5 - https:\/\/yoast.com\/product\/yoast-seo-wordpress\/ -->\n<title>Zafra Master Reserve 21 Y.O.<\/title>\n<meta name=\"description\" content=\"V\u00fdraz Zafra v p\u0159ekladu znamen\u00e1 sklize\u0148. Pro panamsk\u00fd rum tohoto jm\u00e9na se vyb\u00edraj\u00ed americk\u00e9 dubov\u00e9 sudy po bourbonu, kter\u00e9 mu poskytuj\u00ed optim\u00e1ln\u00ed podm\u00ednky\" \/>\n<meta name=\"robots\" content=\"index, follow, max-snippet:-1, max-image-preview:large, max-video-preview:-1\" \/>\n<link rel=\"canonical\" href=\"https:\/\/richter.ceo\/coxs\/en\/product\/zafra-master-reserve-21-y-o\/\" \/>\n<meta property=\"og:locale\" content=\"en_GB\" \/>\n<meta property=\"og:type\" content=\"article\" \/>\n<meta property=\"og:title\" content=\"Zafra Master Reserve 21 Y.O.\" \/>\n<meta property=\"og:description\" content=\"V\u00fdraz Zafra v p\u0159ekladu znamen\u00e1 sklize\u0148. Pro panamsk\u00fd rum tohoto jm\u00e9na se vyb\u00edraj\u00ed americk\u00e9 dubov\u00e9 sudy po bourbonu, kter\u00e9 mu poskytuj\u00ed optim\u00e1ln\u00ed podm\u00ednky\" \/>\n<meta property=\"og:url\" content=\"https:\/\/richter.ceo\/coxs\/en\/product\/zafra-master-reserve-21-y-o\/\" \/>\n<meta property=\"og:site_name\" content=\"COXS CLUB\" \/>\n<meta property=\"article:publisher\" content=\"https:\/\/www.facebook.com\/profile.php?id=100088204002615\" \/>\n<meta property=\"og:image\" content=\"https:\/\/richter.ceo\/coxs\/wp-content\/uploads\/sites\/4\/2025\/05\/0793_zafra_master_reserve_21_yo_rum-20210126-113242.jpg\" \/>\n\t<meta property=\"og:image:width\" content=\"600\" \/>\n\t<meta property=\"og:image:height\" content=\"711\" \/>\n\t<meta property=\"og:image:type\" content=\"image\/jpeg\" \/>\n<meta name=\"twitter:card\" content=\"summary_large_image\" \/>\n<script type=\"application\/ld+json\" class=\"yoast-schema-graph\">{\"@context\":\"https:\\\/\\\/schema.org\",\"@graph\":[{\"@type\":\"WebPage\",\"@id\":\"https:\\\/\\\/richter.ceo\\\/coxs\\\/produkt\\\/zafra-master-reserve-21-y-o\\\/\",\"url\":\"https:\\\/\\\/richter.ceo\\\/coxs\\\/produkt\\\/zafra-master-reserve-21-y-o\\\/\",\"name\":\"Zafra Master Reserve 21 Y.O.\",\"isPartOf\":{\"@id\":\"https:\\\/\\\/richter.ceo\\\/coxs\\\/en\\\/#website\"},\"primaryImageOfPage\":{\"@id\":\"https:\\\/\\\/richter.ceo\\\/coxs\\\/produkt\\\/zafra-master-reserve-21-y-o\\\/#primaryimage\"},\"image\":{\"@id\":\"https:\\\/\\\/richter.ceo\\\/coxs\\\/produkt\\\/zafra-master-reserve-21-y-o\\\/#primaryimage\"},\"thumbnailUrl\":\"https:\\\/\\\/richter.ceo\\\/coxs\\\/wp-content\\\/uploads\\\/sites\\\/4\\\/2025\\\/05\\\/0793_zafra_master_reserve_21_yo_rum-20210126-113242.jpg\",\"datePublished\":\"2025-05-14T13:36:26+00:00\",\"description\":\"V\u00fdraz Zafra v p\u0159ekladu znamen\u00e1 sklize\u0148. Pro panamsk\u00fd rum tohoto jm\u00e9na se vyb\u00edraj\u00ed americk\u00e9 dubov\u00e9 sudy po bourbonu, kter\u00e9 mu poskytuj\u00ed optim\u00e1ln\u00ed podm\u00ednky\",\"breadcrumb\":{\"@id\":\"https:\\\/\\\/richter.ceo\\\/coxs\\\/produkt\\\/zafra-master-reserve-21-y-o\\\/#breadcrumb\"},\"inLanguage\":\"en-GB\",\"potentialAction\":[{\"@type\":\"ReadAction\",\"target\":[\"https:\\\/\\\/richter.ceo\\\/coxs\\\/produkt\\\/zafra-master-reserve-21-y-o\\\/\"]}]},{\"@type\":\"ImageObject\",\"inLanguage\":\"en-GB\",\"@id\":\"https:\\\/\\\/richter.ceo\\\/coxs\\\/produkt\\\/zafra-master-reserve-21-y-o\\\/#primaryimage\",\"url\":\"https:\\\/\\\/richter.ceo\\\/coxs\\\/wp-content\\\/uploads\\\/sites\\\/4\\\/2025\\\/05\\\/0793_zafra_master_reserve_21_yo_rum-20210126-113242.jpg\",\"contentUrl\":\"https:\\\/\\\/richter.ceo\\\/coxs\\\/wp-content\\\/uploads\\\/sites\\\/4\\\/2025\\\/05\\\/0793_zafra_master_reserve_21_yo_rum-20210126-113242.jpg\",\"width\":600,\"height\":711,\"caption\":\"COXS CLUB\"},{\"@type\":\"BreadcrumbList\",\"@id\":\"https:\\\/\\\/richter.ceo\\\/coxs\\\/produkt\\\/zafra-master-reserve-21-y-o\\\/#breadcrumb\",\"itemListElement\":[{\"@type\":\"ListItem\",\"position\":1,\"name\":\"Dom\u016f\",\"item\":\"https:\\\/\\\/richter.ceo\\\/coxs\\\/\"},{\"@type\":\"ListItem\",\"position\":2,\"name\":\"N\u00c1POJE\",\"item\":\"https:\\\/\\\/richter.ceo\\\/coxs\\\/en\\\/napoje\\\/\"},{\"@type\":\"ListItem\",\"position\":3,\"name\":\"Zafra Master Reserve 21 Y.O.\"}]},{\"@type\":\"WebSite\",\"@id\":\"https:\\\/\\\/richter.ceo\\\/coxs\\\/en\\\/#website\",\"url\":\"https:\\\/\\\/richter.ceo\\\/coxs\\\/en\\\/\",\"name\":\"COXS CLUB\",\"description\":\"Beton a Rum\",\"publisher\":{\"@id\":\"https:\\\/\\\/richter.ceo\\\/coxs\\\/en\\\/#organization\"},\"potentialAction\":[{\"@type\":\"SearchAction\",\"target\":{\"@type\":\"EntryPoint\",\"urlTemplate\":\"https:\\\/\\\/richter.ceo\\\/coxs\\\/en\\\/?s={search_term_string}\"},\"query-input\":{\"@type\":\"PropertyValueSpecification\",\"valueRequired\":true,\"valueName\":\"search_term_string\"}}],\"inLanguage\":\"en-GB\"},{\"@type\":\"Organization\",\"@id\":\"https:\\\/\\\/richter.ceo\\\/coxs\\\/en\\\/#organization\",\"name\":\"COXS CLUB\",\"url\":\"https:\\\/\\\/richter.ceo\\\/coxs\\\/en\\\/\",\"logo\":{\"@type\":\"ImageObject\",\"inLanguage\":\"en-GB\",\"@id\":\"https:\\\/\\\/richter.ceo\\\/coxs\\\/en\\\/#\\\/schema\\\/logo\\\/image\\\/\",\"url\":\"http:\\\/\\\/richter.ceo\\\/coxs\\\/wp-content\\\/uploads\\\/sites\\\/4\\\/2025\\\/05\\\/FAVICON-dark.webp\",\"contentUrl\":\"http:\\\/\\\/richter.ceo\\\/coxs\\\/wp-content\\\/uploads\\\/sites\\\/4\\\/2025\\\/05\\\/FAVICON-dark.webp\",\"width\":512,\"height\":512,\"caption\":\"COXS CLUB\"},\"image\":{\"@id\":\"https:\\\/\\\/richter.ceo\\\/coxs\\\/en\\\/#\\\/schema\\\/logo\\\/image\\\/\"},\"sameAs\":[\"https:\\\/\\\/www.facebook.com\\\/profile.php?id=100088204002615\",\"https:\\\/\\\/www.instagram.com\\\/coxs_coxs\\\/\"]}]}<\/script>\n<!-- \/ Yoast SEO plugin. -->","yoast_head_json":{"title":"Zafra Master Reserve 21 Y.O.","description":"V\u00fdraz Zafra v p\u0159ekladu znamen\u00e1 sklize\u0148. Pro panamsk\u00fd rum tohoto jm\u00e9na se vyb\u00edraj\u00ed americk\u00e9 dubov\u00e9 sudy po bourbonu, kter\u00e9 mu poskytuj\u00ed optim\u00e1ln\u00ed podm\u00ednky","robots":{"index":"index","follow":"follow","max-snippet":"max-snippet:-1","max-image-preview":"max-image-preview:large","max-video-preview":"max-video-preview:-1"},"canonical":"https:\/\/richter.ceo\/coxs\/en\/product\/zafra-master-reserve-21-y-o\/","og_locale":"en_GB","og_type":"article","og_title":"Zafra Master Reserve 21 Y.O.","og_description":"V\u00fdraz Zafra v p\u0159ekladu znamen\u00e1 sklize\u0148. Pro panamsk\u00fd rum tohoto jm\u00e9na se vyb\u00edraj\u00ed americk\u00e9 dubov\u00e9 sudy po bourbonu, kter\u00e9 mu poskytuj\u00ed optim\u00e1ln\u00ed podm\u00ednky","og_url":"https:\/\/richter.ceo\/coxs\/en\/product\/zafra-master-reserve-21-y-o\/","og_site_name":"COXS CLUB","article_publisher":"https:\/\/www.facebook.com\/profile.php?id=100088204002615","og_image":[{"width":600,"height":711,"url":"https:\/\/richter.ceo\/coxs\/wp-content\/uploads\/sites\/4\/2025\/05\/0793_zafra_master_reserve_21_yo_rum-20210126-113242.jpg","type":"image\/jpeg"}],"twitter_card":"summary_large_image","schema":{"@context":"https:\/\/schema.org","@graph":[{"@type":"WebPage","@id":"https:\/\/richter.ceo\/coxs\/produkt\/zafra-master-reserve-21-y-o\/","url":"https:\/\/richter.ceo\/coxs\/produkt\/zafra-master-reserve-21-y-o\/","name":"Zafra Master Reserve 21 Y.O.","isPartOf":{"@id":"https:\/\/richter.ceo\/coxs\/en\/#website"},"primaryImageOfPage":{"@id":"https:\/\/richter.ceo\/coxs\/produkt\/zafra-master-reserve-21-y-o\/#primaryimage"},"image":{"@id":"https:\/\/richter.ceo\/coxs\/produkt\/zafra-master-reserve-21-y-o\/#primaryimage"},"thumbnailUrl":"https:\/\/richter.ceo\/coxs\/wp-content\/uploads\/sites\/4\/2025\/05\/0793_zafra_master_reserve_21_yo_rum-20210126-113242.jpg","datePublished":"2025-05-14T13:36:26+00:00","description":"V\u00fdraz Zafra v p\u0159ekladu znamen\u00e1 sklize\u0148. Pro panamsk\u00fd rum tohoto jm\u00e9na se vyb\u00edraj\u00ed americk\u00e9 dubov\u00e9 sudy po bourbonu, kter\u00e9 mu poskytuj\u00ed optim\u00e1ln\u00ed podm\u00ednky","breadcrumb":{"@id":"https:\/\/richter.ceo\/coxs\/produkt\/zafra-master-reserve-21-y-o\/#breadcrumb"},"inLanguage":"en-GB","potentialAction":[{"@type":"ReadAction","target":["https:\/\/richter.ceo\/coxs\/produkt\/zafra-master-reserve-21-y-o\/"]}]},{"@type":"ImageObject","inLanguage":"en-GB","@id":"https:\/\/richter.ceo\/coxs\/produkt\/zafra-master-reserve-21-y-o\/#primaryimage","url":"https:\/\/richter.ceo\/coxs\/wp-content\/uploads\/sites\/4\/2025\/05\/0793_zafra_master_reserve_21_yo_rum-20210126-113242.jpg","contentUrl":"https:\/\/richter.ceo\/coxs\/wp-content\/uploads\/sites\/4\/2025\/05\/0793_zafra_master_reserve_21_yo_rum-20210126-113242.jpg","width":600,"height":711,"caption":"COXS CLUB"},{"@type":"BreadcrumbList","@id":"https:\/\/richter.ceo\/coxs\/produkt\/zafra-master-reserve-21-y-o\/#breadcrumb","itemListElement":[{"@type":"ListItem","position":1,"name":"Dom\u016f","item":"https:\/\/richter.ceo\/coxs\/"},{"@type":"ListItem","position":2,"name":"N\u00c1POJE","item":"https:\/\/richter.ceo\/coxs\/en\/napoje\/"},{"@type":"ListItem","position":3,"name":"Zafra Master Reserve 21 Y.O."}]},{"@type":"WebSite","@id":"https:\/\/richter.ceo\/coxs\/en\/#website","url":"https:\/\/richter.ceo\/coxs\/en\/","name":"COXS CLUB","description":"Beton a Rum","publisher":{"@id":"https:\/\/richter.ceo\/coxs\/en\/#organization"},"potentialAction":[{"@type":"SearchAction","target":{"@type":"EntryPoint","urlTemplate":"https:\/\/richter.ceo\/coxs\/en\/?s={search_term_string}"},"query-input":{"@type":"PropertyValueSpecification","valueRequired":true,"valueName":"search_term_string"}}],"inLanguage":"en-GB"},{"@type":"Organization","@id":"https:\/\/richter.ceo\/coxs\/en\/#organization","name":"COXS CLUB","url":"https:\/\/richter.ceo\/coxs\/en\/","logo":{"@type":"ImageObject","inLanguage":"en-GB","@id":"https:\/\/richter.ceo\/coxs\/en\/#\/schema\/logo\/image\/","url":"http:\/\/richter.ceo\/coxs\/wp-content\/uploads\/sites\/4\/2025\/05\/FAVICON-dark.webp","contentUrl":"http:\/\/richter.ceo\/coxs\/wp-content\/uploads\/sites\/4\/2025\/05\/FAVICON-dark.webp","width":512,"height":512,"caption":"COXS CLUB"},"image":{"@id":"https:\/\/richter.ceo\/coxs\/en\/#\/schema\/logo\/image\/"},"sameAs":["https:\/\/www.facebook.com\/profile.php?id=100088204002615","https:\/\/www.instagram.com\/coxs_coxs\/"]}]}},"_links":{"self":[{"href":"https:\/\/richter.ceo\/coxs\/en\/wp-json\/wp\/v2\/product\/1333","targetHints":{"allow":["GET"]}}],"collection":[{"href":"https:\/\/richter.ceo\/coxs\/en\/wp-json\/wp\/v2\/product"}],"about":[{"href":"https:\/\/richter.ceo\/coxs\/en\/wp-json\/wp\/v2\/types\/product"}],"wp:featuredmedia":[{"embeddable":true,"href":"https:\/\/richter.ceo\/coxs\/en\/wp-json\/wp\/v2\/media\/1179"}],"wp:attachment":[{"href":"https:\/\/richter.ceo\/coxs\/en\/wp-json\/wp\/v2\/media?parent=1333"}],"wp:term":[{"taxonomy":"product_brand","embeddable":true,"href":"https:\/\/richter.ceo\/coxs\/en\/wp-json\/wp\/v2\/product_brand?post=1333"},{"taxonomy":"product_cat","embeddable":true,"href":"https:\/\/richter.ceo\/coxs\/en\/wp-json\/wp\/v2\/product_cat?post=1333"},{"taxonomy":"product_tag","embeddable":true,"href":"https:\/\/richter.ceo\/coxs\/en\/wp-json\/wp\/v2\/product_tag?post=1333"}],"curies":[{"name":"wp","href":"https:\/\/api.w.org\/{rel}","templated":true}]}}