{"id":1340,"date":"2025-05-14T15:50:18","date_gmt":"2025-05-14T13:50:18","guid":{"rendered":"https:\/\/richter.ceo\/coxs\/?post_type=product&#038;p=1340"},"modified":"2025-05-14T15:50:18","modified_gmt":"2025-05-14T13:50:18","slug":"diplomatico-single-vintage-2005","status":"publish","type":"product","link":"https:\/\/richter.ceo\/coxs\/en\/product\/diplomatico-single-vintage-2005\/","title":{"rendered":"Diplomatico single vintage 2005"},"content":{"rendered":"<div class=\"elementor-column elementor-col-50 elementor-inner-column elementor-element elementor-element-df5ea97\" data-id=\"df5ea97\" data-element_type=\"column\">\n<div class=\"elementor-widget-wrap elementor-element-populated\">\n<div class=\"elementor-element elementor-element-5f45f876 elementor-widget elementor-widget-woocommerce-product-short-description\" data-id=\"5f45f876\" data-element_type=\"widget\" data-widget_type=\"woocommerce-product-short-description.default\">\n<div class=\"elementor-widget-container\">\n<div class=\"woocommerce-product-details__short-description\">\n<p>Single Vintage je mimo\u0159\u00e1dn\u00e1 ro\u010dn\u00edkov\u00e1 edice rumu Diplom\u00e1tico vyr\u00e1b\u011bn\u00e1 v limitovan\u00e9m mno\u017estv\u00ed.Na za\u010d\u00e1tku je v\u00fdb\u011br rum\u016f destilovan\u00fdch v roce 2005, kter\u00e9 byly vyhodnoceny jako v\u00fdjime\u010dn\u00e9. Destilov\u00e1ny byly na star\u00e9m m\u011bd\u011bn\u00e9m kotl\u00edkov\u00e9m za\u0159\u00edzen\u00ed, v\u00fdhradn\u011b z medu cukrov\u00e9 t\u0159tiny. Rumy zr\u00e1ly 12 let v sudech z b\u00edl\u00e9ho dubu, kter\u00e9 p\u0159edt\u00edm obsahovaly bourbon a whisky. Maestro Roneros rumy pot\u00e9 blendovali a v\u00fdsledn\u00fd blend byl ulo\u017een je\u0161t\u011b na jeden rok do sud\u016f, kter\u00e9 p\u0159edt\u00edm obsahovaly oloroso sherry. Aroma nese t\u00f3ny pra\u017een\u00e9 k\u00e1vy, \u010dokol\u00e1dy a tab\u00e1ku, pot\u00e9 se projev\u00ed vanilka a zral\u00e9 ovoce. Chu\u0165 je jemn\u00e1, zakulacen\u00e1 s t\u00f3ny ho\u0159k\u00e9 \u010dokol\u00e1dy a velmi jemn\u00fdm z\u00e1v\u011brem s dotekem \u010derven\u00e9ho ovoce.<\/p>\n<\/div>\n<\/div>\n<\/div>\n<\/div>\n<\/div>","protected":false},"excerpt":{"rendered":"<p>Single Vintage je mimo\u0159\u00e1dn\u00e1 ro\u010dn\u00edkov\u00e1 edice rumu Diplom\u00e1tico vyr\u00e1b\u011bn\u00e1 v limitovan\u00e9m mno\u017estv\u00ed.Na za\u010d\u00e1tku je v\u00fdb\u011br rum\u016f destilovan\u00fdch v roce 2005, kter\u00e9 byly vyhodnoceny jako v\u00fdjime\u010dn\u00e9. Destilov\u00e1ny byly na star\u00e9m m\u011bd\u011bn\u00e9m kotl\u00edkov\u00e9m za\u0159\u00edzen\u00ed, v\u00fdhradn\u011b z medu cukrov\u00e9 t\u0159tiny. Rumy zr\u00e1ly 12 let v sudech z b\u00edl\u00e9ho dubu, kter\u00e9 p\u0159edt\u00edm obsahovaly bourbon a whisky. Maestro Roneros rumy [&hellip;]<\/p>\n","protected":false},"featured_media":1197,"template":"","meta":{"_acf_changed":false},"product_brand":[197],"product_cat":[117],"product_tag":[],"class_list":{"0":"post-1340","1":"product","2":"type-product","3":"status-publish","4":"has-post-thumbnail","6":"product_brand-diplomatico","7":"product_cat-rum","8":"pa_cena-za-004-l","9":"pa_obsah-alkoholu-56","10":"pa_zeme-venezuela","12":"first","13":"instock","14":"shipping-taxable","15":"purchasable","16":"product-type-simple"},"acf":[],"yoast_head":"<!-- This site is optimized with the Yoast SEO plugin v27.5 - https:\/\/yoast.com\/product\/yoast-seo-wordpress\/ -->\n<title>Diplomatico single vintage 2005<\/title>\n<meta name=\"description\" content=\"Single Vintage je mimo\u0159\u00e1dn\u00e1 ro\u010dn\u00edkov\u00e1 edice rumu Diplom\u00e1tico vyr\u00e1b\u011bn\u00e1 v limitovan\u00e9m mno\u017estv\u00ed.Na za\u010d\u00e1tku je v\u00fdb\u011br rum\u016f destilovan\u00fdch v roce 2005, kter\u00e9\" \/>\n<meta name=\"robots\" content=\"index, follow, max-snippet:-1, max-image-preview:large, max-video-preview:-1\" \/>\n<link rel=\"canonical\" href=\"https:\/\/richter.ceo\/coxs\/en\/product\/diplomatico-single-vintage-2005\/\" \/>\n<meta property=\"og:locale\" content=\"en_GB\" \/>\n<meta property=\"og:type\" content=\"article\" \/>\n<meta property=\"og:title\" content=\"Diplomatico single vintage 2005\" \/>\n<meta property=\"og:description\" content=\"Single Vintage je mimo\u0159\u00e1dn\u00e1 ro\u010dn\u00edkov\u00e1 edice rumu Diplom\u00e1tico vyr\u00e1b\u011bn\u00e1 v limitovan\u00e9m mno\u017estv\u00ed.Na za\u010d\u00e1tku je v\u00fdb\u011br rum\u016f destilovan\u00fdch v roce 2005, kter\u00e9\" \/>\n<meta property=\"og:url\" content=\"https:\/\/richter.ceo\/coxs\/en\/product\/diplomatico-single-vintage-2005\/\" \/>\n<meta property=\"og:site_name\" content=\"COXS CLUB\" \/>\n<meta property=\"article:publisher\" content=\"https:\/\/www.facebook.com\/profile.php?id=100088204002615\" \/>\n<meta property=\"og:image\" content=\"https:\/\/richter.ceo\/coxs\/wp-content\/uploads\/sites\/4\/2025\/05\/2717_diplomatico_sv_2005_2-20210408-141252-864x1024-1.jpg\" \/>\n\t<meta property=\"og:image:width\" content=\"864\" \/>\n\t<meta property=\"og:image:height\" content=\"1024\" \/>\n\t<meta property=\"og:image:type\" content=\"image\/jpeg\" \/>\n<meta name=\"twitter:card\" content=\"summary_large_image\" \/>\n<meta name=\"twitter:label1\" content=\"Estimated reading time\" \/>\n\t<meta name=\"twitter:data1\" content=\"1 minute\" \/>\n<script type=\"application\/ld+json\" class=\"yoast-schema-graph\">{\"@context\":\"https:\\\/\\\/schema.org\",\"@graph\":[{\"@type\":\"WebPage\",\"@id\":\"https:\\\/\\\/richter.ceo\\\/coxs\\\/produkt\\\/diplomatico-single-vintage-2005\\\/\",\"url\":\"https:\\\/\\\/richter.ceo\\\/coxs\\\/produkt\\\/diplomatico-single-vintage-2005\\\/\",\"name\":\"Diplomatico single vintage 2005\",\"isPartOf\":{\"@id\":\"https:\\\/\\\/richter.ceo\\\/coxs\\\/en\\\/#website\"},\"primaryImageOfPage\":{\"@id\":\"https:\\\/\\\/richter.ceo\\\/coxs\\\/produkt\\\/diplomatico-single-vintage-2005\\\/#primaryimage\"},\"image\":{\"@id\":\"https:\\\/\\\/richter.ceo\\\/coxs\\\/produkt\\\/diplomatico-single-vintage-2005\\\/#primaryimage\"},\"thumbnailUrl\":\"https:\\\/\\\/richter.ceo\\\/coxs\\\/wp-content\\\/uploads\\\/sites\\\/4\\\/2025\\\/05\\\/2717_diplomatico_sv_2005_2-20210408-141252-864x1024-1.jpg\",\"datePublished\":\"2025-05-14T13:50:18+00:00\",\"description\":\"Single Vintage je mimo\u0159\u00e1dn\u00e1 ro\u010dn\u00edkov\u00e1 edice rumu Diplom\u00e1tico vyr\u00e1b\u011bn\u00e1 v limitovan\u00e9m mno\u017estv\u00ed.Na za\u010d\u00e1tku je v\u00fdb\u011br rum\u016f destilovan\u00fdch v roce 2005, kter\u00e9\",\"breadcrumb\":{\"@id\":\"https:\\\/\\\/richter.ceo\\\/coxs\\\/produkt\\\/diplomatico-single-vintage-2005\\\/#breadcrumb\"},\"inLanguage\":\"en-GB\",\"potentialAction\":[{\"@type\":\"ReadAction\",\"target\":[\"https:\\\/\\\/richter.ceo\\\/coxs\\\/produkt\\\/diplomatico-single-vintage-2005\\\/\"]}]},{\"@type\":\"ImageObject\",\"inLanguage\":\"en-GB\",\"@id\":\"https:\\\/\\\/richter.ceo\\\/coxs\\\/produkt\\\/diplomatico-single-vintage-2005\\\/#primaryimage\",\"url\":\"https:\\\/\\\/richter.ceo\\\/coxs\\\/wp-content\\\/uploads\\\/sites\\\/4\\\/2025\\\/05\\\/2717_diplomatico_sv_2005_2-20210408-141252-864x1024-1.jpg\",\"contentUrl\":\"https:\\\/\\\/richter.ceo\\\/coxs\\\/wp-content\\\/uploads\\\/sites\\\/4\\\/2025\\\/05\\\/2717_diplomatico_sv_2005_2-20210408-141252-864x1024-1.jpg\",\"width\":864,\"height\":1024,\"caption\":\"COXS CLUB\"},{\"@type\":\"BreadcrumbList\",\"@id\":\"https:\\\/\\\/richter.ceo\\\/coxs\\\/produkt\\\/diplomatico-single-vintage-2005\\\/#breadcrumb\",\"itemListElement\":[{\"@type\":\"ListItem\",\"position\":1,\"name\":\"Dom\u016f\",\"item\":\"https:\\\/\\\/richter.ceo\\\/coxs\\\/\"},{\"@type\":\"ListItem\",\"position\":2,\"name\":\"N\u00c1POJE\",\"item\":\"https:\\\/\\\/richter.ceo\\\/coxs\\\/en\\\/napoje\\\/\"},{\"@type\":\"ListItem\",\"position\":3,\"name\":\"Diplomatico single vintage 2005\"}]},{\"@type\":\"WebSite\",\"@id\":\"https:\\\/\\\/richter.ceo\\\/coxs\\\/en\\\/#website\",\"url\":\"https:\\\/\\\/richter.ceo\\\/coxs\\\/en\\\/\",\"name\":\"COXS CLUB\",\"description\":\"Beton a Rum\",\"publisher\":{\"@id\":\"https:\\\/\\\/richter.ceo\\\/coxs\\\/en\\\/#organization\"},\"potentialAction\":[{\"@type\":\"SearchAction\",\"target\":{\"@type\":\"EntryPoint\",\"urlTemplate\":\"https:\\\/\\\/richter.ceo\\\/coxs\\\/en\\\/?s={search_term_string}\"},\"query-input\":{\"@type\":\"PropertyValueSpecification\",\"valueRequired\":true,\"valueName\":\"search_term_string\"}}],\"inLanguage\":\"en-GB\"},{\"@type\":\"Organization\",\"@id\":\"https:\\\/\\\/richter.ceo\\\/coxs\\\/en\\\/#organization\",\"name\":\"COXS CLUB\",\"url\":\"https:\\\/\\\/richter.ceo\\\/coxs\\\/en\\\/\",\"logo\":{\"@type\":\"ImageObject\",\"inLanguage\":\"en-GB\",\"@id\":\"https:\\\/\\\/richter.ceo\\\/coxs\\\/en\\\/#\\\/schema\\\/logo\\\/image\\\/\",\"url\":\"http:\\\/\\\/richter.ceo\\\/coxs\\\/wp-content\\\/uploads\\\/sites\\\/4\\\/2025\\\/05\\\/FAVICON-dark.webp\",\"contentUrl\":\"http:\\\/\\\/richter.ceo\\\/coxs\\\/wp-content\\\/uploads\\\/sites\\\/4\\\/2025\\\/05\\\/FAVICON-dark.webp\",\"width\":512,\"height\":512,\"caption\":\"COXS CLUB\"},\"image\":{\"@id\":\"https:\\\/\\\/richter.ceo\\\/coxs\\\/en\\\/#\\\/schema\\\/logo\\\/image\\\/\"},\"sameAs\":[\"https:\\\/\\\/www.facebook.com\\\/profile.php?id=100088204002615\",\"https:\\\/\\\/www.instagram.com\\\/coxs_coxs\\\/\"]}]}<\/script>\n<!-- \/ Yoast SEO plugin. -->","yoast_head_json":{"title":"Diplomatico single vintage 2005","description":"Single Vintage je mimo\u0159\u00e1dn\u00e1 ro\u010dn\u00edkov\u00e1 edice rumu Diplom\u00e1tico vyr\u00e1b\u011bn\u00e1 v limitovan\u00e9m mno\u017estv\u00ed.Na za\u010d\u00e1tku je v\u00fdb\u011br rum\u016f destilovan\u00fdch v roce 2005, kter\u00e9","robots":{"index":"index","follow":"follow","max-snippet":"max-snippet:-1","max-image-preview":"max-image-preview:large","max-video-preview":"max-video-preview:-1"},"canonical":"https:\/\/richter.ceo\/coxs\/en\/product\/diplomatico-single-vintage-2005\/","og_locale":"en_GB","og_type":"article","og_title":"Diplomatico single vintage 2005","og_description":"Single Vintage je mimo\u0159\u00e1dn\u00e1 ro\u010dn\u00edkov\u00e1 edice rumu Diplom\u00e1tico vyr\u00e1b\u011bn\u00e1 v limitovan\u00e9m mno\u017estv\u00ed.Na za\u010d\u00e1tku je v\u00fdb\u011br rum\u016f destilovan\u00fdch v roce 2005, kter\u00e9","og_url":"https:\/\/richter.ceo\/coxs\/en\/product\/diplomatico-single-vintage-2005\/","og_site_name":"COXS CLUB","article_publisher":"https:\/\/www.facebook.com\/profile.php?id=100088204002615","og_image":[{"width":864,"height":1024,"url":"https:\/\/richter.ceo\/coxs\/wp-content\/uploads\/sites\/4\/2025\/05\/2717_diplomatico_sv_2005_2-20210408-141252-864x1024-1.jpg","type":"image\/jpeg"}],"twitter_card":"summary_large_image","twitter_misc":{"Estimated reading time":"1 minute"},"schema":{"@context":"https:\/\/schema.org","@graph":[{"@type":"WebPage","@id":"https:\/\/richter.ceo\/coxs\/produkt\/diplomatico-single-vintage-2005\/","url":"https:\/\/richter.ceo\/coxs\/produkt\/diplomatico-single-vintage-2005\/","name":"Diplomatico single vintage 2005","isPartOf":{"@id":"https:\/\/richter.ceo\/coxs\/en\/#website"},"primaryImageOfPage":{"@id":"https:\/\/richter.ceo\/coxs\/produkt\/diplomatico-single-vintage-2005\/#primaryimage"},"image":{"@id":"https:\/\/richter.ceo\/coxs\/produkt\/diplomatico-single-vintage-2005\/#primaryimage"},"thumbnailUrl":"https:\/\/richter.ceo\/coxs\/wp-content\/uploads\/sites\/4\/2025\/05\/2717_diplomatico_sv_2005_2-20210408-141252-864x1024-1.jpg","datePublished":"2025-05-14T13:50:18+00:00","description":"Single Vintage je mimo\u0159\u00e1dn\u00e1 ro\u010dn\u00edkov\u00e1 edice rumu Diplom\u00e1tico vyr\u00e1b\u011bn\u00e1 v limitovan\u00e9m mno\u017estv\u00ed.Na za\u010d\u00e1tku je v\u00fdb\u011br rum\u016f destilovan\u00fdch v roce 2005, kter\u00e9","breadcrumb":{"@id":"https:\/\/richter.ceo\/coxs\/produkt\/diplomatico-single-vintage-2005\/#breadcrumb"},"inLanguage":"en-GB","potentialAction":[{"@type":"ReadAction","target":["https:\/\/richter.ceo\/coxs\/produkt\/diplomatico-single-vintage-2005\/"]}]},{"@type":"ImageObject","inLanguage":"en-GB","@id":"https:\/\/richter.ceo\/coxs\/produkt\/diplomatico-single-vintage-2005\/#primaryimage","url":"https:\/\/richter.ceo\/coxs\/wp-content\/uploads\/sites\/4\/2025\/05\/2717_diplomatico_sv_2005_2-20210408-141252-864x1024-1.jpg","contentUrl":"https:\/\/richter.ceo\/coxs\/wp-content\/uploads\/sites\/4\/2025\/05\/2717_diplomatico_sv_2005_2-20210408-141252-864x1024-1.jpg","width":864,"height":1024,"caption":"COXS CLUB"},{"@type":"BreadcrumbList","@id":"https:\/\/richter.ceo\/coxs\/produkt\/diplomatico-single-vintage-2005\/#breadcrumb","itemListElement":[{"@type":"ListItem","position":1,"name":"Dom\u016f","item":"https:\/\/richter.ceo\/coxs\/"},{"@type":"ListItem","position":2,"name":"N\u00c1POJE","item":"https:\/\/richter.ceo\/coxs\/en\/napoje\/"},{"@type":"ListItem","position":3,"name":"Diplomatico single vintage 2005"}]},{"@type":"WebSite","@id":"https:\/\/richter.ceo\/coxs\/en\/#website","url":"https:\/\/richter.ceo\/coxs\/en\/","name":"COXS CLUB","description":"Beton a Rum","publisher":{"@id":"https:\/\/richter.ceo\/coxs\/en\/#organization"},"potentialAction":[{"@type":"SearchAction","target":{"@type":"EntryPoint","urlTemplate":"https:\/\/richter.ceo\/coxs\/en\/?s={search_term_string}"},"query-input":{"@type":"PropertyValueSpecification","valueRequired":true,"valueName":"search_term_string"}}],"inLanguage":"en-GB"},{"@type":"Organization","@id":"https:\/\/richter.ceo\/coxs\/en\/#organization","name":"COXS CLUB","url":"https:\/\/richter.ceo\/coxs\/en\/","logo":{"@type":"ImageObject","inLanguage":"en-GB","@id":"https:\/\/richter.ceo\/coxs\/en\/#\/schema\/logo\/image\/","url":"http:\/\/richter.ceo\/coxs\/wp-content\/uploads\/sites\/4\/2025\/05\/FAVICON-dark.webp","contentUrl":"http:\/\/richter.ceo\/coxs\/wp-content\/uploads\/sites\/4\/2025\/05\/FAVICON-dark.webp","width":512,"height":512,"caption":"COXS CLUB"},"image":{"@id":"https:\/\/richter.ceo\/coxs\/en\/#\/schema\/logo\/image\/"},"sameAs":["https:\/\/www.facebook.com\/profile.php?id=100088204002615","https:\/\/www.instagram.com\/coxs_coxs\/"]}]}},"_links":{"self":[{"href":"https:\/\/richter.ceo\/coxs\/en\/wp-json\/wp\/v2\/product\/1340","targetHints":{"allow":["GET"]}}],"collection":[{"href":"https:\/\/richter.ceo\/coxs\/en\/wp-json\/wp\/v2\/product"}],"about":[{"href":"https:\/\/richter.ceo\/coxs\/en\/wp-json\/wp\/v2\/types\/product"}],"wp:featuredmedia":[{"embeddable":true,"href":"https:\/\/richter.ceo\/coxs\/en\/wp-json\/wp\/v2\/media\/1197"}],"wp:attachment":[{"href":"https:\/\/richter.ceo\/coxs\/en\/wp-json\/wp\/v2\/media?parent=1340"}],"wp:term":[{"taxonomy":"product_brand","embeddable":true,"href":"https:\/\/richter.ceo\/coxs\/en\/wp-json\/wp\/v2\/product_brand?post=1340"},{"taxonomy":"product_cat","embeddable":true,"href":"https:\/\/richter.ceo\/coxs\/en\/wp-json\/wp\/v2\/product_cat?post=1340"},{"taxonomy":"product_tag","embeddable":true,"href":"https:\/\/richter.ceo\/coxs\/en\/wp-json\/wp\/v2\/product_tag?post=1340"}],"curies":[{"name":"wp","href":"https:\/\/api.w.org\/{rel}","templated":true}]}}