{"id":1341,"date":"2025-05-14T15:52:12","date_gmt":"2025-05-14T13:52:12","guid":{"rendered":"https:\/\/richter.ceo\/coxs\/?post_type=product&#038;p=1341"},"modified":"2025-05-14T15:52:12","modified_gmt":"2025-05-14T13:52:12","slug":"diplomatico-ambassador","status":"publish","type":"product","link":"https:\/\/richter.ceo\/coxs\/en\/product\/diplomatico-ambassador\/","title":{"rendered":"Diplom\u00e1tico Ambassador"},"content":{"rendered":"<div class=\"elementor-column elementor-col-50 elementor-inner-column elementor-element elementor-element-df5ea97\" data-id=\"df5ea97\" data-element_type=\"column\">\n<div class=\"elementor-widget-wrap elementor-element-populated\">\n<div class=\"elementor-element elementor-element-5f45f876 elementor-widget elementor-widget-woocommerce-product-short-description\" data-id=\"5f45f876\" data-element_type=\"widget\" data-widget_type=\"woocommerce-product-short-description.default\">\n<div class=\"elementor-widget-container\">\n<div class=\"woocommerce-product-details__short-description\">\n<p>Diplom\u00e1tico Ambassador je nejv\u00fd\u0161e postaven\u00e1 verze lahodn\u00e9ho rumu Diplom\u00e1tico. Ambassador vytvo\u0159il Maestro Ronero pan Tito Cordero ze 100% kotl\u00edkov\u00fdch t\u011b\u017ek\u00fdch rum\u016f, kter\u00e9 byly sta\u0159eny minim\u00e1ln\u011b 12 let v sudech po bourbonu a n\u00e1sledn\u011b byly ulo\u017eeny na dal\u0161\u00ed dva roky do sud\u016f, kter\u00e9 d\u0159\u00edve obsahovaly pr\u00e9miov\u00e9 sherry Pedro Xim\u00e9nez. M\u00e1 dokonale vyv\u00e1\u017een\u00e9 aroma s t\u00f3ny portsk\u00e9ho v\u00edna, d\u0159eva, su\u0161en\u00e9ho ovoce a \u010dokol\u00e1dy. Ve velmi komplexn\u00ed chuti se projevuj\u00ed rozinky, mu\u0161k\u00e1tov\u00fd o\u0159\u00ed\u0161ek a vyp\u00e1len\u00e9 d\u0159evo. Diplom\u00e1tico Ambassador je lahvov\u00e1n o sudov\u00e9 s\u00edle, aby byly zachov\u00e1ny v\u0161echny vlastnosti tohoto v\u00fdjime\u010dn\u00e9ho rumu.<\/p>\n<\/div>\n<\/div>\n<\/div>\n<\/div>\n<\/div>","protected":false},"excerpt":{"rendered":"<p>Diplom\u00e1tico Ambassador je nejv\u00fd\u0161e postaven\u00e1 verze lahodn\u00e9ho rumu Diplom\u00e1tico. Ambassador vytvo\u0159il Maestro Ronero pan Tito Cordero ze 100% kotl\u00edkov\u00fdch t\u011b\u017ek\u00fdch rum\u016f, kter\u00e9 byly sta\u0159eny minim\u00e1ln\u011b 12 let v sudech po bourbonu a n\u00e1sledn\u011b byly ulo\u017eeny na dal\u0161\u00ed dva roky do sud\u016f, kter\u00e9 d\u0159\u00edve obsahovaly pr\u00e9miov\u00e9 sherry Pedro Xim\u00e9nez. M\u00e1 dokonale vyv\u00e1\u017een\u00e9 aroma s t\u00f3ny portsk\u00e9ho [&hellip;]<\/p>\n","protected":false},"featured_media":1181,"template":"","meta":{"_acf_changed":false},"product_brand":[197],"product_cat":[117],"product_tag":[],"class_list":{"0":"post-1341","1":"product","2":"type-product","3":"status-publish","4":"has-post-thumbnail","6":"product_brand-diplomatico","7":"product_cat-rum","8":"pa_cena-za-004-l","9":"pa_obsah-alkoholu-40","10":"pa_zeme-venezuela","12":"first","13":"instock","14":"shipping-taxable","15":"purchasable","16":"product-type-simple"},"acf":[],"yoast_head":"<!-- This site is optimized with the Yoast SEO plugin v27.5 - https:\/\/yoast.com\/product\/yoast-seo-wordpress\/ -->\n<title>Diplom\u00e1tico Ambassador<\/title>\n<meta name=\"description\" content=\"Diplom\u00e1tico Ambassador je nejv\u00fd\u0161e postaven\u00e1 verze lahodn\u00e9ho rumu Diplom\u00e1tico. Ambassador vytvo\u0159il Maestro Ronero pan Tito Cordero ze 100% kotl\u00edkov\u00fdch\" \/>\n<meta name=\"robots\" content=\"index, follow, max-snippet:-1, max-image-preview:large, max-video-preview:-1\" \/>\n<link rel=\"canonical\" href=\"https:\/\/richter.ceo\/coxs\/en\/product\/diplomatico-ambassador\/\" \/>\n<meta property=\"og:locale\" content=\"en_GB\" \/>\n<meta property=\"og:type\" content=\"article\" \/>\n<meta property=\"og:title\" content=\"Diplom\u00e1tico Ambassador\" \/>\n<meta property=\"og:description\" content=\"Diplom\u00e1tico Ambassador je nejv\u00fd\u0161e postaven\u00e1 verze lahodn\u00e9ho rumu Diplom\u00e1tico. Ambassador vytvo\u0159il Maestro Ronero pan Tito Cordero ze 100% kotl\u00edkov\u00fdch\" \/>\n<meta property=\"og:url\" content=\"https:\/\/richter.ceo\/coxs\/en\/product\/diplomatico-ambassador\/\" \/>\n<meta property=\"og:site_name\" content=\"COXS CLUB\" \/>\n<meta property=\"article:publisher\" content=\"https:\/\/www.facebook.com\/profile.php?id=100088204002615\" \/>\n<meta property=\"og:image\" content=\"https:\/\/richter.ceo\/coxs\/wp-content\/uploads\/sites\/4\/2025\/05\/0904-864x1024-1.jpg\" \/>\n\t<meta property=\"og:image:width\" content=\"864\" \/>\n\t<meta property=\"og:image:height\" content=\"1024\" \/>\n\t<meta property=\"og:image:type\" content=\"image\/jpeg\" \/>\n<meta name=\"twitter:card\" content=\"summary_large_image\" \/>\n<meta name=\"twitter:label1\" content=\"Estimated reading time\" \/>\n\t<meta name=\"twitter:data1\" content=\"1 minute\" \/>\n<script type=\"application\/ld+json\" class=\"yoast-schema-graph\">{\"@context\":\"https:\\\/\\\/schema.org\",\"@graph\":[{\"@type\":\"WebPage\",\"@id\":\"https:\\\/\\\/richter.ceo\\\/coxs\\\/produkt\\\/diplomatico-ambassador\\\/\",\"url\":\"https:\\\/\\\/richter.ceo\\\/coxs\\\/produkt\\\/diplomatico-ambassador\\\/\",\"name\":\"Diplom\u00e1tico Ambassador\",\"isPartOf\":{\"@id\":\"https:\\\/\\\/richter.ceo\\\/coxs\\\/en\\\/#website\"},\"primaryImageOfPage\":{\"@id\":\"https:\\\/\\\/richter.ceo\\\/coxs\\\/produkt\\\/diplomatico-ambassador\\\/#primaryimage\"},\"image\":{\"@id\":\"https:\\\/\\\/richter.ceo\\\/coxs\\\/produkt\\\/diplomatico-ambassador\\\/#primaryimage\"},\"thumbnailUrl\":\"https:\\\/\\\/richter.ceo\\\/coxs\\\/wp-content\\\/uploads\\\/sites\\\/4\\\/2025\\\/05\\\/0904-864x1024-1.jpg\",\"datePublished\":\"2025-05-14T13:52:12+00:00\",\"description\":\"Diplom\u00e1tico Ambassador je nejv\u00fd\u0161e postaven\u00e1 verze lahodn\u00e9ho rumu Diplom\u00e1tico. Ambassador vytvo\u0159il Maestro Ronero pan Tito Cordero ze 100% kotl\u00edkov\u00fdch\",\"breadcrumb\":{\"@id\":\"https:\\\/\\\/richter.ceo\\\/coxs\\\/produkt\\\/diplomatico-ambassador\\\/#breadcrumb\"},\"inLanguage\":\"en-GB\",\"potentialAction\":[{\"@type\":\"ReadAction\",\"target\":[\"https:\\\/\\\/richter.ceo\\\/coxs\\\/produkt\\\/diplomatico-ambassador\\\/\"]}]},{\"@type\":\"ImageObject\",\"inLanguage\":\"en-GB\",\"@id\":\"https:\\\/\\\/richter.ceo\\\/coxs\\\/produkt\\\/diplomatico-ambassador\\\/#primaryimage\",\"url\":\"https:\\\/\\\/richter.ceo\\\/coxs\\\/wp-content\\\/uploads\\\/sites\\\/4\\\/2025\\\/05\\\/0904-864x1024-1.jpg\",\"contentUrl\":\"https:\\\/\\\/richter.ceo\\\/coxs\\\/wp-content\\\/uploads\\\/sites\\\/4\\\/2025\\\/05\\\/0904-864x1024-1.jpg\",\"width\":864,\"height\":1024,\"caption\":\"COXS CLUB\"},{\"@type\":\"BreadcrumbList\",\"@id\":\"https:\\\/\\\/richter.ceo\\\/coxs\\\/produkt\\\/diplomatico-ambassador\\\/#breadcrumb\",\"itemListElement\":[{\"@type\":\"ListItem\",\"position\":1,\"name\":\"Dom\u016f\",\"item\":\"https:\\\/\\\/richter.ceo\\\/coxs\\\/\"},{\"@type\":\"ListItem\",\"position\":2,\"name\":\"N\u00c1POJE\",\"item\":\"https:\\\/\\\/richter.ceo\\\/coxs\\\/en\\\/napoje\\\/\"},{\"@type\":\"ListItem\",\"position\":3,\"name\":\"Diplom\u00e1tico Ambassador\"}]},{\"@type\":\"WebSite\",\"@id\":\"https:\\\/\\\/richter.ceo\\\/coxs\\\/en\\\/#website\",\"url\":\"https:\\\/\\\/richter.ceo\\\/coxs\\\/en\\\/\",\"name\":\"COXS CLUB\",\"description\":\"Beton a Rum\",\"publisher\":{\"@id\":\"https:\\\/\\\/richter.ceo\\\/coxs\\\/en\\\/#organization\"},\"potentialAction\":[{\"@type\":\"SearchAction\",\"target\":{\"@type\":\"EntryPoint\",\"urlTemplate\":\"https:\\\/\\\/richter.ceo\\\/coxs\\\/en\\\/?s={search_term_string}\"},\"query-input\":{\"@type\":\"PropertyValueSpecification\",\"valueRequired\":true,\"valueName\":\"search_term_string\"}}],\"inLanguage\":\"en-GB\"},{\"@type\":\"Organization\",\"@id\":\"https:\\\/\\\/richter.ceo\\\/coxs\\\/en\\\/#organization\",\"name\":\"COXS CLUB\",\"url\":\"https:\\\/\\\/richter.ceo\\\/coxs\\\/en\\\/\",\"logo\":{\"@type\":\"ImageObject\",\"inLanguage\":\"en-GB\",\"@id\":\"https:\\\/\\\/richter.ceo\\\/coxs\\\/en\\\/#\\\/schema\\\/logo\\\/image\\\/\",\"url\":\"http:\\\/\\\/richter.ceo\\\/coxs\\\/wp-content\\\/uploads\\\/sites\\\/4\\\/2025\\\/05\\\/FAVICON-dark.webp\",\"contentUrl\":\"http:\\\/\\\/richter.ceo\\\/coxs\\\/wp-content\\\/uploads\\\/sites\\\/4\\\/2025\\\/05\\\/FAVICON-dark.webp\",\"width\":512,\"height\":512,\"caption\":\"COXS CLUB\"},\"image\":{\"@id\":\"https:\\\/\\\/richter.ceo\\\/coxs\\\/en\\\/#\\\/schema\\\/logo\\\/image\\\/\"},\"sameAs\":[\"https:\\\/\\\/www.facebook.com\\\/profile.php?id=100088204002615\",\"https:\\\/\\\/www.instagram.com\\\/coxs_coxs\\\/\"]}]}<\/script>\n<!-- \/ Yoast SEO plugin. -->","yoast_head_json":{"title":"Diplom\u00e1tico Ambassador","description":"Diplom\u00e1tico Ambassador je nejv\u00fd\u0161e postaven\u00e1 verze lahodn\u00e9ho rumu Diplom\u00e1tico. Ambassador vytvo\u0159il Maestro Ronero pan Tito Cordero ze 100% kotl\u00edkov\u00fdch","robots":{"index":"index","follow":"follow","max-snippet":"max-snippet:-1","max-image-preview":"max-image-preview:large","max-video-preview":"max-video-preview:-1"},"canonical":"https:\/\/richter.ceo\/coxs\/en\/product\/diplomatico-ambassador\/","og_locale":"en_GB","og_type":"article","og_title":"Diplom\u00e1tico Ambassador","og_description":"Diplom\u00e1tico Ambassador je nejv\u00fd\u0161e postaven\u00e1 verze lahodn\u00e9ho rumu Diplom\u00e1tico. Ambassador vytvo\u0159il Maestro Ronero pan Tito Cordero ze 100% kotl\u00edkov\u00fdch","og_url":"https:\/\/richter.ceo\/coxs\/en\/product\/diplomatico-ambassador\/","og_site_name":"COXS CLUB","article_publisher":"https:\/\/www.facebook.com\/profile.php?id=100088204002615","og_image":[{"width":864,"height":1024,"url":"https:\/\/richter.ceo\/coxs\/wp-content\/uploads\/sites\/4\/2025\/05\/0904-864x1024-1.jpg","type":"image\/jpeg"}],"twitter_card":"summary_large_image","twitter_misc":{"Estimated reading time":"1 minute"},"schema":{"@context":"https:\/\/schema.org","@graph":[{"@type":"WebPage","@id":"https:\/\/richter.ceo\/coxs\/produkt\/diplomatico-ambassador\/","url":"https:\/\/richter.ceo\/coxs\/produkt\/diplomatico-ambassador\/","name":"Diplom\u00e1tico Ambassador","isPartOf":{"@id":"https:\/\/richter.ceo\/coxs\/en\/#website"},"primaryImageOfPage":{"@id":"https:\/\/richter.ceo\/coxs\/produkt\/diplomatico-ambassador\/#primaryimage"},"image":{"@id":"https:\/\/richter.ceo\/coxs\/produkt\/diplomatico-ambassador\/#primaryimage"},"thumbnailUrl":"https:\/\/richter.ceo\/coxs\/wp-content\/uploads\/sites\/4\/2025\/05\/0904-864x1024-1.jpg","datePublished":"2025-05-14T13:52:12+00:00","description":"Diplom\u00e1tico Ambassador je nejv\u00fd\u0161e postaven\u00e1 verze lahodn\u00e9ho rumu Diplom\u00e1tico. Ambassador vytvo\u0159il Maestro Ronero pan Tito Cordero ze 100% kotl\u00edkov\u00fdch","breadcrumb":{"@id":"https:\/\/richter.ceo\/coxs\/produkt\/diplomatico-ambassador\/#breadcrumb"},"inLanguage":"en-GB","potentialAction":[{"@type":"ReadAction","target":["https:\/\/richter.ceo\/coxs\/produkt\/diplomatico-ambassador\/"]}]},{"@type":"ImageObject","inLanguage":"en-GB","@id":"https:\/\/richter.ceo\/coxs\/produkt\/diplomatico-ambassador\/#primaryimage","url":"https:\/\/richter.ceo\/coxs\/wp-content\/uploads\/sites\/4\/2025\/05\/0904-864x1024-1.jpg","contentUrl":"https:\/\/richter.ceo\/coxs\/wp-content\/uploads\/sites\/4\/2025\/05\/0904-864x1024-1.jpg","width":864,"height":1024,"caption":"COXS CLUB"},{"@type":"BreadcrumbList","@id":"https:\/\/richter.ceo\/coxs\/produkt\/diplomatico-ambassador\/#breadcrumb","itemListElement":[{"@type":"ListItem","position":1,"name":"Dom\u016f","item":"https:\/\/richter.ceo\/coxs\/"},{"@type":"ListItem","position":2,"name":"N\u00c1POJE","item":"https:\/\/richter.ceo\/coxs\/en\/napoje\/"},{"@type":"ListItem","position":3,"name":"Diplom\u00e1tico Ambassador"}]},{"@type":"WebSite","@id":"https:\/\/richter.ceo\/coxs\/en\/#website","url":"https:\/\/richter.ceo\/coxs\/en\/","name":"COXS CLUB","description":"Beton a Rum","publisher":{"@id":"https:\/\/richter.ceo\/coxs\/en\/#organization"},"potentialAction":[{"@type":"SearchAction","target":{"@type":"EntryPoint","urlTemplate":"https:\/\/richter.ceo\/coxs\/en\/?s={search_term_string}"},"query-input":{"@type":"PropertyValueSpecification","valueRequired":true,"valueName":"search_term_string"}}],"inLanguage":"en-GB"},{"@type":"Organization","@id":"https:\/\/richter.ceo\/coxs\/en\/#organization","name":"COXS CLUB","url":"https:\/\/richter.ceo\/coxs\/en\/","logo":{"@type":"ImageObject","inLanguage":"en-GB","@id":"https:\/\/richter.ceo\/coxs\/en\/#\/schema\/logo\/image\/","url":"http:\/\/richter.ceo\/coxs\/wp-content\/uploads\/sites\/4\/2025\/05\/FAVICON-dark.webp","contentUrl":"http:\/\/richter.ceo\/coxs\/wp-content\/uploads\/sites\/4\/2025\/05\/FAVICON-dark.webp","width":512,"height":512,"caption":"COXS CLUB"},"image":{"@id":"https:\/\/richter.ceo\/coxs\/en\/#\/schema\/logo\/image\/"},"sameAs":["https:\/\/www.facebook.com\/profile.php?id=100088204002615","https:\/\/www.instagram.com\/coxs_coxs\/"]}]}},"_links":{"self":[{"href":"https:\/\/richter.ceo\/coxs\/en\/wp-json\/wp\/v2\/product\/1341","targetHints":{"allow":["GET"]}}],"collection":[{"href":"https:\/\/richter.ceo\/coxs\/en\/wp-json\/wp\/v2\/product"}],"about":[{"href":"https:\/\/richter.ceo\/coxs\/en\/wp-json\/wp\/v2\/types\/product"}],"wp:featuredmedia":[{"embeddable":true,"href":"https:\/\/richter.ceo\/coxs\/en\/wp-json\/wp\/v2\/media\/1181"}],"wp:attachment":[{"href":"https:\/\/richter.ceo\/coxs\/en\/wp-json\/wp\/v2\/media?parent=1341"}],"wp:term":[{"taxonomy":"product_brand","embeddable":true,"href":"https:\/\/richter.ceo\/coxs\/en\/wp-json\/wp\/v2\/product_brand?post=1341"},{"taxonomy":"product_cat","embeddable":true,"href":"https:\/\/richter.ceo\/coxs\/en\/wp-json\/wp\/v2\/product_cat?post=1341"},{"taxonomy":"product_tag","embeddable":true,"href":"https:\/\/richter.ceo\/coxs\/en\/wp-json\/wp\/v2\/product_tag?post=1341"}],"curies":[{"name":"wp","href":"https:\/\/api.w.org\/{rel}","templated":true}]}}