{"id":1342,"date":"2025-05-14T15:55:37","date_gmt":"2025-05-14T13:55:37","guid":{"rendered":"https:\/\/richter.ceo\/coxs\/?post_type=product&#038;p=1342"},"modified":"2025-05-14T15:55:37","modified_gmt":"2025-05-14T13:55:37","slug":"don-papa","status":"publish","type":"product","link":"https:\/\/richter.ceo\/coxs\/en\/product\/don-papa\/","title":{"rendered":"Don Papa"},"content":{"rendered":"<div class=\"elementor-column elementor-col-50 elementor-inner-column elementor-element elementor-element-df5ea97\" data-id=\"df5ea97\" data-element_type=\"column\">\n<div class=\"elementor-widget-wrap elementor-element-populated\">\n<div class=\"elementor-element elementor-element-5f45f876 elementor-widget elementor-widget-woocommerce-product-short-description\" data-id=\"5f45f876\" data-element_type=\"widget\" data-widget_type=\"woocommerce-product-short-description.default\">\n<div class=\"elementor-widget-container\">\n<div class=\"woocommerce-product-details__short-description\">\n<p>Don Papa je pr\u00e9miov\u00fd rum, kter\u00fd se malos\u00e9riov\u011b vyr\u00e1b\u00ed na ostrov\u011b Negros na Filip\u00edn\u00e1ch, kde se p\u011bstuje jedna z nejslad\u0161\u00edch cukrov\u00fdch t\u0159tin na sv\u011bt\u011b. Je inspirovan\u00fd revolucion\u00e1\u0159em Dionisem Magbuelasem, zn\u00e1m\u00fdm rovn\u011b\u017e pod p\u0159ezd\u00edvkou Don Papa, kter\u00fd vedl boj proti \u0161pan\u011blsk\u00e9 nadvl\u00e1d\u011b na Filip\u00edn\u00e1ch. \u0160\u0165\u00e1vy skv\u011bl\u00e9 cukrov\u00e9 t\u0159tiny jsou fermentov\u00e1ny, destilov\u00e1ny a n\u00e1sledn\u011b ulo\u017eeny do sud\u016f z americk\u00e9ho b\u00edl\u00e9ho dubu. Zr\u00e1n\u00ed ve skladech na \u00fabo\u010d\u00ed poho\u0159\u00ed Mount Kanlaon ve v\u00fdsledku vytv\u00e1\u0159\u00ed jedine\u010dn\u00fd rum, kter\u00fd se odli\u0161uje sv\u00fdm profilem, chut\u00ed a obalem. V\u00fdjime\u010dn\u00e1 chu\u0165 se vyzna\u010duje t\u00f3ny vanilky, medu a kandovan\u00e9ho ovoce.<\/p>\n<\/div>\n<\/div>\n<\/div>\n<\/div>\n<\/div>","protected":false},"excerpt":{"rendered":"<p>Don Papa je pr\u00e9miov\u00fd rum, kter\u00fd se malos\u00e9riov\u011b vyr\u00e1b\u00ed na ostrov\u011b Negros na Filip\u00edn\u00e1ch, kde se p\u011bstuje jedna z nejslad\u0161\u00edch cukrov\u00fdch t\u0159tin na sv\u011bt\u011b. Je inspirovan\u00fd revolucion\u00e1\u0159em Dionisem Magbuelasem, zn\u00e1m\u00fdm rovn\u011b\u017e pod p\u0159ezd\u00edvkou Don Papa, kter\u00fd vedl boj proti \u0161pan\u011blsk\u00e9 nadvl\u00e1d\u011b na Filip\u00edn\u00e1ch. \u0160\u0165\u00e1vy skv\u011bl\u00e9 cukrov\u00e9 t\u0159tiny jsou fermentov\u00e1ny, destilov\u00e1ny a n\u00e1sledn\u011b ulo\u017eeny do sud\u016f [&hellip;]<\/p>\n","protected":false},"featured_media":1183,"template":"","meta":{"_acf_changed":false},"product_brand":[199],"product_cat":[117],"product_tag":[],"class_list":{"0":"post-1342","1":"product","2":"type-product","3":"status-publish","4":"has-post-thumbnail","6":"product_brand-don-papa","7":"product_cat-rum","8":"pa_cena-za-004-l","9":"pa_obsah-alkoholu-21","10":"pa_zeme-filipiny","12":"first","13":"instock","14":"shipping-taxable","15":"purchasable","16":"product-type-simple"},"acf":[],"yoast_head":"<!-- This site is optimized with the Yoast SEO plugin v27.5 - https:\/\/yoast.com\/product\/yoast-seo-wordpress\/ -->\n<title>Don Papa<\/title>\n<meta name=\"description\" content=\"Don Papa je pr\u00e9miov\u00fd rum, kter\u00fd se malos\u00e9riov\u011b vyr\u00e1b\u00ed na ostrov\u011b Negros na Filip\u00edn\u00e1ch, kde se p\u011bstuje jedna z nejslad\u0161\u00edch cukrov\u00fdch t\u0159tin na sv\u011bt\u011b. Je\" \/>\n<meta name=\"robots\" content=\"index, follow, max-snippet:-1, max-image-preview:large, max-video-preview:-1\" \/>\n<link rel=\"canonical\" href=\"https:\/\/richter.ceo\/coxs\/en\/product\/don-papa\/\" \/>\n<meta property=\"og:locale\" content=\"en_GB\" \/>\n<meta property=\"og:type\" content=\"article\" \/>\n<meta property=\"og:title\" content=\"Don Papa\" \/>\n<meta property=\"og:description\" content=\"Don Papa je pr\u00e9miov\u00fd rum, kter\u00fd se malos\u00e9riov\u011b vyr\u00e1b\u00ed na ostrov\u011b Negros na Filip\u00edn\u00e1ch, kde se p\u011bstuje jedna z nejslad\u0161\u00edch cukrov\u00fdch t\u0159tin na sv\u011bt\u011b. Je\" \/>\n<meta property=\"og:url\" content=\"https:\/\/richter.ceo\/coxs\/en\/product\/don-papa\/\" \/>\n<meta property=\"og:site_name\" content=\"COXS CLUB\" \/>\n<meta property=\"article:publisher\" content=\"https:\/\/www.facebook.com\/profile.php?id=100088204002615\" \/>\n<meta property=\"og:image\" content=\"https:\/\/richter.ceo\/coxs\/wp-content\/uploads\/sites\/4\/2025\/05\/1374_don_papa_new.jpg\" \/>\n\t<meta property=\"og:image:width\" content=\"600\" \/>\n\t<meta property=\"og:image:height\" content=\"711\" \/>\n\t<meta property=\"og:image:type\" content=\"image\/jpeg\" \/>\n<meta name=\"twitter:card\" content=\"summary_large_image\" \/>\n<meta name=\"twitter:label1\" content=\"Estimated reading time\" \/>\n\t<meta name=\"twitter:data1\" content=\"1 minute\" \/>\n<script type=\"application\/ld+json\" class=\"yoast-schema-graph\">{\"@context\":\"https:\\\/\\\/schema.org\",\"@graph\":[{\"@type\":\"WebPage\",\"@id\":\"https:\\\/\\\/richter.ceo\\\/coxs\\\/en\\\/product\\\/don-papa\\\/\",\"url\":\"https:\\\/\\\/richter.ceo\\\/coxs\\\/en\\\/product\\\/don-papa\\\/\",\"name\":\"Don Papa\",\"isPartOf\":{\"@id\":\"https:\\\/\\\/richter.ceo\\\/coxs\\\/en\\\/#website\"},\"primaryImageOfPage\":{\"@id\":\"https:\\\/\\\/richter.ceo\\\/coxs\\\/en\\\/product\\\/don-papa\\\/#primaryimage\"},\"image\":{\"@id\":\"https:\\\/\\\/richter.ceo\\\/coxs\\\/en\\\/product\\\/don-papa\\\/#primaryimage\"},\"thumbnailUrl\":\"https:\\\/\\\/richter.ceo\\\/coxs\\\/wp-content\\\/uploads\\\/sites\\\/4\\\/2025\\\/05\\\/1374_don_papa_new.jpg\",\"datePublished\":\"2025-05-14T13:55:37+00:00\",\"description\":\"Don Papa je pr\u00e9miov\u00fd rum, kter\u00fd se malos\u00e9riov\u011b vyr\u00e1b\u00ed na ostrov\u011b Negros na Filip\u00edn\u00e1ch, kde se p\u011bstuje jedna z nejslad\u0161\u00edch cukrov\u00fdch t\u0159tin na sv\u011bt\u011b. Je\",\"breadcrumb\":{\"@id\":\"https:\\\/\\\/richter.ceo\\\/coxs\\\/en\\\/product\\\/don-papa\\\/#breadcrumb\"},\"inLanguage\":\"en-GB\",\"potentialAction\":[{\"@type\":\"ReadAction\",\"target\":[\"https:\\\/\\\/richter.ceo\\\/coxs\\\/en\\\/product\\\/don-papa\\\/\"]}]},{\"@type\":\"ImageObject\",\"inLanguage\":\"en-GB\",\"@id\":\"https:\\\/\\\/richter.ceo\\\/coxs\\\/en\\\/product\\\/don-papa\\\/#primaryimage\",\"url\":\"https:\\\/\\\/richter.ceo\\\/coxs\\\/wp-content\\\/uploads\\\/sites\\\/4\\\/2025\\\/05\\\/1374_don_papa_new.jpg\",\"contentUrl\":\"https:\\\/\\\/richter.ceo\\\/coxs\\\/wp-content\\\/uploads\\\/sites\\\/4\\\/2025\\\/05\\\/1374_don_papa_new.jpg\",\"width\":600,\"height\":711,\"caption\":\"COXS CLUB\"},{\"@type\":\"BreadcrumbList\",\"@id\":\"https:\\\/\\\/richter.ceo\\\/coxs\\\/en\\\/product\\\/don-papa\\\/#breadcrumb\",\"itemListElement\":[{\"@type\":\"ListItem\",\"position\":1,\"name\":\"Dom\u016f\",\"item\":\"https:\\\/\\\/richter.ceo\\\/coxs\\\/\"},{\"@type\":\"ListItem\",\"position\":2,\"name\":\"N\u00c1POJE\",\"item\":\"https:\\\/\\\/richter.ceo\\\/coxs\\\/en\\\/napoje\\\/\"},{\"@type\":\"ListItem\",\"position\":3,\"name\":\"Don Papa\"}]},{\"@type\":\"WebSite\",\"@id\":\"https:\\\/\\\/richter.ceo\\\/coxs\\\/en\\\/#website\",\"url\":\"https:\\\/\\\/richter.ceo\\\/coxs\\\/en\\\/\",\"name\":\"COXS CLUB\",\"description\":\"Beton a Rum\",\"publisher\":{\"@id\":\"https:\\\/\\\/richter.ceo\\\/coxs\\\/en\\\/#organization\"},\"potentialAction\":[{\"@type\":\"SearchAction\",\"target\":{\"@type\":\"EntryPoint\",\"urlTemplate\":\"https:\\\/\\\/richter.ceo\\\/coxs\\\/en\\\/?s={search_term_string}\"},\"query-input\":{\"@type\":\"PropertyValueSpecification\",\"valueRequired\":true,\"valueName\":\"search_term_string\"}}],\"inLanguage\":\"en-GB\"},{\"@type\":\"Organization\",\"@id\":\"https:\\\/\\\/richter.ceo\\\/coxs\\\/en\\\/#organization\",\"name\":\"COXS CLUB\",\"url\":\"https:\\\/\\\/richter.ceo\\\/coxs\\\/en\\\/\",\"logo\":{\"@type\":\"ImageObject\",\"inLanguage\":\"en-GB\",\"@id\":\"https:\\\/\\\/richter.ceo\\\/coxs\\\/en\\\/#\\\/schema\\\/logo\\\/image\\\/\",\"url\":\"http:\\\/\\\/richter.ceo\\\/coxs\\\/wp-content\\\/uploads\\\/sites\\\/4\\\/2025\\\/05\\\/FAVICON-dark.webp\",\"contentUrl\":\"http:\\\/\\\/richter.ceo\\\/coxs\\\/wp-content\\\/uploads\\\/sites\\\/4\\\/2025\\\/05\\\/FAVICON-dark.webp\",\"width\":512,\"height\":512,\"caption\":\"COXS CLUB\"},\"image\":{\"@id\":\"https:\\\/\\\/richter.ceo\\\/coxs\\\/en\\\/#\\\/schema\\\/logo\\\/image\\\/\"},\"sameAs\":[\"https:\\\/\\\/www.facebook.com\\\/profile.php?id=100088204002615\",\"https:\\\/\\\/www.instagram.com\\\/coxs_coxs\\\/\"]}]}<\/script>\n<!-- \/ Yoast SEO plugin. -->","yoast_head_json":{"title":"Don Papa","description":"Don Papa je pr\u00e9miov\u00fd rum, kter\u00fd se malos\u00e9riov\u011b vyr\u00e1b\u00ed na ostrov\u011b Negros na Filip\u00edn\u00e1ch, kde se p\u011bstuje jedna z nejslad\u0161\u00edch cukrov\u00fdch t\u0159tin na sv\u011bt\u011b. Je","robots":{"index":"index","follow":"follow","max-snippet":"max-snippet:-1","max-image-preview":"max-image-preview:large","max-video-preview":"max-video-preview:-1"},"canonical":"https:\/\/richter.ceo\/coxs\/en\/product\/don-papa\/","og_locale":"en_GB","og_type":"article","og_title":"Don Papa","og_description":"Don Papa je pr\u00e9miov\u00fd rum, kter\u00fd se malos\u00e9riov\u011b vyr\u00e1b\u00ed na ostrov\u011b Negros na Filip\u00edn\u00e1ch, kde se p\u011bstuje jedna z nejslad\u0161\u00edch cukrov\u00fdch t\u0159tin na sv\u011bt\u011b. Je","og_url":"https:\/\/richter.ceo\/coxs\/en\/product\/don-papa\/","og_site_name":"COXS CLUB","article_publisher":"https:\/\/www.facebook.com\/profile.php?id=100088204002615","og_image":[{"width":600,"height":711,"url":"https:\/\/richter.ceo\/coxs\/wp-content\/uploads\/sites\/4\/2025\/05\/1374_don_papa_new.jpg","type":"image\/jpeg"}],"twitter_card":"summary_large_image","twitter_misc":{"Estimated reading time":"1 minute"},"schema":{"@context":"https:\/\/schema.org","@graph":[{"@type":"WebPage","@id":"https:\/\/richter.ceo\/coxs\/en\/product\/don-papa\/","url":"https:\/\/richter.ceo\/coxs\/en\/product\/don-papa\/","name":"Don Papa","isPartOf":{"@id":"https:\/\/richter.ceo\/coxs\/en\/#website"},"primaryImageOfPage":{"@id":"https:\/\/richter.ceo\/coxs\/en\/product\/don-papa\/#primaryimage"},"image":{"@id":"https:\/\/richter.ceo\/coxs\/en\/product\/don-papa\/#primaryimage"},"thumbnailUrl":"https:\/\/richter.ceo\/coxs\/wp-content\/uploads\/sites\/4\/2025\/05\/1374_don_papa_new.jpg","datePublished":"2025-05-14T13:55:37+00:00","description":"Don Papa je pr\u00e9miov\u00fd rum, kter\u00fd se malos\u00e9riov\u011b vyr\u00e1b\u00ed na ostrov\u011b Negros na Filip\u00edn\u00e1ch, kde se p\u011bstuje jedna z nejslad\u0161\u00edch cukrov\u00fdch t\u0159tin na sv\u011bt\u011b. Je","breadcrumb":{"@id":"https:\/\/richter.ceo\/coxs\/en\/product\/don-papa\/#breadcrumb"},"inLanguage":"en-GB","potentialAction":[{"@type":"ReadAction","target":["https:\/\/richter.ceo\/coxs\/en\/product\/don-papa\/"]}]},{"@type":"ImageObject","inLanguage":"en-GB","@id":"https:\/\/richter.ceo\/coxs\/en\/product\/don-papa\/#primaryimage","url":"https:\/\/richter.ceo\/coxs\/wp-content\/uploads\/sites\/4\/2025\/05\/1374_don_papa_new.jpg","contentUrl":"https:\/\/richter.ceo\/coxs\/wp-content\/uploads\/sites\/4\/2025\/05\/1374_don_papa_new.jpg","width":600,"height":711,"caption":"COXS CLUB"},{"@type":"BreadcrumbList","@id":"https:\/\/richter.ceo\/coxs\/en\/product\/don-papa\/#breadcrumb","itemListElement":[{"@type":"ListItem","position":1,"name":"Dom\u016f","item":"https:\/\/richter.ceo\/coxs\/"},{"@type":"ListItem","position":2,"name":"N\u00c1POJE","item":"https:\/\/richter.ceo\/coxs\/en\/napoje\/"},{"@type":"ListItem","position":3,"name":"Don Papa"}]},{"@type":"WebSite","@id":"https:\/\/richter.ceo\/coxs\/en\/#website","url":"https:\/\/richter.ceo\/coxs\/en\/","name":"COXS CLUB","description":"Beton a Rum","publisher":{"@id":"https:\/\/richter.ceo\/coxs\/en\/#organization"},"potentialAction":[{"@type":"SearchAction","target":{"@type":"EntryPoint","urlTemplate":"https:\/\/richter.ceo\/coxs\/en\/?s={search_term_string}"},"query-input":{"@type":"PropertyValueSpecification","valueRequired":true,"valueName":"search_term_string"}}],"inLanguage":"en-GB"},{"@type":"Organization","@id":"https:\/\/richter.ceo\/coxs\/en\/#organization","name":"COXS CLUB","url":"https:\/\/richter.ceo\/coxs\/en\/","logo":{"@type":"ImageObject","inLanguage":"en-GB","@id":"https:\/\/richter.ceo\/coxs\/en\/#\/schema\/logo\/image\/","url":"http:\/\/richter.ceo\/coxs\/wp-content\/uploads\/sites\/4\/2025\/05\/FAVICON-dark.webp","contentUrl":"http:\/\/richter.ceo\/coxs\/wp-content\/uploads\/sites\/4\/2025\/05\/FAVICON-dark.webp","width":512,"height":512,"caption":"COXS CLUB"},"image":{"@id":"https:\/\/richter.ceo\/coxs\/en\/#\/schema\/logo\/image\/"},"sameAs":["https:\/\/www.facebook.com\/profile.php?id=100088204002615","https:\/\/www.instagram.com\/coxs_coxs\/"]}]}},"_links":{"self":[{"href":"https:\/\/richter.ceo\/coxs\/en\/wp-json\/wp\/v2\/product\/1342","targetHints":{"allow":["GET"]}}],"collection":[{"href":"https:\/\/richter.ceo\/coxs\/en\/wp-json\/wp\/v2\/product"}],"about":[{"href":"https:\/\/richter.ceo\/coxs\/en\/wp-json\/wp\/v2\/types\/product"}],"wp:featuredmedia":[{"embeddable":true,"href":"https:\/\/richter.ceo\/coxs\/en\/wp-json\/wp\/v2\/media\/1183"}],"wp:attachment":[{"href":"https:\/\/richter.ceo\/coxs\/en\/wp-json\/wp\/v2\/media?parent=1342"}],"wp:term":[{"taxonomy":"product_brand","embeddable":true,"href":"https:\/\/richter.ceo\/coxs\/en\/wp-json\/wp\/v2\/product_brand?post=1342"},{"taxonomy":"product_cat","embeddable":true,"href":"https:\/\/richter.ceo\/coxs\/en\/wp-json\/wp\/v2\/product_cat?post=1342"},{"taxonomy":"product_tag","embeddable":true,"href":"https:\/\/richter.ceo\/coxs\/en\/wp-json\/wp\/v2\/product_tag?post=1342"}],"curies":[{"name":"wp","href":"https:\/\/api.w.org\/{rel}","templated":true}]}}