{"id":1353,"date":"2025-05-14T16:21:37","date_gmt":"2025-05-14T14:21:37","guid":{"rendered":"https:\/\/richter.ceo\/coxs\/?post_type=product&#038;p=1353"},"modified":"2025-05-14T16:21:37","modified_gmt":"2025-05-14T14:21:37","slug":"r-l-seales-10-y-o","status":"publish","type":"product","link":"https:\/\/richter.ceo\/coxs\/en\/product\/r-l-seales-10-y-o\/","title":{"rendered":"R.L. Seale&#8217;s 10 y.o."},"content":{"rendered":"<div class=\"elementor-column elementor-col-50 elementor-inner-column elementor-element elementor-element-df5ea97\" data-id=\"df5ea97\" data-element_type=\"column\">\n<div class=\"elementor-widget-wrap elementor-element-populated\">\n<div class=\"elementor-element elementor-element-5f45f876 elementor-widget elementor-widget-woocommerce-product-short-description\" data-id=\"5f45f876\" data-element_type=\"widget\" data-widget_type=\"woocommerce-product-short-description.default\">\n<div class=\"elementor-widget-container\">\n<div class=\"woocommerce-product-details__short-description\">\n<p>R.L. Seale\u2018s 10 Y.O. je vlajkovou lod\u00ed barbadosk\u00e9 spole\u010dnosti R.L. Seale &amp; Company, jej\u00ed\u017e historie sah\u00e1 zp\u011bt do roku 1820. Tento rum je destilov\u00e1n v destilerii Foursquare, kter\u00e1 je jednou z nejmodern\u011bj\u0161\u00edch a nejv\u00fdkonn\u011bj\u0161\u00edch v Karibiku, a je typick\u00fdm p\u0159edstavitelem pr\u00e9miov\u00e9ho rumu britsk\u00e9ho typu, tj. m\u00e9n\u011b sladk\u00e9ho, ale o to komplexn\u011bj\u0161\u00edho. R.L. Seale\u2019s zraje deset let v tradi\u010dn\u00edch sudech z americk\u00fdch dub\u016f, kter\u00e9 d\u0159\u00edve obsahovaly bourbon. Po deseti letech jsou vybr\u00e1ny pouze sudy s t\u00edm nejlep\u0161\u00edm obsahem, kter\u00fd je n\u00e1sledn\u011b napln\u011bn do neoby\u010dejn\u00fdch \u010dern\u00fdch lahv\u00ed se jm\u00e9nem Sealovy rodiny.<\/p>\n<\/div>\n<\/div>\n<\/div>\n<\/div>\n<\/div>","protected":false},"excerpt":{"rendered":"<p>R.L. Seale\u2018s 10 Y.O. je vlajkovou lod\u00ed barbadosk\u00e9 spole\u010dnosti R.L. Seale &amp; Company, jej\u00ed\u017e historie sah\u00e1 zp\u011bt do roku 1820. Tento rum je destilov\u00e1n v destilerii Foursquare, kter\u00e1 je jednou z nejmodern\u011bj\u0161\u00edch a nejv\u00fdkonn\u011bj\u0161\u00edch v Karibiku, a je typick\u00fdm p\u0159edstavitelem pr\u00e9miov\u00e9ho rumu britsk\u00e9ho typu, tj. m\u00e9n\u011b sladk\u00e9ho, ale o to komplexn\u011bj\u0161\u00edho. R.L. Seale\u2019s zraje deset [&hellip;]<\/p>\n","protected":false},"featured_media":1241,"template":"","meta":{"_acf_changed":false},"product_brand":[207],"product_cat":[117],"product_tag":[],"class_list":{"0":"post-1353","1":"product","2":"type-product","3":"status-publish","4":"has-post-thumbnail","6":"product_brand-r-l-seales","7":"product_cat-rum","8":"pa_cena-za-004-l","9":"pa_obsah-alkoholu-51","10":"pa_zeme-barbados","12":"first","13":"instock","14":"shipping-taxable","15":"purchasable","16":"product-type-simple"},"acf":[],"yoast_head":"<!-- This site is optimized with the Yoast SEO plugin v27.4 - https:\/\/yoast.com\/product\/yoast-seo-wordpress\/ -->\n<title>R.L. Seale&#039;s 10 y.o.<\/title>\n<meta name=\"description\" content=\"R.L. Seale\u2018s 10 Y.O. je vlajkovou lod\u00ed barbadosk\u00e9 spole\u010dnosti R.L. Seale &amp; Company, jej\u00ed\u017e historie sah\u00e1 zp\u011bt do roku 1820. Tento rum je destilov\u00e1n v\" \/>\n<meta name=\"robots\" content=\"index, follow, max-snippet:-1, max-image-preview:large, max-video-preview:-1\" \/>\n<link rel=\"canonical\" href=\"https:\/\/richter.ceo\/coxs\/en\/product\/r-l-seales-10-y-o\/\" \/>\n<meta property=\"og:locale\" content=\"en_GB\" \/>\n<meta property=\"og:type\" content=\"article\" \/>\n<meta property=\"og:title\" content=\"R.L. Seale&#039;s 10 y.o.\" \/>\n<meta property=\"og:description\" content=\"R.L. Seale\u2018s 10 Y.O. je vlajkovou lod\u00ed barbadosk\u00e9 spole\u010dnosti R.L. Seale &amp; Company, jej\u00ed\u017e historie sah\u00e1 zp\u011bt do roku 1820. Tento rum je destilov\u00e1n v\" \/>\n<meta property=\"og:url\" content=\"https:\/\/richter.ceo\/coxs\/en\/product\/r-l-seales-10-y-o\/\" \/>\n<meta property=\"og:site_name\" content=\"COXS CLUB\" \/>\n<meta property=\"article:publisher\" content=\"https:\/\/www.facebook.com\/profile.php?id=100088204002615\" \/>\n<meta property=\"og:image\" content=\"https:\/\/richter.ceo\/coxs\/wp-content\/uploads\/sites\/4\/2025\/05\/1974_r_l_seales_10_yo_46.jpg\" \/>\n\t<meta property=\"og:image:width\" content=\"600\" \/>\n\t<meta property=\"og:image:height\" content=\"711\" \/>\n\t<meta property=\"og:image:type\" content=\"image\/jpeg\" \/>\n<meta name=\"twitter:card\" content=\"summary_large_image\" \/>\n<meta name=\"twitter:label1\" content=\"Estimated reading time\" \/>\n\t<meta name=\"twitter:data1\" content=\"1 minute\" \/>\n<script type=\"application\/ld+json\" class=\"yoast-schema-graph\">{\"@context\":\"https:\\\/\\\/schema.org\",\"@graph\":[{\"@type\":\"WebPage\",\"@id\":\"https:\\\/\\\/richter.ceo\\\/coxs\\\/produkt\\\/r-l-seales-10-y-o\\\/\",\"url\":\"https:\\\/\\\/richter.ceo\\\/coxs\\\/produkt\\\/r-l-seales-10-y-o\\\/\",\"name\":\"R.L. Seale's 10 y.o.\",\"isPartOf\":{\"@id\":\"https:\\\/\\\/richter.ceo\\\/coxs\\\/en\\\/#website\"},\"primaryImageOfPage\":{\"@id\":\"https:\\\/\\\/richter.ceo\\\/coxs\\\/produkt\\\/r-l-seales-10-y-o\\\/#primaryimage\"},\"image\":{\"@id\":\"https:\\\/\\\/richter.ceo\\\/coxs\\\/produkt\\\/r-l-seales-10-y-o\\\/#primaryimage\"},\"thumbnailUrl\":\"https:\\\/\\\/richter.ceo\\\/coxs\\\/wp-content\\\/uploads\\\/sites\\\/4\\\/2025\\\/05\\\/1974_r_l_seales_10_yo_46.jpg\",\"datePublished\":\"2025-05-14T14:21:37+00:00\",\"description\":\"R.L. Seale\u2018s 10 Y.O. je vlajkovou lod\u00ed barbadosk\u00e9 spole\u010dnosti R.L. Seale &amp; Company, jej\u00ed\u017e historie sah\u00e1 zp\u011bt do roku 1820. Tento rum je destilov\u00e1n v\",\"breadcrumb\":{\"@id\":\"https:\\\/\\\/richter.ceo\\\/coxs\\\/produkt\\\/r-l-seales-10-y-o\\\/#breadcrumb\"},\"inLanguage\":\"en-GB\",\"potentialAction\":[{\"@type\":\"ReadAction\",\"target\":[\"https:\\\/\\\/richter.ceo\\\/coxs\\\/produkt\\\/r-l-seales-10-y-o\\\/\"]}]},{\"@type\":\"ImageObject\",\"inLanguage\":\"en-GB\",\"@id\":\"https:\\\/\\\/richter.ceo\\\/coxs\\\/produkt\\\/r-l-seales-10-y-o\\\/#primaryimage\",\"url\":\"https:\\\/\\\/richter.ceo\\\/coxs\\\/wp-content\\\/uploads\\\/sites\\\/4\\\/2025\\\/05\\\/1974_r_l_seales_10_yo_46.jpg\",\"contentUrl\":\"https:\\\/\\\/richter.ceo\\\/coxs\\\/wp-content\\\/uploads\\\/sites\\\/4\\\/2025\\\/05\\\/1974_r_l_seales_10_yo_46.jpg\",\"width\":600,\"height\":711,\"caption\":\"COXS CLUB\"},{\"@type\":\"BreadcrumbList\",\"@id\":\"https:\\\/\\\/richter.ceo\\\/coxs\\\/produkt\\\/r-l-seales-10-y-o\\\/#breadcrumb\",\"itemListElement\":[{\"@type\":\"ListItem\",\"position\":1,\"name\":\"Dom\u016f\",\"item\":\"https:\\\/\\\/richter.ceo\\\/coxs\\\/\"},{\"@type\":\"ListItem\",\"position\":2,\"name\":\"N\u00c1POJE\",\"item\":\"https:\\\/\\\/richter.ceo\\\/coxs\\\/en\\\/napoje\\\/\"},{\"@type\":\"ListItem\",\"position\":3,\"name\":\"R.L. Seale&#8217;s 10 y.o.\"}]},{\"@type\":\"WebSite\",\"@id\":\"https:\\\/\\\/richter.ceo\\\/coxs\\\/en\\\/#website\",\"url\":\"https:\\\/\\\/richter.ceo\\\/coxs\\\/en\\\/\",\"name\":\"COXS CLUB\",\"description\":\"Beton a Rum\",\"publisher\":{\"@id\":\"https:\\\/\\\/richter.ceo\\\/coxs\\\/en\\\/#organization\"},\"potentialAction\":[{\"@type\":\"SearchAction\",\"target\":{\"@type\":\"EntryPoint\",\"urlTemplate\":\"https:\\\/\\\/richter.ceo\\\/coxs\\\/en\\\/?s={search_term_string}\"},\"query-input\":{\"@type\":\"PropertyValueSpecification\",\"valueRequired\":true,\"valueName\":\"search_term_string\"}}],\"inLanguage\":\"en-GB\"},{\"@type\":\"Organization\",\"@id\":\"https:\\\/\\\/richter.ceo\\\/coxs\\\/en\\\/#organization\",\"name\":\"COXS CLUB\",\"url\":\"https:\\\/\\\/richter.ceo\\\/coxs\\\/en\\\/\",\"logo\":{\"@type\":\"ImageObject\",\"inLanguage\":\"en-GB\",\"@id\":\"https:\\\/\\\/richter.ceo\\\/coxs\\\/en\\\/#\\\/schema\\\/logo\\\/image\\\/\",\"url\":\"http:\\\/\\\/richter.ceo\\\/coxs\\\/wp-content\\\/uploads\\\/sites\\\/4\\\/2025\\\/05\\\/FAVICON-dark.webp\",\"contentUrl\":\"http:\\\/\\\/richter.ceo\\\/coxs\\\/wp-content\\\/uploads\\\/sites\\\/4\\\/2025\\\/05\\\/FAVICON-dark.webp\",\"width\":512,\"height\":512,\"caption\":\"COXS CLUB\"},\"image\":{\"@id\":\"https:\\\/\\\/richter.ceo\\\/coxs\\\/en\\\/#\\\/schema\\\/logo\\\/image\\\/\"},\"sameAs\":[\"https:\\\/\\\/www.facebook.com\\\/profile.php?id=100088204002615\",\"https:\\\/\\\/www.instagram.com\\\/coxs_coxs\\\/\"]}]}<\/script>\n<!-- \/ Yoast SEO plugin. -->","yoast_head_json":{"title":"R.L. Seale's 10 y.o.","description":"R.L. Seale\u2018s 10 Y.O. je vlajkovou lod\u00ed barbadosk\u00e9 spole\u010dnosti R.L. Seale &amp; Company, jej\u00ed\u017e historie sah\u00e1 zp\u011bt do roku 1820. Tento rum je destilov\u00e1n v","robots":{"index":"index","follow":"follow","max-snippet":"max-snippet:-1","max-image-preview":"max-image-preview:large","max-video-preview":"max-video-preview:-1"},"canonical":"https:\/\/richter.ceo\/coxs\/en\/product\/r-l-seales-10-y-o\/","og_locale":"en_GB","og_type":"article","og_title":"R.L. Seale's 10 y.o.","og_description":"R.L. Seale\u2018s 10 Y.O. je vlajkovou lod\u00ed barbadosk\u00e9 spole\u010dnosti R.L. Seale &amp; Company, jej\u00ed\u017e historie sah\u00e1 zp\u011bt do roku 1820. Tento rum je destilov\u00e1n v","og_url":"https:\/\/richter.ceo\/coxs\/en\/product\/r-l-seales-10-y-o\/","og_site_name":"COXS CLUB","article_publisher":"https:\/\/www.facebook.com\/profile.php?id=100088204002615","og_image":[{"width":600,"height":711,"url":"https:\/\/richter.ceo\/coxs\/wp-content\/uploads\/sites\/4\/2025\/05\/1974_r_l_seales_10_yo_46.jpg","type":"image\/jpeg"}],"twitter_card":"summary_large_image","twitter_misc":{"Estimated reading time":"1 minute"},"schema":{"@context":"https:\/\/schema.org","@graph":[{"@type":"WebPage","@id":"https:\/\/richter.ceo\/coxs\/produkt\/r-l-seales-10-y-o\/","url":"https:\/\/richter.ceo\/coxs\/produkt\/r-l-seales-10-y-o\/","name":"R.L. Seale's 10 y.o.","isPartOf":{"@id":"https:\/\/richter.ceo\/coxs\/en\/#website"},"primaryImageOfPage":{"@id":"https:\/\/richter.ceo\/coxs\/produkt\/r-l-seales-10-y-o\/#primaryimage"},"image":{"@id":"https:\/\/richter.ceo\/coxs\/produkt\/r-l-seales-10-y-o\/#primaryimage"},"thumbnailUrl":"https:\/\/richter.ceo\/coxs\/wp-content\/uploads\/sites\/4\/2025\/05\/1974_r_l_seales_10_yo_46.jpg","datePublished":"2025-05-14T14:21:37+00:00","description":"R.L. Seale\u2018s 10 Y.O. je vlajkovou lod\u00ed barbadosk\u00e9 spole\u010dnosti R.L. Seale &amp; Company, jej\u00ed\u017e historie sah\u00e1 zp\u011bt do roku 1820. Tento rum je destilov\u00e1n v","breadcrumb":{"@id":"https:\/\/richter.ceo\/coxs\/produkt\/r-l-seales-10-y-o\/#breadcrumb"},"inLanguage":"en-GB","potentialAction":[{"@type":"ReadAction","target":["https:\/\/richter.ceo\/coxs\/produkt\/r-l-seales-10-y-o\/"]}]},{"@type":"ImageObject","inLanguage":"en-GB","@id":"https:\/\/richter.ceo\/coxs\/produkt\/r-l-seales-10-y-o\/#primaryimage","url":"https:\/\/richter.ceo\/coxs\/wp-content\/uploads\/sites\/4\/2025\/05\/1974_r_l_seales_10_yo_46.jpg","contentUrl":"https:\/\/richter.ceo\/coxs\/wp-content\/uploads\/sites\/4\/2025\/05\/1974_r_l_seales_10_yo_46.jpg","width":600,"height":711,"caption":"COXS CLUB"},{"@type":"BreadcrumbList","@id":"https:\/\/richter.ceo\/coxs\/produkt\/r-l-seales-10-y-o\/#breadcrumb","itemListElement":[{"@type":"ListItem","position":1,"name":"Dom\u016f","item":"https:\/\/richter.ceo\/coxs\/"},{"@type":"ListItem","position":2,"name":"N\u00c1POJE","item":"https:\/\/richter.ceo\/coxs\/en\/napoje\/"},{"@type":"ListItem","position":3,"name":"R.L. Seale&#8217;s 10 y.o."}]},{"@type":"WebSite","@id":"https:\/\/richter.ceo\/coxs\/en\/#website","url":"https:\/\/richter.ceo\/coxs\/en\/","name":"COXS CLUB","description":"Beton a Rum","publisher":{"@id":"https:\/\/richter.ceo\/coxs\/en\/#organization"},"potentialAction":[{"@type":"SearchAction","target":{"@type":"EntryPoint","urlTemplate":"https:\/\/richter.ceo\/coxs\/en\/?s={search_term_string}"},"query-input":{"@type":"PropertyValueSpecification","valueRequired":true,"valueName":"search_term_string"}}],"inLanguage":"en-GB"},{"@type":"Organization","@id":"https:\/\/richter.ceo\/coxs\/en\/#organization","name":"COXS CLUB","url":"https:\/\/richter.ceo\/coxs\/en\/","logo":{"@type":"ImageObject","inLanguage":"en-GB","@id":"https:\/\/richter.ceo\/coxs\/en\/#\/schema\/logo\/image\/","url":"http:\/\/richter.ceo\/coxs\/wp-content\/uploads\/sites\/4\/2025\/05\/FAVICON-dark.webp","contentUrl":"http:\/\/richter.ceo\/coxs\/wp-content\/uploads\/sites\/4\/2025\/05\/FAVICON-dark.webp","width":512,"height":512,"caption":"COXS CLUB"},"image":{"@id":"https:\/\/richter.ceo\/coxs\/en\/#\/schema\/logo\/image\/"},"sameAs":["https:\/\/www.facebook.com\/profile.php?id=100088204002615","https:\/\/www.instagram.com\/coxs_coxs\/"]}]}},"_links":{"self":[{"href":"https:\/\/richter.ceo\/coxs\/en\/wp-json\/wp\/v2\/product\/1353","targetHints":{"allow":["GET"]}}],"collection":[{"href":"https:\/\/richter.ceo\/coxs\/en\/wp-json\/wp\/v2\/product"}],"about":[{"href":"https:\/\/richter.ceo\/coxs\/en\/wp-json\/wp\/v2\/types\/product"}],"wp:featuredmedia":[{"embeddable":true,"href":"https:\/\/richter.ceo\/coxs\/en\/wp-json\/wp\/v2\/media\/1241"}],"wp:attachment":[{"href":"https:\/\/richter.ceo\/coxs\/en\/wp-json\/wp\/v2\/media?parent=1353"}],"wp:term":[{"taxonomy":"product_brand","embeddable":true,"href":"https:\/\/richter.ceo\/coxs\/en\/wp-json\/wp\/v2\/product_brand?post=1353"},{"taxonomy":"product_cat","embeddable":true,"href":"https:\/\/richter.ceo\/coxs\/en\/wp-json\/wp\/v2\/product_cat?post=1353"},{"taxonomy":"product_tag","embeddable":true,"href":"https:\/\/richter.ceo\/coxs\/en\/wp-json\/wp\/v2\/product_tag?post=1353"}],"curies":[{"name":"wp","href":"https:\/\/api.w.org\/{rel}","templated":true}]}}