{"id":1362,"date":"2025-05-14T16:38:30","date_gmt":"2025-05-14T14:38:30","guid":{"rendered":"https:\/\/richter.ceo\/coxs\/?post_type=product&#038;p=1362"},"modified":"2025-05-14T16:38:30","modified_gmt":"2025-05-14T14:38:30","slug":"chalong-bay-infuse-lemongrass","status":"publish","type":"product","link":"https:\/\/richter.ceo\/coxs\/en\/product\/chalong-bay-infuse-lemongrass\/","title":{"rendered":"Chalong Bay Infuse Lemongrass"},"content":{"rendered":"<div class=\"elementor-column elementor-col-50 elementor-inner-column elementor-element elementor-element-df5ea97\" data-id=\"df5ea97\" data-element_type=\"column\">\n<div class=\"elementor-widget-wrap elementor-element-populated\">\n<div class=\"elementor-element elementor-element-5f45f876 elementor-widget elementor-widget-woocommerce-product-short-description\" data-id=\"5f45f876\" data-element_type=\"widget\" data-widget_type=\"woocommerce-product-short-description.default\">\n<div class=\"elementor-widget-container\">\n<div class=\"woocommerce-product-details__short-description\">\n<p>Chalong Bay poch\u00e1z\u00ed z Phuketu v Thajsku. Pal\u00edrna byla zalo\u017eena dv\u011bma Francouzi, kte\u0159\u00ed se rozhodli vyr\u00e1b\u011bt \u0159emesln\u00fd rum z m\u00edstn\u00ed cukrov\u00e9 t\u0159tiny francouzsk\u00fdm zp\u016fsobem. V Thajsku se p\u011bstuje vice ne\u017e 300 odr\u016fd cukrov\u00e9 t\u0159tiny, n\u011bkter\u00e9 jsou p\u011bstov\u00e1ny ve velk\u00e9m, jin\u00e9 jsou vz\u00e1cn\u00e9. Chalong Bay pou\u017e\u00edv\u00e1 jen jednu specifickou odr\u016fdu a pe\u010dliv\u011b si vyb\u00edr\u00e1 pouze m\u00edstn\u00ed farm\u00e1\u0159e, kte\u0159\u00ed ji p\u011bstuj\u00ed. Destilace prob\u00edh\u00e1 v unik\u00e1tn\u00edm tradi\u010dn\u00edm francouzsk\u00e9m m\u011bd\u011bn\u00e9m kolonov\u00e9m p\u0159\u00edstroji pou\u017e\u00edvan\u00e9m pro destilaci arma\u0148aku, kter\u00fd byl v Chalong Bay lehce upraven. Po destilaci je tento b\u00edl\u00fd rum skladov\u00e1n v nerezov\u00fdch tanc\u00edch po dobu 8 a\u017e 12 m\u011bs\u00edc\u016f p\u0159edt\u00edm, ne\u017e je lahvov\u00e1n. Je to delik\u00e1tn\u011b ovocn\u00fd a hladk\u00fd rum. Etiketa uv\u00e1d\u00ed rok, \u010d\u00edslo s\u00e9rie a podpis osoby, kter\u00e1 rum lahvovala. L\u00e1hev m\u00e1 d\u0159ev\u011bnou z\u00e1tku a je dod\u00e1v\u00e1na v tub\u011b. Edice Lemongrass je p\u0159i destilaci infuzovan\u00e1 citronovou tr\u00e1vou, surovinou, kter\u00e1 je srdcem thajsk\u00e9 kuchyn\u011b. Rum je \u010derstv\u00fd, jemn\u00fd a exotick\u00fd s ovocn\u00fdm kysel\u00fdm aroma, na pat\u0159e s t\u00f3ny limety, citronov\u00e9 tr\u00e1vy, verbeny a grepu.<\/p>\n<\/div>\n<\/div>\n<\/div>\n<\/div>\n<\/div>","protected":false},"excerpt":{"rendered":"<p>Chalong Bay poch\u00e1z\u00ed z Phuketu v Thajsku. Pal\u00edrna byla zalo\u017eena dv\u011bma Francouzi, kte\u0159\u00ed se rozhodli vyr\u00e1b\u011bt \u0159emesln\u00fd rum z m\u00edstn\u00ed cukrov\u00e9 t\u0159tiny francouzsk\u00fdm zp\u016fsobem. V Thajsku se p\u011bstuje vice ne\u017e 300 odr\u016fd cukrov\u00e9 t\u0159tiny, n\u011bkter\u00e9 jsou p\u011bstov\u00e1ny ve velk\u00e9m, jin\u00e9 jsou vz\u00e1cn\u00e9. Chalong Bay pou\u017e\u00edv\u00e1 jen jednu specifickou odr\u016fdu a pe\u010dliv\u011b si vyb\u00edr\u00e1 pouze m\u00edstn\u00ed [&hellip;]<\/p>\n","protected":false},"featured_media":1252,"template":"","meta":{"_acf_changed":false},"product_brand":[214],"product_cat":[117],"product_tag":[],"class_list":{"0":"post-1362","1":"product","2":"type-product","3":"status-publish","4":"has-post-thumbnail","6":"product_brand-chalong-bay","7":"product_cat-rum","8":"pa_cena-za-004-l","9":"pa_obsah-alkoholu-21","10":"pa_zeme-thajsko","12":"first","13":"instock","14":"shipping-taxable","15":"purchasable","16":"product-type-simple"},"acf":[],"yoast_head":"<!-- This site is optimized with the Yoast SEO plugin v27.5 - https:\/\/yoast.com\/product\/yoast-seo-wordpress\/ -->\n<title>Chalong Bay Infuse Lemongrass<\/title>\n<meta name=\"description\" content=\"Chalong Bay poch\u00e1z\u00ed z Phuketu v Thajsku. Pal\u00edrna byla zalo\u017eena dv\u011bma Francouzi, kte\u0159\u00ed se rozhodli vyr\u00e1b\u011bt \u0159emesln\u00fd rum z m\u00edstn\u00ed cukrov\u00e9 t\u0159tiny\" \/>\n<meta name=\"robots\" content=\"index, follow, max-snippet:-1, max-image-preview:large, max-video-preview:-1\" \/>\n<link rel=\"canonical\" href=\"https:\/\/richter.ceo\/coxs\/en\/product\/chalong-bay-infuse-lemongrass\/\" \/>\n<meta property=\"og:locale\" content=\"en_GB\" \/>\n<meta property=\"og:type\" content=\"article\" \/>\n<meta property=\"og:title\" content=\"Chalong Bay Infuse Lemongrass\" \/>\n<meta property=\"og:description\" content=\"Chalong Bay poch\u00e1z\u00ed z Phuketu v Thajsku. Pal\u00edrna byla zalo\u017eena dv\u011bma Francouzi, kte\u0159\u00ed se rozhodli vyr\u00e1b\u011bt \u0159emesln\u00fd rum z m\u00edstn\u00ed cukrov\u00e9 t\u0159tiny\" \/>\n<meta property=\"og:url\" content=\"https:\/\/richter.ceo\/coxs\/en\/product\/chalong-bay-infuse-lemongrass\/\" \/>\n<meta property=\"og:site_name\" content=\"COXS CLUB\" \/>\n<meta property=\"article:publisher\" content=\"https:\/\/www.facebook.com\/profile.php?id=100088204002615\" \/>\n<meta property=\"og:image\" content=\"https:\/\/richter.ceo\/coxs\/wp-content\/uploads\/sites\/4\/2025\/05\/2267_chalong_bay_lemongrass_s.jpg\" \/>\n\t<meta property=\"og:image:width\" content=\"600\" \/>\n\t<meta property=\"og:image:height\" content=\"711\" \/>\n\t<meta property=\"og:image:type\" content=\"image\/jpeg\" \/>\n<meta name=\"twitter:card\" content=\"summary_large_image\" \/>\n<meta name=\"twitter:label1\" content=\"Estimated reading time\" \/>\n\t<meta name=\"twitter:data1\" content=\"1 minute\" \/>\n<script type=\"application\/ld+json\" class=\"yoast-schema-graph\">{\"@context\":\"https:\\\/\\\/schema.org\",\"@graph\":[{\"@type\":\"WebPage\",\"@id\":\"https:\\\/\\\/richter.ceo\\\/coxs\\\/produkt\\\/chalong-bay-infuse-lemongrass\\\/\",\"url\":\"https:\\\/\\\/richter.ceo\\\/coxs\\\/produkt\\\/chalong-bay-infuse-lemongrass\\\/\",\"name\":\"Chalong Bay Infuse Lemongrass\",\"isPartOf\":{\"@id\":\"https:\\\/\\\/richter.ceo\\\/coxs\\\/en\\\/#website\"},\"primaryImageOfPage\":{\"@id\":\"https:\\\/\\\/richter.ceo\\\/coxs\\\/produkt\\\/chalong-bay-infuse-lemongrass\\\/#primaryimage\"},\"image\":{\"@id\":\"https:\\\/\\\/richter.ceo\\\/coxs\\\/produkt\\\/chalong-bay-infuse-lemongrass\\\/#primaryimage\"},\"thumbnailUrl\":\"https:\\\/\\\/richter.ceo\\\/coxs\\\/wp-content\\\/uploads\\\/sites\\\/4\\\/2025\\\/05\\\/2267_chalong_bay_lemongrass_s.jpg\",\"datePublished\":\"2025-05-14T14:38:30+00:00\",\"description\":\"Chalong Bay poch\u00e1z\u00ed z Phuketu v Thajsku. Pal\u00edrna byla zalo\u017eena dv\u011bma Francouzi, kte\u0159\u00ed se rozhodli vyr\u00e1b\u011bt \u0159emesln\u00fd rum z m\u00edstn\u00ed cukrov\u00e9 t\u0159tiny\",\"breadcrumb\":{\"@id\":\"https:\\\/\\\/richter.ceo\\\/coxs\\\/produkt\\\/chalong-bay-infuse-lemongrass\\\/#breadcrumb\"},\"inLanguage\":\"en-GB\",\"potentialAction\":[{\"@type\":\"ReadAction\",\"target\":[\"https:\\\/\\\/richter.ceo\\\/coxs\\\/produkt\\\/chalong-bay-infuse-lemongrass\\\/\"]}]},{\"@type\":\"ImageObject\",\"inLanguage\":\"en-GB\",\"@id\":\"https:\\\/\\\/richter.ceo\\\/coxs\\\/produkt\\\/chalong-bay-infuse-lemongrass\\\/#primaryimage\",\"url\":\"https:\\\/\\\/richter.ceo\\\/coxs\\\/wp-content\\\/uploads\\\/sites\\\/4\\\/2025\\\/05\\\/2267_chalong_bay_lemongrass_s.jpg\",\"contentUrl\":\"https:\\\/\\\/richter.ceo\\\/coxs\\\/wp-content\\\/uploads\\\/sites\\\/4\\\/2025\\\/05\\\/2267_chalong_bay_lemongrass_s.jpg\",\"width\":600,\"height\":711,\"caption\":\"COXS CLUB\"},{\"@type\":\"BreadcrumbList\",\"@id\":\"https:\\\/\\\/richter.ceo\\\/coxs\\\/produkt\\\/chalong-bay-infuse-lemongrass\\\/#breadcrumb\",\"itemListElement\":[{\"@type\":\"ListItem\",\"position\":1,\"name\":\"Dom\u016f\",\"item\":\"https:\\\/\\\/richter.ceo\\\/coxs\\\/\"},{\"@type\":\"ListItem\",\"position\":2,\"name\":\"N\u00c1POJE\",\"item\":\"https:\\\/\\\/richter.ceo\\\/coxs\\\/en\\\/napoje\\\/\"},{\"@type\":\"ListItem\",\"position\":3,\"name\":\"Chalong Bay Infuse Lemongrass\"}]},{\"@type\":\"WebSite\",\"@id\":\"https:\\\/\\\/richter.ceo\\\/coxs\\\/en\\\/#website\",\"url\":\"https:\\\/\\\/richter.ceo\\\/coxs\\\/en\\\/\",\"name\":\"COXS CLUB\",\"description\":\"Beton a Rum\",\"publisher\":{\"@id\":\"https:\\\/\\\/richter.ceo\\\/coxs\\\/en\\\/#organization\"},\"potentialAction\":[{\"@type\":\"SearchAction\",\"target\":{\"@type\":\"EntryPoint\",\"urlTemplate\":\"https:\\\/\\\/richter.ceo\\\/coxs\\\/en\\\/?s={search_term_string}\"},\"query-input\":{\"@type\":\"PropertyValueSpecification\",\"valueRequired\":true,\"valueName\":\"search_term_string\"}}],\"inLanguage\":\"en-GB\"},{\"@type\":\"Organization\",\"@id\":\"https:\\\/\\\/richter.ceo\\\/coxs\\\/en\\\/#organization\",\"name\":\"COXS CLUB\",\"url\":\"https:\\\/\\\/richter.ceo\\\/coxs\\\/en\\\/\",\"logo\":{\"@type\":\"ImageObject\",\"inLanguage\":\"en-GB\",\"@id\":\"https:\\\/\\\/richter.ceo\\\/coxs\\\/en\\\/#\\\/schema\\\/logo\\\/image\\\/\",\"url\":\"http:\\\/\\\/richter.ceo\\\/coxs\\\/wp-content\\\/uploads\\\/sites\\\/4\\\/2025\\\/05\\\/FAVICON-dark.webp\",\"contentUrl\":\"http:\\\/\\\/richter.ceo\\\/coxs\\\/wp-content\\\/uploads\\\/sites\\\/4\\\/2025\\\/05\\\/FAVICON-dark.webp\",\"width\":512,\"height\":512,\"caption\":\"COXS CLUB\"},\"image\":{\"@id\":\"https:\\\/\\\/richter.ceo\\\/coxs\\\/en\\\/#\\\/schema\\\/logo\\\/image\\\/\"},\"sameAs\":[\"https:\\\/\\\/www.facebook.com\\\/profile.php?id=100088204002615\",\"https:\\\/\\\/www.instagram.com\\\/coxs_coxs\\\/\"]}]}<\/script>\n<!-- \/ Yoast SEO plugin. -->","yoast_head_json":{"title":"Chalong Bay Infuse Lemongrass","description":"Chalong Bay poch\u00e1z\u00ed z Phuketu v Thajsku. Pal\u00edrna byla zalo\u017eena dv\u011bma Francouzi, kte\u0159\u00ed se rozhodli vyr\u00e1b\u011bt \u0159emesln\u00fd rum z m\u00edstn\u00ed cukrov\u00e9 t\u0159tiny","robots":{"index":"index","follow":"follow","max-snippet":"max-snippet:-1","max-image-preview":"max-image-preview:large","max-video-preview":"max-video-preview:-1"},"canonical":"https:\/\/richter.ceo\/coxs\/en\/product\/chalong-bay-infuse-lemongrass\/","og_locale":"en_GB","og_type":"article","og_title":"Chalong Bay Infuse Lemongrass","og_description":"Chalong Bay poch\u00e1z\u00ed z Phuketu v Thajsku. Pal\u00edrna byla zalo\u017eena dv\u011bma Francouzi, kte\u0159\u00ed se rozhodli vyr\u00e1b\u011bt \u0159emesln\u00fd rum z m\u00edstn\u00ed cukrov\u00e9 t\u0159tiny","og_url":"https:\/\/richter.ceo\/coxs\/en\/product\/chalong-bay-infuse-lemongrass\/","og_site_name":"COXS CLUB","article_publisher":"https:\/\/www.facebook.com\/profile.php?id=100088204002615","og_image":[{"width":600,"height":711,"url":"https:\/\/richter.ceo\/coxs\/wp-content\/uploads\/sites\/4\/2025\/05\/2267_chalong_bay_lemongrass_s.jpg","type":"image\/jpeg"}],"twitter_card":"summary_large_image","twitter_misc":{"Estimated reading time":"1 minute"},"schema":{"@context":"https:\/\/schema.org","@graph":[{"@type":"WebPage","@id":"https:\/\/richter.ceo\/coxs\/produkt\/chalong-bay-infuse-lemongrass\/","url":"https:\/\/richter.ceo\/coxs\/produkt\/chalong-bay-infuse-lemongrass\/","name":"Chalong Bay Infuse Lemongrass","isPartOf":{"@id":"https:\/\/richter.ceo\/coxs\/en\/#website"},"primaryImageOfPage":{"@id":"https:\/\/richter.ceo\/coxs\/produkt\/chalong-bay-infuse-lemongrass\/#primaryimage"},"image":{"@id":"https:\/\/richter.ceo\/coxs\/produkt\/chalong-bay-infuse-lemongrass\/#primaryimage"},"thumbnailUrl":"https:\/\/richter.ceo\/coxs\/wp-content\/uploads\/sites\/4\/2025\/05\/2267_chalong_bay_lemongrass_s.jpg","datePublished":"2025-05-14T14:38:30+00:00","description":"Chalong Bay poch\u00e1z\u00ed z Phuketu v Thajsku. Pal\u00edrna byla zalo\u017eena dv\u011bma Francouzi, kte\u0159\u00ed se rozhodli vyr\u00e1b\u011bt \u0159emesln\u00fd rum z m\u00edstn\u00ed cukrov\u00e9 t\u0159tiny","breadcrumb":{"@id":"https:\/\/richter.ceo\/coxs\/produkt\/chalong-bay-infuse-lemongrass\/#breadcrumb"},"inLanguage":"en-GB","potentialAction":[{"@type":"ReadAction","target":["https:\/\/richter.ceo\/coxs\/produkt\/chalong-bay-infuse-lemongrass\/"]}]},{"@type":"ImageObject","inLanguage":"en-GB","@id":"https:\/\/richter.ceo\/coxs\/produkt\/chalong-bay-infuse-lemongrass\/#primaryimage","url":"https:\/\/richter.ceo\/coxs\/wp-content\/uploads\/sites\/4\/2025\/05\/2267_chalong_bay_lemongrass_s.jpg","contentUrl":"https:\/\/richter.ceo\/coxs\/wp-content\/uploads\/sites\/4\/2025\/05\/2267_chalong_bay_lemongrass_s.jpg","width":600,"height":711,"caption":"COXS CLUB"},{"@type":"BreadcrumbList","@id":"https:\/\/richter.ceo\/coxs\/produkt\/chalong-bay-infuse-lemongrass\/#breadcrumb","itemListElement":[{"@type":"ListItem","position":1,"name":"Dom\u016f","item":"https:\/\/richter.ceo\/coxs\/"},{"@type":"ListItem","position":2,"name":"N\u00c1POJE","item":"https:\/\/richter.ceo\/coxs\/en\/napoje\/"},{"@type":"ListItem","position":3,"name":"Chalong Bay Infuse Lemongrass"}]},{"@type":"WebSite","@id":"https:\/\/richter.ceo\/coxs\/en\/#website","url":"https:\/\/richter.ceo\/coxs\/en\/","name":"COXS CLUB","description":"Beton a Rum","publisher":{"@id":"https:\/\/richter.ceo\/coxs\/en\/#organization"},"potentialAction":[{"@type":"SearchAction","target":{"@type":"EntryPoint","urlTemplate":"https:\/\/richter.ceo\/coxs\/en\/?s={search_term_string}"},"query-input":{"@type":"PropertyValueSpecification","valueRequired":true,"valueName":"search_term_string"}}],"inLanguage":"en-GB"},{"@type":"Organization","@id":"https:\/\/richter.ceo\/coxs\/en\/#organization","name":"COXS CLUB","url":"https:\/\/richter.ceo\/coxs\/en\/","logo":{"@type":"ImageObject","inLanguage":"en-GB","@id":"https:\/\/richter.ceo\/coxs\/en\/#\/schema\/logo\/image\/","url":"http:\/\/richter.ceo\/coxs\/wp-content\/uploads\/sites\/4\/2025\/05\/FAVICON-dark.webp","contentUrl":"http:\/\/richter.ceo\/coxs\/wp-content\/uploads\/sites\/4\/2025\/05\/FAVICON-dark.webp","width":512,"height":512,"caption":"COXS CLUB"},"image":{"@id":"https:\/\/richter.ceo\/coxs\/en\/#\/schema\/logo\/image\/"},"sameAs":["https:\/\/www.facebook.com\/profile.php?id=100088204002615","https:\/\/www.instagram.com\/coxs_coxs\/"]}]}},"_links":{"self":[{"href":"https:\/\/richter.ceo\/coxs\/en\/wp-json\/wp\/v2\/product\/1362","targetHints":{"allow":["GET"]}}],"collection":[{"href":"https:\/\/richter.ceo\/coxs\/en\/wp-json\/wp\/v2\/product"}],"about":[{"href":"https:\/\/richter.ceo\/coxs\/en\/wp-json\/wp\/v2\/types\/product"}],"wp:featuredmedia":[{"embeddable":true,"href":"https:\/\/richter.ceo\/coxs\/en\/wp-json\/wp\/v2\/media\/1252"}],"wp:attachment":[{"href":"https:\/\/richter.ceo\/coxs\/en\/wp-json\/wp\/v2\/media?parent=1362"}],"wp:term":[{"taxonomy":"product_brand","embeddable":true,"href":"https:\/\/richter.ceo\/coxs\/en\/wp-json\/wp\/v2\/product_brand?post=1362"},{"taxonomy":"product_cat","embeddable":true,"href":"https:\/\/richter.ceo\/coxs\/en\/wp-json\/wp\/v2\/product_cat?post=1362"},{"taxonomy":"product_tag","embeddable":true,"href":"https:\/\/richter.ceo\/coxs\/en\/wp-json\/wp\/v2\/product_tag?post=1362"}],"curies":[{"name":"wp","href":"https:\/\/api.w.org\/{rel}","templated":true}]}}