{"id":1366,"date":"2025-05-14T16:49:25","date_gmt":"2025-05-14T14:49:25","guid":{"rendered":"https:\/\/richter.ceo\/coxs\/?post_type=product&#038;p=1366"},"modified":"2025-05-14T16:49:25","modified_gmt":"2025-05-14T14:49:25","slug":"six-saints-caribbean-rum","status":"publish","type":"product","link":"https:\/\/richter.ceo\/coxs\/en\/product\/six-saints-caribbean-rum\/","title":{"rendered":"Six Saints Caribbean Rum"},"content":{"rendered":"<p>Rum se na ostrov\u011b Grenada, je\u017e je d\u00edky v\u00fdznamn\u00e9 produkci p\u0159ezd\u00edvan\u00fd Ostrov ko\u0159en\u00ed, vyr\u00e1b\u00ed ji\u017e od roku 1785. Six Saints je ale prvn\u00ed a jedin\u00fd rum, kter\u00fd je z tohoto malink\u00e9ho karibsk\u00e9ho ostrova vyv\u00e1\u017een. Byl uveden na trh teprve za\u010d\u00e1tkem roku 2015, ale velmi rychle si z\u00edsk\u00e1v\u00e1 p\u0159\u00edznivce v Evrop\u011b i Americe. Rum je vyr\u00e1b\u011bn z melasy na kolonov\u00e9m destila\u010dn\u00edm za\u0159\u00edzen\u00ed a po dobu 6-8 let zraje v jednou pou\u017eit\u00fdch americk\u00fdch sudech po bourbonu. Je lahvov\u00e1n p\u0159i 41,7% \u2013 s\u00edle, kterou ostrovan\u00e9 pova\u017euj\u00ed za ide\u00e1ln\u00ed pro pomal\u00e9 up\u00edjen\u00ed.<\/p>\n<p>&nbsp;<\/p>\n<div class=\"elementor-column elementor-col-50 elementor-inner-column elementor-element elementor-element-df5ea97\" data-id=\"df5ea97\" data-element_type=\"column\">\n<div class=\"elementor-widget-wrap elementor-element-populated\">\n<div class=\"elementor-element elementor-element-5f45f876 elementor-widget elementor-widget-woocommerce-product-short-description\" data-id=\"5f45f876\" data-element_type=\"widget\" data-widget_type=\"woocommerce-product-short-description.default\">\n<div class=\"elementor-widget-container\">\n<div class=\"woocommerce-product-details__short-description\">\n<p>A\u010dkoli chu\u0165ov\u00fd profil p\u0159ipom\u00edn\u00e1 rumy typu spiced, do Six Saints nen\u00ed p\u0159id\u00e1van\u00e9 \u017e\u00e1dn\u00e9 ko\u0159en\u00ed. Je to lehk\u00fd a p\u0159esto komplexn\u00ed rum s aroma tropick\u00e9ho ovoce, su\u0161en\u00fdch vi\u0161n\u00ed a kokosu. V chuti se projevuj\u00ed t\u00f3ny karamelek, ko\u0159en\u011bn\u00fdch hru\u0161ek a ananasu. Pojmenov\u00e1n je podle \u0161esti svat\u00fdch a \u0161esti stejnojmenn\u00fdch farnost\u00ed, do kter\u00fdch je \u00fazem\u00ed Grenady rozd\u011bleno.<\/p>\n<\/div>\n<\/div>\n<\/div>\n<\/div>\n<\/div>","protected":false},"excerpt":{"rendered":"<p>Rum se na ostrov\u011b Grenada, je\u017e je d\u00edky v\u00fdznamn\u00e9 produkci p\u0159ezd\u00edvan\u00fd Ostrov ko\u0159en\u00ed, vyr\u00e1b\u00ed ji\u017e od roku 1785. Six Saints je ale prvn\u00ed a jedin\u00fd rum, kter\u00fd je z tohoto malink\u00e9ho karibsk\u00e9ho ostrova vyv\u00e1\u017een. Byl uveden na trh teprve za\u010d\u00e1tkem roku 2015, ale velmi rychle si z\u00edsk\u00e1v\u00e1 p\u0159\u00edznivce v Evrop\u011b i Americe. Rum je vyr\u00e1b\u011bn [&hellip;]<\/p>\n","protected":false},"featured_media":1240,"template":"","meta":{"_acf_changed":false},"product_brand":[224],"product_cat":[117],"product_tag":[],"class_list":{"0":"post-1366","1":"product","2":"type-product","3":"status-publish","4":"has-post-thumbnail","6":"product_brand-six-saints","7":"product_cat-rum","8":"pa_cena-za-004-l","9":"pa_obsah-alkoholu-222","10":"pa_zeme-grenada","12":"first","13":"instock","14":"shipping-taxable","15":"purchasable","16":"product-type-simple"},"acf":[],"yoast_head":"<!-- This site is optimized with the Yoast SEO plugin v27.5 - https:\/\/yoast.com\/product\/yoast-seo-wordpress\/ -->\n<title>Six Saints Caribbean Rum<\/title>\n<meta name=\"description\" content=\"Rum se na ostrov\u011b Grenada, je\u017e je d\u00edky v\u00fdznamn\u00e9 produkci p\u0159ezd\u00edvan\u00fd Ostrov ko\u0159en\u00ed, vyr\u00e1b\u00ed ji\u017e od roku 1785. Six Saints je ale prvn\u00ed a jedin\u00fd rum, kter\u00fd je\" \/>\n<meta name=\"robots\" content=\"index, follow, max-snippet:-1, max-image-preview:large, max-video-preview:-1\" \/>\n<link rel=\"canonical\" href=\"https:\/\/richter.ceo\/coxs\/en\/product\/six-saints-caribbean-rum\/\" \/>\n<meta property=\"og:locale\" content=\"en_GB\" \/>\n<meta property=\"og:type\" content=\"article\" \/>\n<meta property=\"og:title\" content=\"Six Saints Caribbean Rum\" \/>\n<meta property=\"og:description\" content=\"Rum se na ostrov\u011b Grenada, je\u017e je d\u00edky v\u00fdznamn\u00e9 produkci p\u0159ezd\u00edvan\u00fd Ostrov ko\u0159en\u00ed, vyr\u00e1b\u00ed ji\u017e od roku 1785. Six Saints je ale prvn\u00ed a jedin\u00fd rum, kter\u00fd je\" \/>\n<meta property=\"og:url\" content=\"https:\/\/richter.ceo\/coxs\/en\/product\/six-saints-caribbean-rum\/\" \/>\n<meta property=\"og:site_name\" content=\"COXS CLUB\" \/>\n<meta property=\"article:publisher\" content=\"https:\/\/www.facebook.com\/profile.php?id=100088204002615\" \/>\n<meta property=\"og:image\" content=\"https:\/\/richter.ceo\/coxs\/wp-content\/uploads\/sites\/4\/2025\/05\/1806_six_saints_new.jpg\" \/>\n\t<meta property=\"og:image:width\" content=\"600\" \/>\n\t<meta property=\"og:image:height\" content=\"711\" \/>\n\t<meta property=\"og:image:type\" content=\"image\/jpeg\" \/>\n<meta name=\"twitter:card\" content=\"summary_large_image\" \/>\n<meta name=\"twitter:label1\" content=\"Estimated reading time\" \/>\n\t<meta name=\"twitter:data1\" content=\"1 minute\" \/>\n<script type=\"application\/ld+json\" class=\"yoast-schema-graph\">{\"@context\":\"https:\\\/\\\/schema.org\",\"@graph\":[{\"@type\":\"WebPage\",\"@id\":\"https:\\\/\\\/richter.ceo\\\/coxs\\\/en\\\/product\\\/six-saints-caribbean-rum\\\/\",\"url\":\"https:\\\/\\\/richter.ceo\\\/coxs\\\/en\\\/product\\\/six-saints-caribbean-rum\\\/\",\"name\":\"Six Saints Caribbean Rum\",\"isPartOf\":{\"@id\":\"https:\\\/\\\/richter.ceo\\\/coxs\\\/en\\\/#website\"},\"primaryImageOfPage\":{\"@id\":\"https:\\\/\\\/richter.ceo\\\/coxs\\\/en\\\/product\\\/six-saints-caribbean-rum\\\/#primaryimage\"},\"image\":{\"@id\":\"https:\\\/\\\/richter.ceo\\\/coxs\\\/en\\\/product\\\/six-saints-caribbean-rum\\\/#primaryimage\"},\"thumbnailUrl\":\"https:\\\/\\\/richter.ceo\\\/coxs\\\/wp-content\\\/uploads\\\/sites\\\/4\\\/2025\\\/05\\\/1806_six_saints_new.jpg\",\"datePublished\":\"2025-05-14T14:49:25+00:00\",\"description\":\"Rum se na ostrov\u011b Grenada, je\u017e je d\u00edky v\u00fdznamn\u00e9 produkci p\u0159ezd\u00edvan\u00fd Ostrov ko\u0159en\u00ed, vyr\u00e1b\u00ed ji\u017e od roku 1785. Six Saints je ale prvn\u00ed a jedin\u00fd rum, kter\u00fd je\",\"breadcrumb\":{\"@id\":\"https:\\\/\\\/richter.ceo\\\/coxs\\\/en\\\/product\\\/six-saints-caribbean-rum\\\/#breadcrumb\"},\"inLanguage\":\"en-GB\",\"potentialAction\":[{\"@type\":\"ReadAction\",\"target\":[\"https:\\\/\\\/richter.ceo\\\/coxs\\\/en\\\/product\\\/six-saints-caribbean-rum\\\/\"]}]},{\"@type\":\"ImageObject\",\"inLanguage\":\"en-GB\",\"@id\":\"https:\\\/\\\/richter.ceo\\\/coxs\\\/en\\\/product\\\/six-saints-caribbean-rum\\\/#primaryimage\",\"url\":\"https:\\\/\\\/richter.ceo\\\/coxs\\\/wp-content\\\/uploads\\\/sites\\\/4\\\/2025\\\/05\\\/1806_six_saints_new.jpg\",\"contentUrl\":\"https:\\\/\\\/richter.ceo\\\/coxs\\\/wp-content\\\/uploads\\\/sites\\\/4\\\/2025\\\/05\\\/1806_six_saints_new.jpg\",\"width\":600,\"height\":711,\"caption\":\"COXS CLUB\"},{\"@type\":\"BreadcrumbList\",\"@id\":\"https:\\\/\\\/richter.ceo\\\/coxs\\\/en\\\/product\\\/six-saints-caribbean-rum\\\/#breadcrumb\",\"itemListElement\":[{\"@type\":\"ListItem\",\"position\":1,\"name\":\"Dom\u016f\",\"item\":\"https:\\\/\\\/richter.ceo\\\/coxs\\\/\"},{\"@type\":\"ListItem\",\"position\":2,\"name\":\"N\u00c1POJE\",\"item\":\"https:\\\/\\\/richter.ceo\\\/coxs\\\/en\\\/napoje\\\/\"},{\"@type\":\"ListItem\",\"position\":3,\"name\":\"Six Saints Caribbean Rum\"}]},{\"@type\":\"WebSite\",\"@id\":\"https:\\\/\\\/richter.ceo\\\/coxs\\\/en\\\/#website\",\"url\":\"https:\\\/\\\/richter.ceo\\\/coxs\\\/en\\\/\",\"name\":\"COXS CLUB\",\"description\":\"Beton a Rum\",\"publisher\":{\"@id\":\"https:\\\/\\\/richter.ceo\\\/coxs\\\/en\\\/#organization\"},\"potentialAction\":[{\"@type\":\"SearchAction\",\"target\":{\"@type\":\"EntryPoint\",\"urlTemplate\":\"https:\\\/\\\/richter.ceo\\\/coxs\\\/en\\\/?s={search_term_string}\"},\"query-input\":{\"@type\":\"PropertyValueSpecification\",\"valueRequired\":true,\"valueName\":\"search_term_string\"}}],\"inLanguage\":\"en-GB\"},{\"@type\":\"Organization\",\"@id\":\"https:\\\/\\\/richter.ceo\\\/coxs\\\/en\\\/#organization\",\"name\":\"COXS CLUB\",\"url\":\"https:\\\/\\\/richter.ceo\\\/coxs\\\/en\\\/\",\"logo\":{\"@type\":\"ImageObject\",\"inLanguage\":\"en-GB\",\"@id\":\"https:\\\/\\\/richter.ceo\\\/coxs\\\/en\\\/#\\\/schema\\\/logo\\\/image\\\/\",\"url\":\"http:\\\/\\\/richter.ceo\\\/coxs\\\/wp-content\\\/uploads\\\/sites\\\/4\\\/2025\\\/05\\\/FAVICON-dark.webp\",\"contentUrl\":\"http:\\\/\\\/richter.ceo\\\/coxs\\\/wp-content\\\/uploads\\\/sites\\\/4\\\/2025\\\/05\\\/FAVICON-dark.webp\",\"width\":512,\"height\":512,\"caption\":\"COXS CLUB\"},\"image\":{\"@id\":\"https:\\\/\\\/richter.ceo\\\/coxs\\\/en\\\/#\\\/schema\\\/logo\\\/image\\\/\"},\"sameAs\":[\"https:\\\/\\\/www.facebook.com\\\/profile.php?id=100088204002615\",\"https:\\\/\\\/www.instagram.com\\\/coxs_coxs\\\/\"]}]}<\/script>\n<!-- \/ Yoast SEO plugin. -->","yoast_head_json":{"title":"Six Saints Caribbean Rum","description":"Rum se na ostrov\u011b Grenada, je\u017e je d\u00edky v\u00fdznamn\u00e9 produkci p\u0159ezd\u00edvan\u00fd Ostrov ko\u0159en\u00ed, vyr\u00e1b\u00ed ji\u017e od roku 1785. Six Saints je ale prvn\u00ed a jedin\u00fd rum, kter\u00fd je","robots":{"index":"index","follow":"follow","max-snippet":"max-snippet:-1","max-image-preview":"max-image-preview:large","max-video-preview":"max-video-preview:-1"},"canonical":"https:\/\/richter.ceo\/coxs\/en\/product\/six-saints-caribbean-rum\/","og_locale":"en_GB","og_type":"article","og_title":"Six Saints Caribbean Rum","og_description":"Rum se na ostrov\u011b Grenada, je\u017e je d\u00edky v\u00fdznamn\u00e9 produkci p\u0159ezd\u00edvan\u00fd Ostrov ko\u0159en\u00ed, vyr\u00e1b\u00ed ji\u017e od roku 1785. Six Saints je ale prvn\u00ed a jedin\u00fd rum, kter\u00fd je","og_url":"https:\/\/richter.ceo\/coxs\/en\/product\/six-saints-caribbean-rum\/","og_site_name":"COXS CLUB","article_publisher":"https:\/\/www.facebook.com\/profile.php?id=100088204002615","og_image":[{"width":600,"height":711,"url":"https:\/\/richter.ceo\/coxs\/wp-content\/uploads\/sites\/4\/2025\/05\/1806_six_saints_new.jpg","type":"image\/jpeg"}],"twitter_card":"summary_large_image","twitter_misc":{"Estimated reading time":"1 minute"},"schema":{"@context":"https:\/\/schema.org","@graph":[{"@type":"WebPage","@id":"https:\/\/richter.ceo\/coxs\/en\/product\/six-saints-caribbean-rum\/","url":"https:\/\/richter.ceo\/coxs\/en\/product\/six-saints-caribbean-rum\/","name":"Six Saints Caribbean Rum","isPartOf":{"@id":"https:\/\/richter.ceo\/coxs\/en\/#website"},"primaryImageOfPage":{"@id":"https:\/\/richter.ceo\/coxs\/en\/product\/six-saints-caribbean-rum\/#primaryimage"},"image":{"@id":"https:\/\/richter.ceo\/coxs\/en\/product\/six-saints-caribbean-rum\/#primaryimage"},"thumbnailUrl":"https:\/\/richter.ceo\/coxs\/wp-content\/uploads\/sites\/4\/2025\/05\/1806_six_saints_new.jpg","datePublished":"2025-05-14T14:49:25+00:00","description":"Rum se na ostrov\u011b Grenada, je\u017e je d\u00edky v\u00fdznamn\u00e9 produkci p\u0159ezd\u00edvan\u00fd Ostrov ko\u0159en\u00ed, vyr\u00e1b\u00ed ji\u017e od roku 1785. Six Saints je ale prvn\u00ed a jedin\u00fd rum, kter\u00fd je","breadcrumb":{"@id":"https:\/\/richter.ceo\/coxs\/en\/product\/six-saints-caribbean-rum\/#breadcrumb"},"inLanguage":"en-GB","potentialAction":[{"@type":"ReadAction","target":["https:\/\/richter.ceo\/coxs\/en\/product\/six-saints-caribbean-rum\/"]}]},{"@type":"ImageObject","inLanguage":"en-GB","@id":"https:\/\/richter.ceo\/coxs\/en\/product\/six-saints-caribbean-rum\/#primaryimage","url":"https:\/\/richter.ceo\/coxs\/wp-content\/uploads\/sites\/4\/2025\/05\/1806_six_saints_new.jpg","contentUrl":"https:\/\/richter.ceo\/coxs\/wp-content\/uploads\/sites\/4\/2025\/05\/1806_six_saints_new.jpg","width":600,"height":711,"caption":"COXS CLUB"},{"@type":"BreadcrumbList","@id":"https:\/\/richter.ceo\/coxs\/en\/product\/six-saints-caribbean-rum\/#breadcrumb","itemListElement":[{"@type":"ListItem","position":1,"name":"Dom\u016f","item":"https:\/\/richter.ceo\/coxs\/"},{"@type":"ListItem","position":2,"name":"N\u00c1POJE","item":"https:\/\/richter.ceo\/coxs\/en\/napoje\/"},{"@type":"ListItem","position":3,"name":"Six Saints Caribbean Rum"}]},{"@type":"WebSite","@id":"https:\/\/richter.ceo\/coxs\/en\/#website","url":"https:\/\/richter.ceo\/coxs\/en\/","name":"COXS CLUB","description":"Beton a Rum","publisher":{"@id":"https:\/\/richter.ceo\/coxs\/en\/#organization"},"potentialAction":[{"@type":"SearchAction","target":{"@type":"EntryPoint","urlTemplate":"https:\/\/richter.ceo\/coxs\/en\/?s={search_term_string}"},"query-input":{"@type":"PropertyValueSpecification","valueRequired":true,"valueName":"search_term_string"}}],"inLanguage":"en-GB"},{"@type":"Organization","@id":"https:\/\/richter.ceo\/coxs\/en\/#organization","name":"COXS CLUB","url":"https:\/\/richter.ceo\/coxs\/en\/","logo":{"@type":"ImageObject","inLanguage":"en-GB","@id":"https:\/\/richter.ceo\/coxs\/en\/#\/schema\/logo\/image\/","url":"http:\/\/richter.ceo\/coxs\/wp-content\/uploads\/sites\/4\/2025\/05\/FAVICON-dark.webp","contentUrl":"http:\/\/richter.ceo\/coxs\/wp-content\/uploads\/sites\/4\/2025\/05\/FAVICON-dark.webp","width":512,"height":512,"caption":"COXS CLUB"},"image":{"@id":"https:\/\/richter.ceo\/coxs\/en\/#\/schema\/logo\/image\/"},"sameAs":["https:\/\/www.facebook.com\/profile.php?id=100088204002615","https:\/\/www.instagram.com\/coxs_coxs\/"]}]}},"_links":{"self":[{"href":"https:\/\/richter.ceo\/coxs\/en\/wp-json\/wp\/v2\/product\/1366","targetHints":{"allow":["GET"]}}],"collection":[{"href":"https:\/\/richter.ceo\/coxs\/en\/wp-json\/wp\/v2\/product"}],"about":[{"href":"https:\/\/richter.ceo\/coxs\/en\/wp-json\/wp\/v2\/types\/product"}],"wp:featuredmedia":[{"embeddable":true,"href":"https:\/\/richter.ceo\/coxs\/en\/wp-json\/wp\/v2\/media\/1240"}],"wp:attachment":[{"href":"https:\/\/richter.ceo\/coxs\/en\/wp-json\/wp\/v2\/media?parent=1366"}],"wp:term":[{"taxonomy":"product_brand","embeddable":true,"href":"https:\/\/richter.ceo\/coxs\/en\/wp-json\/wp\/v2\/product_brand?post=1366"},{"taxonomy":"product_cat","embeddable":true,"href":"https:\/\/richter.ceo\/coxs\/en\/wp-json\/wp\/v2\/product_cat?post=1366"},{"taxonomy":"product_tag","embeddable":true,"href":"https:\/\/richter.ceo\/coxs\/en\/wp-json\/wp\/v2\/product_tag?post=1366"}],"curies":[{"name":"wp","href":"https:\/\/api.w.org\/{rel}","templated":true}]}}