{"id":1370,"date":"2025-05-14T16:59:11","date_gmt":"2025-05-14T14:59:11","guid":{"rendered":"https:\/\/richter.ceo\/coxs\/?post_type=product&#038;p=1370"},"modified":"2025-05-14T16:59:11","modified_gmt":"2025-05-14T14:59:11","slug":"neisson-profil-107-bio","status":"publish","type":"product","link":"https:\/\/richter.ceo\/coxs\/en\/product\/neisson-profil-107-bio\/","title":{"rendered":"Neisson Profil 107 Bio"},"content":{"rendered":"<p>Rodinn\u00e1 destilerie Neisson, je\u017e je tou nejmen\u0161\u00ed na Martiniku, byla zalo\u017eena v roce 1931 a dodnes je v rodinn\u00fdch ruk\u00e1ch, v sou\u010dasnosti ji\u017e t\u0159et\u00ed generac\u00ed. Jej\u00ed filozofie se zakl\u00e1d\u00e1 p\u0159edev\u0161\u00edm na hlubok\u00e9 \u00fact\u011b k terroiru. Pal\u00edrna se ji\u017e \u0159adu let zam\u011b\u0159uje na p\u011bstov\u00e1n\u00ed n\u011bkolika odr\u016fd cukrov\u00e9 t\u0159tiny v souladu s principy ekologick\u00e9ho zem\u011bd\u011blstv\u00ed. Z \u010derstv\u00e9 zkva\u0161en\u00e9 \u0161\u0165\u00e1vy, kterou tady nech\u00e1vaj\u00ed kvasit 2-3 dny, potom destiluj\u00ed na m\u011bd\u011bn\u00e9 destila\u010dn\u00ed kolon\u011b prvot\u0159\u00eddn\u00ed agricole rumy, nesouc\u00ed presti\u017en\u00ed ozna\u010den\u00ed A.O.C. Martinique.<\/p>\n<p>&nbsp;<\/p>\n<p>Neisson v posledn\u00ed dob\u011b experimentuje s r\u016fzn\u00fdmi typy sud\u016f a druh\u016f vyp\u00e1len\u00ed. Profil 107 Bio byl po destilaci nejd\u0159\u00edve ulo\u017een do sud\u016f po bourbonu a n\u00e1sledn\u011b byl p\u0159esunut do sud\u016f, kter\u00e9 byly nov\u011b vyp\u00e1leny. Pro tyto sudy byl vybr\u00e1n profil vyp\u00e1len\u00ed \u010d. 107, podle kter\u00e9ho tato edice z\u00edskala jm\u00e9no.<\/p>\n<p>&nbsp;<\/p>\n<div class=\"elementor-column elementor-col-50 elementor-inner-column elementor-element elementor-element-df5ea97\" data-id=\"df5ea97\" data-element_type=\"column\">\n<div class=\"elementor-widget-wrap elementor-element-populated\">\n<div class=\"elementor-element elementor-element-5f45f876 elementor-widget elementor-widget-woocommerce-product-short-description\" data-id=\"5f45f876\" data-element_type=\"widget\" data-widget_type=\"woocommerce-product-short-description.default\">\n<div class=\"elementor-widget-container\">\n<div class=\"woocommerce-product-details__short-description\">\n<p>Projevuj\u00ed se t\u00f3ny citrus\u016f, vyp\u00e1len\u00e9ho d\u0159eva a cukrov\u00e9 t\u0159tiny.<\/p>\n<\/div>\n<\/div>\n<\/div>\n<\/div>\n<\/div>\n<div class=\"elementor-column elementor-col-50 elementor-inner-column elementor-element elementor-element-e91a9b4\" data-id=\"e91a9b4\" data-element_type=\"column\">\n<div class=\"elementor-widget-wrap elementor-element-populated\">\n<div class=\"elementor-element elementor-element-19195286 elementor-widget elementor-widget-heading\" data-id=\"19195286\" data-element_type=\"widget\" data-widget_type=\"heading.default\">\n<div class=\"elementor-widget-container\"><\/div>\n<\/div>\n<\/div>\n<\/div>","protected":false},"excerpt":{"rendered":"<p>Rodinn\u00e1 destilerie Neisson, je\u017e je tou nejmen\u0161\u00ed na Martiniku, byla zalo\u017eena v roce 1931 a dodnes je v rodinn\u00fdch ruk\u00e1ch, v sou\u010dasnosti ji\u017e t\u0159et\u00ed generac\u00ed. Jej\u00ed filozofie se zakl\u00e1d\u00e1 p\u0159edev\u0161\u00edm na hlubok\u00e9 \u00fact\u011b k terroiru. Pal\u00edrna se ji\u017e \u0159adu let zam\u011b\u0159uje na p\u011bstov\u00e1n\u00ed n\u011bkolika odr\u016fd cukrov\u00e9 t\u0159tiny v souladu s principy ekologick\u00e9ho zem\u011bd\u011blstv\u00ed. Z \u010derstv\u00e9 [&hellip;]<\/p>\n","protected":false},"featured_media":1286,"template":"","meta":{"_acf_changed":false},"product_brand":[226],"product_cat":[117],"product_tag":[],"class_list":{"0":"post-1370","1":"product","2":"type-product","3":"status-publish","4":"has-post-thumbnail","6":"product_brand-neisson","7":"product_cat-rum","8":"pa_cena-za-004-l","9":"pa_obsah-alkoholu-96","10":"pa_zeme-martinik","12":"first","13":"instock","14":"shipping-taxable","15":"purchasable","16":"product-type-simple"},"acf":[],"yoast_head":"<!-- This site is optimized with the Yoast SEO plugin v27.5 - https:\/\/yoast.com\/product\/yoast-seo-wordpress\/ -->\n<title>Neisson Profil 107 Bio<\/title>\n<meta name=\"description\" content=\"Rodinn\u00e1 destilerie Neisson, je\u017e je tou nejmen\u0161\u00ed na Martiniku, byla zalo\u017eena v roce 1931 a dodnes je v rodinn\u00fdch ruk\u00e1ch, v sou\u010dasnosti ji\u017e t\u0159et\u00ed generac\u00ed.\" \/>\n<meta name=\"robots\" content=\"index, follow, max-snippet:-1, max-image-preview:large, max-video-preview:-1\" \/>\n<link rel=\"canonical\" href=\"https:\/\/richter.ceo\/coxs\/en\/product\/neisson-profil-107-bio\/\" \/>\n<meta property=\"og:locale\" content=\"en_GB\" \/>\n<meta property=\"og:type\" content=\"article\" \/>\n<meta property=\"og:title\" content=\"Neisson Profil 107 Bio\" \/>\n<meta property=\"og:description\" content=\"Rodinn\u00e1 destilerie Neisson, je\u017e je tou nejmen\u0161\u00ed na Martiniku, byla zalo\u017eena v roce 1931 a dodnes je v rodinn\u00fdch ruk\u00e1ch, v sou\u010dasnosti ji\u017e t\u0159et\u00ed generac\u00ed.\" \/>\n<meta property=\"og:url\" content=\"https:\/\/richter.ceo\/coxs\/en\/product\/neisson-profil-107-bio\/\" \/>\n<meta property=\"og:site_name\" content=\"COXS CLUB\" \/>\n<meta property=\"article:publisher\" content=\"https:\/\/www.facebook.com\/profile.php?id=100088204002615\" \/>\n<meta property=\"og:image\" content=\"https:\/\/richter.ceo\/coxs\/wp-content\/uploads\/sites\/4\/2025\/05\/3383_neisson_107_bio_2020.jpg\" \/>\n\t<meta property=\"og:image:width\" content=\"600\" \/>\n\t<meta property=\"og:image:height\" content=\"711\" \/>\n\t<meta property=\"og:image:type\" content=\"image\/jpeg\" \/>\n<meta name=\"twitter:card\" content=\"summary_large_image\" \/>\n<meta name=\"twitter:label1\" content=\"Estimated reading time\" \/>\n\t<meta name=\"twitter:data1\" content=\"1 minute\" \/>\n<script type=\"application\/ld+json\" class=\"yoast-schema-graph\">{\"@context\":\"https:\\\/\\\/schema.org\",\"@graph\":[{\"@type\":\"WebPage\",\"@id\":\"https:\\\/\\\/richter.ceo\\\/coxs\\\/produkt\\\/neisson-profil-107-bio\\\/\",\"url\":\"https:\\\/\\\/richter.ceo\\\/coxs\\\/produkt\\\/neisson-profil-107-bio\\\/\",\"name\":\"Neisson Profil 107 Bio\",\"isPartOf\":{\"@id\":\"https:\\\/\\\/richter.ceo\\\/coxs\\\/en\\\/#website\"},\"primaryImageOfPage\":{\"@id\":\"https:\\\/\\\/richter.ceo\\\/coxs\\\/produkt\\\/neisson-profil-107-bio\\\/#primaryimage\"},\"image\":{\"@id\":\"https:\\\/\\\/richter.ceo\\\/coxs\\\/produkt\\\/neisson-profil-107-bio\\\/#primaryimage\"},\"thumbnailUrl\":\"https:\\\/\\\/richter.ceo\\\/coxs\\\/wp-content\\\/uploads\\\/sites\\\/4\\\/2025\\\/05\\\/3383_neisson_107_bio_2020.jpg\",\"datePublished\":\"2025-05-14T14:59:11+00:00\",\"description\":\"Rodinn\u00e1 destilerie Neisson, je\u017e je tou nejmen\u0161\u00ed na Martiniku, byla zalo\u017eena v roce 1931 a dodnes je v rodinn\u00fdch ruk\u00e1ch, v sou\u010dasnosti ji\u017e t\u0159et\u00ed generac\u00ed.\",\"breadcrumb\":{\"@id\":\"https:\\\/\\\/richter.ceo\\\/coxs\\\/produkt\\\/neisson-profil-107-bio\\\/#breadcrumb\"},\"inLanguage\":\"en-GB\",\"potentialAction\":[{\"@type\":\"ReadAction\",\"target\":[\"https:\\\/\\\/richter.ceo\\\/coxs\\\/produkt\\\/neisson-profil-107-bio\\\/\"]}]},{\"@type\":\"ImageObject\",\"inLanguage\":\"en-GB\",\"@id\":\"https:\\\/\\\/richter.ceo\\\/coxs\\\/produkt\\\/neisson-profil-107-bio\\\/#primaryimage\",\"url\":\"https:\\\/\\\/richter.ceo\\\/coxs\\\/wp-content\\\/uploads\\\/sites\\\/4\\\/2025\\\/05\\\/3383_neisson_107_bio_2020.jpg\",\"contentUrl\":\"https:\\\/\\\/richter.ceo\\\/coxs\\\/wp-content\\\/uploads\\\/sites\\\/4\\\/2025\\\/05\\\/3383_neisson_107_bio_2020.jpg\",\"width\":600,\"height\":711,\"caption\":\"COXS CLUB\"},{\"@type\":\"BreadcrumbList\",\"@id\":\"https:\\\/\\\/richter.ceo\\\/coxs\\\/produkt\\\/neisson-profil-107-bio\\\/#breadcrumb\",\"itemListElement\":[{\"@type\":\"ListItem\",\"position\":1,\"name\":\"Dom\u016f\",\"item\":\"https:\\\/\\\/richter.ceo\\\/coxs\\\/\"},{\"@type\":\"ListItem\",\"position\":2,\"name\":\"N\u00c1POJE\",\"item\":\"https:\\\/\\\/richter.ceo\\\/coxs\\\/en\\\/napoje\\\/\"},{\"@type\":\"ListItem\",\"position\":3,\"name\":\"Neisson Profil 107 Bio\"}]},{\"@type\":\"WebSite\",\"@id\":\"https:\\\/\\\/richter.ceo\\\/coxs\\\/en\\\/#website\",\"url\":\"https:\\\/\\\/richter.ceo\\\/coxs\\\/en\\\/\",\"name\":\"COXS CLUB\",\"description\":\"Beton a Rum\",\"publisher\":{\"@id\":\"https:\\\/\\\/richter.ceo\\\/coxs\\\/en\\\/#organization\"},\"potentialAction\":[{\"@type\":\"SearchAction\",\"target\":{\"@type\":\"EntryPoint\",\"urlTemplate\":\"https:\\\/\\\/richter.ceo\\\/coxs\\\/en\\\/?s={search_term_string}\"},\"query-input\":{\"@type\":\"PropertyValueSpecification\",\"valueRequired\":true,\"valueName\":\"search_term_string\"}}],\"inLanguage\":\"en-GB\"},{\"@type\":\"Organization\",\"@id\":\"https:\\\/\\\/richter.ceo\\\/coxs\\\/en\\\/#organization\",\"name\":\"COXS CLUB\",\"url\":\"https:\\\/\\\/richter.ceo\\\/coxs\\\/en\\\/\",\"logo\":{\"@type\":\"ImageObject\",\"inLanguage\":\"en-GB\",\"@id\":\"https:\\\/\\\/richter.ceo\\\/coxs\\\/en\\\/#\\\/schema\\\/logo\\\/image\\\/\",\"url\":\"http:\\\/\\\/richter.ceo\\\/coxs\\\/wp-content\\\/uploads\\\/sites\\\/4\\\/2025\\\/05\\\/FAVICON-dark.webp\",\"contentUrl\":\"http:\\\/\\\/richter.ceo\\\/coxs\\\/wp-content\\\/uploads\\\/sites\\\/4\\\/2025\\\/05\\\/FAVICON-dark.webp\",\"width\":512,\"height\":512,\"caption\":\"COXS CLUB\"},\"image\":{\"@id\":\"https:\\\/\\\/richter.ceo\\\/coxs\\\/en\\\/#\\\/schema\\\/logo\\\/image\\\/\"},\"sameAs\":[\"https:\\\/\\\/www.facebook.com\\\/profile.php?id=100088204002615\",\"https:\\\/\\\/www.instagram.com\\\/coxs_coxs\\\/\"]}]}<\/script>\n<!-- \/ Yoast SEO plugin. -->","yoast_head_json":{"title":"Neisson Profil 107 Bio","description":"Rodinn\u00e1 destilerie Neisson, je\u017e je tou nejmen\u0161\u00ed na Martiniku, byla zalo\u017eena v roce 1931 a dodnes je v rodinn\u00fdch ruk\u00e1ch, v sou\u010dasnosti ji\u017e t\u0159et\u00ed generac\u00ed.","robots":{"index":"index","follow":"follow","max-snippet":"max-snippet:-1","max-image-preview":"max-image-preview:large","max-video-preview":"max-video-preview:-1"},"canonical":"https:\/\/richter.ceo\/coxs\/en\/product\/neisson-profil-107-bio\/","og_locale":"en_GB","og_type":"article","og_title":"Neisson Profil 107 Bio","og_description":"Rodinn\u00e1 destilerie Neisson, je\u017e je tou nejmen\u0161\u00ed na Martiniku, byla zalo\u017eena v roce 1931 a dodnes je v rodinn\u00fdch ruk\u00e1ch, v sou\u010dasnosti ji\u017e t\u0159et\u00ed generac\u00ed.","og_url":"https:\/\/richter.ceo\/coxs\/en\/product\/neisson-profil-107-bio\/","og_site_name":"COXS CLUB","article_publisher":"https:\/\/www.facebook.com\/profile.php?id=100088204002615","og_image":[{"width":600,"height":711,"url":"https:\/\/richter.ceo\/coxs\/wp-content\/uploads\/sites\/4\/2025\/05\/3383_neisson_107_bio_2020.jpg","type":"image\/jpeg"}],"twitter_card":"summary_large_image","twitter_misc":{"Estimated reading time":"1 minute"},"schema":{"@context":"https:\/\/schema.org","@graph":[{"@type":"WebPage","@id":"https:\/\/richter.ceo\/coxs\/produkt\/neisson-profil-107-bio\/","url":"https:\/\/richter.ceo\/coxs\/produkt\/neisson-profil-107-bio\/","name":"Neisson Profil 107 Bio","isPartOf":{"@id":"https:\/\/richter.ceo\/coxs\/en\/#website"},"primaryImageOfPage":{"@id":"https:\/\/richter.ceo\/coxs\/produkt\/neisson-profil-107-bio\/#primaryimage"},"image":{"@id":"https:\/\/richter.ceo\/coxs\/produkt\/neisson-profil-107-bio\/#primaryimage"},"thumbnailUrl":"https:\/\/richter.ceo\/coxs\/wp-content\/uploads\/sites\/4\/2025\/05\/3383_neisson_107_bio_2020.jpg","datePublished":"2025-05-14T14:59:11+00:00","description":"Rodinn\u00e1 destilerie Neisson, je\u017e je tou nejmen\u0161\u00ed na Martiniku, byla zalo\u017eena v roce 1931 a dodnes je v rodinn\u00fdch ruk\u00e1ch, v sou\u010dasnosti ji\u017e t\u0159et\u00ed generac\u00ed.","breadcrumb":{"@id":"https:\/\/richter.ceo\/coxs\/produkt\/neisson-profil-107-bio\/#breadcrumb"},"inLanguage":"en-GB","potentialAction":[{"@type":"ReadAction","target":["https:\/\/richter.ceo\/coxs\/produkt\/neisson-profil-107-bio\/"]}]},{"@type":"ImageObject","inLanguage":"en-GB","@id":"https:\/\/richter.ceo\/coxs\/produkt\/neisson-profil-107-bio\/#primaryimage","url":"https:\/\/richter.ceo\/coxs\/wp-content\/uploads\/sites\/4\/2025\/05\/3383_neisson_107_bio_2020.jpg","contentUrl":"https:\/\/richter.ceo\/coxs\/wp-content\/uploads\/sites\/4\/2025\/05\/3383_neisson_107_bio_2020.jpg","width":600,"height":711,"caption":"COXS CLUB"},{"@type":"BreadcrumbList","@id":"https:\/\/richter.ceo\/coxs\/produkt\/neisson-profil-107-bio\/#breadcrumb","itemListElement":[{"@type":"ListItem","position":1,"name":"Dom\u016f","item":"https:\/\/richter.ceo\/coxs\/"},{"@type":"ListItem","position":2,"name":"N\u00c1POJE","item":"https:\/\/richter.ceo\/coxs\/en\/napoje\/"},{"@type":"ListItem","position":3,"name":"Neisson Profil 107 Bio"}]},{"@type":"WebSite","@id":"https:\/\/richter.ceo\/coxs\/en\/#website","url":"https:\/\/richter.ceo\/coxs\/en\/","name":"COXS CLUB","description":"Beton a Rum","publisher":{"@id":"https:\/\/richter.ceo\/coxs\/en\/#organization"},"potentialAction":[{"@type":"SearchAction","target":{"@type":"EntryPoint","urlTemplate":"https:\/\/richter.ceo\/coxs\/en\/?s={search_term_string}"},"query-input":{"@type":"PropertyValueSpecification","valueRequired":true,"valueName":"search_term_string"}}],"inLanguage":"en-GB"},{"@type":"Organization","@id":"https:\/\/richter.ceo\/coxs\/en\/#organization","name":"COXS CLUB","url":"https:\/\/richter.ceo\/coxs\/en\/","logo":{"@type":"ImageObject","inLanguage":"en-GB","@id":"https:\/\/richter.ceo\/coxs\/en\/#\/schema\/logo\/image\/","url":"http:\/\/richter.ceo\/coxs\/wp-content\/uploads\/sites\/4\/2025\/05\/FAVICON-dark.webp","contentUrl":"http:\/\/richter.ceo\/coxs\/wp-content\/uploads\/sites\/4\/2025\/05\/FAVICON-dark.webp","width":512,"height":512,"caption":"COXS CLUB"},"image":{"@id":"https:\/\/richter.ceo\/coxs\/en\/#\/schema\/logo\/image\/"},"sameAs":["https:\/\/www.facebook.com\/profile.php?id=100088204002615","https:\/\/www.instagram.com\/coxs_coxs\/"]}]}},"_links":{"self":[{"href":"https:\/\/richter.ceo\/coxs\/en\/wp-json\/wp\/v2\/product\/1370","targetHints":{"allow":["GET"]}}],"collection":[{"href":"https:\/\/richter.ceo\/coxs\/en\/wp-json\/wp\/v2\/product"}],"about":[{"href":"https:\/\/richter.ceo\/coxs\/en\/wp-json\/wp\/v2\/types\/product"}],"wp:featuredmedia":[{"embeddable":true,"href":"https:\/\/richter.ceo\/coxs\/en\/wp-json\/wp\/v2\/media\/1286"}],"wp:attachment":[{"href":"https:\/\/richter.ceo\/coxs\/en\/wp-json\/wp\/v2\/media?parent=1370"}],"wp:term":[{"taxonomy":"product_brand","embeddable":true,"href":"https:\/\/richter.ceo\/coxs\/en\/wp-json\/wp\/v2\/product_brand?post=1370"},{"taxonomy":"product_cat","embeddable":true,"href":"https:\/\/richter.ceo\/coxs\/en\/wp-json\/wp\/v2\/product_cat?post=1370"},{"taxonomy":"product_tag","embeddable":true,"href":"https:\/\/richter.ceo\/coxs\/en\/wp-json\/wp\/v2\/product_tag?post=1370"}],"curies":[{"name":"wp","href":"https:\/\/api.w.org\/{rel}","templated":true}]}}