{"id":1375,"date":"2025-05-14T17:06:44","date_gmt":"2025-05-14T15:06:44","guid":{"rendered":"https:\/\/richter.ceo\/coxs\/?post_type=product&#038;p=1375"},"modified":"2025-05-14T17:06:44","modified_gmt":"2025-05-14T15:06:44","slug":"trois-rivieres-bois-dinde","status":"publish","type":"product","link":"https:\/\/richter.ceo\/coxs\/en\/product\/trois-rivieres-bois-dinde\/","title":{"rendered":"Trois Rivi\u00e8res Bois d\u2018Inde"},"content":{"rendered":"<div class=\"elementor-column elementor-col-50 elementor-inner-column elementor-element elementor-element-df5ea97\" data-id=\"df5ea97\" data-element_type=\"column\">\n<div class=\"elementor-widget-wrap elementor-element-populated\">\n<div class=\"elementor-element elementor-element-5f45f876 elementor-widget elementor-widget-woocommerce-product-short-description\" data-id=\"5f45f876\" data-element_type=\"widget\" data-widget_type=\"woocommerce-product-short-description.default\">\n<div class=\"elementor-widget-container\">\n<div class=\"woocommerce-product-details__short-description\">\n<p>N\u00e1zev agricole rum\u016f Trois Rivi\u00e8res inspirovaly t\u0159i \u0159eky: Bois d\u2019Inde, Oman a Saint Pierre, kter\u00e9 na Martiniku vymezuj\u00ed \u00fazem\u00ed proslul\u00fdch plant\u00e1\u017e\u00ed tohoto v\u00fdrobce. Uveden\u00edm t\u0159\u00ed vz\u00e1cn\u00fdch cuv\u00e9e vysok\u00e9ho st\u00e1\u0159\u00ed chce Trois Rivi\u00e8res t\u011bmto \u0159ek\u00e1m vzd\u00e1t hold. Druh\u00e1 edice Bois d\u2019Inde je blendem 11 vz\u00e1cn\u00fdch ro\u010dn\u00edk\u016f, v\u010detn\u011b archivn\u00edho ro\u010dn\u00edku 1979, je\u017e zr\u00e1ly ve francouzsk\u00fdch a americk\u00fdch sudech. Po orient\u00e1ln\u00ed edici Oman evokuje tento robustn\u00ed rum st\u0159edn\u00ed Asii, s p\u0159eva\u017euj\u00edc\u00edmi t\u00f3ny vz\u00e1cn\u00e9ho d\u0159eva, kandovan\u00e9ho citronu a exotick\u00e9ho ko\u0159en\u00ed, jako je kari, koriandr a an\u00fdz. Bylo vyrobeno jen 2.400 lahv\u00ed.<\/p>\n<\/div>\n<\/div>\n<\/div>\n<\/div>\n<\/div>\n<div class=\"elementor-column elementor-col-50 elementor-inner-column elementor-element elementor-element-e91a9b4\" data-id=\"e91a9b4\" data-element_type=\"column\">\n<div class=\"elementor-widget-wrap elementor-element-populated\">\n<div class=\"elementor-element elementor-element-19195286 elementor-widget elementor-widget-heading\" data-id=\"19195286\" data-element_type=\"widget\" data-widget_type=\"heading.default\">\n<div class=\"elementor-widget-container\"><\/div>\n<\/div>\n<\/div>\n<\/div>","protected":false},"excerpt":{"rendered":"<p>N\u00e1zev agricole rum\u016f Trois Rivi\u00e8res inspirovaly t\u0159i \u0159eky: Bois d\u2019Inde, Oman a Saint Pierre, kter\u00e9 na Martiniku vymezuj\u00ed \u00fazem\u00ed proslul\u00fdch plant\u00e1\u017e\u00ed tohoto v\u00fdrobce. Uveden\u00edm t\u0159\u00ed vz\u00e1cn\u00fdch cuv\u00e9e vysok\u00e9ho st\u00e1\u0159\u00ed chce Trois Rivi\u00e8res t\u011bmto \u0159ek\u00e1m vzd\u00e1t hold. Druh\u00e1 edice Bois d\u2019Inde je blendem 11 vz\u00e1cn\u00fdch ro\u010dn\u00edk\u016f, v\u010detn\u011b archivn\u00edho ro\u010dn\u00edku 1979, je\u017e zr\u00e1ly ve francouzsk\u00fdch a americk\u00fdch [&hellip;]<\/p>\n","protected":false},"featured_media":1259,"template":"","meta":{"_acf_changed":false},"product_brand":[228],"product_cat":[117],"product_tag":[],"class_list":{"0":"post-1375","1":"product","2":"type-product","3":"status-publish","4":"has-post-thumbnail","6":"product_brand-trois-rivieres","7":"product_cat-rum","8":"pa_cena-za-004-l","9":"pa_obsah-alkoholu-56","10":"pa_zeme-martinik","12":"first","13":"instock","14":"shipping-taxable","15":"purchasable","16":"product-type-simple"},"acf":[],"yoast_head":"<!-- This site is optimized with the Yoast SEO plugin v27.5 - https:\/\/yoast.com\/product\/yoast-seo-wordpress\/ -->\n<title>Trois Rivi\u00e8res Bois d\u2018Inde<\/title>\n<meta name=\"description\" content=\"N\u00e1zev agricole rum\u016f Trois Rivi\u00e8res inspirovaly t\u0159i \u0159eky: Bois d\u2019Inde, Oman a Saint Pierre, kter\u00e9 na Martiniku vymezuj\u00ed \u00fazem\u00ed proslul\u00fdch plant\u00e1\u017e\u00ed tohoto\" \/>\n<meta name=\"robots\" content=\"index, follow, max-snippet:-1, max-image-preview:large, max-video-preview:-1\" \/>\n<link rel=\"canonical\" href=\"https:\/\/richter.ceo\/coxs\/en\/product\/trois-rivieres-bois-dinde\/\" \/>\n<meta property=\"og:locale\" content=\"en_GB\" \/>\n<meta property=\"og:type\" content=\"article\" \/>\n<meta property=\"og:title\" content=\"Trois Rivi\u00e8res Bois d\u2018Inde\" \/>\n<meta property=\"og:description\" content=\"N\u00e1zev agricole rum\u016f Trois Rivi\u00e8res inspirovaly t\u0159i \u0159eky: Bois d\u2019Inde, Oman a Saint Pierre, kter\u00e9 na Martiniku vymezuj\u00ed \u00fazem\u00ed proslul\u00fdch plant\u00e1\u017e\u00ed tohoto\" \/>\n<meta property=\"og:url\" content=\"https:\/\/richter.ceo\/coxs\/en\/product\/trois-rivieres-bois-dinde\/\" \/>\n<meta property=\"og:site_name\" content=\"COXS CLUB\" \/>\n<meta property=\"article:publisher\" content=\"https:\/\/www.facebook.com\/profile.php?id=100088204002615\" \/>\n<meta property=\"og:image\" content=\"https:\/\/richter.ceo\/coxs\/wp-content\/uploads\/sites\/4\/2025\/05\/2633_trois_rivieres_bois_d_inde_2-864x1024-1.png\" \/>\n\t<meta property=\"og:image:width\" content=\"864\" \/>\n\t<meta property=\"og:image:height\" content=\"1024\" \/>\n\t<meta property=\"og:image:type\" content=\"image\/png\" \/>\n<meta name=\"twitter:card\" content=\"summary_large_image\" \/>\n<meta name=\"twitter:label1\" content=\"Estimated reading time\" \/>\n\t<meta name=\"twitter:data1\" content=\"1 minute\" \/>\n<script type=\"application\/ld+json\" class=\"yoast-schema-graph\">{\"@context\":\"https:\\\/\\\/schema.org\",\"@graph\":[{\"@type\":\"WebPage\",\"@id\":\"https:\\\/\\\/richter.ceo\\\/coxs\\\/en\\\/product\\\/trois-rivieres-bois-dinde\\\/\",\"url\":\"https:\\\/\\\/richter.ceo\\\/coxs\\\/en\\\/product\\\/trois-rivieres-bois-dinde\\\/\",\"name\":\"Trois Rivi\u00e8res Bois d\u2018Inde\",\"isPartOf\":{\"@id\":\"https:\\\/\\\/richter.ceo\\\/coxs\\\/en\\\/#website\"},\"primaryImageOfPage\":{\"@id\":\"https:\\\/\\\/richter.ceo\\\/coxs\\\/en\\\/product\\\/trois-rivieres-bois-dinde\\\/#primaryimage\"},\"image\":{\"@id\":\"https:\\\/\\\/richter.ceo\\\/coxs\\\/en\\\/product\\\/trois-rivieres-bois-dinde\\\/#primaryimage\"},\"thumbnailUrl\":\"https:\\\/\\\/richter.ceo\\\/coxs\\\/wp-content\\\/uploads\\\/sites\\\/4\\\/2025\\\/05\\\/2633_trois_rivieres_bois_d_inde_2-864x1024-1.png\",\"datePublished\":\"2025-05-14T15:06:44+00:00\",\"description\":\"N\u00e1zev agricole rum\u016f Trois Rivi\u00e8res inspirovaly t\u0159i \u0159eky: Bois d\u2019Inde, Oman a Saint Pierre, kter\u00e9 na Martiniku vymezuj\u00ed \u00fazem\u00ed proslul\u00fdch plant\u00e1\u017e\u00ed tohoto\",\"breadcrumb\":{\"@id\":\"https:\\\/\\\/richter.ceo\\\/coxs\\\/en\\\/product\\\/trois-rivieres-bois-dinde\\\/#breadcrumb\"},\"inLanguage\":\"en-GB\",\"potentialAction\":[{\"@type\":\"ReadAction\",\"target\":[\"https:\\\/\\\/richter.ceo\\\/coxs\\\/en\\\/product\\\/trois-rivieres-bois-dinde\\\/\"]}]},{\"@type\":\"ImageObject\",\"inLanguage\":\"en-GB\",\"@id\":\"https:\\\/\\\/richter.ceo\\\/coxs\\\/en\\\/product\\\/trois-rivieres-bois-dinde\\\/#primaryimage\",\"url\":\"https:\\\/\\\/richter.ceo\\\/coxs\\\/wp-content\\\/uploads\\\/sites\\\/4\\\/2025\\\/05\\\/2633_trois_rivieres_bois_d_inde_2-864x1024-1.png\",\"contentUrl\":\"https:\\\/\\\/richter.ceo\\\/coxs\\\/wp-content\\\/uploads\\\/sites\\\/4\\\/2025\\\/05\\\/2633_trois_rivieres_bois_d_inde_2-864x1024-1.png\",\"width\":864,\"height\":1024,\"caption\":\"COXS CLUB\"},{\"@type\":\"BreadcrumbList\",\"@id\":\"https:\\\/\\\/richter.ceo\\\/coxs\\\/en\\\/product\\\/trois-rivieres-bois-dinde\\\/#breadcrumb\",\"itemListElement\":[{\"@type\":\"ListItem\",\"position\":1,\"name\":\"Dom\u016f\",\"item\":\"https:\\\/\\\/richter.ceo\\\/coxs\\\/\"},{\"@type\":\"ListItem\",\"position\":2,\"name\":\"N\u00c1POJE\",\"item\":\"https:\\\/\\\/richter.ceo\\\/coxs\\\/en\\\/napoje\\\/\"},{\"@type\":\"ListItem\",\"position\":3,\"name\":\"Trois Rivi\u00e8res Bois d\u2018Inde\"}]},{\"@type\":\"WebSite\",\"@id\":\"https:\\\/\\\/richter.ceo\\\/coxs\\\/en\\\/#website\",\"url\":\"https:\\\/\\\/richter.ceo\\\/coxs\\\/en\\\/\",\"name\":\"COXS CLUB\",\"description\":\"Beton a Rum\",\"publisher\":{\"@id\":\"https:\\\/\\\/richter.ceo\\\/coxs\\\/en\\\/#organization\"},\"potentialAction\":[{\"@type\":\"SearchAction\",\"target\":{\"@type\":\"EntryPoint\",\"urlTemplate\":\"https:\\\/\\\/richter.ceo\\\/coxs\\\/en\\\/?s={search_term_string}\"},\"query-input\":{\"@type\":\"PropertyValueSpecification\",\"valueRequired\":true,\"valueName\":\"search_term_string\"}}],\"inLanguage\":\"en-GB\"},{\"@type\":\"Organization\",\"@id\":\"https:\\\/\\\/richter.ceo\\\/coxs\\\/en\\\/#organization\",\"name\":\"COXS CLUB\",\"url\":\"https:\\\/\\\/richter.ceo\\\/coxs\\\/en\\\/\",\"logo\":{\"@type\":\"ImageObject\",\"inLanguage\":\"en-GB\",\"@id\":\"https:\\\/\\\/richter.ceo\\\/coxs\\\/en\\\/#\\\/schema\\\/logo\\\/image\\\/\",\"url\":\"http:\\\/\\\/richter.ceo\\\/coxs\\\/wp-content\\\/uploads\\\/sites\\\/4\\\/2025\\\/05\\\/FAVICON-dark.webp\",\"contentUrl\":\"http:\\\/\\\/richter.ceo\\\/coxs\\\/wp-content\\\/uploads\\\/sites\\\/4\\\/2025\\\/05\\\/FAVICON-dark.webp\",\"width\":512,\"height\":512,\"caption\":\"COXS CLUB\"},\"image\":{\"@id\":\"https:\\\/\\\/richter.ceo\\\/coxs\\\/en\\\/#\\\/schema\\\/logo\\\/image\\\/\"},\"sameAs\":[\"https:\\\/\\\/www.facebook.com\\\/profile.php?id=100088204002615\",\"https:\\\/\\\/www.instagram.com\\\/coxs_coxs\\\/\"]}]}<\/script>\n<!-- \/ Yoast SEO plugin. -->","yoast_head_json":{"title":"Trois Rivi\u00e8res Bois d\u2018Inde","description":"N\u00e1zev agricole rum\u016f Trois Rivi\u00e8res inspirovaly t\u0159i \u0159eky: Bois d\u2019Inde, Oman a Saint Pierre, kter\u00e9 na Martiniku vymezuj\u00ed \u00fazem\u00ed proslul\u00fdch plant\u00e1\u017e\u00ed tohoto","robots":{"index":"index","follow":"follow","max-snippet":"max-snippet:-1","max-image-preview":"max-image-preview:large","max-video-preview":"max-video-preview:-1"},"canonical":"https:\/\/richter.ceo\/coxs\/en\/product\/trois-rivieres-bois-dinde\/","og_locale":"en_GB","og_type":"article","og_title":"Trois Rivi\u00e8res Bois d\u2018Inde","og_description":"N\u00e1zev agricole rum\u016f Trois Rivi\u00e8res inspirovaly t\u0159i \u0159eky: Bois d\u2019Inde, Oman a Saint Pierre, kter\u00e9 na Martiniku vymezuj\u00ed \u00fazem\u00ed proslul\u00fdch plant\u00e1\u017e\u00ed tohoto","og_url":"https:\/\/richter.ceo\/coxs\/en\/product\/trois-rivieres-bois-dinde\/","og_site_name":"COXS CLUB","article_publisher":"https:\/\/www.facebook.com\/profile.php?id=100088204002615","og_image":[{"width":864,"height":1024,"url":"https:\/\/richter.ceo\/coxs\/wp-content\/uploads\/sites\/4\/2025\/05\/2633_trois_rivieres_bois_d_inde_2-864x1024-1.png","type":"image\/png"}],"twitter_card":"summary_large_image","twitter_misc":{"Estimated reading time":"1 minute"},"schema":{"@context":"https:\/\/schema.org","@graph":[{"@type":"WebPage","@id":"https:\/\/richter.ceo\/coxs\/en\/product\/trois-rivieres-bois-dinde\/","url":"https:\/\/richter.ceo\/coxs\/en\/product\/trois-rivieres-bois-dinde\/","name":"Trois Rivi\u00e8res Bois d\u2018Inde","isPartOf":{"@id":"https:\/\/richter.ceo\/coxs\/en\/#website"},"primaryImageOfPage":{"@id":"https:\/\/richter.ceo\/coxs\/en\/product\/trois-rivieres-bois-dinde\/#primaryimage"},"image":{"@id":"https:\/\/richter.ceo\/coxs\/en\/product\/trois-rivieres-bois-dinde\/#primaryimage"},"thumbnailUrl":"https:\/\/richter.ceo\/coxs\/wp-content\/uploads\/sites\/4\/2025\/05\/2633_trois_rivieres_bois_d_inde_2-864x1024-1.png","datePublished":"2025-05-14T15:06:44+00:00","description":"N\u00e1zev agricole rum\u016f Trois Rivi\u00e8res inspirovaly t\u0159i \u0159eky: Bois d\u2019Inde, Oman a Saint Pierre, kter\u00e9 na Martiniku vymezuj\u00ed \u00fazem\u00ed proslul\u00fdch plant\u00e1\u017e\u00ed tohoto","breadcrumb":{"@id":"https:\/\/richter.ceo\/coxs\/en\/product\/trois-rivieres-bois-dinde\/#breadcrumb"},"inLanguage":"en-GB","potentialAction":[{"@type":"ReadAction","target":["https:\/\/richter.ceo\/coxs\/en\/product\/trois-rivieres-bois-dinde\/"]}]},{"@type":"ImageObject","inLanguage":"en-GB","@id":"https:\/\/richter.ceo\/coxs\/en\/product\/trois-rivieres-bois-dinde\/#primaryimage","url":"https:\/\/richter.ceo\/coxs\/wp-content\/uploads\/sites\/4\/2025\/05\/2633_trois_rivieres_bois_d_inde_2-864x1024-1.png","contentUrl":"https:\/\/richter.ceo\/coxs\/wp-content\/uploads\/sites\/4\/2025\/05\/2633_trois_rivieres_bois_d_inde_2-864x1024-1.png","width":864,"height":1024,"caption":"COXS CLUB"},{"@type":"BreadcrumbList","@id":"https:\/\/richter.ceo\/coxs\/en\/product\/trois-rivieres-bois-dinde\/#breadcrumb","itemListElement":[{"@type":"ListItem","position":1,"name":"Dom\u016f","item":"https:\/\/richter.ceo\/coxs\/"},{"@type":"ListItem","position":2,"name":"N\u00c1POJE","item":"https:\/\/richter.ceo\/coxs\/en\/napoje\/"},{"@type":"ListItem","position":3,"name":"Trois Rivi\u00e8res Bois d\u2018Inde"}]},{"@type":"WebSite","@id":"https:\/\/richter.ceo\/coxs\/en\/#website","url":"https:\/\/richter.ceo\/coxs\/en\/","name":"COXS CLUB","description":"Beton a Rum","publisher":{"@id":"https:\/\/richter.ceo\/coxs\/en\/#organization"},"potentialAction":[{"@type":"SearchAction","target":{"@type":"EntryPoint","urlTemplate":"https:\/\/richter.ceo\/coxs\/en\/?s={search_term_string}"},"query-input":{"@type":"PropertyValueSpecification","valueRequired":true,"valueName":"search_term_string"}}],"inLanguage":"en-GB"},{"@type":"Organization","@id":"https:\/\/richter.ceo\/coxs\/en\/#organization","name":"COXS CLUB","url":"https:\/\/richter.ceo\/coxs\/en\/","logo":{"@type":"ImageObject","inLanguage":"en-GB","@id":"https:\/\/richter.ceo\/coxs\/en\/#\/schema\/logo\/image\/","url":"http:\/\/richter.ceo\/coxs\/wp-content\/uploads\/sites\/4\/2025\/05\/FAVICON-dark.webp","contentUrl":"http:\/\/richter.ceo\/coxs\/wp-content\/uploads\/sites\/4\/2025\/05\/FAVICON-dark.webp","width":512,"height":512,"caption":"COXS CLUB"},"image":{"@id":"https:\/\/richter.ceo\/coxs\/en\/#\/schema\/logo\/image\/"},"sameAs":["https:\/\/www.facebook.com\/profile.php?id=100088204002615","https:\/\/www.instagram.com\/coxs_coxs\/"]}]}},"_links":{"self":[{"href":"https:\/\/richter.ceo\/coxs\/en\/wp-json\/wp\/v2\/product\/1375","targetHints":{"allow":["GET"]}}],"collection":[{"href":"https:\/\/richter.ceo\/coxs\/en\/wp-json\/wp\/v2\/product"}],"about":[{"href":"https:\/\/richter.ceo\/coxs\/en\/wp-json\/wp\/v2\/types\/product"}],"wp:featuredmedia":[{"embeddable":true,"href":"https:\/\/richter.ceo\/coxs\/en\/wp-json\/wp\/v2\/media\/1259"}],"wp:attachment":[{"href":"https:\/\/richter.ceo\/coxs\/en\/wp-json\/wp\/v2\/media?parent=1375"}],"wp:term":[{"taxonomy":"product_brand","embeddable":true,"href":"https:\/\/richter.ceo\/coxs\/en\/wp-json\/wp\/v2\/product_brand?post=1375"},{"taxonomy":"product_cat","embeddable":true,"href":"https:\/\/richter.ceo\/coxs\/en\/wp-json\/wp\/v2\/product_cat?post=1375"},{"taxonomy":"product_tag","embeddable":true,"href":"https:\/\/richter.ceo\/coxs\/en\/wp-json\/wp\/v2\/product_tag?post=1375"}],"curies":[{"name":"wp","href":"https:\/\/api.w.org\/{rel}","templated":true}]}}