{"id":1377,"date":"2025-05-14T17:34:37","date_gmt":"2025-05-14T15:34:37","guid":{"rendered":"https:\/\/richter.ceo\/coxs\/?post_type=product&#038;p=1377"},"modified":"2025-05-14T17:34:57","modified_gmt":"2025-05-14T15:34:57","slug":"west-indies-central-america","status":"publish","type":"product","link":"https:\/\/richter.ceo\/coxs\/en\/product\/west-indies-central-america\/","title":{"rendered":"West Indies Central America"},"content":{"rendered":"<p>Rumy spole\u010dnosti West Indies Rum &amp; Cane Merchants jsou ur\u010den\u00e9 lidem, kte\u0159\u00ed miluj\u00ed \u0159emeslnou v\u00fdrobu a kte\u0159\u00ed se neboj\u00ed vyzkou\u0161et novou chu\u0165 lok\u00e1ln\u00edch rum\u016f. \u0158ada \u201eRemarkable Regional Rums\u201c v sob\u011b snoub\u00ed rumy z odli\u0161n\u00fdch destileri\u00ed stejn\u00e9ho regionu. Jedn\u00e1 se o XO rumy, kter\u00e9 maj\u00ed zachycuj\u00ed energii, styl a tzv. terroir dan\u00e9ho regionu, a jako takov\u00e9 jsou nev\u0161edn\u00ed, vzru\u0161uj\u00edc\u00ed, lahodn\u00e9 a ur\u010den\u00e9 k pomal\u00e9mu up\u00edjen\u00ed.<\/p>\n<p>&nbsp;<\/p>\n<div class=\"elementor-column elementor-col-50 elementor-inner-column elementor-element elementor-element-df5ea97\" data-id=\"df5ea97\" data-element_type=\"column\">\n<div class=\"elementor-widget-wrap elementor-element-populated\">\n<div class=\"elementor-element elementor-element-5f45f876 elementor-widget elementor-widget-woocommerce-product-short-description\" data-id=\"5f45f876\" data-element_type=\"widget\" data-widget_type=\"woocommerce-product-short-description.default\">\n<div class=\"elementor-widget-container\">\n<div class=\"woocommerce-product-details__short-description\">\n<p>Central America XO je blendem rum\u016f z Nikaraguy a Guatemaly. M\u00e1 v\u00fdraznou v\u016fni karamelek, p\u0159ip\u00e1len\u00e9ho cukru a citronov\u00e9ho oleje. V chuti lze nal\u00e9zt t\u00f3ny kakaa, k\u016f\u017ee, ko\u0159en\u00ed.<\/p>\n<\/div>\n<\/div>\n<\/div>\n<\/div>\n<\/div>","protected":false},"excerpt":{"rendered":"<p>Rumy spole\u010dnosti West Indies Rum &amp; Cane Merchants jsou ur\u010den\u00e9 lidem, kte\u0159\u00ed miluj\u00ed \u0159emeslnou v\u00fdrobu a kte\u0159\u00ed se neboj\u00ed vyzkou\u0161et novou chu\u0165 lok\u00e1ln\u00edch rum\u016f. \u0158ada \u201eRemarkable Regional Rums\u201c v sob\u011b snoub\u00ed rumy z odli\u0161n\u00fdch destileri\u00ed stejn\u00e9ho regionu. Jedn\u00e1 se o XO rumy, kter\u00e9 maj\u00ed zachycuj\u00ed energii, styl a tzv. terroir dan\u00e9ho regionu, a jako takov\u00e9 [&hellip;]<\/p>\n","protected":false},"featured_media":1248,"template":"","meta":{"_acf_changed":false},"product_brand":[229],"product_cat":[117],"product_tag":[],"class_list":{"0":"post-1377","1":"product","2":"type-product","3":"status-publish","4":"has-post-thumbnail","6":"product_brand-west-indies","7":"product_cat-rum","8":"pa_cena-za-004-l","9":"pa_obsah-alkoholu-56","10":"pa_zeme-anglie","12":"first","13":"instock","14":"shipping-taxable","15":"purchasable","16":"product-type-simple"},"acf":[],"yoast_head":"<!-- This site is optimized with the Yoast SEO plugin v27.5 - https:\/\/yoast.com\/product\/yoast-seo-wordpress\/ -->\n<title>West Indies Central America<\/title>\n<meta name=\"description\" content=\"Rumy spole\u010dnosti West Indies Rum &amp; Cane Merchants jsou ur\u010den\u00e9 lidem, kte\u0159\u00ed miluj\u00ed \u0159emeslnou v\u00fdrobu a kte\u0159\u00ed se neboj\u00ed vyzkou\u0161et novou chu\u0165 lok\u00e1ln\u00edch\" \/>\n<meta name=\"robots\" content=\"index, follow, max-snippet:-1, max-image-preview:large, max-video-preview:-1\" \/>\n<link rel=\"canonical\" href=\"https:\/\/richter.ceo\/coxs\/en\/product\/west-indies-central-america\/\" \/>\n<meta property=\"og:locale\" content=\"en_GB\" \/>\n<meta property=\"og:type\" content=\"article\" \/>\n<meta property=\"og:title\" content=\"West Indies Central America\" \/>\n<meta property=\"og:description\" content=\"Rumy spole\u010dnosti West Indies Rum &amp; Cane Merchants jsou ur\u010den\u00e9 lidem, kte\u0159\u00ed miluj\u00ed \u0159emeslnou v\u00fdrobu a kte\u0159\u00ed se neboj\u00ed vyzkou\u0161et novou chu\u0165 lok\u00e1ln\u00edch\" \/>\n<meta property=\"og:url\" content=\"https:\/\/richter.ceo\/coxs\/en\/product\/west-indies-central-america\/\" \/>\n<meta property=\"og:site_name\" content=\"COXS CLUB\" \/>\n<meta property=\"article:publisher\" content=\"https:\/\/www.facebook.com\/profile.php?id=100088204002615\" \/>\n<meta property=\"article:modified_time\" content=\"2025-05-14T15:34:57+00:00\" \/>\n<meta property=\"og:image\" content=\"https:\/\/richter.ceo\/coxs\/wp-content\/uploads\/sites\/4\/2025\/05\/2036_west_indies_central_america.jpg\" \/>\n\t<meta property=\"og:image:width\" content=\"600\" \/>\n\t<meta property=\"og:image:height\" content=\"711\" \/>\n\t<meta property=\"og:image:type\" content=\"image\/jpeg\" \/>\n<meta name=\"twitter:card\" content=\"summary_large_image\" \/>\n<meta name=\"twitter:label1\" content=\"Estimated reading time\" \/>\n\t<meta name=\"twitter:data1\" content=\"1 minute\" \/>\n<script type=\"application\/ld+json\" class=\"yoast-schema-graph\">{\"@context\":\"https:\\\/\\\/schema.org\",\"@graph\":[{\"@type\":\"WebPage\",\"@id\":\"https:\\\/\\\/richter.ceo\\\/coxs\\\/en\\\/product\\\/west-indies-central-america\\\/\",\"url\":\"https:\\\/\\\/richter.ceo\\\/coxs\\\/en\\\/product\\\/west-indies-central-america\\\/\",\"name\":\"West Indies Central America\",\"isPartOf\":{\"@id\":\"https:\\\/\\\/richter.ceo\\\/coxs\\\/en\\\/#website\"},\"primaryImageOfPage\":{\"@id\":\"https:\\\/\\\/richter.ceo\\\/coxs\\\/en\\\/product\\\/west-indies-central-america\\\/#primaryimage\"},\"image\":{\"@id\":\"https:\\\/\\\/richter.ceo\\\/coxs\\\/en\\\/product\\\/west-indies-central-america\\\/#primaryimage\"},\"thumbnailUrl\":\"https:\\\/\\\/richter.ceo\\\/coxs\\\/wp-content\\\/uploads\\\/sites\\\/4\\\/2025\\\/05\\\/2036_west_indies_central_america.jpg\",\"datePublished\":\"2025-05-14T15:34:37+00:00\",\"dateModified\":\"2025-05-14T15:34:57+00:00\",\"description\":\"Rumy spole\u010dnosti West Indies Rum &amp; Cane Merchants jsou ur\u010den\u00e9 lidem, kte\u0159\u00ed miluj\u00ed \u0159emeslnou v\u00fdrobu a kte\u0159\u00ed se neboj\u00ed vyzkou\u0161et novou chu\u0165 lok\u00e1ln\u00edch\",\"breadcrumb\":{\"@id\":\"https:\\\/\\\/richter.ceo\\\/coxs\\\/en\\\/product\\\/west-indies-central-america\\\/#breadcrumb\"},\"inLanguage\":\"en-GB\",\"potentialAction\":[{\"@type\":\"ReadAction\",\"target\":[\"https:\\\/\\\/richter.ceo\\\/coxs\\\/en\\\/product\\\/west-indies-central-america\\\/\"]}]},{\"@type\":\"ImageObject\",\"inLanguage\":\"en-GB\",\"@id\":\"https:\\\/\\\/richter.ceo\\\/coxs\\\/en\\\/product\\\/west-indies-central-america\\\/#primaryimage\",\"url\":\"https:\\\/\\\/richter.ceo\\\/coxs\\\/wp-content\\\/uploads\\\/sites\\\/4\\\/2025\\\/05\\\/2036_west_indies_central_america.jpg\",\"contentUrl\":\"https:\\\/\\\/richter.ceo\\\/coxs\\\/wp-content\\\/uploads\\\/sites\\\/4\\\/2025\\\/05\\\/2036_west_indies_central_america.jpg\",\"width\":600,\"height\":711,\"caption\":\"COXS CLUB\"},{\"@type\":\"BreadcrumbList\",\"@id\":\"https:\\\/\\\/richter.ceo\\\/coxs\\\/en\\\/product\\\/west-indies-central-america\\\/#breadcrumb\",\"itemListElement\":[{\"@type\":\"ListItem\",\"position\":1,\"name\":\"Dom\u016f\",\"item\":\"https:\\\/\\\/richter.ceo\\\/coxs\\\/\"},{\"@type\":\"ListItem\",\"position\":2,\"name\":\"N\u00c1POJE\",\"item\":\"https:\\\/\\\/richter.ceo\\\/coxs\\\/en\\\/napoje\\\/\"},{\"@type\":\"ListItem\",\"position\":3,\"name\":\"West Indies Central America\"}]},{\"@type\":\"WebSite\",\"@id\":\"https:\\\/\\\/richter.ceo\\\/coxs\\\/en\\\/#website\",\"url\":\"https:\\\/\\\/richter.ceo\\\/coxs\\\/en\\\/\",\"name\":\"COXS CLUB\",\"description\":\"Beton a Rum\",\"publisher\":{\"@id\":\"https:\\\/\\\/richter.ceo\\\/coxs\\\/en\\\/#organization\"},\"potentialAction\":[{\"@type\":\"SearchAction\",\"target\":{\"@type\":\"EntryPoint\",\"urlTemplate\":\"https:\\\/\\\/richter.ceo\\\/coxs\\\/en\\\/?s={search_term_string}\"},\"query-input\":{\"@type\":\"PropertyValueSpecification\",\"valueRequired\":true,\"valueName\":\"search_term_string\"}}],\"inLanguage\":\"en-GB\"},{\"@type\":\"Organization\",\"@id\":\"https:\\\/\\\/richter.ceo\\\/coxs\\\/en\\\/#organization\",\"name\":\"COXS CLUB\",\"url\":\"https:\\\/\\\/richter.ceo\\\/coxs\\\/en\\\/\",\"logo\":{\"@type\":\"ImageObject\",\"inLanguage\":\"en-GB\",\"@id\":\"https:\\\/\\\/richter.ceo\\\/coxs\\\/en\\\/#\\\/schema\\\/logo\\\/image\\\/\",\"url\":\"http:\\\/\\\/richter.ceo\\\/coxs\\\/wp-content\\\/uploads\\\/sites\\\/4\\\/2025\\\/05\\\/FAVICON-dark.webp\",\"contentUrl\":\"http:\\\/\\\/richter.ceo\\\/coxs\\\/wp-content\\\/uploads\\\/sites\\\/4\\\/2025\\\/05\\\/FAVICON-dark.webp\",\"width\":512,\"height\":512,\"caption\":\"COXS CLUB\"},\"image\":{\"@id\":\"https:\\\/\\\/richter.ceo\\\/coxs\\\/en\\\/#\\\/schema\\\/logo\\\/image\\\/\"},\"sameAs\":[\"https:\\\/\\\/www.facebook.com\\\/profile.php?id=100088204002615\",\"https:\\\/\\\/www.instagram.com\\\/coxs_coxs\\\/\"]}]}<\/script>\n<!-- \/ Yoast SEO plugin. -->","yoast_head_json":{"title":"West Indies Central America","description":"Rumy spole\u010dnosti West Indies Rum &amp; Cane Merchants jsou ur\u010den\u00e9 lidem, kte\u0159\u00ed miluj\u00ed \u0159emeslnou v\u00fdrobu a kte\u0159\u00ed se neboj\u00ed vyzkou\u0161et novou chu\u0165 lok\u00e1ln\u00edch","robots":{"index":"index","follow":"follow","max-snippet":"max-snippet:-1","max-image-preview":"max-image-preview:large","max-video-preview":"max-video-preview:-1"},"canonical":"https:\/\/richter.ceo\/coxs\/en\/product\/west-indies-central-america\/","og_locale":"en_GB","og_type":"article","og_title":"West Indies Central America","og_description":"Rumy spole\u010dnosti West Indies Rum &amp; Cane Merchants jsou ur\u010den\u00e9 lidem, kte\u0159\u00ed miluj\u00ed \u0159emeslnou v\u00fdrobu a kte\u0159\u00ed se neboj\u00ed vyzkou\u0161et novou chu\u0165 lok\u00e1ln\u00edch","og_url":"https:\/\/richter.ceo\/coxs\/en\/product\/west-indies-central-america\/","og_site_name":"COXS CLUB","article_publisher":"https:\/\/www.facebook.com\/profile.php?id=100088204002615","article_modified_time":"2025-05-14T15:34:57+00:00","og_image":[{"width":600,"height":711,"url":"https:\/\/richter.ceo\/coxs\/wp-content\/uploads\/sites\/4\/2025\/05\/2036_west_indies_central_america.jpg","type":"image\/jpeg"}],"twitter_card":"summary_large_image","twitter_misc":{"Estimated reading time":"1 minute"},"schema":{"@context":"https:\/\/schema.org","@graph":[{"@type":"WebPage","@id":"https:\/\/richter.ceo\/coxs\/en\/product\/west-indies-central-america\/","url":"https:\/\/richter.ceo\/coxs\/en\/product\/west-indies-central-america\/","name":"West Indies Central America","isPartOf":{"@id":"https:\/\/richter.ceo\/coxs\/en\/#website"},"primaryImageOfPage":{"@id":"https:\/\/richter.ceo\/coxs\/en\/product\/west-indies-central-america\/#primaryimage"},"image":{"@id":"https:\/\/richter.ceo\/coxs\/en\/product\/west-indies-central-america\/#primaryimage"},"thumbnailUrl":"https:\/\/richter.ceo\/coxs\/wp-content\/uploads\/sites\/4\/2025\/05\/2036_west_indies_central_america.jpg","datePublished":"2025-05-14T15:34:37+00:00","dateModified":"2025-05-14T15:34:57+00:00","description":"Rumy spole\u010dnosti West Indies Rum &amp; Cane Merchants jsou ur\u010den\u00e9 lidem, kte\u0159\u00ed miluj\u00ed \u0159emeslnou v\u00fdrobu a kte\u0159\u00ed se neboj\u00ed vyzkou\u0161et novou chu\u0165 lok\u00e1ln\u00edch","breadcrumb":{"@id":"https:\/\/richter.ceo\/coxs\/en\/product\/west-indies-central-america\/#breadcrumb"},"inLanguage":"en-GB","potentialAction":[{"@type":"ReadAction","target":["https:\/\/richter.ceo\/coxs\/en\/product\/west-indies-central-america\/"]}]},{"@type":"ImageObject","inLanguage":"en-GB","@id":"https:\/\/richter.ceo\/coxs\/en\/product\/west-indies-central-america\/#primaryimage","url":"https:\/\/richter.ceo\/coxs\/wp-content\/uploads\/sites\/4\/2025\/05\/2036_west_indies_central_america.jpg","contentUrl":"https:\/\/richter.ceo\/coxs\/wp-content\/uploads\/sites\/4\/2025\/05\/2036_west_indies_central_america.jpg","width":600,"height":711,"caption":"COXS CLUB"},{"@type":"BreadcrumbList","@id":"https:\/\/richter.ceo\/coxs\/en\/product\/west-indies-central-america\/#breadcrumb","itemListElement":[{"@type":"ListItem","position":1,"name":"Dom\u016f","item":"https:\/\/richter.ceo\/coxs\/"},{"@type":"ListItem","position":2,"name":"N\u00c1POJE","item":"https:\/\/richter.ceo\/coxs\/en\/napoje\/"},{"@type":"ListItem","position":3,"name":"West Indies Central America"}]},{"@type":"WebSite","@id":"https:\/\/richter.ceo\/coxs\/en\/#website","url":"https:\/\/richter.ceo\/coxs\/en\/","name":"COXS CLUB","description":"Beton a Rum","publisher":{"@id":"https:\/\/richter.ceo\/coxs\/en\/#organization"},"potentialAction":[{"@type":"SearchAction","target":{"@type":"EntryPoint","urlTemplate":"https:\/\/richter.ceo\/coxs\/en\/?s={search_term_string}"},"query-input":{"@type":"PropertyValueSpecification","valueRequired":true,"valueName":"search_term_string"}}],"inLanguage":"en-GB"},{"@type":"Organization","@id":"https:\/\/richter.ceo\/coxs\/en\/#organization","name":"COXS CLUB","url":"https:\/\/richter.ceo\/coxs\/en\/","logo":{"@type":"ImageObject","inLanguage":"en-GB","@id":"https:\/\/richter.ceo\/coxs\/en\/#\/schema\/logo\/image\/","url":"http:\/\/richter.ceo\/coxs\/wp-content\/uploads\/sites\/4\/2025\/05\/FAVICON-dark.webp","contentUrl":"http:\/\/richter.ceo\/coxs\/wp-content\/uploads\/sites\/4\/2025\/05\/FAVICON-dark.webp","width":512,"height":512,"caption":"COXS CLUB"},"image":{"@id":"https:\/\/richter.ceo\/coxs\/en\/#\/schema\/logo\/image\/"},"sameAs":["https:\/\/www.facebook.com\/profile.php?id=100088204002615","https:\/\/www.instagram.com\/coxs_coxs\/"]}]}},"_links":{"self":[{"href":"https:\/\/richter.ceo\/coxs\/en\/wp-json\/wp\/v2\/product\/1377","targetHints":{"allow":["GET"]}}],"collection":[{"href":"https:\/\/richter.ceo\/coxs\/en\/wp-json\/wp\/v2\/product"}],"about":[{"href":"https:\/\/richter.ceo\/coxs\/en\/wp-json\/wp\/v2\/types\/product"}],"wp:featuredmedia":[{"embeddable":true,"href":"https:\/\/richter.ceo\/coxs\/en\/wp-json\/wp\/v2\/media\/1248"}],"wp:attachment":[{"href":"https:\/\/richter.ceo\/coxs\/en\/wp-json\/wp\/v2\/media?parent=1377"}],"wp:term":[{"taxonomy":"product_brand","embeddable":true,"href":"https:\/\/richter.ceo\/coxs\/en\/wp-json\/wp\/v2\/product_brand?post=1377"},{"taxonomy":"product_cat","embeddable":true,"href":"https:\/\/richter.ceo\/coxs\/en\/wp-json\/wp\/v2\/product_cat?post=1377"},{"taxonomy":"product_tag","embeddable":true,"href":"https:\/\/richter.ceo\/coxs\/en\/wp-json\/wp\/v2\/product_tag?post=1377"}],"curies":[{"name":"wp","href":"https:\/\/api.w.org\/{rel}","templated":true}]}}