{"id":1383,"date":"2025-05-14T18:00:37","date_gmt":"2025-05-14T16:00:37","guid":{"rendered":"https:\/\/richter.ceo\/coxs\/?post_type=product&#038;p=1383"},"modified":"2025-05-14T18:00:37","modified_gmt":"2025-05-14T16:00:37","slug":"mhoba-bushfire","status":"publish","type":"product","link":"https:\/\/richter.ceo\/coxs\/en\/product\/mhoba-bushfire\/","title":{"rendered":"Mhoba Bushfire"},"content":{"rendered":"<p>Jihoafrick\u00e1 zna\u010dka Mhoba Rum se d\u00edky poctiv\u00e9mu procesu v\u00fdroby m\u016f\u017ee py\u0161nit ozna\u010den\u00edm Pure Single Rum. K v\u00fdrob\u011b rumu pou\u017e\u00edv\u00e1 m\u00edstn\u00ed jihoafrickou cukrovou t\u0159tinu Nkomazi, kter\u00e1 je p\u011bstov\u00e1na na vlastn\u00edch plant\u00e1\u017e\u00edch Mhoba Sugar Estate na okraji m\u011bste\u010dka Malelane. K v\u00fdrob\u011b rumu se pou\u017e\u00edv\u00e1 \u010dist\u00e1 \u0161\u0165\u00e1va z cukrov\u00e9 t\u0159tiny a jej\u00ed zpracov\u00e1n\u00ed prob\u00edh\u00e1 od za\u010d\u00e1tku a\u017e do konce zcela ru\u010dn\u011b, v\u00fdjimkou nen\u00ed ani ru\u010dn\u011b ovl\u00e1dan\u00fd lis. To umo\u017e\u0148uje denn\u011b vyrobit maxim\u00e1ln\u011b \u010dty\u0159i tis\u00edce litr\u016f \u0161\u0165\u00e1vy. Ta je n\u00e1sledn\u011b p\u0159em\u00edst\u011bna do fermenta\u010dn\u00ed n\u00e1dr\u017ee, kde za pou\u017eit\u00ed m\u00edstn\u00edch kvasinek fermentuje pod otev\u0159en\u00fdm nebem a\u017e 3 t\u00fddny. Ka\u017ed\u00fd rum je vyroben 100 % kotl\u00edkovou destilac\u00ed v mal\u00fdch v\u00e1rk\u00e1ch. Rumy Mhoba neobsahuj\u00ed \u017e\u00e1dn\u00e1 p\u0159idan\u00e1 aditiva, barviva \u010di dochucovadla a ru\u010dn\u011b se pln\u00ed do lahv\u00ed s etiketami, kter\u00e9 navrhl s\u00e1m zakladatel zna\u010dky. Rum se zde vyr\u00e1b\u00ed s mimo\u0159\u00e1dnou poctivost\u00ed a l\u00e1skou a na v\u00fdsledek jsou jeho tv\u016frci pr\u00e1vem hrd\u00ed.<\/p>\n<p>&nbsp;<\/p>\n<div class=\"elementor-column elementor-col-50 elementor-inner-column elementor-element elementor-element-df5ea97\" data-id=\"df5ea97\" data-element_type=\"column\">\n<div class=\"elementor-widget-wrap elementor-element-populated\">\n<div class=\"elementor-element elementor-element-5f45f876 elementor-widget elementor-widget-woocommerce-product-short-description\" data-id=\"5f45f876\" data-element_type=\"widget\" data-widget_type=\"woocommerce-product-short-description.default\">\n<div class=\"elementor-widget-container\">\n<div class=\"woocommerce-product-details__short-description\">\n<p>Mhoba Bushfire rum je vyroben tak, jako v\u0161echny rumy t\u00e9to zna\u010dky, tedy kotl\u00edkovou destilac\u00ed z \u010dist\u00e9 \u0161\u0165\u00e1vy cukrov\u00e9 t\u0159tiny odr\u016fdy Nikomazi. Av\u0161ak proces fermentace je u tohoto rumu znateln\u011b del\u0161\u00ed a tak\u00e9 v\u00fdb\u011br d\u0159eva, kter\u00e9 se vkl\u00e1d\u00e1 s rumem do sklen\u011bn\u00fdch demi\u017eon\u016f, je odli\u0161n\u00fd. V rumu se maceruje d\u0159evo z jihoafrick\u00e9ho ke\u0159e \u201esickle bush\u201c, kter\u00e9 je sou\u010d\u00e1st\u00ed jihoafrick\u00e9 tradice \u201cBraai\u201d neboli barbecue. V rumu tak lze c\u00edtit sladk\u00e9 kou\u0159ov\u00e9 v\u016fn\u011b, kter\u00e9 jsou ned\u00edlnou sou\u010d\u00e1st\u00ed ka\u017ed\u00e9ho grilov\u00e1n\u00ed.<\/p>\n<\/div>\n<\/div>\n<\/div>\n<\/div>\n<\/div>","protected":false},"excerpt":{"rendered":"<p>Jihoafrick\u00e1 zna\u010dka Mhoba Rum se d\u00edky poctiv\u00e9mu procesu v\u00fdroby m\u016f\u017ee py\u0161nit ozna\u010den\u00edm Pure Single Rum. K v\u00fdrob\u011b rumu pou\u017e\u00edv\u00e1 m\u00edstn\u00ed jihoafrickou cukrovou t\u0159tinu Nkomazi, kter\u00e1 je p\u011bstov\u00e1na na vlastn\u00edch plant\u00e1\u017e\u00edch Mhoba Sugar Estate na okraji m\u011bste\u010dka Malelane. K v\u00fdrob\u011b rumu se pou\u017e\u00edv\u00e1 \u010dist\u00e1 \u0161\u0165\u00e1va z cukrov\u00e9 t\u0159tiny a jej\u00ed zpracov\u00e1n\u00ed prob\u00edh\u00e1 od za\u010d\u00e1tku a\u017e do [&hellip;]<\/p>\n","protected":false},"featured_media":1275,"template":"","meta":{"_acf_changed":false},"product_brand":[231],"product_cat":[117],"product_tag":[],"class_list":{"0":"post-1383","1":"product","2":"type-product","3":"status-publish","4":"has-post-thumbnail","6":"product_brand-mhoba","7":"product_cat-rum","8":"pa_cena-za-004-l","9":"pa_obsah-alkoholu-232","10":"pa_zeme-jihoafricka-republika","12":"first","13":"instock","14":"shipping-taxable","15":"purchasable","16":"product-type-simple"},"acf":[],"yoast_head":"<!-- This site is optimized with the Yoast SEO plugin v27.5 - https:\/\/yoast.com\/product\/yoast-seo-wordpress\/ -->\n<title>Mhoba Bushfire<\/title>\n<meta name=\"description\" content=\"Jihoafrick\u00e1 zna\u010dka Mhoba Rum se d\u00edky poctiv\u00e9mu procesu v\u00fdroby m\u016f\u017ee py\u0161nit ozna\u010den\u00edm Pure Single Rum. K v\u00fdrob\u011b rumu pou\u017e\u00edv\u00e1 m\u00edstn\u00ed jihoafrickou cukrovou\" \/>\n<meta name=\"robots\" content=\"index, follow, max-snippet:-1, max-image-preview:large, max-video-preview:-1\" \/>\n<link rel=\"canonical\" href=\"https:\/\/richter.ceo\/coxs\/en\/product\/mhoba-bushfire\/\" \/>\n<meta property=\"og:locale\" content=\"en_GB\" \/>\n<meta property=\"og:type\" content=\"article\" \/>\n<meta property=\"og:title\" content=\"Mhoba Bushfire\" \/>\n<meta property=\"og:description\" content=\"Jihoafrick\u00e1 zna\u010dka Mhoba Rum se d\u00edky poctiv\u00e9mu procesu v\u00fdroby m\u016f\u017ee py\u0161nit ozna\u010den\u00edm Pure Single Rum. K v\u00fdrob\u011b rumu pou\u017e\u00edv\u00e1 m\u00edstn\u00ed jihoafrickou cukrovou\" \/>\n<meta property=\"og:url\" content=\"https:\/\/richter.ceo\/coxs\/en\/product\/mhoba-bushfire\/\" \/>\n<meta property=\"og:site_name\" content=\"COXS CLUB\" \/>\n<meta property=\"article:publisher\" content=\"https:\/\/www.facebook.com\/profile.php?id=100088204002615\" \/>\n<meta property=\"og:image\" content=\"https:\/\/richter.ceo\/coxs\/wp-content\/uploads\/sites\/4\/2025\/05\/3247_mhoba_bushfire.jpg\" \/>\n\t<meta property=\"og:image:width\" content=\"600\" \/>\n\t<meta property=\"og:image:height\" content=\"711\" \/>\n\t<meta property=\"og:image:type\" content=\"image\/jpeg\" \/>\n<meta name=\"twitter:card\" content=\"summary_large_image\" \/>\n<meta name=\"twitter:label1\" content=\"Estimated reading time\" \/>\n\t<meta name=\"twitter:data1\" content=\"2 minutes\" \/>\n<script type=\"application\/ld+json\" class=\"yoast-schema-graph\">{\"@context\":\"https:\\\/\\\/schema.org\",\"@graph\":[{\"@type\":\"WebPage\",\"@id\":\"https:\\\/\\\/richter.ceo\\\/coxs\\\/en\\\/product\\\/mhoba-bushfire\\\/\",\"url\":\"https:\\\/\\\/richter.ceo\\\/coxs\\\/en\\\/product\\\/mhoba-bushfire\\\/\",\"name\":\"Mhoba Bushfire\",\"isPartOf\":{\"@id\":\"https:\\\/\\\/richter.ceo\\\/coxs\\\/en\\\/#website\"},\"primaryImageOfPage\":{\"@id\":\"https:\\\/\\\/richter.ceo\\\/coxs\\\/en\\\/product\\\/mhoba-bushfire\\\/#primaryimage\"},\"image\":{\"@id\":\"https:\\\/\\\/richter.ceo\\\/coxs\\\/en\\\/product\\\/mhoba-bushfire\\\/#primaryimage\"},\"thumbnailUrl\":\"https:\\\/\\\/richter.ceo\\\/coxs\\\/wp-content\\\/uploads\\\/sites\\\/4\\\/2025\\\/05\\\/3247_mhoba_bushfire.jpg\",\"datePublished\":\"2025-05-14T16:00:37+00:00\",\"description\":\"Jihoafrick\u00e1 zna\u010dka Mhoba Rum se d\u00edky poctiv\u00e9mu procesu v\u00fdroby m\u016f\u017ee py\u0161nit ozna\u010den\u00edm Pure Single Rum. K v\u00fdrob\u011b rumu pou\u017e\u00edv\u00e1 m\u00edstn\u00ed jihoafrickou cukrovou\",\"breadcrumb\":{\"@id\":\"https:\\\/\\\/richter.ceo\\\/coxs\\\/en\\\/product\\\/mhoba-bushfire\\\/#breadcrumb\"},\"inLanguage\":\"en-GB\",\"potentialAction\":[{\"@type\":\"ReadAction\",\"target\":[\"https:\\\/\\\/richter.ceo\\\/coxs\\\/en\\\/product\\\/mhoba-bushfire\\\/\"]}]},{\"@type\":\"ImageObject\",\"inLanguage\":\"en-GB\",\"@id\":\"https:\\\/\\\/richter.ceo\\\/coxs\\\/en\\\/product\\\/mhoba-bushfire\\\/#primaryimage\",\"url\":\"https:\\\/\\\/richter.ceo\\\/coxs\\\/wp-content\\\/uploads\\\/sites\\\/4\\\/2025\\\/05\\\/3247_mhoba_bushfire.jpg\",\"contentUrl\":\"https:\\\/\\\/richter.ceo\\\/coxs\\\/wp-content\\\/uploads\\\/sites\\\/4\\\/2025\\\/05\\\/3247_mhoba_bushfire.jpg\",\"width\":600,\"height\":711,\"caption\":\"COXS CLUB\"},{\"@type\":\"BreadcrumbList\",\"@id\":\"https:\\\/\\\/richter.ceo\\\/coxs\\\/en\\\/product\\\/mhoba-bushfire\\\/#breadcrumb\",\"itemListElement\":[{\"@type\":\"ListItem\",\"position\":1,\"name\":\"Dom\u016f\",\"item\":\"https:\\\/\\\/richter.ceo\\\/coxs\\\/\"},{\"@type\":\"ListItem\",\"position\":2,\"name\":\"N\u00c1POJE\",\"item\":\"https:\\\/\\\/richter.ceo\\\/coxs\\\/en\\\/napoje\\\/\"},{\"@type\":\"ListItem\",\"position\":3,\"name\":\"Mhoba Bushfire\"}]},{\"@type\":\"WebSite\",\"@id\":\"https:\\\/\\\/richter.ceo\\\/coxs\\\/en\\\/#website\",\"url\":\"https:\\\/\\\/richter.ceo\\\/coxs\\\/en\\\/\",\"name\":\"COXS CLUB\",\"description\":\"Beton a Rum\",\"publisher\":{\"@id\":\"https:\\\/\\\/richter.ceo\\\/coxs\\\/en\\\/#organization\"},\"potentialAction\":[{\"@type\":\"SearchAction\",\"target\":{\"@type\":\"EntryPoint\",\"urlTemplate\":\"https:\\\/\\\/richter.ceo\\\/coxs\\\/en\\\/?s={search_term_string}\"},\"query-input\":{\"@type\":\"PropertyValueSpecification\",\"valueRequired\":true,\"valueName\":\"search_term_string\"}}],\"inLanguage\":\"en-GB\"},{\"@type\":\"Organization\",\"@id\":\"https:\\\/\\\/richter.ceo\\\/coxs\\\/en\\\/#organization\",\"name\":\"COXS CLUB\",\"url\":\"https:\\\/\\\/richter.ceo\\\/coxs\\\/en\\\/\",\"logo\":{\"@type\":\"ImageObject\",\"inLanguage\":\"en-GB\",\"@id\":\"https:\\\/\\\/richter.ceo\\\/coxs\\\/en\\\/#\\\/schema\\\/logo\\\/image\\\/\",\"url\":\"http:\\\/\\\/richter.ceo\\\/coxs\\\/wp-content\\\/uploads\\\/sites\\\/4\\\/2025\\\/05\\\/FAVICON-dark.webp\",\"contentUrl\":\"http:\\\/\\\/richter.ceo\\\/coxs\\\/wp-content\\\/uploads\\\/sites\\\/4\\\/2025\\\/05\\\/FAVICON-dark.webp\",\"width\":512,\"height\":512,\"caption\":\"COXS CLUB\"},\"image\":{\"@id\":\"https:\\\/\\\/richter.ceo\\\/coxs\\\/en\\\/#\\\/schema\\\/logo\\\/image\\\/\"},\"sameAs\":[\"https:\\\/\\\/www.facebook.com\\\/profile.php?id=100088204002615\",\"https:\\\/\\\/www.instagram.com\\\/coxs_coxs\\\/\"]}]}<\/script>\n<!-- \/ Yoast SEO plugin. -->","yoast_head_json":{"title":"Mhoba Bushfire","description":"Jihoafrick\u00e1 zna\u010dka Mhoba Rum se d\u00edky poctiv\u00e9mu procesu v\u00fdroby m\u016f\u017ee py\u0161nit ozna\u010den\u00edm Pure Single Rum. K v\u00fdrob\u011b rumu pou\u017e\u00edv\u00e1 m\u00edstn\u00ed jihoafrickou cukrovou","robots":{"index":"index","follow":"follow","max-snippet":"max-snippet:-1","max-image-preview":"max-image-preview:large","max-video-preview":"max-video-preview:-1"},"canonical":"https:\/\/richter.ceo\/coxs\/en\/product\/mhoba-bushfire\/","og_locale":"en_GB","og_type":"article","og_title":"Mhoba Bushfire","og_description":"Jihoafrick\u00e1 zna\u010dka Mhoba Rum se d\u00edky poctiv\u00e9mu procesu v\u00fdroby m\u016f\u017ee py\u0161nit ozna\u010den\u00edm Pure Single Rum. K v\u00fdrob\u011b rumu pou\u017e\u00edv\u00e1 m\u00edstn\u00ed jihoafrickou cukrovou","og_url":"https:\/\/richter.ceo\/coxs\/en\/product\/mhoba-bushfire\/","og_site_name":"COXS CLUB","article_publisher":"https:\/\/www.facebook.com\/profile.php?id=100088204002615","og_image":[{"width":600,"height":711,"url":"https:\/\/richter.ceo\/coxs\/wp-content\/uploads\/sites\/4\/2025\/05\/3247_mhoba_bushfire.jpg","type":"image\/jpeg"}],"twitter_card":"summary_large_image","twitter_misc":{"Estimated reading time":"2 minutes"},"schema":{"@context":"https:\/\/schema.org","@graph":[{"@type":"WebPage","@id":"https:\/\/richter.ceo\/coxs\/en\/product\/mhoba-bushfire\/","url":"https:\/\/richter.ceo\/coxs\/en\/product\/mhoba-bushfire\/","name":"Mhoba Bushfire","isPartOf":{"@id":"https:\/\/richter.ceo\/coxs\/en\/#website"},"primaryImageOfPage":{"@id":"https:\/\/richter.ceo\/coxs\/en\/product\/mhoba-bushfire\/#primaryimage"},"image":{"@id":"https:\/\/richter.ceo\/coxs\/en\/product\/mhoba-bushfire\/#primaryimage"},"thumbnailUrl":"https:\/\/richter.ceo\/coxs\/wp-content\/uploads\/sites\/4\/2025\/05\/3247_mhoba_bushfire.jpg","datePublished":"2025-05-14T16:00:37+00:00","description":"Jihoafrick\u00e1 zna\u010dka Mhoba Rum se d\u00edky poctiv\u00e9mu procesu v\u00fdroby m\u016f\u017ee py\u0161nit ozna\u010den\u00edm Pure Single Rum. K v\u00fdrob\u011b rumu pou\u017e\u00edv\u00e1 m\u00edstn\u00ed jihoafrickou cukrovou","breadcrumb":{"@id":"https:\/\/richter.ceo\/coxs\/en\/product\/mhoba-bushfire\/#breadcrumb"},"inLanguage":"en-GB","potentialAction":[{"@type":"ReadAction","target":["https:\/\/richter.ceo\/coxs\/en\/product\/mhoba-bushfire\/"]}]},{"@type":"ImageObject","inLanguage":"en-GB","@id":"https:\/\/richter.ceo\/coxs\/en\/product\/mhoba-bushfire\/#primaryimage","url":"https:\/\/richter.ceo\/coxs\/wp-content\/uploads\/sites\/4\/2025\/05\/3247_mhoba_bushfire.jpg","contentUrl":"https:\/\/richter.ceo\/coxs\/wp-content\/uploads\/sites\/4\/2025\/05\/3247_mhoba_bushfire.jpg","width":600,"height":711,"caption":"COXS CLUB"},{"@type":"BreadcrumbList","@id":"https:\/\/richter.ceo\/coxs\/en\/product\/mhoba-bushfire\/#breadcrumb","itemListElement":[{"@type":"ListItem","position":1,"name":"Dom\u016f","item":"https:\/\/richter.ceo\/coxs\/"},{"@type":"ListItem","position":2,"name":"N\u00c1POJE","item":"https:\/\/richter.ceo\/coxs\/en\/napoje\/"},{"@type":"ListItem","position":3,"name":"Mhoba Bushfire"}]},{"@type":"WebSite","@id":"https:\/\/richter.ceo\/coxs\/en\/#website","url":"https:\/\/richter.ceo\/coxs\/en\/","name":"COXS CLUB","description":"Beton a Rum","publisher":{"@id":"https:\/\/richter.ceo\/coxs\/en\/#organization"},"potentialAction":[{"@type":"SearchAction","target":{"@type":"EntryPoint","urlTemplate":"https:\/\/richter.ceo\/coxs\/en\/?s={search_term_string}"},"query-input":{"@type":"PropertyValueSpecification","valueRequired":true,"valueName":"search_term_string"}}],"inLanguage":"en-GB"},{"@type":"Organization","@id":"https:\/\/richter.ceo\/coxs\/en\/#organization","name":"COXS CLUB","url":"https:\/\/richter.ceo\/coxs\/en\/","logo":{"@type":"ImageObject","inLanguage":"en-GB","@id":"https:\/\/richter.ceo\/coxs\/en\/#\/schema\/logo\/image\/","url":"http:\/\/richter.ceo\/coxs\/wp-content\/uploads\/sites\/4\/2025\/05\/FAVICON-dark.webp","contentUrl":"http:\/\/richter.ceo\/coxs\/wp-content\/uploads\/sites\/4\/2025\/05\/FAVICON-dark.webp","width":512,"height":512,"caption":"COXS CLUB"},"image":{"@id":"https:\/\/richter.ceo\/coxs\/en\/#\/schema\/logo\/image\/"},"sameAs":["https:\/\/www.facebook.com\/profile.php?id=100088204002615","https:\/\/www.instagram.com\/coxs_coxs\/"]}]}},"_links":{"self":[{"href":"https:\/\/richter.ceo\/coxs\/en\/wp-json\/wp\/v2\/product\/1383","targetHints":{"allow":["GET"]}}],"collection":[{"href":"https:\/\/richter.ceo\/coxs\/en\/wp-json\/wp\/v2\/product"}],"about":[{"href":"https:\/\/richter.ceo\/coxs\/en\/wp-json\/wp\/v2\/types\/product"}],"wp:featuredmedia":[{"embeddable":true,"href":"https:\/\/richter.ceo\/coxs\/en\/wp-json\/wp\/v2\/media\/1275"}],"wp:attachment":[{"href":"https:\/\/richter.ceo\/coxs\/en\/wp-json\/wp\/v2\/media?parent=1383"}],"wp:term":[{"taxonomy":"product_brand","embeddable":true,"href":"https:\/\/richter.ceo\/coxs\/en\/wp-json\/wp\/v2\/product_brand?post=1383"},{"taxonomy":"product_cat","embeddable":true,"href":"https:\/\/richter.ceo\/coxs\/en\/wp-json\/wp\/v2\/product_cat?post=1383"},{"taxonomy":"product_tag","embeddable":true,"href":"https:\/\/richter.ceo\/coxs\/en\/wp-json\/wp\/v2\/product_tag?post=1383"}],"curies":[{"name":"wp","href":"https:\/\/api.w.org\/{rel}","templated":true}]}}