{"id":1397,"date":"2025-05-14T18:41:51","date_gmt":"2025-05-14T16:41:51","guid":{"rendered":"https:\/\/richter.ceo\/coxs\/?post_type=product&#038;p=1397"},"modified":"2025-05-14T18:41:52","modified_gmt":"2025-05-14T16:41:52","slug":"rum-nation-panama-18-y-o","status":"publish","type":"product","link":"https:\/\/richter.ceo\/coxs\/en\/product\/rum-nation-panama-18-y-o\/","title":{"rendered":"Rum Nation Panama 18 Y.O."},"content":{"rendered":"<p>Nov\u00e1 edice obl\u00edben\u00e9ho panamsk\u00e9ho rumu, kter\u00fd zr\u00e1l 18 let v sudech po bourbonu. Jde o rum \u0161pan\u011blsk\u00e9ho typu, kter\u00fd je i p\u0159es sv\u00e9 st\u00e1\u0159\u00ed lehk\u00fd, aromatick\u00fd a komplexn\u00ed. Tropick\u00e9 ovoce, datle a \u010dokol\u00e1da jsou v n\u011bm vyv\u00e1\u017eeny vinn\u00fdmi t\u00f3ny a n\u00e1znakem pomeran\u010dov\u00e9 k\u016fry. Lehk\u00e9mu a \u017eiv\u00e9mu charakteru rumu odpov\u00edd\u00e1 i balen\u00ed.<\/p>\n<p>&nbsp;<\/p>\n<p>Aroma: \u017eiv\u00e9, medov\u00e9, s \u010derstv\u00fdmi t\u00f3ny koly, bergamotu, datl\u00ed, pomeran\u010dov\u00e9 k\u016fry a vermutu. Patrn\u00e1 stopa ester\u016f, ale p\u0159esto velmi lehk\u00e9 a slunn\u00e9<\/p>\n<p>Chu\u0165: nasl\u00e1dl\u00e1 a ovocn\u00e1, ale s p\u0159ekvapivou sv\u011b\u017eest\u00ed. Melasa z cukrov\u00e9 t\u0159tiny, \u010dokol\u00e1da, rozinky a vyv\u00e1\u017een\u00e9 t\u00f3ny pomeran\u010dov\u00e9 k\u016fry, koly a kokosu<\/p>\n<div class=\"elementor-column elementor-col-50 elementor-inner-column elementor-element elementor-element-df5ea97\" data-id=\"df5ea97\" data-element_type=\"column\">\n<div class=\"elementor-widget-wrap elementor-element-populated\">\n<div class=\"elementor-element elementor-element-5f45f876 elementor-widget elementor-widget-woocommerce-product-short-description\" data-id=\"5f45f876\" data-element_type=\"widget\" data-widget_type=\"woocommerce-product-short-description.default\">\n<div class=\"elementor-widget-container\">\n<div class=\"woocommerce-product-details__short-description\">\n<p>Z\u00e1v\u011br: \u010dern\u00fd pep\u0159, nasl\u00e1dlost t\u0159tinov\u00e9ho cukru, medu. Velmi jemn\u00fd, h\u0159ejiv\u00fd, ale nep\u0159\u00edli\u0161 pep\u0159ov\u00fd, s n\u00e1znakem he\u0159m\u00e1nku<\/p>\n<\/div>\n<\/div>\n<\/div>\n<\/div>\n<\/div>","protected":false},"excerpt":{"rendered":"<p>Nov\u00e1 edice obl\u00edben\u00e9ho panamsk\u00e9ho rumu, kter\u00fd zr\u00e1l 18 let v sudech po bourbonu. Jde o rum \u0161pan\u011blsk\u00e9ho typu, kter\u00fd je i p\u0159es sv\u00e9 st\u00e1\u0159\u00ed lehk\u00fd, aromatick\u00fd a komplexn\u00ed. Tropick\u00e9 ovoce, datle a \u010dokol\u00e1da jsou v n\u011bm vyv\u00e1\u017eeny vinn\u00fdmi t\u00f3ny a n\u00e1znakem pomeran\u010dov\u00e9 k\u016fry. Lehk\u00e9mu a \u017eiv\u00e9mu charakteru rumu odpov\u00edd\u00e1 i balen\u00ed. &nbsp; Aroma: \u017eiv\u00e9, medov\u00e9, [&hellip;]<\/p>\n","protected":false},"featured_media":1268,"template":"","meta":{"_acf_changed":false},"product_brand":[236],"product_cat":[117],"product_tag":[],"class_list":{"0":"post-1397","1":"product","2":"type-product","3":"status-publish","4":"has-post-thumbnail","6":"product_brand-rum-nation","7":"product_cat-rum","8":"pa_cena-za-004-l","9":"pa_obsah-alkoholu-21","10":"pa_zeme-panama","12":"first","13":"instock","14":"shipping-taxable","15":"purchasable","16":"product-type-simple"},"acf":[],"yoast_head":"<!-- This site is optimized with the Yoast SEO plugin v27.4 - https:\/\/yoast.com\/product\/yoast-seo-wordpress\/ -->\n<title>Rum Nation Panama 18 Y.O.<\/title>\n<meta name=\"description\" content=\"Nov\u00e1 edice obl\u00edben\u00e9ho panamsk\u00e9ho rumu, kter\u00fd zr\u00e1l 18 let v sudech po bourbonu. Jde o rum \u0161pan\u011blsk\u00e9ho typu, kter\u00fd je i p\u0159es sv\u00e9 st\u00e1\u0159\u00ed lehk\u00fd, aromatick\u00fd a\" \/>\n<meta name=\"robots\" content=\"index, follow, max-snippet:-1, max-image-preview:large, max-video-preview:-1\" \/>\n<link rel=\"canonical\" href=\"https:\/\/richter.ceo\/coxs\/en\/product\/rum-nation-panama-18-y-o\/\" \/>\n<meta property=\"og:locale\" content=\"en_GB\" \/>\n<meta property=\"og:type\" content=\"article\" \/>\n<meta property=\"og:title\" content=\"Rum Nation Panama 18 Y.O.\" \/>\n<meta property=\"og:description\" content=\"Nov\u00e1 edice obl\u00edben\u00e9ho panamsk\u00e9ho rumu, kter\u00fd zr\u00e1l 18 let v sudech po bourbonu. Jde o rum \u0161pan\u011blsk\u00e9ho typu, kter\u00fd je i p\u0159es sv\u00e9 st\u00e1\u0159\u00ed lehk\u00fd, aromatick\u00fd a\" \/>\n<meta property=\"og:url\" content=\"https:\/\/richter.ceo\/coxs\/en\/product\/rum-nation-panama-18-y-o\/\" \/>\n<meta property=\"og:site_name\" content=\"COXS CLUB\" \/>\n<meta property=\"article:publisher\" content=\"https:\/\/www.facebook.com\/profile.php?id=100088204002615\" \/>\n<meta property=\"article:modified_time\" content=\"2025-05-14T16:41:52+00:00\" \/>\n<meta property=\"og:image\" content=\"https:\/\/richter.ceo\/coxs\/wp-content\/uploads\/sites\/4\/2025\/05\/3051_rum_nation_panama-18-y.o.jpg\" \/>\n\t<meta property=\"og:image:width\" content=\"600\" \/>\n\t<meta property=\"og:image:height\" content=\"711\" \/>\n\t<meta property=\"og:image:type\" content=\"image\/jpeg\" \/>\n<meta name=\"twitter:card\" content=\"summary_large_image\" \/>\n<meta name=\"twitter:label1\" content=\"Estimated reading time\" \/>\n\t<meta name=\"twitter:data1\" content=\"1 minute\" \/>\n<script type=\"application\/ld+json\" class=\"yoast-schema-graph\">{\"@context\":\"https:\\\/\\\/schema.org\",\"@graph\":[{\"@type\":\"WebPage\",\"@id\":\"https:\\\/\\\/richter.ceo\\\/coxs\\\/en\\\/product\\\/rum-nation-panama-18-y-o\\\/\",\"url\":\"https:\\\/\\\/richter.ceo\\\/coxs\\\/en\\\/product\\\/rum-nation-panama-18-y-o\\\/\",\"name\":\"Rum Nation Panama 18 Y.O.\",\"isPartOf\":{\"@id\":\"https:\\\/\\\/richter.ceo\\\/coxs\\\/en\\\/#website\"},\"primaryImageOfPage\":{\"@id\":\"https:\\\/\\\/richter.ceo\\\/coxs\\\/en\\\/product\\\/rum-nation-panama-18-y-o\\\/#primaryimage\"},\"image\":{\"@id\":\"https:\\\/\\\/richter.ceo\\\/coxs\\\/en\\\/product\\\/rum-nation-panama-18-y-o\\\/#primaryimage\"},\"thumbnailUrl\":\"https:\\\/\\\/richter.ceo\\\/coxs\\\/wp-content\\\/uploads\\\/sites\\\/4\\\/2025\\\/05\\\/3051_rum_nation_panama-18-y.o.jpg\",\"datePublished\":\"2025-05-14T16:41:51+00:00\",\"dateModified\":\"2025-05-14T16:41:52+00:00\",\"description\":\"Nov\u00e1 edice obl\u00edben\u00e9ho panamsk\u00e9ho rumu, kter\u00fd zr\u00e1l 18 let v sudech po bourbonu. Jde o rum \u0161pan\u011blsk\u00e9ho typu, kter\u00fd je i p\u0159es sv\u00e9 st\u00e1\u0159\u00ed lehk\u00fd, aromatick\u00fd a\",\"breadcrumb\":{\"@id\":\"https:\\\/\\\/richter.ceo\\\/coxs\\\/en\\\/product\\\/rum-nation-panama-18-y-o\\\/#breadcrumb\"},\"inLanguage\":\"en-GB\",\"potentialAction\":[{\"@type\":\"ReadAction\",\"target\":[\"https:\\\/\\\/richter.ceo\\\/coxs\\\/en\\\/product\\\/rum-nation-panama-18-y-o\\\/\"]}]},{\"@type\":\"ImageObject\",\"inLanguage\":\"en-GB\",\"@id\":\"https:\\\/\\\/richter.ceo\\\/coxs\\\/en\\\/product\\\/rum-nation-panama-18-y-o\\\/#primaryimage\",\"url\":\"https:\\\/\\\/richter.ceo\\\/coxs\\\/wp-content\\\/uploads\\\/sites\\\/4\\\/2025\\\/05\\\/3051_rum_nation_panama-18-y.o.jpg\",\"contentUrl\":\"https:\\\/\\\/richter.ceo\\\/coxs\\\/wp-content\\\/uploads\\\/sites\\\/4\\\/2025\\\/05\\\/3051_rum_nation_panama-18-y.o.jpg\",\"width\":600,\"height\":711,\"caption\":\"COXS CLUB\"},{\"@type\":\"BreadcrumbList\",\"@id\":\"https:\\\/\\\/richter.ceo\\\/coxs\\\/en\\\/product\\\/rum-nation-panama-18-y-o\\\/#breadcrumb\",\"itemListElement\":[{\"@type\":\"ListItem\",\"position\":1,\"name\":\"Dom\u016f\",\"item\":\"https:\\\/\\\/richter.ceo\\\/coxs\\\/\"},{\"@type\":\"ListItem\",\"position\":2,\"name\":\"N\u00c1POJE\",\"item\":\"https:\\\/\\\/richter.ceo\\\/coxs\\\/en\\\/napoje\\\/\"},{\"@type\":\"ListItem\",\"position\":3,\"name\":\"Rum Nation Panama 18 Y.O.\"}]},{\"@type\":\"WebSite\",\"@id\":\"https:\\\/\\\/richter.ceo\\\/coxs\\\/en\\\/#website\",\"url\":\"https:\\\/\\\/richter.ceo\\\/coxs\\\/en\\\/\",\"name\":\"COXS CLUB\",\"description\":\"Beton a Rum\",\"publisher\":{\"@id\":\"https:\\\/\\\/richter.ceo\\\/coxs\\\/en\\\/#organization\"},\"potentialAction\":[{\"@type\":\"SearchAction\",\"target\":{\"@type\":\"EntryPoint\",\"urlTemplate\":\"https:\\\/\\\/richter.ceo\\\/coxs\\\/en\\\/?s={search_term_string}\"},\"query-input\":{\"@type\":\"PropertyValueSpecification\",\"valueRequired\":true,\"valueName\":\"search_term_string\"}}],\"inLanguage\":\"en-GB\"},{\"@type\":\"Organization\",\"@id\":\"https:\\\/\\\/richter.ceo\\\/coxs\\\/en\\\/#organization\",\"name\":\"COXS CLUB\",\"url\":\"https:\\\/\\\/richter.ceo\\\/coxs\\\/en\\\/\",\"logo\":{\"@type\":\"ImageObject\",\"inLanguage\":\"en-GB\",\"@id\":\"https:\\\/\\\/richter.ceo\\\/coxs\\\/en\\\/#\\\/schema\\\/logo\\\/image\\\/\",\"url\":\"http:\\\/\\\/richter.ceo\\\/coxs\\\/wp-content\\\/uploads\\\/sites\\\/4\\\/2025\\\/05\\\/FAVICON-dark.webp\",\"contentUrl\":\"http:\\\/\\\/richter.ceo\\\/coxs\\\/wp-content\\\/uploads\\\/sites\\\/4\\\/2025\\\/05\\\/FAVICON-dark.webp\",\"width\":512,\"height\":512,\"caption\":\"COXS CLUB\"},\"image\":{\"@id\":\"https:\\\/\\\/richter.ceo\\\/coxs\\\/en\\\/#\\\/schema\\\/logo\\\/image\\\/\"},\"sameAs\":[\"https:\\\/\\\/www.facebook.com\\\/profile.php?id=100088204002615\",\"https:\\\/\\\/www.instagram.com\\\/coxs_coxs\\\/\"]}]}<\/script>\n<!-- \/ Yoast SEO plugin. -->","yoast_head_json":{"title":"Rum Nation Panama 18 Y.O.","description":"Nov\u00e1 edice obl\u00edben\u00e9ho panamsk\u00e9ho rumu, kter\u00fd zr\u00e1l 18 let v sudech po bourbonu. Jde o rum \u0161pan\u011blsk\u00e9ho typu, kter\u00fd je i p\u0159es sv\u00e9 st\u00e1\u0159\u00ed lehk\u00fd, aromatick\u00fd a","robots":{"index":"index","follow":"follow","max-snippet":"max-snippet:-1","max-image-preview":"max-image-preview:large","max-video-preview":"max-video-preview:-1"},"canonical":"https:\/\/richter.ceo\/coxs\/en\/product\/rum-nation-panama-18-y-o\/","og_locale":"en_GB","og_type":"article","og_title":"Rum Nation Panama 18 Y.O.","og_description":"Nov\u00e1 edice obl\u00edben\u00e9ho panamsk\u00e9ho rumu, kter\u00fd zr\u00e1l 18 let v sudech po bourbonu. Jde o rum \u0161pan\u011blsk\u00e9ho typu, kter\u00fd je i p\u0159es sv\u00e9 st\u00e1\u0159\u00ed lehk\u00fd, aromatick\u00fd a","og_url":"https:\/\/richter.ceo\/coxs\/en\/product\/rum-nation-panama-18-y-o\/","og_site_name":"COXS CLUB","article_publisher":"https:\/\/www.facebook.com\/profile.php?id=100088204002615","article_modified_time":"2025-05-14T16:41:52+00:00","og_image":[{"width":600,"height":711,"url":"https:\/\/richter.ceo\/coxs\/wp-content\/uploads\/sites\/4\/2025\/05\/3051_rum_nation_panama-18-y.o.jpg","type":"image\/jpeg"}],"twitter_card":"summary_large_image","twitter_misc":{"Estimated reading time":"1 minute"},"schema":{"@context":"https:\/\/schema.org","@graph":[{"@type":"WebPage","@id":"https:\/\/richter.ceo\/coxs\/en\/product\/rum-nation-panama-18-y-o\/","url":"https:\/\/richter.ceo\/coxs\/en\/product\/rum-nation-panama-18-y-o\/","name":"Rum Nation Panama 18 Y.O.","isPartOf":{"@id":"https:\/\/richter.ceo\/coxs\/en\/#website"},"primaryImageOfPage":{"@id":"https:\/\/richter.ceo\/coxs\/en\/product\/rum-nation-panama-18-y-o\/#primaryimage"},"image":{"@id":"https:\/\/richter.ceo\/coxs\/en\/product\/rum-nation-panama-18-y-o\/#primaryimage"},"thumbnailUrl":"https:\/\/richter.ceo\/coxs\/wp-content\/uploads\/sites\/4\/2025\/05\/3051_rum_nation_panama-18-y.o.jpg","datePublished":"2025-05-14T16:41:51+00:00","dateModified":"2025-05-14T16:41:52+00:00","description":"Nov\u00e1 edice obl\u00edben\u00e9ho panamsk\u00e9ho rumu, kter\u00fd zr\u00e1l 18 let v sudech po bourbonu. Jde o rum \u0161pan\u011blsk\u00e9ho typu, kter\u00fd je i p\u0159es sv\u00e9 st\u00e1\u0159\u00ed lehk\u00fd, aromatick\u00fd a","breadcrumb":{"@id":"https:\/\/richter.ceo\/coxs\/en\/product\/rum-nation-panama-18-y-o\/#breadcrumb"},"inLanguage":"en-GB","potentialAction":[{"@type":"ReadAction","target":["https:\/\/richter.ceo\/coxs\/en\/product\/rum-nation-panama-18-y-o\/"]}]},{"@type":"ImageObject","inLanguage":"en-GB","@id":"https:\/\/richter.ceo\/coxs\/en\/product\/rum-nation-panama-18-y-o\/#primaryimage","url":"https:\/\/richter.ceo\/coxs\/wp-content\/uploads\/sites\/4\/2025\/05\/3051_rum_nation_panama-18-y.o.jpg","contentUrl":"https:\/\/richter.ceo\/coxs\/wp-content\/uploads\/sites\/4\/2025\/05\/3051_rum_nation_panama-18-y.o.jpg","width":600,"height":711,"caption":"COXS CLUB"},{"@type":"BreadcrumbList","@id":"https:\/\/richter.ceo\/coxs\/en\/product\/rum-nation-panama-18-y-o\/#breadcrumb","itemListElement":[{"@type":"ListItem","position":1,"name":"Dom\u016f","item":"https:\/\/richter.ceo\/coxs\/"},{"@type":"ListItem","position":2,"name":"N\u00c1POJE","item":"https:\/\/richter.ceo\/coxs\/en\/napoje\/"},{"@type":"ListItem","position":3,"name":"Rum Nation Panama 18 Y.O."}]},{"@type":"WebSite","@id":"https:\/\/richter.ceo\/coxs\/en\/#website","url":"https:\/\/richter.ceo\/coxs\/en\/","name":"COXS CLUB","description":"Beton a Rum","publisher":{"@id":"https:\/\/richter.ceo\/coxs\/en\/#organization"},"potentialAction":[{"@type":"SearchAction","target":{"@type":"EntryPoint","urlTemplate":"https:\/\/richter.ceo\/coxs\/en\/?s={search_term_string}"},"query-input":{"@type":"PropertyValueSpecification","valueRequired":true,"valueName":"search_term_string"}}],"inLanguage":"en-GB"},{"@type":"Organization","@id":"https:\/\/richter.ceo\/coxs\/en\/#organization","name":"COXS CLUB","url":"https:\/\/richter.ceo\/coxs\/en\/","logo":{"@type":"ImageObject","inLanguage":"en-GB","@id":"https:\/\/richter.ceo\/coxs\/en\/#\/schema\/logo\/image\/","url":"http:\/\/richter.ceo\/coxs\/wp-content\/uploads\/sites\/4\/2025\/05\/FAVICON-dark.webp","contentUrl":"http:\/\/richter.ceo\/coxs\/wp-content\/uploads\/sites\/4\/2025\/05\/FAVICON-dark.webp","width":512,"height":512,"caption":"COXS CLUB"},"image":{"@id":"https:\/\/richter.ceo\/coxs\/en\/#\/schema\/logo\/image\/"},"sameAs":["https:\/\/www.facebook.com\/profile.php?id=100088204002615","https:\/\/www.instagram.com\/coxs_coxs\/"]}]}},"_links":{"self":[{"href":"https:\/\/richter.ceo\/coxs\/en\/wp-json\/wp\/v2\/product\/1397","targetHints":{"allow":["GET"]}}],"collection":[{"href":"https:\/\/richter.ceo\/coxs\/en\/wp-json\/wp\/v2\/product"}],"about":[{"href":"https:\/\/richter.ceo\/coxs\/en\/wp-json\/wp\/v2\/types\/product"}],"wp:featuredmedia":[{"embeddable":true,"href":"https:\/\/richter.ceo\/coxs\/en\/wp-json\/wp\/v2\/media\/1268"}],"wp:attachment":[{"href":"https:\/\/richter.ceo\/coxs\/en\/wp-json\/wp\/v2\/media?parent=1397"}],"wp:term":[{"taxonomy":"product_brand","embeddable":true,"href":"https:\/\/richter.ceo\/coxs\/en\/wp-json\/wp\/v2\/product_brand?post=1397"},{"taxonomy":"product_cat","embeddable":true,"href":"https:\/\/richter.ceo\/coxs\/en\/wp-json\/wp\/v2\/product_cat?post=1397"},{"taxonomy":"product_tag","embeddable":true,"href":"https:\/\/richter.ceo\/coxs\/en\/wp-json\/wp\/v2\/product_tag?post=1397"}],"curies":[{"name":"wp","href":"https:\/\/api.w.org\/{rel}","templated":true}]}}