{"id":1399,"date":"2025-05-14T18:45:26","date_gmt":"2025-05-14T16:45:26","guid":{"rendered":"https:\/\/richter.ceo\/coxs\/?post_type=product&#038;p=1399"},"modified":"2025-05-14T18:45:26","modified_gmt":"2025-05-14T16:45:26","slug":"rum-nation-panama-21-y-o-black","status":"publish","type":"product","link":"https:\/\/richter.ceo\/coxs\/en\/product\/rum-nation-panama-21-y-o-black\/","title":{"rendered":"Rum Nation Panama 21 Y.O. Black"},"content":{"rendered":"<p>Spole\u010dnost Rum Nation vyb\u00edr\u00e1 ty nejkvalitn\u011bj\u0161\u00ed m\u00edstn\u00ed rumy, kter\u00e9 nejl\u00e9pe vystihuj\u00ed charakter rum\u016f z dan\u00fdch oblast\u00ed.<\/p>\n<p>&nbsp;<\/p>\n<p>Blend stvo\u0159en\u00fd odborn\u00edky v nejlep\u0161\u00ed panamsk\u00e9 destilerii. Rum Nation Panama 21 Y.O. se vyr\u00e1b\u00ed z melasy z cukrov\u00e9 t\u0159tiny na destila\u010dn\u00ed kolon\u011b a v Panam\u011b zraje po dobu minim\u00e1ln\u011b 21 let, a to v sudech po bourbonu, po sherry a po brandy.<\/p>\n<p>&nbsp;<\/p>\n<p>Blend obsahuje velk\u00fd pod\u00edl je\u0161t\u011b star\u0161\u00edch rum\u016f, jen\u017e dod\u00e1vaj\u00ed charakter a komplexitu. P\u0159esn\u00e9 slo\u017een\u00ed je v\u00fdsledkem mnoha let tradice a experiment\u016f. Jde o skv\u011bl\u00fd rum \u0161pan\u011blsk\u00e9ho typu, elegantn\u00ed, sladk\u00fd, s hlubokou a komplexn\u00ed chut\u00ed a patrn\u00fdm vlivem sud\u016f, ve kter\u00fdch zr\u00e1l.<\/p>\n<p>&nbsp;<\/p>\n<p>Aroma: hlubok\u00e9 a temn\u00e9, s v\u00fdrazn\u00fdm vlivem cukrov\u00e9 t\u0159tiny a dotekem vinn\u00fdch t\u00f3n\u016f, kter\u00e9 dod\u00e1vaj\u00ed sudy po sherry a brandy<\/p>\n<p>Chu\u0165: pln\u00e1, s v\u00fdrazn\u00fdmi t\u00f3ny cukrov\u00e9 t\u0159tiny, ester\u016f a intenzivn\u00edmi nasl\u00e1dl\u00fdmi t\u00f3ny datl\u00ed, rozinek, medu a \u010dokol\u00e1dy a aromatick\u00fdmi t\u00f3ny medicinsk\u00fdch bylin, chininu, bergamotu, \u010dern\u00e9ho \u010daje a k\u00e1vy<\/p>\n<div class=\"elementor-column elementor-col-50 elementor-inner-column elementor-element elementor-element-df5ea97\" data-id=\"df5ea97\" data-element_type=\"column\">\n<div class=\"elementor-widget-wrap elementor-element-populated\">\n<div class=\"elementor-element elementor-element-5f45f876 elementor-widget elementor-widget-woocommerce-product-short-description\" data-id=\"5f45f876\" data-element_type=\"widget\" data-widget_type=\"woocommerce-product-short-description.default\">\n<div class=\"elementor-widget-container\">\n<div class=\"woocommerce-product-details__short-description\">\n<p>Z\u00e1v\u011br: zintenziv\u0148uj\u00ed se ko\u0159en\u011bn\u00e9 t\u00f3ny, zejm\u00e9na sko\u0159ice a pep\u0159. Dokonal\u00e1 rovnov\u00e1ha sladkosti a d\u0159evitosti<\/p>\n<\/div>\n<\/div>\n<\/div>\n<\/div>\n<\/div>","protected":false},"excerpt":{"rendered":"<p>Spole\u010dnost Rum Nation vyb\u00edr\u00e1 ty nejkvalitn\u011bj\u0161\u00ed m\u00edstn\u00ed rumy, kter\u00e9 nejl\u00e9pe vystihuj\u00ed charakter rum\u016f z dan\u00fdch oblast\u00ed. &nbsp; Blend stvo\u0159en\u00fd odborn\u00edky v nejlep\u0161\u00ed panamsk\u00e9 destilerii. Rum Nation Panama 21 Y.O. se vyr\u00e1b\u00ed z melasy z cukrov\u00e9 t\u0159tiny na destila\u010dn\u00ed kolon\u011b a v Panam\u011b zraje po dobu minim\u00e1ln\u011b 21 let, a to v sudech po bourbonu, po [&hellip;]<\/p>\n","protected":false},"featured_media":1263,"template":"","meta":{"_acf_changed":false},"product_brand":[236],"product_cat":[117],"product_tag":[],"class_list":{"0":"post-1399","1":"product","2":"type-product","3":"status-publish","4":"has-post-thumbnail","6":"product_brand-rum-nation","7":"product_cat-rum","8":"pa_cena-za-004-l","9":"pa_obsah-alkoholu-56","10":"pa_zeme-panama","12":"first","13":"instock","14":"shipping-taxable","15":"purchasable","16":"product-type-simple"},"acf":[],"yoast_head":"<!-- This site is optimized with the Yoast SEO plugin v27.5 - https:\/\/yoast.com\/product\/yoast-seo-wordpress\/ -->\n<title>Rum Nation Panama 21 Y.O. Black<\/title>\n<meta name=\"description\" content=\"Spole\u010dnost Rum Nation vyb\u00edr\u00e1 ty nejkvalitn\u011bj\u0161\u00ed m\u00edstn\u00ed rumy, kter\u00e9 nejl\u00e9pe vystihuj\u00ed charakter rum\u016f z dan\u00fdch oblast\u00ed. &nbsp; Blend stvo\u0159en\u00fd odborn\u00edky v\" \/>\n<meta name=\"robots\" content=\"index, follow, max-snippet:-1, max-image-preview:large, max-video-preview:-1\" \/>\n<link rel=\"canonical\" href=\"https:\/\/richter.ceo\/coxs\/en\/product\/rum-nation-panama-21-y-o-black\/\" \/>\n<meta property=\"og:locale\" content=\"en_GB\" \/>\n<meta property=\"og:type\" content=\"article\" \/>\n<meta property=\"og:title\" content=\"Rum Nation Panama 21 Y.O. Black\" \/>\n<meta property=\"og:description\" content=\"Spole\u010dnost Rum Nation vyb\u00edr\u00e1 ty nejkvalitn\u011bj\u0161\u00ed m\u00edstn\u00ed rumy, kter\u00e9 nejl\u00e9pe vystihuj\u00ed charakter rum\u016f z dan\u00fdch oblast\u00ed. &nbsp; Blend stvo\u0159en\u00fd odborn\u00edky v\" \/>\n<meta property=\"og:url\" content=\"https:\/\/richter.ceo\/coxs\/en\/product\/rum-nation-panama-21-y-o-black\/\" \/>\n<meta property=\"og:site_name\" content=\"COXS CLUB\" \/>\n<meta property=\"article:publisher\" content=\"https:\/\/www.facebook.com\/profile.php?id=100088204002615\" \/>\n<meta property=\"og:image\" content=\"https:\/\/richter.ceo\/coxs\/wp-content\/uploads\/sites\/4\/2025\/05\/2991_rum_nation_panama-21-y.o.-black-20201002-101417.jpg\" \/>\n\t<meta property=\"og:image:width\" content=\"600\" \/>\n\t<meta property=\"og:image:height\" content=\"711\" \/>\n\t<meta property=\"og:image:type\" content=\"image\/jpeg\" \/>\n<meta name=\"twitter:card\" content=\"summary_large_image\" \/>\n<meta name=\"twitter:label1\" content=\"Estimated reading time\" \/>\n\t<meta name=\"twitter:data1\" content=\"1 minute\" \/>\n<script type=\"application\/ld+json\" class=\"yoast-schema-graph\">{\"@context\":\"https:\\\/\\\/schema.org\",\"@graph\":[{\"@type\":\"WebPage\",\"@id\":\"https:\\\/\\\/richter.ceo\\\/coxs\\\/en\\\/product\\\/rum-nation-panama-21-y-o-black\\\/\",\"url\":\"https:\\\/\\\/richter.ceo\\\/coxs\\\/en\\\/product\\\/rum-nation-panama-21-y-o-black\\\/\",\"name\":\"Rum Nation Panama 21 Y.O. Black\",\"isPartOf\":{\"@id\":\"https:\\\/\\\/richter.ceo\\\/coxs\\\/en\\\/#website\"},\"primaryImageOfPage\":{\"@id\":\"https:\\\/\\\/richter.ceo\\\/coxs\\\/en\\\/product\\\/rum-nation-panama-21-y-o-black\\\/#primaryimage\"},\"image\":{\"@id\":\"https:\\\/\\\/richter.ceo\\\/coxs\\\/en\\\/product\\\/rum-nation-panama-21-y-o-black\\\/#primaryimage\"},\"thumbnailUrl\":\"https:\\\/\\\/richter.ceo\\\/coxs\\\/wp-content\\\/uploads\\\/sites\\\/4\\\/2025\\\/05\\\/2991_rum_nation_panama-21-y.o.-black-20201002-101417.jpg\",\"datePublished\":\"2025-05-14T16:45:26+00:00\",\"description\":\"Spole\u010dnost Rum Nation vyb\u00edr\u00e1 ty nejkvalitn\u011bj\u0161\u00ed m\u00edstn\u00ed rumy, kter\u00e9 nejl\u00e9pe vystihuj\u00ed charakter rum\u016f z dan\u00fdch oblast\u00ed. &nbsp; Blend stvo\u0159en\u00fd odborn\u00edky v\",\"breadcrumb\":{\"@id\":\"https:\\\/\\\/richter.ceo\\\/coxs\\\/en\\\/product\\\/rum-nation-panama-21-y-o-black\\\/#breadcrumb\"},\"inLanguage\":\"en-GB\",\"potentialAction\":[{\"@type\":\"ReadAction\",\"target\":[\"https:\\\/\\\/richter.ceo\\\/coxs\\\/en\\\/product\\\/rum-nation-panama-21-y-o-black\\\/\"]}]},{\"@type\":\"ImageObject\",\"inLanguage\":\"en-GB\",\"@id\":\"https:\\\/\\\/richter.ceo\\\/coxs\\\/en\\\/product\\\/rum-nation-panama-21-y-o-black\\\/#primaryimage\",\"url\":\"https:\\\/\\\/richter.ceo\\\/coxs\\\/wp-content\\\/uploads\\\/sites\\\/4\\\/2025\\\/05\\\/2991_rum_nation_panama-21-y.o.-black-20201002-101417.jpg\",\"contentUrl\":\"https:\\\/\\\/richter.ceo\\\/coxs\\\/wp-content\\\/uploads\\\/sites\\\/4\\\/2025\\\/05\\\/2991_rum_nation_panama-21-y.o.-black-20201002-101417.jpg\",\"width\":600,\"height\":711,\"caption\":\"COXS CLUB\"},{\"@type\":\"BreadcrumbList\",\"@id\":\"https:\\\/\\\/richter.ceo\\\/coxs\\\/en\\\/product\\\/rum-nation-panama-21-y-o-black\\\/#breadcrumb\",\"itemListElement\":[{\"@type\":\"ListItem\",\"position\":1,\"name\":\"Dom\u016f\",\"item\":\"https:\\\/\\\/richter.ceo\\\/coxs\\\/\"},{\"@type\":\"ListItem\",\"position\":2,\"name\":\"N\u00c1POJE\",\"item\":\"https:\\\/\\\/richter.ceo\\\/coxs\\\/en\\\/napoje\\\/\"},{\"@type\":\"ListItem\",\"position\":3,\"name\":\"Rum Nation Panama 21 Y.O. Black\"}]},{\"@type\":\"WebSite\",\"@id\":\"https:\\\/\\\/richter.ceo\\\/coxs\\\/en\\\/#website\",\"url\":\"https:\\\/\\\/richter.ceo\\\/coxs\\\/en\\\/\",\"name\":\"COXS CLUB\",\"description\":\"Beton a Rum\",\"publisher\":{\"@id\":\"https:\\\/\\\/richter.ceo\\\/coxs\\\/en\\\/#organization\"},\"potentialAction\":[{\"@type\":\"SearchAction\",\"target\":{\"@type\":\"EntryPoint\",\"urlTemplate\":\"https:\\\/\\\/richter.ceo\\\/coxs\\\/en\\\/?s={search_term_string}\"},\"query-input\":{\"@type\":\"PropertyValueSpecification\",\"valueRequired\":true,\"valueName\":\"search_term_string\"}}],\"inLanguage\":\"en-GB\"},{\"@type\":\"Organization\",\"@id\":\"https:\\\/\\\/richter.ceo\\\/coxs\\\/en\\\/#organization\",\"name\":\"COXS CLUB\",\"url\":\"https:\\\/\\\/richter.ceo\\\/coxs\\\/en\\\/\",\"logo\":{\"@type\":\"ImageObject\",\"inLanguage\":\"en-GB\",\"@id\":\"https:\\\/\\\/richter.ceo\\\/coxs\\\/en\\\/#\\\/schema\\\/logo\\\/image\\\/\",\"url\":\"http:\\\/\\\/richter.ceo\\\/coxs\\\/wp-content\\\/uploads\\\/sites\\\/4\\\/2025\\\/05\\\/FAVICON-dark.webp\",\"contentUrl\":\"http:\\\/\\\/richter.ceo\\\/coxs\\\/wp-content\\\/uploads\\\/sites\\\/4\\\/2025\\\/05\\\/FAVICON-dark.webp\",\"width\":512,\"height\":512,\"caption\":\"COXS CLUB\"},\"image\":{\"@id\":\"https:\\\/\\\/richter.ceo\\\/coxs\\\/en\\\/#\\\/schema\\\/logo\\\/image\\\/\"},\"sameAs\":[\"https:\\\/\\\/www.facebook.com\\\/profile.php?id=100088204002615\",\"https:\\\/\\\/www.instagram.com\\\/coxs_coxs\\\/\"]}]}<\/script>\n<!-- \/ Yoast SEO plugin. -->","yoast_head_json":{"title":"Rum Nation Panama 21 Y.O. Black","description":"Spole\u010dnost Rum Nation vyb\u00edr\u00e1 ty nejkvalitn\u011bj\u0161\u00ed m\u00edstn\u00ed rumy, kter\u00e9 nejl\u00e9pe vystihuj\u00ed charakter rum\u016f z dan\u00fdch oblast\u00ed. &nbsp; Blend stvo\u0159en\u00fd odborn\u00edky v","robots":{"index":"index","follow":"follow","max-snippet":"max-snippet:-1","max-image-preview":"max-image-preview:large","max-video-preview":"max-video-preview:-1"},"canonical":"https:\/\/richter.ceo\/coxs\/en\/product\/rum-nation-panama-21-y-o-black\/","og_locale":"en_GB","og_type":"article","og_title":"Rum Nation Panama 21 Y.O. Black","og_description":"Spole\u010dnost Rum Nation vyb\u00edr\u00e1 ty nejkvalitn\u011bj\u0161\u00ed m\u00edstn\u00ed rumy, kter\u00e9 nejl\u00e9pe vystihuj\u00ed charakter rum\u016f z dan\u00fdch oblast\u00ed. &nbsp; Blend stvo\u0159en\u00fd odborn\u00edky v","og_url":"https:\/\/richter.ceo\/coxs\/en\/product\/rum-nation-panama-21-y-o-black\/","og_site_name":"COXS CLUB","article_publisher":"https:\/\/www.facebook.com\/profile.php?id=100088204002615","og_image":[{"width":600,"height":711,"url":"https:\/\/richter.ceo\/coxs\/wp-content\/uploads\/sites\/4\/2025\/05\/2991_rum_nation_panama-21-y.o.-black-20201002-101417.jpg","type":"image\/jpeg"}],"twitter_card":"summary_large_image","twitter_misc":{"Estimated reading time":"1 minute"},"schema":{"@context":"https:\/\/schema.org","@graph":[{"@type":"WebPage","@id":"https:\/\/richter.ceo\/coxs\/en\/product\/rum-nation-panama-21-y-o-black\/","url":"https:\/\/richter.ceo\/coxs\/en\/product\/rum-nation-panama-21-y-o-black\/","name":"Rum Nation Panama 21 Y.O. Black","isPartOf":{"@id":"https:\/\/richter.ceo\/coxs\/en\/#website"},"primaryImageOfPage":{"@id":"https:\/\/richter.ceo\/coxs\/en\/product\/rum-nation-panama-21-y-o-black\/#primaryimage"},"image":{"@id":"https:\/\/richter.ceo\/coxs\/en\/product\/rum-nation-panama-21-y-o-black\/#primaryimage"},"thumbnailUrl":"https:\/\/richter.ceo\/coxs\/wp-content\/uploads\/sites\/4\/2025\/05\/2991_rum_nation_panama-21-y.o.-black-20201002-101417.jpg","datePublished":"2025-05-14T16:45:26+00:00","description":"Spole\u010dnost Rum Nation vyb\u00edr\u00e1 ty nejkvalitn\u011bj\u0161\u00ed m\u00edstn\u00ed rumy, kter\u00e9 nejl\u00e9pe vystihuj\u00ed charakter rum\u016f z dan\u00fdch oblast\u00ed. &nbsp; Blend stvo\u0159en\u00fd odborn\u00edky v","breadcrumb":{"@id":"https:\/\/richter.ceo\/coxs\/en\/product\/rum-nation-panama-21-y-o-black\/#breadcrumb"},"inLanguage":"en-GB","potentialAction":[{"@type":"ReadAction","target":["https:\/\/richter.ceo\/coxs\/en\/product\/rum-nation-panama-21-y-o-black\/"]}]},{"@type":"ImageObject","inLanguage":"en-GB","@id":"https:\/\/richter.ceo\/coxs\/en\/product\/rum-nation-panama-21-y-o-black\/#primaryimage","url":"https:\/\/richter.ceo\/coxs\/wp-content\/uploads\/sites\/4\/2025\/05\/2991_rum_nation_panama-21-y.o.-black-20201002-101417.jpg","contentUrl":"https:\/\/richter.ceo\/coxs\/wp-content\/uploads\/sites\/4\/2025\/05\/2991_rum_nation_panama-21-y.o.-black-20201002-101417.jpg","width":600,"height":711,"caption":"COXS CLUB"},{"@type":"BreadcrumbList","@id":"https:\/\/richter.ceo\/coxs\/en\/product\/rum-nation-panama-21-y-o-black\/#breadcrumb","itemListElement":[{"@type":"ListItem","position":1,"name":"Dom\u016f","item":"https:\/\/richter.ceo\/coxs\/"},{"@type":"ListItem","position":2,"name":"N\u00c1POJE","item":"https:\/\/richter.ceo\/coxs\/en\/napoje\/"},{"@type":"ListItem","position":3,"name":"Rum Nation Panama 21 Y.O. Black"}]},{"@type":"WebSite","@id":"https:\/\/richter.ceo\/coxs\/en\/#website","url":"https:\/\/richter.ceo\/coxs\/en\/","name":"COXS CLUB","description":"Beton a Rum","publisher":{"@id":"https:\/\/richter.ceo\/coxs\/en\/#organization"},"potentialAction":[{"@type":"SearchAction","target":{"@type":"EntryPoint","urlTemplate":"https:\/\/richter.ceo\/coxs\/en\/?s={search_term_string}"},"query-input":{"@type":"PropertyValueSpecification","valueRequired":true,"valueName":"search_term_string"}}],"inLanguage":"en-GB"},{"@type":"Organization","@id":"https:\/\/richter.ceo\/coxs\/en\/#organization","name":"COXS CLUB","url":"https:\/\/richter.ceo\/coxs\/en\/","logo":{"@type":"ImageObject","inLanguage":"en-GB","@id":"https:\/\/richter.ceo\/coxs\/en\/#\/schema\/logo\/image\/","url":"http:\/\/richter.ceo\/coxs\/wp-content\/uploads\/sites\/4\/2025\/05\/FAVICON-dark.webp","contentUrl":"http:\/\/richter.ceo\/coxs\/wp-content\/uploads\/sites\/4\/2025\/05\/FAVICON-dark.webp","width":512,"height":512,"caption":"COXS CLUB"},"image":{"@id":"https:\/\/richter.ceo\/coxs\/en\/#\/schema\/logo\/image\/"},"sameAs":["https:\/\/www.facebook.com\/profile.php?id=100088204002615","https:\/\/www.instagram.com\/coxs_coxs\/"]}]}},"_links":{"self":[{"href":"https:\/\/richter.ceo\/coxs\/en\/wp-json\/wp\/v2\/product\/1399","targetHints":{"allow":["GET"]}}],"collection":[{"href":"https:\/\/richter.ceo\/coxs\/en\/wp-json\/wp\/v2\/product"}],"about":[{"href":"https:\/\/richter.ceo\/coxs\/en\/wp-json\/wp\/v2\/types\/product"}],"wp:featuredmedia":[{"embeddable":true,"href":"https:\/\/richter.ceo\/coxs\/en\/wp-json\/wp\/v2\/media\/1263"}],"wp:attachment":[{"href":"https:\/\/richter.ceo\/coxs\/en\/wp-json\/wp\/v2\/media?parent=1399"}],"wp:term":[{"taxonomy":"product_brand","embeddable":true,"href":"https:\/\/richter.ceo\/coxs\/en\/wp-json\/wp\/v2\/product_brand?post=1399"},{"taxonomy":"product_cat","embeddable":true,"href":"https:\/\/richter.ceo\/coxs\/en\/wp-json\/wp\/v2\/product_cat?post=1399"},{"taxonomy":"product_tag","embeddable":true,"href":"https:\/\/richter.ceo\/coxs\/en\/wp-json\/wp\/v2\/product_tag?post=1399"}],"curies":[{"name":"wp","href":"https:\/\/api.w.org\/{rel}","templated":true}]}}