{"id":1408,"date":"2025-05-14T19:02:52","date_gmt":"2025-05-14T17:02:52","guid":{"rendered":"https:\/\/richter.ceo\/coxs\/?post_type=product&#038;p=1408"},"modified":"2025-05-14T19:02:52","modified_gmt":"2025-05-14T17:02:52","slug":"new-grove-bourbon-cask","status":"publish","type":"product","link":"https:\/\/richter.ceo\/coxs\/en\/product\/new-grove-bourbon-cask\/","title":{"rendered":"New Grove Bourbon Cask"},"content":{"rendered":"<p>Po\u010d\u00e1tky rumu na ostrov\u011b Mauricius jsou nerozlu\u010dn\u011b spjat\u00e9 s pal\u00edrnou Grays. Prvn\u00ed cukrovar na ostrov\u011b vznikl v Domaine de la Villebague v roce 1740 a nedlouho pot\u00e9, v roce 1742, zde byla postavena prvn\u00ed destilerie. Dnes je Grays single estate pal\u00edrnou, kde prob\u00edh\u00e1 cel\u00fd proces v\u00fdroby, od plant\u00e1\u017e\u00ed cukrov\u00e9 t\u0159tiny a\u017e po lahvov\u00e1n\u00ed.<\/p>\n<p>&nbsp;<\/p>\n<p>Cukrov\u00e1 t\u0159tina a rum p\u0159edstavuj\u00ed neodmyslitelnou sou\u010d\u00e1st historie ostrova a na rumy zde vyr\u00e1b\u011bn\u00e9 a jejich specifick\u00fd styl jsou obyvatel\u00e9 ostrova pr\u00e1vem hrd\u00ed.<\/p>\n<p>&nbsp;<\/p>\n<p>Pal\u00edrna Grays p\u0159edstavila New Grove v roce 2003 jako zna\u010dku autentick\u00fdch rum\u016f s typicky mauricijsk\u00fdm profilem.<\/p>\n<p>&nbsp;<\/p>\n<p>New Grove Bourbon Cask se vyr\u00e1b\u00ed z melasy z cukrov\u00e9 t\u0159tiny p\u011bstovan\u00e9 na vlastn\u00edch plant\u00e1\u017e\u00edch. Proch\u00e1z\u00ed kolonovou destilac\u00ed a n\u00e1sledn\u011b je ulo\u017een do nov\u00fdch sud\u016f z americk\u00e9ho dubu a sud\u016f po bourbonu. Do rumu se nep\u0159id\u00e1v\u00e1 cukr \u010di jin\u00e1 aditiva a nen\u00ed filtrov\u00e1n zastudena.<\/p>\n<p>&nbsp;<\/p>\n<div class=\"elementor-column elementor-col-50 elementor-inner-column elementor-element elementor-element-df5ea97\" data-id=\"df5ea97\" data-element_type=\"column\">\n<div class=\"elementor-widget-wrap elementor-element-populated\">\n<div class=\"elementor-element elementor-element-5f45f876 elementor-widget elementor-widget-woocommerce-product-short-description\" data-id=\"5f45f876\" data-element_type=\"widget\" data-widget_type=\"woocommerce-product-short-description.default\">\n<div class=\"elementor-widget-container\">\n<div class=\"woocommerce-product-details__short-description\">\n<p>Jde o pln\u00fd rum such\u00e9ho charakteru, ve kter\u00e9m se projevuj\u00ed t\u00f3ny vanilky, karamelu a d\u0159eva, n\u00e1sledovan\u00e9 sv\u011b\u017e\u00edmi t\u00f3ny, lehk\u00fdm kou\u0159em a nasl\u00e1dl\u00fdm ko\u0159en\u00edm.<\/p>\n<\/div>\n<\/div>\n<\/div>\n<\/div>\n<\/div>","protected":false},"excerpt":{"rendered":"<p>Po\u010d\u00e1tky rumu na ostrov\u011b Mauricius jsou nerozlu\u010dn\u011b spjat\u00e9 s pal\u00edrnou Grays. Prvn\u00ed cukrovar na ostrov\u011b vznikl v Domaine de la Villebague v roce 1740 a nedlouho pot\u00e9, v roce 1742, zde byla postavena prvn\u00ed destilerie. Dnes je Grays single estate pal\u00edrnou, kde prob\u00edh\u00e1 cel\u00fd proces v\u00fdroby, od plant\u00e1\u017e\u00ed cukrov\u00e9 t\u0159tiny a\u017e po lahvov\u00e1n\u00ed. &nbsp; Cukrov\u00e1 [&hellip;]<\/p>\n","protected":false},"featured_media":1284,"template":"","meta":{"_acf_changed":false},"product_brand":[247],"product_cat":[117],"product_tag":[],"class_list":{"0":"post-1408","1":"product","2":"type-product","3":"status-publish","4":"has-post-thumbnail","6":"product_brand-new-grove","7":"product_cat-rum","8":"pa_cena-za-004-l","9":"pa_obsah-alkoholu-21","10":"pa_zeme-mauricius","12":"first","13":"instock","14":"shipping-taxable","15":"purchasable","16":"product-type-simple"},"acf":[],"yoast_head":"<!-- This site is optimized with the Yoast SEO plugin v27.5 - https:\/\/yoast.com\/product\/yoast-seo-wordpress\/ -->\n<title>New Grove Bourbon Cask<\/title>\n<meta name=\"description\" content=\"Po\u010d\u00e1tky rumu na ostrov\u011b Mauricius jsou nerozlu\u010dn\u011b spjat\u00e9 s pal\u00edrnou Grays. Prvn\u00ed cukrovar na ostrov\u011b vznikl v Domaine de la Villebague v roce 1740 a\" \/>\n<meta name=\"robots\" content=\"index, follow, max-snippet:-1, max-image-preview:large, max-video-preview:-1\" \/>\n<link rel=\"canonical\" href=\"https:\/\/richter.ceo\/coxs\/en\/product\/new-grove-bourbon-cask\/\" \/>\n<meta property=\"og:locale\" content=\"en_GB\" \/>\n<meta property=\"og:type\" content=\"article\" \/>\n<meta property=\"og:title\" content=\"New Grove Bourbon Cask\" \/>\n<meta property=\"og:description\" content=\"Po\u010d\u00e1tky rumu na ostrov\u011b Mauricius jsou nerozlu\u010dn\u011b spjat\u00e9 s pal\u00edrnou Grays. Prvn\u00ed cukrovar na ostrov\u011b vznikl v Domaine de la Villebague v roce 1740 a\" \/>\n<meta property=\"og:url\" content=\"https:\/\/richter.ceo\/coxs\/en\/product\/new-grove-bourbon-cask\/\" \/>\n<meta property=\"og:site_name\" content=\"COXS CLUB\" \/>\n<meta property=\"article:publisher\" content=\"https:\/\/www.facebook.com\/profile.php?id=100088204002615\" \/>\n<meta property=\"og:image\" content=\"https:\/\/richter.ceo\/coxs\/wp-content\/uploads\/sites\/4\/2025\/05\/3361_new_grove_bourbon_cask.jpg\" \/>\n\t<meta property=\"og:image:width\" content=\"600\" \/>\n\t<meta property=\"og:image:height\" content=\"711\" \/>\n\t<meta property=\"og:image:type\" content=\"image\/jpeg\" \/>\n<meta name=\"twitter:card\" content=\"summary_large_image\" \/>\n<meta name=\"twitter:label1\" content=\"Estimated reading time\" \/>\n\t<meta name=\"twitter:data1\" content=\"1 minute\" \/>\n<script type=\"application\/ld+json\" class=\"yoast-schema-graph\">{\"@context\":\"https:\\\/\\\/schema.org\",\"@graph\":[{\"@type\":\"WebPage\",\"@id\":\"https:\\\/\\\/richter.ceo\\\/coxs\\\/produkt\\\/new-grove-bourbon-cask\\\/\",\"url\":\"https:\\\/\\\/richter.ceo\\\/coxs\\\/produkt\\\/new-grove-bourbon-cask\\\/\",\"name\":\"New Grove Bourbon Cask\",\"isPartOf\":{\"@id\":\"https:\\\/\\\/richter.ceo\\\/coxs\\\/en\\\/#website\"},\"primaryImageOfPage\":{\"@id\":\"https:\\\/\\\/richter.ceo\\\/coxs\\\/produkt\\\/new-grove-bourbon-cask\\\/#primaryimage\"},\"image\":{\"@id\":\"https:\\\/\\\/richter.ceo\\\/coxs\\\/produkt\\\/new-grove-bourbon-cask\\\/#primaryimage\"},\"thumbnailUrl\":\"https:\\\/\\\/richter.ceo\\\/coxs\\\/wp-content\\\/uploads\\\/sites\\\/4\\\/2025\\\/05\\\/3361_new_grove_bourbon_cask.jpg\",\"datePublished\":\"2025-05-14T17:02:52+00:00\",\"description\":\"Po\u010d\u00e1tky rumu na ostrov\u011b Mauricius jsou nerozlu\u010dn\u011b spjat\u00e9 s pal\u00edrnou Grays. Prvn\u00ed cukrovar na ostrov\u011b vznikl v Domaine de la Villebague v roce 1740 a\",\"breadcrumb\":{\"@id\":\"https:\\\/\\\/richter.ceo\\\/coxs\\\/produkt\\\/new-grove-bourbon-cask\\\/#breadcrumb\"},\"inLanguage\":\"en-GB\",\"potentialAction\":[{\"@type\":\"ReadAction\",\"target\":[\"https:\\\/\\\/richter.ceo\\\/coxs\\\/produkt\\\/new-grove-bourbon-cask\\\/\"]}]},{\"@type\":\"ImageObject\",\"inLanguage\":\"en-GB\",\"@id\":\"https:\\\/\\\/richter.ceo\\\/coxs\\\/produkt\\\/new-grove-bourbon-cask\\\/#primaryimage\",\"url\":\"https:\\\/\\\/richter.ceo\\\/coxs\\\/wp-content\\\/uploads\\\/sites\\\/4\\\/2025\\\/05\\\/3361_new_grove_bourbon_cask.jpg\",\"contentUrl\":\"https:\\\/\\\/richter.ceo\\\/coxs\\\/wp-content\\\/uploads\\\/sites\\\/4\\\/2025\\\/05\\\/3361_new_grove_bourbon_cask.jpg\",\"width\":600,\"height\":711,\"caption\":\"COXS CLUB\"},{\"@type\":\"BreadcrumbList\",\"@id\":\"https:\\\/\\\/richter.ceo\\\/coxs\\\/produkt\\\/new-grove-bourbon-cask\\\/#breadcrumb\",\"itemListElement\":[{\"@type\":\"ListItem\",\"position\":1,\"name\":\"Dom\u016f\",\"item\":\"https:\\\/\\\/richter.ceo\\\/coxs\\\/\"},{\"@type\":\"ListItem\",\"position\":2,\"name\":\"N\u00c1POJE\",\"item\":\"https:\\\/\\\/richter.ceo\\\/coxs\\\/en\\\/napoje\\\/\"},{\"@type\":\"ListItem\",\"position\":3,\"name\":\"New Grove Bourbon Cask\"}]},{\"@type\":\"WebSite\",\"@id\":\"https:\\\/\\\/richter.ceo\\\/coxs\\\/en\\\/#website\",\"url\":\"https:\\\/\\\/richter.ceo\\\/coxs\\\/en\\\/\",\"name\":\"COXS CLUB\",\"description\":\"Beton a Rum\",\"publisher\":{\"@id\":\"https:\\\/\\\/richter.ceo\\\/coxs\\\/en\\\/#organization\"},\"potentialAction\":[{\"@type\":\"SearchAction\",\"target\":{\"@type\":\"EntryPoint\",\"urlTemplate\":\"https:\\\/\\\/richter.ceo\\\/coxs\\\/en\\\/?s={search_term_string}\"},\"query-input\":{\"@type\":\"PropertyValueSpecification\",\"valueRequired\":true,\"valueName\":\"search_term_string\"}}],\"inLanguage\":\"en-GB\"},{\"@type\":\"Organization\",\"@id\":\"https:\\\/\\\/richter.ceo\\\/coxs\\\/en\\\/#organization\",\"name\":\"COXS CLUB\",\"url\":\"https:\\\/\\\/richter.ceo\\\/coxs\\\/en\\\/\",\"logo\":{\"@type\":\"ImageObject\",\"inLanguage\":\"en-GB\",\"@id\":\"https:\\\/\\\/richter.ceo\\\/coxs\\\/en\\\/#\\\/schema\\\/logo\\\/image\\\/\",\"url\":\"http:\\\/\\\/richter.ceo\\\/coxs\\\/wp-content\\\/uploads\\\/sites\\\/4\\\/2025\\\/05\\\/FAVICON-dark.webp\",\"contentUrl\":\"http:\\\/\\\/richter.ceo\\\/coxs\\\/wp-content\\\/uploads\\\/sites\\\/4\\\/2025\\\/05\\\/FAVICON-dark.webp\",\"width\":512,\"height\":512,\"caption\":\"COXS CLUB\"},\"image\":{\"@id\":\"https:\\\/\\\/richter.ceo\\\/coxs\\\/en\\\/#\\\/schema\\\/logo\\\/image\\\/\"},\"sameAs\":[\"https:\\\/\\\/www.facebook.com\\\/profile.php?id=100088204002615\",\"https:\\\/\\\/www.instagram.com\\\/coxs_coxs\\\/\"]}]}<\/script>\n<!-- \/ Yoast SEO plugin. -->","yoast_head_json":{"title":"New Grove Bourbon Cask","description":"Po\u010d\u00e1tky rumu na ostrov\u011b Mauricius jsou nerozlu\u010dn\u011b spjat\u00e9 s pal\u00edrnou Grays. Prvn\u00ed cukrovar na ostrov\u011b vznikl v Domaine de la Villebague v roce 1740 a","robots":{"index":"index","follow":"follow","max-snippet":"max-snippet:-1","max-image-preview":"max-image-preview:large","max-video-preview":"max-video-preview:-1"},"canonical":"https:\/\/richter.ceo\/coxs\/en\/product\/new-grove-bourbon-cask\/","og_locale":"en_GB","og_type":"article","og_title":"New Grove Bourbon Cask","og_description":"Po\u010d\u00e1tky rumu na ostrov\u011b Mauricius jsou nerozlu\u010dn\u011b spjat\u00e9 s pal\u00edrnou Grays. Prvn\u00ed cukrovar na ostrov\u011b vznikl v Domaine de la Villebague v roce 1740 a","og_url":"https:\/\/richter.ceo\/coxs\/en\/product\/new-grove-bourbon-cask\/","og_site_name":"COXS CLUB","article_publisher":"https:\/\/www.facebook.com\/profile.php?id=100088204002615","og_image":[{"width":600,"height":711,"url":"https:\/\/richter.ceo\/coxs\/wp-content\/uploads\/sites\/4\/2025\/05\/3361_new_grove_bourbon_cask.jpg","type":"image\/jpeg"}],"twitter_card":"summary_large_image","twitter_misc":{"Estimated reading time":"1 minute"},"schema":{"@context":"https:\/\/schema.org","@graph":[{"@type":"WebPage","@id":"https:\/\/richter.ceo\/coxs\/produkt\/new-grove-bourbon-cask\/","url":"https:\/\/richter.ceo\/coxs\/produkt\/new-grove-bourbon-cask\/","name":"New Grove Bourbon Cask","isPartOf":{"@id":"https:\/\/richter.ceo\/coxs\/en\/#website"},"primaryImageOfPage":{"@id":"https:\/\/richter.ceo\/coxs\/produkt\/new-grove-bourbon-cask\/#primaryimage"},"image":{"@id":"https:\/\/richter.ceo\/coxs\/produkt\/new-grove-bourbon-cask\/#primaryimage"},"thumbnailUrl":"https:\/\/richter.ceo\/coxs\/wp-content\/uploads\/sites\/4\/2025\/05\/3361_new_grove_bourbon_cask.jpg","datePublished":"2025-05-14T17:02:52+00:00","description":"Po\u010d\u00e1tky rumu na ostrov\u011b Mauricius jsou nerozlu\u010dn\u011b spjat\u00e9 s pal\u00edrnou Grays. Prvn\u00ed cukrovar na ostrov\u011b vznikl v Domaine de la Villebague v roce 1740 a","breadcrumb":{"@id":"https:\/\/richter.ceo\/coxs\/produkt\/new-grove-bourbon-cask\/#breadcrumb"},"inLanguage":"en-GB","potentialAction":[{"@type":"ReadAction","target":["https:\/\/richter.ceo\/coxs\/produkt\/new-grove-bourbon-cask\/"]}]},{"@type":"ImageObject","inLanguage":"en-GB","@id":"https:\/\/richter.ceo\/coxs\/produkt\/new-grove-bourbon-cask\/#primaryimage","url":"https:\/\/richter.ceo\/coxs\/wp-content\/uploads\/sites\/4\/2025\/05\/3361_new_grove_bourbon_cask.jpg","contentUrl":"https:\/\/richter.ceo\/coxs\/wp-content\/uploads\/sites\/4\/2025\/05\/3361_new_grove_bourbon_cask.jpg","width":600,"height":711,"caption":"COXS CLUB"},{"@type":"BreadcrumbList","@id":"https:\/\/richter.ceo\/coxs\/produkt\/new-grove-bourbon-cask\/#breadcrumb","itemListElement":[{"@type":"ListItem","position":1,"name":"Dom\u016f","item":"https:\/\/richter.ceo\/coxs\/"},{"@type":"ListItem","position":2,"name":"N\u00c1POJE","item":"https:\/\/richter.ceo\/coxs\/en\/napoje\/"},{"@type":"ListItem","position":3,"name":"New Grove Bourbon Cask"}]},{"@type":"WebSite","@id":"https:\/\/richter.ceo\/coxs\/en\/#website","url":"https:\/\/richter.ceo\/coxs\/en\/","name":"COXS CLUB","description":"Beton a Rum","publisher":{"@id":"https:\/\/richter.ceo\/coxs\/en\/#organization"},"potentialAction":[{"@type":"SearchAction","target":{"@type":"EntryPoint","urlTemplate":"https:\/\/richter.ceo\/coxs\/en\/?s={search_term_string}"},"query-input":{"@type":"PropertyValueSpecification","valueRequired":true,"valueName":"search_term_string"}}],"inLanguage":"en-GB"},{"@type":"Organization","@id":"https:\/\/richter.ceo\/coxs\/en\/#organization","name":"COXS CLUB","url":"https:\/\/richter.ceo\/coxs\/en\/","logo":{"@type":"ImageObject","inLanguage":"en-GB","@id":"https:\/\/richter.ceo\/coxs\/en\/#\/schema\/logo\/image\/","url":"http:\/\/richter.ceo\/coxs\/wp-content\/uploads\/sites\/4\/2025\/05\/FAVICON-dark.webp","contentUrl":"http:\/\/richter.ceo\/coxs\/wp-content\/uploads\/sites\/4\/2025\/05\/FAVICON-dark.webp","width":512,"height":512,"caption":"COXS CLUB"},"image":{"@id":"https:\/\/richter.ceo\/coxs\/en\/#\/schema\/logo\/image\/"},"sameAs":["https:\/\/www.facebook.com\/profile.php?id=100088204002615","https:\/\/www.instagram.com\/coxs_coxs\/"]}]}},"_links":{"self":[{"href":"https:\/\/richter.ceo\/coxs\/en\/wp-json\/wp\/v2\/product\/1408","targetHints":{"allow":["GET"]}}],"collection":[{"href":"https:\/\/richter.ceo\/coxs\/en\/wp-json\/wp\/v2\/product"}],"about":[{"href":"https:\/\/richter.ceo\/coxs\/en\/wp-json\/wp\/v2\/types\/product"}],"wp:featuredmedia":[{"embeddable":true,"href":"https:\/\/richter.ceo\/coxs\/en\/wp-json\/wp\/v2\/media\/1284"}],"wp:attachment":[{"href":"https:\/\/richter.ceo\/coxs\/en\/wp-json\/wp\/v2\/media?parent=1408"}],"wp:term":[{"taxonomy":"product_brand","embeddable":true,"href":"https:\/\/richter.ceo\/coxs\/en\/wp-json\/wp\/v2\/product_brand?post=1408"},{"taxonomy":"product_cat","embeddable":true,"href":"https:\/\/richter.ceo\/coxs\/en\/wp-json\/wp\/v2\/product_cat?post=1408"},{"taxonomy":"product_tag","embeddable":true,"href":"https:\/\/richter.ceo\/coxs\/en\/wp-json\/wp\/v2\/product_tag?post=1408"}],"curies":[{"name":"wp","href":"https:\/\/api.w.org\/{rel}","templated":true}]}}