{"id":795,"date":"2025-05-12T00:38:57","date_gmt":"2025-05-11T22:38:57","guid":{"rendered":"https:\/\/richter.ceo\/coxsclub\/?post_type=product&#038;p=795"},"modified":"2025-05-12T00:40:47","modified_gmt":"2025-05-11T22:40:47","slug":"xibal","status":"publish","type":"product","link":"https:\/\/richter.ceo\/coxs\/en\/product\/xibal\/","title":{"rendered":"Xibal"},"content":{"rendered":"<p>Gin inspirovan\u00fd Guatemalou a\u00a0mayskou kulturou, kter\u00e1 je s\u00a0jej\u00ed histori\u00ed \u00fazce spjat\u00e1.<\/p>\n<p>&nbsp;<\/p>\n<p>Gin je vyr\u00e1b\u011bn \u0159emesln\u00fdm zp\u016fsobem, s\u00a0vysok\u00fdm d\u016frazem na kvalitu. Je p\u011btkr\u00e1t destilov\u00e1n v\u00a0m\u011bd\u011bn\u00e9m kotl\u00edkov\u00e9m destila\u010dn\u00edm za\u0159\u00edzen\u00ed, za pou\u017eit\u00ed botanicals, kter\u00e9 jsou pro Guatemalu a\u00a0jej\u00ed mayskou historii typick\u00e9. Pou\u017e\u00edv\u00e1 se bobkov\u00fd list, \u010dern\u00fd pep\u0159, citron, pomeran\u010d, kardamom a\u00a0peric\u00f3n (Targetes lucida, zn\u00e1m\u00fd jako aksamitn\u00edk, mexick\u00fd afrik\u00e1n nebo mexick\u00fd teragon, rostlina se \u017elut\u00fdmi kv\u011bty, von\u00edc\u00ed po an\u00fdzu).<\/p>\n<p>&nbsp;<\/p>\n<p>Jde o\u00a0prvn\u00ed guatemalsk\u00fd gin, p\u0159i jeho\u017e v\u00fdrob\u011b se tyto ingredience pou\u017e\u00edvaj\u00ed. Gin vyr\u00e1b\u00ed Industrias Licoreras de Guatemala (v\u00fdrobce mj. rum\u016f Botran a\u00a0Miracielo).<\/p>\n<p>&nbsp;<\/p>\n<p>N\u00e1zev Xibal vych\u00e1z\u00ed z\u00a0maysk\u00e9 legendy o\u00a0Xibalb\u00e1, m\u00edst\u011b v\u00a0podsv\u011bt\u00ed, kam lidsk\u00e9 du\u0161e p\u0159ich\u00e1z\u00ed po smrti a\u00a0kde je bohov\u00e9 podrobuj\u00ed \u0159ad\u011b zkou\u0161ek. Du\u0161e, kte\u0159\u00ed zkou\u0161ky p\u0159ekonaj\u00ed, se stanou hv\u011bzdami na nebi. Podle maysk\u00e9 legendy se p\u0159ed v\u00edce ne\u017e dv\u011bma tis\u00edcilet\u00edmi dva brat\u0159i vydali na hrdinskou cestu mayskou \u0159\u00ed\u0161\u00ed, na kter\u00e9 jim sv\u011bdky byly jen tmav\u00e9 pralesy a\u00a0zvuky zv\u00ed\u0159at. A\u00a0i\u00a0kdy\u017e se mnoz\u00ed sna\u017eili sej\u00edt do zem\u011b Xibalb\u00e1 a\u00a0odhalit jej\u00ed tajemstv\u00ed a\u00a0poklady, povedlo se to jen t\u011bmto dv\u011bma. Legenda tak \u017eije d\u00e1l.<\/p>\n<p>&nbsp;<\/p>\n<p>Maysk\u00e1 kultura se odr\u00e1\u017e\u00ed i\u00a0na lahvi. Etiketu zdob\u00ed maysk\u00e9 hieroglyfy, maska z\u00a0jadeitu, kamene boh\u016f, a\u00a0obrysy chr\u00e1mu \u010d. IV v\u00a0Tikalu.<\/p>\n<p>&nbsp;<\/p>\n<p><strong>Aroma:<\/strong>\u00a0p\u0159eva\u017euj\u00edc\u00ed t\u00f3ny jalovce a\u00a0kardamomu, kter\u00e9 se poj\u00ed s\u00a0bylinn\u00fdmi a\u00a0posl\u00e9ze citrusov\u00fdmi t\u00f3ny<\/p>\n<div class=\"elementor-column elementor-col-50 elementor-inner-column elementor-element elementor-element-df5ea97\" data-id=\"df5ea97\" data-element_type=\"column\">\n<div class=\"elementor-widget-wrap elementor-element-populated\">\n<div class=\"elementor-element elementor-element-5f45f876 elementor-widget elementor-widget-woocommerce-product-short-description\" data-id=\"5f45f876\" data-element_type=\"widget\" data-widget_type=\"woocommerce-product-short-description.default\">\n<div class=\"elementor-widget-container\">\n<div class=\"woocommerce-product-details__short-description\">\n<div id=\"secondaryColumn\" class=\"page-column page-secondary-column\">\n<div id=\"description\" class=\"long-description wysiwyg-content\">\n<div id=\"secondaryColumn\" class=\"page-column page-secondary-column\">\n<div id=\"description\" class=\"long-description wysiwyg-content\">\n<p><strong>Chu\u0165:<\/strong> komplexn\u00ed chu\u0165, ve kter\u00e9 se projevuje jalovec, bobkov\u00fd list a\u00a0pep\u0159 a\u00a0v\u00a0z\u00e1v\u011bru kardamom a\u00a0aksamitn\u00edk.<\/p>\n<\/div>\n<\/div>\n<\/div>\n<\/div>\n<\/div>\n<\/div>\n<\/div>\n<\/div>\n<\/div>","protected":false},"excerpt":{"rendered":"<p>Gin inspirovan\u00fd Guatemalou a\u00a0mayskou kulturou, kter\u00e1 je s\u00a0jej\u00ed histori\u00ed \u00fazce spjat\u00e1. &nbsp; Gin je vyr\u00e1b\u011bn \u0159emesln\u00fdm zp\u016fsobem, s\u00a0vysok\u00fdm d\u016frazem na kvalitu. Je p\u011btkr\u00e1t destilov\u00e1n v\u00a0m\u011bd\u011bn\u00e9m kotl\u00edkov\u00e9m destila\u010dn\u00edm za\u0159\u00edzen\u00ed, za pou\u017eit\u00ed botanicals, kter\u00e9 jsou pro Guatemalu a\u00a0jej\u00ed mayskou historii typick\u00e9. Pou\u017e\u00edv\u00e1 se bobkov\u00fd list, \u010dern\u00fd pep\u0159, citron, pomeran\u010d, kardamom a\u00a0peric\u00f3n (Targetes lucida, zn\u00e1m\u00fd jako aksamitn\u00edk, mexick\u00fd [&hellip;]<\/p>\n","protected":false},"featured_media":691,"template":"","meta":{"_acf_changed":false},"product_brand":[36],"product_cat":[32],"product_tag":[],"class_list":{"0":"post-795","1":"product","2":"type-product","3":"status-publish","4":"has-post-thumbnail","6":"product_brand-xibal","7":"product_cat-gin","8":"pa_cena-za-004-l","9":"pa_obsah-alkoholu-34","10":"pa_zeme-guatemala","12":"first","13":"instock","14":"shipping-taxable","15":"purchasable","16":"product-type-simple"},"acf":[],"yoast_head":"<!-- This site is optimized with the Yoast SEO plugin v27.5 - https:\/\/yoast.com\/product\/yoast-seo-wordpress\/ -->\n<title>Xibal<\/title>\n<meta name=\"description\" content=\"Gin inspirovan\u00fd Guatemalou a\u00a0mayskou kulturou, kter\u00e1 je s\u00a0jej\u00ed histori\u00ed \u00fazce spjat\u00e1. &nbsp; Gin je vyr\u00e1b\u011bn \u0159emesln\u00fdm zp\u016fsobem, s\u00a0vysok\u00fdm d\u016frazem na\" \/>\n<meta name=\"robots\" content=\"index, follow, max-snippet:-1, max-image-preview:large, max-video-preview:-1\" \/>\n<link rel=\"canonical\" href=\"https:\/\/richter.ceo\/coxs\/en\/product\/xibal\/\" \/>\n<meta property=\"og:locale\" content=\"en_GB\" \/>\n<meta property=\"og:type\" content=\"article\" \/>\n<meta property=\"og:title\" content=\"Xibal\" \/>\n<meta property=\"og:description\" content=\"Gin inspirovan\u00fd Guatemalou a\u00a0mayskou kulturou, kter\u00e1 je s\u00a0jej\u00ed histori\u00ed \u00fazce spjat\u00e1. &nbsp; Gin je vyr\u00e1b\u011bn \u0159emesln\u00fdm zp\u016fsobem, s\u00a0vysok\u00fdm d\u016frazem na\" \/>\n<meta property=\"og:url\" content=\"https:\/\/richter.ceo\/coxs\/en\/product\/xibal\/\" \/>\n<meta property=\"og:site_name\" content=\"COXS CLUB\" \/>\n<meta property=\"article:publisher\" content=\"https:\/\/www.facebook.com\/profile.php?id=100088204002615\" \/>\n<meta property=\"article:modified_time\" content=\"2025-05-11T22:40:47+00:00\" \/>\n<meta property=\"og:image\" content=\"https:\/\/richter.ceo\/coxs\/wp-content\/uploads\/sites\/4\/2025\/05\/3035_xibal.jpg\" \/>\n\t<meta property=\"og:image:width\" content=\"600\" \/>\n\t<meta property=\"og:image:height\" content=\"711\" \/>\n\t<meta property=\"og:image:type\" content=\"image\/jpeg\" \/>\n<meta name=\"twitter:card\" content=\"summary_large_image\" \/>\n<meta name=\"twitter:label1\" content=\"Estimated reading time\" \/>\n\t<meta name=\"twitter:data1\" content=\"2 minutes\" \/>\n<script type=\"application\/ld+json\" class=\"yoast-schema-graph\">{\"@context\":\"https:\\\/\\\/schema.org\",\"@graph\":[{\"@type\":\"WebPage\",\"@id\":\"https:\\\/\\\/richter.ceo\\\/coxs\\\/en\\\/product\\\/xibal\\\/\",\"url\":\"https:\\\/\\\/richter.ceo\\\/coxs\\\/en\\\/product\\\/xibal\\\/\",\"name\":\"Xibal\",\"isPartOf\":{\"@id\":\"https:\\\/\\\/richter.ceo\\\/coxs\\\/en\\\/#website\"},\"primaryImageOfPage\":{\"@id\":\"https:\\\/\\\/richter.ceo\\\/coxs\\\/en\\\/product\\\/xibal\\\/#primaryimage\"},\"image\":{\"@id\":\"https:\\\/\\\/richter.ceo\\\/coxs\\\/en\\\/product\\\/xibal\\\/#primaryimage\"},\"thumbnailUrl\":\"https:\\\/\\\/richter.ceo\\\/coxs\\\/wp-content\\\/uploads\\\/sites\\\/4\\\/2025\\\/05\\\/3035_xibal.jpg\",\"datePublished\":\"2025-05-11T22:38:57+00:00\",\"dateModified\":\"2025-05-11T22:40:47+00:00\",\"description\":\"Gin inspirovan\u00fd Guatemalou a\u00a0mayskou kulturou, kter\u00e1 je s\u00a0jej\u00ed histori\u00ed \u00fazce spjat\u00e1. &nbsp; Gin je vyr\u00e1b\u011bn \u0159emesln\u00fdm zp\u016fsobem, s\u00a0vysok\u00fdm d\u016frazem na\",\"breadcrumb\":{\"@id\":\"https:\\\/\\\/richter.ceo\\\/coxs\\\/en\\\/product\\\/xibal\\\/#breadcrumb\"},\"inLanguage\":\"en-GB\",\"potentialAction\":[{\"@type\":\"ReadAction\",\"target\":[\"https:\\\/\\\/richter.ceo\\\/coxs\\\/en\\\/product\\\/xibal\\\/\"]}]},{\"@type\":\"ImageObject\",\"inLanguage\":\"en-GB\",\"@id\":\"https:\\\/\\\/richter.ceo\\\/coxs\\\/en\\\/product\\\/xibal\\\/#primaryimage\",\"url\":\"https:\\\/\\\/richter.ceo\\\/coxs\\\/wp-content\\\/uploads\\\/sites\\\/4\\\/2025\\\/05\\\/3035_xibal.jpg\",\"contentUrl\":\"https:\\\/\\\/richter.ceo\\\/coxs\\\/wp-content\\\/uploads\\\/sites\\\/4\\\/2025\\\/05\\\/3035_xibal.jpg\",\"width\":600,\"height\":711,\"caption\":\"COXS CLUB\"},{\"@type\":\"BreadcrumbList\",\"@id\":\"https:\\\/\\\/richter.ceo\\\/coxs\\\/en\\\/product\\\/xibal\\\/#breadcrumb\",\"itemListElement\":[{\"@type\":\"ListItem\",\"position\":1,\"name\":\"Dom\u016f\",\"item\":\"https:\\\/\\\/richter.ceo\\\/coxs\\\/\"},{\"@type\":\"ListItem\",\"position\":2,\"name\":\"N\u00c1POJE\",\"item\":\"https:\\\/\\\/richter.ceo\\\/coxs\\\/en\\\/napoje\\\/\"},{\"@type\":\"ListItem\",\"position\":3,\"name\":\"Xibal\"}]},{\"@type\":\"WebSite\",\"@id\":\"https:\\\/\\\/richter.ceo\\\/coxs\\\/en\\\/#website\",\"url\":\"https:\\\/\\\/richter.ceo\\\/coxs\\\/en\\\/\",\"name\":\"COXS CLUB\",\"description\":\"Beton a Rum\",\"publisher\":{\"@id\":\"https:\\\/\\\/richter.ceo\\\/coxs\\\/en\\\/#organization\"},\"potentialAction\":[{\"@type\":\"SearchAction\",\"target\":{\"@type\":\"EntryPoint\",\"urlTemplate\":\"https:\\\/\\\/richter.ceo\\\/coxs\\\/en\\\/?s={search_term_string}\"},\"query-input\":{\"@type\":\"PropertyValueSpecification\",\"valueRequired\":true,\"valueName\":\"search_term_string\"}}],\"inLanguage\":\"en-GB\"},{\"@type\":\"Organization\",\"@id\":\"https:\\\/\\\/richter.ceo\\\/coxs\\\/en\\\/#organization\",\"name\":\"COXS CLUB\",\"url\":\"https:\\\/\\\/richter.ceo\\\/coxs\\\/en\\\/\",\"logo\":{\"@type\":\"ImageObject\",\"inLanguage\":\"en-GB\",\"@id\":\"https:\\\/\\\/richter.ceo\\\/coxs\\\/en\\\/#\\\/schema\\\/logo\\\/image\\\/\",\"url\":\"http:\\\/\\\/richter.ceo\\\/coxs\\\/wp-content\\\/uploads\\\/sites\\\/4\\\/2025\\\/05\\\/FAVICON-dark.webp\",\"contentUrl\":\"http:\\\/\\\/richter.ceo\\\/coxs\\\/wp-content\\\/uploads\\\/sites\\\/4\\\/2025\\\/05\\\/FAVICON-dark.webp\",\"width\":512,\"height\":512,\"caption\":\"COXS CLUB\"},\"image\":{\"@id\":\"https:\\\/\\\/richter.ceo\\\/coxs\\\/en\\\/#\\\/schema\\\/logo\\\/image\\\/\"},\"sameAs\":[\"https:\\\/\\\/www.facebook.com\\\/profile.php?id=100088204002615\",\"https:\\\/\\\/www.instagram.com\\\/coxs_coxs\\\/\"]}]}<\/script>\n<!-- \/ Yoast SEO plugin. -->","yoast_head_json":{"title":"Xibal","description":"Gin inspirovan\u00fd Guatemalou a\u00a0mayskou kulturou, kter\u00e1 je s\u00a0jej\u00ed histori\u00ed \u00fazce spjat\u00e1. &nbsp; Gin je vyr\u00e1b\u011bn \u0159emesln\u00fdm zp\u016fsobem, s\u00a0vysok\u00fdm d\u016frazem na","robots":{"index":"index","follow":"follow","max-snippet":"max-snippet:-1","max-image-preview":"max-image-preview:large","max-video-preview":"max-video-preview:-1"},"canonical":"https:\/\/richter.ceo\/coxs\/en\/product\/xibal\/","og_locale":"en_GB","og_type":"article","og_title":"Xibal","og_description":"Gin inspirovan\u00fd Guatemalou a\u00a0mayskou kulturou, kter\u00e1 je s\u00a0jej\u00ed histori\u00ed \u00fazce spjat\u00e1. &nbsp; Gin je vyr\u00e1b\u011bn \u0159emesln\u00fdm zp\u016fsobem, s\u00a0vysok\u00fdm d\u016frazem na","og_url":"https:\/\/richter.ceo\/coxs\/en\/product\/xibal\/","og_site_name":"COXS CLUB","article_publisher":"https:\/\/www.facebook.com\/profile.php?id=100088204002615","article_modified_time":"2025-05-11T22:40:47+00:00","og_image":[{"width":600,"height":711,"url":"https:\/\/richter.ceo\/coxs\/wp-content\/uploads\/sites\/4\/2025\/05\/3035_xibal.jpg","type":"image\/jpeg"}],"twitter_card":"summary_large_image","twitter_misc":{"Estimated reading time":"2 minutes"},"schema":{"@context":"https:\/\/schema.org","@graph":[{"@type":"WebPage","@id":"https:\/\/richter.ceo\/coxs\/en\/product\/xibal\/","url":"https:\/\/richter.ceo\/coxs\/en\/product\/xibal\/","name":"Xibal","isPartOf":{"@id":"https:\/\/richter.ceo\/coxs\/en\/#website"},"primaryImageOfPage":{"@id":"https:\/\/richter.ceo\/coxs\/en\/product\/xibal\/#primaryimage"},"image":{"@id":"https:\/\/richter.ceo\/coxs\/en\/product\/xibal\/#primaryimage"},"thumbnailUrl":"https:\/\/richter.ceo\/coxs\/wp-content\/uploads\/sites\/4\/2025\/05\/3035_xibal.jpg","datePublished":"2025-05-11T22:38:57+00:00","dateModified":"2025-05-11T22:40:47+00:00","description":"Gin inspirovan\u00fd Guatemalou a\u00a0mayskou kulturou, kter\u00e1 je s\u00a0jej\u00ed histori\u00ed \u00fazce spjat\u00e1. &nbsp; Gin je vyr\u00e1b\u011bn \u0159emesln\u00fdm zp\u016fsobem, s\u00a0vysok\u00fdm d\u016frazem na","breadcrumb":{"@id":"https:\/\/richter.ceo\/coxs\/en\/product\/xibal\/#breadcrumb"},"inLanguage":"en-GB","potentialAction":[{"@type":"ReadAction","target":["https:\/\/richter.ceo\/coxs\/en\/product\/xibal\/"]}]},{"@type":"ImageObject","inLanguage":"en-GB","@id":"https:\/\/richter.ceo\/coxs\/en\/product\/xibal\/#primaryimage","url":"https:\/\/richter.ceo\/coxs\/wp-content\/uploads\/sites\/4\/2025\/05\/3035_xibal.jpg","contentUrl":"https:\/\/richter.ceo\/coxs\/wp-content\/uploads\/sites\/4\/2025\/05\/3035_xibal.jpg","width":600,"height":711,"caption":"COXS CLUB"},{"@type":"BreadcrumbList","@id":"https:\/\/richter.ceo\/coxs\/en\/product\/xibal\/#breadcrumb","itemListElement":[{"@type":"ListItem","position":1,"name":"Dom\u016f","item":"https:\/\/richter.ceo\/coxs\/"},{"@type":"ListItem","position":2,"name":"N\u00c1POJE","item":"https:\/\/richter.ceo\/coxs\/en\/napoje\/"},{"@type":"ListItem","position":3,"name":"Xibal"}]},{"@type":"WebSite","@id":"https:\/\/richter.ceo\/coxs\/en\/#website","url":"https:\/\/richter.ceo\/coxs\/en\/","name":"COXS CLUB","description":"Beton a Rum","publisher":{"@id":"https:\/\/richter.ceo\/coxs\/en\/#organization"},"potentialAction":[{"@type":"SearchAction","target":{"@type":"EntryPoint","urlTemplate":"https:\/\/richter.ceo\/coxs\/en\/?s={search_term_string}"},"query-input":{"@type":"PropertyValueSpecification","valueRequired":true,"valueName":"search_term_string"}}],"inLanguage":"en-GB"},{"@type":"Organization","@id":"https:\/\/richter.ceo\/coxs\/en\/#organization","name":"COXS CLUB","url":"https:\/\/richter.ceo\/coxs\/en\/","logo":{"@type":"ImageObject","inLanguage":"en-GB","@id":"https:\/\/richter.ceo\/coxs\/en\/#\/schema\/logo\/image\/","url":"http:\/\/richter.ceo\/coxs\/wp-content\/uploads\/sites\/4\/2025\/05\/FAVICON-dark.webp","contentUrl":"http:\/\/richter.ceo\/coxs\/wp-content\/uploads\/sites\/4\/2025\/05\/FAVICON-dark.webp","width":512,"height":512,"caption":"COXS CLUB"},"image":{"@id":"https:\/\/richter.ceo\/coxs\/en\/#\/schema\/logo\/image\/"},"sameAs":["https:\/\/www.facebook.com\/profile.php?id=100088204002615","https:\/\/www.instagram.com\/coxs_coxs\/"]}]}},"_links":{"self":[{"href":"https:\/\/richter.ceo\/coxs\/en\/wp-json\/wp\/v2\/product\/795","targetHints":{"allow":["GET"]}}],"collection":[{"href":"https:\/\/richter.ceo\/coxs\/en\/wp-json\/wp\/v2\/product"}],"about":[{"href":"https:\/\/richter.ceo\/coxs\/en\/wp-json\/wp\/v2\/types\/product"}],"wp:featuredmedia":[{"embeddable":true,"href":"https:\/\/richter.ceo\/coxs\/en\/wp-json\/wp\/v2\/media\/691"}],"wp:attachment":[{"href":"https:\/\/richter.ceo\/coxs\/en\/wp-json\/wp\/v2\/media?parent=795"}],"wp:term":[{"taxonomy":"product_brand","embeddable":true,"href":"https:\/\/richter.ceo\/coxs\/en\/wp-json\/wp\/v2\/product_brand?post=795"},{"taxonomy":"product_cat","embeddable":true,"href":"https:\/\/richter.ceo\/coxs\/en\/wp-json\/wp\/v2\/product_cat?post=795"},{"taxonomy":"product_tag","embeddable":true,"href":"https:\/\/richter.ceo\/coxs\/en\/wp-json\/wp\/v2\/product_tag?post=795"}],"curies":[{"name":"wp","href":"https:\/\/api.w.org\/{rel}","templated":true}]}}