{"id":952,"date":"2025-05-12T15:46:00","date_gmt":"2025-05-12T13:46:00","guid":{"rendered":"https:\/\/richter.ceo\/coxsclub\/?post_type=product&#038;p=952"},"modified":"2025-05-12T15:46:00","modified_gmt":"2025-05-12T13:46:00","slug":"hatozaki-blended","status":"publish","type":"product","link":"https:\/\/richter.ceo\/coxs\/en\/product\/hatozaki-blended\/","title":{"rendered":"Hatozaki Blended"},"content":{"rendered":"<div class=\"elementor-column elementor-col-50 elementor-inner-column elementor-element elementor-element-df5ea97\" data-id=\"df5ea97\" data-element_type=\"column\">\n<div class=\"elementor-widget-wrap elementor-element-populated\">\n<div class=\"elementor-element elementor-element-5f45f876 elementor-widget elementor-widget-woocommerce-product-short-description\" data-id=\"5f45f876\" data-element_type=\"widget\" data-widget_type=\"woocommerce-product-short-description.default\">\n<div class=\"elementor-widget-container\">\n<div class=\"woocommerce-product-details__short-description\">\n<p>Hatozaki Japanese Blended Whisky je pojmenov\u00e1na podle maj\u00e1ku Hatozaki, nejstar\u0161\u00edho japonsk\u00e9ho maj\u00e1ku. Zraje v mnoha r\u016fzn\u00fdch typech sud\u016f, v\u010detn\u011b sherry, bourbonu a dubu Mizunara, co\u017e prop\u016fj\u010duje komplexn\u00ed chu\u0165ov\u00fd profil. V\u016fn\u011b lehce sladk\u00e1 s cere\u00e1ln\u00edmi t\u00f3ny a vo\u0148avou citr\u00f3novou tr\u00e1vou. Pozd\u011bji se objevuj\u00ed ovocn\u00e9 t\u00f3ny nektarinky a ban\u00e1n\u016f. V chuti je c\u00edtit obiln\u00e1 sladkost, n\u00e1dech medu a pomeran\u010dov\u00e9 kv\u011bty. V zakon\u010den\u00ed se objev\u00ed mastn\u00e1 o\u0159echov\u00e1 p\u0159\u00edchu\u0165.<\/p>\n<\/div>\n<\/div>\n<\/div>\n<\/div>\n<\/div>","protected":false},"excerpt":{"rendered":"<p>Hatozaki Japanese Blended Whisky je pojmenov\u00e1na podle maj\u00e1ku Hatozaki, nejstar\u0161\u00edho japonsk\u00e9ho maj\u00e1ku. Zraje v mnoha r\u016fzn\u00fdch typech sud\u016f, v\u010detn\u011b sherry, bourbonu a dubu Mizunara, co\u017e prop\u016fj\u010duje komplexn\u00ed chu\u0165ov\u00fd profil. V\u016fn\u011b lehce sladk\u00e1 s cere\u00e1ln\u00edmi t\u00f3ny a vo\u0148avou citr\u00f3novou tr\u00e1vou. Pozd\u011bji se objevuj\u00ed ovocn\u00e9 t\u00f3ny nektarinky a ban\u00e1n\u016f. V chuti je c\u00edtit obiln\u00e1 sladkost, n\u00e1dech medu [&hellip;]<\/p>\n","protected":false},"featured_media":941,"template":"","meta":{"_acf_changed":false},"product_brand":[72],"product_cat":[50],"product_tag":[],"class_list":{"0":"post-952","1":"product","2":"type-product","3":"status-publish","4":"has-post-thumbnail","6":"product_brand-hatozaki","7":"product_cat-whisky","8":"pa_cena-za-004-l","9":"pa_obsah-alkoholu-21","10":"pa_zeme-japonsko","12":"first","13":"instock","14":"shipping-taxable","15":"purchasable","16":"product-type-simple"},"acf":[],"yoast_head":"<!-- This site is optimized with the Yoast SEO plugin v27.5 - https:\/\/yoast.com\/product\/yoast-seo-wordpress\/ -->\n<title>Hatozaki Blended<\/title>\n<meta name=\"description\" content=\"Hatozaki Japanese Blended Whisky je pojmenov\u00e1na podle maj\u00e1ku Hatozaki, nejstar\u0161\u00edho japonsk\u00e9ho maj\u00e1ku. Zraje v mnoha r\u016fzn\u00fdch typech sud\u016f, v\u010detn\u011b sherry,\" \/>\n<meta name=\"robots\" content=\"index, follow, max-snippet:-1, max-image-preview:large, max-video-preview:-1\" \/>\n<link rel=\"canonical\" href=\"https:\/\/richter.ceo\/coxs\/en\/product\/hatozaki-blended\/\" \/>\n<meta property=\"og:locale\" content=\"en_GB\" \/>\n<meta property=\"og:type\" content=\"article\" \/>\n<meta property=\"og:title\" content=\"Hatozaki Blended\" \/>\n<meta property=\"og:description\" content=\"Hatozaki Japanese Blended Whisky je pojmenov\u00e1na podle maj\u00e1ku Hatozaki, nejstar\u0161\u00edho japonsk\u00e9ho maj\u00e1ku. Zraje v mnoha r\u016fzn\u00fdch typech sud\u016f, v\u010detn\u011b sherry,\" \/>\n<meta property=\"og:url\" content=\"https:\/\/richter.ceo\/coxs\/en\/product\/hatozaki-blended\/\" \/>\n<meta property=\"og:site_name\" content=\"COXS CLUB\" \/>\n<meta property=\"article:publisher\" content=\"https:\/\/www.facebook.com\/profile.php?id=100088204002615\" \/>\n<meta property=\"og:image\" content=\"https:\/\/richter.ceo\/coxs\/wp-content\/uploads\/sites\/4\/2025\/05\/hatozaki_blended-864x1024-1.jpg\" \/>\n\t<meta property=\"og:image:width\" content=\"864\" \/>\n\t<meta property=\"og:image:height\" content=\"1024\" \/>\n\t<meta property=\"og:image:type\" content=\"image\/jpeg\" \/>\n<meta name=\"twitter:card\" content=\"summary_large_image\" \/>\n<script type=\"application\/ld+json\" class=\"yoast-schema-graph\">{\"@context\":\"https:\\\/\\\/schema.org\",\"@graph\":[{\"@type\":\"WebPage\",\"@id\":\"https:\\\/\\\/richter.ceo\\\/coxs\\\/en\\\/product\\\/hatozaki-blended\\\/\",\"url\":\"https:\\\/\\\/richter.ceo\\\/coxs\\\/en\\\/product\\\/hatozaki-blended\\\/\",\"name\":\"Hatozaki Blended\",\"isPartOf\":{\"@id\":\"https:\\\/\\\/richter.ceo\\\/coxs\\\/en\\\/#website\"},\"primaryImageOfPage\":{\"@id\":\"https:\\\/\\\/richter.ceo\\\/coxs\\\/en\\\/product\\\/hatozaki-blended\\\/#primaryimage\"},\"image\":{\"@id\":\"https:\\\/\\\/richter.ceo\\\/coxs\\\/en\\\/product\\\/hatozaki-blended\\\/#primaryimage\"},\"thumbnailUrl\":\"https:\\\/\\\/richter.ceo\\\/coxs\\\/wp-content\\\/uploads\\\/sites\\\/4\\\/2025\\\/05\\\/hatozaki_blended-864x1024-1.jpg\",\"datePublished\":\"2025-05-12T13:46:00+00:00\",\"description\":\"Hatozaki Japanese Blended Whisky je pojmenov\u00e1na podle maj\u00e1ku Hatozaki, nejstar\u0161\u00edho japonsk\u00e9ho maj\u00e1ku. Zraje v mnoha r\u016fzn\u00fdch typech sud\u016f, v\u010detn\u011b sherry,\",\"breadcrumb\":{\"@id\":\"https:\\\/\\\/richter.ceo\\\/coxs\\\/en\\\/product\\\/hatozaki-blended\\\/#breadcrumb\"},\"inLanguage\":\"en-GB\",\"potentialAction\":[{\"@type\":\"ReadAction\",\"target\":[\"https:\\\/\\\/richter.ceo\\\/coxs\\\/en\\\/product\\\/hatozaki-blended\\\/\"]}]},{\"@type\":\"ImageObject\",\"inLanguage\":\"en-GB\",\"@id\":\"https:\\\/\\\/richter.ceo\\\/coxs\\\/en\\\/product\\\/hatozaki-blended\\\/#primaryimage\",\"url\":\"https:\\\/\\\/richter.ceo\\\/coxs\\\/wp-content\\\/uploads\\\/sites\\\/4\\\/2025\\\/05\\\/hatozaki_blended-864x1024-1.jpg\",\"contentUrl\":\"https:\\\/\\\/richter.ceo\\\/coxs\\\/wp-content\\\/uploads\\\/sites\\\/4\\\/2025\\\/05\\\/hatozaki_blended-864x1024-1.jpg\",\"width\":864,\"height\":1024,\"caption\":\"COXS CLUB\"},{\"@type\":\"BreadcrumbList\",\"@id\":\"https:\\\/\\\/richter.ceo\\\/coxs\\\/en\\\/product\\\/hatozaki-blended\\\/#breadcrumb\",\"itemListElement\":[{\"@type\":\"ListItem\",\"position\":1,\"name\":\"Dom\u016f\",\"item\":\"https:\\\/\\\/richter.ceo\\\/coxs\\\/\"},{\"@type\":\"ListItem\",\"position\":2,\"name\":\"N\u00c1POJE\",\"item\":\"https:\\\/\\\/richter.ceo\\\/coxs\\\/en\\\/napoje\\\/\"},{\"@type\":\"ListItem\",\"position\":3,\"name\":\"Hatozaki Blended\"}]},{\"@type\":\"WebSite\",\"@id\":\"https:\\\/\\\/richter.ceo\\\/coxs\\\/en\\\/#website\",\"url\":\"https:\\\/\\\/richter.ceo\\\/coxs\\\/en\\\/\",\"name\":\"COXS CLUB\",\"description\":\"Beton a Rum\",\"publisher\":{\"@id\":\"https:\\\/\\\/richter.ceo\\\/coxs\\\/en\\\/#organization\"},\"potentialAction\":[{\"@type\":\"SearchAction\",\"target\":{\"@type\":\"EntryPoint\",\"urlTemplate\":\"https:\\\/\\\/richter.ceo\\\/coxs\\\/en\\\/?s={search_term_string}\"},\"query-input\":{\"@type\":\"PropertyValueSpecification\",\"valueRequired\":true,\"valueName\":\"search_term_string\"}}],\"inLanguage\":\"en-GB\"},{\"@type\":\"Organization\",\"@id\":\"https:\\\/\\\/richter.ceo\\\/coxs\\\/en\\\/#organization\",\"name\":\"COXS CLUB\",\"url\":\"https:\\\/\\\/richter.ceo\\\/coxs\\\/en\\\/\",\"logo\":{\"@type\":\"ImageObject\",\"inLanguage\":\"en-GB\",\"@id\":\"https:\\\/\\\/richter.ceo\\\/coxs\\\/en\\\/#\\\/schema\\\/logo\\\/image\\\/\",\"url\":\"http:\\\/\\\/richter.ceo\\\/coxs\\\/wp-content\\\/uploads\\\/sites\\\/4\\\/2025\\\/05\\\/FAVICON-dark.webp\",\"contentUrl\":\"http:\\\/\\\/richter.ceo\\\/coxs\\\/wp-content\\\/uploads\\\/sites\\\/4\\\/2025\\\/05\\\/FAVICON-dark.webp\",\"width\":512,\"height\":512,\"caption\":\"COXS CLUB\"},\"image\":{\"@id\":\"https:\\\/\\\/richter.ceo\\\/coxs\\\/en\\\/#\\\/schema\\\/logo\\\/image\\\/\"},\"sameAs\":[\"https:\\\/\\\/www.facebook.com\\\/profile.php?id=100088204002615\",\"https:\\\/\\\/www.instagram.com\\\/coxs_coxs\\\/\"]}]}<\/script>\n<!-- \/ Yoast SEO plugin. -->","yoast_head_json":{"title":"Hatozaki Blended","description":"Hatozaki Japanese Blended Whisky je pojmenov\u00e1na podle maj\u00e1ku Hatozaki, nejstar\u0161\u00edho japonsk\u00e9ho maj\u00e1ku. Zraje v mnoha r\u016fzn\u00fdch typech sud\u016f, v\u010detn\u011b sherry,","robots":{"index":"index","follow":"follow","max-snippet":"max-snippet:-1","max-image-preview":"max-image-preview:large","max-video-preview":"max-video-preview:-1"},"canonical":"https:\/\/richter.ceo\/coxs\/en\/product\/hatozaki-blended\/","og_locale":"en_GB","og_type":"article","og_title":"Hatozaki Blended","og_description":"Hatozaki Japanese Blended Whisky je pojmenov\u00e1na podle maj\u00e1ku Hatozaki, nejstar\u0161\u00edho japonsk\u00e9ho maj\u00e1ku. Zraje v mnoha r\u016fzn\u00fdch typech sud\u016f, v\u010detn\u011b sherry,","og_url":"https:\/\/richter.ceo\/coxs\/en\/product\/hatozaki-blended\/","og_site_name":"COXS CLUB","article_publisher":"https:\/\/www.facebook.com\/profile.php?id=100088204002615","og_image":[{"width":864,"height":1024,"url":"https:\/\/richter.ceo\/coxs\/wp-content\/uploads\/sites\/4\/2025\/05\/hatozaki_blended-864x1024-1.jpg","type":"image\/jpeg"}],"twitter_card":"summary_large_image","schema":{"@context":"https:\/\/schema.org","@graph":[{"@type":"WebPage","@id":"https:\/\/richter.ceo\/coxs\/en\/product\/hatozaki-blended\/","url":"https:\/\/richter.ceo\/coxs\/en\/product\/hatozaki-blended\/","name":"Hatozaki Blended","isPartOf":{"@id":"https:\/\/richter.ceo\/coxs\/en\/#website"},"primaryImageOfPage":{"@id":"https:\/\/richter.ceo\/coxs\/en\/product\/hatozaki-blended\/#primaryimage"},"image":{"@id":"https:\/\/richter.ceo\/coxs\/en\/product\/hatozaki-blended\/#primaryimage"},"thumbnailUrl":"https:\/\/richter.ceo\/coxs\/wp-content\/uploads\/sites\/4\/2025\/05\/hatozaki_blended-864x1024-1.jpg","datePublished":"2025-05-12T13:46:00+00:00","description":"Hatozaki Japanese Blended Whisky je pojmenov\u00e1na podle maj\u00e1ku Hatozaki, nejstar\u0161\u00edho japonsk\u00e9ho maj\u00e1ku. Zraje v mnoha r\u016fzn\u00fdch typech sud\u016f, v\u010detn\u011b sherry,","breadcrumb":{"@id":"https:\/\/richter.ceo\/coxs\/en\/product\/hatozaki-blended\/#breadcrumb"},"inLanguage":"en-GB","potentialAction":[{"@type":"ReadAction","target":["https:\/\/richter.ceo\/coxs\/en\/product\/hatozaki-blended\/"]}]},{"@type":"ImageObject","inLanguage":"en-GB","@id":"https:\/\/richter.ceo\/coxs\/en\/product\/hatozaki-blended\/#primaryimage","url":"https:\/\/richter.ceo\/coxs\/wp-content\/uploads\/sites\/4\/2025\/05\/hatozaki_blended-864x1024-1.jpg","contentUrl":"https:\/\/richter.ceo\/coxs\/wp-content\/uploads\/sites\/4\/2025\/05\/hatozaki_blended-864x1024-1.jpg","width":864,"height":1024,"caption":"COXS CLUB"},{"@type":"BreadcrumbList","@id":"https:\/\/richter.ceo\/coxs\/en\/product\/hatozaki-blended\/#breadcrumb","itemListElement":[{"@type":"ListItem","position":1,"name":"Dom\u016f","item":"https:\/\/richter.ceo\/coxs\/"},{"@type":"ListItem","position":2,"name":"N\u00c1POJE","item":"https:\/\/richter.ceo\/coxs\/en\/napoje\/"},{"@type":"ListItem","position":3,"name":"Hatozaki Blended"}]},{"@type":"WebSite","@id":"https:\/\/richter.ceo\/coxs\/en\/#website","url":"https:\/\/richter.ceo\/coxs\/en\/","name":"COXS CLUB","description":"Beton a Rum","publisher":{"@id":"https:\/\/richter.ceo\/coxs\/en\/#organization"},"potentialAction":[{"@type":"SearchAction","target":{"@type":"EntryPoint","urlTemplate":"https:\/\/richter.ceo\/coxs\/en\/?s={search_term_string}"},"query-input":{"@type":"PropertyValueSpecification","valueRequired":true,"valueName":"search_term_string"}}],"inLanguage":"en-GB"},{"@type":"Organization","@id":"https:\/\/richter.ceo\/coxs\/en\/#organization","name":"COXS CLUB","url":"https:\/\/richter.ceo\/coxs\/en\/","logo":{"@type":"ImageObject","inLanguage":"en-GB","@id":"https:\/\/richter.ceo\/coxs\/en\/#\/schema\/logo\/image\/","url":"http:\/\/richter.ceo\/coxs\/wp-content\/uploads\/sites\/4\/2025\/05\/FAVICON-dark.webp","contentUrl":"http:\/\/richter.ceo\/coxs\/wp-content\/uploads\/sites\/4\/2025\/05\/FAVICON-dark.webp","width":512,"height":512,"caption":"COXS CLUB"},"image":{"@id":"https:\/\/richter.ceo\/coxs\/en\/#\/schema\/logo\/image\/"},"sameAs":["https:\/\/www.facebook.com\/profile.php?id=100088204002615","https:\/\/www.instagram.com\/coxs_coxs\/"]}]}},"_links":{"self":[{"href":"https:\/\/richter.ceo\/coxs\/en\/wp-json\/wp\/v2\/product\/952","targetHints":{"allow":["GET"]}}],"collection":[{"href":"https:\/\/richter.ceo\/coxs\/en\/wp-json\/wp\/v2\/product"}],"about":[{"href":"https:\/\/richter.ceo\/coxs\/en\/wp-json\/wp\/v2\/types\/product"}],"wp:featuredmedia":[{"embeddable":true,"href":"https:\/\/richter.ceo\/coxs\/en\/wp-json\/wp\/v2\/media\/941"}],"wp:attachment":[{"href":"https:\/\/richter.ceo\/coxs\/en\/wp-json\/wp\/v2\/media?parent=952"}],"wp:term":[{"taxonomy":"product_brand","embeddable":true,"href":"https:\/\/richter.ceo\/coxs\/en\/wp-json\/wp\/v2\/product_brand?post=952"},{"taxonomy":"product_cat","embeddable":true,"href":"https:\/\/richter.ceo\/coxs\/en\/wp-json\/wp\/v2\/product_cat?post=952"},{"taxonomy":"product_tag","embeddable":true,"href":"https:\/\/richter.ceo\/coxs\/en\/wp-json\/wp\/v2\/product_tag?post=952"}],"curies":[{"name":"wp","href":"https:\/\/api.w.org\/{rel}","templated":true}]}}