{"id":958,"date":"2025-05-12T16:25:15","date_gmt":"2025-05-12T14:25:15","guid":{"rendered":"https:\/\/richter.ceo\/coxsclub\/?post_type=product&#038;p=958"},"modified":"2025-05-12T16:25:15","modified_gmt":"2025-05-12T14:25:15","slug":"campari","status":"publish","type":"product","link":"https:\/\/richter.ceo\/coxs\/en\/product\/campari\/","title":{"rendered":"Campari"},"content":{"rendered":"<div class=\"elementor-column elementor-col-50 elementor-inner-column elementor-element elementor-element-df5ea97\" data-id=\"df5ea97\" data-element_type=\"column\">\n<div class=\"elementor-widget-wrap elementor-element-populated\">\n<div class=\"elementor-element elementor-element-5f45f876 elementor-widget elementor-widget-woocommerce-product-short-description\" data-id=\"5f45f876\" data-element_type=\"widget\" data-widget_type=\"woocommerce-product-short-description.default\">\n<div class=\"elementor-widget-container\">\n<div class=\"woocommerce-product-details__short-description\">\n<p>Ani bitter, ani lik\u00e9r\u2026 prost\u011b Campari. Pr\u00e1vem se \u0159\u00edk\u00e1, \u017ee bez Campari nen\u00ed bar. Dob\u0159e se hod\u00ed do jednoduch\u00fdch m\u00edchan\u00fdch n\u00e1poj\u016f, jako jsou Campari Orange a Campari &amp; Tonic, jim\u017e prop\u016fj\u010duje rafinovanou chu\u0165. Krom\u011b toho je z\u00e1kladem cel\u00e9 \u0159ady proslul\u00fdch klasick\u00fdch koktejl\u016f, jako jsou Negroni a Americano. Recepturu vymyslel Gaspare Campari ji\u017e v roce 1860 a Campari brzy z\u00edskalo v\u011bhlas jako ned\u00edln\u00e1 sou\u010d\u00e1st aperitivo momentu, kdy jsou tradi\u010dn\u00ed drinky z Campari pod\u00e1v\u00e1ny s mal\u00fdmi porcemi kvalitn\u00edch jednoduch\u00fdch j\u00eddel.<\/p>\n<\/div>\n<\/div>\n<\/div>\n<\/div>\n<\/div>","protected":false},"excerpt":{"rendered":"<p>Ani bitter, ani lik\u00e9r\u2026 prost\u011b Campari. Pr\u00e1vem se \u0159\u00edk\u00e1, \u017ee bez Campari nen\u00ed bar. Dob\u0159e se hod\u00ed do jednoduch\u00fdch m\u00edchan\u00fdch n\u00e1poj\u016f, jako jsou Campari Orange a Campari &amp; Tonic, jim\u017e prop\u016fj\u010duje rafinovanou chu\u0165. Krom\u011b toho je z\u00e1kladem cel\u00e9 \u0159ady proslul\u00fdch klasick\u00fdch koktejl\u016f, jako jsou Negroni a Americano. Recepturu vymyslel Gaspare Campari ji\u017e v roce 1860 [&hellip;]<\/p>\n","protected":false},"featured_media":930,"template":"","meta":{"_acf_changed":false},"product_brand":[78],"product_cat":[76],"product_tag":[],"class_list":{"0":"post-958","1":"product","2":"type-product","3":"status-publish","4":"has-post-thumbnail","6":"product_brand-campari","7":"product_cat-liker","8":"pa_cena-za-004-l","9":"pa_obsah-alkoholu-79","10":"pa_zeme-italie","12":"first","13":"instock","14":"shipping-taxable","15":"purchasable","16":"product-type-simple"},"acf":[],"yoast_head":"<!-- This site is optimized with the Yoast SEO plugin v27.5 - https:\/\/yoast.com\/product\/yoast-seo-wordpress\/ -->\n<title>Campari<\/title>\n<meta name=\"description\" content=\"Ani bitter, ani lik\u00e9r\u2026 prost\u011b Campari. Pr\u00e1vem se \u0159\u00edk\u00e1, \u017ee bez Campari nen\u00ed bar. Dob\u0159e se hod\u00ed do jednoduch\u00fdch m\u00edchan\u00fdch n\u00e1poj\u016f, jako jsou Campari Orange a\" \/>\n<meta name=\"robots\" content=\"index, follow, max-snippet:-1, max-image-preview:large, max-video-preview:-1\" \/>\n<link rel=\"canonical\" href=\"https:\/\/richter.ceo\/coxs\/en\/product\/campari\/\" \/>\n<meta property=\"og:locale\" content=\"en_GB\" \/>\n<meta property=\"og:type\" content=\"article\" \/>\n<meta property=\"og:title\" content=\"Campari\" \/>\n<meta property=\"og:description\" content=\"Ani bitter, ani lik\u00e9r\u2026 prost\u011b Campari. Pr\u00e1vem se \u0159\u00edk\u00e1, \u017ee bez Campari nen\u00ed bar. Dob\u0159e se hod\u00ed do jednoduch\u00fdch m\u00edchan\u00fdch n\u00e1poj\u016f, jako jsou Campari Orange a\" \/>\n<meta property=\"og:url\" content=\"https:\/\/richter.ceo\/coxs\/en\/product\/campari\/\" \/>\n<meta property=\"og:site_name\" content=\"COXS CLUB\" \/>\n<meta property=\"article:publisher\" content=\"https:\/\/www.facebook.com\/profile.php?id=100088204002615\" \/>\n<meta property=\"og:image\" content=\"https:\/\/richter.ceo\/coxs\/wp-content\/uploads\/sites\/4\/2025\/05\/2390_campari_1_l.jpg\" \/>\n\t<meta property=\"og:image:width\" content=\"600\" \/>\n\t<meta property=\"og:image:height\" content=\"711\" \/>\n\t<meta property=\"og:image:type\" content=\"image\/jpeg\" \/>\n<meta name=\"twitter:card\" content=\"summary_large_image\" \/>\n<meta name=\"twitter:label1\" content=\"Estimated reading time\" \/>\n\t<meta name=\"twitter:data1\" content=\"1 minute\" \/>\n<script type=\"application\/ld+json\" class=\"yoast-schema-graph\">{\"@context\":\"https:\\\/\\\/schema.org\",\"@graph\":[{\"@type\":\"WebPage\",\"@id\":\"https:\\\/\\\/richter.ceo\\\/coxs\\\/en\\\/product\\\/campari\\\/\",\"url\":\"https:\\\/\\\/richter.ceo\\\/coxs\\\/en\\\/product\\\/campari\\\/\",\"name\":\"Campari\",\"isPartOf\":{\"@id\":\"https:\\\/\\\/richter.ceo\\\/coxs\\\/en\\\/#website\"},\"primaryImageOfPage\":{\"@id\":\"https:\\\/\\\/richter.ceo\\\/coxs\\\/en\\\/product\\\/campari\\\/#primaryimage\"},\"image\":{\"@id\":\"https:\\\/\\\/richter.ceo\\\/coxs\\\/en\\\/product\\\/campari\\\/#primaryimage\"},\"thumbnailUrl\":\"https:\\\/\\\/richter.ceo\\\/coxs\\\/wp-content\\\/uploads\\\/sites\\\/4\\\/2025\\\/05\\\/2390_campari_1_l.jpg\",\"datePublished\":\"2025-05-12T14:25:15+00:00\",\"description\":\"Ani bitter, ani lik\u00e9r\u2026 prost\u011b Campari. Pr\u00e1vem se \u0159\u00edk\u00e1, \u017ee bez Campari nen\u00ed bar. Dob\u0159e se hod\u00ed do jednoduch\u00fdch m\u00edchan\u00fdch n\u00e1poj\u016f, jako jsou Campari Orange a\",\"breadcrumb\":{\"@id\":\"https:\\\/\\\/richter.ceo\\\/coxs\\\/en\\\/product\\\/campari\\\/#breadcrumb\"},\"inLanguage\":\"en-GB\",\"potentialAction\":[{\"@type\":\"ReadAction\",\"target\":[\"https:\\\/\\\/richter.ceo\\\/coxs\\\/en\\\/product\\\/campari\\\/\"]}]},{\"@type\":\"ImageObject\",\"inLanguage\":\"en-GB\",\"@id\":\"https:\\\/\\\/richter.ceo\\\/coxs\\\/en\\\/product\\\/campari\\\/#primaryimage\",\"url\":\"https:\\\/\\\/richter.ceo\\\/coxs\\\/wp-content\\\/uploads\\\/sites\\\/4\\\/2025\\\/05\\\/2390_campari_1_l.jpg\",\"contentUrl\":\"https:\\\/\\\/richter.ceo\\\/coxs\\\/wp-content\\\/uploads\\\/sites\\\/4\\\/2025\\\/05\\\/2390_campari_1_l.jpg\",\"width\":600,\"height\":711,\"caption\":\"COXS CLUB\"},{\"@type\":\"BreadcrumbList\",\"@id\":\"https:\\\/\\\/richter.ceo\\\/coxs\\\/en\\\/product\\\/campari\\\/#breadcrumb\",\"itemListElement\":[{\"@type\":\"ListItem\",\"position\":1,\"name\":\"Dom\u016f\",\"item\":\"https:\\\/\\\/richter.ceo\\\/coxs\\\/\"},{\"@type\":\"ListItem\",\"position\":2,\"name\":\"N\u00c1POJE\",\"item\":\"https:\\\/\\\/richter.ceo\\\/coxs\\\/en\\\/napoje\\\/\"},{\"@type\":\"ListItem\",\"position\":3,\"name\":\"Campari\"}]},{\"@type\":\"WebSite\",\"@id\":\"https:\\\/\\\/richter.ceo\\\/coxs\\\/en\\\/#website\",\"url\":\"https:\\\/\\\/richter.ceo\\\/coxs\\\/en\\\/\",\"name\":\"COXS CLUB\",\"description\":\"Beton a Rum\",\"publisher\":{\"@id\":\"https:\\\/\\\/richter.ceo\\\/coxs\\\/en\\\/#organization\"},\"potentialAction\":[{\"@type\":\"SearchAction\",\"target\":{\"@type\":\"EntryPoint\",\"urlTemplate\":\"https:\\\/\\\/richter.ceo\\\/coxs\\\/en\\\/?s={search_term_string}\"},\"query-input\":{\"@type\":\"PropertyValueSpecification\",\"valueRequired\":true,\"valueName\":\"search_term_string\"}}],\"inLanguage\":\"en-GB\"},{\"@type\":\"Organization\",\"@id\":\"https:\\\/\\\/richter.ceo\\\/coxs\\\/en\\\/#organization\",\"name\":\"COXS CLUB\",\"url\":\"https:\\\/\\\/richter.ceo\\\/coxs\\\/en\\\/\",\"logo\":{\"@type\":\"ImageObject\",\"inLanguage\":\"en-GB\",\"@id\":\"https:\\\/\\\/richter.ceo\\\/coxs\\\/en\\\/#\\\/schema\\\/logo\\\/image\\\/\",\"url\":\"http:\\\/\\\/richter.ceo\\\/coxs\\\/wp-content\\\/uploads\\\/sites\\\/4\\\/2025\\\/05\\\/FAVICON-dark.webp\",\"contentUrl\":\"http:\\\/\\\/richter.ceo\\\/coxs\\\/wp-content\\\/uploads\\\/sites\\\/4\\\/2025\\\/05\\\/FAVICON-dark.webp\",\"width\":512,\"height\":512,\"caption\":\"COXS CLUB\"},\"image\":{\"@id\":\"https:\\\/\\\/richter.ceo\\\/coxs\\\/en\\\/#\\\/schema\\\/logo\\\/image\\\/\"},\"sameAs\":[\"https:\\\/\\\/www.facebook.com\\\/profile.php?id=100088204002615\",\"https:\\\/\\\/www.instagram.com\\\/coxs_coxs\\\/\"]}]}<\/script>\n<!-- \/ Yoast SEO plugin. -->","yoast_head_json":{"title":"Campari","description":"Ani bitter, ani lik\u00e9r\u2026 prost\u011b Campari. Pr\u00e1vem se \u0159\u00edk\u00e1, \u017ee bez Campari nen\u00ed bar. Dob\u0159e se hod\u00ed do jednoduch\u00fdch m\u00edchan\u00fdch n\u00e1poj\u016f, jako jsou Campari Orange a","robots":{"index":"index","follow":"follow","max-snippet":"max-snippet:-1","max-image-preview":"max-image-preview:large","max-video-preview":"max-video-preview:-1"},"canonical":"https:\/\/richter.ceo\/coxs\/en\/product\/campari\/","og_locale":"en_GB","og_type":"article","og_title":"Campari","og_description":"Ani bitter, ani lik\u00e9r\u2026 prost\u011b Campari. Pr\u00e1vem se \u0159\u00edk\u00e1, \u017ee bez Campari nen\u00ed bar. Dob\u0159e se hod\u00ed do jednoduch\u00fdch m\u00edchan\u00fdch n\u00e1poj\u016f, jako jsou Campari Orange a","og_url":"https:\/\/richter.ceo\/coxs\/en\/product\/campari\/","og_site_name":"COXS CLUB","article_publisher":"https:\/\/www.facebook.com\/profile.php?id=100088204002615","og_image":[{"width":600,"height":711,"url":"https:\/\/richter.ceo\/coxs\/wp-content\/uploads\/sites\/4\/2025\/05\/2390_campari_1_l.jpg","type":"image\/jpeg"}],"twitter_card":"summary_large_image","twitter_misc":{"Estimated reading time":"1 minute"},"schema":{"@context":"https:\/\/schema.org","@graph":[{"@type":"WebPage","@id":"https:\/\/richter.ceo\/coxs\/en\/product\/campari\/","url":"https:\/\/richter.ceo\/coxs\/en\/product\/campari\/","name":"Campari","isPartOf":{"@id":"https:\/\/richter.ceo\/coxs\/en\/#website"},"primaryImageOfPage":{"@id":"https:\/\/richter.ceo\/coxs\/en\/product\/campari\/#primaryimage"},"image":{"@id":"https:\/\/richter.ceo\/coxs\/en\/product\/campari\/#primaryimage"},"thumbnailUrl":"https:\/\/richter.ceo\/coxs\/wp-content\/uploads\/sites\/4\/2025\/05\/2390_campari_1_l.jpg","datePublished":"2025-05-12T14:25:15+00:00","description":"Ani bitter, ani lik\u00e9r\u2026 prost\u011b Campari. Pr\u00e1vem se \u0159\u00edk\u00e1, \u017ee bez Campari nen\u00ed bar. Dob\u0159e se hod\u00ed do jednoduch\u00fdch m\u00edchan\u00fdch n\u00e1poj\u016f, jako jsou Campari Orange a","breadcrumb":{"@id":"https:\/\/richter.ceo\/coxs\/en\/product\/campari\/#breadcrumb"},"inLanguage":"en-GB","potentialAction":[{"@type":"ReadAction","target":["https:\/\/richter.ceo\/coxs\/en\/product\/campari\/"]}]},{"@type":"ImageObject","inLanguage":"en-GB","@id":"https:\/\/richter.ceo\/coxs\/en\/product\/campari\/#primaryimage","url":"https:\/\/richter.ceo\/coxs\/wp-content\/uploads\/sites\/4\/2025\/05\/2390_campari_1_l.jpg","contentUrl":"https:\/\/richter.ceo\/coxs\/wp-content\/uploads\/sites\/4\/2025\/05\/2390_campari_1_l.jpg","width":600,"height":711,"caption":"COXS CLUB"},{"@type":"BreadcrumbList","@id":"https:\/\/richter.ceo\/coxs\/en\/product\/campari\/#breadcrumb","itemListElement":[{"@type":"ListItem","position":1,"name":"Dom\u016f","item":"https:\/\/richter.ceo\/coxs\/"},{"@type":"ListItem","position":2,"name":"N\u00c1POJE","item":"https:\/\/richter.ceo\/coxs\/en\/napoje\/"},{"@type":"ListItem","position":3,"name":"Campari"}]},{"@type":"WebSite","@id":"https:\/\/richter.ceo\/coxs\/en\/#website","url":"https:\/\/richter.ceo\/coxs\/en\/","name":"COXS CLUB","description":"Beton a Rum","publisher":{"@id":"https:\/\/richter.ceo\/coxs\/en\/#organization"},"potentialAction":[{"@type":"SearchAction","target":{"@type":"EntryPoint","urlTemplate":"https:\/\/richter.ceo\/coxs\/en\/?s={search_term_string}"},"query-input":{"@type":"PropertyValueSpecification","valueRequired":true,"valueName":"search_term_string"}}],"inLanguage":"en-GB"},{"@type":"Organization","@id":"https:\/\/richter.ceo\/coxs\/en\/#organization","name":"COXS CLUB","url":"https:\/\/richter.ceo\/coxs\/en\/","logo":{"@type":"ImageObject","inLanguage":"en-GB","@id":"https:\/\/richter.ceo\/coxs\/en\/#\/schema\/logo\/image\/","url":"http:\/\/richter.ceo\/coxs\/wp-content\/uploads\/sites\/4\/2025\/05\/FAVICON-dark.webp","contentUrl":"http:\/\/richter.ceo\/coxs\/wp-content\/uploads\/sites\/4\/2025\/05\/FAVICON-dark.webp","width":512,"height":512,"caption":"COXS CLUB"},"image":{"@id":"https:\/\/richter.ceo\/coxs\/en\/#\/schema\/logo\/image\/"},"sameAs":["https:\/\/www.facebook.com\/profile.php?id=100088204002615","https:\/\/www.instagram.com\/coxs_coxs\/"]}]}},"_links":{"self":[{"href":"https:\/\/richter.ceo\/coxs\/en\/wp-json\/wp\/v2\/product\/958","targetHints":{"allow":["GET"]}}],"collection":[{"href":"https:\/\/richter.ceo\/coxs\/en\/wp-json\/wp\/v2\/product"}],"about":[{"href":"https:\/\/richter.ceo\/coxs\/en\/wp-json\/wp\/v2\/types\/product"}],"wp:featuredmedia":[{"embeddable":true,"href":"https:\/\/richter.ceo\/coxs\/en\/wp-json\/wp\/v2\/media\/930"}],"wp:attachment":[{"href":"https:\/\/richter.ceo\/coxs\/en\/wp-json\/wp\/v2\/media?parent=958"}],"wp:term":[{"taxonomy":"product_brand","embeddable":true,"href":"https:\/\/richter.ceo\/coxs\/en\/wp-json\/wp\/v2\/product_brand?post=958"},{"taxonomy":"product_cat","embeddable":true,"href":"https:\/\/richter.ceo\/coxs\/en\/wp-json\/wp\/v2\/product_cat?post=958"},{"taxonomy":"product_tag","embeddable":true,"href":"https:\/\/richter.ceo\/coxs\/en\/wp-json\/wp\/v2\/product_tag?post=958"}],"curies":[{"name":"wp","href":"https:\/\/api.w.org\/{rel}","templated":true}]}}