{"id":977,"date":"2025-05-12T17:19:17","date_gmt":"2025-05-12T15:19:17","guid":{"rendered":"https:\/\/richter.ceo\/coxsclub\/?post_type=product&#038;p=977"},"modified":"2025-05-12T17:19:18","modified_gmt":"2025-05-12T15:19:18","slug":"fassbind-lheritage-hruska","status":"publish","type":"product","link":"https:\/\/richter.ceo\/coxs\/en\/product\/fassbind-lheritage-hruska\/","title":{"rendered":"Fassbind L&#8217;Heritage &#8211; Hru\u0161ka"},"content":{"rendered":"<p>Tato \u0159ada ovocn\u00fdch destil\u00e1t\u016f Fassbind odkazuje na ko\u0159eny \u0161v\u00fdcarsk\u00fdch tradic. Design je odvozen z tradi\u010dn\u00edho \u0159emesln\u00e9ho zpracov\u00e1n\u00ed vzor\u016f, kter\u00fdmi byly zdobeny p\u00e1sy na kravsk\u00e9 zvonce. Vych\u00e1z\u00ed ze slo\u017eit\u00fdch ornament\u016f zobrazuj\u00edc\u00edch ovoce a kv\u011btiny. Sv\u00e9bytn\u00e1 kultura a u\u0161lechtil\u00fd vzhled i pe\u010dliv\u00e9 zpracov\u00e1n\u00ed se odr\u00e1\u017eej\u00ed tak\u00e9 v designu d\u00e1rkov\u00e9ho balen\u00ed a etiket. L\u00e1tkov\u00e1 stuha na hrdle l\u00e1hve podtrhuje \u0161v\u00fdcarskou \u0159emeslnou tradici. Ovocn\u00e9 lihoviny jsou vyr\u00e1b\u011bny ru\u010dn\u011b v pal\u00edrn\u011b v srdci \u0160v\u00fdcarska z ovoce, kter\u00e9 bylo vyp\u011bstov\u00e1no ve \u0160v\u00fdcarsku. V\u0161echny sou\u010d\u00e1sti produkt\u016f, jako jsou l\u00e1hev, z\u00e1tka, etikety a ozdoby na hrdlo l\u00e1hve poch\u00e1zej\u00ed od nejlep\u0161\u00edch v\u00fdrobc\u016f ve \u0160v\u00fdcarsku a Evrop\u011b.<\/p>\n<p>&nbsp;<\/p>\n<p>Destil\u00e1ty z t\u00e9to \u0159ady zraj\u00ed v sudech vyroben\u00fdch ze d\u0159eva odpov\u00eddaj\u00edc\u00edho ovocn\u00e9mu stromu \u2013 dod\u00e1vaj\u00ed tak lihovin\u011b zvl\u00e1\u0161tn\u00ed dotek ozna\u010dovan\u00fd jako \u201el\u2018heritage de bois\u201c \u2013 d\u011bdictv\u00ed d\u0159eva.<\/p>\n<p>&nbsp;<\/p>\n<p>Prune \u2013 zraje v sudech ze \u0161vestkov\u00e9ho d\u0159eva<\/p>\n<p>Poire Williams \u2013 zraje v sudech z hru\u0161kov\u00e9ho d\u0159eva<\/p>\n<p>Kirsch \u2013 zraje v sudech z t\u0159e\u0161\u0148ov\u00e9ho d\u0159eva<\/p>\n<p>&nbsp;<\/p>\n<div class=\"elementor-column elementor-col-50 elementor-inner-column elementor-element elementor-element-df5ea97\" data-id=\"df5ea97\" data-element_type=\"column\">\n<div class=\"elementor-widget-wrap elementor-element-populated\">\n<div class=\"elementor-element elementor-element-5f45f876 elementor-widget elementor-widget-woocommerce-product-short-description\" data-id=\"5f45f876\" data-element_type=\"widget\" data-widget_type=\"woocommerce-product-short-description.default\">\n<div class=\"elementor-widget-container\">\n<div class=\"woocommerce-product-details__short-description\">\n<p>Po skon\u010den\u00ed zr\u00e1n\u00ed jsou destil\u00e1ty \u0161etrn\u011b p\u0159efiltrov\u00e1ny a st\u00e1\u010deny do lahv\u00ed v tzv. s\u00edle sudu (cask strength). Poka\u017ed\u00e9 je st\u00e1\u010dena velmi limitovan\u00e1 edice, proto se p\u0159esn\u00e1 specifika, v\u010detn\u011b % alkoholu, mohou kdykoli zm\u011bnit. Na ka\u017ed\u00e9 etiket\u011b je ozna\u010den rok st\u00e1\u010den\u00ed, s\u00edla sudu (ABV), \u010d\u00edslo \u0161ar\u017ee a \u010d\u00edslo lahve. Po p\u0159id\u00e1n\u00ed n\u011bkolika kapek vody do destil\u00e1tu (podle p\u0159\u00e1n\u00ed) se rozvine oh\u0148ostroj dal\u0161\u00edch chut\u00ed a dojm\u016f.<\/p>\n<\/div>\n<\/div>\n<\/div>\n<\/div>\n<\/div>","protected":false},"excerpt":{"rendered":"<p>Tato \u0159ada ovocn\u00fdch destil\u00e1t\u016f Fassbind odkazuje na ko\u0159eny \u0161v\u00fdcarsk\u00fdch tradic. Design je odvozen z tradi\u010dn\u00edho \u0159emesln\u00e9ho zpracov\u00e1n\u00ed vzor\u016f, kter\u00fdmi byly zdobeny p\u00e1sy na kravsk\u00e9 zvonce. Vych\u00e1z\u00ed ze slo\u017eit\u00fdch ornament\u016f zobrazuj\u00edc\u00edch ovoce a kv\u011btiny. Sv\u00e9bytn\u00e1 kultura a u\u0161lechtil\u00fd vzhled i pe\u010dliv\u00e9 zpracov\u00e1n\u00ed se odr\u00e1\u017eej\u00ed tak\u00e9 v designu d\u00e1rkov\u00e9ho balen\u00ed a etiket. L\u00e1tkov\u00e1 stuha na hrdle l\u00e1hve [&hellip;]<\/p>\n","protected":false},"featured_media":929,"template":"","meta":{"_acf_changed":false},"product_brand":[92],"product_cat":[95],"product_tag":[],"class_list":{"0":"post-977","1":"product","2":"type-product","3":"status-publish","4":"has-post-thumbnail","6":"product_brand-fassbind","7":"product_cat-ovocny-destilat","8":"pa_cena-za-004-l","9":"pa_obsah-alkoholu-96","10":"pa_zeme-svycarsko","12":"first","13":"instock","14":"shipping-taxable","15":"purchasable","16":"product-type-simple"},"acf":[],"yoast_head":"<!-- This site is optimized with the Yoast SEO plugin v27.5 - https:\/\/yoast.com\/product\/yoast-seo-wordpress\/ -->\n<title>Fassbind L&#039;Heritage - Hru\u0161ka<\/title>\n<meta name=\"description\" content=\"Tato \u0159ada ovocn\u00fdch destil\u00e1t\u016f Fassbind odkazuje na ko\u0159eny \u0161v\u00fdcarsk\u00fdch tradic. Design je odvozen z tradi\u010dn\u00edho \u0159emesln\u00e9ho zpracov\u00e1n\u00ed vzor\u016f, kter\u00fdmi byly\" \/>\n<meta name=\"robots\" content=\"index, follow, max-snippet:-1, max-image-preview:large, max-video-preview:-1\" \/>\n<link rel=\"canonical\" href=\"https:\/\/richter.ceo\/coxs\/en\/product\/fassbind-lheritage-hruska\/\" \/>\n<meta property=\"og:locale\" content=\"en_GB\" \/>\n<meta property=\"og:type\" content=\"article\" \/>\n<meta property=\"og:title\" content=\"Fassbind L&#039;Heritage - Hru\u0161ka\" \/>\n<meta property=\"og:description\" content=\"Tato \u0159ada ovocn\u00fdch destil\u00e1t\u016f Fassbind odkazuje na ko\u0159eny \u0161v\u00fdcarsk\u00fdch tradic. Design je odvozen z tradi\u010dn\u00edho \u0159emesln\u00e9ho zpracov\u00e1n\u00ed vzor\u016f, kter\u00fdmi byly\" \/>\n<meta property=\"og:url\" content=\"https:\/\/richter.ceo\/coxs\/en\/product\/fassbind-lheritage-hruska\/\" \/>\n<meta property=\"og:site_name\" content=\"COXS CLUB\" \/>\n<meta property=\"article:publisher\" content=\"https:\/\/www.facebook.com\/profile.php?id=100088204002615\" \/>\n<meta property=\"article:modified_time\" content=\"2025-05-12T15:19:18+00:00\" \/>\n<meta property=\"og:image\" content=\"https:\/\/richter.ceo\/coxs\/wp-content\/uploads\/sites\/4\/2025\/05\/2242_fassbind_l_heritage_de_bois_poire_williams.jpg\" \/>\n\t<meta property=\"og:image:width\" content=\"600\" \/>\n\t<meta property=\"og:image:height\" content=\"711\" \/>\n\t<meta property=\"og:image:type\" content=\"image\/jpeg\" \/>\n<meta name=\"twitter:card\" content=\"summary_large_image\" \/>\n<meta name=\"twitter:label1\" content=\"Estimated reading time\" \/>\n\t<meta name=\"twitter:data1\" content=\"2 minutes\" \/>\n<script type=\"application\/ld+json\" class=\"yoast-schema-graph\">{\"@context\":\"https:\\\/\\\/schema.org\",\"@graph\":[{\"@type\":\"WebPage\",\"@id\":\"https:\\\/\\\/richter.ceo\\\/coxs\\\/produkt\\\/fassbind-lheritage-hruska\\\/\",\"url\":\"https:\\\/\\\/richter.ceo\\\/coxs\\\/produkt\\\/fassbind-lheritage-hruska\\\/\",\"name\":\"Fassbind L'Heritage - Hru\u0161ka\",\"isPartOf\":{\"@id\":\"https:\\\/\\\/richter.ceo\\\/coxs\\\/en\\\/#website\"},\"primaryImageOfPage\":{\"@id\":\"https:\\\/\\\/richter.ceo\\\/coxs\\\/produkt\\\/fassbind-lheritage-hruska\\\/#primaryimage\"},\"image\":{\"@id\":\"https:\\\/\\\/richter.ceo\\\/coxs\\\/produkt\\\/fassbind-lheritage-hruska\\\/#primaryimage\"},\"thumbnailUrl\":\"https:\\\/\\\/richter.ceo\\\/coxs\\\/wp-content\\\/uploads\\\/sites\\\/4\\\/2025\\\/05\\\/2242_fassbind_l_heritage_de_bois_poire_williams.jpg\",\"datePublished\":\"2025-05-12T15:19:17+00:00\",\"dateModified\":\"2025-05-12T15:19:18+00:00\",\"description\":\"Tato \u0159ada ovocn\u00fdch destil\u00e1t\u016f Fassbind odkazuje na ko\u0159eny \u0161v\u00fdcarsk\u00fdch tradic. Design je odvozen z tradi\u010dn\u00edho \u0159emesln\u00e9ho zpracov\u00e1n\u00ed vzor\u016f, kter\u00fdmi byly\",\"breadcrumb\":{\"@id\":\"https:\\\/\\\/richter.ceo\\\/coxs\\\/produkt\\\/fassbind-lheritage-hruska\\\/#breadcrumb\"},\"inLanguage\":\"en-GB\",\"potentialAction\":[{\"@type\":\"ReadAction\",\"target\":[\"https:\\\/\\\/richter.ceo\\\/coxs\\\/produkt\\\/fassbind-lheritage-hruska\\\/\"]}]},{\"@type\":\"ImageObject\",\"inLanguage\":\"en-GB\",\"@id\":\"https:\\\/\\\/richter.ceo\\\/coxs\\\/produkt\\\/fassbind-lheritage-hruska\\\/#primaryimage\",\"url\":\"https:\\\/\\\/richter.ceo\\\/coxs\\\/wp-content\\\/uploads\\\/sites\\\/4\\\/2025\\\/05\\\/2242_fassbind_l_heritage_de_bois_poire_williams.jpg\",\"contentUrl\":\"https:\\\/\\\/richter.ceo\\\/coxs\\\/wp-content\\\/uploads\\\/sites\\\/4\\\/2025\\\/05\\\/2242_fassbind_l_heritage_de_bois_poire_williams.jpg\",\"width\":600,\"height\":711,\"caption\":\"COXS CLUB\"},{\"@type\":\"BreadcrumbList\",\"@id\":\"https:\\\/\\\/richter.ceo\\\/coxs\\\/produkt\\\/fassbind-lheritage-hruska\\\/#breadcrumb\",\"itemListElement\":[{\"@type\":\"ListItem\",\"position\":1,\"name\":\"Dom\u016f\",\"item\":\"https:\\\/\\\/richter.ceo\\\/coxs\\\/\"},{\"@type\":\"ListItem\",\"position\":2,\"name\":\"N\u00c1POJE\",\"item\":\"https:\\\/\\\/richter.ceo\\\/coxs\\\/en\\\/napoje\\\/\"},{\"@type\":\"ListItem\",\"position\":3,\"name\":\"Fassbind L&#8217;Heritage &#8211; Hru\u0161ka\"}]},{\"@type\":\"WebSite\",\"@id\":\"https:\\\/\\\/richter.ceo\\\/coxs\\\/en\\\/#website\",\"url\":\"https:\\\/\\\/richter.ceo\\\/coxs\\\/en\\\/\",\"name\":\"COXS CLUB\",\"description\":\"Beton a Rum\",\"publisher\":{\"@id\":\"https:\\\/\\\/richter.ceo\\\/coxs\\\/en\\\/#organization\"},\"potentialAction\":[{\"@type\":\"SearchAction\",\"target\":{\"@type\":\"EntryPoint\",\"urlTemplate\":\"https:\\\/\\\/richter.ceo\\\/coxs\\\/en\\\/?s={search_term_string}\"},\"query-input\":{\"@type\":\"PropertyValueSpecification\",\"valueRequired\":true,\"valueName\":\"search_term_string\"}}],\"inLanguage\":\"en-GB\"},{\"@type\":\"Organization\",\"@id\":\"https:\\\/\\\/richter.ceo\\\/coxs\\\/en\\\/#organization\",\"name\":\"COXS CLUB\",\"url\":\"https:\\\/\\\/richter.ceo\\\/coxs\\\/en\\\/\",\"logo\":{\"@type\":\"ImageObject\",\"inLanguage\":\"en-GB\",\"@id\":\"https:\\\/\\\/richter.ceo\\\/coxs\\\/en\\\/#\\\/schema\\\/logo\\\/image\\\/\",\"url\":\"http:\\\/\\\/richter.ceo\\\/coxs\\\/wp-content\\\/uploads\\\/sites\\\/4\\\/2025\\\/05\\\/FAVICON-dark.webp\",\"contentUrl\":\"http:\\\/\\\/richter.ceo\\\/coxs\\\/wp-content\\\/uploads\\\/sites\\\/4\\\/2025\\\/05\\\/FAVICON-dark.webp\",\"width\":512,\"height\":512,\"caption\":\"COXS CLUB\"},\"image\":{\"@id\":\"https:\\\/\\\/richter.ceo\\\/coxs\\\/en\\\/#\\\/schema\\\/logo\\\/image\\\/\"},\"sameAs\":[\"https:\\\/\\\/www.facebook.com\\\/profile.php?id=100088204002615\",\"https:\\\/\\\/www.instagram.com\\\/coxs_coxs\\\/\"]}]}<\/script>\n<!-- \/ Yoast SEO plugin. -->","yoast_head_json":{"title":"Fassbind L'Heritage - Hru\u0161ka","description":"Tato \u0159ada ovocn\u00fdch destil\u00e1t\u016f Fassbind odkazuje na ko\u0159eny \u0161v\u00fdcarsk\u00fdch tradic. Design je odvozen z tradi\u010dn\u00edho \u0159emesln\u00e9ho zpracov\u00e1n\u00ed vzor\u016f, kter\u00fdmi byly","robots":{"index":"index","follow":"follow","max-snippet":"max-snippet:-1","max-image-preview":"max-image-preview:large","max-video-preview":"max-video-preview:-1"},"canonical":"https:\/\/richter.ceo\/coxs\/en\/product\/fassbind-lheritage-hruska\/","og_locale":"en_GB","og_type":"article","og_title":"Fassbind L'Heritage - Hru\u0161ka","og_description":"Tato \u0159ada ovocn\u00fdch destil\u00e1t\u016f Fassbind odkazuje na ko\u0159eny \u0161v\u00fdcarsk\u00fdch tradic. Design je odvozen z tradi\u010dn\u00edho \u0159emesln\u00e9ho zpracov\u00e1n\u00ed vzor\u016f, kter\u00fdmi byly","og_url":"https:\/\/richter.ceo\/coxs\/en\/product\/fassbind-lheritage-hruska\/","og_site_name":"COXS CLUB","article_publisher":"https:\/\/www.facebook.com\/profile.php?id=100088204002615","article_modified_time":"2025-05-12T15:19:18+00:00","og_image":[{"width":600,"height":711,"url":"https:\/\/richter.ceo\/coxs\/wp-content\/uploads\/sites\/4\/2025\/05\/2242_fassbind_l_heritage_de_bois_poire_williams.jpg","type":"image\/jpeg"}],"twitter_card":"summary_large_image","twitter_misc":{"Estimated reading time":"2 minutes"},"schema":{"@context":"https:\/\/schema.org","@graph":[{"@type":"WebPage","@id":"https:\/\/richter.ceo\/coxs\/produkt\/fassbind-lheritage-hruska\/","url":"https:\/\/richter.ceo\/coxs\/produkt\/fassbind-lheritage-hruska\/","name":"Fassbind L'Heritage - Hru\u0161ka","isPartOf":{"@id":"https:\/\/richter.ceo\/coxs\/en\/#website"},"primaryImageOfPage":{"@id":"https:\/\/richter.ceo\/coxs\/produkt\/fassbind-lheritage-hruska\/#primaryimage"},"image":{"@id":"https:\/\/richter.ceo\/coxs\/produkt\/fassbind-lheritage-hruska\/#primaryimage"},"thumbnailUrl":"https:\/\/richter.ceo\/coxs\/wp-content\/uploads\/sites\/4\/2025\/05\/2242_fassbind_l_heritage_de_bois_poire_williams.jpg","datePublished":"2025-05-12T15:19:17+00:00","dateModified":"2025-05-12T15:19:18+00:00","description":"Tato \u0159ada ovocn\u00fdch destil\u00e1t\u016f Fassbind odkazuje na ko\u0159eny \u0161v\u00fdcarsk\u00fdch tradic. Design je odvozen z tradi\u010dn\u00edho \u0159emesln\u00e9ho zpracov\u00e1n\u00ed vzor\u016f, kter\u00fdmi byly","breadcrumb":{"@id":"https:\/\/richter.ceo\/coxs\/produkt\/fassbind-lheritage-hruska\/#breadcrumb"},"inLanguage":"en-GB","potentialAction":[{"@type":"ReadAction","target":["https:\/\/richter.ceo\/coxs\/produkt\/fassbind-lheritage-hruska\/"]}]},{"@type":"ImageObject","inLanguage":"en-GB","@id":"https:\/\/richter.ceo\/coxs\/produkt\/fassbind-lheritage-hruska\/#primaryimage","url":"https:\/\/richter.ceo\/coxs\/wp-content\/uploads\/sites\/4\/2025\/05\/2242_fassbind_l_heritage_de_bois_poire_williams.jpg","contentUrl":"https:\/\/richter.ceo\/coxs\/wp-content\/uploads\/sites\/4\/2025\/05\/2242_fassbind_l_heritage_de_bois_poire_williams.jpg","width":600,"height":711,"caption":"COXS CLUB"},{"@type":"BreadcrumbList","@id":"https:\/\/richter.ceo\/coxs\/produkt\/fassbind-lheritage-hruska\/#breadcrumb","itemListElement":[{"@type":"ListItem","position":1,"name":"Dom\u016f","item":"https:\/\/richter.ceo\/coxs\/"},{"@type":"ListItem","position":2,"name":"N\u00c1POJE","item":"https:\/\/richter.ceo\/coxs\/en\/napoje\/"},{"@type":"ListItem","position":3,"name":"Fassbind L&#8217;Heritage &#8211; Hru\u0161ka"}]},{"@type":"WebSite","@id":"https:\/\/richter.ceo\/coxs\/en\/#website","url":"https:\/\/richter.ceo\/coxs\/en\/","name":"COXS CLUB","description":"Beton a Rum","publisher":{"@id":"https:\/\/richter.ceo\/coxs\/en\/#organization"},"potentialAction":[{"@type":"SearchAction","target":{"@type":"EntryPoint","urlTemplate":"https:\/\/richter.ceo\/coxs\/en\/?s={search_term_string}"},"query-input":{"@type":"PropertyValueSpecification","valueRequired":true,"valueName":"search_term_string"}}],"inLanguage":"en-GB"},{"@type":"Organization","@id":"https:\/\/richter.ceo\/coxs\/en\/#organization","name":"COXS CLUB","url":"https:\/\/richter.ceo\/coxs\/en\/","logo":{"@type":"ImageObject","inLanguage":"en-GB","@id":"https:\/\/richter.ceo\/coxs\/en\/#\/schema\/logo\/image\/","url":"http:\/\/richter.ceo\/coxs\/wp-content\/uploads\/sites\/4\/2025\/05\/FAVICON-dark.webp","contentUrl":"http:\/\/richter.ceo\/coxs\/wp-content\/uploads\/sites\/4\/2025\/05\/FAVICON-dark.webp","width":512,"height":512,"caption":"COXS CLUB"},"image":{"@id":"https:\/\/richter.ceo\/coxs\/en\/#\/schema\/logo\/image\/"},"sameAs":["https:\/\/www.facebook.com\/profile.php?id=100088204002615","https:\/\/www.instagram.com\/coxs_coxs\/"]}]}},"_links":{"self":[{"href":"https:\/\/richter.ceo\/coxs\/en\/wp-json\/wp\/v2\/product\/977","targetHints":{"allow":["GET"]}}],"collection":[{"href":"https:\/\/richter.ceo\/coxs\/en\/wp-json\/wp\/v2\/product"}],"about":[{"href":"https:\/\/richter.ceo\/coxs\/en\/wp-json\/wp\/v2\/types\/product"}],"wp:featuredmedia":[{"embeddable":true,"href":"https:\/\/richter.ceo\/coxs\/en\/wp-json\/wp\/v2\/media\/929"}],"wp:attachment":[{"href":"https:\/\/richter.ceo\/coxs\/en\/wp-json\/wp\/v2\/media?parent=977"}],"wp:term":[{"taxonomy":"product_brand","embeddable":true,"href":"https:\/\/richter.ceo\/coxs\/en\/wp-json\/wp\/v2\/product_brand?post=977"},{"taxonomy":"product_cat","embeddable":true,"href":"https:\/\/richter.ceo\/coxs\/en\/wp-json\/wp\/v2\/product_cat?post=977"},{"taxonomy":"product_tag","embeddable":true,"href":"https:\/\/richter.ceo\/coxs\/en\/wp-json\/wp\/v2\/product_tag?post=977"}],"curies":[{"name":"wp","href":"https:\/\/api.w.org\/{rel}","templated":true}]}}