{"id":979,"date":"2025-05-12T17:31:23","date_gmt":"2025-05-12T15:31:23","guid":{"rendered":"https:\/\/richter.ceo\/coxsclub\/?post_type=product&#038;p=979"},"modified":"2025-05-12T17:32:19","modified_gmt":"2025-05-12T15:32:19","slug":"henri-giraud-esprit-nature-brut","status":"publish","type":"product","link":"https:\/\/richter.ceo\/coxs\/en\/product\/henri-giraud-esprit-nature-brut\/","title":{"rendered":"Henri Giraud Esprit Nature Brut"},"content":{"rendered":"<p>V roce 1625 se vrstevn\u00edci francouzsk\u00e9ho kr\u00e1le Jind\u0159icha IV., rodina Fran\u00e7oise H\u00e9marta, natrvalo usadila ve vesnici A\u00ff v regionu Champagne a za\u010dala s p\u011bstov\u00e1n\u00edm vinn\u00e9 r\u00e9vy. Francouz\u0161t\u00ed kr\u00e1lov\u00e9 si v\u017edycky p\u0159\u00e1li vlastnit vinici v A\u00ff a Jind\u0159ich IV., byl dokonce naz\u00fdv\u00e1n \u201csirem A\u00ff\u201d. A\u017e do roku 1887 se pr\u00e1v\u011b v\u00edno z oblasti Champagne naz\u00fdvalo \u201cv\u00edno z A\u00ff\u201d. Roku 1914 se pravnu\u010dka Fran\u00e7oise H\u00e9marta, Madeleine, provdala za L\u00e9ona Girauda a spolu zrekonstruovali n\u00e1dhernou rodinnou vinici zpusto\u0161enou philloxerou (m\u0161i\u010dkou r\u00e9vokazem), d\u00edky kter\u00e9 kdysi H\u00e9martova rodina a mnoho dal\u0161\u00edch zbankrotovaly.<\/p>\n<p>&nbsp;<\/p>\n<p>V sou\u010dasnosti se o pokra\u010dov\u00e1n\u00ed rodinn\u00e9 tradice star\u00e1 Claude Giraud, pat\u0159\u00edc\u00ed do 12. generace rodiny Giraud-H\u00e9mart. Champagne Henri Giraud je vyr\u00e1b\u011bno v jedn\u00e9 z pouh\u00fdch 17ti oblast\u00ed uvnit\u0159 Champagne, kter\u00e9 jsou klasifikov\u00e1ny jako \u201eGrand Cru\u201c a Claude Giraud je jedn\u00edm z m\u00e1la v\u00fdrobc\u016f, kte\u0159\u00ed pokra\u010duj\u00ed v pou\u017e\u00edv\u00e1n\u00ed dubov\u00fdch sud\u016f a terakotov\u00fdch demi\u017eon\u016f p\u0159i v\u00fdrob\u011b sv\u00fdch \u0161ampa\u0148sk\u00fdch v\u00edn. Pro zr\u00e1n\u00ed sv\u00fdch v\u00edn pou\u017e\u00edv\u00e1 sudy vyroben\u00e9 ze d\u0159eva pomalu rostouc\u00edch, mimo\u0159\u00e1dn\u011b kvalitn\u00edch dub\u016f star\u00e9ho Argonsk\u00e9ho lesa, kter\u00fd je vzd\u00e1len pouze 35 km od vina\u0159stv\u00ed a tak\u00e9 tosk\u00e1nsk\u00e9 terakotov\u00e9 demi\u017eony vejcovit\u00e9ho tvaru. Sklepy \u0161ampa\u0148sk\u00e9ho Henri Giraud byly za\u0159azeny sv\u011btov\u011b uzn\u00e1van\u00fdm znalcem Richardem Juhlinem mezi top jedno procento nejlep\u0161\u00edch v\u00fdrobc\u016f Champagne.<\/p>\n<p>&nbsp;<\/p>\n<p>Odr\u016fda: 80% Pinot Noir, 20% Chardonnay<\/p>\n<p>Cukernatost: Nature Brut<\/p>\n<p>Barva: jemn\u011b zlat\u00e1<\/p>\n<p>&nbsp;<\/p>\n<p>&nbsp;<\/p>","protected":false},"excerpt":{"rendered":"<p>V roce 1625 se vrstevn\u00edci francouzsk\u00e9ho kr\u00e1le Jind\u0159icha IV., rodina Fran\u00e7oise H\u00e9marta, natrvalo usadila ve vesnici A\u00ff v regionu Champagne a za\u010dala s p\u011bstov\u00e1n\u00edm vinn\u00e9 r\u00e9vy. Francouz\u0161t\u00ed kr\u00e1lov\u00e9 si v\u017edycky p\u0159\u00e1li vlastnit vinici v A\u00ff a Jind\u0159ich IV., byl dokonce naz\u00fdv\u00e1n \u201csirem A\u00ff\u201d. A\u017e do roku 1887 se pr\u00e1v\u011b v\u00edno z oblasti Champagne naz\u00fdvalo \u201cv\u00edno [&hellip;]<\/p>\n","protected":false},"featured_media":927,"template":"","meta":{"_acf_changed":false},"product_brand":[106],"product_cat":[104],"product_tag":[],"class_list":{"0":"post-979","1":"product","2":"type-product","3":"status-publish","4":"has-post-thumbnail","6":"product_brand-henri-giraud","7":"product_cat-sekt","8":"pa_cena-za-07-l","9":"pa_obsah-alkoholu-105","10":"pa_zeme-francie","12":"first","13":"instock","14":"shipping-taxable","15":"purchasable","16":"product-type-simple"},"acf":[],"yoast_head":"<!-- This site is optimized with the Yoast SEO plugin v27.5 - https:\/\/yoast.com\/product\/yoast-seo-wordpress\/ -->\n<title>Henri Giraud Esprit Nature Brut<\/title>\n<meta name=\"description\" content=\"V roce 1625 se vrstevn\u00edci francouzsk\u00e9ho kr\u00e1le Jind\u0159icha IV., rodina Fran\u00e7oise H\u00e9marta, natrvalo usadila ve vesnici A\u00ff v regionu Champagne a za\u010dala s\" \/>\n<meta name=\"robots\" content=\"index, follow, max-snippet:-1, max-image-preview:large, max-video-preview:-1\" \/>\n<link rel=\"canonical\" href=\"https:\/\/richter.ceo\/coxs\/en\/product\/henri-giraud-esprit-nature-brut\/\" \/>\n<meta property=\"og:locale\" content=\"en_GB\" \/>\n<meta property=\"og:type\" content=\"article\" \/>\n<meta property=\"og:title\" content=\"Henri Giraud Esprit Nature Brut\" \/>\n<meta property=\"og:description\" content=\"V roce 1625 se vrstevn\u00edci francouzsk\u00e9ho kr\u00e1le Jind\u0159icha IV., rodina Fran\u00e7oise H\u00e9marta, natrvalo usadila ve vesnici A\u00ff v regionu Champagne a za\u010dala s\" \/>\n<meta property=\"og:url\" content=\"https:\/\/richter.ceo\/coxs\/en\/product\/henri-giraud-esprit-nature-brut\/\" \/>\n<meta property=\"og:site_name\" content=\"COXS CLUB\" \/>\n<meta property=\"article:publisher\" content=\"https:\/\/www.facebook.com\/profile.php?id=100088204002615\" \/>\n<meta property=\"article:modified_time\" content=\"2025-05-12T15:32:19+00:00\" \/>\n<meta property=\"og:image\" content=\"https:\/\/richter.ceo\/coxs\/wp-content\/uploads\/sites\/4\/2025\/05\/2018_henri_giraud_esprit_nature_res-1.jpg\" \/>\n\t<meta property=\"og:image:width\" content=\"600\" \/>\n\t<meta property=\"og:image:height\" content=\"711\" \/>\n\t<meta property=\"og:image:type\" content=\"image\/jpeg\" \/>\n<meta name=\"twitter:card\" content=\"summary_large_image\" \/>\n<meta name=\"twitter:label1\" content=\"Estimated reading time\" \/>\n\t<meta name=\"twitter:data1\" content=\"1 minute\" \/>\n<script type=\"application\/ld+json\" class=\"yoast-schema-graph\">{\"@context\":\"https:\\\/\\\/schema.org\",\"@graph\":[{\"@type\":\"WebPage\",\"@id\":\"https:\\\/\\\/richter.ceo\\\/coxs\\\/produkt\\\/henri-giraud-esprit-nature-brut\\\/\",\"url\":\"https:\\\/\\\/richter.ceo\\\/coxs\\\/produkt\\\/henri-giraud-esprit-nature-brut\\\/\",\"name\":\"Henri Giraud Esprit Nature Brut\",\"isPartOf\":{\"@id\":\"https:\\\/\\\/richter.ceo\\\/coxs\\\/en\\\/#website\"},\"primaryImageOfPage\":{\"@id\":\"https:\\\/\\\/richter.ceo\\\/coxs\\\/produkt\\\/henri-giraud-esprit-nature-brut\\\/#primaryimage\"},\"image\":{\"@id\":\"https:\\\/\\\/richter.ceo\\\/coxs\\\/produkt\\\/henri-giraud-esprit-nature-brut\\\/#primaryimage\"},\"thumbnailUrl\":\"https:\\\/\\\/richter.ceo\\\/coxs\\\/wp-content\\\/uploads\\\/sites\\\/4\\\/2025\\\/05\\\/2018_henri_giraud_esprit_nature_res-1.jpg\",\"datePublished\":\"2025-05-12T15:31:23+00:00\",\"dateModified\":\"2025-05-12T15:32:19+00:00\",\"description\":\"V roce 1625 se vrstevn\u00edci francouzsk\u00e9ho kr\u00e1le Jind\u0159icha IV., rodina Fran\u00e7oise H\u00e9marta, natrvalo usadila ve vesnici A\u00ff v regionu Champagne a za\u010dala s\",\"breadcrumb\":{\"@id\":\"https:\\\/\\\/richter.ceo\\\/coxs\\\/produkt\\\/henri-giraud-esprit-nature-brut\\\/#breadcrumb\"},\"inLanguage\":\"en-GB\",\"potentialAction\":[{\"@type\":\"ReadAction\",\"target\":[\"https:\\\/\\\/richter.ceo\\\/coxs\\\/produkt\\\/henri-giraud-esprit-nature-brut\\\/\"]}]},{\"@type\":\"ImageObject\",\"inLanguage\":\"en-GB\",\"@id\":\"https:\\\/\\\/richter.ceo\\\/coxs\\\/produkt\\\/henri-giraud-esprit-nature-brut\\\/#primaryimage\",\"url\":\"https:\\\/\\\/richter.ceo\\\/coxs\\\/wp-content\\\/uploads\\\/sites\\\/4\\\/2025\\\/05\\\/2018_henri_giraud_esprit_nature_res-1.jpg\",\"contentUrl\":\"https:\\\/\\\/richter.ceo\\\/coxs\\\/wp-content\\\/uploads\\\/sites\\\/4\\\/2025\\\/05\\\/2018_henri_giraud_esprit_nature_res-1.jpg\",\"width\":600,\"height\":711,\"caption\":\"COXS CLUB\"},{\"@type\":\"BreadcrumbList\",\"@id\":\"https:\\\/\\\/richter.ceo\\\/coxs\\\/produkt\\\/henri-giraud-esprit-nature-brut\\\/#breadcrumb\",\"itemListElement\":[{\"@type\":\"ListItem\",\"position\":1,\"name\":\"Dom\u016f\",\"item\":\"https:\\\/\\\/richter.ceo\\\/coxs\\\/\"},{\"@type\":\"ListItem\",\"position\":2,\"name\":\"N\u00c1POJE\",\"item\":\"https:\\\/\\\/richter.ceo\\\/coxs\\\/en\\\/napoje\\\/\"},{\"@type\":\"ListItem\",\"position\":3,\"name\":\"Henri Giraud Esprit Nature Brut\"}]},{\"@type\":\"WebSite\",\"@id\":\"https:\\\/\\\/richter.ceo\\\/coxs\\\/en\\\/#website\",\"url\":\"https:\\\/\\\/richter.ceo\\\/coxs\\\/en\\\/\",\"name\":\"COXS CLUB\",\"description\":\"Beton a Rum\",\"publisher\":{\"@id\":\"https:\\\/\\\/richter.ceo\\\/coxs\\\/en\\\/#organization\"},\"potentialAction\":[{\"@type\":\"SearchAction\",\"target\":{\"@type\":\"EntryPoint\",\"urlTemplate\":\"https:\\\/\\\/richter.ceo\\\/coxs\\\/en\\\/?s={search_term_string}\"},\"query-input\":{\"@type\":\"PropertyValueSpecification\",\"valueRequired\":true,\"valueName\":\"search_term_string\"}}],\"inLanguage\":\"en-GB\"},{\"@type\":\"Organization\",\"@id\":\"https:\\\/\\\/richter.ceo\\\/coxs\\\/en\\\/#organization\",\"name\":\"COXS CLUB\",\"url\":\"https:\\\/\\\/richter.ceo\\\/coxs\\\/en\\\/\",\"logo\":{\"@type\":\"ImageObject\",\"inLanguage\":\"en-GB\",\"@id\":\"https:\\\/\\\/richter.ceo\\\/coxs\\\/en\\\/#\\\/schema\\\/logo\\\/image\\\/\",\"url\":\"http:\\\/\\\/richter.ceo\\\/coxs\\\/wp-content\\\/uploads\\\/sites\\\/4\\\/2025\\\/05\\\/FAVICON-dark.webp\",\"contentUrl\":\"http:\\\/\\\/richter.ceo\\\/coxs\\\/wp-content\\\/uploads\\\/sites\\\/4\\\/2025\\\/05\\\/FAVICON-dark.webp\",\"width\":512,\"height\":512,\"caption\":\"COXS CLUB\"},\"image\":{\"@id\":\"https:\\\/\\\/richter.ceo\\\/coxs\\\/en\\\/#\\\/schema\\\/logo\\\/image\\\/\"},\"sameAs\":[\"https:\\\/\\\/www.facebook.com\\\/profile.php?id=100088204002615\",\"https:\\\/\\\/www.instagram.com\\\/coxs_coxs\\\/\"]}]}<\/script>\n<!-- \/ Yoast SEO plugin. -->","yoast_head_json":{"title":"Henri Giraud Esprit Nature Brut","description":"V roce 1625 se vrstevn\u00edci francouzsk\u00e9ho kr\u00e1le Jind\u0159icha IV., rodina Fran\u00e7oise H\u00e9marta, natrvalo usadila ve vesnici A\u00ff v regionu Champagne a za\u010dala s","robots":{"index":"index","follow":"follow","max-snippet":"max-snippet:-1","max-image-preview":"max-image-preview:large","max-video-preview":"max-video-preview:-1"},"canonical":"https:\/\/richter.ceo\/coxs\/en\/product\/henri-giraud-esprit-nature-brut\/","og_locale":"en_GB","og_type":"article","og_title":"Henri Giraud Esprit Nature Brut","og_description":"V roce 1625 se vrstevn\u00edci francouzsk\u00e9ho kr\u00e1le Jind\u0159icha IV., rodina Fran\u00e7oise H\u00e9marta, natrvalo usadila ve vesnici A\u00ff v regionu Champagne a za\u010dala s","og_url":"https:\/\/richter.ceo\/coxs\/en\/product\/henri-giraud-esprit-nature-brut\/","og_site_name":"COXS CLUB","article_publisher":"https:\/\/www.facebook.com\/profile.php?id=100088204002615","article_modified_time":"2025-05-12T15:32:19+00:00","og_image":[{"width":600,"height":711,"url":"https:\/\/richter.ceo\/coxs\/wp-content\/uploads\/sites\/4\/2025\/05\/2018_henri_giraud_esprit_nature_res-1.jpg","type":"image\/jpeg"}],"twitter_card":"summary_large_image","twitter_misc":{"Estimated reading time":"1 minute"},"schema":{"@context":"https:\/\/schema.org","@graph":[{"@type":"WebPage","@id":"https:\/\/richter.ceo\/coxs\/produkt\/henri-giraud-esprit-nature-brut\/","url":"https:\/\/richter.ceo\/coxs\/produkt\/henri-giraud-esprit-nature-brut\/","name":"Henri Giraud Esprit Nature Brut","isPartOf":{"@id":"https:\/\/richter.ceo\/coxs\/en\/#website"},"primaryImageOfPage":{"@id":"https:\/\/richter.ceo\/coxs\/produkt\/henri-giraud-esprit-nature-brut\/#primaryimage"},"image":{"@id":"https:\/\/richter.ceo\/coxs\/produkt\/henri-giraud-esprit-nature-brut\/#primaryimage"},"thumbnailUrl":"https:\/\/richter.ceo\/coxs\/wp-content\/uploads\/sites\/4\/2025\/05\/2018_henri_giraud_esprit_nature_res-1.jpg","datePublished":"2025-05-12T15:31:23+00:00","dateModified":"2025-05-12T15:32:19+00:00","description":"V roce 1625 se vrstevn\u00edci francouzsk\u00e9ho kr\u00e1le Jind\u0159icha IV., rodina Fran\u00e7oise H\u00e9marta, natrvalo usadila ve vesnici A\u00ff v regionu Champagne a za\u010dala s","breadcrumb":{"@id":"https:\/\/richter.ceo\/coxs\/produkt\/henri-giraud-esprit-nature-brut\/#breadcrumb"},"inLanguage":"en-GB","potentialAction":[{"@type":"ReadAction","target":["https:\/\/richter.ceo\/coxs\/produkt\/henri-giraud-esprit-nature-brut\/"]}]},{"@type":"ImageObject","inLanguage":"en-GB","@id":"https:\/\/richter.ceo\/coxs\/produkt\/henri-giraud-esprit-nature-brut\/#primaryimage","url":"https:\/\/richter.ceo\/coxs\/wp-content\/uploads\/sites\/4\/2025\/05\/2018_henri_giraud_esprit_nature_res-1.jpg","contentUrl":"https:\/\/richter.ceo\/coxs\/wp-content\/uploads\/sites\/4\/2025\/05\/2018_henri_giraud_esprit_nature_res-1.jpg","width":600,"height":711,"caption":"COXS CLUB"},{"@type":"BreadcrumbList","@id":"https:\/\/richter.ceo\/coxs\/produkt\/henri-giraud-esprit-nature-brut\/#breadcrumb","itemListElement":[{"@type":"ListItem","position":1,"name":"Dom\u016f","item":"https:\/\/richter.ceo\/coxs\/"},{"@type":"ListItem","position":2,"name":"N\u00c1POJE","item":"https:\/\/richter.ceo\/coxs\/en\/napoje\/"},{"@type":"ListItem","position":3,"name":"Henri Giraud Esprit Nature Brut"}]},{"@type":"WebSite","@id":"https:\/\/richter.ceo\/coxs\/en\/#website","url":"https:\/\/richter.ceo\/coxs\/en\/","name":"COXS CLUB","description":"Beton a Rum","publisher":{"@id":"https:\/\/richter.ceo\/coxs\/en\/#organization"},"potentialAction":[{"@type":"SearchAction","target":{"@type":"EntryPoint","urlTemplate":"https:\/\/richter.ceo\/coxs\/en\/?s={search_term_string}"},"query-input":{"@type":"PropertyValueSpecification","valueRequired":true,"valueName":"search_term_string"}}],"inLanguage":"en-GB"},{"@type":"Organization","@id":"https:\/\/richter.ceo\/coxs\/en\/#organization","name":"COXS CLUB","url":"https:\/\/richter.ceo\/coxs\/en\/","logo":{"@type":"ImageObject","inLanguage":"en-GB","@id":"https:\/\/richter.ceo\/coxs\/en\/#\/schema\/logo\/image\/","url":"http:\/\/richter.ceo\/coxs\/wp-content\/uploads\/sites\/4\/2025\/05\/FAVICON-dark.webp","contentUrl":"http:\/\/richter.ceo\/coxs\/wp-content\/uploads\/sites\/4\/2025\/05\/FAVICON-dark.webp","width":512,"height":512,"caption":"COXS CLUB"},"image":{"@id":"https:\/\/richter.ceo\/coxs\/en\/#\/schema\/logo\/image\/"},"sameAs":["https:\/\/www.facebook.com\/profile.php?id=100088204002615","https:\/\/www.instagram.com\/coxs_coxs\/"]}]}},"_links":{"self":[{"href":"https:\/\/richter.ceo\/coxs\/en\/wp-json\/wp\/v2\/product\/979","targetHints":{"allow":["GET"]}}],"collection":[{"href":"https:\/\/richter.ceo\/coxs\/en\/wp-json\/wp\/v2\/product"}],"about":[{"href":"https:\/\/richter.ceo\/coxs\/en\/wp-json\/wp\/v2\/types\/product"}],"wp:featuredmedia":[{"embeddable":true,"href":"https:\/\/richter.ceo\/coxs\/en\/wp-json\/wp\/v2\/media\/927"}],"wp:attachment":[{"href":"https:\/\/richter.ceo\/coxs\/en\/wp-json\/wp\/v2\/media?parent=979"}],"wp:term":[{"taxonomy":"product_brand","embeddable":true,"href":"https:\/\/richter.ceo\/coxs\/en\/wp-json\/wp\/v2\/product_brand?post=979"},{"taxonomy":"product_cat","embeddable":true,"href":"https:\/\/richter.ceo\/coxs\/en\/wp-json\/wp\/v2\/product_cat?post=979"},{"taxonomy":"product_tag","embeddable":true,"href":"https:\/\/richter.ceo\/coxs\/en\/wp-json\/wp\/v2\/product_tag?post=979"}],"curies":[{"name":"wp","href":"https:\/\/api.w.org\/{rel}","templated":true}]}}