{"id":996,"date":"2025-05-12T22:09:50","date_gmt":"2025-05-12T20:09:50","guid":{"rendered":"https:\/\/richter.ceo\/coxs\/?post_type=product&#038;p=996"},"modified":"2025-05-12T22:09:50","modified_gmt":"2025-05-12T20:09:50","slug":"michlovsky-cremagne-blanc-de-blanc","status":"publish","type":"product","link":"https:\/\/richter.ceo\/coxs\/en\/product\/michlovsky-cremagne-blanc-de-blanc\/","title":{"rendered":"Michlovsk\u00fd Cr\u00e9magne Blanc de Blanc"},"content":{"rendered":"<p style=\"font-weight: 300;\">Cr\u00e9magne Blanc de Blanc odr\u016fd Chardonnay, Pinot blanc a Ryzlink vla\u0161sk\u00fd\u00a0 je p\u0159ipraven klasickou metodou kva\u0161en\u00edm v l\u00e1hvi s v\u00edce jak jeden\u00e1ctilet\u00fdm zr\u00e1n\u00edm na kvasni\u010dn\u00edch kalech p\u0159i konstantn\u00ed teplot\u011b a bez denn\u00edho sv\u011btla. Nazr\u00e1l\u00fd cere\u00e1ln\u00ed buket se \u017elut\u00fdm kandovan\u00fdm ovocem doprov\u00e1z\u00ed jemn\u00e9 autol\u00fdzov\u00e9 vanilkovo &#8211; karamelizovan\u00e9 t\u00f3ny se zava\u0159en\u00fdmi \u017elut\u00fdmi rynglemi a p\u00e1lavskou mineralitou v\u00a0z\u00e1v\u011bru.<\/p>\n<p>&nbsp;<\/p>\n<p>K v\u00ednu Blanc de Blanc 2009 sekt, extra brut doporu\u010dujeme k:<\/p>\n<p>marinovan\u00fdm divok\u00fdm krevet\u00e1m s citrusy, lososov\u00e9mu tatar\u00e1\u010dku s bylinkami a limetkou nebo mo\u0159sk\u00e9mu vlku s b\u00edl\u00fdm ch\u0159estem, li\u0161kami a mangovou majon\u00e9zou<\/p>","protected":false},"excerpt":{"rendered":"<p>Cr\u00e9magne Blanc de Blanc odr\u016fd Chardonnay, Pinot blanc a Ryzlink vla\u0161sk\u00fd\u00a0 je p\u0159ipraven klasickou metodou kva\u0161en\u00edm v l\u00e1hvi s v\u00edce jak jeden\u00e1ctilet\u00fdm zr\u00e1n\u00edm na kvasni\u010dn\u00edch kalech p\u0159i konstantn\u00ed teplot\u011b a bez denn\u00edho sv\u011btla. Nazr\u00e1l\u00fd cere\u00e1ln\u00ed buket se \u017elut\u00fdm kandovan\u00fdm ovocem doprov\u00e1z\u00ed jemn\u00e9 autol\u00fdzov\u00e9 vanilkovo &#8211; karamelizovan\u00e9 t\u00f3ny se zava\u0159en\u00fdmi \u017elut\u00fdmi rynglemi a p\u00e1lavskou mineralitou v\u00a0z\u00e1v\u011bru. [&hellip;]<\/p>\n","protected":false},"featured_media":938,"template":"","meta":{"_acf_changed":false},"product_brand":[108],"product_cat":[104],"product_tag":[],"class_list":{"0":"post-996","1":"product","2":"type-product","3":"status-publish","4":"has-post-thumbnail","6":"product_brand-michlovsky","7":"product_cat-sekt","8":"pa_cena-za-07-l","9":"pa_obsah-alkoholu-98","10":"pa_zeme-ceska-republika","12":"first","13":"instock","14":"shipping-taxable","15":"purchasable","16":"product-type-simple"},"acf":[],"yoast_head":"<!-- This site is optimized with the Yoast SEO plugin v27.5 - https:\/\/yoast.com\/product\/yoast-seo-wordpress\/ -->\n<title>Michlovsk\u00fd Cr\u00e9magne Blanc de Blanc<\/title>\n<meta name=\"description\" content=\"Cr\u00e9magne Blanc de Blanc odr\u016fd Chardonnay, Pinot blanc a Ryzlink vla\u0161sk\u00fd\u00a0 je p\u0159ipraven klasickou metodou kva\u0161en\u00edm v l\u00e1hvi s v\u00edce jak jeden\u00e1ctilet\u00fdm zr\u00e1n\u00edm\" \/>\n<meta name=\"robots\" content=\"index, follow, max-snippet:-1, max-image-preview:large, max-video-preview:-1\" \/>\n<link rel=\"canonical\" href=\"https:\/\/richter.ceo\/coxs\/en\/product\/michlovsky-cremagne-blanc-de-blanc\/\" \/>\n<meta property=\"og:locale\" content=\"en_GB\" \/>\n<meta property=\"og:type\" content=\"article\" \/>\n<meta property=\"og:title\" content=\"Michlovsk\u00fd Cr\u00e9magne Blanc de Blanc\" \/>\n<meta property=\"og:description\" content=\"Cr\u00e9magne Blanc de Blanc odr\u016fd Chardonnay, Pinot blanc a Ryzlink vla\u0161sk\u00fd\u00a0 je p\u0159ipraven klasickou metodou kva\u0161en\u00edm v l\u00e1hvi s v\u00edce jak jeden\u00e1ctilet\u00fdm zr\u00e1n\u00edm\" \/>\n<meta property=\"og:url\" content=\"https:\/\/richter.ceo\/coxs\/en\/product\/michlovsky-cremagne-blanc-de-blanc\/\" \/>\n<meta property=\"og:site_name\" content=\"COXS CLUB\" \/>\n<meta property=\"article:publisher\" content=\"https:\/\/www.facebook.com\/profile.php?id=100088204002615\" \/>\n<meta property=\"og:image\" content=\"https:\/\/richter.ceo\/coxs\/wp-content\/uploads\/sites\/4\/2025\/05\/cremagne-864x1024-1.jpg\" \/>\n\t<meta property=\"og:image:width\" content=\"864\" \/>\n\t<meta property=\"og:image:height\" content=\"1024\" \/>\n\t<meta property=\"og:image:type\" content=\"image\/jpeg\" \/>\n<meta name=\"twitter:card\" content=\"summary_large_image\" \/>\n<meta name=\"twitter:label1\" content=\"Estimated reading time\" \/>\n\t<meta name=\"twitter:data1\" content=\"1 minute\" \/>\n<script type=\"application\/ld+json\" class=\"yoast-schema-graph\">{\"@context\":\"https:\\\/\\\/schema.org\",\"@graph\":[{\"@type\":\"WebPage\",\"@id\":\"https:\\\/\\\/richter.ceo\\\/coxs\\\/produkt\\\/michlovsky-cremagne-blanc-de-blanc\\\/\",\"url\":\"https:\\\/\\\/richter.ceo\\\/coxs\\\/produkt\\\/michlovsky-cremagne-blanc-de-blanc\\\/\",\"name\":\"Michlovsk\u00fd Cr\u00e9magne Blanc de Blanc\",\"isPartOf\":{\"@id\":\"https:\\\/\\\/richter.ceo\\\/coxs\\\/en\\\/#website\"},\"primaryImageOfPage\":{\"@id\":\"https:\\\/\\\/richter.ceo\\\/coxs\\\/produkt\\\/michlovsky-cremagne-blanc-de-blanc\\\/#primaryimage\"},\"image\":{\"@id\":\"https:\\\/\\\/richter.ceo\\\/coxs\\\/produkt\\\/michlovsky-cremagne-blanc-de-blanc\\\/#primaryimage\"},\"thumbnailUrl\":\"https:\\\/\\\/richter.ceo\\\/coxs\\\/wp-content\\\/uploads\\\/sites\\\/4\\\/2025\\\/05\\\/cremagne-864x1024-1.jpg\",\"datePublished\":\"2025-05-12T20:09:50+00:00\",\"description\":\"Cr\u00e9magne Blanc de Blanc odr\u016fd Chardonnay, Pinot blanc a Ryzlink vla\u0161sk\u00fd\u00a0 je p\u0159ipraven klasickou metodou kva\u0161en\u00edm v l\u00e1hvi s v\u00edce jak jeden\u00e1ctilet\u00fdm zr\u00e1n\u00edm\",\"breadcrumb\":{\"@id\":\"https:\\\/\\\/richter.ceo\\\/coxs\\\/produkt\\\/michlovsky-cremagne-blanc-de-blanc\\\/#breadcrumb\"},\"inLanguage\":\"en-GB\",\"potentialAction\":[{\"@type\":\"ReadAction\",\"target\":[\"https:\\\/\\\/richter.ceo\\\/coxs\\\/produkt\\\/michlovsky-cremagne-blanc-de-blanc\\\/\"]}]},{\"@type\":\"ImageObject\",\"inLanguage\":\"en-GB\",\"@id\":\"https:\\\/\\\/richter.ceo\\\/coxs\\\/produkt\\\/michlovsky-cremagne-blanc-de-blanc\\\/#primaryimage\",\"url\":\"https:\\\/\\\/richter.ceo\\\/coxs\\\/wp-content\\\/uploads\\\/sites\\\/4\\\/2025\\\/05\\\/cremagne-864x1024-1.jpg\",\"contentUrl\":\"https:\\\/\\\/richter.ceo\\\/coxs\\\/wp-content\\\/uploads\\\/sites\\\/4\\\/2025\\\/05\\\/cremagne-864x1024-1.jpg\",\"width\":864,\"height\":1024,\"caption\":\"COXS CLUB\"},{\"@type\":\"BreadcrumbList\",\"@id\":\"https:\\\/\\\/richter.ceo\\\/coxs\\\/produkt\\\/michlovsky-cremagne-blanc-de-blanc\\\/#breadcrumb\",\"itemListElement\":[{\"@type\":\"ListItem\",\"position\":1,\"name\":\"Dom\u016f\",\"item\":\"https:\\\/\\\/richter.ceo\\\/coxs\\\/\"},{\"@type\":\"ListItem\",\"position\":2,\"name\":\"N\u00c1POJE\",\"item\":\"https:\\\/\\\/richter.ceo\\\/coxs\\\/en\\\/napoje\\\/\"},{\"@type\":\"ListItem\",\"position\":3,\"name\":\"Michlovsk\u00fd Cr\u00e9magne Blanc de Blanc\"}]},{\"@type\":\"WebSite\",\"@id\":\"https:\\\/\\\/richter.ceo\\\/coxs\\\/en\\\/#website\",\"url\":\"https:\\\/\\\/richter.ceo\\\/coxs\\\/en\\\/\",\"name\":\"COXS CLUB\",\"description\":\"Beton a Rum\",\"publisher\":{\"@id\":\"https:\\\/\\\/richter.ceo\\\/coxs\\\/en\\\/#organization\"},\"potentialAction\":[{\"@type\":\"SearchAction\",\"target\":{\"@type\":\"EntryPoint\",\"urlTemplate\":\"https:\\\/\\\/richter.ceo\\\/coxs\\\/en\\\/?s={search_term_string}\"},\"query-input\":{\"@type\":\"PropertyValueSpecification\",\"valueRequired\":true,\"valueName\":\"search_term_string\"}}],\"inLanguage\":\"en-GB\"},{\"@type\":\"Organization\",\"@id\":\"https:\\\/\\\/richter.ceo\\\/coxs\\\/en\\\/#organization\",\"name\":\"COXS CLUB\",\"url\":\"https:\\\/\\\/richter.ceo\\\/coxs\\\/en\\\/\",\"logo\":{\"@type\":\"ImageObject\",\"inLanguage\":\"en-GB\",\"@id\":\"https:\\\/\\\/richter.ceo\\\/coxs\\\/en\\\/#\\\/schema\\\/logo\\\/image\\\/\",\"url\":\"http:\\\/\\\/richter.ceo\\\/coxs\\\/wp-content\\\/uploads\\\/sites\\\/4\\\/2025\\\/05\\\/FAVICON-dark.webp\",\"contentUrl\":\"http:\\\/\\\/richter.ceo\\\/coxs\\\/wp-content\\\/uploads\\\/sites\\\/4\\\/2025\\\/05\\\/FAVICON-dark.webp\",\"width\":512,\"height\":512,\"caption\":\"COXS CLUB\"},\"image\":{\"@id\":\"https:\\\/\\\/richter.ceo\\\/coxs\\\/en\\\/#\\\/schema\\\/logo\\\/image\\\/\"},\"sameAs\":[\"https:\\\/\\\/www.facebook.com\\\/profile.php?id=100088204002615\",\"https:\\\/\\\/www.instagram.com\\\/coxs_coxs\\\/\"]}]}<\/script>\n<!-- \/ Yoast SEO plugin. -->","yoast_head_json":{"title":"Michlovsk\u00fd Cr\u00e9magne Blanc de Blanc","description":"Cr\u00e9magne Blanc de Blanc odr\u016fd Chardonnay, Pinot blanc a Ryzlink vla\u0161sk\u00fd\u00a0 je p\u0159ipraven klasickou metodou kva\u0161en\u00edm v l\u00e1hvi s v\u00edce jak jeden\u00e1ctilet\u00fdm zr\u00e1n\u00edm","robots":{"index":"index","follow":"follow","max-snippet":"max-snippet:-1","max-image-preview":"max-image-preview:large","max-video-preview":"max-video-preview:-1"},"canonical":"https:\/\/richter.ceo\/coxs\/en\/product\/michlovsky-cremagne-blanc-de-blanc\/","og_locale":"en_GB","og_type":"article","og_title":"Michlovsk\u00fd Cr\u00e9magne Blanc de Blanc","og_description":"Cr\u00e9magne Blanc de Blanc odr\u016fd Chardonnay, Pinot blanc a Ryzlink vla\u0161sk\u00fd\u00a0 je p\u0159ipraven klasickou metodou kva\u0161en\u00edm v l\u00e1hvi s v\u00edce jak jeden\u00e1ctilet\u00fdm zr\u00e1n\u00edm","og_url":"https:\/\/richter.ceo\/coxs\/en\/product\/michlovsky-cremagne-blanc-de-blanc\/","og_site_name":"COXS CLUB","article_publisher":"https:\/\/www.facebook.com\/profile.php?id=100088204002615","og_image":[{"width":864,"height":1024,"url":"https:\/\/richter.ceo\/coxs\/wp-content\/uploads\/sites\/4\/2025\/05\/cremagne-864x1024-1.jpg","type":"image\/jpeg"}],"twitter_card":"summary_large_image","twitter_misc":{"Estimated reading time":"1 minute"},"schema":{"@context":"https:\/\/schema.org","@graph":[{"@type":"WebPage","@id":"https:\/\/richter.ceo\/coxs\/produkt\/michlovsky-cremagne-blanc-de-blanc\/","url":"https:\/\/richter.ceo\/coxs\/produkt\/michlovsky-cremagne-blanc-de-blanc\/","name":"Michlovsk\u00fd Cr\u00e9magne Blanc de Blanc","isPartOf":{"@id":"https:\/\/richter.ceo\/coxs\/en\/#website"},"primaryImageOfPage":{"@id":"https:\/\/richter.ceo\/coxs\/produkt\/michlovsky-cremagne-blanc-de-blanc\/#primaryimage"},"image":{"@id":"https:\/\/richter.ceo\/coxs\/produkt\/michlovsky-cremagne-blanc-de-blanc\/#primaryimage"},"thumbnailUrl":"https:\/\/richter.ceo\/coxs\/wp-content\/uploads\/sites\/4\/2025\/05\/cremagne-864x1024-1.jpg","datePublished":"2025-05-12T20:09:50+00:00","description":"Cr\u00e9magne Blanc de Blanc odr\u016fd Chardonnay, Pinot blanc a Ryzlink vla\u0161sk\u00fd\u00a0 je p\u0159ipraven klasickou metodou kva\u0161en\u00edm v l\u00e1hvi s v\u00edce jak jeden\u00e1ctilet\u00fdm zr\u00e1n\u00edm","breadcrumb":{"@id":"https:\/\/richter.ceo\/coxs\/produkt\/michlovsky-cremagne-blanc-de-blanc\/#breadcrumb"},"inLanguage":"en-GB","potentialAction":[{"@type":"ReadAction","target":["https:\/\/richter.ceo\/coxs\/produkt\/michlovsky-cremagne-blanc-de-blanc\/"]}]},{"@type":"ImageObject","inLanguage":"en-GB","@id":"https:\/\/richter.ceo\/coxs\/produkt\/michlovsky-cremagne-blanc-de-blanc\/#primaryimage","url":"https:\/\/richter.ceo\/coxs\/wp-content\/uploads\/sites\/4\/2025\/05\/cremagne-864x1024-1.jpg","contentUrl":"https:\/\/richter.ceo\/coxs\/wp-content\/uploads\/sites\/4\/2025\/05\/cremagne-864x1024-1.jpg","width":864,"height":1024,"caption":"COXS CLUB"},{"@type":"BreadcrumbList","@id":"https:\/\/richter.ceo\/coxs\/produkt\/michlovsky-cremagne-blanc-de-blanc\/#breadcrumb","itemListElement":[{"@type":"ListItem","position":1,"name":"Dom\u016f","item":"https:\/\/richter.ceo\/coxs\/"},{"@type":"ListItem","position":2,"name":"N\u00c1POJE","item":"https:\/\/richter.ceo\/coxs\/en\/napoje\/"},{"@type":"ListItem","position":3,"name":"Michlovsk\u00fd Cr\u00e9magne Blanc de Blanc"}]},{"@type":"WebSite","@id":"https:\/\/richter.ceo\/coxs\/en\/#website","url":"https:\/\/richter.ceo\/coxs\/en\/","name":"COXS CLUB","description":"Beton a Rum","publisher":{"@id":"https:\/\/richter.ceo\/coxs\/en\/#organization"},"potentialAction":[{"@type":"SearchAction","target":{"@type":"EntryPoint","urlTemplate":"https:\/\/richter.ceo\/coxs\/en\/?s={search_term_string}"},"query-input":{"@type":"PropertyValueSpecification","valueRequired":true,"valueName":"search_term_string"}}],"inLanguage":"en-GB"},{"@type":"Organization","@id":"https:\/\/richter.ceo\/coxs\/en\/#organization","name":"COXS CLUB","url":"https:\/\/richter.ceo\/coxs\/en\/","logo":{"@type":"ImageObject","inLanguage":"en-GB","@id":"https:\/\/richter.ceo\/coxs\/en\/#\/schema\/logo\/image\/","url":"http:\/\/richter.ceo\/coxs\/wp-content\/uploads\/sites\/4\/2025\/05\/FAVICON-dark.webp","contentUrl":"http:\/\/richter.ceo\/coxs\/wp-content\/uploads\/sites\/4\/2025\/05\/FAVICON-dark.webp","width":512,"height":512,"caption":"COXS CLUB"},"image":{"@id":"https:\/\/richter.ceo\/coxs\/en\/#\/schema\/logo\/image\/"},"sameAs":["https:\/\/www.facebook.com\/profile.php?id=100088204002615","https:\/\/www.instagram.com\/coxs_coxs\/"]}]}},"_links":{"self":[{"href":"https:\/\/richter.ceo\/coxs\/en\/wp-json\/wp\/v2\/product\/996","targetHints":{"allow":["GET"]}}],"collection":[{"href":"https:\/\/richter.ceo\/coxs\/en\/wp-json\/wp\/v2\/product"}],"about":[{"href":"https:\/\/richter.ceo\/coxs\/en\/wp-json\/wp\/v2\/types\/product"}],"wp:featuredmedia":[{"embeddable":true,"href":"https:\/\/richter.ceo\/coxs\/en\/wp-json\/wp\/v2\/media\/938"}],"wp:attachment":[{"href":"https:\/\/richter.ceo\/coxs\/en\/wp-json\/wp\/v2\/media?parent=996"}],"wp:term":[{"taxonomy":"product_brand","embeddable":true,"href":"https:\/\/richter.ceo\/coxs\/en\/wp-json\/wp\/v2\/product_brand?post=996"},{"taxonomy":"product_cat","embeddable":true,"href":"https:\/\/richter.ceo\/coxs\/en\/wp-json\/wp\/v2\/product_cat?post=996"},{"taxonomy":"product_tag","embeddable":true,"href":"https:\/\/richter.ceo\/coxs\/en\/wp-json\/wp\/v2\/product_tag?post=996"}],"curies":[{"name":"wp","href":"https:\/\/api.w.org\/{rel}","templated":true}]}}