{"id":11,"date":"2025-05-07T22:50:54","date_gmt":"2025-05-07T20:50:54","guid":{"rendered":"https:\/\/richter.ceo\/coxsclub\/?page_id=11"},"modified":"2026-04-29T19:43:21","modified_gmt":"2026-04-29T17:43:21","slug":"home","status":"publish","type":"page","link":"https:\/\/richter.ceo\/coxs\/","title":{"rendered":"HOME"},"content":{"rendered":"","protected":false},"excerpt":{"rendered":"","protected":false},"author":1,"featured_media":0,"parent":0,"menu_order":0,"comment_status":"closed","ping_status":"closed","template":"","meta":{"_acf_changed":false,"footnotes":""},"hf_cat_page":[],"class_list":["post-11","page","type-page","status-publish","hentry"],"acf":[],"yoast_head":"<!-- This site is optimized with the Yoast SEO plugin v27.5 - https:\/\/yoast.com\/product\/yoast-seo-wordpress\/ -->\n<title>COXS CLUB \u2013 Beton a Rum<\/title>\n<meta name=\"description\" content=\"Jsme nejv\u00fdrazn\u011bj\u0161\u00ed hudebn\u00ed club a bar v Mikulov\u011b. A\u0165 u\u017e svoji nezam\u011bnitelnou atmosf\u00e9rou interi\u00e9ru, tak i nejrozs\u00e1hlej\u0161\u00ed nab\u00eddkou alkoholick\u00fdch n\u00e1poj\u016f.\" \/>\n<meta name=\"robots\" content=\"index, follow, max-snippet:-1, max-image-preview:large, max-video-preview:-1\" \/>\n<link rel=\"canonical\" href=\"https:\/\/richter.ceo\/coxs\/\" \/>\n<meta property=\"og:locale\" content=\"cs_CZ\" \/>\n<meta property=\"og:type\" content=\"article\" \/>\n<meta property=\"og:title\" content=\"COXS CLUB \u2013 Beton a Rum\" \/>\n<meta property=\"og:description\" content=\"Jsme nejv\u00fdrazn\u011bj\u0161\u00ed hudebn\u00ed club a bar v Mikulov\u011b. A\u0165 u\u017e svoji nezam\u011bnitelnou atmosf\u00e9rou interi\u00e9ru, tak i nejrozs\u00e1hlej\u0161\u00ed nab\u00eddkou alkoholick\u00fdch n\u00e1poj\u016f.\" \/>\n<meta property=\"og:url\" content=\"https:\/\/richter.ceo\/coxs\/\" \/>\n<meta property=\"og:site_name\" content=\"COXS CLUB\" \/>\n<meta property=\"article:publisher\" content=\"https:\/\/www.facebook.com\/profile.php?id=100088204002615\" \/>\n<meta property=\"article:modified_time\" content=\"2026-04-29T17:43:21+00:00\" \/>\n<meta property=\"og:image\" content=\"https:\/\/richter.ceo\/coxs\/wp-content\/uploads\/sites\/4\/2025\/05\/FAVICON-dark.webp\" \/>\n\t<meta property=\"og:image:width\" content=\"512\" \/>\n\t<meta property=\"og:image:height\" content=\"512\" \/>\n\t<meta property=\"og:image:type\" content=\"image\/webp\" \/>\n<meta name=\"twitter:card\" content=\"summary_large_image\" \/>\n<meta name=\"twitter:label1\" content=\"Odhadovan\u00e1 doba \u010dten\u00ed\" \/>\n\t<meta name=\"twitter:data1\" content=\"8 minut\" \/>\n<script type=\"application\/ld+json\" class=\"yoast-schema-graph\">{\"@context\":\"https:\\\/\\\/schema.org\",\"@graph\":[{\"@type\":\"WebPage\",\"@id\":\"https:\\\/\\\/richter.ceo\\\/coxs\\\/\",\"url\":\"https:\\\/\\\/richter.ceo\\\/coxs\\\/\",\"name\":\"COXS CLUB \u2013 Beton a Rum\",\"isPartOf\":{\"@id\":\"https:\\\/\\\/richter.ceo\\\/coxs\\\/en\\\/#website\"},\"datePublished\":\"2025-05-07T20:50:54+00:00\",\"dateModified\":\"2026-04-29T17:43:21+00:00\",\"description\":\"Jsme nejv\u00fdrazn\u011bj\u0161\u00ed hudebn\u00ed club a bar v Mikulov\u011b. A\u0165 u\u017e svoji nezam\u011bnitelnou atmosf\u00e9rou interi\u00e9ru, tak i nejrozs\u00e1hlej\u0161\u00ed nab\u00eddkou alkoholick\u00fdch n\u00e1poj\u016f.\",\"breadcrumb\":{\"@id\":\"https:\\\/\\\/richter.ceo\\\/coxs\\\/#breadcrumb\"},\"inLanguage\":\"cs\",\"potentialAction\":[{\"@type\":\"ReadAction\",\"target\":[\"https:\\\/\\\/richter.ceo\\\/coxs\\\/\"]}]},{\"@type\":\"BreadcrumbList\",\"@id\":\"https:\\\/\\\/richter.ceo\\\/coxs\\\/#breadcrumb\",\"itemListElement\":[{\"@type\":\"ListItem\",\"position\":1,\"name\":\"Dom\u016f\",\"item\":\"https:\\\/\\\/richter.ceo\\\/coxs\\\/\"},{\"@type\":\"ListItem\",\"position\":2,\"name\":\"HOME\"}]},{\"@type\":\"WebSite\",\"@id\":\"https:\\\/\\\/richter.ceo\\\/coxs\\\/en\\\/#website\",\"url\":\"https:\\\/\\\/richter.ceo\\\/coxs\\\/en\\\/\",\"name\":\"COXS CLUB\",\"description\":\"Beton a Rum\",\"publisher\":{\"@id\":\"https:\\\/\\\/richter.ceo\\\/coxs\\\/en\\\/#organization\"},\"potentialAction\":[{\"@type\":\"SearchAction\",\"target\":{\"@type\":\"EntryPoint\",\"urlTemplate\":\"https:\\\/\\\/richter.ceo\\\/coxs\\\/en\\\/?s={search_term_string}\"},\"query-input\":{\"@type\":\"PropertyValueSpecification\",\"valueRequired\":true,\"valueName\":\"search_term_string\"}}],\"inLanguage\":\"cs\"},{\"@type\":\"Organization\",\"@id\":\"https:\\\/\\\/richter.ceo\\\/coxs\\\/en\\\/#organization\",\"name\":\"COXS CLUB\",\"url\":\"https:\\\/\\\/richter.ceo\\\/coxs\\\/en\\\/\",\"logo\":{\"@type\":\"ImageObject\",\"inLanguage\":\"cs\",\"@id\":\"https:\\\/\\\/richter.ceo\\\/coxs\\\/en\\\/#\\\/schema\\\/logo\\\/image\\\/\",\"url\":\"http:\\\/\\\/richter.ceo\\\/coxs\\\/wp-content\\\/uploads\\\/sites\\\/4\\\/2025\\\/05\\\/FAVICON-dark.webp\",\"contentUrl\":\"http:\\\/\\\/richter.ceo\\\/coxs\\\/wp-content\\\/uploads\\\/sites\\\/4\\\/2025\\\/05\\\/FAVICON-dark.webp\",\"width\":512,\"height\":512,\"caption\":\"COXS CLUB\"},\"image\":{\"@id\":\"https:\\\/\\\/richter.ceo\\\/coxs\\\/en\\\/#\\\/schema\\\/logo\\\/image\\\/\"},\"sameAs\":[\"https:\\\/\\\/www.facebook.com\\\/profile.php?id=100088204002615\",\"https:\\\/\\\/www.instagram.com\\\/coxs_coxs\\\/\"]}]}<\/script>\n<!-- \/ Yoast SEO plugin. -->","yoast_head_json":{"title":"COXS CLUB \u2013 Beton a Rum","description":"Jsme nejv\u00fdrazn\u011bj\u0161\u00ed hudebn\u00ed club a bar v Mikulov\u011b. A\u0165 u\u017e svoji nezam\u011bnitelnou atmosf\u00e9rou interi\u00e9ru, tak i nejrozs\u00e1hlej\u0161\u00ed nab\u00eddkou alkoholick\u00fdch n\u00e1poj\u016f.","robots":{"index":"index","follow":"follow","max-snippet":"max-snippet:-1","max-image-preview":"max-image-preview:large","max-video-preview":"max-video-preview:-1"},"canonical":"https:\/\/richter.ceo\/coxs\/","og_locale":"cs_CZ","og_type":"article","og_title":"COXS CLUB \u2013 Beton a Rum","og_description":"Jsme nejv\u00fdrazn\u011bj\u0161\u00ed hudebn\u00ed club a bar v Mikulov\u011b. A\u0165 u\u017e svoji nezam\u011bnitelnou atmosf\u00e9rou interi\u00e9ru, tak i nejrozs\u00e1hlej\u0161\u00ed nab\u00eddkou alkoholick\u00fdch n\u00e1poj\u016f.","og_url":"https:\/\/richter.ceo\/coxs\/","og_site_name":"COXS CLUB","article_publisher":"https:\/\/www.facebook.com\/profile.php?id=100088204002615","article_modified_time":"2026-04-29T17:43:21+00:00","og_image":[{"width":512,"height":512,"url":"https:\/\/richter.ceo\/coxs\/wp-content\/uploads\/sites\/4\/2025\/05\/FAVICON-dark.webp","type":"image\/webp"}],"twitter_card":"summary_large_image","twitter_misc":{"Odhadovan\u00e1 doba \u010dten\u00ed":"8 minut"},"schema":{"@context":"https:\/\/schema.org","@graph":[{"@type":"WebPage","@id":"https:\/\/richter.ceo\/coxs\/","url":"https:\/\/richter.ceo\/coxs\/","name":"COXS CLUB \u2013 Beton a Rum","isPartOf":{"@id":"https:\/\/richter.ceo\/coxs\/en\/#website"},"datePublished":"2025-05-07T20:50:54+00:00","dateModified":"2026-04-29T17:43:21+00:00","description":"Jsme nejv\u00fdrazn\u011bj\u0161\u00ed hudebn\u00ed club a bar v Mikulov\u011b. A\u0165 u\u017e svoji nezam\u011bnitelnou atmosf\u00e9rou interi\u00e9ru, tak i nejrozs\u00e1hlej\u0161\u00ed nab\u00eddkou alkoholick\u00fdch n\u00e1poj\u016f.","breadcrumb":{"@id":"https:\/\/richter.ceo\/coxs\/#breadcrumb"},"inLanguage":"cs","potentialAction":[{"@type":"ReadAction","target":["https:\/\/richter.ceo\/coxs\/"]}]},{"@type":"BreadcrumbList","@id":"https:\/\/richter.ceo\/coxs\/#breadcrumb","itemListElement":[{"@type":"ListItem","position":1,"name":"Dom\u016f","item":"https:\/\/richter.ceo\/coxs\/"},{"@type":"ListItem","position":2,"name":"HOME"}]},{"@type":"WebSite","@id":"https:\/\/richter.ceo\/coxs\/en\/#website","url":"https:\/\/richter.ceo\/coxs\/en\/","name":"COXS CLUB","description":"Beton a Rum","publisher":{"@id":"https:\/\/richter.ceo\/coxs\/en\/#organization"},"potentialAction":[{"@type":"SearchAction","target":{"@type":"EntryPoint","urlTemplate":"https:\/\/richter.ceo\/coxs\/en\/?s={search_term_string}"},"query-input":{"@type":"PropertyValueSpecification","valueRequired":true,"valueName":"search_term_string"}}],"inLanguage":"cs"},{"@type":"Organization","@id":"https:\/\/richter.ceo\/coxs\/en\/#organization","name":"COXS CLUB","url":"https:\/\/richter.ceo\/coxs\/en\/","logo":{"@type":"ImageObject","inLanguage":"cs","@id":"https:\/\/richter.ceo\/coxs\/en\/#\/schema\/logo\/image\/","url":"http:\/\/richter.ceo\/coxs\/wp-content\/uploads\/sites\/4\/2025\/05\/FAVICON-dark.webp","contentUrl":"http:\/\/richter.ceo\/coxs\/wp-content\/uploads\/sites\/4\/2025\/05\/FAVICON-dark.webp","width":512,"height":512,"caption":"COXS CLUB"},"image":{"@id":"https:\/\/richter.ceo\/coxs\/en\/#\/schema\/logo\/image\/"},"sameAs":["https:\/\/www.facebook.com\/profile.php?id=100088204002615","https:\/\/www.instagram.com\/coxs_coxs\/"]}]}},"_links":{"self":[{"href":"https:\/\/richter.ceo\/coxs\/wp-json\/wp\/v2\/pages\/11","targetHints":{"allow":["GET"]}}],"collection":[{"href":"https:\/\/richter.ceo\/coxs\/wp-json\/wp\/v2\/pages"}],"about":[{"href":"https:\/\/richter.ceo\/coxs\/wp-json\/wp\/v2\/types\/page"}],"author":[{"embeddable":true,"href":"https:\/\/richter.ceo\/coxs\/wp-json\/wp\/v2\/users\/1"}],"replies":[{"embeddable":true,"href":"https:\/\/richter.ceo\/coxs\/wp-json\/wp\/v2\/comments?post=11"}],"version-history":[{"count":100,"href":"https:\/\/richter.ceo\/coxs\/wp-json\/wp\/v2\/pages\/11\/revisions"}],"predecessor-version":[{"id":1618,"href":"https:\/\/richter.ceo\/coxs\/wp-json\/wp\/v2\/pages\/11\/revisions\/1618"}],"wp:attachment":[{"href":"https:\/\/richter.ceo\/coxs\/wp-json\/wp\/v2\/media?parent=11"}],"wp:term":[{"taxonomy":"hf_cat_page","embeddable":true,"href":"https:\/\/richter.ceo\/coxs\/wp-json\/wp\/v2\/hf_cat_page?post=11"}],"curies":[{"name":"wp","href":"https:\/\/api.w.org\/{rel}","templated":true}]}}