{"id":1105,"date":"2025-05-13T15:56:10","date_gmt":"2025-05-13T13:56:10","guid":{"rendered":"https:\/\/richter.ceo\/coxs\/?post_type=product&#038;p=1105"},"modified":"2025-05-13T15:56:11","modified_gmt":"2025-05-13T13:56:11","slug":"michlovsky-rulandske-bile","status":"publish","type":"product","link":"https:\/\/richter.ceo\/coxs\/produkt\/michlovsky-rulandske-bile\/","title":{"rendered":"Michlovsk\u00fd Rulandsk\u00e9 b\u00edl\u00e9"},"content":{"rendered":"<div class=\"elementor-column elementor-col-50 elementor-inner-column elementor-element elementor-element-df5ea97\" data-id=\"df5ea97\" data-element_type=\"column\">\n<div class=\"elementor-widget-wrap elementor-element-populated\">\n<div class=\"elementor-element elementor-element-5f45f876 elementor-widget elementor-widget-woocommerce-product-short-description\" data-id=\"5f45f876\" data-element_type=\"widget\" data-widget_type=\"woocommerce-product-short-description.default\">\n<div class=\"elementor-widget-container\">\n<div class=\"woocommerce-product-details__short-description\">\n<p>Buket letn\u00edch b\u00edl\u00fdch kv\u011bt\u016f, zelen\u00e9ho pep\u0159e, transformovan\u00fdch slan\u00fdch trnek, doprov\u00e1z\u00ed v chuti kandovan\u00e9 ovoce s karamelovo-medovou ko\u0159enitost\u00ed.<\/p>\n<\/div>\n<\/div>\n<\/div>\n<\/div>\n<\/div>\n","protected":false},"excerpt":{"rendered":"<p>Buket letn\u00edch b\u00edl\u00fdch kv\u011bt\u016f, zelen\u00e9ho pep\u0159e, transformovan\u00fdch slan\u00fdch trnek, doprov\u00e1z\u00ed v chuti kandovan\u00e9 ovoce s karamelovo-medovou ko\u0159enitost\u00ed.<\/p>\n","protected":false},"featured_media":1090,"template":"","meta":{"_acf_changed":false},"product_brand":[108],"product_cat":[103],"product_tag":[],"class_list":{"0":"post-1105","1":"product","2":"type-product","3":"status-publish","4":"has-post-thumbnail","6":"product_brand-michlovsky","7":"product_cat-vino","8":"pa_cena-za-025-l","9":"pa_obsah-alkoholu-105","10":"pa_zeme-ceska-republika","12":"first","13":"instock","14":"shipping-taxable","15":"purchasable","16":"product-type-simple"},"acf":[],"yoast_head":"<!-- This site is optimized with the Yoast SEO plugin v27.5 - https:\/\/yoast.com\/product\/yoast-seo-wordpress\/ -->\n<title>Michlovsk\u00fd Rulandsk\u00e9 b\u00edl\u00e9<\/title>\n<meta name=\"description\" content=\"Buket letn\u00edch b\u00edl\u00fdch kv\u011bt\u016f, zelen\u00e9ho pep\u0159e, transformovan\u00fdch slan\u00fdch trnek, doprov\u00e1z\u00ed v chuti kandovan\u00e9 ovoce s karamelovo-medovou ko\u0159enitost\u00ed.\" \/>\n<meta name=\"robots\" content=\"index, follow, max-snippet:-1, max-image-preview:large, max-video-preview:-1\" \/>\n<link rel=\"canonical\" href=\"https:\/\/richter.ceo\/coxs\/produkt\/michlovsky-rulandske-bile\/\" \/>\n<meta property=\"og:locale\" content=\"cs_CZ\" \/>\n<meta property=\"og:type\" content=\"article\" \/>\n<meta property=\"og:title\" content=\"Michlovsk\u00fd Rulandsk\u00e9 b\u00edl\u00e9\" \/>\n<meta property=\"og:description\" content=\"Buket letn\u00edch b\u00edl\u00fdch kv\u011bt\u016f, zelen\u00e9ho pep\u0159e, transformovan\u00fdch slan\u00fdch trnek, doprov\u00e1z\u00ed v chuti kandovan\u00e9 ovoce s karamelovo-medovou ko\u0159enitost\u00ed.\" \/>\n<meta property=\"og:url\" content=\"https:\/\/richter.ceo\/coxs\/produkt\/michlovsky-rulandske-bile\/\" \/>\n<meta property=\"og:site_name\" content=\"COXS CLUB\" \/>\n<meta property=\"article:publisher\" content=\"https:\/\/www.facebook.com\/profile.php?id=100088204002615\" \/>\n<meta property=\"article:modified_time\" content=\"2025-05-13T13:56:11+00:00\" \/>\n<meta property=\"og:image\" content=\"https:\/\/richter.ceo\/coxs\/wp-content\/uploads\/sites\/4\/2025\/05\/palava_025-864x1024-1.jpg\" \/>\n\t<meta property=\"og:image:width\" content=\"864\" \/>\n\t<meta property=\"og:image:height\" content=\"1024\" \/>\n\t<meta property=\"og:image:type\" content=\"image\/jpeg\" \/>\n<meta name=\"twitter:card\" content=\"summary_large_image\" \/>\n<script type=\"application\/ld+json\" class=\"yoast-schema-graph\">{\"@context\":\"https:\\\/\\\/schema.org\",\"@graph\":[{\"@type\":\"WebPage\",\"@id\":\"https:\\\/\\\/richter.ceo\\\/coxs\\\/produkt\\\/michlovsky-rulandske-bile\\\/\",\"url\":\"https:\\\/\\\/richter.ceo\\\/coxs\\\/produkt\\\/michlovsky-rulandske-bile\\\/\",\"name\":\"Michlovsk\u00fd Rulandsk\u00e9 b\u00edl\u00e9\",\"isPartOf\":{\"@id\":\"https:\\\/\\\/richter.ceo\\\/coxs\\\/en\\\/#website\"},\"primaryImageOfPage\":{\"@id\":\"https:\\\/\\\/richter.ceo\\\/coxs\\\/produkt\\\/michlovsky-rulandske-bile\\\/#primaryimage\"},\"image\":{\"@id\":\"https:\\\/\\\/richter.ceo\\\/coxs\\\/produkt\\\/michlovsky-rulandske-bile\\\/#primaryimage\"},\"thumbnailUrl\":\"https:\\\/\\\/richter.ceo\\\/coxs\\\/wp-content\\\/uploads\\\/sites\\\/4\\\/2025\\\/05\\\/palava_025-864x1024-1.jpg\",\"datePublished\":\"2025-05-13T13:56:10+00:00\",\"dateModified\":\"2025-05-13T13:56:11+00:00\",\"description\":\"Buket letn\u00edch b\u00edl\u00fdch kv\u011bt\u016f, zelen\u00e9ho pep\u0159e, transformovan\u00fdch slan\u00fdch trnek, doprov\u00e1z\u00ed v chuti kandovan\u00e9 ovoce s karamelovo-medovou ko\u0159enitost\u00ed.\",\"breadcrumb\":{\"@id\":\"https:\\\/\\\/richter.ceo\\\/coxs\\\/produkt\\\/michlovsky-rulandske-bile\\\/#breadcrumb\"},\"inLanguage\":\"cs\",\"potentialAction\":[{\"@type\":\"ReadAction\",\"target\":[\"https:\\\/\\\/richter.ceo\\\/coxs\\\/produkt\\\/michlovsky-rulandske-bile\\\/\"]}]},{\"@type\":\"ImageObject\",\"inLanguage\":\"cs\",\"@id\":\"https:\\\/\\\/richter.ceo\\\/coxs\\\/produkt\\\/michlovsky-rulandske-bile\\\/#primaryimage\",\"url\":\"https:\\\/\\\/richter.ceo\\\/coxs\\\/wp-content\\\/uploads\\\/sites\\\/4\\\/2025\\\/05\\\/palava_025-864x1024-1.jpg\",\"contentUrl\":\"https:\\\/\\\/richter.ceo\\\/coxs\\\/wp-content\\\/uploads\\\/sites\\\/4\\\/2025\\\/05\\\/palava_025-864x1024-1.jpg\",\"width\":864,\"height\":1024,\"caption\":\"COXS CLUB\"},{\"@type\":\"BreadcrumbList\",\"@id\":\"https:\\\/\\\/richter.ceo\\\/coxs\\\/produkt\\\/michlovsky-rulandske-bile\\\/#breadcrumb\",\"itemListElement\":[{\"@type\":\"ListItem\",\"position\":1,\"name\":\"Dom\u016f\",\"item\":\"https:\\\/\\\/richter.ceo\\\/coxs\\\/\"},{\"@type\":\"ListItem\",\"position\":2,\"name\":\"N\u00c1POJE\",\"item\":\"https:\\\/\\\/richter.ceo\\\/coxs\\\/en\\\/napoje\\\/\"},{\"@type\":\"ListItem\",\"position\":3,\"name\":\"Michlovsk\u00fd Rulandsk\u00e9 b\u00edl\u00e9\"}]},{\"@type\":\"WebSite\",\"@id\":\"https:\\\/\\\/richter.ceo\\\/coxs\\\/en\\\/#website\",\"url\":\"https:\\\/\\\/richter.ceo\\\/coxs\\\/en\\\/\",\"name\":\"COXS CLUB\",\"description\":\"Beton a Rum\",\"publisher\":{\"@id\":\"https:\\\/\\\/richter.ceo\\\/coxs\\\/en\\\/#organization\"},\"potentialAction\":[{\"@type\":\"SearchAction\",\"target\":{\"@type\":\"EntryPoint\",\"urlTemplate\":\"https:\\\/\\\/richter.ceo\\\/coxs\\\/en\\\/?s={search_term_string}\"},\"query-input\":{\"@type\":\"PropertyValueSpecification\",\"valueRequired\":true,\"valueName\":\"search_term_string\"}}],\"inLanguage\":\"cs\"},{\"@type\":\"Organization\",\"@id\":\"https:\\\/\\\/richter.ceo\\\/coxs\\\/en\\\/#organization\",\"name\":\"COXS CLUB\",\"url\":\"https:\\\/\\\/richter.ceo\\\/coxs\\\/en\\\/\",\"logo\":{\"@type\":\"ImageObject\",\"inLanguage\":\"cs\",\"@id\":\"https:\\\/\\\/richter.ceo\\\/coxs\\\/en\\\/#\\\/schema\\\/logo\\\/image\\\/\",\"url\":\"http:\\\/\\\/richter.ceo\\\/coxs\\\/wp-content\\\/uploads\\\/sites\\\/4\\\/2025\\\/05\\\/FAVICON-dark.webp\",\"contentUrl\":\"http:\\\/\\\/richter.ceo\\\/coxs\\\/wp-content\\\/uploads\\\/sites\\\/4\\\/2025\\\/05\\\/FAVICON-dark.webp\",\"width\":512,\"height\":512,\"caption\":\"COXS CLUB\"},\"image\":{\"@id\":\"https:\\\/\\\/richter.ceo\\\/coxs\\\/en\\\/#\\\/schema\\\/logo\\\/image\\\/\"},\"sameAs\":[\"https:\\\/\\\/www.facebook.com\\\/profile.php?id=100088204002615\",\"https:\\\/\\\/www.instagram.com\\\/coxs_coxs\\\/\"]}]}<\/script>\n<!-- \/ Yoast SEO plugin. -->","yoast_head_json":{"title":"Michlovsk\u00fd Rulandsk\u00e9 b\u00edl\u00e9","description":"Buket letn\u00edch b\u00edl\u00fdch kv\u011bt\u016f, zelen\u00e9ho pep\u0159e, transformovan\u00fdch slan\u00fdch trnek, doprov\u00e1z\u00ed v chuti kandovan\u00e9 ovoce s karamelovo-medovou ko\u0159enitost\u00ed.","robots":{"index":"index","follow":"follow","max-snippet":"max-snippet:-1","max-image-preview":"max-image-preview:large","max-video-preview":"max-video-preview:-1"},"canonical":"https:\/\/richter.ceo\/coxs\/produkt\/michlovsky-rulandske-bile\/","og_locale":"cs_CZ","og_type":"article","og_title":"Michlovsk\u00fd Rulandsk\u00e9 b\u00edl\u00e9","og_description":"Buket letn\u00edch b\u00edl\u00fdch kv\u011bt\u016f, zelen\u00e9ho pep\u0159e, transformovan\u00fdch slan\u00fdch trnek, doprov\u00e1z\u00ed v chuti kandovan\u00e9 ovoce s karamelovo-medovou ko\u0159enitost\u00ed.","og_url":"https:\/\/richter.ceo\/coxs\/produkt\/michlovsky-rulandske-bile\/","og_site_name":"COXS CLUB","article_publisher":"https:\/\/www.facebook.com\/profile.php?id=100088204002615","article_modified_time":"2025-05-13T13:56:11+00:00","og_image":[{"width":864,"height":1024,"url":"https:\/\/richter.ceo\/coxs\/wp-content\/uploads\/sites\/4\/2025\/05\/palava_025-864x1024-1.jpg","type":"image\/jpeg"}],"twitter_card":"summary_large_image","schema":{"@context":"https:\/\/schema.org","@graph":[{"@type":"WebPage","@id":"https:\/\/richter.ceo\/coxs\/produkt\/michlovsky-rulandske-bile\/","url":"https:\/\/richter.ceo\/coxs\/produkt\/michlovsky-rulandske-bile\/","name":"Michlovsk\u00fd Rulandsk\u00e9 b\u00edl\u00e9","isPartOf":{"@id":"https:\/\/richter.ceo\/coxs\/en\/#website"},"primaryImageOfPage":{"@id":"https:\/\/richter.ceo\/coxs\/produkt\/michlovsky-rulandske-bile\/#primaryimage"},"image":{"@id":"https:\/\/richter.ceo\/coxs\/produkt\/michlovsky-rulandske-bile\/#primaryimage"},"thumbnailUrl":"https:\/\/richter.ceo\/coxs\/wp-content\/uploads\/sites\/4\/2025\/05\/palava_025-864x1024-1.jpg","datePublished":"2025-05-13T13:56:10+00:00","dateModified":"2025-05-13T13:56:11+00:00","description":"Buket letn\u00edch b\u00edl\u00fdch kv\u011bt\u016f, zelen\u00e9ho pep\u0159e, transformovan\u00fdch slan\u00fdch trnek, doprov\u00e1z\u00ed v chuti kandovan\u00e9 ovoce s karamelovo-medovou ko\u0159enitost\u00ed.","breadcrumb":{"@id":"https:\/\/richter.ceo\/coxs\/produkt\/michlovsky-rulandske-bile\/#breadcrumb"},"inLanguage":"cs","potentialAction":[{"@type":"ReadAction","target":["https:\/\/richter.ceo\/coxs\/produkt\/michlovsky-rulandske-bile\/"]}]},{"@type":"ImageObject","inLanguage":"cs","@id":"https:\/\/richter.ceo\/coxs\/produkt\/michlovsky-rulandske-bile\/#primaryimage","url":"https:\/\/richter.ceo\/coxs\/wp-content\/uploads\/sites\/4\/2025\/05\/palava_025-864x1024-1.jpg","contentUrl":"https:\/\/richter.ceo\/coxs\/wp-content\/uploads\/sites\/4\/2025\/05\/palava_025-864x1024-1.jpg","width":864,"height":1024,"caption":"COXS CLUB"},{"@type":"BreadcrumbList","@id":"https:\/\/richter.ceo\/coxs\/produkt\/michlovsky-rulandske-bile\/#breadcrumb","itemListElement":[{"@type":"ListItem","position":1,"name":"Dom\u016f","item":"https:\/\/richter.ceo\/coxs\/"},{"@type":"ListItem","position":2,"name":"N\u00c1POJE","item":"https:\/\/richter.ceo\/coxs\/en\/napoje\/"},{"@type":"ListItem","position":3,"name":"Michlovsk\u00fd Rulandsk\u00e9 b\u00edl\u00e9"}]},{"@type":"WebSite","@id":"https:\/\/richter.ceo\/coxs\/en\/#website","url":"https:\/\/richter.ceo\/coxs\/en\/","name":"COXS CLUB","description":"Beton a Rum","publisher":{"@id":"https:\/\/richter.ceo\/coxs\/en\/#organization"},"potentialAction":[{"@type":"SearchAction","target":{"@type":"EntryPoint","urlTemplate":"https:\/\/richter.ceo\/coxs\/en\/?s={search_term_string}"},"query-input":{"@type":"PropertyValueSpecification","valueRequired":true,"valueName":"search_term_string"}}],"inLanguage":"cs"},{"@type":"Organization","@id":"https:\/\/richter.ceo\/coxs\/en\/#organization","name":"COXS CLUB","url":"https:\/\/richter.ceo\/coxs\/en\/","logo":{"@type":"ImageObject","inLanguage":"cs","@id":"https:\/\/richter.ceo\/coxs\/en\/#\/schema\/logo\/image\/","url":"http:\/\/richter.ceo\/coxs\/wp-content\/uploads\/sites\/4\/2025\/05\/FAVICON-dark.webp","contentUrl":"http:\/\/richter.ceo\/coxs\/wp-content\/uploads\/sites\/4\/2025\/05\/FAVICON-dark.webp","width":512,"height":512,"caption":"COXS CLUB"},"image":{"@id":"https:\/\/richter.ceo\/coxs\/en\/#\/schema\/logo\/image\/"},"sameAs":["https:\/\/www.facebook.com\/profile.php?id=100088204002615","https:\/\/www.instagram.com\/coxs_coxs\/"]}]}},"_links":{"self":[{"href":"https:\/\/richter.ceo\/coxs\/wp-json\/wp\/v2\/product\/1105","targetHints":{"allow":["GET"]}}],"collection":[{"href":"https:\/\/richter.ceo\/coxs\/wp-json\/wp\/v2\/product"}],"about":[{"href":"https:\/\/richter.ceo\/coxs\/wp-json\/wp\/v2\/types\/product"}],"wp:featuredmedia":[{"embeddable":true,"href":"https:\/\/richter.ceo\/coxs\/wp-json\/wp\/v2\/media\/1090"}],"wp:attachment":[{"href":"https:\/\/richter.ceo\/coxs\/wp-json\/wp\/v2\/media?parent=1105"}],"wp:term":[{"taxonomy":"product_brand","embeddable":true,"href":"https:\/\/richter.ceo\/coxs\/wp-json\/wp\/v2\/product_brand?post=1105"},{"taxonomy":"product_cat","embeddable":true,"href":"https:\/\/richter.ceo\/coxs\/wp-json\/wp\/v2\/product_cat?post=1105"},{"taxonomy":"product_tag","embeddable":true,"href":"https:\/\/richter.ceo\/coxs\/wp-json\/wp\/v2\/product_tag?post=1105"}],"curies":[{"name":"wp","href":"https:\/\/api.w.org\/{rel}","templated":true}]}}