{"id":1111,"date":"2025-05-13T16:33:57","date_gmt":"2025-05-13T14:33:57","guid":{"rendered":"https:\/\/richter.ceo\/coxs\/?post_type=product&#038;p=1111"},"modified":"2025-05-13T16:34:08","modified_gmt":"2025-05-13T14:34:08","slug":"kofola","status":"publish","type":"product","link":"https:\/\/richter.ceo\/coxs\/produkt\/kofola\/","title":{"rendered":"Kofola"},"content":{"rendered":"<p>Kofola je popul\u00e1rn\u00ed nealkoholick\u00fd n\u00e1poj, jeho\u017e z\u00e1klad tvo\u0159\u00ed 14 l\u00e1tek p\u0159\u00edrodn\u00edho charakteru. M\u00e1 jedine\u010dn\u00e9 aroma a ni\u017e\u0161\u00ed obsah cukru a kofeinu oproti jin\u00fdm kolov\u00fdm n\u00e1poj\u016fm.<\/p>\n<p>&nbsp;<\/p>\n<p>Kofola\u00ae si jako osv\u011b\u017euj\u00edc\u00ed nealkoholick\u00fd n\u00e1poj z\u00edskala sv\u00e9 dobr\u00e9 jm\u00e9no b\u011bhem v\u00edce ne\u017e \u010dty\u0159icetilet\u00e9 historie spojen\u00e9 s vynikaj\u00edc\u00ed chut\u00ed a \u0161pi\u010dkovou kvalitou. Sv\u00e9 sp\u0159\u00edzn\u011bnce si z\u00edskala p\u0159edev\u0161\u00edm svou nenapodobitelnou chut\u00ed, kter\u00e1 byla vytvo\u0159ena jedine\u010dn\u00fdm zp\u016fsobem.<\/p>\n<p>&nbsp;<\/p>\n<div class=\"elementor-column elementor-col-50 elementor-inner-column elementor-element elementor-element-df5ea97\" data-id=\"df5ea97\" data-element_type=\"column\">\n<div class=\"elementor-widget-wrap elementor-element-populated\">\n<div class=\"elementor-element elementor-element-5f45f876 elementor-widget elementor-widget-woocommerce-product-short-description\" data-id=\"5f45f876\" data-element_type=\"widget\" data-widget_type=\"woocommerce-product-short-description.default\">\n<div class=\"elementor-widget-container\">\n<div class=\"woocommerce-product-details__short-description\">\n<p>Kofola\u00ae vznikla po\u010d\u00e1tkem 60. let v opavsk\u00e9m farmaceutick\u00e9m z\u00e1vod\u011b Galena. Skl\u00e1d\u00e1 se celkem ze \u010dtrn\u00e1cti l\u00e1tek p\u0159\u00edrodn\u00edho charakteru dopln\u011bn\u00fdch o kofein. V porovn\u00e1n\u00ed s klasick\u00fdmi kolov\u00fdmi n\u00e1poji m\u00e1 Kofola\u00ae o t\u0159etinu ni\u017e\u0161\u00ed obsah cukru a o polovinu ni\u017e\u0161\u00ed obsah kofeinu. A co je podstatn\u00e9, neobsahuje kyselinu fosfore\u010dnou jako mnoh\u00e9 kolov\u00e9 n\u00e1poje. Zkr\u00e1tka a dob\u0159e prav\u00e1 Kofola\u00ae je v\u00fdjime\u010dn\u00e1 a origin\u00e1ln\u00ed.<\/p>\n<\/div>\n<\/div>\n<\/div>\n<\/div>\n<\/div>\n","protected":false},"excerpt":{"rendered":"<p>Kofola je popul\u00e1rn\u00ed nealkoholick\u00fd n\u00e1poj, jeho\u017e z\u00e1klad tvo\u0159\u00ed 14 l\u00e1tek p\u0159\u00edrodn\u00edho charakteru. M\u00e1 jedine\u010dn\u00e9 aroma a ni\u017e\u0161\u00ed obsah cukru a kofeinu oproti jin\u00fdm kolov\u00fdm n\u00e1poj\u016fm. &nbsp; Kofola\u00ae si jako osv\u011b\u017euj\u00edc\u00ed nealkoholick\u00fd n\u00e1poj z\u00edskala sv\u00e9 dobr\u00e9 jm\u00e9no b\u011bhem v\u00edce ne\u017e \u010dty\u0159icetilet\u00e9 historie spojen\u00e9 s vynikaj\u00edc\u00ed chut\u00ed a \u0161pi\u010dkovou kvalitou. Sv\u00e9 sp\u0159\u00edzn\u011bnce si z\u00edskala p\u0159edev\u0161\u00edm svou nenapodobitelnou [&hellip;]<\/p>\n","protected":false},"featured_media":1089,"template":"","meta":{"_acf_changed":false},"product_brand":[124],"product_cat":[116],"product_tag":[],"class_list":{"0":"post-1111","1":"product","2":"type-product","3":"status-publish","4":"has-post-thumbnail","6":"product_brand-kofola","7":"product_cat-nealko","8":"pa_cena-za-025-l","9":"pa_zeme-ceska-republika","11":"first","12":"instock","13":"shipping-taxable","14":"purchasable","15":"product-type-simple"},"acf":[],"yoast_head":"<!-- This site is optimized with the Yoast SEO plugin v27.5 - https:\/\/yoast.com\/product\/yoast-seo-wordpress\/ -->\n<title>Kofola<\/title>\n<meta name=\"description\" content=\"Kofola je popul\u00e1rn\u00ed nealkoholick\u00fd n\u00e1poj, jeho\u017e z\u00e1klad tvo\u0159\u00ed 14 l\u00e1tek p\u0159\u00edrodn\u00edho charakteru. M\u00e1 jedine\u010dn\u00e9 aroma a ni\u017e\u0161\u00ed obsah cukru a kofeinu oproti jin\u00fdm\" \/>\n<meta name=\"robots\" content=\"index, follow, max-snippet:-1, max-image-preview:large, max-video-preview:-1\" \/>\n<link rel=\"canonical\" href=\"https:\/\/richter.ceo\/coxs\/product\/kofola\/\" \/>\n<meta property=\"og:locale\" content=\"cs_CZ\" \/>\n<meta property=\"og:type\" content=\"article\" \/>\n<meta property=\"og:title\" content=\"Kofola\" \/>\n<meta property=\"og:description\" content=\"Kofola je popul\u00e1rn\u00ed nealkoholick\u00fd n\u00e1poj, jeho\u017e z\u00e1klad tvo\u0159\u00ed 14 l\u00e1tek p\u0159\u00edrodn\u00edho charakteru. M\u00e1 jedine\u010dn\u00e9 aroma a ni\u017e\u0161\u00ed obsah cukru a kofeinu oproti jin\u00fdm\" \/>\n<meta property=\"og:url\" content=\"https:\/\/richter.ceo\/coxs\/product\/kofola\/\" \/>\n<meta property=\"og:site_name\" content=\"COXS CLUB\" \/>\n<meta property=\"article:publisher\" content=\"https:\/\/www.facebook.com\/profile.php?id=100088204002615\" \/>\n<meta property=\"article:modified_time\" content=\"2025-05-13T14:34:08+00:00\" \/>\n<meta property=\"og:image\" content=\"https:\/\/richter.ceo\/coxs\/wp-content\/uploads\/sites\/4\/2025\/05\/kofola-864x1024-1.jpg\" \/>\n\t<meta property=\"og:image:width\" content=\"864\" \/>\n\t<meta property=\"og:image:height\" content=\"1024\" \/>\n\t<meta property=\"og:image:type\" content=\"image\/jpeg\" \/>\n<meta name=\"twitter:card\" content=\"summary_large_image\" \/>\n<meta name=\"twitter:label1\" content=\"Odhadovan\u00e1 doba \u010dten\u00ed\" \/>\n\t<meta name=\"twitter:data1\" content=\"1 minuta\" \/>\n<script type=\"application\/ld+json\" class=\"yoast-schema-graph\">{\"@context\":\"https:\\\/\\\/schema.org\",\"@graph\":[{\"@type\":\"WebPage\",\"@id\":\"https:\\\/\\\/richter.ceo\\\/coxs\\\/en\\\/product\\\/kofola\\\/\",\"url\":\"https:\\\/\\\/richter.ceo\\\/coxs\\\/en\\\/product\\\/kofola\\\/\",\"name\":\"Kofola\",\"isPartOf\":{\"@id\":\"https:\\\/\\\/richter.ceo\\\/coxs\\\/en\\\/#website\"},\"primaryImageOfPage\":{\"@id\":\"https:\\\/\\\/richter.ceo\\\/coxs\\\/en\\\/product\\\/kofola\\\/#primaryimage\"},\"image\":{\"@id\":\"https:\\\/\\\/richter.ceo\\\/coxs\\\/en\\\/product\\\/kofola\\\/#primaryimage\"},\"thumbnailUrl\":\"https:\\\/\\\/richter.ceo\\\/coxs\\\/wp-content\\\/uploads\\\/sites\\\/4\\\/2025\\\/05\\\/kofola-864x1024-1.jpg\",\"datePublished\":\"2025-05-13T14:33:57+00:00\",\"dateModified\":\"2025-05-13T14:34:08+00:00\",\"description\":\"Kofola je popul\u00e1rn\u00ed nealkoholick\u00fd n\u00e1poj, jeho\u017e z\u00e1klad tvo\u0159\u00ed 14 l\u00e1tek p\u0159\u00edrodn\u00edho charakteru. M\u00e1 jedine\u010dn\u00e9 aroma a ni\u017e\u0161\u00ed obsah cukru a kofeinu oproti jin\u00fdm\",\"breadcrumb\":{\"@id\":\"https:\\\/\\\/richter.ceo\\\/coxs\\\/en\\\/product\\\/kofola\\\/#breadcrumb\"},\"inLanguage\":\"cs\",\"potentialAction\":[{\"@type\":\"ReadAction\",\"target\":[\"https:\\\/\\\/richter.ceo\\\/coxs\\\/en\\\/product\\\/kofola\\\/\"]}]},{\"@type\":\"ImageObject\",\"inLanguage\":\"cs\",\"@id\":\"https:\\\/\\\/richter.ceo\\\/coxs\\\/en\\\/product\\\/kofola\\\/#primaryimage\",\"url\":\"https:\\\/\\\/richter.ceo\\\/coxs\\\/wp-content\\\/uploads\\\/sites\\\/4\\\/2025\\\/05\\\/kofola-864x1024-1.jpg\",\"contentUrl\":\"https:\\\/\\\/richter.ceo\\\/coxs\\\/wp-content\\\/uploads\\\/sites\\\/4\\\/2025\\\/05\\\/kofola-864x1024-1.jpg\",\"width\":864,\"height\":1024,\"caption\":\"COXS CLUB\"},{\"@type\":\"BreadcrumbList\",\"@id\":\"https:\\\/\\\/richter.ceo\\\/coxs\\\/en\\\/product\\\/kofola\\\/#breadcrumb\",\"itemListElement\":[{\"@type\":\"ListItem\",\"position\":1,\"name\":\"Dom\u016f\",\"item\":\"https:\\\/\\\/richter.ceo\\\/coxs\\\/\"},{\"@type\":\"ListItem\",\"position\":2,\"name\":\"N\u00c1POJE\",\"item\":\"https:\\\/\\\/richter.ceo\\\/coxs\\\/en\\\/napoje\\\/\"},{\"@type\":\"ListItem\",\"position\":3,\"name\":\"Kofola\"}]},{\"@type\":\"WebSite\",\"@id\":\"https:\\\/\\\/richter.ceo\\\/coxs\\\/en\\\/#website\",\"url\":\"https:\\\/\\\/richter.ceo\\\/coxs\\\/en\\\/\",\"name\":\"COXS CLUB\",\"description\":\"Beton a Rum\",\"publisher\":{\"@id\":\"https:\\\/\\\/richter.ceo\\\/coxs\\\/en\\\/#organization\"},\"potentialAction\":[{\"@type\":\"SearchAction\",\"target\":{\"@type\":\"EntryPoint\",\"urlTemplate\":\"https:\\\/\\\/richter.ceo\\\/coxs\\\/en\\\/?s={search_term_string}\"},\"query-input\":{\"@type\":\"PropertyValueSpecification\",\"valueRequired\":true,\"valueName\":\"search_term_string\"}}],\"inLanguage\":\"cs\"},{\"@type\":\"Organization\",\"@id\":\"https:\\\/\\\/richter.ceo\\\/coxs\\\/en\\\/#organization\",\"name\":\"COXS CLUB\",\"url\":\"https:\\\/\\\/richter.ceo\\\/coxs\\\/en\\\/\",\"logo\":{\"@type\":\"ImageObject\",\"inLanguage\":\"cs\",\"@id\":\"https:\\\/\\\/richter.ceo\\\/coxs\\\/en\\\/#\\\/schema\\\/logo\\\/image\\\/\",\"url\":\"http:\\\/\\\/richter.ceo\\\/coxs\\\/wp-content\\\/uploads\\\/sites\\\/4\\\/2025\\\/05\\\/FAVICON-dark.webp\",\"contentUrl\":\"http:\\\/\\\/richter.ceo\\\/coxs\\\/wp-content\\\/uploads\\\/sites\\\/4\\\/2025\\\/05\\\/FAVICON-dark.webp\",\"width\":512,\"height\":512,\"caption\":\"COXS CLUB\"},\"image\":{\"@id\":\"https:\\\/\\\/richter.ceo\\\/coxs\\\/en\\\/#\\\/schema\\\/logo\\\/image\\\/\"},\"sameAs\":[\"https:\\\/\\\/www.facebook.com\\\/profile.php?id=100088204002615\",\"https:\\\/\\\/www.instagram.com\\\/coxs_coxs\\\/\"]}]}<\/script>\n<!-- \/ Yoast SEO plugin. -->","yoast_head_json":{"title":"Kofola","description":"Kofola je popul\u00e1rn\u00ed nealkoholick\u00fd n\u00e1poj, jeho\u017e z\u00e1klad tvo\u0159\u00ed 14 l\u00e1tek p\u0159\u00edrodn\u00edho charakteru. M\u00e1 jedine\u010dn\u00e9 aroma a ni\u017e\u0161\u00ed obsah cukru a kofeinu oproti jin\u00fdm","robots":{"index":"index","follow":"follow","max-snippet":"max-snippet:-1","max-image-preview":"max-image-preview:large","max-video-preview":"max-video-preview:-1"},"canonical":"https:\/\/richter.ceo\/coxs\/product\/kofola\/","og_locale":"cs_CZ","og_type":"article","og_title":"Kofola","og_description":"Kofola je popul\u00e1rn\u00ed nealkoholick\u00fd n\u00e1poj, jeho\u017e z\u00e1klad tvo\u0159\u00ed 14 l\u00e1tek p\u0159\u00edrodn\u00edho charakteru. M\u00e1 jedine\u010dn\u00e9 aroma a ni\u017e\u0161\u00ed obsah cukru a kofeinu oproti jin\u00fdm","og_url":"https:\/\/richter.ceo\/coxs\/product\/kofola\/","og_site_name":"COXS CLUB","article_publisher":"https:\/\/www.facebook.com\/profile.php?id=100088204002615","article_modified_time":"2025-05-13T14:34:08+00:00","og_image":[{"width":864,"height":1024,"url":"https:\/\/richter.ceo\/coxs\/wp-content\/uploads\/sites\/4\/2025\/05\/kofola-864x1024-1.jpg","type":"image\/jpeg"}],"twitter_card":"summary_large_image","twitter_misc":{"Odhadovan\u00e1 doba \u010dten\u00ed":"1 minuta"},"schema":{"@context":"https:\/\/schema.org","@graph":[{"@type":"WebPage","@id":"https:\/\/richter.ceo\/coxs\/en\/product\/kofola\/","url":"https:\/\/richter.ceo\/coxs\/en\/product\/kofola\/","name":"Kofola","isPartOf":{"@id":"https:\/\/richter.ceo\/coxs\/en\/#website"},"primaryImageOfPage":{"@id":"https:\/\/richter.ceo\/coxs\/en\/product\/kofola\/#primaryimage"},"image":{"@id":"https:\/\/richter.ceo\/coxs\/en\/product\/kofola\/#primaryimage"},"thumbnailUrl":"https:\/\/richter.ceo\/coxs\/wp-content\/uploads\/sites\/4\/2025\/05\/kofola-864x1024-1.jpg","datePublished":"2025-05-13T14:33:57+00:00","dateModified":"2025-05-13T14:34:08+00:00","description":"Kofola je popul\u00e1rn\u00ed nealkoholick\u00fd n\u00e1poj, jeho\u017e z\u00e1klad tvo\u0159\u00ed 14 l\u00e1tek p\u0159\u00edrodn\u00edho charakteru. M\u00e1 jedine\u010dn\u00e9 aroma a ni\u017e\u0161\u00ed obsah cukru a kofeinu oproti jin\u00fdm","breadcrumb":{"@id":"https:\/\/richter.ceo\/coxs\/en\/product\/kofola\/#breadcrumb"},"inLanguage":"cs","potentialAction":[{"@type":"ReadAction","target":["https:\/\/richter.ceo\/coxs\/en\/product\/kofola\/"]}]},{"@type":"ImageObject","inLanguage":"cs","@id":"https:\/\/richter.ceo\/coxs\/en\/product\/kofola\/#primaryimage","url":"https:\/\/richter.ceo\/coxs\/wp-content\/uploads\/sites\/4\/2025\/05\/kofola-864x1024-1.jpg","contentUrl":"https:\/\/richter.ceo\/coxs\/wp-content\/uploads\/sites\/4\/2025\/05\/kofola-864x1024-1.jpg","width":864,"height":1024,"caption":"COXS CLUB"},{"@type":"BreadcrumbList","@id":"https:\/\/richter.ceo\/coxs\/en\/product\/kofola\/#breadcrumb","itemListElement":[{"@type":"ListItem","position":1,"name":"Dom\u016f","item":"https:\/\/richter.ceo\/coxs\/"},{"@type":"ListItem","position":2,"name":"N\u00c1POJE","item":"https:\/\/richter.ceo\/coxs\/en\/napoje\/"},{"@type":"ListItem","position":3,"name":"Kofola"}]},{"@type":"WebSite","@id":"https:\/\/richter.ceo\/coxs\/en\/#website","url":"https:\/\/richter.ceo\/coxs\/en\/","name":"COXS CLUB","description":"Beton a Rum","publisher":{"@id":"https:\/\/richter.ceo\/coxs\/en\/#organization"},"potentialAction":[{"@type":"SearchAction","target":{"@type":"EntryPoint","urlTemplate":"https:\/\/richter.ceo\/coxs\/en\/?s={search_term_string}"},"query-input":{"@type":"PropertyValueSpecification","valueRequired":true,"valueName":"search_term_string"}}],"inLanguage":"cs"},{"@type":"Organization","@id":"https:\/\/richter.ceo\/coxs\/en\/#organization","name":"COXS CLUB","url":"https:\/\/richter.ceo\/coxs\/en\/","logo":{"@type":"ImageObject","inLanguage":"cs","@id":"https:\/\/richter.ceo\/coxs\/en\/#\/schema\/logo\/image\/","url":"http:\/\/richter.ceo\/coxs\/wp-content\/uploads\/sites\/4\/2025\/05\/FAVICON-dark.webp","contentUrl":"http:\/\/richter.ceo\/coxs\/wp-content\/uploads\/sites\/4\/2025\/05\/FAVICON-dark.webp","width":512,"height":512,"caption":"COXS CLUB"},"image":{"@id":"https:\/\/richter.ceo\/coxs\/en\/#\/schema\/logo\/image\/"},"sameAs":["https:\/\/www.facebook.com\/profile.php?id=100088204002615","https:\/\/www.instagram.com\/coxs_coxs\/"]}]}},"_links":{"self":[{"href":"https:\/\/richter.ceo\/coxs\/wp-json\/wp\/v2\/product\/1111","targetHints":{"allow":["GET"]}}],"collection":[{"href":"https:\/\/richter.ceo\/coxs\/wp-json\/wp\/v2\/product"}],"about":[{"href":"https:\/\/richter.ceo\/coxs\/wp-json\/wp\/v2\/types\/product"}],"wp:featuredmedia":[{"embeddable":true,"href":"https:\/\/richter.ceo\/coxs\/wp-json\/wp\/v2\/media\/1089"}],"wp:attachment":[{"href":"https:\/\/richter.ceo\/coxs\/wp-json\/wp\/v2\/media?parent=1111"}],"wp:term":[{"taxonomy":"product_brand","embeddable":true,"href":"https:\/\/richter.ceo\/coxs\/wp-json\/wp\/v2\/product_brand?post=1111"},{"taxonomy":"product_cat","embeddable":true,"href":"https:\/\/richter.ceo\/coxs\/wp-json\/wp\/v2\/product_cat?post=1111"},{"taxonomy":"product_tag","embeddable":true,"href":"https:\/\/richter.ceo\/coxs\/wp-json\/wp\/v2\/product_tag?post=1111"}],"curies":[{"name":"wp","href":"https:\/\/api.w.org\/{rel}","templated":true}]}}