{"id":1112,"date":"2025-05-13T16:36:20","date_gmt":"2025-05-13T14:36:20","guid":{"rendered":"https:\/\/richter.ceo\/coxs\/?post_type=product&#038;p=1112"},"modified":"2025-05-13T16:36:20","modified_gmt":"2025-05-13T14:36:20","slug":"chito-tonic","status":"publish","type":"product","link":"https:\/\/richter.ceo\/coxs\/produkt\/chito-tonic\/","title":{"rendered":"Chito Tonic"},"content":{"rendered":"<p>Chito je zna\u010dka nealkoholick\u00fdch n\u00e1poj\u016f, kter\u00e1 je charakteristick\u00e1 pronikavou a vyv\u00e1\u017eenou ho\u0159kost\u00ed.<\/p>\n<p>&nbsp;<\/p>\n<div class=\"elementor-column elementor-col-50 elementor-inner-column elementor-element elementor-element-df5ea97\" data-id=\"df5ea97\" data-element_type=\"column\">\n<div class=\"elementor-widget-wrap elementor-element-populated\">\n<div class=\"elementor-element elementor-element-5f45f876 elementor-widget elementor-widget-woocommerce-product-short-description\" data-id=\"5f45f876\" data-element_type=\"widget\" data-widget_type=\"woocommerce-product-short-description.default\">\n<div class=\"elementor-widget-container\">\n<div class=\"woocommerce-product-details__short-description\">\n<p>V\u00fdta\u017eek z k\u016fry chininovn\u00edku a vysok\u00fd obsah sycen\u00ed d\u00e1vaj\u00ed Chito Tonicuvyv\u00e1\u017eenou ho\u0159kost a v\u00fdraznou perlivost. Ovocn\u00e9 t\u00f3ny n\u00e1poj z\u00e1rove\u0148 odleh\u010duj\u00ed a podporuj\u00ed jeho osv\u011b\u017euj\u00edc\u00ed vlastnosti.<\/p>\n<\/div>\n<\/div>\n<\/div>\n<\/div>\n<\/div>\n","protected":false},"excerpt":{"rendered":"<p>Chito je zna\u010dka nealkoholick\u00fdch n\u00e1poj\u016f, kter\u00e1 je charakteristick\u00e1 pronikavou a vyv\u00e1\u017eenou ho\u0159kost\u00ed. &nbsp; V\u00fdta\u017eek z k\u016fry chininovn\u00edku a vysok\u00fd obsah sycen\u00ed d\u00e1vaj\u00ed Chito Tonicuvyv\u00e1\u017eenou ho\u0159kost a v\u00fdraznou perlivost. Ovocn\u00e9 t\u00f3ny n\u00e1poj z\u00e1rove\u0148 odleh\u010duj\u00ed a podporuj\u00ed jeho osv\u011b\u017euj\u00edc\u00ed vlastnosti.<\/p>\n","protected":false},"featured_media":1087,"template":"","meta":{"_acf_changed":false},"product_brand":[125],"product_cat":[116],"product_tag":[],"class_list":{"0":"post-1112","1":"product","2":"type-product","3":"status-publish","4":"has-post-thumbnail","6":"product_brand-chito","7":"product_cat-nealko","8":"pa_cena-za-025-l","9":"pa_zeme-ceska-republika","11":"first","12":"instock","13":"shipping-taxable","14":"purchasable","15":"product-type-simple"},"acf":[],"yoast_head":"<!-- This site is optimized with the Yoast SEO plugin v27.5 - https:\/\/yoast.com\/product\/yoast-seo-wordpress\/ -->\n<title>Chito Tonic<\/title>\n<meta name=\"description\" content=\"Chito je zna\u010dka nealkoholick\u00fdch n\u00e1poj\u016f, kter\u00e1 je charakteristick\u00e1 pronikavou a vyv\u00e1\u017eenou ho\u0159kost\u00ed. &nbsp; V\u00fdta\u017eek z k\u016fry chininovn\u00edku a vysok\u00fd obsah\" \/>\n<meta name=\"robots\" content=\"index, follow, max-snippet:-1, max-image-preview:large, max-video-preview:-1\" \/>\n<link rel=\"canonical\" href=\"https:\/\/richter.ceo\/coxs\/product\/chito-tonic\/\" \/>\n<meta property=\"og:locale\" content=\"cs_CZ\" \/>\n<meta property=\"og:type\" content=\"article\" \/>\n<meta property=\"og:title\" content=\"Chito Tonic\" \/>\n<meta property=\"og:description\" content=\"Chito je zna\u010dka nealkoholick\u00fdch n\u00e1poj\u016f, kter\u00e1 je charakteristick\u00e1 pronikavou a vyv\u00e1\u017eenou ho\u0159kost\u00ed. &nbsp; V\u00fdta\u017eek z k\u016fry chininovn\u00edku a vysok\u00fd obsah\" \/>\n<meta property=\"og:url\" content=\"https:\/\/richter.ceo\/coxs\/product\/chito-tonic\/\" \/>\n<meta property=\"og:site_name\" content=\"COXS CLUB\" \/>\n<meta property=\"article:publisher\" content=\"https:\/\/www.facebook.com\/profile.php?id=100088204002615\" \/>\n<meta property=\"og:image\" content=\"https:\/\/richter.ceo\/coxs\/wp-content\/uploads\/sites\/4\/2025\/05\/chito-864x1024-1.jpg\" \/>\n\t<meta property=\"og:image:width\" content=\"864\" \/>\n\t<meta property=\"og:image:height\" content=\"1024\" \/>\n\t<meta property=\"og:image:type\" content=\"image\/jpeg\" \/>\n<meta name=\"twitter:card\" content=\"summary_large_image\" \/>\n<script type=\"application\/ld+json\" class=\"yoast-schema-graph\">{\"@context\":\"https:\\\/\\\/schema.org\",\"@graph\":[{\"@type\":\"WebPage\",\"@id\":\"https:\\\/\\\/richter.ceo\\\/coxs\\\/en\\\/product\\\/chito-tonic\\\/\",\"url\":\"https:\\\/\\\/richter.ceo\\\/coxs\\\/en\\\/product\\\/chito-tonic\\\/\",\"name\":\"Chito Tonic\",\"isPartOf\":{\"@id\":\"https:\\\/\\\/richter.ceo\\\/coxs\\\/en\\\/#website\"},\"primaryImageOfPage\":{\"@id\":\"https:\\\/\\\/richter.ceo\\\/coxs\\\/en\\\/product\\\/chito-tonic\\\/#primaryimage\"},\"image\":{\"@id\":\"https:\\\/\\\/richter.ceo\\\/coxs\\\/en\\\/product\\\/chito-tonic\\\/#primaryimage\"},\"thumbnailUrl\":\"https:\\\/\\\/richter.ceo\\\/coxs\\\/wp-content\\\/uploads\\\/sites\\\/4\\\/2025\\\/05\\\/chito-864x1024-1.jpg\",\"datePublished\":\"2025-05-13T14:36:20+00:00\",\"description\":\"Chito je zna\u010dka nealkoholick\u00fdch n\u00e1poj\u016f, kter\u00e1 je charakteristick\u00e1 pronikavou a vyv\u00e1\u017eenou ho\u0159kost\u00ed. &nbsp; V\u00fdta\u017eek z k\u016fry chininovn\u00edku a vysok\u00fd obsah\",\"breadcrumb\":{\"@id\":\"https:\\\/\\\/richter.ceo\\\/coxs\\\/en\\\/product\\\/chito-tonic\\\/#breadcrumb\"},\"inLanguage\":\"cs\",\"potentialAction\":[{\"@type\":\"ReadAction\",\"target\":[\"https:\\\/\\\/richter.ceo\\\/coxs\\\/en\\\/product\\\/chito-tonic\\\/\"]}]},{\"@type\":\"ImageObject\",\"inLanguage\":\"cs\",\"@id\":\"https:\\\/\\\/richter.ceo\\\/coxs\\\/en\\\/product\\\/chito-tonic\\\/#primaryimage\",\"url\":\"https:\\\/\\\/richter.ceo\\\/coxs\\\/wp-content\\\/uploads\\\/sites\\\/4\\\/2025\\\/05\\\/chito-864x1024-1.jpg\",\"contentUrl\":\"https:\\\/\\\/richter.ceo\\\/coxs\\\/wp-content\\\/uploads\\\/sites\\\/4\\\/2025\\\/05\\\/chito-864x1024-1.jpg\",\"width\":864,\"height\":1024,\"caption\":\"COXS CLUB\"},{\"@type\":\"BreadcrumbList\",\"@id\":\"https:\\\/\\\/richter.ceo\\\/coxs\\\/en\\\/product\\\/chito-tonic\\\/#breadcrumb\",\"itemListElement\":[{\"@type\":\"ListItem\",\"position\":1,\"name\":\"Dom\u016f\",\"item\":\"https:\\\/\\\/richter.ceo\\\/coxs\\\/\"},{\"@type\":\"ListItem\",\"position\":2,\"name\":\"N\u00c1POJE\",\"item\":\"https:\\\/\\\/richter.ceo\\\/coxs\\\/en\\\/napoje\\\/\"},{\"@type\":\"ListItem\",\"position\":3,\"name\":\"Chito Tonic\"}]},{\"@type\":\"WebSite\",\"@id\":\"https:\\\/\\\/richter.ceo\\\/coxs\\\/en\\\/#website\",\"url\":\"https:\\\/\\\/richter.ceo\\\/coxs\\\/en\\\/\",\"name\":\"COXS CLUB\",\"description\":\"Beton a Rum\",\"publisher\":{\"@id\":\"https:\\\/\\\/richter.ceo\\\/coxs\\\/en\\\/#organization\"},\"potentialAction\":[{\"@type\":\"SearchAction\",\"target\":{\"@type\":\"EntryPoint\",\"urlTemplate\":\"https:\\\/\\\/richter.ceo\\\/coxs\\\/en\\\/?s={search_term_string}\"},\"query-input\":{\"@type\":\"PropertyValueSpecification\",\"valueRequired\":true,\"valueName\":\"search_term_string\"}}],\"inLanguage\":\"cs\"},{\"@type\":\"Organization\",\"@id\":\"https:\\\/\\\/richter.ceo\\\/coxs\\\/en\\\/#organization\",\"name\":\"COXS CLUB\",\"url\":\"https:\\\/\\\/richter.ceo\\\/coxs\\\/en\\\/\",\"logo\":{\"@type\":\"ImageObject\",\"inLanguage\":\"cs\",\"@id\":\"https:\\\/\\\/richter.ceo\\\/coxs\\\/en\\\/#\\\/schema\\\/logo\\\/image\\\/\",\"url\":\"http:\\\/\\\/richter.ceo\\\/coxs\\\/wp-content\\\/uploads\\\/sites\\\/4\\\/2025\\\/05\\\/FAVICON-dark.webp\",\"contentUrl\":\"http:\\\/\\\/richter.ceo\\\/coxs\\\/wp-content\\\/uploads\\\/sites\\\/4\\\/2025\\\/05\\\/FAVICON-dark.webp\",\"width\":512,\"height\":512,\"caption\":\"COXS CLUB\"},\"image\":{\"@id\":\"https:\\\/\\\/richter.ceo\\\/coxs\\\/en\\\/#\\\/schema\\\/logo\\\/image\\\/\"},\"sameAs\":[\"https:\\\/\\\/www.facebook.com\\\/profile.php?id=100088204002615\",\"https:\\\/\\\/www.instagram.com\\\/coxs_coxs\\\/\"]}]}<\/script>\n<!-- \/ Yoast SEO plugin. -->","yoast_head_json":{"title":"Chito Tonic","description":"Chito je zna\u010dka nealkoholick\u00fdch n\u00e1poj\u016f, kter\u00e1 je charakteristick\u00e1 pronikavou a vyv\u00e1\u017eenou ho\u0159kost\u00ed. &nbsp; V\u00fdta\u017eek z k\u016fry chininovn\u00edku a vysok\u00fd obsah","robots":{"index":"index","follow":"follow","max-snippet":"max-snippet:-1","max-image-preview":"max-image-preview:large","max-video-preview":"max-video-preview:-1"},"canonical":"https:\/\/richter.ceo\/coxs\/product\/chito-tonic\/","og_locale":"cs_CZ","og_type":"article","og_title":"Chito Tonic","og_description":"Chito je zna\u010dka nealkoholick\u00fdch n\u00e1poj\u016f, kter\u00e1 je charakteristick\u00e1 pronikavou a vyv\u00e1\u017eenou ho\u0159kost\u00ed. &nbsp; V\u00fdta\u017eek z k\u016fry chininovn\u00edku a vysok\u00fd obsah","og_url":"https:\/\/richter.ceo\/coxs\/product\/chito-tonic\/","og_site_name":"COXS CLUB","article_publisher":"https:\/\/www.facebook.com\/profile.php?id=100088204002615","og_image":[{"width":864,"height":1024,"url":"https:\/\/richter.ceo\/coxs\/wp-content\/uploads\/sites\/4\/2025\/05\/chito-864x1024-1.jpg","type":"image\/jpeg"}],"twitter_card":"summary_large_image","schema":{"@context":"https:\/\/schema.org","@graph":[{"@type":"WebPage","@id":"https:\/\/richter.ceo\/coxs\/en\/product\/chito-tonic\/","url":"https:\/\/richter.ceo\/coxs\/en\/product\/chito-tonic\/","name":"Chito Tonic","isPartOf":{"@id":"https:\/\/richter.ceo\/coxs\/en\/#website"},"primaryImageOfPage":{"@id":"https:\/\/richter.ceo\/coxs\/en\/product\/chito-tonic\/#primaryimage"},"image":{"@id":"https:\/\/richter.ceo\/coxs\/en\/product\/chito-tonic\/#primaryimage"},"thumbnailUrl":"https:\/\/richter.ceo\/coxs\/wp-content\/uploads\/sites\/4\/2025\/05\/chito-864x1024-1.jpg","datePublished":"2025-05-13T14:36:20+00:00","description":"Chito je zna\u010dka nealkoholick\u00fdch n\u00e1poj\u016f, kter\u00e1 je charakteristick\u00e1 pronikavou a vyv\u00e1\u017eenou ho\u0159kost\u00ed. &nbsp; V\u00fdta\u017eek z k\u016fry chininovn\u00edku a vysok\u00fd obsah","breadcrumb":{"@id":"https:\/\/richter.ceo\/coxs\/en\/product\/chito-tonic\/#breadcrumb"},"inLanguage":"cs","potentialAction":[{"@type":"ReadAction","target":["https:\/\/richter.ceo\/coxs\/en\/product\/chito-tonic\/"]}]},{"@type":"ImageObject","inLanguage":"cs","@id":"https:\/\/richter.ceo\/coxs\/en\/product\/chito-tonic\/#primaryimage","url":"https:\/\/richter.ceo\/coxs\/wp-content\/uploads\/sites\/4\/2025\/05\/chito-864x1024-1.jpg","contentUrl":"https:\/\/richter.ceo\/coxs\/wp-content\/uploads\/sites\/4\/2025\/05\/chito-864x1024-1.jpg","width":864,"height":1024,"caption":"COXS CLUB"},{"@type":"BreadcrumbList","@id":"https:\/\/richter.ceo\/coxs\/en\/product\/chito-tonic\/#breadcrumb","itemListElement":[{"@type":"ListItem","position":1,"name":"Dom\u016f","item":"https:\/\/richter.ceo\/coxs\/"},{"@type":"ListItem","position":2,"name":"N\u00c1POJE","item":"https:\/\/richter.ceo\/coxs\/en\/napoje\/"},{"@type":"ListItem","position":3,"name":"Chito Tonic"}]},{"@type":"WebSite","@id":"https:\/\/richter.ceo\/coxs\/en\/#website","url":"https:\/\/richter.ceo\/coxs\/en\/","name":"COXS CLUB","description":"Beton a Rum","publisher":{"@id":"https:\/\/richter.ceo\/coxs\/en\/#organization"},"potentialAction":[{"@type":"SearchAction","target":{"@type":"EntryPoint","urlTemplate":"https:\/\/richter.ceo\/coxs\/en\/?s={search_term_string}"},"query-input":{"@type":"PropertyValueSpecification","valueRequired":true,"valueName":"search_term_string"}}],"inLanguage":"cs"},{"@type":"Organization","@id":"https:\/\/richter.ceo\/coxs\/en\/#organization","name":"COXS CLUB","url":"https:\/\/richter.ceo\/coxs\/en\/","logo":{"@type":"ImageObject","inLanguage":"cs","@id":"https:\/\/richter.ceo\/coxs\/en\/#\/schema\/logo\/image\/","url":"http:\/\/richter.ceo\/coxs\/wp-content\/uploads\/sites\/4\/2025\/05\/FAVICON-dark.webp","contentUrl":"http:\/\/richter.ceo\/coxs\/wp-content\/uploads\/sites\/4\/2025\/05\/FAVICON-dark.webp","width":512,"height":512,"caption":"COXS CLUB"},"image":{"@id":"https:\/\/richter.ceo\/coxs\/en\/#\/schema\/logo\/image\/"},"sameAs":["https:\/\/www.facebook.com\/profile.php?id=100088204002615","https:\/\/www.instagram.com\/coxs_coxs\/"]}]}},"_links":{"self":[{"href":"https:\/\/richter.ceo\/coxs\/wp-json\/wp\/v2\/product\/1112","targetHints":{"allow":["GET"]}}],"collection":[{"href":"https:\/\/richter.ceo\/coxs\/wp-json\/wp\/v2\/product"}],"about":[{"href":"https:\/\/richter.ceo\/coxs\/wp-json\/wp\/v2\/types\/product"}],"wp:featuredmedia":[{"embeddable":true,"href":"https:\/\/richter.ceo\/coxs\/wp-json\/wp\/v2\/media\/1087"}],"wp:attachment":[{"href":"https:\/\/richter.ceo\/coxs\/wp-json\/wp\/v2\/media?parent=1112"}],"wp:term":[{"taxonomy":"product_brand","embeddable":true,"href":"https:\/\/richter.ceo\/coxs\/wp-json\/wp\/v2\/product_brand?post=1112"},{"taxonomy":"product_cat","embeddable":true,"href":"https:\/\/richter.ceo\/coxs\/wp-json\/wp\/v2\/product_cat?post=1112"},{"taxonomy":"product_tag","embeddable":true,"href":"https:\/\/richter.ceo\/coxs\/wp-json\/wp\/v2\/product_tag?post=1112"}],"curies":[{"name":"wp","href":"https:\/\/api.w.org\/{rel}","templated":true}]}}