{"id":1119,"date":"2025-05-13T17:38:01","date_gmt":"2025-05-13T15:38:01","guid":{"rendered":"https:\/\/richter.ceo\/coxs\/?post_type=product&#038;p=1119"},"modified":"2025-05-13T17:38:01","modified_gmt":"2025-05-13T15:38:01","slug":"coxs-club","status":"publish","type":"product","link":"https:\/\/richter.ceo\/coxs\/produkt\/coxs-club\/","title":{"rendered":"COXS CLUB"},"content":{"rendered":"<p>Dietrich Mateschitz zalo\u017eil spole\u010dnost Red Bull v polovin\u011b osmdes\u00e1t\u00fdch let inspirov\u00e1n \u00fa\u010dinn\u00fdmi n\u00e1poji z D\u00e1ln\u00e9ho v\u00fdchodu. Sestavil recept Red Bull Energy Drinku a vyvinul unik\u00e1tn\u00ed marketingov\u00e9 pojet\u00ed Red Bullu. 1. dubna 1987 byl prod\u00e1n prvn\u00ed Red Bull Energy Drink na sv\u00e9m dom\u00e1c\u00edm trhu v Rakousku. Nejen\u017ee to bylo vypu\u0161t\u011bn\u00ed \u00fapln\u011b nov\u00e9ho produktu, re\u00e1ln\u011b se jednalo tak\u00e9 o zrod zcela nov\u00e9 produktov\u00e9 kategorie. Dnes je Red Bull k dost\u00e1n\u00ed ve v\u00edce ne\u017e 167 zem\u00edch a ji\u017e bylo zkonzumov\u00e1no v\u00edce ne\u017e 50 miliard plechovek.<\/p>\n<p>&nbsp;<\/p>\n<p>Kofein: Kofein znaly u\u017e starov\u011bk\u00e9 civilizace. Konzumovali ho z p\u0159\u00edrodn\u00edch zdroj\u016f jako je \u010daj, k\u00e1va, kakaov\u00e1 zrna nebo kolov\u00e9 o\u0159echy a oce\u0148ovali jeho stimuluj\u00edc\u00ed \u00fa\u010dinky na lidsk\u00e9 t\u011blo.<\/p>\n<p>Taurin: Taurin je aminokyselina, kter\u00e1 se p\u0159irozen\u011b vyskytuje v lidsk\u00e9m t\u011ble a je p\u0159\u00edromna v b\u011b\u017en\u00e9 ka\u017edodenn\u00ed strav\u011b. Je sou\u010d\u00e1st\u00ed \u0159ady b\u011b\u017en\u00fdch biologick\u00fdch proces\u016f.<\/p>\n<p>Vitam\u00edny skupiny B: Vitam\u00edny jsou z\u00e1kladn\u00ed v\u00fd\u017eivov\u00e9 prvky, kter\u00e9 jsou pot\u0159ebn\u00e9 pro zachov\u00e1n\u00ed norm\u00e1ln\u00edch t\u011blesn\u00fdch funkc\u00ed.<\/p>\n<p>Cukry: Cukr v Red Bull Energy Drink poch\u00e1z\u00ed z cukrov\u00e9 \u0159epy.<\/p>\n<div class=\"elementor-column elementor-col-50 elementor-inner-column elementor-element elementor-element-df5ea97\" data-id=\"df5ea97\" data-element_type=\"column\">\n<div class=\"elementor-widget-wrap elementor-element-populated\">\n<div class=\"elementor-element elementor-element-5f45f876 elementor-widget elementor-widget-woocommerce-product-short-description\" data-id=\"5f45f876\" data-element_type=\"widget\" data-widget_type=\"woocommerce-product-short-description.default\">\n<div class=\"elementor-widget-container\">\n<div class=\"woocommerce-product-details__short-description\">\n<p>Alpsk\u00e1 voda: P\u0159irozen\u011b, voda je pro Red Bull hlavn\u00ed ingredienc\u00ed<\/p>\n<\/div>\n<\/div>\n<\/div>\n<\/div>\n<\/div>\n","protected":false},"excerpt":{"rendered":"<p>Dietrich Mateschitz zalo\u017eil spole\u010dnost Red Bull v polovin\u011b osmdes\u00e1t\u00fdch let inspirov\u00e1n \u00fa\u010dinn\u00fdmi n\u00e1poji z D\u00e1ln\u00e9ho v\u00fdchodu. Sestavil recept Red Bull Energy Drinku a vyvinul unik\u00e1tn\u00ed marketingov\u00e9 pojet\u00ed Red Bullu. 1. dubna 1987 byl prod\u00e1n prvn\u00ed Red Bull Energy Drink na sv\u00e9m dom\u00e1c\u00edm trhu v Rakousku. Nejen\u017ee to bylo vypu\u0161t\u011bn\u00ed \u00fapln\u011b nov\u00e9ho produktu, re\u00e1ln\u011b se jednalo [&hellip;]<\/p>\n","protected":false},"featured_media":1096,"template":"","meta":{"_acf_changed":false},"product_brand":[132],"product_cat":[133],"product_tag":[],"class_list":{"0":"post-1119","1":"product","2":"type-product","3":"status-publish","4":"has-post-thumbnail","6":"product_brand-redbull","7":"product_cat-energy-drink","8":"pa_cena-za-025-l","9":"pa_zeme-rakousko","11":"first","12":"instock","13":"shipping-taxable","14":"purchasable","15":"product-type-simple"},"acf":[],"yoast_head":"<!-- This site is optimized with the Yoast SEO plugin v27.5 - https:\/\/yoast.com\/product\/yoast-seo-wordpress\/ -->\n<title>COXS CLUB<\/title>\n<meta name=\"description\" content=\"Dietrich Mateschitz zalo\u017eil spole\u010dnost Red Bull v polovin\u011b osmdes\u00e1t\u00fdch let inspirov\u00e1n \u00fa\u010dinn\u00fdmi n\u00e1poji z D\u00e1ln\u00e9ho v\u00fdchodu. Sestavil recept Red Bull Energy\" \/>\n<meta name=\"robots\" content=\"index, follow, max-snippet:-1, max-image-preview:large, max-video-preview:-1\" \/>\n<link rel=\"canonical\" href=\"https:\/\/richter.ceo\/coxs\/produkt\/coxs-club\/\" \/>\n<meta property=\"og:locale\" content=\"cs_CZ\" \/>\n<meta property=\"og:type\" content=\"article\" \/>\n<meta property=\"og:title\" content=\"COXS CLUB\" \/>\n<meta property=\"og:description\" content=\"Dietrich Mateschitz zalo\u017eil spole\u010dnost Red Bull v polovin\u011b osmdes\u00e1t\u00fdch let inspirov\u00e1n \u00fa\u010dinn\u00fdmi n\u00e1poji z D\u00e1ln\u00e9ho v\u00fdchodu. Sestavil recept Red Bull Energy\" \/>\n<meta property=\"og:url\" content=\"https:\/\/richter.ceo\/coxs\/produkt\/coxs-club\/\" \/>\n<meta property=\"og:site_name\" content=\"COXS CLUB\" \/>\n<meta property=\"article:publisher\" content=\"https:\/\/www.facebook.com\/profile.php?id=100088204002615\" \/>\n<meta property=\"og:image\" content=\"https:\/\/richter.ceo\/coxs\/wp-content\/uploads\/sites\/4\/2025\/05\/redbull-864x1024-1.jpg\" \/>\n\t<meta property=\"og:image:width\" content=\"864\" \/>\n\t<meta property=\"og:image:height\" content=\"1024\" \/>\n\t<meta property=\"og:image:type\" content=\"image\/jpeg\" \/>\n<meta name=\"twitter:card\" content=\"summary_large_image\" \/>\n<meta name=\"twitter:label1\" content=\"Odhadovan\u00e1 doba \u010dten\u00ed\" \/>\n\t<meta name=\"twitter:data1\" content=\"1 minuta\" \/>\n<script type=\"application\/ld+json\" class=\"yoast-schema-graph\">{\"@context\":\"https:\\\/\\\/schema.org\",\"@graph\":[{\"@type\":\"WebPage\",\"@id\":\"https:\\\/\\\/richter.ceo\\\/coxs\\\/produkt\\\/coxs-club\\\/\",\"url\":\"https:\\\/\\\/richter.ceo\\\/coxs\\\/produkt\\\/coxs-club\\\/\",\"name\":\"COXS CLUB\",\"isPartOf\":{\"@id\":\"https:\\\/\\\/richter.ceo\\\/coxs\\\/en\\\/#website\"},\"primaryImageOfPage\":{\"@id\":\"https:\\\/\\\/richter.ceo\\\/coxs\\\/produkt\\\/coxs-club\\\/#primaryimage\"},\"image\":{\"@id\":\"https:\\\/\\\/richter.ceo\\\/coxs\\\/produkt\\\/coxs-club\\\/#primaryimage\"},\"thumbnailUrl\":\"https:\\\/\\\/richter.ceo\\\/coxs\\\/wp-content\\\/uploads\\\/sites\\\/4\\\/2025\\\/05\\\/redbull-864x1024-1.jpg\",\"datePublished\":\"2025-05-13T15:38:01+00:00\",\"description\":\"Dietrich Mateschitz zalo\u017eil spole\u010dnost Red Bull v polovin\u011b osmdes\u00e1t\u00fdch let inspirov\u00e1n \u00fa\u010dinn\u00fdmi n\u00e1poji z D\u00e1ln\u00e9ho v\u00fdchodu. Sestavil recept Red Bull Energy\",\"breadcrumb\":{\"@id\":\"https:\\\/\\\/richter.ceo\\\/coxs\\\/produkt\\\/coxs-club\\\/#breadcrumb\"},\"inLanguage\":\"cs\",\"potentialAction\":[{\"@type\":\"ReadAction\",\"target\":[\"https:\\\/\\\/richter.ceo\\\/coxs\\\/produkt\\\/coxs-club\\\/\"]}]},{\"@type\":\"ImageObject\",\"inLanguage\":\"cs\",\"@id\":\"https:\\\/\\\/richter.ceo\\\/coxs\\\/produkt\\\/coxs-club\\\/#primaryimage\",\"url\":\"https:\\\/\\\/richter.ceo\\\/coxs\\\/wp-content\\\/uploads\\\/sites\\\/4\\\/2025\\\/05\\\/redbull-864x1024-1.jpg\",\"contentUrl\":\"https:\\\/\\\/richter.ceo\\\/coxs\\\/wp-content\\\/uploads\\\/sites\\\/4\\\/2025\\\/05\\\/redbull-864x1024-1.jpg\",\"width\":864,\"height\":1024,\"caption\":\"COXS CLUB\"},{\"@type\":\"BreadcrumbList\",\"@id\":\"https:\\\/\\\/richter.ceo\\\/coxs\\\/produkt\\\/coxs-club\\\/#breadcrumb\",\"itemListElement\":[{\"@type\":\"ListItem\",\"position\":1,\"name\":\"Dom\u016f\",\"item\":\"https:\\\/\\\/richter.ceo\\\/coxs\\\/\"},{\"@type\":\"ListItem\",\"position\":2,\"name\":\"N\u00c1POJE\",\"item\":\"https:\\\/\\\/richter.ceo\\\/coxs\\\/en\\\/napoje\\\/\"},{\"@type\":\"ListItem\",\"position\":3,\"name\":\"COXS CLUB\"}]},{\"@type\":\"WebSite\",\"@id\":\"https:\\\/\\\/richter.ceo\\\/coxs\\\/en\\\/#website\",\"url\":\"https:\\\/\\\/richter.ceo\\\/coxs\\\/en\\\/\",\"name\":\"COXS CLUB\",\"description\":\"Beton a Rum\",\"publisher\":{\"@id\":\"https:\\\/\\\/richter.ceo\\\/coxs\\\/en\\\/#organization\"},\"potentialAction\":[{\"@type\":\"SearchAction\",\"target\":{\"@type\":\"EntryPoint\",\"urlTemplate\":\"https:\\\/\\\/richter.ceo\\\/coxs\\\/en\\\/?s={search_term_string}\"},\"query-input\":{\"@type\":\"PropertyValueSpecification\",\"valueRequired\":true,\"valueName\":\"search_term_string\"}}],\"inLanguage\":\"cs\"},{\"@type\":\"Organization\",\"@id\":\"https:\\\/\\\/richter.ceo\\\/coxs\\\/en\\\/#organization\",\"name\":\"COXS CLUB\",\"url\":\"https:\\\/\\\/richter.ceo\\\/coxs\\\/en\\\/\",\"logo\":{\"@type\":\"ImageObject\",\"inLanguage\":\"cs\",\"@id\":\"https:\\\/\\\/richter.ceo\\\/coxs\\\/en\\\/#\\\/schema\\\/logo\\\/image\\\/\",\"url\":\"http:\\\/\\\/richter.ceo\\\/coxs\\\/wp-content\\\/uploads\\\/sites\\\/4\\\/2025\\\/05\\\/FAVICON-dark.webp\",\"contentUrl\":\"http:\\\/\\\/richter.ceo\\\/coxs\\\/wp-content\\\/uploads\\\/sites\\\/4\\\/2025\\\/05\\\/FAVICON-dark.webp\",\"width\":512,\"height\":512,\"caption\":\"COXS CLUB\"},\"image\":{\"@id\":\"https:\\\/\\\/richter.ceo\\\/coxs\\\/en\\\/#\\\/schema\\\/logo\\\/image\\\/\"},\"sameAs\":[\"https:\\\/\\\/www.facebook.com\\\/profile.php?id=100088204002615\",\"https:\\\/\\\/www.instagram.com\\\/coxs_coxs\\\/\"]}]}<\/script>\n<!-- \/ Yoast SEO plugin. -->","yoast_head_json":{"title":"COXS CLUB","description":"Dietrich Mateschitz zalo\u017eil spole\u010dnost Red Bull v polovin\u011b osmdes\u00e1t\u00fdch let inspirov\u00e1n \u00fa\u010dinn\u00fdmi n\u00e1poji z D\u00e1ln\u00e9ho v\u00fdchodu. Sestavil recept Red Bull Energy","robots":{"index":"index","follow":"follow","max-snippet":"max-snippet:-1","max-image-preview":"max-image-preview:large","max-video-preview":"max-video-preview:-1"},"canonical":"https:\/\/richter.ceo\/coxs\/produkt\/coxs-club\/","og_locale":"cs_CZ","og_type":"article","og_title":"COXS CLUB","og_description":"Dietrich Mateschitz zalo\u017eil spole\u010dnost Red Bull v polovin\u011b osmdes\u00e1t\u00fdch let inspirov\u00e1n \u00fa\u010dinn\u00fdmi n\u00e1poji z D\u00e1ln\u00e9ho v\u00fdchodu. Sestavil recept Red Bull Energy","og_url":"https:\/\/richter.ceo\/coxs\/produkt\/coxs-club\/","og_site_name":"COXS CLUB","article_publisher":"https:\/\/www.facebook.com\/profile.php?id=100088204002615","og_image":[{"width":864,"height":1024,"url":"https:\/\/richter.ceo\/coxs\/wp-content\/uploads\/sites\/4\/2025\/05\/redbull-864x1024-1.jpg","type":"image\/jpeg"}],"twitter_card":"summary_large_image","twitter_misc":{"Odhadovan\u00e1 doba \u010dten\u00ed":"1 minuta"},"schema":{"@context":"https:\/\/schema.org","@graph":[{"@type":"WebPage","@id":"https:\/\/richter.ceo\/coxs\/produkt\/coxs-club\/","url":"https:\/\/richter.ceo\/coxs\/produkt\/coxs-club\/","name":"COXS CLUB","isPartOf":{"@id":"https:\/\/richter.ceo\/coxs\/en\/#website"},"primaryImageOfPage":{"@id":"https:\/\/richter.ceo\/coxs\/produkt\/coxs-club\/#primaryimage"},"image":{"@id":"https:\/\/richter.ceo\/coxs\/produkt\/coxs-club\/#primaryimage"},"thumbnailUrl":"https:\/\/richter.ceo\/coxs\/wp-content\/uploads\/sites\/4\/2025\/05\/redbull-864x1024-1.jpg","datePublished":"2025-05-13T15:38:01+00:00","description":"Dietrich Mateschitz zalo\u017eil spole\u010dnost Red Bull v polovin\u011b osmdes\u00e1t\u00fdch let inspirov\u00e1n \u00fa\u010dinn\u00fdmi n\u00e1poji z D\u00e1ln\u00e9ho v\u00fdchodu. Sestavil recept Red Bull Energy","breadcrumb":{"@id":"https:\/\/richter.ceo\/coxs\/produkt\/coxs-club\/#breadcrumb"},"inLanguage":"cs","potentialAction":[{"@type":"ReadAction","target":["https:\/\/richter.ceo\/coxs\/produkt\/coxs-club\/"]}]},{"@type":"ImageObject","inLanguage":"cs","@id":"https:\/\/richter.ceo\/coxs\/produkt\/coxs-club\/#primaryimage","url":"https:\/\/richter.ceo\/coxs\/wp-content\/uploads\/sites\/4\/2025\/05\/redbull-864x1024-1.jpg","contentUrl":"https:\/\/richter.ceo\/coxs\/wp-content\/uploads\/sites\/4\/2025\/05\/redbull-864x1024-1.jpg","width":864,"height":1024,"caption":"COXS CLUB"},{"@type":"BreadcrumbList","@id":"https:\/\/richter.ceo\/coxs\/produkt\/coxs-club\/#breadcrumb","itemListElement":[{"@type":"ListItem","position":1,"name":"Dom\u016f","item":"https:\/\/richter.ceo\/coxs\/"},{"@type":"ListItem","position":2,"name":"N\u00c1POJE","item":"https:\/\/richter.ceo\/coxs\/en\/napoje\/"},{"@type":"ListItem","position":3,"name":"COXS CLUB"}]},{"@type":"WebSite","@id":"https:\/\/richter.ceo\/coxs\/en\/#website","url":"https:\/\/richter.ceo\/coxs\/en\/","name":"COXS CLUB","description":"Beton a Rum","publisher":{"@id":"https:\/\/richter.ceo\/coxs\/en\/#organization"},"potentialAction":[{"@type":"SearchAction","target":{"@type":"EntryPoint","urlTemplate":"https:\/\/richter.ceo\/coxs\/en\/?s={search_term_string}"},"query-input":{"@type":"PropertyValueSpecification","valueRequired":true,"valueName":"search_term_string"}}],"inLanguage":"cs"},{"@type":"Organization","@id":"https:\/\/richter.ceo\/coxs\/en\/#organization","name":"COXS CLUB","url":"https:\/\/richter.ceo\/coxs\/en\/","logo":{"@type":"ImageObject","inLanguage":"cs","@id":"https:\/\/richter.ceo\/coxs\/en\/#\/schema\/logo\/image\/","url":"http:\/\/richter.ceo\/coxs\/wp-content\/uploads\/sites\/4\/2025\/05\/FAVICON-dark.webp","contentUrl":"http:\/\/richter.ceo\/coxs\/wp-content\/uploads\/sites\/4\/2025\/05\/FAVICON-dark.webp","width":512,"height":512,"caption":"COXS CLUB"},"image":{"@id":"https:\/\/richter.ceo\/coxs\/en\/#\/schema\/logo\/image\/"},"sameAs":["https:\/\/www.facebook.com\/profile.php?id=100088204002615","https:\/\/www.instagram.com\/coxs_coxs\/"]}]}},"_links":{"self":[{"href":"https:\/\/richter.ceo\/coxs\/wp-json\/wp\/v2\/product\/1119","targetHints":{"allow":["GET"]}}],"collection":[{"href":"https:\/\/richter.ceo\/coxs\/wp-json\/wp\/v2\/product"}],"about":[{"href":"https:\/\/richter.ceo\/coxs\/wp-json\/wp\/v2\/types\/product"}],"wp:featuredmedia":[{"embeddable":true,"href":"https:\/\/richter.ceo\/coxs\/wp-json\/wp\/v2\/media\/1096"}],"wp:attachment":[{"href":"https:\/\/richter.ceo\/coxs\/wp-json\/wp\/v2\/media?parent=1119"}],"wp:term":[{"taxonomy":"product_brand","embeddable":true,"href":"https:\/\/richter.ceo\/coxs\/wp-json\/wp\/v2\/product_brand?post=1119"},{"taxonomy":"product_cat","embeddable":true,"href":"https:\/\/richter.ceo\/coxs\/wp-json\/wp\/v2\/product_cat?post=1119"},{"taxonomy":"product_tag","embeddable":true,"href":"https:\/\/richter.ceo\/coxs\/wp-json\/wp\/v2\/product_tag?post=1119"}],"curies":[{"name":"wp","href":"https:\/\/api.w.org\/{rel}","templated":true}]}}