{"id":1120,"date":"2025-05-13T17:40:43","date_gmt":"2025-05-13T15:40:43","guid":{"rendered":"https:\/\/richter.ceo\/coxs\/?post_type=product&#038;p=1120"},"modified":"2025-05-13T17:40:43","modified_gmt":"2025-05-13T15:40:43","slug":"amrut-two-indies","status":"publish","type":"product","link":"https:\/\/richter.ceo\/coxs\/produkt\/amrut-two-indies\/","title":{"rendered":"Amrut Two Indies"},"content":{"rendered":"<p>Destilerie Amrut se nach\u00e1z\u00ed v indick\u00e9m Bangaloru a v provozu je ji\u017e od roku 1948. Proslavila se p\u0159edev\u0161\u00edm v\u00fdrobou mimo\u0159\u00e1dn\u011b kvalitn\u00ed whisky a inovativn\u00edho p\u0159\u00edstupu k vyu\u017e\u00edv\u00e1n\u00ed zr\u00e1n\u00ed v r\u016fzn\u00fdch sudech. Amrut Two Indies Rum vznikl spojen\u00edm karibsk\u00fdch a indick\u00fdch rum\u016f. Karibsk\u00e9 rumy poch\u00e1z\u00ed z destileri\u00ed na Jamajce, Barbadosu a Guyany. Indick\u00fd rum je vyr\u00e1b\u011bn na kotl\u00edkov\u00e9m za\u0159\u00edzen\u00ed v mal\u00fdch v\u00e1rk\u00e1ch z tzv. Jaggery, p\u0159\u00edrodn\u00edho produktu z cukrov\u00e9 t\u0159tiny, kter\u00fd by se dal p\u0159irovnat k surov\u00e9mu cukru a kter\u00fd se tradi\u010dn\u011b pou\u017e\u00edv\u00e1 p\u0159i v\u00fdrob\u011b indick\u00fdch cukrovinek.<\/p>\n<p>&nbsp;<\/p>\n<div class=\"elementor-column elementor-col-50 elementor-inner-column elementor-element elementor-element-df5ea97\" data-id=\"df5ea97\" data-element_type=\"column\">\n<div class=\"elementor-widget-wrap elementor-element-populated\">\n<div class=\"elementor-element elementor-element-5f45f876 elementor-widget elementor-widget-woocommerce-product-short-description\" data-id=\"5f45f876\" data-element_type=\"widget\" data-widget_type=\"woocommerce-product-short-description.default\">\n<div class=\"elementor-widget-container\">\n<div class=\"woocommerce-product-details__short-description\">\n<p>Je to rum velmi \u017eiv\u00fd a ovocn\u00fd, jak v aroma, tak chuti. Ovocn\u00e9 aroma doprov\u00e1z\u00ed t\u00f3ny citrus\u016f, l\u00e9ko\u0159ice, ko\u0159en\u00ed a \u010dokol\u00e1dy. Na pat\u0159e je hedv\u00e1bn\u00fd a ovocn\u011b \u0161\u0165avnat\u00fd, s t\u00f3ny exotick\u00e9ho ovoce, \u010derstv\u00e9ho ovoce, kandovan\u00fdch citrus\u016f, karamelu, ko\u0159en\u00ed a n\u00e1znakem cukrov\u00e9 t\u0159tiny. Zakon\u010den\u00ed je nasl\u00e1dl\u00e9 a lehce ko\u0159en\u011bn\u00e9.<\/p>\n<\/div>\n<\/div>\n<\/div>\n<\/div>\n<\/div>\n","protected":false},"excerpt":{"rendered":"<p>Destilerie Amrut se nach\u00e1z\u00ed v indick\u00e9m Bangaloru a v provozu je ji\u017e od roku 1948. Proslavila se p\u0159edev\u0161\u00edm v\u00fdrobou mimo\u0159\u00e1dn\u011b kvalitn\u00ed whisky a inovativn\u00edho p\u0159\u00edstupu k vyu\u017e\u00edv\u00e1n\u00ed zr\u00e1n\u00ed v r\u016fzn\u00fdch sudech. Amrut Two Indies Rum vznikl spojen\u00edm karibsk\u00fdch a indick\u00fdch rum\u016f. Karibsk\u00e9 rumy poch\u00e1z\u00ed z destileri\u00ed na Jamajce, Barbadosu a Guyany. Indick\u00fd rum je vyr\u00e1b\u011bn [&hellip;]<\/p>\n","protected":false},"featured_media":1054,"template":"","meta":{"_acf_changed":false},"product_brand":[74],"product_cat":[117],"product_tag":[],"class_list":{"0":"post-1120","1":"product","2":"type-product","3":"status-publish","4":"has-post-thumbnail","6":"product_brand-amrut","7":"product_cat-rum","8":"pa_cena-za-004-l","9":"pa_obsah-alkoholu-134","10":"pa_zeme-indie","12":"first","13":"instock","14":"shipping-taxable","15":"purchasable","16":"product-type-simple"},"acf":[],"yoast_head":"<!-- This site is optimized with the Yoast SEO plugin v27.5 - https:\/\/yoast.com\/product\/yoast-seo-wordpress\/ -->\n<title>Amrut Two Indies<\/title>\n<meta name=\"description\" content=\"Destilerie Amrut se nach\u00e1z\u00ed v indick\u00e9m Bangaloru a v provozu je ji\u017e od roku 1948. Proslavila se p\u0159edev\u0161\u00edm v\u00fdrobou mimo\u0159\u00e1dn\u011b kvalitn\u00ed whisky a inovativn\u00edho\" \/>\n<meta name=\"robots\" content=\"index, follow, max-snippet:-1, max-image-preview:large, max-video-preview:-1\" \/>\n<link rel=\"canonical\" href=\"https:\/\/richter.ceo\/coxs\/product\/amrut-two-indies\/\" \/>\n<meta property=\"og:locale\" content=\"cs_CZ\" \/>\n<meta property=\"og:type\" content=\"article\" \/>\n<meta property=\"og:title\" content=\"Amrut Two Indies\" \/>\n<meta property=\"og:description\" content=\"Destilerie Amrut se nach\u00e1z\u00ed v indick\u00e9m Bangaloru a v provozu je ji\u017e od roku 1948. Proslavila se p\u0159edev\u0161\u00edm v\u00fdrobou mimo\u0159\u00e1dn\u011b kvalitn\u00ed whisky a inovativn\u00edho\" \/>\n<meta property=\"og:url\" content=\"https:\/\/richter.ceo\/coxs\/product\/amrut-two-indies\/\" \/>\n<meta property=\"og:site_name\" content=\"COXS CLUB\" \/>\n<meta property=\"article:publisher\" content=\"https:\/\/www.facebook.com\/profile.php?id=100088204002615\" \/>\n<meta property=\"og:image\" content=\"https:\/\/richter.ceo\/coxs\/wp-content\/uploads\/sites\/4\/2025\/05\/1871_amrut_two_indies_rum.jpg\" \/>\n\t<meta property=\"og:image:width\" content=\"600\" \/>\n\t<meta property=\"og:image:height\" content=\"711\" \/>\n\t<meta property=\"og:image:type\" content=\"image\/jpeg\" \/>\n<meta name=\"twitter:card\" content=\"summary_large_image\" \/>\n<meta name=\"twitter:label1\" content=\"Odhadovan\u00e1 doba \u010dten\u00ed\" \/>\n\t<meta name=\"twitter:data1\" content=\"1 minuta\" \/>\n<script type=\"application\/ld+json\" class=\"yoast-schema-graph\">{\"@context\":\"https:\\\/\\\/schema.org\",\"@graph\":[{\"@type\":\"WebPage\",\"@id\":\"https:\\\/\\\/richter.ceo\\\/coxs\\\/en\\\/product\\\/amrut-two-indies\\\/\",\"url\":\"https:\\\/\\\/richter.ceo\\\/coxs\\\/en\\\/product\\\/amrut-two-indies\\\/\",\"name\":\"Amrut Two Indies\",\"isPartOf\":{\"@id\":\"https:\\\/\\\/richter.ceo\\\/coxs\\\/en\\\/#website\"},\"primaryImageOfPage\":{\"@id\":\"https:\\\/\\\/richter.ceo\\\/coxs\\\/en\\\/product\\\/amrut-two-indies\\\/#primaryimage\"},\"image\":{\"@id\":\"https:\\\/\\\/richter.ceo\\\/coxs\\\/en\\\/product\\\/amrut-two-indies\\\/#primaryimage\"},\"thumbnailUrl\":\"https:\\\/\\\/richter.ceo\\\/coxs\\\/wp-content\\\/uploads\\\/sites\\\/4\\\/2025\\\/05\\\/1871_amrut_two_indies_rum.jpg\",\"datePublished\":\"2025-05-13T15:40:43+00:00\",\"description\":\"Destilerie Amrut se nach\u00e1z\u00ed v indick\u00e9m Bangaloru a v provozu je ji\u017e od roku 1948. Proslavila se p\u0159edev\u0161\u00edm v\u00fdrobou mimo\u0159\u00e1dn\u011b kvalitn\u00ed whisky a inovativn\u00edho\",\"breadcrumb\":{\"@id\":\"https:\\\/\\\/richter.ceo\\\/coxs\\\/en\\\/product\\\/amrut-two-indies\\\/#breadcrumb\"},\"inLanguage\":\"cs\",\"potentialAction\":[{\"@type\":\"ReadAction\",\"target\":[\"https:\\\/\\\/richter.ceo\\\/coxs\\\/en\\\/product\\\/amrut-two-indies\\\/\"]}]},{\"@type\":\"ImageObject\",\"inLanguage\":\"cs\",\"@id\":\"https:\\\/\\\/richter.ceo\\\/coxs\\\/en\\\/product\\\/amrut-two-indies\\\/#primaryimage\",\"url\":\"https:\\\/\\\/richter.ceo\\\/coxs\\\/wp-content\\\/uploads\\\/sites\\\/4\\\/2025\\\/05\\\/1871_amrut_two_indies_rum.jpg\",\"contentUrl\":\"https:\\\/\\\/richter.ceo\\\/coxs\\\/wp-content\\\/uploads\\\/sites\\\/4\\\/2025\\\/05\\\/1871_amrut_two_indies_rum.jpg\",\"width\":600,\"height\":711,\"caption\":\"COXS CLUB\"},{\"@type\":\"BreadcrumbList\",\"@id\":\"https:\\\/\\\/richter.ceo\\\/coxs\\\/en\\\/product\\\/amrut-two-indies\\\/#breadcrumb\",\"itemListElement\":[{\"@type\":\"ListItem\",\"position\":1,\"name\":\"Dom\u016f\",\"item\":\"https:\\\/\\\/richter.ceo\\\/coxs\\\/\"},{\"@type\":\"ListItem\",\"position\":2,\"name\":\"N\u00c1POJE\",\"item\":\"https:\\\/\\\/richter.ceo\\\/coxs\\\/en\\\/napoje\\\/\"},{\"@type\":\"ListItem\",\"position\":3,\"name\":\"Amrut Two Indies\"}]},{\"@type\":\"WebSite\",\"@id\":\"https:\\\/\\\/richter.ceo\\\/coxs\\\/en\\\/#website\",\"url\":\"https:\\\/\\\/richter.ceo\\\/coxs\\\/en\\\/\",\"name\":\"COXS CLUB\",\"description\":\"Beton a Rum\",\"publisher\":{\"@id\":\"https:\\\/\\\/richter.ceo\\\/coxs\\\/en\\\/#organization\"},\"potentialAction\":[{\"@type\":\"SearchAction\",\"target\":{\"@type\":\"EntryPoint\",\"urlTemplate\":\"https:\\\/\\\/richter.ceo\\\/coxs\\\/en\\\/?s={search_term_string}\"},\"query-input\":{\"@type\":\"PropertyValueSpecification\",\"valueRequired\":true,\"valueName\":\"search_term_string\"}}],\"inLanguage\":\"cs\"},{\"@type\":\"Organization\",\"@id\":\"https:\\\/\\\/richter.ceo\\\/coxs\\\/en\\\/#organization\",\"name\":\"COXS CLUB\",\"url\":\"https:\\\/\\\/richter.ceo\\\/coxs\\\/en\\\/\",\"logo\":{\"@type\":\"ImageObject\",\"inLanguage\":\"cs\",\"@id\":\"https:\\\/\\\/richter.ceo\\\/coxs\\\/en\\\/#\\\/schema\\\/logo\\\/image\\\/\",\"url\":\"http:\\\/\\\/richter.ceo\\\/coxs\\\/wp-content\\\/uploads\\\/sites\\\/4\\\/2025\\\/05\\\/FAVICON-dark.webp\",\"contentUrl\":\"http:\\\/\\\/richter.ceo\\\/coxs\\\/wp-content\\\/uploads\\\/sites\\\/4\\\/2025\\\/05\\\/FAVICON-dark.webp\",\"width\":512,\"height\":512,\"caption\":\"COXS CLUB\"},\"image\":{\"@id\":\"https:\\\/\\\/richter.ceo\\\/coxs\\\/en\\\/#\\\/schema\\\/logo\\\/image\\\/\"},\"sameAs\":[\"https:\\\/\\\/www.facebook.com\\\/profile.php?id=100088204002615\",\"https:\\\/\\\/www.instagram.com\\\/coxs_coxs\\\/\"]}]}<\/script>\n<!-- \/ Yoast SEO plugin. -->","yoast_head_json":{"title":"Amrut Two Indies","description":"Destilerie Amrut se nach\u00e1z\u00ed v indick\u00e9m Bangaloru a v provozu je ji\u017e od roku 1948. Proslavila se p\u0159edev\u0161\u00edm v\u00fdrobou mimo\u0159\u00e1dn\u011b kvalitn\u00ed whisky a inovativn\u00edho","robots":{"index":"index","follow":"follow","max-snippet":"max-snippet:-1","max-image-preview":"max-image-preview:large","max-video-preview":"max-video-preview:-1"},"canonical":"https:\/\/richter.ceo\/coxs\/product\/amrut-two-indies\/","og_locale":"cs_CZ","og_type":"article","og_title":"Amrut Two Indies","og_description":"Destilerie Amrut se nach\u00e1z\u00ed v indick\u00e9m Bangaloru a v provozu je ji\u017e od roku 1948. Proslavila se p\u0159edev\u0161\u00edm v\u00fdrobou mimo\u0159\u00e1dn\u011b kvalitn\u00ed whisky a inovativn\u00edho","og_url":"https:\/\/richter.ceo\/coxs\/product\/amrut-two-indies\/","og_site_name":"COXS CLUB","article_publisher":"https:\/\/www.facebook.com\/profile.php?id=100088204002615","og_image":[{"width":600,"height":711,"url":"https:\/\/richter.ceo\/coxs\/wp-content\/uploads\/sites\/4\/2025\/05\/1871_amrut_two_indies_rum.jpg","type":"image\/jpeg"}],"twitter_card":"summary_large_image","twitter_misc":{"Odhadovan\u00e1 doba \u010dten\u00ed":"1 minuta"},"schema":{"@context":"https:\/\/schema.org","@graph":[{"@type":"WebPage","@id":"https:\/\/richter.ceo\/coxs\/en\/product\/amrut-two-indies\/","url":"https:\/\/richter.ceo\/coxs\/en\/product\/amrut-two-indies\/","name":"Amrut Two Indies","isPartOf":{"@id":"https:\/\/richter.ceo\/coxs\/en\/#website"},"primaryImageOfPage":{"@id":"https:\/\/richter.ceo\/coxs\/en\/product\/amrut-two-indies\/#primaryimage"},"image":{"@id":"https:\/\/richter.ceo\/coxs\/en\/product\/amrut-two-indies\/#primaryimage"},"thumbnailUrl":"https:\/\/richter.ceo\/coxs\/wp-content\/uploads\/sites\/4\/2025\/05\/1871_amrut_two_indies_rum.jpg","datePublished":"2025-05-13T15:40:43+00:00","description":"Destilerie Amrut se nach\u00e1z\u00ed v indick\u00e9m Bangaloru a v provozu je ji\u017e od roku 1948. Proslavila se p\u0159edev\u0161\u00edm v\u00fdrobou mimo\u0159\u00e1dn\u011b kvalitn\u00ed whisky a inovativn\u00edho","breadcrumb":{"@id":"https:\/\/richter.ceo\/coxs\/en\/product\/amrut-two-indies\/#breadcrumb"},"inLanguage":"cs","potentialAction":[{"@type":"ReadAction","target":["https:\/\/richter.ceo\/coxs\/en\/product\/amrut-two-indies\/"]}]},{"@type":"ImageObject","inLanguage":"cs","@id":"https:\/\/richter.ceo\/coxs\/en\/product\/amrut-two-indies\/#primaryimage","url":"https:\/\/richter.ceo\/coxs\/wp-content\/uploads\/sites\/4\/2025\/05\/1871_amrut_two_indies_rum.jpg","contentUrl":"https:\/\/richter.ceo\/coxs\/wp-content\/uploads\/sites\/4\/2025\/05\/1871_amrut_two_indies_rum.jpg","width":600,"height":711,"caption":"COXS CLUB"},{"@type":"BreadcrumbList","@id":"https:\/\/richter.ceo\/coxs\/en\/product\/amrut-two-indies\/#breadcrumb","itemListElement":[{"@type":"ListItem","position":1,"name":"Dom\u016f","item":"https:\/\/richter.ceo\/coxs\/"},{"@type":"ListItem","position":2,"name":"N\u00c1POJE","item":"https:\/\/richter.ceo\/coxs\/en\/napoje\/"},{"@type":"ListItem","position":3,"name":"Amrut Two Indies"}]},{"@type":"WebSite","@id":"https:\/\/richter.ceo\/coxs\/en\/#website","url":"https:\/\/richter.ceo\/coxs\/en\/","name":"COXS CLUB","description":"Beton a Rum","publisher":{"@id":"https:\/\/richter.ceo\/coxs\/en\/#organization"},"potentialAction":[{"@type":"SearchAction","target":{"@type":"EntryPoint","urlTemplate":"https:\/\/richter.ceo\/coxs\/en\/?s={search_term_string}"},"query-input":{"@type":"PropertyValueSpecification","valueRequired":true,"valueName":"search_term_string"}}],"inLanguage":"cs"},{"@type":"Organization","@id":"https:\/\/richter.ceo\/coxs\/en\/#organization","name":"COXS CLUB","url":"https:\/\/richter.ceo\/coxs\/en\/","logo":{"@type":"ImageObject","inLanguage":"cs","@id":"https:\/\/richter.ceo\/coxs\/en\/#\/schema\/logo\/image\/","url":"http:\/\/richter.ceo\/coxs\/wp-content\/uploads\/sites\/4\/2025\/05\/FAVICON-dark.webp","contentUrl":"http:\/\/richter.ceo\/coxs\/wp-content\/uploads\/sites\/4\/2025\/05\/FAVICON-dark.webp","width":512,"height":512,"caption":"COXS CLUB"},"image":{"@id":"https:\/\/richter.ceo\/coxs\/en\/#\/schema\/logo\/image\/"},"sameAs":["https:\/\/www.facebook.com\/profile.php?id=100088204002615","https:\/\/www.instagram.com\/coxs_coxs\/"]}]}},"_links":{"self":[{"href":"https:\/\/richter.ceo\/coxs\/wp-json\/wp\/v2\/product\/1120","targetHints":{"allow":["GET"]}}],"collection":[{"href":"https:\/\/richter.ceo\/coxs\/wp-json\/wp\/v2\/product"}],"about":[{"href":"https:\/\/richter.ceo\/coxs\/wp-json\/wp\/v2\/types\/product"}],"wp:featuredmedia":[{"embeddable":true,"href":"https:\/\/richter.ceo\/coxs\/wp-json\/wp\/v2\/media\/1054"}],"wp:attachment":[{"href":"https:\/\/richter.ceo\/coxs\/wp-json\/wp\/v2\/media?parent=1120"}],"wp:term":[{"taxonomy":"product_brand","embeddable":true,"href":"https:\/\/richter.ceo\/coxs\/wp-json\/wp\/v2\/product_brand?post=1120"},{"taxonomy":"product_cat","embeddable":true,"href":"https:\/\/richter.ceo\/coxs\/wp-json\/wp\/v2\/product_cat?post=1120"},{"taxonomy":"product_tag","embeddable":true,"href":"https:\/\/richter.ceo\/coxs\/wp-json\/wp\/v2\/product_tag?post=1120"}],"curies":[{"name":"wp","href":"https:\/\/api.w.org\/{rel}","templated":true}]}}