{"id":1127,"date":"2025-05-13T17:57:32","date_gmt":"2025-05-13T15:57:32","guid":{"rendered":"https:\/\/richter.ceo\/coxs\/?post_type=product&#038;p=1127"},"modified":"2025-05-13T17:57:32","modified_gmt":"2025-05-13T15:57:32","slug":"angostura-1787","status":"publish","type":"product","link":"https:\/\/richter.ceo\/coxs\/produkt\/angostura-1787\/","title":{"rendered":"Angostura 1787"},"content":{"rendered":"<div class=\"elementor-column elementor-col-50 elementor-inner-column elementor-element elementor-element-df5ea97\" data-id=\"df5ea97\" data-element_type=\"column\">\n<div class=\"elementor-widget-wrap elementor-element-populated\">\n<div class=\"elementor-element elementor-element-5f45f876 elementor-widget elementor-widget-woocommerce-product-short-description\" data-id=\"5f45f876\" data-element_type=\"widget\" data-widget_type=\"woocommerce-product-short-description.default\">\n<div class=\"elementor-widget-container\">\n<div class=\"woocommerce-product-details__short-description\">\n<p>House of Angostura vyr\u00e1b\u00ed rumy britsk\u00e9ho typu, jejich\u017e pln\u00e1 su\u0161\u0161\u00ed chu\u0165 je obl\u00edben\u00e1 po cel\u00e9m sv\u011bt\u011b. Historie zna\u010dky zapo\u010dala ji\u017e v roce 1824, kdy byly poprv\u00e9 vyrobeny aromatick\u00e9 bitters slavn\u00e9ho jm\u00e9na. Rum Angostura 1787 byl na trh uveden na podzim roku 2016. N\u00e1zev 1787 odkazuje na rok, kdy byl na slavn\u00e9 t\u0159tinov\u00e9 plant\u00e1\u017ei Lapeyrouse na Trinidadu zalo\u017een prvn\u00ed cukrovar. Rumy vybran\u00e9 pro tuto edici zr\u00e1ly ve vyp\u00e1len\u00fdch dubov\u00fdch sudech po dobu 15 let a pot\u00e9 byly pe\u010dliv\u011b blendov\u00e1ny. Edice tak kombinuje tradi\u010dn\u00ed metody zr\u00e1n\u00ed s modern\u00edm um\u011bn\u00edm blendov\u00e1n\u00ed, a d\u00e1v\u00e1 tak vzniknout rumu, kter\u00fd poskytuje mnohovrstv\u00fd smyslov\u00fd z\u00e1\u017eitek. Pln\u00e1 mahagonov\u00e1 barva s bronzov\u00fdmi odlesky skr\u00fdv\u00e1 kr\u00e1sn\u011b vyv\u00e1\u017een\u00fd rum s nasl\u00e1dl\u00fdm aroma ban\u00e1n\u016f, su\u0161en\u00e9ho ovoce, dubu a n\u00e1znaky jablek. V chuti se projevuj\u00ed t\u00f3ny su\u0161en\u00fdch \u0161vestek a jemn\u00fdch nasl\u00e1dl\u00fdch t\u00f3n\u016f dubu, kter\u00e9 se propl\u00e9taj\u00ed s t\u00f3ny karamelek. Rum m\u00e1 dlouh\u00e9, jisk\u0159iv\u00e9 zakon\u010den\u00ed.<\/p>\n<\/div>\n<\/div>\n<\/div>\n<\/div>\n<\/div>\n","protected":false},"excerpt":{"rendered":"<p>House of Angostura vyr\u00e1b\u00ed rumy britsk\u00e9ho typu, jejich\u017e pln\u00e1 su\u0161\u0161\u00ed chu\u0165 je obl\u00edben\u00e1 po cel\u00e9m sv\u011bt\u011b. Historie zna\u010dky zapo\u010dala ji\u017e v roce 1824, kdy byly poprv\u00e9 vyrobeny aromatick\u00e9 bitters slavn\u00e9ho jm\u00e9na. Rum Angostura 1787 byl na trh uveden na podzim roku 2016. N\u00e1zev 1787 odkazuje na rok, kdy byl na slavn\u00e9 t\u0159tinov\u00e9 plant\u00e1\u017ei Lapeyrouse na [&hellip;]<\/p>\n","protected":false},"featured_media":1059,"template":"","meta":{"_acf_changed":false},"product_brand":[137],"product_cat":[117],"product_tag":[],"class_list":{"0":"post-1127","1":"product","2":"type-product","3":"status-publish","4":"has-post-thumbnail","6":"product_brand-angostura","7":"product_cat-rum","8":"pa_cena-za-004-l","9":"pa_obsah-alkoholu-21","10":"pa_zeme-trinidad","12":"first","13":"instock","14":"shipping-taxable","15":"purchasable","16":"product-type-simple"},"acf":[],"yoast_head":"<!-- This site is optimized with the Yoast SEO plugin v27.5 - https:\/\/yoast.com\/product\/yoast-seo-wordpress\/ -->\n<title>Angostura 1787<\/title>\n<meta name=\"description\" content=\"House of Angostura vyr\u00e1b\u00ed rumy britsk\u00e9ho typu, jejich\u017e pln\u00e1 su\u0161\u0161\u00ed chu\u0165 je obl\u00edben\u00e1 po cel\u00e9m sv\u011bt\u011b. Historie zna\u010dky zapo\u010dala ji\u017e v roce 1824, kdy byly\" \/>\n<meta name=\"robots\" content=\"index, follow, max-snippet:-1, max-image-preview:large, max-video-preview:-1\" \/>\n<link rel=\"canonical\" href=\"https:\/\/richter.ceo\/coxs\/produkt\/angostura-1787\/\" \/>\n<meta property=\"og:locale\" content=\"cs_CZ\" \/>\n<meta property=\"og:type\" content=\"article\" \/>\n<meta property=\"og:title\" content=\"Angostura 1787\" \/>\n<meta property=\"og:description\" content=\"House of Angostura vyr\u00e1b\u00ed rumy britsk\u00e9ho typu, jejich\u017e pln\u00e1 su\u0161\u0161\u00ed chu\u0165 je obl\u00edben\u00e1 po cel\u00e9m sv\u011bt\u011b. Historie zna\u010dky zapo\u010dala ji\u017e v roce 1824, kdy byly\" \/>\n<meta property=\"og:url\" content=\"https:\/\/richter.ceo\/coxs\/produkt\/angostura-1787\/\" \/>\n<meta property=\"og:site_name\" content=\"COXS CLUB\" \/>\n<meta property=\"article:publisher\" content=\"https:\/\/www.facebook.com\/profile.php?id=100088204002615\" \/>\n<meta property=\"og:image\" content=\"https:\/\/richter.ceo\/coxs\/wp-content\/uploads\/sites\/4\/2025\/05\/1995_angostura_1787-864x1024-1.jpg\" \/>\n\t<meta property=\"og:image:width\" content=\"864\" \/>\n\t<meta property=\"og:image:height\" content=\"1024\" \/>\n\t<meta property=\"og:image:type\" content=\"image\/jpeg\" \/>\n<meta name=\"twitter:card\" content=\"summary_large_image\" \/>\n<meta name=\"twitter:label1\" content=\"Odhadovan\u00e1 doba \u010dten\u00ed\" \/>\n\t<meta name=\"twitter:data1\" content=\"1 minuta\" \/>\n<script type=\"application\/ld+json\" class=\"yoast-schema-graph\">{\"@context\":\"https:\\\/\\\/schema.org\",\"@graph\":[{\"@type\":\"WebPage\",\"@id\":\"https:\\\/\\\/richter.ceo\\\/coxs\\\/produkt\\\/angostura-1787\\\/\",\"url\":\"https:\\\/\\\/richter.ceo\\\/coxs\\\/produkt\\\/angostura-1787\\\/\",\"name\":\"Angostura 1787\",\"isPartOf\":{\"@id\":\"https:\\\/\\\/richter.ceo\\\/coxs\\\/en\\\/#website\"},\"primaryImageOfPage\":{\"@id\":\"https:\\\/\\\/richter.ceo\\\/coxs\\\/produkt\\\/angostura-1787\\\/#primaryimage\"},\"image\":{\"@id\":\"https:\\\/\\\/richter.ceo\\\/coxs\\\/produkt\\\/angostura-1787\\\/#primaryimage\"},\"thumbnailUrl\":\"https:\\\/\\\/richter.ceo\\\/coxs\\\/wp-content\\\/uploads\\\/sites\\\/4\\\/2025\\\/05\\\/1995_angostura_1787-864x1024-1.jpg\",\"datePublished\":\"2025-05-13T15:57:32+00:00\",\"description\":\"House of Angostura vyr\u00e1b\u00ed rumy britsk\u00e9ho typu, jejich\u017e pln\u00e1 su\u0161\u0161\u00ed chu\u0165 je obl\u00edben\u00e1 po cel\u00e9m sv\u011bt\u011b. Historie zna\u010dky zapo\u010dala ji\u017e v roce 1824, kdy byly\",\"breadcrumb\":{\"@id\":\"https:\\\/\\\/richter.ceo\\\/coxs\\\/produkt\\\/angostura-1787\\\/#breadcrumb\"},\"inLanguage\":\"cs\",\"potentialAction\":[{\"@type\":\"ReadAction\",\"target\":[\"https:\\\/\\\/richter.ceo\\\/coxs\\\/produkt\\\/angostura-1787\\\/\"]}]},{\"@type\":\"ImageObject\",\"inLanguage\":\"cs\",\"@id\":\"https:\\\/\\\/richter.ceo\\\/coxs\\\/produkt\\\/angostura-1787\\\/#primaryimage\",\"url\":\"https:\\\/\\\/richter.ceo\\\/coxs\\\/wp-content\\\/uploads\\\/sites\\\/4\\\/2025\\\/05\\\/1995_angostura_1787-864x1024-1.jpg\",\"contentUrl\":\"https:\\\/\\\/richter.ceo\\\/coxs\\\/wp-content\\\/uploads\\\/sites\\\/4\\\/2025\\\/05\\\/1995_angostura_1787-864x1024-1.jpg\",\"width\":864,\"height\":1024,\"caption\":\"COXS CLUB\"},{\"@type\":\"BreadcrumbList\",\"@id\":\"https:\\\/\\\/richter.ceo\\\/coxs\\\/produkt\\\/angostura-1787\\\/#breadcrumb\",\"itemListElement\":[{\"@type\":\"ListItem\",\"position\":1,\"name\":\"Dom\u016f\",\"item\":\"https:\\\/\\\/richter.ceo\\\/coxs\\\/\"},{\"@type\":\"ListItem\",\"position\":2,\"name\":\"N\u00c1POJE\",\"item\":\"https:\\\/\\\/richter.ceo\\\/coxs\\\/en\\\/napoje\\\/\"},{\"@type\":\"ListItem\",\"position\":3,\"name\":\"Angostura 1787\"}]},{\"@type\":\"WebSite\",\"@id\":\"https:\\\/\\\/richter.ceo\\\/coxs\\\/en\\\/#website\",\"url\":\"https:\\\/\\\/richter.ceo\\\/coxs\\\/en\\\/\",\"name\":\"COXS CLUB\",\"description\":\"Beton a Rum\",\"publisher\":{\"@id\":\"https:\\\/\\\/richter.ceo\\\/coxs\\\/en\\\/#organization\"},\"potentialAction\":[{\"@type\":\"SearchAction\",\"target\":{\"@type\":\"EntryPoint\",\"urlTemplate\":\"https:\\\/\\\/richter.ceo\\\/coxs\\\/en\\\/?s={search_term_string}\"},\"query-input\":{\"@type\":\"PropertyValueSpecification\",\"valueRequired\":true,\"valueName\":\"search_term_string\"}}],\"inLanguage\":\"cs\"},{\"@type\":\"Organization\",\"@id\":\"https:\\\/\\\/richter.ceo\\\/coxs\\\/en\\\/#organization\",\"name\":\"COXS CLUB\",\"url\":\"https:\\\/\\\/richter.ceo\\\/coxs\\\/en\\\/\",\"logo\":{\"@type\":\"ImageObject\",\"inLanguage\":\"cs\",\"@id\":\"https:\\\/\\\/richter.ceo\\\/coxs\\\/en\\\/#\\\/schema\\\/logo\\\/image\\\/\",\"url\":\"http:\\\/\\\/richter.ceo\\\/coxs\\\/wp-content\\\/uploads\\\/sites\\\/4\\\/2025\\\/05\\\/FAVICON-dark.webp\",\"contentUrl\":\"http:\\\/\\\/richter.ceo\\\/coxs\\\/wp-content\\\/uploads\\\/sites\\\/4\\\/2025\\\/05\\\/FAVICON-dark.webp\",\"width\":512,\"height\":512,\"caption\":\"COXS CLUB\"},\"image\":{\"@id\":\"https:\\\/\\\/richter.ceo\\\/coxs\\\/en\\\/#\\\/schema\\\/logo\\\/image\\\/\"},\"sameAs\":[\"https:\\\/\\\/www.facebook.com\\\/profile.php?id=100088204002615\",\"https:\\\/\\\/www.instagram.com\\\/coxs_coxs\\\/\"]}]}<\/script>\n<!-- \/ Yoast SEO plugin. -->","yoast_head_json":{"title":"Angostura 1787","description":"House of Angostura vyr\u00e1b\u00ed rumy britsk\u00e9ho typu, jejich\u017e pln\u00e1 su\u0161\u0161\u00ed chu\u0165 je obl\u00edben\u00e1 po cel\u00e9m sv\u011bt\u011b. Historie zna\u010dky zapo\u010dala ji\u017e v roce 1824, kdy byly","robots":{"index":"index","follow":"follow","max-snippet":"max-snippet:-1","max-image-preview":"max-image-preview:large","max-video-preview":"max-video-preview:-1"},"canonical":"https:\/\/richter.ceo\/coxs\/produkt\/angostura-1787\/","og_locale":"cs_CZ","og_type":"article","og_title":"Angostura 1787","og_description":"House of Angostura vyr\u00e1b\u00ed rumy britsk\u00e9ho typu, jejich\u017e pln\u00e1 su\u0161\u0161\u00ed chu\u0165 je obl\u00edben\u00e1 po cel\u00e9m sv\u011bt\u011b. Historie zna\u010dky zapo\u010dala ji\u017e v roce 1824, kdy byly","og_url":"https:\/\/richter.ceo\/coxs\/produkt\/angostura-1787\/","og_site_name":"COXS CLUB","article_publisher":"https:\/\/www.facebook.com\/profile.php?id=100088204002615","og_image":[{"width":864,"height":1024,"url":"https:\/\/richter.ceo\/coxs\/wp-content\/uploads\/sites\/4\/2025\/05\/1995_angostura_1787-864x1024-1.jpg","type":"image\/jpeg"}],"twitter_card":"summary_large_image","twitter_misc":{"Odhadovan\u00e1 doba \u010dten\u00ed":"1 minuta"},"schema":{"@context":"https:\/\/schema.org","@graph":[{"@type":"WebPage","@id":"https:\/\/richter.ceo\/coxs\/produkt\/angostura-1787\/","url":"https:\/\/richter.ceo\/coxs\/produkt\/angostura-1787\/","name":"Angostura 1787","isPartOf":{"@id":"https:\/\/richter.ceo\/coxs\/en\/#website"},"primaryImageOfPage":{"@id":"https:\/\/richter.ceo\/coxs\/produkt\/angostura-1787\/#primaryimage"},"image":{"@id":"https:\/\/richter.ceo\/coxs\/produkt\/angostura-1787\/#primaryimage"},"thumbnailUrl":"https:\/\/richter.ceo\/coxs\/wp-content\/uploads\/sites\/4\/2025\/05\/1995_angostura_1787-864x1024-1.jpg","datePublished":"2025-05-13T15:57:32+00:00","description":"House of Angostura vyr\u00e1b\u00ed rumy britsk\u00e9ho typu, jejich\u017e pln\u00e1 su\u0161\u0161\u00ed chu\u0165 je obl\u00edben\u00e1 po cel\u00e9m sv\u011bt\u011b. Historie zna\u010dky zapo\u010dala ji\u017e v roce 1824, kdy byly","breadcrumb":{"@id":"https:\/\/richter.ceo\/coxs\/produkt\/angostura-1787\/#breadcrumb"},"inLanguage":"cs","potentialAction":[{"@type":"ReadAction","target":["https:\/\/richter.ceo\/coxs\/produkt\/angostura-1787\/"]}]},{"@type":"ImageObject","inLanguage":"cs","@id":"https:\/\/richter.ceo\/coxs\/produkt\/angostura-1787\/#primaryimage","url":"https:\/\/richter.ceo\/coxs\/wp-content\/uploads\/sites\/4\/2025\/05\/1995_angostura_1787-864x1024-1.jpg","contentUrl":"https:\/\/richter.ceo\/coxs\/wp-content\/uploads\/sites\/4\/2025\/05\/1995_angostura_1787-864x1024-1.jpg","width":864,"height":1024,"caption":"COXS CLUB"},{"@type":"BreadcrumbList","@id":"https:\/\/richter.ceo\/coxs\/produkt\/angostura-1787\/#breadcrumb","itemListElement":[{"@type":"ListItem","position":1,"name":"Dom\u016f","item":"https:\/\/richter.ceo\/coxs\/"},{"@type":"ListItem","position":2,"name":"N\u00c1POJE","item":"https:\/\/richter.ceo\/coxs\/en\/napoje\/"},{"@type":"ListItem","position":3,"name":"Angostura 1787"}]},{"@type":"WebSite","@id":"https:\/\/richter.ceo\/coxs\/en\/#website","url":"https:\/\/richter.ceo\/coxs\/en\/","name":"COXS CLUB","description":"Beton a Rum","publisher":{"@id":"https:\/\/richter.ceo\/coxs\/en\/#organization"},"potentialAction":[{"@type":"SearchAction","target":{"@type":"EntryPoint","urlTemplate":"https:\/\/richter.ceo\/coxs\/en\/?s={search_term_string}"},"query-input":{"@type":"PropertyValueSpecification","valueRequired":true,"valueName":"search_term_string"}}],"inLanguage":"cs"},{"@type":"Organization","@id":"https:\/\/richter.ceo\/coxs\/en\/#organization","name":"COXS CLUB","url":"https:\/\/richter.ceo\/coxs\/en\/","logo":{"@type":"ImageObject","inLanguage":"cs","@id":"https:\/\/richter.ceo\/coxs\/en\/#\/schema\/logo\/image\/","url":"http:\/\/richter.ceo\/coxs\/wp-content\/uploads\/sites\/4\/2025\/05\/FAVICON-dark.webp","contentUrl":"http:\/\/richter.ceo\/coxs\/wp-content\/uploads\/sites\/4\/2025\/05\/FAVICON-dark.webp","width":512,"height":512,"caption":"COXS CLUB"},"image":{"@id":"https:\/\/richter.ceo\/coxs\/en\/#\/schema\/logo\/image\/"},"sameAs":["https:\/\/www.facebook.com\/profile.php?id=100088204002615","https:\/\/www.instagram.com\/coxs_coxs\/"]}]}},"_links":{"self":[{"href":"https:\/\/richter.ceo\/coxs\/wp-json\/wp\/v2\/product\/1127","targetHints":{"allow":["GET"]}}],"collection":[{"href":"https:\/\/richter.ceo\/coxs\/wp-json\/wp\/v2\/product"}],"about":[{"href":"https:\/\/richter.ceo\/coxs\/wp-json\/wp\/v2\/types\/product"}],"wp:featuredmedia":[{"embeddable":true,"href":"https:\/\/richter.ceo\/coxs\/wp-json\/wp\/v2\/media\/1059"}],"wp:attachment":[{"href":"https:\/\/richter.ceo\/coxs\/wp-json\/wp\/v2\/media?parent=1127"}],"wp:term":[{"taxonomy":"product_brand","embeddable":true,"href":"https:\/\/richter.ceo\/coxs\/wp-json\/wp\/v2\/product_brand?post=1127"},{"taxonomy":"product_cat","embeddable":true,"href":"https:\/\/richter.ceo\/coxs\/wp-json\/wp\/v2\/product_cat?post=1127"},{"taxonomy":"product_tag","embeddable":true,"href":"https:\/\/richter.ceo\/coxs\/wp-json\/wp\/v2\/product_tag?post=1127"}],"curies":[{"name":"wp","href":"https:\/\/api.w.org\/{rel}","templated":true}]}}