{"id":1129,"date":"2025-05-13T18:03:01","date_gmt":"2025-05-13T16:03:01","guid":{"rendered":"https:\/\/richter.ceo\/coxs\/?post_type=product&#038;p=1129"},"modified":"2025-05-13T18:03:01","modified_gmt":"2025-05-13T16:03:01","slug":"appleton-estate-8-y-o","status":"publish","type":"product","link":"https:\/\/richter.ceo\/coxs\/produkt\/appleton-estate-8-y-o\/","title":{"rendered":"Appleton Estate 8 y.o."},"content":{"rendered":"<p>Appleton Estate je nejstar\u0161\u00ed nep\u0159etr\u017eit\u011b funguj\u00edc\u00ed t\u0159tinovou plant\u00e1\u017e\u00ed a pal\u00edrnou na Jamajce. Rumy unik\u00e1tn\u00edho charakteru se zde vyr\u00e1b\u011bj\u00ed ji\u017e v\u00edce ne\u017e 265 let. Destilace prob\u00edh\u00e1 malos\u00e9riov\u011b v m\u011bd\u011bn\u00fdch destila\u010dn\u00edch kotl\u00edch, rumy pot\u00e9 zraj\u00ed v sudech z americk\u00e9ho b\u00edl\u00e9ho dubu, ve kter\u00fdch byl p\u0159edt\u00edm ulo\u017een bourbon. Rumy Appleton m\u00edch\u00e1 Joy Spence, prvn\u00ed \u017eena na sv\u011bt\u011b, kter\u00e1 z\u00edskala titul master blender.<\/p>\n<p>&nbsp;<\/p>\n<p>8 Y.O. Reserve je nejv\u0161estrann\u011bj\u0161\u00ed edice z rum\u016f Appleton Estate. Uplatn\u011bn\u00ed nalezne v sofistikovan\u00fdch koktejlech, vynikaj\u00edc\u00ed je ale i samotn\u00fd. Vyzna\u010duje se t\u00f3ny ko\u0159en\u011bn\u00e9ho ovoce a dubu, kter\u00e9 jsou n\u00e1sledov\u00e1ny n\u00e1znaky medu, vanilky a charakteristick\u00fdm t\u00f3nem pomeran\u010dov\u00e9 k\u016fry.<\/p>\n<p>&nbsp;<\/p>\n<div class=\"elementor-column elementor-col-50 elementor-inner-column elementor-element elementor-element-df5ea97\" data-id=\"df5ea97\" data-element_type=\"column\">\n<div class=\"elementor-widget-wrap elementor-element-populated\">\n<div class=\"elementor-element elementor-element-5f45f876 elementor-widget elementor-widget-woocommerce-product-short-description\" data-id=\"5f45f876\" data-element_type=\"widget\" data-widget_type=\"woocommerce-product-short-description.default\">\n<div class=\"elementor-widget-container\">\n<div class=\"woocommerce-product-details__short-description\">\n<p>Jedn\u00e1 se o jin\u00fd blend ne\u017e p\u0159edchoz\u00ed Appleton Estate Reserve. Nov\u00fd blend rum\u016f vytvo\u0159ila Joy Spence k oslav\u011b 250. v\u00fdro\u010d\u00ed zna\u010dky Appleton Estate. V\u0161echny rumy, kter\u00e9 jej nov\u011b tvo\u0159\u00ed, jsou minim\u00e1ln\u011b 8 let star\u00e9 a d\u00edky del\u0161\u00edmu pobytu v sudu je chu\u0165ov\u00fd profil hlad\u0161\u00ed a robustn\u011bj\u0161\u00ed. Po\u010det obsa\u017een\u00fdch rum\u016f je ni\u017e\u0161\u00ed a ve fin\u00e1ln\u00edm blendu se tak v\u00edce projevuj\u00ed. V\u00fdsledkem jsou intenzivn\u011bj\u0161\u00ed t\u00f3ny melasy, dubu, vanilky, ko\u0159en\u00ed a typick\u00e9 pomeran\u010dov\u00e9 k\u016fry. D\u00edky vy\u0161\u0161\u00ed s\u00edle 43 % m\u00e1 pln\u011bj\u0161\u00ed, bohat\u0161\u00ed chu\u0165.<\/p>\n<\/div>\n<\/div>\n<\/div>\n<\/div>\n<\/div>\n","protected":false},"excerpt":{"rendered":"<p>Appleton Estate je nejstar\u0161\u00ed nep\u0159etr\u017eit\u011b funguj\u00edc\u00ed t\u0159tinovou plant\u00e1\u017e\u00ed a pal\u00edrnou na Jamajce. Rumy unik\u00e1tn\u00edho charakteru se zde vyr\u00e1b\u011bj\u00ed ji\u017e v\u00edce ne\u017e 265 let. Destilace prob\u00edh\u00e1 malos\u00e9riov\u011b v m\u011bd\u011bn\u00fdch destila\u010dn\u00edch kotl\u00edch, rumy pot\u00e9 zraj\u00ed v sudech z americk\u00e9ho b\u00edl\u00e9ho dubu, ve kter\u00fdch byl p\u0159edt\u00edm ulo\u017een bourbon. Rumy Appleton m\u00edch\u00e1 Joy Spence, prvn\u00ed \u017eena na sv\u011bt\u011b, kter\u00e1 [&hellip;]<\/p>\n","protected":false},"featured_media":1073,"template":"","meta":{"_acf_changed":false},"product_brand":[138],"product_cat":[117],"product_tag":[],"class_list":{"0":"post-1129","1":"product","2":"type-product","3":"status-publish","4":"has-post-thumbnail","6":"product_brand-appleton","7":"product_cat-rum","8":"pa_cena-za-004-l","9":"pa_obsah-alkoholu-56","10":"pa_zeme-jamajka","12":"first","13":"instock","14":"shipping-taxable","15":"purchasable","16":"product-type-simple"},"acf":[],"yoast_head":"<!-- This site is optimized with the Yoast SEO plugin v27.4 - https:\/\/yoast.com\/product\/yoast-seo-wordpress\/ -->\n<title>Appleton Estate 8 y.o.<\/title>\n<meta name=\"description\" content=\"Appleton Estate je nejstar\u0161\u00ed nep\u0159etr\u017eit\u011b funguj\u00edc\u00ed t\u0159tinovou plant\u00e1\u017e\u00ed a pal\u00edrnou na Jamajce. Rumy unik\u00e1tn\u00edho charakteru se zde vyr\u00e1b\u011bj\u00ed ji\u017e v\u00edce ne\u017e 265\" \/>\n<meta name=\"robots\" content=\"index, follow, max-snippet:-1, max-image-preview:large, max-video-preview:-1\" \/>\n<link rel=\"canonical\" href=\"https:\/\/richter.ceo\/coxs\/product\/appleton-estate-8-y-o\/\" \/>\n<meta property=\"og:locale\" content=\"cs_CZ\" \/>\n<meta property=\"og:type\" content=\"article\" \/>\n<meta property=\"og:title\" content=\"Appleton Estate 8 y.o.\" \/>\n<meta property=\"og:description\" content=\"Appleton Estate je nejstar\u0161\u00ed nep\u0159etr\u017eit\u011b funguj\u00edc\u00ed t\u0159tinovou plant\u00e1\u017e\u00ed a pal\u00edrnou na Jamajce. Rumy unik\u00e1tn\u00edho charakteru se zde vyr\u00e1b\u011bj\u00ed ji\u017e v\u00edce ne\u017e 265\" \/>\n<meta property=\"og:url\" content=\"https:\/\/richter.ceo\/coxs\/product\/appleton-estate-8-y-o\/\" \/>\n<meta property=\"og:site_name\" content=\"COXS CLUB\" \/>\n<meta property=\"article:publisher\" content=\"https:\/\/www.facebook.com\/profile.php?id=100088204002615\" \/>\n<meta property=\"og:image\" content=\"https:\/\/richter.ceo\/coxs\/wp-content\/uploads\/sites\/4\/2025\/05\/3018_appleton_8yo_reserve.jpg\" \/>\n\t<meta property=\"og:image:width\" content=\"600\" \/>\n\t<meta property=\"og:image:height\" content=\"711\" \/>\n\t<meta property=\"og:image:type\" content=\"image\/jpeg\" \/>\n<meta name=\"twitter:card\" content=\"summary_large_image\" \/>\n<meta name=\"twitter:label1\" content=\"Odhadovan\u00e1 doba \u010dten\u00ed\" \/>\n\t<meta name=\"twitter:data1\" content=\"1 minuta\" \/>\n<script type=\"application\/ld+json\" class=\"yoast-schema-graph\">{\"@context\":\"https:\\\/\\\/schema.org\",\"@graph\":[{\"@type\":\"WebPage\",\"@id\":\"https:\\\/\\\/richter.ceo\\\/coxs\\\/en\\\/product\\\/appleton-estate-8-y-o\\\/\",\"url\":\"https:\\\/\\\/richter.ceo\\\/coxs\\\/en\\\/product\\\/appleton-estate-8-y-o\\\/\",\"name\":\"Appleton Estate 8 y.o.\",\"isPartOf\":{\"@id\":\"https:\\\/\\\/richter.ceo\\\/coxs\\\/en\\\/#website\"},\"primaryImageOfPage\":{\"@id\":\"https:\\\/\\\/richter.ceo\\\/coxs\\\/en\\\/product\\\/appleton-estate-8-y-o\\\/#primaryimage\"},\"image\":{\"@id\":\"https:\\\/\\\/richter.ceo\\\/coxs\\\/en\\\/product\\\/appleton-estate-8-y-o\\\/#primaryimage\"},\"thumbnailUrl\":\"https:\\\/\\\/richter.ceo\\\/coxs\\\/wp-content\\\/uploads\\\/sites\\\/4\\\/2025\\\/05\\\/3018_appleton_8yo_reserve.jpg\",\"datePublished\":\"2025-05-13T16:03:01+00:00\",\"description\":\"Appleton Estate je nejstar\u0161\u00ed nep\u0159etr\u017eit\u011b funguj\u00edc\u00ed t\u0159tinovou plant\u00e1\u017e\u00ed a pal\u00edrnou na Jamajce. Rumy unik\u00e1tn\u00edho charakteru se zde vyr\u00e1b\u011bj\u00ed ji\u017e v\u00edce ne\u017e 265\",\"breadcrumb\":{\"@id\":\"https:\\\/\\\/richter.ceo\\\/coxs\\\/en\\\/product\\\/appleton-estate-8-y-o\\\/#breadcrumb\"},\"inLanguage\":\"cs\",\"potentialAction\":[{\"@type\":\"ReadAction\",\"target\":[\"https:\\\/\\\/richter.ceo\\\/coxs\\\/en\\\/product\\\/appleton-estate-8-y-o\\\/\"]}]},{\"@type\":\"ImageObject\",\"inLanguage\":\"cs\",\"@id\":\"https:\\\/\\\/richter.ceo\\\/coxs\\\/en\\\/product\\\/appleton-estate-8-y-o\\\/#primaryimage\",\"url\":\"https:\\\/\\\/richter.ceo\\\/coxs\\\/wp-content\\\/uploads\\\/sites\\\/4\\\/2025\\\/05\\\/3018_appleton_8yo_reserve.jpg\",\"contentUrl\":\"https:\\\/\\\/richter.ceo\\\/coxs\\\/wp-content\\\/uploads\\\/sites\\\/4\\\/2025\\\/05\\\/3018_appleton_8yo_reserve.jpg\",\"width\":600,\"height\":711,\"caption\":\"COXS CLUB\"},{\"@type\":\"BreadcrumbList\",\"@id\":\"https:\\\/\\\/richter.ceo\\\/coxs\\\/en\\\/product\\\/appleton-estate-8-y-o\\\/#breadcrumb\",\"itemListElement\":[{\"@type\":\"ListItem\",\"position\":1,\"name\":\"Dom\u016f\",\"item\":\"https:\\\/\\\/richter.ceo\\\/coxs\\\/\"},{\"@type\":\"ListItem\",\"position\":2,\"name\":\"N\u00c1POJE\",\"item\":\"https:\\\/\\\/richter.ceo\\\/coxs\\\/en\\\/napoje\\\/\"},{\"@type\":\"ListItem\",\"position\":3,\"name\":\"Appleton Estate 8 y.o.\"}]},{\"@type\":\"WebSite\",\"@id\":\"https:\\\/\\\/richter.ceo\\\/coxs\\\/en\\\/#website\",\"url\":\"https:\\\/\\\/richter.ceo\\\/coxs\\\/en\\\/\",\"name\":\"COXS CLUB\",\"description\":\"Beton a Rum\",\"publisher\":{\"@id\":\"https:\\\/\\\/richter.ceo\\\/coxs\\\/en\\\/#organization\"},\"potentialAction\":[{\"@type\":\"SearchAction\",\"target\":{\"@type\":\"EntryPoint\",\"urlTemplate\":\"https:\\\/\\\/richter.ceo\\\/coxs\\\/en\\\/?s={search_term_string}\"},\"query-input\":{\"@type\":\"PropertyValueSpecification\",\"valueRequired\":true,\"valueName\":\"search_term_string\"}}],\"inLanguage\":\"cs\"},{\"@type\":\"Organization\",\"@id\":\"https:\\\/\\\/richter.ceo\\\/coxs\\\/en\\\/#organization\",\"name\":\"COXS CLUB\",\"url\":\"https:\\\/\\\/richter.ceo\\\/coxs\\\/en\\\/\",\"logo\":{\"@type\":\"ImageObject\",\"inLanguage\":\"cs\",\"@id\":\"https:\\\/\\\/richter.ceo\\\/coxs\\\/en\\\/#\\\/schema\\\/logo\\\/image\\\/\",\"url\":\"http:\\\/\\\/richter.ceo\\\/coxs\\\/wp-content\\\/uploads\\\/sites\\\/4\\\/2025\\\/05\\\/FAVICON-dark.webp\",\"contentUrl\":\"http:\\\/\\\/richter.ceo\\\/coxs\\\/wp-content\\\/uploads\\\/sites\\\/4\\\/2025\\\/05\\\/FAVICON-dark.webp\",\"width\":512,\"height\":512,\"caption\":\"COXS CLUB\"},\"image\":{\"@id\":\"https:\\\/\\\/richter.ceo\\\/coxs\\\/en\\\/#\\\/schema\\\/logo\\\/image\\\/\"},\"sameAs\":[\"https:\\\/\\\/www.facebook.com\\\/profile.php?id=100088204002615\",\"https:\\\/\\\/www.instagram.com\\\/coxs_coxs\\\/\"]}]}<\/script>\n<!-- \/ Yoast SEO plugin. -->","yoast_head_json":{"title":"Appleton Estate 8 y.o.","description":"Appleton Estate je nejstar\u0161\u00ed nep\u0159etr\u017eit\u011b funguj\u00edc\u00ed t\u0159tinovou plant\u00e1\u017e\u00ed a pal\u00edrnou na Jamajce. Rumy unik\u00e1tn\u00edho charakteru se zde vyr\u00e1b\u011bj\u00ed ji\u017e v\u00edce ne\u017e 265","robots":{"index":"index","follow":"follow","max-snippet":"max-snippet:-1","max-image-preview":"max-image-preview:large","max-video-preview":"max-video-preview:-1"},"canonical":"https:\/\/richter.ceo\/coxs\/product\/appleton-estate-8-y-o\/","og_locale":"cs_CZ","og_type":"article","og_title":"Appleton Estate 8 y.o.","og_description":"Appleton Estate je nejstar\u0161\u00ed nep\u0159etr\u017eit\u011b funguj\u00edc\u00ed t\u0159tinovou plant\u00e1\u017e\u00ed a pal\u00edrnou na Jamajce. Rumy unik\u00e1tn\u00edho charakteru se zde vyr\u00e1b\u011bj\u00ed ji\u017e v\u00edce ne\u017e 265","og_url":"https:\/\/richter.ceo\/coxs\/product\/appleton-estate-8-y-o\/","og_site_name":"COXS CLUB","article_publisher":"https:\/\/www.facebook.com\/profile.php?id=100088204002615","og_image":[{"width":600,"height":711,"url":"https:\/\/richter.ceo\/coxs\/wp-content\/uploads\/sites\/4\/2025\/05\/3018_appleton_8yo_reserve.jpg","type":"image\/jpeg"}],"twitter_card":"summary_large_image","twitter_misc":{"Odhadovan\u00e1 doba \u010dten\u00ed":"1 minuta"},"schema":{"@context":"https:\/\/schema.org","@graph":[{"@type":"WebPage","@id":"https:\/\/richter.ceo\/coxs\/en\/product\/appleton-estate-8-y-o\/","url":"https:\/\/richter.ceo\/coxs\/en\/product\/appleton-estate-8-y-o\/","name":"Appleton Estate 8 y.o.","isPartOf":{"@id":"https:\/\/richter.ceo\/coxs\/en\/#website"},"primaryImageOfPage":{"@id":"https:\/\/richter.ceo\/coxs\/en\/product\/appleton-estate-8-y-o\/#primaryimage"},"image":{"@id":"https:\/\/richter.ceo\/coxs\/en\/product\/appleton-estate-8-y-o\/#primaryimage"},"thumbnailUrl":"https:\/\/richter.ceo\/coxs\/wp-content\/uploads\/sites\/4\/2025\/05\/3018_appleton_8yo_reserve.jpg","datePublished":"2025-05-13T16:03:01+00:00","description":"Appleton Estate je nejstar\u0161\u00ed nep\u0159etr\u017eit\u011b funguj\u00edc\u00ed t\u0159tinovou plant\u00e1\u017e\u00ed a pal\u00edrnou na Jamajce. Rumy unik\u00e1tn\u00edho charakteru se zde vyr\u00e1b\u011bj\u00ed ji\u017e v\u00edce ne\u017e 265","breadcrumb":{"@id":"https:\/\/richter.ceo\/coxs\/en\/product\/appleton-estate-8-y-o\/#breadcrumb"},"inLanguage":"cs","potentialAction":[{"@type":"ReadAction","target":["https:\/\/richter.ceo\/coxs\/en\/product\/appleton-estate-8-y-o\/"]}]},{"@type":"ImageObject","inLanguage":"cs","@id":"https:\/\/richter.ceo\/coxs\/en\/product\/appleton-estate-8-y-o\/#primaryimage","url":"https:\/\/richter.ceo\/coxs\/wp-content\/uploads\/sites\/4\/2025\/05\/3018_appleton_8yo_reserve.jpg","contentUrl":"https:\/\/richter.ceo\/coxs\/wp-content\/uploads\/sites\/4\/2025\/05\/3018_appleton_8yo_reserve.jpg","width":600,"height":711,"caption":"COXS CLUB"},{"@type":"BreadcrumbList","@id":"https:\/\/richter.ceo\/coxs\/en\/product\/appleton-estate-8-y-o\/#breadcrumb","itemListElement":[{"@type":"ListItem","position":1,"name":"Dom\u016f","item":"https:\/\/richter.ceo\/coxs\/"},{"@type":"ListItem","position":2,"name":"N\u00c1POJE","item":"https:\/\/richter.ceo\/coxs\/en\/napoje\/"},{"@type":"ListItem","position":3,"name":"Appleton Estate 8 y.o."}]},{"@type":"WebSite","@id":"https:\/\/richter.ceo\/coxs\/en\/#website","url":"https:\/\/richter.ceo\/coxs\/en\/","name":"COXS CLUB","description":"Beton a Rum","publisher":{"@id":"https:\/\/richter.ceo\/coxs\/en\/#organization"},"potentialAction":[{"@type":"SearchAction","target":{"@type":"EntryPoint","urlTemplate":"https:\/\/richter.ceo\/coxs\/en\/?s={search_term_string}"},"query-input":{"@type":"PropertyValueSpecification","valueRequired":true,"valueName":"search_term_string"}}],"inLanguage":"cs"},{"@type":"Organization","@id":"https:\/\/richter.ceo\/coxs\/en\/#organization","name":"COXS CLUB","url":"https:\/\/richter.ceo\/coxs\/en\/","logo":{"@type":"ImageObject","inLanguage":"cs","@id":"https:\/\/richter.ceo\/coxs\/en\/#\/schema\/logo\/image\/","url":"http:\/\/richter.ceo\/coxs\/wp-content\/uploads\/sites\/4\/2025\/05\/FAVICON-dark.webp","contentUrl":"http:\/\/richter.ceo\/coxs\/wp-content\/uploads\/sites\/4\/2025\/05\/FAVICON-dark.webp","width":512,"height":512,"caption":"COXS CLUB"},"image":{"@id":"https:\/\/richter.ceo\/coxs\/en\/#\/schema\/logo\/image\/"},"sameAs":["https:\/\/www.facebook.com\/profile.php?id=100088204002615","https:\/\/www.instagram.com\/coxs_coxs\/"]}]}},"_links":{"self":[{"href":"https:\/\/richter.ceo\/coxs\/wp-json\/wp\/v2\/product\/1129","targetHints":{"allow":["GET"]}}],"collection":[{"href":"https:\/\/richter.ceo\/coxs\/wp-json\/wp\/v2\/product"}],"about":[{"href":"https:\/\/richter.ceo\/coxs\/wp-json\/wp\/v2\/types\/product"}],"wp:featuredmedia":[{"embeddable":true,"href":"https:\/\/richter.ceo\/coxs\/wp-json\/wp\/v2\/media\/1073"}],"wp:attachment":[{"href":"https:\/\/richter.ceo\/coxs\/wp-json\/wp\/v2\/media?parent=1129"}],"wp:term":[{"taxonomy":"product_brand","embeddable":true,"href":"https:\/\/richter.ceo\/coxs\/wp-json\/wp\/v2\/product_brand?post=1129"},{"taxonomy":"product_cat","embeddable":true,"href":"https:\/\/richter.ceo\/coxs\/wp-json\/wp\/v2\/product_cat?post=1129"},{"taxonomy":"product_tag","embeddable":true,"href":"https:\/\/richter.ceo\/coxs\/wp-json\/wp\/v2\/product_tag?post=1129"}],"curies":[{"name":"wp","href":"https:\/\/api.w.org\/{rel}","templated":true}]}}