{"id":1134,"date":"2025-05-13T18:22:06","date_gmt":"2025-05-13T16:22:06","guid":{"rendered":"https:\/\/richter.ceo\/coxs\/?post_type=product&#038;p=1134"},"modified":"2025-05-13T18:22:06","modified_gmt":"2025-05-13T16:22:06","slug":"arcane-arrange-banane-flambee","status":"publish","type":"product","link":"https:\/\/richter.ceo\/coxs\/produkt\/arcane-arrange-banane-flambee\/","title":{"rendered":"Arcane Arrang\u00e9 Banane Flamb\u00e9e"},"content":{"rendered":"<p>Rhum arrang\u00e9, doslova \u201enaaran\u017eovan\u00fd rum\u201c, m\u00e1 sv\u00e9 ko\u0159eny na ostrovech R\u00e9union, Mauricius, Madagaskar a na ostrovech Francouzsk\u00fdch Antil. Jedn\u00e1 se o rum, resp. lik\u00e9r na jeho b\u00e1zi, kter\u00fd je ochucen\u00fd ovocem, ko\u0159en\u00edm, rostlinami \u010di jejich ko\u0159eny, kter\u00e9 jsou v n\u011bm macerov\u00e1ny.<\/p>\n<p>&nbsp;<\/p>\n<p>\u0158ada Arcane Arrang\u00e9 p\u0159edstavuje lahodn\u00e9 spojen\u00ed delik\u00e1tn\u00edho rumu z ostrova Mauricius, kter\u00fd se vyzna\u010duje t\u00f3ny \u010derstv\u00e9 cukrov\u00e9 t\u0159tiny, a tropick\u00e9ho ovoce, je\u017e je pro ostrov Mauricius typick\u00e9. Tento exotick\u00fd elix\u00edr je ide\u00e1ln\u00ed vychlazen\u00fd \u010di na ledu, jako aperitiv \u010di digestiv.<\/p>\n<p>&nbsp;<\/p>\n<div class=\"elementor-column elementor-col-50 elementor-inner-column elementor-element elementor-element-df5ea97\" data-id=\"df5ea97\" data-element_type=\"column\">\n<div class=\"elementor-widget-wrap elementor-element-populated\">\n<div class=\"elementor-element elementor-element-5f45f876 elementor-widget elementor-widget-woocommerce-product-short-description\" data-id=\"5f45f876\" data-element_type=\"widget\" data-widget_type=\"woocommerce-product-short-description.default\">\n<div class=\"elementor-widget-container\">\n<div class=\"woocommerce-product-details__short-description\">\n<p>Banane Flamb\u00e9e odkazuje na obl\u00edben\u00fd dezert a spojuje jemn\u00fd rum se sladkost\u00ed ban\u00e1n\u016f. Je chu\u0165 dokonale vynikne v kombinaci s pala\u010dinkami \u010di cr\u00eapes, kde lze pou\u017e\u00edt i p\u00e1r kapek do t\u011bsta.<\/p>\n<\/div>\n<\/div>\n<\/div>\n<\/div>\n<\/div>\n","protected":false},"excerpt":{"rendered":"<p>Rhum arrang\u00e9, doslova \u201enaaran\u017eovan\u00fd rum\u201c, m\u00e1 sv\u00e9 ko\u0159eny na ostrovech R\u00e9union, Mauricius, Madagaskar a na ostrovech Francouzsk\u00fdch Antil. Jedn\u00e1 se o rum, resp. lik\u00e9r na jeho b\u00e1zi, kter\u00fd je ochucen\u00fd ovocem, ko\u0159en\u00edm, rostlinami \u010di jejich ko\u0159eny, kter\u00e9 jsou v n\u011bm macerov\u00e1ny. &nbsp; \u0158ada Arcane Arrang\u00e9 p\u0159edstavuje lahodn\u00e9 spojen\u00ed delik\u00e1tn\u00edho rumu z ostrova Mauricius, kter\u00fd se [&hellip;]<\/p>\n","protected":false},"featured_media":1078,"template":"","meta":{"_acf_changed":false},"product_brand":[140],"product_cat":[117],"product_tag":[],"class_list":{"0":"post-1134","1":"product","2":"type-product","3":"status-publish","4":"has-post-thumbnail","6":"product_brand-arcane","7":"product_cat-rum","8":"pa_cena-za-004-l","9":"pa_obsah-alkoholu-21","10":"pa_zeme-mauricius","12":"first","13":"instock","14":"shipping-taxable","15":"purchasable","16":"product-type-simple"},"acf":[],"yoast_head":"<!-- This site is optimized with the Yoast SEO plugin v27.5 - https:\/\/yoast.com\/product\/yoast-seo-wordpress\/ -->\n<title>Arcane Arrang\u00e9 Banane Flamb\u00e9e<\/title>\n<meta name=\"description\" content=\"Rhum arrang\u00e9, doslova \u201enaaran\u017eovan\u00fd rum\u201c, m\u00e1 sv\u00e9 ko\u0159eny na ostrovech R\u00e9union, Mauricius, Madagaskar a na ostrovech Francouzsk\u00fdch Antil. Jedn\u00e1 se o rum,\" \/>\n<meta name=\"robots\" content=\"index, follow, max-snippet:-1, max-image-preview:large, max-video-preview:-1\" \/>\n<link rel=\"canonical\" href=\"https:\/\/richter.ceo\/coxs\/product\/arcane-arrange-banane-flambee\/\" \/>\n<meta property=\"og:locale\" content=\"cs_CZ\" \/>\n<meta property=\"og:type\" content=\"article\" \/>\n<meta property=\"og:title\" content=\"Arcane Arrang\u00e9 Banane Flamb\u00e9e\" \/>\n<meta property=\"og:description\" content=\"Rhum arrang\u00e9, doslova \u201enaaran\u017eovan\u00fd rum\u201c, m\u00e1 sv\u00e9 ko\u0159eny na ostrovech R\u00e9union, Mauricius, Madagaskar a na ostrovech Francouzsk\u00fdch Antil. Jedn\u00e1 se o rum,\" \/>\n<meta property=\"og:url\" content=\"https:\/\/richter.ceo\/coxs\/product\/arcane-arrange-banane-flambee\/\" \/>\n<meta property=\"og:site_name\" content=\"COXS CLUB\" \/>\n<meta property=\"article:publisher\" content=\"https:\/\/www.facebook.com\/profile.php?id=100088204002615\" \/>\n<meta property=\"og:image\" content=\"https:\/\/richter.ceo\/coxs\/wp-content\/uploads\/sites\/4\/2025\/05\/3329_arcane_arrange_banane_flambee.jpg\" \/>\n\t<meta property=\"og:image:width\" content=\"600\" \/>\n\t<meta property=\"og:image:height\" content=\"711\" \/>\n\t<meta property=\"og:image:type\" content=\"image\/jpeg\" \/>\n<meta name=\"twitter:card\" content=\"summary_large_image\" \/>\n<meta name=\"twitter:label1\" content=\"Odhadovan\u00e1 doba \u010dten\u00ed\" \/>\n\t<meta name=\"twitter:data1\" content=\"1 minuta\" \/>\n<script type=\"application\/ld+json\" class=\"yoast-schema-graph\">{\"@context\":\"https:\\\/\\\/schema.org\",\"@graph\":[{\"@type\":\"WebPage\",\"@id\":\"https:\\\/\\\/richter.ceo\\\/coxs\\\/en\\\/product\\\/arcane-arrange-banane-flambee\\\/\",\"url\":\"https:\\\/\\\/richter.ceo\\\/coxs\\\/en\\\/product\\\/arcane-arrange-banane-flambee\\\/\",\"name\":\"Arcane Arrang\u00e9 Banane Flamb\u00e9e\",\"isPartOf\":{\"@id\":\"https:\\\/\\\/richter.ceo\\\/coxs\\\/en\\\/#website\"},\"primaryImageOfPage\":{\"@id\":\"https:\\\/\\\/richter.ceo\\\/coxs\\\/en\\\/product\\\/arcane-arrange-banane-flambee\\\/#primaryimage\"},\"image\":{\"@id\":\"https:\\\/\\\/richter.ceo\\\/coxs\\\/en\\\/product\\\/arcane-arrange-banane-flambee\\\/#primaryimage\"},\"thumbnailUrl\":\"https:\\\/\\\/richter.ceo\\\/coxs\\\/wp-content\\\/uploads\\\/sites\\\/4\\\/2025\\\/05\\\/3329_arcane_arrange_banane_flambee.jpg\",\"datePublished\":\"2025-05-13T16:22:06+00:00\",\"description\":\"Rhum arrang\u00e9, doslova \u201enaaran\u017eovan\u00fd rum\u201c, m\u00e1 sv\u00e9 ko\u0159eny na ostrovech R\u00e9union, Mauricius, Madagaskar a na ostrovech Francouzsk\u00fdch Antil. Jedn\u00e1 se o rum,\",\"breadcrumb\":{\"@id\":\"https:\\\/\\\/richter.ceo\\\/coxs\\\/en\\\/product\\\/arcane-arrange-banane-flambee\\\/#breadcrumb\"},\"inLanguage\":\"cs\",\"potentialAction\":[{\"@type\":\"ReadAction\",\"target\":[\"https:\\\/\\\/richter.ceo\\\/coxs\\\/en\\\/product\\\/arcane-arrange-banane-flambee\\\/\"]}]},{\"@type\":\"ImageObject\",\"inLanguage\":\"cs\",\"@id\":\"https:\\\/\\\/richter.ceo\\\/coxs\\\/en\\\/product\\\/arcane-arrange-banane-flambee\\\/#primaryimage\",\"url\":\"https:\\\/\\\/richter.ceo\\\/coxs\\\/wp-content\\\/uploads\\\/sites\\\/4\\\/2025\\\/05\\\/3329_arcane_arrange_banane_flambee.jpg\",\"contentUrl\":\"https:\\\/\\\/richter.ceo\\\/coxs\\\/wp-content\\\/uploads\\\/sites\\\/4\\\/2025\\\/05\\\/3329_arcane_arrange_banane_flambee.jpg\",\"width\":600,\"height\":711,\"caption\":\"COXS CLUB\"},{\"@type\":\"BreadcrumbList\",\"@id\":\"https:\\\/\\\/richter.ceo\\\/coxs\\\/en\\\/product\\\/arcane-arrange-banane-flambee\\\/#breadcrumb\",\"itemListElement\":[{\"@type\":\"ListItem\",\"position\":1,\"name\":\"Dom\u016f\",\"item\":\"https:\\\/\\\/richter.ceo\\\/coxs\\\/\"},{\"@type\":\"ListItem\",\"position\":2,\"name\":\"N\u00c1POJE\",\"item\":\"https:\\\/\\\/richter.ceo\\\/coxs\\\/en\\\/napoje\\\/\"},{\"@type\":\"ListItem\",\"position\":3,\"name\":\"Arcane Arrang\u00e9 Banane Flamb\u00e9e\"}]},{\"@type\":\"WebSite\",\"@id\":\"https:\\\/\\\/richter.ceo\\\/coxs\\\/en\\\/#website\",\"url\":\"https:\\\/\\\/richter.ceo\\\/coxs\\\/en\\\/\",\"name\":\"COXS CLUB\",\"description\":\"Beton a Rum\",\"publisher\":{\"@id\":\"https:\\\/\\\/richter.ceo\\\/coxs\\\/en\\\/#organization\"},\"potentialAction\":[{\"@type\":\"SearchAction\",\"target\":{\"@type\":\"EntryPoint\",\"urlTemplate\":\"https:\\\/\\\/richter.ceo\\\/coxs\\\/en\\\/?s={search_term_string}\"},\"query-input\":{\"@type\":\"PropertyValueSpecification\",\"valueRequired\":true,\"valueName\":\"search_term_string\"}}],\"inLanguage\":\"cs\"},{\"@type\":\"Organization\",\"@id\":\"https:\\\/\\\/richter.ceo\\\/coxs\\\/en\\\/#organization\",\"name\":\"COXS CLUB\",\"url\":\"https:\\\/\\\/richter.ceo\\\/coxs\\\/en\\\/\",\"logo\":{\"@type\":\"ImageObject\",\"inLanguage\":\"cs\",\"@id\":\"https:\\\/\\\/richter.ceo\\\/coxs\\\/en\\\/#\\\/schema\\\/logo\\\/image\\\/\",\"url\":\"http:\\\/\\\/richter.ceo\\\/coxs\\\/wp-content\\\/uploads\\\/sites\\\/4\\\/2025\\\/05\\\/FAVICON-dark.webp\",\"contentUrl\":\"http:\\\/\\\/richter.ceo\\\/coxs\\\/wp-content\\\/uploads\\\/sites\\\/4\\\/2025\\\/05\\\/FAVICON-dark.webp\",\"width\":512,\"height\":512,\"caption\":\"COXS CLUB\"},\"image\":{\"@id\":\"https:\\\/\\\/richter.ceo\\\/coxs\\\/en\\\/#\\\/schema\\\/logo\\\/image\\\/\"},\"sameAs\":[\"https:\\\/\\\/www.facebook.com\\\/profile.php?id=100088204002615\",\"https:\\\/\\\/www.instagram.com\\\/coxs_coxs\\\/\"]}]}<\/script>\n<!-- \/ Yoast SEO plugin. -->","yoast_head_json":{"title":"Arcane Arrang\u00e9 Banane Flamb\u00e9e","description":"Rhum arrang\u00e9, doslova \u201enaaran\u017eovan\u00fd rum\u201c, m\u00e1 sv\u00e9 ko\u0159eny na ostrovech R\u00e9union, Mauricius, Madagaskar a na ostrovech Francouzsk\u00fdch Antil. Jedn\u00e1 se o rum,","robots":{"index":"index","follow":"follow","max-snippet":"max-snippet:-1","max-image-preview":"max-image-preview:large","max-video-preview":"max-video-preview:-1"},"canonical":"https:\/\/richter.ceo\/coxs\/product\/arcane-arrange-banane-flambee\/","og_locale":"cs_CZ","og_type":"article","og_title":"Arcane Arrang\u00e9 Banane Flamb\u00e9e","og_description":"Rhum arrang\u00e9, doslova \u201enaaran\u017eovan\u00fd rum\u201c, m\u00e1 sv\u00e9 ko\u0159eny na ostrovech R\u00e9union, Mauricius, Madagaskar a na ostrovech Francouzsk\u00fdch Antil. Jedn\u00e1 se o rum,","og_url":"https:\/\/richter.ceo\/coxs\/product\/arcane-arrange-banane-flambee\/","og_site_name":"COXS CLUB","article_publisher":"https:\/\/www.facebook.com\/profile.php?id=100088204002615","og_image":[{"width":600,"height":711,"url":"https:\/\/richter.ceo\/coxs\/wp-content\/uploads\/sites\/4\/2025\/05\/3329_arcane_arrange_banane_flambee.jpg","type":"image\/jpeg"}],"twitter_card":"summary_large_image","twitter_misc":{"Odhadovan\u00e1 doba \u010dten\u00ed":"1 minuta"},"schema":{"@context":"https:\/\/schema.org","@graph":[{"@type":"WebPage","@id":"https:\/\/richter.ceo\/coxs\/en\/product\/arcane-arrange-banane-flambee\/","url":"https:\/\/richter.ceo\/coxs\/en\/product\/arcane-arrange-banane-flambee\/","name":"Arcane Arrang\u00e9 Banane Flamb\u00e9e","isPartOf":{"@id":"https:\/\/richter.ceo\/coxs\/en\/#website"},"primaryImageOfPage":{"@id":"https:\/\/richter.ceo\/coxs\/en\/product\/arcane-arrange-banane-flambee\/#primaryimage"},"image":{"@id":"https:\/\/richter.ceo\/coxs\/en\/product\/arcane-arrange-banane-flambee\/#primaryimage"},"thumbnailUrl":"https:\/\/richter.ceo\/coxs\/wp-content\/uploads\/sites\/4\/2025\/05\/3329_arcane_arrange_banane_flambee.jpg","datePublished":"2025-05-13T16:22:06+00:00","description":"Rhum arrang\u00e9, doslova \u201enaaran\u017eovan\u00fd rum\u201c, m\u00e1 sv\u00e9 ko\u0159eny na ostrovech R\u00e9union, Mauricius, Madagaskar a na ostrovech Francouzsk\u00fdch Antil. Jedn\u00e1 se o rum,","breadcrumb":{"@id":"https:\/\/richter.ceo\/coxs\/en\/product\/arcane-arrange-banane-flambee\/#breadcrumb"},"inLanguage":"cs","potentialAction":[{"@type":"ReadAction","target":["https:\/\/richter.ceo\/coxs\/en\/product\/arcane-arrange-banane-flambee\/"]}]},{"@type":"ImageObject","inLanguage":"cs","@id":"https:\/\/richter.ceo\/coxs\/en\/product\/arcane-arrange-banane-flambee\/#primaryimage","url":"https:\/\/richter.ceo\/coxs\/wp-content\/uploads\/sites\/4\/2025\/05\/3329_arcane_arrange_banane_flambee.jpg","contentUrl":"https:\/\/richter.ceo\/coxs\/wp-content\/uploads\/sites\/4\/2025\/05\/3329_arcane_arrange_banane_flambee.jpg","width":600,"height":711,"caption":"COXS CLUB"},{"@type":"BreadcrumbList","@id":"https:\/\/richter.ceo\/coxs\/en\/product\/arcane-arrange-banane-flambee\/#breadcrumb","itemListElement":[{"@type":"ListItem","position":1,"name":"Dom\u016f","item":"https:\/\/richter.ceo\/coxs\/"},{"@type":"ListItem","position":2,"name":"N\u00c1POJE","item":"https:\/\/richter.ceo\/coxs\/en\/napoje\/"},{"@type":"ListItem","position":3,"name":"Arcane Arrang\u00e9 Banane Flamb\u00e9e"}]},{"@type":"WebSite","@id":"https:\/\/richter.ceo\/coxs\/en\/#website","url":"https:\/\/richter.ceo\/coxs\/en\/","name":"COXS CLUB","description":"Beton a Rum","publisher":{"@id":"https:\/\/richter.ceo\/coxs\/en\/#organization"},"potentialAction":[{"@type":"SearchAction","target":{"@type":"EntryPoint","urlTemplate":"https:\/\/richter.ceo\/coxs\/en\/?s={search_term_string}"},"query-input":{"@type":"PropertyValueSpecification","valueRequired":true,"valueName":"search_term_string"}}],"inLanguage":"cs"},{"@type":"Organization","@id":"https:\/\/richter.ceo\/coxs\/en\/#organization","name":"COXS CLUB","url":"https:\/\/richter.ceo\/coxs\/en\/","logo":{"@type":"ImageObject","inLanguage":"cs","@id":"https:\/\/richter.ceo\/coxs\/en\/#\/schema\/logo\/image\/","url":"http:\/\/richter.ceo\/coxs\/wp-content\/uploads\/sites\/4\/2025\/05\/FAVICON-dark.webp","contentUrl":"http:\/\/richter.ceo\/coxs\/wp-content\/uploads\/sites\/4\/2025\/05\/FAVICON-dark.webp","width":512,"height":512,"caption":"COXS CLUB"},"image":{"@id":"https:\/\/richter.ceo\/coxs\/en\/#\/schema\/logo\/image\/"},"sameAs":["https:\/\/www.facebook.com\/profile.php?id=100088204002615","https:\/\/www.instagram.com\/coxs_coxs\/"]}]}},"_links":{"self":[{"href":"https:\/\/richter.ceo\/coxs\/wp-json\/wp\/v2\/product\/1134","targetHints":{"allow":["GET"]}}],"collection":[{"href":"https:\/\/richter.ceo\/coxs\/wp-json\/wp\/v2\/product"}],"about":[{"href":"https:\/\/richter.ceo\/coxs\/wp-json\/wp\/v2\/types\/product"}],"wp:featuredmedia":[{"embeddable":true,"href":"https:\/\/richter.ceo\/coxs\/wp-json\/wp\/v2\/media\/1078"}],"wp:attachment":[{"href":"https:\/\/richter.ceo\/coxs\/wp-json\/wp\/v2\/media?parent=1134"}],"wp:term":[{"taxonomy":"product_brand","embeddable":true,"href":"https:\/\/richter.ceo\/coxs\/wp-json\/wp\/v2\/product_brand?post=1134"},{"taxonomy":"product_cat","embeddable":true,"href":"https:\/\/richter.ceo\/coxs\/wp-json\/wp\/v2\/product_cat?post=1134"},{"taxonomy":"product_tag","embeddable":true,"href":"https:\/\/richter.ceo\/coxs\/wp-json\/wp\/v2\/product_tag?post=1134"}],"curies":[{"name":"wp","href":"https:\/\/api.w.org\/{rel}","templated":true}]}}