{"id":1149,"date":"2025-05-13T19:52:48","date_gmt":"2025-05-13T17:52:48","guid":{"rendered":"https:\/\/richter.ceo\/coxs\/?post_type=product&#038;p=1149"},"modified":"2025-05-13T19:52:48","modified_gmt":"2025-05-13T17:52:48","slug":"zaya-gran-reserva","status":"publish","type":"product","link":"https:\/\/richter.ceo\/coxs\/produkt\/zaya-gran-reserva\/","title":{"rendered":"Zaya Gran Reserva"},"content":{"rendered":"<div class=\"elementor-column elementor-col-50 elementor-inner-column elementor-element elementor-element-df5ea97\" data-id=\"df5ea97\" data-element_type=\"column\">\n<div class=\"elementor-widget-wrap elementor-element-populated\">\n<div class=\"elementor-element elementor-element-5f45f876 elementor-widget elementor-widget-woocommerce-product-short-description\" data-id=\"5f45f876\" data-element_type=\"widget\" data-widget_type=\"woocommerce-product-short-description.default\">\n<div class=\"elementor-widget-container\">\n<div class=\"woocommerce-product-details__short-description\">\n<p>Pro v\u00fdrobu trinidadsk\u00e9ho rumu Zaya je vyb\u00edr\u00e1na ta nejkvalitn\u011bj\u0161\u00ed melasa z cukrov\u00e9 t\u0159tiny. K destilaci jsou pou\u017e\u00edv\u00e1ny mal\u00e9 m\u011bd\u011bn\u00e9 destila\u010dn\u00ed kotl\u00edky, na kter\u00fdch je tento rum destilov\u00e1n dvakr\u00e1t, a n\u00e1sledn\u011b je ulo\u017een k zr\u00e1n\u00ed do lehce vyp\u00e1len\u00fdch dubov\u00fdch sud\u016f, kter\u00e9 d\u0159\u00edve uchov\u00e1valy bourbon. Ron Zaya Gran Reserva je blendem 12 rum\u016f 6 a\u017e 16 star\u00fdch. Ve v\u016fni se projevuje karamel, k\u016fra citrus\u016f, vanilka, ko\u0159en\u00ed, o\u0159echy a vyp\u00e1len\u00e9 d\u0159evo. M\u00e1 plnou, bohatou nasl\u00e1dlou chu\u0165 s t\u00f3ny ko\u0159en\u00ed, h\u0159eb\u00ed\u010dku, karamelu, kakaa, vanilky, pomeran\u010de a lehkou stopou ban\u00e1nu a dlouh\u00e9, sametov\u00e9, jemn\u00e9 zakon\u010den\u00ed.<\/p>\n<\/div>\n<\/div>\n<\/div>\n<\/div>\n<\/div>\n","protected":false},"excerpt":{"rendered":"<p>Pro v\u00fdrobu trinidadsk\u00e9ho rumu Zaya je vyb\u00edr\u00e1na ta nejkvalitn\u011bj\u0161\u00ed melasa z cukrov\u00e9 t\u0159tiny. K destilaci jsou pou\u017e\u00edv\u00e1ny mal\u00e9 m\u011bd\u011bn\u00e9 destila\u010dn\u00ed kotl\u00edky, na kter\u00fdch je tento rum destilov\u00e1n dvakr\u00e1t, a n\u00e1sledn\u011b je ulo\u017een k zr\u00e1n\u00ed do lehce vyp\u00e1len\u00fdch dubov\u00fdch sud\u016f, kter\u00e9 d\u0159\u00edve uchov\u00e1valy bourbon. Ron Zaya Gran Reserva je blendem 12 rum\u016f 6 a\u017e 16 star\u00fdch. [&hellip;]<\/p>\n","protected":false},"featured_media":1044,"template":"","meta":{"_acf_changed":false},"product_brand":[148],"product_cat":[117],"product_tag":[],"class_list":{"0":"post-1149","1":"product","2":"type-product","3":"status-publish","4":"has-post-thumbnail","6":"product_brand-zaya","7":"product_cat-rum","8":"pa_cena-za-004-l","9":"pa_obsah-alkoholu-21","10":"pa_zeme-trinidad","12":"first","13":"instock","14":"shipping-taxable","15":"purchasable","16":"product-type-simple"},"acf":[],"yoast_head":"<!-- This site is optimized with the Yoast SEO plugin v27.5 - https:\/\/yoast.com\/product\/yoast-seo-wordpress\/ -->\n<title>Zaya Gran Reserva<\/title>\n<meta name=\"description\" content=\"Pro v\u00fdrobu trinidadsk\u00e9ho rumu Zaya je vyb\u00edr\u00e1na ta nejkvalitn\u011bj\u0161\u00ed melasa z cukrov\u00e9 t\u0159tiny. K destilaci jsou pou\u017e\u00edv\u00e1ny mal\u00e9 m\u011bd\u011bn\u00e9 destila\u010dn\u00ed kotl\u00edky, na\" \/>\n<meta name=\"robots\" content=\"index, follow, max-snippet:-1, max-image-preview:large, max-video-preview:-1\" \/>\n<link rel=\"canonical\" href=\"https:\/\/richter.ceo\/coxs\/produkt\/zaya-gran-reserva\/\" \/>\n<meta property=\"og:locale\" content=\"cs_CZ\" \/>\n<meta property=\"og:type\" content=\"article\" \/>\n<meta property=\"og:title\" content=\"Zaya Gran Reserva\" \/>\n<meta property=\"og:description\" content=\"Pro v\u00fdrobu trinidadsk\u00e9ho rumu Zaya je vyb\u00edr\u00e1na ta nejkvalitn\u011bj\u0161\u00ed melasa z cukrov\u00e9 t\u0159tiny. K destilaci jsou pou\u017e\u00edv\u00e1ny mal\u00e9 m\u011bd\u011bn\u00e9 destila\u010dn\u00ed kotl\u00edky, na\" \/>\n<meta property=\"og:url\" content=\"https:\/\/richter.ceo\/coxs\/produkt\/zaya-gran-reserva\/\" \/>\n<meta property=\"og:site_name\" content=\"COXS CLUB\" \/>\n<meta property=\"article:publisher\" content=\"https:\/\/www.facebook.com\/profile.php?id=100088204002615\" \/>\n<meta property=\"og:image\" content=\"https:\/\/richter.ceo\/coxs\/wp-content\/uploads\/sites\/4\/2025\/05\/0760_zaya.jpg\" \/>\n\t<meta property=\"og:image:width\" content=\"600\" \/>\n\t<meta property=\"og:image:height\" content=\"711\" \/>\n\t<meta property=\"og:image:type\" content=\"image\/jpeg\" \/>\n<meta name=\"twitter:card\" content=\"summary_large_image\" \/>\n<meta name=\"twitter:label1\" content=\"Odhadovan\u00e1 doba \u010dten\u00ed\" \/>\n\t<meta name=\"twitter:data1\" content=\"1 minuta\" \/>\n<script type=\"application\/ld+json\" class=\"yoast-schema-graph\">{\"@context\":\"https:\\\/\\\/schema.org\",\"@graph\":[{\"@type\":\"WebPage\",\"@id\":\"https:\\\/\\\/richter.ceo\\\/coxs\\\/produkt\\\/zaya-gran-reserva\\\/\",\"url\":\"https:\\\/\\\/richter.ceo\\\/coxs\\\/produkt\\\/zaya-gran-reserva\\\/\",\"name\":\"Zaya Gran Reserva\",\"isPartOf\":{\"@id\":\"https:\\\/\\\/richter.ceo\\\/coxs\\\/en\\\/#website\"},\"primaryImageOfPage\":{\"@id\":\"https:\\\/\\\/richter.ceo\\\/coxs\\\/produkt\\\/zaya-gran-reserva\\\/#primaryimage\"},\"image\":{\"@id\":\"https:\\\/\\\/richter.ceo\\\/coxs\\\/produkt\\\/zaya-gran-reserva\\\/#primaryimage\"},\"thumbnailUrl\":\"https:\\\/\\\/richter.ceo\\\/coxs\\\/wp-content\\\/uploads\\\/sites\\\/4\\\/2025\\\/05\\\/0760_zaya.jpg\",\"datePublished\":\"2025-05-13T17:52:48+00:00\",\"description\":\"Pro v\u00fdrobu trinidadsk\u00e9ho rumu Zaya je vyb\u00edr\u00e1na ta nejkvalitn\u011bj\u0161\u00ed melasa z cukrov\u00e9 t\u0159tiny. K destilaci jsou pou\u017e\u00edv\u00e1ny mal\u00e9 m\u011bd\u011bn\u00e9 destila\u010dn\u00ed kotl\u00edky, na\",\"breadcrumb\":{\"@id\":\"https:\\\/\\\/richter.ceo\\\/coxs\\\/produkt\\\/zaya-gran-reserva\\\/#breadcrumb\"},\"inLanguage\":\"cs\",\"potentialAction\":[{\"@type\":\"ReadAction\",\"target\":[\"https:\\\/\\\/richter.ceo\\\/coxs\\\/produkt\\\/zaya-gran-reserva\\\/\"]}]},{\"@type\":\"ImageObject\",\"inLanguage\":\"cs\",\"@id\":\"https:\\\/\\\/richter.ceo\\\/coxs\\\/produkt\\\/zaya-gran-reserva\\\/#primaryimage\",\"url\":\"https:\\\/\\\/richter.ceo\\\/coxs\\\/wp-content\\\/uploads\\\/sites\\\/4\\\/2025\\\/05\\\/0760_zaya.jpg\",\"contentUrl\":\"https:\\\/\\\/richter.ceo\\\/coxs\\\/wp-content\\\/uploads\\\/sites\\\/4\\\/2025\\\/05\\\/0760_zaya.jpg\",\"width\":600,\"height\":711,\"caption\":\"COXS CLUB\"},{\"@type\":\"BreadcrumbList\",\"@id\":\"https:\\\/\\\/richter.ceo\\\/coxs\\\/produkt\\\/zaya-gran-reserva\\\/#breadcrumb\",\"itemListElement\":[{\"@type\":\"ListItem\",\"position\":1,\"name\":\"Dom\u016f\",\"item\":\"https:\\\/\\\/richter.ceo\\\/coxs\\\/\"},{\"@type\":\"ListItem\",\"position\":2,\"name\":\"N\u00c1POJE\",\"item\":\"https:\\\/\\\/richter.ceo\\\/coxs\\\/en\\\/napoje\\\/\"},{\"@type\":\"ListItem\",\"position\":3,\"name\":\"Zaya Gran Reserva\"}]},{\"@type\":\"WebSite\",\"@id\":\"https:\\\/\\\/richter.ceo\\\/coxs\\\/en\\\/#website\",\"url\":\"https:\\\/\\\/richter.ceo\\\/coxs\\\/en\\\/\",\"name\":\"COXS CLUB\",\"description\":\"Beton a Rum\",\"publisher\":{\"@id\":\"https:\\\/\\\/richter.ceo\\\/coxs\\\/en\\\/#organization\"},\"potentialAction\":[{\"@type\":\"SearchAction\",\"target\":{\"@type\":\"EntryPoint\",\"urlTemplate\":\"https:\\\/\\\/richter.ceo\\\/coxs\\\/en\\\/?s={search_term_string}\"},\"query-input\":{\"@type\":\"PropertyValueSpecification\",\"valueRequired\":true,\"valueName\":\"search_term_string\"}}],\"inLanguage\":\"cs\"},{\"@type\":\"Organization\",\"@id\":\"https:\\\/\\\/richter.ceo\\\/coxs\\\/en\\\/#organization\",\"name\":\"COXS CLUB\",\"url\":\"https:\\\/\\\/richter.ceo\\\/coxs\\\/en\\\/\",\"logo\":{\"@type\":\"ImageObject\",\"inLanguage\":\"cs\",\"@id\":\"https:\\\/\\\/richter.ceo\\\/coxs\\\/en\\\/#\\\/schema\\\/logo\\\/image\\\/\",\"url\":\"http:\\\/\\\/richter.ceo\\\/coxs\\\/wp-content\\\/uploads\\\/sites\\\/4\\\/2025\\\/05\\\/FAVICON-dark.webp\",\"contentUrl\":\"http:\\\/\\\/richter.ceo\\\/coxs\\\/wp-content\\\/uploads\\\/sites\\\/4\\\/2025\\\/05\\\/FAVICON-dark.webp\",\"width\":512,\"height\":512,\"caption\":\"COXS CLUB\"},\"image\":{\"@id\":\"https:\\\/\\\/richter.ceo\\\/coxs\\\/en\\\/#\\\/schema\\\/logo\\\/image\\\/\"},\"sameAs\":[\"https:\\\/\\\/www.facebook.com\\\/profile.php?id=100088204002615\",\"https:\\\/\\\/www.instagram.com\\\/coxs_coxs\\\/\"]}]}<\/script>\n<!-- \/ Yoast SEO plugin. -->","yoast_head_json":{"title":"Zaya Gran Reserva","description":"Pro v\u00fdrobu trinidadsk\u00e9ho rumu Zaya je vyb\u00edr\u00e1na ta nejkvalitn\u011bj\u0161\u00ed melasa z cukrov\u00e9 t\u0159tiny. K destilaci jsou pou\u017e\u00edv\u00e1ny mal\u00e9 m\u011bd\u011bn\u00e9 destila\u010dn\u00ed kotl\u00edky, na","robots":{"index":"index","follow":"follow","max-snippet":"max-snippet:-1","max-image-preview":"max-image-preview:large","max-video-preview":"max-video-preview:-1"},"canonical":"https:\/\/richter.ceo\/coxs\/produkt\/zaya-gran-reserva\/","og_locale":"cs_CZ","og_type":"article","og_title":"Zaya Gran Reserva","og_description":"Pro v\u00fdrobu trinidadsk\u00e9ho rumu Zaya je vyb\u00edr\u00e1na ta nejkvalitn\u011bj\u0161\u00ed melasa z cukrov\u00e9 t\u0159tiny. K destilaci jsou pou\u017e\u00edv\u00e1ny mal\u00e9 m\u011bd\u011bn\u00e9 destila\u010dn\u00ed kotl\u00edky, na","og_url":"https:\/\/richter.ceo\/coxs\/produkt\/zaya-gran-reserva\/","og_site_name":"COXS CLUB","article_publisher":"https:\/\/www.facebook.com\/profile.php?id=100088204002615","og_image":[{"width":600,"height":711,"url":"https:\/\/richter.ceo\/coxs\/wp-content\/uploads\/sites\/4\/2025\/05\/0760_zaya.jpg","type":"image\/jpeg"}],"twitter_card":"summary_large_image","twitter_misc":{"Odhadovan\u00e1 doba \u010dten\u00ed":"1 minuta"},"schema":{"@context":"https:\/\/schema.org","@graph":[{"@type":"WebPage","@id":"https:\/\/richter.ceo\/coxs\/produkt\/zaya-gran-reserva\/","url":"https:\/\/richter.ceo\/coxs\/produkt\/zaya-gran-reserva\/","name":"Zaya Gran Reserva","isPartOf":{"@id":"https:\/\/richter.ceo\/coxs\/en\/#website"},"primaryImageOfPage":{"@id":"https:\/\/richter.ceo\/coxs\/produkt\/zaya-gran-reserva\/#primaryimage"},"image":{"@id":"https:\/\/richter.ceo\/coxs\/produkt\/zaya-gran-reserva\/#primaryimage"},"thumbnailUrl":"https:\/\/richter.ceo\/coxs\/wp-content\/uploads\/sites\/4\/2025\/05\/0760_zaya.jpg","datePublished":"2025-05-13T17:52:48+00:00","description":"Pro v\u00fdrobu trinidadsk\u00e9ho rumu Zaya je vyb\u00edr\u00e1na ta nejkvalitn\u011bj\u0161\u00ed melasa z cukrov\u00e9 t\u0159tiny. K destilaci jsou pou\u017e\u00edv\u00e1ny mal\u00e9 m\u011bd\u011bn\u00e9 destila\u010dn\u00ed kotl\u00edky, na","breadcrumb":{"@id":"https:\/\/richter.ceo\/coxs\/produkt\/zaya-gran-reserva\/#breadcrumb"},"inLanguage":"cs","potentialAction":[{"@type":"ReadAction","target":["https:\/\/richter.ceo\/coxs\/produkt\/zaya-gran-reserva\/"]}]},{"@type":"ImageObject","inLanguage":"cs","@id":"https:\/\/richter.ceo\/coxs\/produkt\/zaya-gran-reserva\/#primaryimage","url":"https:\/\/richter.ceo\/coxs\/wp-content\/uploads\/sites\/4\/2025\/05\/0760_zaya.jpg","contentUrl":"https:\/\/richter.ceo\/coxs\/wp-content\/uploads\/sites\/4\/2025\/05\/0760_zaya.jpg","width":600,"height":711,"caption":"COXS CLUB"},{"@type":"BreadcrumbList","@id":"https:\/\/richter.ceo\/coxs\/produkt\/zaya-gran-reserva\/#breadcrumb","itemListElement":[{"@type":"ListItem","position":1,"name":"Dom\u016f","item":"https:\/\/richter.ceo\/coxs\/"},{"@type":"ListItem","position":2,"name":"N\u00c1POJE","item":"https:\/\/richter.ceo\/coxs\/en\/napoje\/"},{"@type":"ListItem","position":3,"name":"Zaya Gran Reserva"}]},{"@type":"WebSite","@id":"https:\/\/richter.ceo\/coxs\/en\/#website","url":"https:\/\/richter.ceo\/coxs\/en\/","name":"COXS CLUB","description":"Beton a Rum","publisher":{"@id":"https:\/\/richter.ceo\/coxs\/en\/#organization"},"potentialAction":[{"@type":"SearchAction","target":{"@type":"EntryPoint","urlTemplate":"https:\/\/richter.ceo\/coxs\/en\/?s={search_term_string}"},"query-input":{"@type":"PropertyValueSpecification","valueRequired":true,"valueName":"search_term_string"}}],"inLanguage":"cs"},{"@type":"Organization","@id":"https:\/\/richter.ceo\/coxs\/en\/#organization","name":"COXS CLUB","url":"https:\/\/richter.ceo\/coxs\/en\/","logo":{"@type":"ImageObject","inLanguage":"cs","@id":"https:\/\/richter.ceo\/coxs\/en\/#\/schema\/logo\/image\/","url":"http:\/\/richter.ceo\/coxs\/wp-content\/uploads\/sites\/4\/2025\/05\/FAVICON-dark.webp","contentUrl":"http:\/\/richter.ceo\/coxs\/wp-content\/uploads\/sites\/4\/2025\/05\/FAVICON-dark.webp","width":512,"height":512,"caption":"COXS CLUB"},"image":{"@id":"https:\/\/richter.ceo\/coxs\/en\/#\/schema\/logo\/image\/"},"sameAs":["https:\/\/www.facebook.com\/profile.php?id=100088204002615","https:\/\/www.instagram.com\/coxs_coxs\/"]}]}},"_links":{"self":[{"href":"https:\/\/richter.ceo\/coxs\/wp-json\/wp\/v2\/product\/1149","targetHints":{"allow":["GET"]}}],"collection":[{"href":"https:\/\/richter.ceo\/coxs\/wp-json\/wp\/v2\/product"}],"about":[{"href":"https:\/\/richter.ceo\/coxs\/wp-json\/wp\/v2\/types\/product"}],"wp:featuredmedia":[{"embeddable":true,"href":"https:\/\/richter.ceo\/coxs\/wp-json\/wp\/v2\/media\/1044"}],"wp:attachment":[{"href":"https:\/\/richter.ceo\/coxs\/wp-json\/wp\/v2\/media?parent=1149"}],"wp:term":[{"taxonomy":"product_brand","embeddable":true,"href":"https:\/\/richter.ceo\/coxs\/wp-json\/wp\/v2\/product_brand?post=1149"},{"taxonomy":"product_cat","embeddable":true,"href":"https:\/\/richter.ceo\/coxs\/wp-json\/wp\/v2\/product_cat?post=1149"},{"taxonomy":"product_tag","embeddable":true,"href":"https:\/\/richter.ceo\/coxs\/wp-json\/wp\/v2\/product_tag?post=1149"}],"curies":[{"name":"wp","href":"https:\/\/api.w.org\/{rel}","templated":true}]}}