{"id":1156,"date":"2025-05-13T21:00:16","date_gmt":"2025-05-13T19:00:16","guid":{"rendered":"https:\/\/richter.ceo\/coxs\/?post_type=product&#038;p=1156"},"modified":"2025-05-13T21:00:16","modified_gmt":"2025-05-13T19:00:16","slug":"mezan-jamaica-barrique-xo","status":"publish","type":"product","link":"https:\/\/richter.ceo\/coxs\/produkt\/mezan-jamaica-barrique-xo\/","title":{"rendered":"Mezan Jamaica Barrique XO"},"content":{"rendered":"<p>Archivn\u00ed rumy Mezan nab\u00edz\u00ed mo\u017enost ochutnat autentickou chu\u0165 star\u00fdch karibsk\u00fdch rum\u016f. Cellar Master spole\u010dnosti ne\u00fanavn\u011b cestuje regionem a hled\u00e1 skryt\u00e9 rumov\u00e9 poklady. Kdy\u017e takov\u00fd poklad najde, ulo\u017e\u00ed jej k dal\u0161\u00edmi zr\u00e1n\u00ed v sudech po bourbonu, ne\u017e dos\u00e1hne sv\u00e9ho vrcholu. Teprve pot\u00e9 je lahvov\u00e1n. Rumy Mezan jsou nedoslazovan\u00e9, nebarven\u00e9 a jen lehce filtrovan\u00e9 (bez pou\u017eit\u00ed studen\u00e9 filtrace).<\/p>\n<p>&nbsp;<\/p>\n<div class=\"elementor-column elementor-col-50 elementor-inner-column elementor-element elementor-element-df5ea97\" data-id=\"df5ea97\" data-element_type=\"column\">\n<div class=\"elementor-widget-wrap elementor-element-populated\">\n<div class=\"elementor-element elementor-element-5f45f876 elementor-widget elementor-widget-woocommerce-product-short-description\" data-id=\"5f45f876\" data-element_type=\"widget\" data-widget_type=\"woocommerce-product-short-description.default\">\n<div class=\"elementor-widget-container\">\n<div class=\"woocommerce-product-details__short-description\">\n<p>Jamaica Barrique XO je blendem rum\u016f z n\u011bkolika jamajsk\u00fdch destileri\u00ed, jejich\u017e st\u00e1\u0159\u00ed a profil byly vybr\u00e1ny tak, aby bylo co nejv\u00edce zachov\u00e1no typick\u00e9 aroma a chu\u0165 jamajsk\u00fdch rum\u016f s tropick\u00fdmi t\u00f3ny. V aroma se projevuje \u010derstv\u00fd ban\u00e1n a nasl\u00e1dl\u00e9 ko\u0159en\u00ed. Chu\u0165 je jemn\u00e1 a komplexn\u00ed s t\u00f3ny ko\u0159en\u00ed, tab\u00e1ku a dlouhotrvaj\u00edc\u00edm ko\u0159en\u011bn\u00fdm a d\u0159evit\u00fdm zakon\u010den\u00edm.<\/p>\n<\/div>\n<\/div>\n<\/div>\n<\/div>\n<\/div>\n","protected":false},"excerpt":{"rendered":"<p>Archivn\u00ed rumy Mezan nab\u00edz\u00ed mo\u017enost ochutnat autentickou chu\u0165 star\u00fdch karibsk\u00fdch rum\u016f. Cellar Master spole\u010dnosti ne\u00fanavn\u011b cestuje regionem a hled\u00e1 skryt\u00e9 rumov\u00e9 poklady. Kdy\u017e takov\u00fd poklad najde, ulo\u017e\u00ed jej k dal\u0161\u00edmi zr\u00e1n\u00ed v sudech po bourbonu, ne\u017e dos\u00e1hne sv\u00e9ho vrcholu. Teprve pot\u00e9 je lahvov\u00e1n. Rumy Mezan jsou nedoslazovan\u00e9, nebarven\u00e9 a jen lehce filtrovan\u00e9 (bez pou\u017eit\u00ed studen\u00e9 [&hellip;]<\/p>\n","protected":false},"featured_media":1045,"template":"","meta":{"_acf_changed":false},"product_brand":[153],"product_cat":[117],"product_tag":[],"class_list":{"0":"post-1156","1":"product","2":"type-product","3":"status-publish","4":"has-post-thumbnail","6":"product_brand-hampden-estate","7":"product_cat-rum","8":"pa_cena-za-004-l","9":"pa_obsah-alkoholu-21","10":"pa_zeme-jamajka","12":"first","13":"instock","14":"shipping-taxable","15":"purchasable","16":"product-type-simple"},"acf":[],"yoast_head":"<!-- This site is optimized with the Yoast SEO plugin v27.5 - https:\/\/yoast.com\/product\/yoast-seo-wordpress\/ -->\n<title>Mezan Jamaica Barrique XO<\/title>\n<meta name=\"description\" content=\"Archivn\u00ed rumy Mezan nab\u00edz\u00ed mo\u017enost ochutnat autentickou chu\u0165 star\u00fdch karibsk\u00fdch rum\u016f. Cellar Master spole\u010dnosti ne\u00fanavn\u011b cestuje regionem a hled\u00e1 skryt\u00e9\" \/>\n<meta name=\"robots\" content=\"index, follow, max-snippet:-1, max-image-preview:large, max-video-preview:-1\" \/>\n<link rel=\"canonical\" href=\"https:\/\/richter.ceo\/coxs\/produkt\/mezan-jamaica-barrique-xo\/\" \/>\n<meta property=\"og:locale\" content=\"cs_CZ\" \/>\n<meta property=\"og:type\" content=\"article\" \/>\n<meta property=\"og:title\" content=\"Mezan Jamaica Barrique XO\" \/>\n<meta property=\"og:description\" content=\"Archivn\u00ed rumy Mezan nab\u00edz\u00ed mo\u017enost ochutnat autentickou chu\u0165 star\u00fdch karibsk\u00fdch rum\u016f. Cellar Master spole\u010dnosti ne\u00fanavn\u011b cestuje regionem a hled\u00e1 skryt\u00e9\" \/>\n<meta property=\"og:url\" content=\"https:\/\/richter.ceo\/coxs\/produkt\/mezan-jamaica-barrique-xo\/\" \/>\n<meta property=\"og:site_name\" content=\"COXS CLUB\" \/>\n<meta property=\"article:publisher\" content=\"https:\/\/www.facebook.com\/profile.php?id=100088204002615\" \/>\n<meta property=\"og:image\" content=\"https:\/\/richter.ceo\/coxs\/wp-content\/uploads\/sites\/4\/2025\/05\/1406_extraoldbarriqueagedjamaicarum.jpg\" \/>\n\t<meta property=\"og:image:width\" content=\"600\" \/>\n\t<meta property=\"og:image:height\" content=\"711\" \/>\n\t<meta property=\"og:image:type\" content=\"image\/jpeg\" \/>\n<meta name=\"twitter:card\" content=\"summary_large_image\" \/>\n<meta name=\"twitter:label1\" content=\"Odhadovan\u00e1 doba \u010dten\u00ed\" \/>\n\t<meta name=\"twitter:data1\" content=\"1 minuta\" \/>\n<script type=\"application\/ld+json\" class=\"yoast-schema-graph\">{\"@context\":\"https:\\\/\\\/schema.org\",\"@graph\":[{\"@type\":\"WebPage\",\"@id\":\"https:\\\/\\\/richter.ceo\\\/coxs\\\/produkt\\\/mezan-jamaica-barrique-xo\\\/\",\"url\":\"https:\\\/\\\/richter.ceo\\\/coxs\\\/produkt\\\/mezan-jamaica-barrique-xo\\\/\",\"name\":\"Mezan Jamaica Barrique XO\",\"isPartOf\":{\"@id\":\"https:\\\/\\\/richter.ceo\\\/coxs\\\/en\\\/#website\"},\"primaryImageOfPage\":{\"@id\":\"https:\\\/\\\/richter.ceo\\\/coxs\\\/produkt\\\/mezan-jamaica-barrique-xo\\\/#primaryimage\"},\"image\":{\"@id\":\"https:\\\/\\\/richter.ceo\\\/coxs\\\/produkt\\\/mezan-jamaica-barrique-xo\\\/#primaryimage\"},\"thumbnailUrl\":\"https:\\\/\\\/richter.ceo\\\/coxs\\\/wp-content\\\/uploads\\\/sites\\\/4\\\/2025\\\/05\\\/1406_extraoldbarriqueagedjamaicarum.jpg\",\"datePublished\":\"2025-05-13T19:00:16+00:00\",\"description\":\"Archivn\u00ed rumy Mezan nab\u00edz\u00ed mo\u017enost ochutnat autentickou chu\u0165 star\u00fdch karibsk\u00fdch rum\u016f. Cellar Master spole\u010dnosti ne\u00fanavn\u011b cestuje regionem a hled\u00e1 skryt\u00e9\",\"breadcrumb\":{\"@id\":\"https:\\\/\\\/richter.ceo\\\/coxs\\\/produkt\\\/mezan-jamaica-barrique-xo\\\/#breadcrumb\"},\"inLanguage\":\"cs\",\"potentialAction\":[{\"@type\":\"ReadAction\",\"target\":[\"https:\\\/\\\/richter.ceo\\\/coxs\\\/produkt\\\/mezan-jamaica-barrique-xo\\\/\"]}]},{\"@type\":\"ImageObject\",\"inLanguage\":\"cs\",\"@id\":\"https:\\\/\\\/richter.ceo\\\/coxs\\\/produkt\\\/mezan-jamaica-barrique-xo\\\/#primaryimage\",\"url\":\"https:\\\/\\\/richter.ceo\\\/coxs\\\/wp-content\\\/uploads\\\/sites\\\/4\\\/2025\\\/05\\\/1406_extraoldbarriqueagedjamaicarum.jpg\",\"contentUrl\":\"https:\\\/\\\/richter.ceo\\\/coxs\\\/wp-content\\\/uploads\\\/sites\\\/4\\\/2025\\\/05\\\/1406_extraoldbarriqueagedjamaicarum.jpg\",\"width\":600,\"height\":711,\"caption\":\"COXS CLUB\"},{\"@type\":\"BreadcrumbList\",\"@id\":\"https:\\\/\\\/richter.ceo\\\/coxs\\\/produkt\\\/mezan-jamaica-barrique-xo\\\/#breadcrumb\",\"itemListElement\":[{\"@type\":\"ListItem\",\"position\":1,\"name\":\"Dom\u016f\",\"item\":\"https:\\\/\\\/richter.ceo\\\/coxs\\\/\"},{\"@type\":\"ListItem\",\"position\":2,\"name\":\"N\u00c1POJE\",\"item\":\"https:\\\/\\\/richter.ceo\\\/coxs\\\/en\\\/napoje\\\/\"},{\"@type\":\"ListItem\",\"position\":3,\"name\":\"Mezan Jamaica Barrique XO\"}]},{\"@type\":\"WebSite\",\"@id\":\"https:\\\/\\\/richter.ceo\\\/coxs\\\/en\\\/#website\",\"url\":\"https:\\\/\\\/richter.ceo\\\/coxs\\\/en\\\/\",\"name\":\"COXS CLUB\",\"description\":\"Beton a Rum\",\"publisher\":{\"@id\":\"https:\\\/\\\/richter.ceo\\\/coxs\\\/en\\\/#organization\"},\"potentialAction\":[{\"@type\":\"SearchAction\",\"target\":{\"@type\":\"EntryPoint\",\"urlTemplate\":\"https:\\\/\\\/richter.ceo\\\/coxs\\\/en\\\/?s={search_term_string}\"},\"query-input\":{\"@type\":\"PropertyValueSpecification\",\"valueRequired\":true,\"valueName\":\"search_term_string\"}}],\"inLanguage\":\"cs\"},{\"@type\":\"Organization\",\"@id\":\"https:\\\/\\\/richter.ceo\\\/coxs\\\/en\\\/#organization\",\"name\":\"COXS CLUB\",\"url\":\"https:\\\/\\\/richter.ceo\\\/coxs\\\/en\\\/\",\"logo\":{\"@type\":\"ImageObject\",\"inLanguage\":\"cs\",\"@id\":\"https:\\\/\\\/richter.ceo\\\/coxs\\\/en\\\/#\\\/schema\\\/logo\\\/image\\\/\",\"url\":\"http:\\\/\\\/richter.ceo\\\/coxs\\\/wp-content\\\/uploads\\\/sites\\\/4\\\/2025\\\/05\\\/FAVICON-dark.webp\",\"contentUrl\":\"http:\\\/\\\/richter.ceo\\\/coxs\\\/wp-content\\\/uploads\\\/sites\\\/4\\\/2025\\\/05\\\/FAVICON-dark.webp\",\"width\":512,\"height\":512,\"caption\":\"COXS CLUB\"},\"image\":{\"@id\":\"https:\\\/\\\/richter.ceo\\\/coxs\\\/en\\\/#\\\/schema\\\/logo\\\/image\\\/\"},\"sameAs\":[\"https:\\\/\\\/www.facebook.com\\\/profile.php?id=100088204002615\",\"https:\\\/\\\/www.instagram.com\\\/coxs_coxs\\\/\"]}]}<\/script>\n<!-- \/ Yoast SEO plugin. -->","yoast_head_json":{"title":"Mezan Jamaica Barrique XO","description":"Archivn\u00ed rumy Mezan nab\u00edz\u00ed mo\u017enost ochutnat autentickou chu\u0165 star\u00fdch karibsk\u00fdch rum\u016f. Cellar Master spole\u010dnosti ne\u00fanavn\u011b cestuje regionem a hled\u00e1 skryt\u00e9","robots":{"index":"index","follow":"follow","max-snippet":"max-snippet:-1","max-image-preview":"max-image-preview:large","max-video-preview":"max-video-preview:-1"},"canonical":"https:\/\/richter.ceo\/coxs\/produkt\/mezan-jamaica-barrique-xo\/","og_locale":"cs_CZ","og_type":"article","og_title":"Mezan Jamaica Barrique XO","og_description":"Archivn\u00ed rumy Mezan nab\u00edz\u00ed mo\u017enost ochutnat autentickou chu\u0165 star\u00fdch karibsk\u00fdch rum\u016f. Cellar Master spole\u010dnosti ne\u00fanavn\u011b cestuje regionem a hled\u00e1 skryt\u00e9","og_url":"https:\/\/richter.ceo\/coxs\/produkt\/mezan-jamaica-barrique-xo\/","og_site_name":"COXS CLUB","article_publisher":"https:\/\/www.facebook.com\/profile.php?id=100088204002615","og_image":[{"width":600,"height":711,"url":"https:\/\/richter.ceo\/coxs\/wp-content\/uploads\/sites\/4\/2025\/05\/1406_extraoldbarriqueagedjamaicarum.jpg","type":"image\/jpeg"}],"twitter_card":"summary_large_image","twitter_misc":{"Odhadovan\u00e1 doba \u010dten\u00ed":"1 minuta"},"schema":{"@context":"https:\/\/schema.org","@graph":[{"@type":"WebPage","@id":"https:\/\/richter.ceo\/coxs\/produkt\/mezan-jamaica-barrique-xo\/","url":"https:\/\/richter.ceo\/coxs\/produkt\/mezan-jamaica-barrique-xo\/","name":"Mezan Jamaica Barrique XO","isPartOf":{"@id":"https:\/\/richter.ceo\/coxs\/en\/#website"},"primaryImageOfPage":{"@id":"https:\/\/richter.ceo\/coxs\/produkt\/mezan-jamaica-barrique-xo\/#primaryimage"},"image":{"@id":"https:\/\/richter.ceo\/coxs\/produkt\/mezan-jamaica-barrique-xo\/#primaryimage"},"thumbnailUrl":"https:\/\/richter.ceo\/coxs\/wp-content\/uploads\/sites\/4\/2025\/05\/1406_extraoldbarriqueagedjamaicarum.jpg","datePublished":"2025-05-13T19:00:16+00:00","description":"Archivn\u00ed rumy Mezan nab\u00edz\u00ed mo\u017enost ochutnat autentickou chu\u0165 star\u00fdch karibsk\u00fdch rum\u016f. Cellar Master spole\u010dnosti ne\u00fanavn\u011b cestuje regionem a hled\u00e1 skryt\u00e9","breadcrumb":{"@id":"https:\/\/richter.ceo\/coxs\/produkt\/mezan-jamaica-barrique-xo\/#breadcrumb"},"inLanguage":"cs","potentialAction":[{"@type":"ReadAction","target":["https:\/\/richter.ceo\/coxs\/produkt\/mezan-jamaica-barrique-xo\/"]}]},{"@type":"ImageObject","inLanguage":"cs","@id":"https:\/\/richter.ceo\/coxs\/produkt\/mezan-jamaica-barrique-xo\/#primaryimage","url":"https:\/\/richter.ceo\/coxs\/wp-content\/uploads\/sites\/4\/2025\/05\/1406_extraoldbarriqueagedjamaicarum.jpg","contentUrl":"https:\/\/richter.ceo\/coxs\/wp-content\/uploads\/sites\/4\/2025\/05\/1406_extraoldbarriqueagedjamaicarum.jpg","width":600,"height":711,"caption":"COXS CLUB"},{"@type":"BreadcrumbList","@id":"https:\/\/richter.ceo\/coxs\/produkt\/mezan-jamaica-barrique-xo\/#breadcrumb","itemListElement":[{"@type":"ListItem","position":1,"name":"Dom\u016f","item":"https:\/\/richter.ceo\/coxs\/"},{"@type":"ListItem","position":2,"name":"N\u00c1POJE","item":"https:\/\/richter.ceo\/coxs\/en\/napoje\/"},{"@type":"ListItem","position":3,"name":"Mezan Jamaica Barrique XO"}]},{"@type":"WebSite","@id":"https:\/\/richter.ceo\/coxs\/en\/#website","url":"https:\/\/richter.ceo\/coxs\/en\/","name":"COXS CLUB","description":"Beton a Rum","publisher":{"@id":"https:\/\/richter.ceo\/coxs\/en\/#organization"},"potentialAction":[{"@type":"SearchAction","target":{"@type":"EntryPoint","urlTemplate":"https:\/\/richter.ceo\/coxs\/en\/?s={search_term_string}"},"query-input":{"@type":"PropertyValueSpecification","valueRequired":true,"valueName":"search_term_string"}}],"inLanguage":"cs"},{"@type":"Organization","@id":"https:\/\/richter.ceo\/coxs\/en\/#organization","name":"COXS CLUB","url":"https:\/\/richter.ceo\/coxs\/en\/","logo":{"@type":"ImageObject","inLanguage":"cs","@id":"https:\/\/richter.ceo\/coxs\/en\/#\/schema\/logo\/image\/","url":"http:\/\/richter.ceo\/coxs\/wp-content\/uploads\/sites\/4\/2025\/05\/FAVICON-dark.webp","contentUrl":"http:\/\/richter.ceo\/coxs\/wp-content\/uploads\/sites\/4\/2025\/05\/FAVICON-dark.webp","width":512,"height":512,"caption":"COXS CLUB"},"image":{"@id":"https:\/\/richter.ceo\/coxs\/en\/#\/schema\/logo\/image\/"},"sameAs":["https:\/\/www.facebook.com\/profile.php?id=100088204002615","https:\/\/www.instagram.com\/coxs_coxs\/"]}]}},"_links":{"self":[{"href":"https:\/\/richter.ceo\/coxs\/wp-json\/wp\/v2\/product\/1156","targetHints":{"allow":["GET"]}}],"collection":[{"href":"https:\/\/richter.ceo\/coxs\/wp-json\/wp\/v2\/product"}],"about":[{"href":"https:\/\/richter.ceo\/coxs\/wp-json\/wp\/v2\/types\/product"}],"wp:featuredmedia":[{"embeddable":true,"href":"https:\/\/richter.ceo\/coxs\/wp-json\/wp\/v2\/media\/1045"}],"wp:attachment":[{"href":"https:\/\/richter.ceo\/coxs\/wp-json\/wp\/v2\/media?parent=1156"}],"wp:term":[{"taxonomy":"product_brand","embeddable":true,"href":"https:\/\/richter.ceo\/coxs\/wp-json\/wp\/v2\/product_brand?post=1156"},{"taxonomy":"product_cat","embeddable":true,"href":"https:\/\/richter.ceo\/coxs\/wp-json\/wp\/v2\/product_cat?post=1156"},{"taxonomy":"product_tag","embeddable":true,"href":"https:\/\/richter.ceo\/coxs\/wp-json\/wp\/v2\/product_tag?post=1156"}],"curies":[{"name":"wp","href":"https:\/\/api.w.org\/{rel}","templated":true}]}}