{"id":1158,"date":"2025-05-13T21:04:31","date_gmt":"2025-05-13T19:04:31","guid":{"rendered":"https:\/\/richter.ceo\/coxs\/?post_type=product&#038;p=1158"},"modified":"2025-05-13T21:04:32","modified_gmt":"2025-05-13T19:04:32","slug":"navy-island-navy-strength","status":"publish","type":"product","link":"https:\/\/richter.ceo\/coxs\/produkt\/navy-island-navy-strength\/","title":{"rendered":"Navy Island Navy Strength"},"content":{"rendered":"<div class=\"elementor-column elementor-col-50 elementor-inner-column elementor-element elementor-element-df5ea97\" data-id=\"df5ea97\" data-element_type=\"column\">\n<div class=\"elementor-widget-wrap elementor-element-populated\">\n<div class=\"elementor-element elementor-element-5f45f876 elementor-widget elementor-widget-woocommerce-product-short-description\" data-id=\"5f45f876\" data-element_type=\"widget\" data-widget_type=\"woocommerce-product-short-description.default\">\n<div class=\"elementor-widget-container\">\n<div class=\"woocommerce-product-details__short-description\">\n<p>Navy Island Navy Strength je 100% kotl\u00edkov\u00fd rum vyroben\u00fd z 11 vybran\u00fdch malos\u00e9riov\u00fdch rum\u016f r\u016fzn\u00e9ho st\u00e1\u0159\u00ed. Rumy poch\u00e1z\u00ed z 3 tradi\u010dn\u00edch jamajsk\u00fdch pal\u00edren. Rum byl lahvov\u00e1n p\u0159i vy\u0161\u0161\u00ed tzv. n\u00e1mo\u0159nick\u00e9 s\u00edle 57 % a nab\u00edz\u00ed tak intenzivn\u00ed chu\u0165 a z\u00e1\u017eitek. P\u0159edstavuje \u010dist\u011b kotl\u00edkov\u00fd rum s vysok\u00fdm pod\u00edlem ester\u016f, bez p\u0159idan\u00e9ho cukru \u010di jin\u00fdch aditiv. Rum je intenzivn\u011b aromatick\u00fd. Skv\u011ble vyv\u00e1\u017een\u00e9 t\u00f3ny zral\u00e9ho ovoce, ban\u00e1n\u016f a stopami vanilky. T\u011b\u017ek\u00fd rum s pln\u00fdm t\u011blem a dlouh\u00fdm, hlubok\u00fdm a vyv\u00e1\u017een\u00fdm z\u00e1v\u011brem. Ide\u00e1ln\u00ed \u010dist\u00fd nebo na ledu. Je tak\u00e9 skv\u011bl\u00fdm z\u00e1kladem pro siln\u011bj\u0161\u00ed rumov\u00e9 koktejly, nap\u0159\u00edklad Mai Tai. Ozna\u010den\u00ed Navy Strength P\u0159ed rokem 1816, kdy byl vynalezen p\u0159\u00edstroj pro m\u011b\u0159en\u00ed alkoholu, m\u011bli n\u00e1mo\u0159n\u00edci ve zvyku \u201eov\u011b\u0159ovat\u201c s\u00edlu rumu tak, \u017ee j\u00edm polili st\u0159eln\u00fd prach, kter\u00fd n\u00e1sledn\u011b zkusili pomoc\u00ed lupy a slune\u010dn\u00edho sv\u011btla zap\u00e1lit. Pokud za\u010dal ho\u0159et, bylo jasn\u00e9, \u017ee m\u00e1 rum minim\u00e1ln\u011b 57 procent alkoholu (neboli \u017ee je tzv. 100 proof). Pokud ho\u0159et neza\u010dal, byl rum \u0159ed\u011bn\u00fd.<\/p>\n<\/div>\n<\/div>\n<\/div>\n<\/div>\n<\/div>\n","protected":false},"excerpt":{"rendered":"<p>Navy Island Navy Strength je 100% kotl\u00edkov\u00fd rum vyroben\u00fd z 11 vybran\u00fdch malos\u00e9riov\u00fdch rum\u016f r\u016fzn\u00e9ho st\u00e1\u0159\u00ed. Rumy poch\u00e1z\u00ed z 3 tradi\u010dn\u00edch jamajsk\u00fdch pal\u00edren. Rum byl lahvov\u00e1n p\u0159i vy\u0161\u0161\u00ed tzv. n\u00e1mo\u0159nick\u00e9 s\u00edle 57 % a nab\u00edz\u00ed tak intenzivn\u00ed chu\u0165 a z\u00e1\u017eitek. P\u0159edstavuje \u010dist\u011b kotl\u00edkov\u00fd rum s vysok\u00fdm pod\u00edlem ester\u016f, bez p\u0159idan\u00e9ho cukru \u010di jin\u00fdch aditiv. Rum [&hellip;]<\/p>\n","protected":false},"featured_media":1066,"template":"","meta":{"_acf_changed":false},"product_brand":[156],"product_cat":[117],"product_tag":[],"class_list":{"0":"post-1158","1":"product","2":"type-product","3":"status-publish","4":"has-post-thumbnail","6":"product_brand-navy-island","7":"product_cat-rum","8":"pa_cena-za-004-l","9":"pa_obsah-alkoholu-157","10":"pa_zeme-jamajka","12":"first","13":"instock","14":"shipping-taxable","15":"purchasable","16":"product-type-simple"},"acf":[],"yoast_head":"<!-- This site is optimized with the Yoast SEO plugin v27.5 - https:\/\/yoast.com\/product\/yoast-seo-wordpress\/ -->\n<title>Navy Island Navy Strength<\/title>\n<meta name=\"description\" content=\"Navy Island Navy Strength je 100% kotl\u00edkov\u00fd rum vyroben\u00fd z 11 vybran\u00fdch malos\u00e9riov\u00fdch rum\u016f r\u016fzn\u00e9ho st\u00e1\u0159\u00ed. Rumy poch\u00e1z\u00ed z 3 tradi\u010dn\u00edch jamajsk\u00fdch pal\u00edren.\" \/>\n<meta name=\"robots\" content=\"index, follow, max-snippet:-1, max-image-preview:large, max-video-preview:-1\" \/>\n<link rel=\"canonical\" href=\"https:\/\/richter.ceo\/coxs\/product\/navy-island-navy-strength\/\" \/>\n<meta property=\"og:locale\" content=\"cs_CZ\" \/>\n<meta property=\"og:type\" content=\"article\" \/>\n<meta property=\"og:title\" content=\"Navy Island Navy Strength\" \/>\n<meta property=\"og:description\" content=\"Navy Island Navy Strength je 100% kotl\u00edkov\u00fd rum vyroben\u00fd z 11 vybran\u00fdch malos\u00e9riov\u00fdch rum\u016f r\u016fzn\u00e9ho st\u00e1\u0159\u00ed. Rumy poch\u00e1z\u00ed z 3 tradi\u010dn\u00edch jamajsk\u00fdch pal\u00edren.\" \/>\n<meta property=\"og:url\" content=\"https:\/\/richter.ceo\/coxs\/product\/navy-island-navy-strength\/\" \/>\n<meta property=\"og:site_name\" content=\"COXS CLUB\" \/>\n<meta property=\"article:publisher\" content=\"https:\/\/www.facebook.com\/profile.php?id=100088204002615\" \/>\n<meta property=\"article:modified_time\" content=\"2025-05-13T19:04:32+00:00\" \/>\n<meta property=\"og:image\" content=\"https:\/\/richter.ceo\/coxs\/wp-content\/uploads\/sites\/4\/2025\/05\/2660_navy_island_navy_strength_bottle_1.png\" \/>\n\t<meta property=\"og:image:width\" content=\"600\" \/>\n\t<meta property=\"og:image:height\" content=\"711\" \/>\n\t<meta property=\"og:image:type\" content=\"image\/png\" \/>\n<meta name=\"twitter:card\" content=\"summary_large_image\" \/>\n<meta name=\"twitter:label1\" content=\"Odhadovan\u00e1 doba \u010dten\u00ed\" \/>\n\t<meta name=\"twitter:data1\" content=\"1 minuta\" \/>\n<script type=\"application\/ld+json\" class=\"yoast-schema-graph\">{\"@context\":\"https:\\\/\\\/schema.org\",\"@graph\":[{\"@type\":\"WebPage\",\"@id\":\"https:\\\/\\\/richter.ceo\\\/coxs\\\/en\\\/product\\\/navy-island-navy-strength\\\/\",\"url\":\"https:\\\/\\\/richter.ceo\\\/coxs\\\/en\\\/product\\\/navy-island-navy-strength\\\/\",\"name\":\"Navy Island Navy Strength\",\"isPartOf\":{\"@id\":\"https:\\\/\\\/richter.ceo\\\/coxs\\\/en\\\/#website\"},\"primaryImageOfPage\":{\"@id\":\"https:\\\/\\\/richter.ceo\\\/coxs\\\/en\\\/product\\\/navy-island-navy-strength\\\/#primaryimage\"},\"image\":{\"@id\":\"https:\\\/\\\/richter.ceo\\\/coxs\\\/en\\\/product\\\/navy-island-navy-strength\\\/#primaryimage\"},\"thumbnailUrl\":\"https:\\\/\\\/richter.ceo\\\/coxs\\\/wp-content\\\/uploads\\\/sites\\\/4\\\/2025\\\/05\\\/2660_navy_island_navy_strength_bottle_1.png\",\"datePublished\":\"2025-05-13T19:04:31+00:00\",\"dateModified\":\"2025-05-13T19:04:32+00:00\",\"description\":\"Navy Island Navy Strength je 100% kotl\u00edkov\u00fd rum vyroben\u00fd z 11 vybran\u00fdch malos\u00e9riov\u00fdch rum\u016f r\u016fzn\u00e9ho st\u00e1\u0159\u00ed. Rumy poch\u00e1z\u00ed z 3 tradi\u010dn\u00edch jamajsk\u00fdch pal\u00edren.\",\"breadcrumb\":{\"@id\":\"https:\\\/\\\/richter.ceo\\\/coxs\\\/en\\\/product\\\/navy-island-navy-strength\\\/#breadcrumb\"},\"inLanguage\":\"cs\",\"potentialAction\":[{\"@type\":\"ReadAction\",\"target\":[\"https:\\\/\\\/richter.ceo\\\/coxs\\\/en\\\/product\\\/navy-island-navy-strength\\\/\"]}]},{\"@type\":\"ImageObject\",\"inLanguage\":\"cs\",\"@id\":\"https:\\\/\\\/richter.ceo\\\/coxs\\\/en\\\/product\\\/navy-island-navy-strength\\\/#primaryimage\",\"url\":\"https:\\\/\\\/richter.ceo\\\/coxs\\\/wp-content\\\/uploads\\\/sites\\\/4\\\/2025\\\/05\\\/2660_navy_island_navy_strength_bottle_1.png\",\"contentUrl\":\"https:\\\/\\\/richter.ceo\\\/coxs\\\/wp-content\\\/uploads\\\/sites\\\/4\\\/2025\\\/05\\\/2660_navy_island_navy_strength_bottle_1.png\",\"width\":600,\"height\":711,\"caption\":\"COXS CLUB\"},{\"@type\":\"BreadcrumbList\",\"@id\":\"https:\\\/\\\/richter.ceo\\\/coxs\\\/en\\\/product\\\/navy-island-navy-strength\\\/#breadcrumb\",\"itemListElement\":[{\"@type\":\"ListItem\",\"position\":1,\"name\":\"Dom\u016f\",\"item\":\"https:\\\/\\\/richter.ceo\\\/coxs\\\/\"},{\"@type\":\"ListItem\",\"position\":2,\"name\":\"N\u00c1POJE\",\"item\":\"https:\\\/\\\/richter.ceo\\\/coxs\\\/en\\\/napoje\\\/\"},{\"@type\":\"ListItem\",\"position\":3,\"name\":\"Navy Island Navy Strength\"}]},{\"@type\":\"WebSite\",\"@id\":\"https:\\\/\\\/richter.ceo\\\/coxs\\\/en\\\/#website\",\"url\":\"https:\\\/\\\/richter.ceo\\\/coxs\\\/en\\\/\",\"name\":\"COXS CLUB\",\"description\":\"Beton a Rum\",\"publisher\":{\"@id\":\"https:\\\/\\\/richter.ceo\\\/coxs\\\/en\\\/#organization\"},\"potentialAction\":[{\"@type\":\"SearchAction\",\"target\":{\"@type\":\"EntryPoint\",\"urlTemplate\":\"https:\\\/\\\/richter.ceo\\\/coxs\\\/en\\\/?s={search_term_string}\"},\"query-input\":{\"@type\":\"PropertyValueSpecification\",\"valueRequired\":true,\"valueName\":\"search_term_string\"}}],\"inLanguage\":\"cs\"},{\"@type\":\"Organization\",\"@id\":\"https:\\\/\\\/richter.ceo\\\/coxs\\\/en\\\/#organization\",\"name\":\"COXS CLUB\",\"url\":\"https:\\\/\\\/richter.ceo\\\/coxs\\\/en\\\/\",\"logo\":{\"@type\":\"ImageObject\",\"inLanguage\":\"cs\",\"@id\":\"https:\\\/\\\/richter.ceo\\\/coxs\\\/en\\\/#\\\/schema\\\/logo\\\/image\\\/\",\"url\":\"http:\\\/\\\/richter.ceo\\\/coxs\\\/wp-content\\\/uploads\\\/sites\\\/4\\\/2025\\\/05\\\/FAVICON-dark.webp\",\"contentUrl\":\"http:\\\/\\\/richter.ceo\\\/coxs\\\/wp-content\\\/uploads\\\/sites\\\/4\\\/2025\\\/05\\\/FAVICON-dark.webp\",\"width\":512,\"height\":512,\"caption\":\"COXS CLUB\"},\"image\":{\"@id\":\"https:\\\/\\\/richter.ceo\\\/coxs\\\/en\\\/#\\\/schema\\\/logo\\\/image\\\/\"},\"sameAs\":[\"https:\\\/\\\/www.facebook.com\\\/profile.php?id=100088204002615\",\"https:\\\/\\\/www.instagram.com\\\/coxs_coxs\\\/\"]}]}<\/script>\n<!-- \/ Yoast SEO plugin. -->","yoast_head_json":{"title":"Navy Island Navy Strength","description":"Navy Island Navy Strength je 100% kotl\u00edkov\u00fd rum vyroben\u00fd z 11 vybran\u00fdch malos\u00e9riov\u00fdch rum\u016f r\u016fzn\u00e9ho st\u00e1\u0159\u00ed. Rumy poch\u00e1z\u00ed z 3 tradi\u010dn\u00edch jamajsk\u00fdch pal\u00edren.","robots":{"index":"index","follow":"follow","max-snippet":"max-snippet:-1","max-image-preview":"max-image-preview:large","max-video-preview":"max-video-preview:-1"},"canonical":"https:\/\/richter.ceo\/coxs\/product\/navy-island-navy-strength\/","og_locale":"cs_CZ","og_type":"article","og_title":"Navy Island Navy Strength","og_description":"Navy Island Navy Strength je 100% kotl\u00edkov\u00fd rum vyroben\u00fd z 11 vybran\u00fdch malos\u00e9riov\u00fdch rum\u016f r\u016fzn\u00e9ho st\u00e1\u0159\u00ed. Rumy poch\u00e1z\u00ed z 3 tradi\u010dn\u00edch jamajsk\u00fdch pal\u00edren.","og_url":"https:\/\/richter.ceo\/coxs\/product\/navy-island-navy-strength\/","og_site_name":"COXS CLUB","article_publisher":"https:\/\/www.facebook.com\/profile.php?id=100088204002615","article_modified_time":"2025-05-13T19:04:32+00:00","og_image":[{"width":600,"height":711,"url":"https:\/\/richter.ceo\/coxs\/wp-content\/uploads\/sites\/4\/2025\/05\/2660_navy_island_navy_strength_bottle_1.png","type":"image\/png"}],"twitter_card":"summary_large_image","twitter_misc":{"Odhadovan\u00e1 doba \u010dten\u00ed":"1 minuta"},"schema":{"@context":"https:\/\/schema.org","@graph":[{"@type":"WebPage","@id":"https:\/\/richter.ceo\/coxs\/en\/product\/navy-island-navy-strength\/","url":"https:\/\/richter.ceo\/coxs\/en\/product\/navy-island-navy-strength\/","name":"Navy Island Navy Strength","isPartOf":{"@id":"https:\/\/richter.ceo\/coxs\/en\/#website"},"primaryImageOfPage":{"@id":"https:\/\/richter.ceo\/coxs\/en\/product\/navy-island-navy-strength\/#primaryimage"},"image":{"@id":"https:\/\/richter.ceo\/coxs\/en\/product\/navy-island-navy-strength\/#primaryimage"},"thumbnailUrl":"https:\/\/richter.ceo\/coxs\/wp-content\/uploads\/sites\/4\/2025\/05\/2660_navy_island_navy_strength_bottle_1.png","datePublished":"2025-05-13T19:04:31+00:00","dateModified":"2025-05-13T19:04:32+00:00","description":"Navy Island Navy Strength je 100% kotl\u00edkov\u00fd rum vyroben\u00fd z 11 vybran\u00fdch malos\u00e9riov\u00fdch rum\u016f r\u016fzn\u00e9ho st\u00e1\u0159\u00ed. Rumy poch\u00e1z\u00ed z 3 tradi\u010dn\u00edch jamajsk\u00fdch pal\u00edren.","breadcrumb":{"@id":"https:\/\/richter.ceo\/coxs\/en\/product\/navy-island-navy-strength\/#breadcrumb"},"inLanguage":"cs","potentialAction":[{"@type":"ReadAction","target":["https:\/\/richter.ceo\/coxs\/en\/product\/navy-island-navy-strength\/"]}]},{"@type":"ImageObject","inLanguage":"cs","@id":"https:\/\/richter.ceo\/coxs\/en\/product\/navy-island-navy-strength\/#primaryimage","url":"https:\/\/richter.ceo\/coxs\/wp-content\/uploads\/sites\/4\/2025\/05\/2660_navy_island_navy_strength_bottle_1.png","contentUrl":"https:\/\/richter.ceo\/coxs\/wp-content\/uploads\/sites\/4\/2025\/05\/2660_navy_island_navy_strength_bottle_1.png","width":600,"height":711,"caption":"COXS CLUB"},{"@type":"BreadcrumbList","@id":"https:\/\/richter.ceo\/coxs\/en\/product\/navy-island-navy-strength\/#breadcrumb","itemListElement":[{"@type":"ListItem","position":1,"name":"Dom\u016f","item":"https:\/\/richter.ceo\/coxs\/"},{"@type":"ListItem","position":2,"name":"N\u00c1POJE","item":"https:\/\/richter.ceo\/coxs\/en\/napoje\/"},{"@type":"ListItem","position":3,"name":"Navy Island Navy Strength"}]},{"@type":"WebSite","@id":"https:\/\/richter.ceo\/coxs\/en\/#website","url":"https:\/\/richter.ceo\/coxs\/en\/","name":"COXS CLUB","description":"Beton a Rum","publisher":{"@id":"https:\/\/richter.ceo\/coxs\/en\/#organization"},"potentialAction":[{"@type":"SearchAction","target":{"@type":"EntryPoint","urlTemplate":"https:\/\/richter.ceo\/coxs\/en\/?s={search_term_string}"},"query-input":{"@type":"PropertyValueSpecification","valueRequired":true,"valueName":"search_term_string"}}],"inLanguage":"cs"},{"@type":"Organization","@id":"https:\/\/richter.ceo\/coxs\/en\/#organization","name":"COXS CLUB","url":"https:\/\/richter.ceo\/coxs\/en\/","logo":{"@type":"ImageObject","inLanguage":"cs","@id":"https:\/\/richter.ceo\/coxs\/en\/#\/schema\/logo\/image\/","url":"http:\/\/richter.ceo\/coxs\/wp-content\/uploads\/sites\/4\/2025\/05\/FAVICON-dark.webp","contentUrl":"http:\/\/richter.ceo\/coxs\/wp-content\/uploads\/sites\/4\/2025\/05\/FAVICON-dark.webp","width":512,"height":512,"caption":"COXS CLUB"},"image":{"@id":"https:\/\/richter.ceo\/coxs\/en\/#\/schema\/logo\/image\/"},"sameAs":["https:\/\/www.facebook.com\/profile.php?id=100088204002615","https:\/\/www.instagram.com\/coxs_coxs\/"]}]}},"_links":{"self":[{"href":"https:\/\/richter.ceo\/coxs\/wp-json\/wp\/v2\/product\/1158","targetHints":{"allow":["GET"]}}],"collection":[{"href":"https:\/\/richter.ceo\/coxs\/wp-json\/wp\/v2\/product"}],"about":[{"href":"https:\/\/richter.ceo\/coxs\/wp-json\/wp\/v2\/types\/product"}],"wp:featuredmedia":[{"embeddable":true,"href":"https:\/\/richter.ceo\/coxs\/wp-json\/wp\/v2\/media\/1066"}],"wp:attachment":[{"href":"https:\/\/richter.ceo\/coxs\/wp-json\/wp\/v2\/media?parent=1158"}],"wp:term":[{"taxonomy":"product_brand","embeddable":true,"href":"https:\/\/richter.ceo\/coxs\/wp-json\/wp\/v2\/product_brand?post=1158"},{"taxonomy":"product_cat","embeddable":true,"href":"https:\/\/richter.ceo\/coxs\/wp-json\/wp\/v2\/product_cat?post=1158"},{"taxonomy":"product_tag","embeddable":true,"href":"https:\/\/richter.ceo\/coxs\/wp-json\/wp\/v2\/product_tag?post=1158"}],"curies":[{"name":"wp","href":"https:\/\/api.w.org\/{rel}","templated":true}]}}