{"id":1161,"date":"2025-05-13T21:12:14","date_gmt":"2025-05-13T19:12:14","guid":{"rendered":"https:\/\/richter.ceo\/coxs\/?post_type=product&#038;p=1161"},"modified":"2025-05-13T21:15:11","modified_gmt":"2025-05-13T19:15:11","slug":"scheer-velier-11-y-o-tropical-aging","status":"publish","type":"product","link":"https:\/\/richter.ceo\/coxs\/produkt\/scheer-velier-11-y-o-tropical-aging\/","title":{"rendered":"Scheer-Velier 11 y.o. Tropical Aging"},"content":{"rendered":"<div class=\"elementor-column elementor-col-50 elementor-inner-column elementor-element elementor-element-df5ea97\" data-id=\"df5ea97\" data-element_type=\"column\">\n<div class=\"elementor-widget-wrap elementor-element-populated\">\n<div class=\"elementor-element elementor-element-5f45f876 elementor-widget elementor-widget-woocommerce-product-short-description\" data-id=\"5f45f876\" data-element_type=\"widget\" data-widget_type=\"woocommerce-product-short-description.default\">\n<div class=\"elementor-widget-container\">\n<div class=\"woocommerce-product-details__short-description\">\n<p>Extr\u00e9mn\u00ed a naprosto nekompromisn\u00ed rum, kter\u00fd zve k objeven\u00ed neuv\u011b\u0159iteln\u011b velk\u00e9 palety chut\u00ed a v\u016fn\u00ed. Co jin\u00e9ho taky od spole\u010dnosti Monymusk \u2013 z jamajsk\u00e9 pal\u00edrny Clarendon o\u010dek\u00e1vat? Jeho obsah 315,6 gram\u016f ester\u016f na hektolitr \u010dist\u00e9ho alkoholu je uk\u00e1zka nez\u00e1vislosti a originality jamajsk\u00fdch rum\u016f. Tato verze je v\u00fdsledek spojen\u00ed nez\u00e1visl\u00e9 st\u00e1\u010d\u00edrny Scheerem a italskou hv\u011bzdou Velier, kter\u00e9 vybrali a n\u00e1sledn\u011b nablendovali n\u011bkolikatery sudy. Dva byly destilov\u00e1ny v roce 2008 a deset v roce 2007. Aroma rumu je a\u017e neuv\u011b\u0159iteln\u011b ovocn\u00e9, pln\u00e9 t\u00f3n\u016f merun\u011bk, zral\u00fdch ban\u00e1n\u016f, bylinek a tab\u00e1ku. Chu\u0165 je siln\u00e1 a \u00fato\u010dn\u00e1. Dehet, kv\u011btiny, hrozny, sko\u0159ice a \u010dern\u00fd pep\u0159, to v\u0161e najdete v jednom dou\u0161ku tohoto rumu.<\/p>\n<\/div>\n<\/div>\n<\/div>\n<\/div>\n<\/div>\n","protected":false},"excerpt":{"rendered":"<p>Extr\u00e9mn\u00ed a naprosto nekompromisn\u00ed rum, kter\u00fd zve k objeven\u00ed neuv\u011b\u0159iteln\u011b velk\u00e9 palety chut\u00ed a v\u016fn\u00ed. Co jin\u00e9ho taky od spole\u010dnosti Monymusk \u2013 z jamajsk\u00e9 pal\u00edrny Clarendon o\u010dek\u00e1vat? Jeho obsah 315,6 gram\u016f ester\u016f na hektolitr \u010dist\u00e9ho alkoholu je uk\u00e1zka nez\u00e1vislosti a originality jamajsk\u00fdch rum\u016f. Tato verze je v\u00fdsledek spojen\u00ed nez\u00e1visl\u00e9 st\u00e1\u010d\u00edrny Scheerem a italskou hv\u011bzdou Velier, [&hellip;]<\/p>\n","protected":false},"featured_media":1071,"template":"","meta":{"_acf_changed":false},"product_brand":[163],"product_cat":[117],"product_tag":[],"class_list":{"0":"post-1161","1":"product","2":"type-product","3":"status-publish","4":"has-post-thumbnail","6":"product_brand-scheer-velier","7":"product_cat-rum","8":"pa_cena-za-004-l","9":"pa_obsah-alkoholu-691-2","10":"pa_zeme-jamajka","12":"first","13":"instock","14":"shipping-taxable","15":"purchasable","16":"product-type-simple"},"acf":[],"yoast_head":"<!-- This site is optimized with the Yoast SEO plugin v27.5 - https:\/\/yoast.com\/product\/yoast-seo-wordpress\/ -->\n<title>Scheer-Velier 11 y.o. Tropical Aging<\/title>\n<meta name=\"description\" content=\"Extr\u00e9mn\u00ed a naprosto nekompromisn\u00ed rum, kter\u00fd zve k objeven\u00ed neuv\u011b\u0159iteln\u011b velk\u00e9 palety chut\u00ed a v\u016fn\u00ed. Co jin\u00e9ho taky od spole\u010dnosti Monymusk \u2013 z jamajsk\u00e9\" \/>\n<meta name=\"robots\" content=\"index, follow, max-snippet:-1, max-image-preview:large, max-video-preview:-1\" \/>\n<link rel=\"canonical\" href=\"https:\/\/richter.ceo\/coxs\/product\/scheer-velier-11-y-o-tropical-aging\/\" \/>\n<meta property=\"og:locale\" content=\"cs_CZ\" \/>\n<meta property=\"og:type\" content=\"article\" \/>\n<meta property=\"og:title\" content=\"Scheer-Velier 11 y.o. Tropical Aging\" \/>\n<meta property=\"og:description\" content=\"Extr\u00e9mn\u00ed a naprosto nekompromisn\u00ed rum, kter\u00fd zve k objeven\u00ed neuv\u011b\u0159iteln\u011b velk\u00e9 palety chut\u00ed a v\u016fn\u00ed. Co jin\u00e9ho taky od spole\u010dnosti Monymusk \u2013 z jamajsk\u00e9\" \/>\n<meta property=\"og:url\" content=\"https:\/\/richter.ceo\/coxs\/product\/scheer-velier-11-y-o-tropical-aging\/\" \/>\n<meta property=\"og:site_name\" content=\"COXS CLUB\" \/>\n<meta property=\"article:publisher\" content=\"https:\/\/www.facebook.com\/profile.php?id=100088204002615\" \/>\n<meta property=\"article:modified_time\" content=\"2025-05-13T19:15:11+00:00\" \/>\n<meta property=\"og:image\" content=\"https:\/\/richter.ceo\/coxs\/wp-content\/uploads\/sites\/4\/2025\/05\/2882_scheer_velier_plummer_tropical_aging-1-864x1024-1.jpg\" \/>\n\t<meta property=\"og:image:width\" content=\"864\" \/>\n\t<meta property=\"og:image:height\" content=\"1024\" \/>\n\t<meta property=\"og:image:type\" content=\"image\/jpeg\" \/>\n<meta name=\"twitter:card\" content=\"summary_large_image\" \/>\n<meta name=\"twitter:label1\" content=\"Odhadovan\u00e1 doba \u010dten\u00ed\" \/>\n\t<meta name=\"twitter:data1\" content=\"1 minuta\" \/>\n<script type=\"application\/ld+json\" class=\"yoast-schema-graph\">{\"@context\":\"https:\\\/\\\/schema.org\",\"@graph\":[{\"@type\":\"WebPage\",\"@id\":\"https:\\\/\\\/richter.ceo\\\/coxs\\\/en\\\/product\\\/scheer-velier-11-y-o-tropical-aging\\\/\",\"url\":\"https:\\\/\\\/richter.ceo\\\/coxs\\\/en\\\/product\\\/scheer-velier-11-y-o-tropical-aging\\\/\",\"name\":\"Scheer-Velier 11 y.o. Tropical Aging\",\"isPartOf\":{\"@id\":\"https:\\\/\\\/richter.ceo\\\/coxs\\\/en\\\/#website\"},\"primaryImageOfPage\":{\"@id\":\"https:\\\/\\\/richter.ceo\\\/coxs\\\/en\\\/product\\\/scheer-velier-11-y-o-tropical-aging\\\/#primaryimage\"},\"image\":{\"@id\":\"https:\\\/\\\/richter.ceo\\\/coxs\\\/en\\\/product\\\/scheer-velier-11-y-o-tropical-aging\\\/#primaryimage\"},\"thumbnailUrl\":\"https:\\\/\\\/richter.ceo\\\/coxs\\\/wp-content\\\/uploads\\\/sites\\\/4\\\/2025\\\/05\\\/2882_scheer_velier_plummer_tropical_aging-1-864x1024-1.jpg\",\"datePublished\":\"2025-05-13T19:12:14+00:00\",\"dateModified\":\"2025-05-13T19:15:11+00:00\",\"description\":\"Extr\u00e9mn\u00ed a naprosto nekompromisn\u00ed rum, kter\u00fd zve k objeven\u00ed neuv\u011b\u0159iteln\u011b velk\u00e9 palety chut\u00ed a v\u016fn\u00ed. Co jin\u00e9ho taky od spole\u010dnosti Monymusk \u2013 z jamajsk\u00e9\",\"breadcrumb\":{\"@id\":\"https:\\\/\\\/richter.ceo\\\/coxs\\\/en\\\/product\\\/scheer-velier-11-y-o-tropical-aging\\\/#breadcrumb\"},\"inLanguage\":\"cs\",\"potentialAction\":[{\"@type\":\"ReadAction\",\"target\":[\"https:\\\/\\\/richter.ceo\\\/coxs\\\/en\\\/product\\\/scheer-velier-11-y-o-tropical-aging\\\/\"]}]},{\"@type\":\"ImageObject\",\"inLanguage\":\"cs\",\"@id\":\"https:\\\/\\\/richter.ceo\\\/coxs\\\/en\\\/product\\\/scheer-velier-11-y-o-tropical-aging\\\/#primaryimage\",\"url\":\"https:\\\/\\\/richter.ceo\\\/coxs\\\/wp-content\\\/uploads\\\/sites\\\/4\\\/2025\\\/05\\\/2882_scheer_velier_plummer_tropical_aging-1-864x1024-1.jpg\",\"contentUrl\":\"https:\\\/\\\/richter.ceo\\\/coxs\\\/wp-content\\\/uploads\\\/sites\\\/4\\\/2025\\\/05\\\/2882_scheer_velier_plummer_tropical_aging-1-864x1024-1.jpg\",\"width\":864,\"height\":1024,\"caption\":\"COXS CLUB\"},{\"@type\":\"BreadcrumbList\",\"@id\":\"https:\\\/\\\/richter.ceo\\\/coxs\\\/en\\\/product\\\/scheer-velier-11-y-o-tropical-aging\\\/#breadcrumb\",\"itemListElement\":[{\"@type\":\"ListItem\",\"position\":1,\"name\":\"Dom\u016f\",\"item\":\"https:\\\/\\\/richter.ceo\\\/coxs\\\/\"},{\"@type\":\"ListItem\",\"position\":2,\"name\":\"N\u00c1POJE\",\"item\":\"https:\\\/\\\/richter.ceo\\\/coxs\\\/en\\\/napoje\\\/\"},{\"@type\":\"ListItem\",\"position\":3,\"name\":\"Scheer-Velier 11 y.o. Tropical Aging\"}]},{\"@type\":\"WebSite\",\"@id\":\"https:\\\/\\\/richter.ceo\\\/coxs\\\/en\\\/#website\",\"url\":\"https:\\\/\\\/richter.ceo\\\/coxs\\\/en\\\/\",\"name\":\"COXS CLUB\",\"description\":\"Beton a Rum\",\"publisher\":{\"@id\":\"https:\\\/\\\/richter.ceo\\\/coxs\\\/en\\\/#organization\"},\"potentialAction\":[{\"@type\":\"SearchAction\",\"target\":{\"@type\":\"EntryPoint\",\"urlTemplate\":\"https:\\\/\\\/richter.ceo\\\/coxs\\\/en\\\/?s={search_term_string}\"},\"query-input\":{\"@type\":\"PropertyValueSpecification\",\"valueRequired\":true,\"valueName\":\"search_term_string\"}}],\"inLanguage\":\"cs\"},{\"@type\":\"Organization\",\"@id\":\"https:\\\/\\\/richter.ceo\\\/coxs\\\/en\\\/#organization\",\"name\":\"COXS CLUB\",\"url\":\"https:\\\/\\\/richter.ceo\\\/coxs\\\/en\\\/\",\"logo\":{\"@type\":\"ImageObject\",\"inLanguage\":\"cs\",\"@id\":\"https:\\\/\\\/richter.ceo\\\/coxs\\\/en\\\/#\\\/schema\\\/logo\\\/image\\\/\",\"url\":\"http:\\\/\\\/richter.ceo\\\/coxs\\\/wp-content\\\/uploads\\\/sites\\\/4\\\/2025\\\/05\\\/FAVICON-dark.webp\",\"contentUrl\":\"http:\\\/\\\/richter.ceo\\\/coxs\\\/wp-content\\\/uploads\\\/sites\\\/4\\\/2025\\\/05\\\/FAVICON-dark.webp\",\"width\":512,\"height\":512,\"caption\":\"COXS CLUB\"},\"image\":{\"@id\":\"https:\\\/\\\/richter.ceo\\\/coxs\\\/en\\\/#\\\/schema\\\/logo\\\/image\\\/\"},\"sameAs\":[\"https:\\\/\\\/www.facebook.com\\\/profile.php?id=100088204002615\",\"https:\\\/\\\/www.instagram.com\\\/coxs_coxs\\\/\"]}]}<\/script>\n<!-- \/ Yoast SEO plugin. -->","yoast_head_json":{"title":"Scheer-Velier 11 y.o. Tropical Aging","description":"Extr\u00e9mn\u00ed a naprosto nekompromisn\u00ed rum, kter\u00fd zve k objeven\u00ed neuv\u011b\u0159iteln\u011b velk\u00e9 palety chut\u00ed a v\u016fn\u00ed. Co jin\u00e9ho taky od spole\u010dnosti Monymusk \u2013 z jamajsk\u00e9","robots":{"index":"index","follow":"follow","max-snippet":"max-snippet:-1","max-image-preview":"max-image-preview:large","max-video-preview":"max-video-preview:-1"},"canonical":"https:\/\/richter.ceo\/coxs\/product\/scheer-velier-11-y-o-tropical-aging\/","og_locale":"cs_CZ","og_type":"article","og_title":"Scheer-Velier 11 y.o. Tropical Aging","og_description":"Extr\u00e9mn\u00ed a naprosto nekompromisn\u00ed rum, kter\u00fd zve k objeven\u00ed neuv\u011b\u0159iteln\u011b velk\u00e9 palety chut\u00ed a v\u016fn\u00ed. Co jin\u00e9ho taky od spole\u010dnosti Monymusk \u2013 z jamajsk\u00e9","og_url":"https:\/\/richter.ceo\/coxs\/product\/scheer-velier-11-y-o-tropical-aging\/","og_site_name":"COXS CLUB","article_publisher":"https:\/\/www.facebook.com\/profile.php?id=100088204002615","article_modified_time":"2025-05-13T19:15:11+00:00","og_image":[{"width":864,"height":1024,"url":"https:\/\/richter.ceo\/coxs\/wp-content\/uploads\/sites\/4\/2025\/05\/2882_scheer_velier_plummer_tropical_aging-1-864x1024-1.jpg","type":"image\/jpeg"}],"twitter_card":"summary_large_image","twitter_misc":{"Odhadovan\u00e1 doba \u010dten\u00ed":"1 minuta"},"schema":{"@context":"https:\/\/schema.org","@graph":[{"@type":"WebPage","@id":"https:\/\/richter.ceo\/coxs\/en\/product\/scheer-velier-11-y-o-tropical-aging\/","url":"https:\/\/richter.ceo\/coxs\/en\/product\/scheer-velier-11-y-o-tropical-aging\/","name":"Scheer-Velier 11 y.o. Tropical Aging","isPartOf":{"@id":"https:\/\/richter.ceo\/coxs\/en\/#website"},"primaryImageOfPage":{"@id":"https:\/\/richter.ceo\/coxs\/en\/product\/scheer-velier-11-y-o-tropical-aging\/#primaryimage"},"image":{"@id":"https:\/\/richter.ceo\/coxs\/en\/product\/scheer-velier-11-y-o-tropical-aging\/#primaryimage"},"thumbnailUrl":"https:\/\/richter.ceo\/coxs\/wp-content\/uploads\/sites\/4\/2025\/05\/2882_scheer_velier_plummer_tropical_aging-1-864x1024-1.jpg","datePublished":"2025-05-13T19:12:14+00:00","dateModified":"2025-05-13T19:15:11+00:00","description":"Extr\u00e9mn\u00ed a naprosto nekompromisn\u00ed rum, kter\u00fd zve k objeven\u00ed neuv\u011b\u0159iteln\u011b velk\u00e9 palety chut\u00ed a v\u016fn\u00ed. Co jin\u00e9ho taky od spole\u010dnosti Monymusk \u2013 z jamajsk\u00e9","breadcrumb":{"@id":"https:\/\/richter.ceo\/coxs\/en\/product\/scheer-velier-11-y-o-tropical-aging\/#breadcrumb"},"inLanguage":"cs","potentialAction":[{"@type":"ReadAction","target":["https:\/\/richter.ceo\/coxs\/en\/product\/scheer-velier-11-y-o-tropical-aging\/"]}]},{"@type":"ImageObject","inLanguage":"cs","@id":"https:\/\/richter.ceo\/coxs\/en\/product\/scheer-velier-11-y-o-tropical-aging\/#primaryimage","url":"https:\/\/richter.ceo\/coxs\/wp-content\/uploads\/sites\/4\/2025\/05\/2882_scheer_velier_plummer_tropical_aging-1-864x1024-1.jpg","contentUrl":"https:\/\/richter.ceo\/coxs\/wp-content\/uploads\/sites\/4\/2025\/05\/2882_scheer_velier_plummer_tropical_aging-1-864x1024-1.jpg","width":864,"height":1024,"caption":"COXS CLUB"},{"@type":"BreadcrumbList","@id":"https:\/\/richter.ceo\/coxs\/en\/product\/scheer-velier-11-y-o-tropical-aging\/#breadcrumb","itemListElement":[{"@type":"ListItem","position":1,"name":"Dom\u016f","item":"https:\/\/richter.ceo\/coxs\/"},{"@type":"ListItem","position":2,"name":"N\u00c1POJE","item":"https:\/\/richter.ceo\/coxs\/en\/napoje\/"},{"@type":"ListItem","position":3,"name":"Scheer-Velier 11 y.o. Tropical Aging"}]},{"@type":"WebSite","@id":"https:\/\/richter.ceo\/coxs\/en\/#website","url":"https:\/\/richter.ceo\/coxs\/en\/","name":"COXS CLUB","description":"Beton a Rum","publisher":{"@id":"https:\/\/richter.ceo\/coxs\/en\/#organization"},"potentialAction":[{"@type":"SearchAction","target":{"@type":"EntryPoint","urlTemplate":"https:\/\/richter.ceo\/coxs\/en\/?s={search_term_string}"},"query-input":{"@type":"PropertyValueSpecification","valueRequired":true,"valueName":"search_term_string"}}],"inLanguage":"cs"},{"@type":"Organization","@id":"https:\/\/richter.ceo\/coxs\/en\/#organization","name":"COXS CLUB","url":"https:\/\/richter.ceo\/coxs\/en\/","logo":{"@type":"ImageObject","inLanguage":"cs","@id":"https:\/\/richter.ceo\/coxs\/en\/#\/schema\/logo\/image\/","url":"http:\/\/richter.ceo\/coxs\/wp-content\/uploads\/sites\/4\/2025\/05\/FAVICON-dark.webp","contentUrl":"http:\/\/richter.ceo\/coxs\/wp-content\/uploads\/sites\/4\/2025\/05\/FAVICON-dark.webp","width":512,"height":512,"caption":"COXS CLUB"},"image":{"@id":"https:\/\/richter.ceo\/coxs\/en\/#\/schema\/logo\/image\/"},"sameAs":["https:\/\/www.facebook.com\/profile.php?id=100088204002615","https:\/\/www.instagram.com\/coxs_coxs\/"]}]}},"_links":{"self":[{"href":"https:\/\/richter.ceo\/coxs\/wp-json\/wp\/v2\/product\/1161","targetHints":{"allow":["GET"]}}],"collection":[{"href":"https:\/\/richter.ceo\/coxs\/wp-json\/wp\/v2\/product"}],"about":[{"href":"https:\/\/richter.ceo\/coxs\/wp-json\/wp\/v2\/types\/product"}],"wp:featuredmedia":[{"embeddable":true,"href":"https:\/\/richter.ceo\/coxs\/wp-json\/wp\/v2\/media\/1071"}],"wp:attachment":[{"href":"https:\/\/richter.ceo\/coxs\/wp-json\/wp\/v2\/media?parent=1161"}],"wp:term":[{"taxonomy":"product_brand","embeddable":true,"href":"https:\/\/richter.ceo\/coxs\/wp-json\/wp\/v2\/product_brand?post=1161"},{"taxonomy":"product_cat","embeddable":true,"href":"https:\/\/richter.ceo\/coxs\/wp-json\/wp\/v2\/product_cat?post=1161"},{"taxonomy":"product_tag","embeddable":true,"href":"https:\/\/richter.ceo\/coxs\/wp-json\/wp\/v2\/product_tag?post=1161"}],"curies":[{"name":"wp","href":"https:\/\/api.w.org\/{rel}","templated":true}]}}