{"id":1164,"date":"2025-05-13T21:20:03","date_gmt":"2025-05-13T19:20:03","guid":{"rendered":"https:\/\/richter.ceo\/coxs\/?post_type=product&#038;p=1164"},"modified":"2025-05-13T21:20:04","modified_gmt":"2025-05-13T19:20:04","slug":"worthy-park-109","status":"publish","type":"product","link":"https:\/\/richter.ceo\/coxs\/produkt\/worthy-park-109\/","title":{"rendered":"Worthy Park 109"},"content":{"rendered":"<p>Worthy Park Estate vyr\u00e1b\u00ed na Jamajce rum ji\u017e od roku 1740, v roce 1962 byla ale produkce do\u010dasn\u011b pozastavena. Pot\u00e9, co byla v roce 2004 postavena nov\u00e1 destilerie, p\u0159ich\u00e1z\u00ed na trh tento autentick\u00fd, jamajsk\u00fd rum poprv\u00e9 pod zna\u010dkou Worthy Park.<\/p>\n<p>&nbsp;<\/p>\n<p>Prvn\u00ed my\u0161lenka vytvo\u0159it tmav\u00fd rum o gunpowder s\u00edle se zrodila p\u0159ed p\u011bti lety, v\u00fdvoj fin\u00e1ln\u00edho blendu potom trval t\u00e9m\u011b\u0159 dva a p\u016fl roku. Inspirac\u00ed pro tento rum byl historick\u00fd odkaz siln\u00fdch tmav\u00fdch rum\u016f z Jamajky a Guyany, kter\u00e9 se v polovin\u011b 20. stolet\u00ed vyr\u00e1b\u011bly pro pou\u017eit\u00ed v m\u00edchan\u00fdch n\u00e1poj\u00edch, p\u0159edev\u0161\u00edm tiki koktejlech. Worthy Park se p\u0159i v\u00fdrob\u011b t\u00e9to edice sna\u017eil p\u0159ibl\u00ed\u017eit chuti t\u011bchto lehce pozapomenut\u00fdch rum\u016f a o\u017eivit tak jejich tradici.<\/p>\n<p>&nbsp;<\/p>\n<p>A\u010dkoli byl rum vyroben p\u0159edev\u0161\u00edm pro pou\u017eit\u00ed v koktejlech, d\u00edky intenzivn\u00ed bohat\u00e9 chuti vynikne i samotn\u00fd.<\/p>\n<p>&nbsp;<\/p>\n<div class=\"elementor-column elementor-col-50 elementor-inner-column elementor-element elementor-element-df5ea97\" data-id=\"df5ea97\" data-element_type=\"column\">\n<div class=\"elementor-widget-wrap elementor-element-populated\">\n<div class=\"elementor-element elementor-element-5f45f876 elementor-widget elementor-widget-woocommerce-product-short-description\" data-id=\"5f45f876\" data-element_type=\"widget\" data-widget_type=\"woocommerce-product-short-description.default\">\n<div class=\"elementor-widget-container\">\n<div class=\"woocommerce-product-details__short-description\">\n<p>Jde o blend rumu Worthy Park Light (s obsahem ester\u016f 80 a\u017e 120 g), kter\u00fd zr\u00e1l v sudech po dobu t\u0159\u00ed let, a nesta\u0159en\u00e9ho rumu Worthy Park Ester (s obsahem ester\u016f 500 a\u017e 800 g). Lahvov\u00e1n je p\u0159i s\u00edle 54,5 % a dobarvov\u00e1n karamelem.<\/p>\n<\/div>\n<\/div>\n<\/div>\n<\/div>\n<\/div>\n","protected":false},"excerpt":{"rendered":"<p>Worthy Park Estate vyr\u00e1b\u00ed na Jamajce rum ji\u017e od roku 1740, v roce 1962 byla ale produkce do\u010dasn\u011b pozastavena. Pot\u00e9, co byla v roce 2004 postavena nov\u00e1 destilerie, p\u0159ich\u00e1z\u00ed na trh tento autentick\u00fd, jamajsk\u00fd rum poprv\u00e9 pod zna\u010dkou Worthy Park. &nbsp; Prvn\u00ed my\u0161lenka vytvo\u0159it tmav\u00fd rum o gunpowder s\u00edle se zrodila p\u0159ed p\u011bti lety, v\u00fdvoj [&hellip;]<\/p>\n","protected":false},"featured_media":1082,"template":"","meta":{"_acf_changed":false},"product_brand":[84],"product_cat":[117],"product_tag":[],"class_list":{"0":"post-1164","1":"product","2":"type-product","3":"status-publish","4":"has-post-thumbnail","6":"product_brand-worthy-park","7":"product_cat-rum","8":"pa_cena-za-004-l","9":"pa_obsah-alkoholu-147","10":"pa_zeme-jamajka","12":"first","13":"instock","14":"shipping-taxable","15":"purchasable","16":"product-type-simple"},"acf":[],"yoast_head":"<!-- This site is optimized with the Yoast SEO plugin v27.5 - https:\/\/yoast.com\/product\/yoast-seo-wordpress\/ -->\n<title>Worthy Park 109<\/title>\n<meta name=\"description\" content=\"Worthy Park Estate vyr\u00e1b\u00ed na Jamajce rum ji\u017e od roku 1740, v roce 1962 byla ale produkce do\u010dasn\u011b pozastavena. Pot\u00e9, co byla v roce 2004 postavena nov\u00e1\" \/>\n<meta name=\"robots\" content=\"index, follow, max-snippet:-1, max-image-preview:large, max-video-preview:-1\" \/>\n<link rel=\"canonical\" href=\"https:\/\/richter.ceo\/coxs\/produkt\/worthy-park-109\/\" \/>\n<meta property=\"og:locale\" content=\"cs_CZ\" \/>\n<meta property=\"og:type\" content=\"article\" \/>\n<meta property=\"og:title\" content=\"Worthy Park 109\" \/>\n<meta property=\"og:description\" content=\"Worthy Park Estate vyr\u00e1b\u00ed na Jamajce rum ji\u017e od roku 1740, v roce 1962 byla ale produkce do\u010dasn\u011b pozastavena. Pot\u00e9, co byla v roce 2004 postavena nov\u00e1\" \/>\n<meta property=\"og:url\" content=\"https:\/\/richter.ceo\/coxs\/produkt\/worthy-park-109\/\" \/>\n<meta property=\"og:site_name\" content=\"COXS CLUB\" \/>\n<meta property=\"article:publisher\" content=\"https:\/\/www.facebook.com\/profile.php?id=100088204002615\" \/>\n<meta property=\"article:modified_time\" content=\"2025-05-13T19:20:04+00:00\" \/>\n<meta property=\"og:image\" content=\"https:\/\/richter.ceo\/coxs\/wp-content\/uploads\/sites\/4\/2025\/05\/3415_worthy_park_109.jpg\" \/>\n\t<meta property=\"og:image:width\" content=\"600\" \/>\n\t<meta property=\"og:image:height\" content=\"711\" \/>\n\t<meta property=\"og:image:type\" content=\"image\/jpeg\" \/>\n<meta name=\"twitter:card\" content=\"summary_large_image\" \/>\n<meta name=\"twitter:label1\" content=\"Odhadovan\u00e1 doba \u010dten\u00ed\" \/>\n\t<meta name=\"twitter:data1\" content=\"1 minuta\" \/>\n<script type=\"application\/ld+json\" class=\"yoast-schema-graph\">{\"@context\":\"https:\\\/\\\/schema.org\",\"@graph\":[{\"@type\":\"WebPage\",\"@id\":\"https:\\\/\\\/richter.ceo\\\/coxs\\\/produkt\\\/worthy-park-109\\\/\",\"url\":\"https:\\\/\\\/richter.ceo\\\/coxs\\\/produkt\\\/worthy-park-109\\\/\",\"name\":\"Worthy Park 109\",\"isPartOf\":{\"@id\":\"https:\\\/\\\/richter.ceo\\\/coxs\\\/en\\\/#website\"},\"primaryImageOfPage\":{\"@id\":\"https:\\\/\\\/richter.ceo\\\/coxs\\\/produkt\\\/worthy-park-109\\\/#primaryimage\"},\"image\":{\"@id\":\"https:\\\/\\\/richter.ceo\\\/coxs\\\/produkt\\\/worthy-park-109\\\/#primaryimage\"},\"thumbnailUrl\":\"https:\\\/\\\/richter.ceo\\\/coxs\\\/wp-content\\\/uploads\\\/sites\\\/4\\\/2025\\\/05\\\/3415_worthy_park_109.jpg\",\"datePublished\":\"2025-05-13T19:20:03+00:00\",\"dateModified\":\"2025-05-13T19:20:04+00:00\",\"description\":\"Worthy Park Estate vyr\u00e1b\u00ed na Jamajce rum ji\u017e od roku 1740, v roce 1962 byla ale produkce do\u010dasn\u011b pozastavena. Pot\u00e9, co byla v roce 2004 postavena nov\u00e1\",\"breadcrumb\":{\"@id\":\"https:\\\/\\\/richter.ceo\\\/coxs\\\/produkt\\\/worthy-park-109\\\/#breadcrumb\"},\"inLanguage\":\"cs\",\"potentialAction\":[{\"@type\":\"ReadAction\",\"target\":[\"https:\\\/\\\/richter.ceo\\\/coxs\\\/produkt\\\/worthy-park-109\\\/\"]}]},{\"@type\":\"ImageObject\",\"inLanguage\":\"cs\",\"@id\":\"https:\\\/\\\/richter.ceo\\\/coxs\\\/produkt\\\/worthy-park-109\\\/#primaryimage\",\"url\":\"https:\\\/\\\/richter.ceo\\\/coxs\\\/wp-content\\\/uploads\\\/sites\\\/4\\\/2025\\\/05\\\/3415_worthy_park_109.jpg\",\"contentUrl\":\"https:\\\/\\\/richter.ceo\\\/coxs\\\/wp-content\\\/uploads\\\/sites\\\/4\\\/2025\\\/05\\\/3415_worthy_park_109.jpg\",\"width\":600,\"height\":711,\"caption\":\"COXS CLUB\"},{\"@type\":\"BreadcrumbList\",\"@id\":\"https:\\\/\\\/richter.ceo\\\/coxs\\\/produkt\\\/worthy-park-109\\\/#breadcrumb\",\"itemListElement\":[{\"@type\":\"ListItem\",\"position\":1,\"name\":\"Dom\u016f\",\"item\":\"https:\\\/\\\/richter.ceo\\\/coxs\\\/\"},{\"@type\":\"ListItem\",\"position\":2,\"name\":\"N\u00c1POJE\",\"item\":\"https:\\\/\\\/richter.ceo\\\/coxs\\\/en\\\/napoje\\\/\"},{\"@type\":\"ListItem\",\"position\":3,\"name\":\"Worthy Park 109\"}]},{\"@type\":\"WebSite\",\"@id\":\"https:\\\/\\\/richter.ceo\\\/coxs\\\/en\\\/#website\",\"url\":\"https:\\\/\\\/richter.ceo\\\/coxs\\\/en\\\/\",\"name\":\"COXS CLUB\",\"description\":\"Beton a Rum\",\"publisher\":{\"@id\":\"https:\\\/\\\/richter.ceo\\\/coxs\\\/en\\\/#organization\"},\"potentialAction\":[{\"@type\":\"SearchAction\",\"target\":{\"@type\":\"EntryPoint\",\"urlTemplate\":\"https:\\\/\\\/richter.ceo\\\/coxs\\\/en\\\/?s={search_term_string}\"},\"query-input\":{\"@type\":\"PropertyValueSpecification\",\"valueRequired\":true,\"valueName\":\"search_term_string\"}}],\"inLanguage\":\"cs\"},{\"@type\":\"Organization\",\"@id\":\"https:\\\/\\\/richter.ceo\\\/coxs\\\/en\\\/#organization\",\"name\":\"COXS CLUB\",\"url\":\"https:\\\/\\\/richter.ceo\\\/coxs\\\/en\\\/\",\"logo\":{\"@type\":\"ImageObject\",\"inLanguage\":\"cs\",\"@id\":\"https:\\\/\\\/richter.ceo\\\/coxs\\\/en\\\/#\\\/schema\\\/logo\\\/image\\\/\",\"url\":\"http:\\\/\\\/richter.ceo\\\/coxs\\\/wp-content\\\/uploads\\\/sites\\\/4\\\/2025\\\/05\\\/FAVICON-dark.webp\",\"contentUrl\":\"http:\\\/\\\/richter.ceo\\\/coxs\\\/wp-content\\\/uploads\\\/sites\\\/4\\\/2025\\\/05\\\/FAVICON-dark.webp\",\"width\":512,\"height\":512,\"caption\":\"COXS CLUB\"},\"image\":{\"@id\":\"https:\\\/\\\/richter.ceo\\\/coxs\\\/en\\\/#\\\/schema\\\/logo\\\/image\\\/\"},\"sameAs\":[\"https:\\\/\\\/www.facebook.com\\\/profile.php?id=100088204002615\",\"https:\\\/\\\/www.instagram.com\\\/coxs_coxs\\\/\"]}]}<\/script>\n<!-- \/ Yoast SEO plugin. -->","yoast_head_json":{"title":"Worthy Park 109","description":"Worthy Park Estate vyr\u00e1b\u00ed na Jamajce rum ji\u017e od roku 1740, v roce 1962 byla ale produkce do\u010dasn\u011b pozastavena. Pot\u00e9, co byla v roce 2004 postavena nov\u00e1","robots":{"index":"index","follow":"follow","max-snippet":"max-snippet:-1","max-image-preview":"max-image-preview:large","max-video-preview":"max-video-preview:-1"},"canonical":"https:\/\/richter.ceo\/coxs\/produkt\/worthy-park-109\/","og_locale":"cs_CZ","og_type":"article","og_title":"Worthy Park 109","og_description":"Worthy Park Estate vyr\u00e1b\u00ed na Jamajce rum ji\u017e od roku 1740, v roce 1962 byla ale produkce do\u010dasn\u011b pozastavena. Pot\u00e9, co byla v roce 2004 postavena nov\u00e1","og_url":"https:\/\/richter.ceo\/coxs\/produkt\/worthy-park-109\/","og_site_name":"COXS CLUB","article_publisher":"https:\/\/www.facebook.com\/profile.php?id=100088204002615","article_modified_time":"2025-05-13T19:20:04+00:00","og_image":[{"width":600,"height":711,"url":"https:\/\/richter.ceo\/coxs\/wp-content\/uploads\/sites\/4\/2025\/05\/3415_worthy_park_109.jpg","type":"image\/jpeg"}],"twitter_card":"summary_large_image","twitter_misc":{"Odhadovan\u00e1 doba \u010dten\u00ed":"1 minuta"},"schema":{"@context":"https:\/\/schema.org","@graph":[{"@type":"WebPage","@id":"https:\/\/richter.ceo\/coxs\/produkt\/worthy-park-109\/","url":"https:\/\/richter.ceo\/coxs\/produkt\/worthy-park-109\/","name":"Worthy Park 109","isPartOf":{"@id":"https:\/\/richter.ceo\/coxs\/en\/#website"},"primaryImageOfPage":{"@id":"https:\/\/richter.ceo\/coxs\/produkt\/worthy-park-109\/#primaryimage"},"image":{"@id":"https:\/\/richter.ceo\/coxs\/produkt\/worthy-park-109\/#primaryimage"},"thumbnailUrl":"https:\/\/richter.ceo\/coxs\/wp-content\/uploads\/sites\/4\/2025\/05\/3415_worthy_park_109.jpg","datePublished":"2025-05-13T19:20:03+00:00","dateModified":"2025-05-13T19:20:04+00:00","description":"Worthy Park Estate vyr\u00e1b\u00ed na Jamajce rum ji\u017e od roku 1740, v roce 1962 byla ale produkce do\u010dasn\u011b pozastavena. Pot\u00e9, co byla v roce 2004 postavena nov\u00e1","breadcrumb":{"@id":"https:\/\/richter.ceo\/coxs\/produkt\/worthy-park-109\/#breadcrumb"},"inLanguage":"cs","potentialAction":[{"@type":"ReadAction","target":["https:\/\/richter.ceo\/coxs\/produkt\/worthy-park-109\/"]}]},{"@type":"ImageObject","inLanguage":"cs","@id":"https:\/\/richter.ceo\/coxs\/produkt\/worthy-park-109\/#primaryimage","url":"https:\/\/richter.ceo\/coxs\/wp-content\/uploads\/sites\/4\/2025\/05\/3415_worthy_park_109.jpg","contentUrl":"https:\/\/richter.ceo\/coxs\/wp-content\/uploads\/sites\/4\/2025\/05\/3415_worthy_park_109.jpg","width":600,"height":711,"caption":"COXS CLUB"},{"@type":"BreadcrumbList","@id":"https:\/\/richter.ceo\/coxs\/produkt\/worthy-park-109\/#breadcrumb","itemListElement":[{"@type":"ListItem","position":1,"name":"Dom\u016f","item":"https:\/\/richter.ceo\/coxs\/"},{"@type":"ListItem","position":2,"name":"N\u00c1POJE","item":"https:\/\/richter.ceo\/coxs\/en\/napoje\/"},{"@type":"ListItem","position":3,"name":"Worthy Park 109"}]},{"@type":"WebSite","@id":"https:\/\/richter.ceo\/coxs\/en\/#website","url":"https:\/\/richter.ceo\/coxs\/en\/","name":"COXS CLUB","description":"Beton a Rum","publisher":{"@id":"https:\/\/richter.ceo\/coxs\/en\/#organization"},"potentialAction":[{"@type":"SearchAction","target":{"@type":"EntryPoint","urlTemplate":"https:\/\/richter.ceo\/coxs\/en\/?s={search_term_string}"},"query-input":{"@type":"PropertyValueSpecification","valueRequired":true,"valueName":"search_term_string"}}],"inLanguage":"cs"},{"@type":"Organization","@id":"https:\/\/richter.ceo\/coxs\/en\/#organization","name":"COXS CLUB","url":"https:\/\/richter.ceo\/coxs\/en\/","logo":{"@type":"ImageObject","inLanguage":"cs","@id":"https:\/\/richter.ceo\/coxs\/en\/#\/schema\/logo\/image\/","url":"http:\/\/richter.ceo\/coxs\/wp-content\/uploads\/sites\/4\/2025\/05\/FAVICON-dark.webp","contentUrl":"http:\/\/richter.ceo\/coxs\/wp-content\/uploads\/sites\/4\/2025\/05\/FAVICON-dark.webp","width":512,"height":512,"caption":"COXS CLUB"},"image":{"@id":"https:\/\/richter.ceo\/coxs\/en\/#\/schema\/logo\/image\/"},"sameAs":["https:\/\/www.facebook.com\/profile.php?id=100088204002615","https:\/\/www.instagram.com\/coxs_coxs\/"]}]}},"_links":{"self":[{"href":"https:\/\/richter.ceo\/coxs\/wp-json\/wp\/v2\/product\/1164","targetHints":{"allow":["GET"]}}],"collection":[{"href":"https:\/\/richter.ceo\/coxs\/wp-json\/wp\/v2\/product"}],"about":[{"href":"https:\/\/richter.ceo\/coxs\/wp-json\/wp\/v2\/types\/product"}],"wp:featuredmedia":[{"embeddable":true,"href":"https:\/\/richter.ceo\/coxs\/wp-json\/wp\/v2\/media\/1082"}],"wp:attachment":[{"href":"https:\/\/richter.ceo\/coxs\/wp-json\/wp\/v2\/media?parent=1164"}],"wp:term":[{"taxonomy":"product_brand","embeddable":true,"href":"https:\/\/richter.ceo\/coxs\/wp-json\/wp\/v2\/product_brand?post=1164"},{"taxonomy":"product_cat","embeddable":true,"href":"https:\/\/richter.ceo\/coxs\/wp-json\/wp\/v2\/product_cat?post=1164"},{"taxonomy":"product_tag","embeddable":true,"href":"https:\/\/richter.ceo\/coxs\/wp-json\/wp\/v2\/product_tag?post=1164"}],"curies":[{"name":"wp","href":"https:\/\/api.w.org\/{rel}","templated":true}]}}