{"id":1173,"date":"2025-05-13T21:31:25","date_gmt":"2025-05-13T19:31:25","guid":{"rendered":"https:\/\/richter.ceo\/coxs\/?post_type=product&#038;p=1173"},"modified":"2025-05-13T21:31:26","modified_gmt":"2025-05-13T19:31:26","slug":"botran-reserva-15","status":"publish","type":"product","link":"https:\/\/richter.ceo\/coxs\/produkt\/botran-reserva-15\/","title":{"rendered":"Botran Reserva 15"},"content":{"rendered":"<div class=\"elementor-column elementor-col-50 elementor-inner-column elementor-element elementor-element-df5ea97\" data-id=\"df5ea97\" data-element_type=\"column\">\n<div class=\"elementor-widget-wrap elementor-element-populated\">\n<div class=\"elementor-element elementor-element-5f45f876 elementor-widget elementor-widget-woocommerce-product-short-description\" data-id=\"5f45f876\" data-element_type=\"widget\" data-widget_type=\"woocommerce-product-short-description.default\">\n<div class=\"elementor-widget-container\">\n<div class=\"woocommerce-product-details__short-description\">\n<p>Tento rum zraje 5 a\u017e 15 let v unik\u00e1tn\u00ed verzi syst\u00e9mu solera, kter\u00fd kombinuje nevyp\u00e1len\u00e9 a vyp\u00e1len\u00e9 sudy po americk\u00e9 whiskey, sudy, kde d\u0159\u00edve zr\u00e1lo sherry, a sudy, ve kter\u00fdch bylo ulo\u017eeno portsk\u00e9 v\u00edno. M\u00e1 komplexn\u00ed a v\u00fdrazn\u00e9 aroma vyp\u00e1len\u00e9ho d\u0159eva s jemn\u00fdm dotekem vanilky v pozad\u00ed, kde se d\u00e1le objevuje i zelen\u00e9 jablko, su\u0161en\u00e9 brusinky, citronov\u00e1 k\u016fra, su\u0161en\u00fd pomeran\u010d a ko\u0159en\u00ed. Je to sv\u016fdn\u00fd, such\u00fd a na pat\u0159e v\u00fdbu\u0161n\u00fd rum. V chuti se dokonale dopl\u0148uj\u00ed t\u00f3ny d\u0159eva ze sud\u016f, kandovan\u00e9 ovoce, t\u0159e\u0161n\u011b, zral\u00e9 ovoce a ko\u0159en\u00ed, jako je h\u0159eb\u00ed\u010dek. M\u00e1 dlouh\u00e9 a vyzr\u00e1l\u00e9 zakon\u010den\u00ed.<\/p>\n<\/div>\n<\/div>\n<\/div>\n<\/div>\n<\/div>\n","protected":false},"excerpt":{"rendered":"<p>Tento rum zraje 5 a\u017e 15 let v unik\u00e1tn\u00ed verzi syst\u00e9mu solera, kter\u00fd kombinuje nevyp\u00e1len\u00e9 a vyp\u00e1len\u00e9 sudy po americk\u00e9 whiskey, sudy, kde d\u0159\u00edve zr\u00e1lo sherry, a sudy, ve kter\u00fdch bylo ulo\u017eeno portsk\u00e9 v\u00edno. M\u00e1 komplexn\u00ed a v\u00fdrazn\u00e9 aroma vyp\u00e1len\u00e9ho d\u0159eva s jemn\u00fdm dotekem vanilky v pozad\u00ed, kde se d\u00e1le objevuje i zelen\u00e9 jablko, su\u0161en\u00e9 [&hellip;]<\/p>\n","protected":false},"featured_media":1170,"template":"","meta":{"_acf_changed":false},"product_brand":[167],"product_cat":[117],"product_tag":[],"class_list":{"0":"post-1173","1":"product","2":"type-product","3":"status-publish","4":"has-post-thumbnail","6":"product_brand-botran","7":"product_cat-rum","8":"pa_cena-za-004-l","9":"pa_obsah-alkoholu-21","10":"pa_zeme-guatemala","12":"first","13":"instock","14":"shipping-taxable","15":"purchasable","16":"product-type-simple"},"acf":[],"yoast_head":"<!-- This site is optimized with the Yoast SEO plugin v27.5 - https:\/\/yoast.com\/product\/yoast-seo-wordpress\/ -->\n<title>Botran Reserva 15<\/title>\n<meta name=\"description\" content=\"Tento rum zraje 5 a\u017e 15 let v unik\u00e1tn\u00ed verzi syst\u00e9mu solera, kter\u00fd kombinuje nevyp\u00e1len\u00e9 a vyp\u00e1len\u00e9 sudy po americk\u00e9 whiskey, sudy, kde d\u0159\u00edve zr\u00e1lo sherry,\" \/>\n<meta name=\"robots\" content=\"index, follow, max-snippet:-1, max-image-preview:large, max-video-preview:-1\" \/>\n<link rel=\"canonical\" href=\"https:\/\/richter.ceo\/coxs\/produkt\/botran-reserva-15\/\" \/>\n<meta property=\"og:locale\" content=\"cs_CZ\" \/>\n<meta property=\"og:type\" content=\"article\" \/>\n<meta property=\"og:title\" content=\"Botran Reserva 15\" \/>\n<meta property=\"og:description\" content=\"Tento rum zraje 5 a\u017e 15 let v unik\u00e1tn\u00ed verzi syst\u00e9mu solera, kter\u00fd kombinuje nevyp\u00e1len\u00e9 a vyp\u00e1len\u00e9 sudy po americk\u00e9 whiskey, sudy, kde d\u0159\u00edve zr\u00e1lo sherry,\" \/>\n<meta property=\"og:url\" content=\"https:\/\/richter.ceo\/coxs\/produkt\/botran-reserva-15\/\" \/>\n<meta property=\"og:site_name\" content=\"COXS CLUB\" \/>\n<meta property=\"article:publisher\" content=\"https:\/\/www.facebook.com\/profile.php?id=100088204002615\" \/>\n<meta property=\"article:modified_time\" content=\"2025-05-13T19:31:26+00:00\" \/>\n<meta property=\"og:image\" content=\"https:\/\/richter.ceo\/coxs\/wp-content\/uploads\/sites\/4\/2025\/05\/2845_botran_reserva_15_2019.jpg\" \/>\n\t<meta property=\"og:image:width\" content=\"600\" \/>\n\t<meta property=\"og:image:height\" content=\"711\" \/>\n\t<meta property=\"og:image:type\" content=\"image\/jpeg\" \/>\n<meta name=\"twitter:card\" content=\"summary_large_image\" \/>\n<meta name=\"twitter:label1\" content=\"Odhadovan\u00e1 doba \u010dten\u00ed\" \/>\n\t<meta name=\"twitter:data1\" content=\"1 minuta\" \/>\n<script type=\"application\/ld+json\" class=\"yoast-schema-graph\">{\"@context\":\"https:\\\/\\\/schema.org\",\"@graph\":[{\"@type\":\"WebPage\",\"@id\":\"https:\\\/\\\/richter.ceo\\\/coxs\\\/produkt\\\/botran-reserva-15\\\/\",\"url\":\"https:\\\/\\\/richter.ceo\\\/coxs\\\/produkt\\\/botran-reserva-15\\\/\",\"name\":\"Botran Reserva 15\",\"isPartOf\":{\"@id\":\"https:\\\/\\\/richter.ceo\\\/coxs\\\/en\\\/#website\"},\"primaryImageOfPage\":{\"@id\":\"https:\\\/\\\/richter.ceo\\\/coxs\\\/produkt\\\/botran-reserva-15\\\/#primaryimage\"},\"image\":{\"@id\":\"https:\\\/\\\/richter.ceo\\\/coxs\\\/produkt\\\/botran-reserva-15\\\/#primaryimage\"},\"thumbnailUrl\":\"https:\\\/\\\/richter.ceo\\\/coxs\\\/wp-content\\\/uploads\\\/sites\\\/4\\\/2025\\\/05\\\/2845_botran_reserva_15_2019.jpg\",\"datePublished\":\"2025-05-13T19:31:25+00:00\",\"dateModified\":\"2025-05-13T19:31:26+00:00\",\"description\":\"Tento rum zraje 5 a\u017e 15 let v unik\u00e1tn\u00ed verzi syst\u00e9mu solera, kter\u00fd kombinuje nevyp\u00e1len\u00e9 a vyp\u00e1len\u00e9 sudy po americk\u00e9 whiskey, sudy, kde d\u0159\u00edve zr\u00e1lo sherry,\",\"breadcrumb\":{\"@id\":\"https:\\\/\\\/richter.ceo\\\/coxs\\\/produkt\\\/botran-reserva-15\\\/#breadcrumb\"},\"inLanguage\":\"cs\",\"potentialAction\":[{\"@type\":\"ReadAction\",\"target\":[\"https:\\\/\\\/richter.ceo\\\/coxs\\\/produkt\\\/botran-reserva-15\\\/\"]}]},{\"@type\":\"ImageObject\",\"inLanguage\":\"cs\",\"@id\":\"https:\\\/\\\/richter.ceo\\\/coxs\\\/produkt\\\/botran-reserva-15\\\/#primaryimage\",\"url\":\"https:\\\/\\\/richter.ceo\\\/coxs\\\/wp-content\\\/uploads\\\/sites\\\/4\\\/2025\\\/05\\\/2845_botran_reserva_15_2019.jpg\",\"contentUrl\":\"https:\\\/\\\/richter.ceo\\\/coxs\\\/wp-content\\\/uploads\\\/sites\\\/4\\\/2025\\\/05\\\/2845_botran_reserva_15_2019.jpg\",\"width\":600,\"height\":711,\"caption\":\"COXS CLUB\"},{\"@type\":\"BreadcrumbList\",\"@id\":\"https:\\\/\\\/richter.ceo\\\/coxs\\\/produkt\\\/botran-reserva-15\\\/#breadcrumb\",\"itemListElement\":[{\"@type\":\"ListItem\",\"position\":1,\"name\":\"Dom\u016f\",\"item\":\"https:\\\/\\\/richter.ceo\\\/coxs\\\/\"},{\"@type\":\"ListItem\",\"position\":2,\"name\":\"N\u00c1POJE\",\"item\":\"https:\\\/\\\/richter.ceo\\\/coxs\\\/en\\\/napoje\\\/\"},{\"@type\":\"ListItem\",\"position\":3,\"name\":\"Botran Reserva 15\"}]},{\"@type\":\"WebSite\",\"@id\":\"https:\\\/\\\/richter.ceo\\\/coxs\\\/en\\\/#website\",\"url\":\"https:\\\/\\\/richter.ceo\\\/coxs\\\/en\\\/\",\"name\":\"COXS CLUB\",\"description\":\"Beton a Rum\",\"publisher\":{\"@id\":\"https:\\\/\\\/richter.ceo\\\/coxs\\\/en\\\/#organization\"},\"potentialAction\":[{\"@type\":\"SearchAction\",\"target\":{\"@type\":\"EntryPoint\",\"urlTemplate\":\"https:\\\/\\\/richter.ceo\\\/coxs\\\/en\\\/?s={search_term_string}\"},\"query-input\":{\"@type\":\"PropertyValueSpecification\",\"valueRequired\":true,\"valueName\":\"search_term_string\"}}],\"inLanguage\":\"cs\"},{\"@type\":\"Organization\",\"@id\":\"https:\\\/\\\/richter.ceo\\\/coxs\\\/en\\\/#organization\",\"name\":\"COXS CLUB\",\"url\":\"https:\\\/\\\/richter.ceo\\\/coxs\\\/en\\\/\",\"logo\":{\"@type\":\"ImageObject\",\"inLanguage\":\"cs\",\"@id\":\"https:\\\/\\\/richter.ceo\\\/coxs\\\/en\\\/#\\\/schema\\\/logo\\\/image\\\/\",\"url\":\"http:\\\/\\\/richter.ceo\\\/coxs\\\/wp-content\\\/uploads\\\/sites\\\/4\\\/2025\\\/05\\\/FAVICON-dark.webp\",\"contentUrl\":\"http:\\\/\\\/richter.ceo\\\/coxs\\\/wp-content\\\/uploads\\\/sites\\\/4\\\/2025\\\/05\\\/FAVICON-dark.webp\",\"width\":512,\"height\":512,\"caption\":\"COXS CLUB\"},\"image\":{\"@id\":\"https:\\\/\\\/richter.ceo\\\/coxs\\\/en\\\/#\\\/schema\\\/logo\\\/image\\\/\"},\"sameAs\":[\"https:\\\/\\\/www.facebook.com\\\/profile.php?id=100088204002615\",\"https:\\\/\\\/www.instagram.com\\\/coxs_coxs\\\/\"]}]}<\/script>\n<!-- \/ Yoast SEO plugin. -->","yoast_head_json":{"title":"Botran Reserva 15","description":"Tento rum zraje 5 a\u017e 15 let v unik\u00e1tn\u00ed verzi syst\u00e9mu solera, kter\u00fd kombinuje nevyp\u00e1len\u00e9 a vyp\u00e1len\u00e9 sudy po americk\u00e9 whiskey, sudy, kde d\u0159\u00edve zr\u00e1lo sherry,","robots":{"index":"index","follow":"follow","max-snippet":"max-snippet:-1","max-image-preview":"max-image-preview:large","max-video-preview":"max-video-preview:-1"},"canonical":"https:\/\/richter.ceo\/coxs\/produkt\/botran-reserva-15\/","og_locale":"cs_CZ","og_type":"article","og_title":"Botran Reserva 15","og_description":"Tento rum zraje 5 a\u017e 15 let v unik\u00e1tn\u00ed verzi syst\u00e9mu solera, kter\u00fd kombinuje nevyp\u00e1len\u00e9 a vyp\u00e1len\u00e9 sudy po americk\u00e9 whiskey, sudy, kde d\u0159\u00edve zr\u00e1lo sherry,","og_url":"https:\/\/richter.ceo\/coxs\/produkt\/botran-reserva-15\/","og_site_name":"COXS CLUB","article_publisher":"https:\/\/www.facebook.com\/profile.php?id=100088204002615","article_modified_time":"2025-05-13T19:31:26+00:00","og_image":[{"width":600,"height":711,"url":"https:\/\/richter.ceo\/coxs\/wp-content\/uploads\/sites\/4\/2025\/05\/2845_botran_reserva_15_2019.jpg","type":"image\/jpeg"}],"twitter_card":"summary_large_image","twitter_misc":{"Odhadovan\u00e1 doba \u010dten\u00ed":"1 minuta"},"schema":{"@context":"https:\/\/schema.org","@graph":[{"@type":"WebPage","@id":"https:\/\/richter.ceo\/coxs\/produkt\/botran-reserva-15\/","url":"https:\/\/richter.ceo\/coxs\/produkt\/botran-reserva-15\/","name":"Botran Reserva 15","isPartOf":{"@id":"https:\/\/richter.ceo\/coxs\/en\/#website"},"primaryImageOfPage":{"@id":"https:\/\/richter.ceo\/coxs\/produkt\/botran-reserva-15\/#primaryimage"},"image":{"@id":"https:\/\/richter.ceo\/coxs\/produkt\/botran-reserva-15\/#primaryimage"},"thumbnailUrl":"https:\/\/richter.ceo\/coxs\/wp-content\/uploads\/sites\/4\/2025\/05\/2845_botran_reserva_15_2019.jpg","datePublished":"2025-05-13T19:31:25+00:00","dateModified":"2025-05-13T19:31:26+00:00","description":"Tento rum zraje 5 a\u017e 15 let v unik\u00e1tn\u00ed verzi syst\u00e9mu solera, kter\u00fd kombinuje nevyp\u00e1len\u00e9 a vyp\u00e1len\u00e9 sudy po americk\u00e9 whiskey, sudy, kde d\u0159\u00edve zr\u00e1lo sherry,","breadcrumb":{"@id":"https:\/\/richter.ceo\/coxs\/produkt\/botran-reserva-15\/#breadcrumb"},"inLanguage":"cs","potentialAction":[{"@type":"ReadAction","target":["https:\/\/richter.ceo\/coxs\/produkt\/botran-reserva-15\/"]}]},{"@type":"ImageObject","inLanguage":"cs","@id":"https:\/\/richter.ceo\/coxs\/produkt\/botran-reserva-15\/#primaryimage","url":"https:\/\/richter.ceo\/coxs\/wp-content\/uploads\/sites\/4\/2025\/05\/2845_botran_reserva_15_2019.jpg","contentUrl":"https:\/\/richter.ceo\/coxs\/wp-content\/uploads\/sites\/4\/2025\/05\/2845_botran_reserva_15_2019.jpg","width":600,"height":711,"caption":"COXS CLUB"},{"@type":"BreadcrumbList","@id":"https:\/\/richter.ceo\/coxs\/produkt\/botran-reserva-15\/#breadcrumb","itemListElement":[{"@type":"ListItem","position":1,"name":"Dom\u016f","item":"https:\/\/richter.ceo\/coxs\/"},{"@type":"ListItem","position":2,"name":"N\u00c1POJE","item":"https:\/\/richter.ceo\/coxs\/en\/napoje\/"},{"@type":"ListItem","position":3,"name":"Botran Reserva 15"}]},{"@type":"WebSite","@id":"https:\/\/richter.ceo\/coxs\/en\/#website","url":"https:\/\/richter.ceo\/coxs\/en\/","name":"COXS CLUB","description":"Beton a Rum","publisher":{"@id":"https:\/\/richter.ceo\/coxs\/en\/#organization"},"potentialAction":[{"@type":"SearchAction","target":{"@type":"EntryPoint","urlTemplate":"https:\/\/richter.ceo\/coxs\/en\/?s={search_term_string}"},"query-input":{"@type":"PropertyValueSpecification","valueRequired":true,"valueName":"search_term_string"}}],"inLanguage":"cs"},{"@type":"Organization","@id":"https:\/\/richter.ceo\/coxs\/en\/#organization","name":"COXS CLUB","url":"https:\/\/richter.ceo\/coxs\/en\/","logo":{"@type":"ImageObject","inLanguage":"cs","@id":"https:\/\/richter.ceo\/coxs\/en\/#\/schema\/logo\/image\/","url":"http:\/\/richter.ceo\/coxs\/wp-content\/uploads\/sites\/4\/2025\/05\/FAVICON-dark.webp","contentUrl":"http:\/\/richter.ceo\/coxs\/wp-content\/uploads\/sites\/4\/2025\/05\/FAVICON-dark.webp","width":512,"height":512,"caption":"COXS CLUB"},"image":{"@id":"https:\/\/richter.ceo\/coxs\/en\/#\/schema\/logo\/image\/"},"sameAs":["https:\/\/www.facebook.com\/profile.php?id=100088204002615","https:\/\/www.instagram.com\/coxs_coxs\/"]}]}},"_links":{"self":[{"href":"https:\/\/richter.ceo\/coxs\/wp-json\/wp\/v2\/product\/1173","targetHints":{"allow":["GET"]}}],"collection":[{"href":"https:\/\/richter.ceo\/coxs\/wp-json\/wp\/v2\/product"}],"about":[{"href":"https:\/\/richter.ceo\/coxs\/wp-json\/wp\/v2\/types\/product"}],"wp:featuredmedia":[{"embeddable":true,"href":"https:\/\/richter.ceo\/coxs\/wp-json\/wp\/v2\/media\/1170"}],"wp:attachment":[{"href":"https:\/\/richter.ceo\/coxs\/wp-json\/wp\/v2\/media?parent=1173"}],"wp:term":[{"taxonomy":"product_brand","embeddable":true,"href":"https:\/\/richter.ceo\/coxs\/wp-json\/wp\/v2\/product_brand?post=1173"},{"taxonomy":"product_cat","embeddable":true,"href":"https:\/\/richter.ceo\/coxs\/wp-json\/wp\/v2\/product_cat?post=1173"},{"taxonomy":"product_tag","embeddable":true,"href":"https:\/\/richter.ceo\/coxs\/wp-json\/wp\/v2\/product_tag?post=1173"}],"curies":[{"name":"wp","href":"https:\/\/api.w.org\/{rel}","templated":true}]}}