{"id":1300,"date":"2025-05-14T13:55:06","date_gmt":"2025-05-14T11:55:06","guid":{"rendered":"https:\/\/richter.ceo\/coxs\/?post_type=product&#038;p=1300"},"modified":"2025-05-14T13:55:06","modified_gmt":"2025-05-14T11:55:06","slug":"miracielo-spiced-rum","status":"publish","type":"product","link":"https:\/\/richter.ceo\/coxs\/produkt\/miracielo-spiced-rum\/","title":{"rendered":"Miracielo Spiced Rum"},"content":{"rendered":"<p>La Antigua Guatemala bylo prvn\u00edm hlavn\u00edm m\u011bstem St\u0159edn\u00ed Ameriky. Je zn\u00e1m\u00e9 sv\u00fdmi tradicemi, kter\u00e9 jsou siln\u011b spjaty s v\u00edrou a kter\u00e9 se prom\u00edtly do n\u00e1dhern\u00e9 architektury tamn\u00edch kostel\u016f a kl\u00e1\u0161ter\u016f. L\u00e9ta po zalo\u017een\u00ed m\u011bsto postihlo zem\u011bt\u0159esen\u00ed, v jeho\u017e d\u016fsledku se z\u0159\u00edtily stropy n\u011bkolika kl\u00e1\u0161ter\u016f. Z\u016fstaly neopraveny a tato pomysln\u00e1 \u201eokna do nebes\u201c ohromuj\u00ed n\u00e1v\u0161t\u011bvn\u00edky dodnes. A pr\u00e1v\u011b to poslou\u017eilo jako inspirace n\u00e1zvu rumu Miracielo (\u201eMira, cielo!\u201c = \u201ePod\u00edvej, nebesa!\u201c).<\/p>\n<p>&nbsp;<\/p>\n<div class=\"elementor-column elementor-col-50 elementor-inner-column elementor-element elementor-element-df5ea97\" data-id=\"df5ea97\" data-element_type=\"column\">\n<div class=\"elementor-widget-wrap elementor-element-populated\">\n<div class=\"elementor-element elementor-element-5f45f876 elementor-widget elementor-widget-woocommerce-product-short-description\" data-id=\"5f45f876\" data-element_type=\"widget\" data-widget_type=\"woocommerce-product-short-description.default\">\n<div class=\"elementor-widget-container\">\n<div class=\"woocommerce-product-details__short-description\">\n<p>Rum se vyr\u00e1b\u00ed podle star\u00e9 receptury ze speci\u00e1ln\u00edch z\u00e1sob, pomoc\u00ed macerace ovoce a ko\u0159en\u00ed, v\u010detn\u011b vanilky, \u010derstv\u00fdch \u0161vestek a rozinek, jejich\u017e kombinace evokuje chut\u011b dezert\u016f m\u011bste\u010dka La Antigua. D\u016fraz na \u0159emeslnou v\u00fdrobu rumu Miracielo je umocn\u011bn malos\u00e9riovou produkc\u00ed a designem luxusn\u00ed l\u00e1hve, jej\u00ed\u017e hrdlo je opat\u0159eno ru\u010dn\u011b vyr\u00e1b\u011bn\u00fdm ko\u017een\u00fdm p\u00e1skem.<\/p>\n<\/div>\n<\/div>\n<\/div>\n<\/div>\n<\/div>\n","protected":false},"excerpt":{"rendered":"<p>La Antigua Guatemala bylo prvn\u00edm hlavn\u00edm m\u011bstem St\u0159edn\u00ed Ameriky. Je zn\u00e1m\u00e9 sv\u00fdmi tradicemi, kter\u00e9 jsou siln\u011b spjaty s v\u00edrou a kter\u00e9 se prom\u00edtly do n\u00e1dhern\u00e9 architektury tamn\u00edch kostel\u016f a kl\u00e1\u0161ter\u016f. L\u00e9ta po zalo\u017een\u00ed m\u011bsto postihlo zem\u011bt\u0159esen\u00ed, v jeho\u017e d\u016fsledku se z\u0159\u00edtily stropy n\u011bkolika kl\u00e1\u0161ter\u016f. Z\u016fstaly neopraveny a tato pomysln\u00e1 \u201eokna do nebes\u201c ohromuj\u00ed n\u00e1v\u0161t\u011bvn\u00edky dodnes. [&hellip;]<\/p>\n","protected":false},"featured_media":1196,"template":"","meta":{"_acf_changed":false},"product_brand":[169],"product_cat":[117],"product_tag":[],"class_list":{"0":"post-1300","1":"product","2":"type-product","3":"status-publish","4":"has-post-thumbnail","6":"product_brand-miracielo","7":"product_cat-rum","8":"pa_cena-za-004-l","9":"pa_obsah-alkoholu-43","10":"pa_zeme-guatemala","12":"first","13":"instock","14":"shipping-taxable","15":"purchasable","16":"product-type-simple"},"acf":[],"yoast_head":"<!-- This site is optimized with the Yoast SEO plugin v27.5 - https:\/\/yoast.com\/product\/yoast-seo-wordpress\/ -->\n<title>Miracielo Spiced Rum<\/title>\n<meta name=\"description\" content=\"La Antigua Guatemala bylo prvn\u00edm hlavn\u00edm m\u011bstem St\u0159edn\u00ed Ameriky. Je zn\u00e1m\u00e9 sv\u00fdmi tradicemi, kter\u00e9 jsou siln\u011b spjaty s v\u00edrou a kter\u00e9 se prom\u00edtly do n\u00e1dhern\u00e9\" \/>\n<meta name=\"robots\" content=\"index, follow, max-snippet:-1, max-image-preview:large, max-video-preview:-1\" \/>\n<link rel=\"canonical\" href=\"https:\/\/richter.ceo\/coxs\/produkt\/miracielo-spiced-rum\/\" \/>\n<meta property=\"og:locale\" content=\"cs_CZ\" \/>\n<meta property=\"og:type\" content=\"article\" \/>\n<meta property=\"og:title\" content=\"Miracielo Spiced Rum\" \/>\n<meta property=\"og:description\" content=\"La Antigua Guatemala bylo prvn\u00edm hlavn\u00edm m\u011bstem St\u0159edn\u00ed Ameriky. Je zn\u00e1m\u00e9 sv\u00fdmi tradicemi, kter\u00e9 jsou siln\u011b spjaty s v\u00edrou a kter\u00e9 se prom\u00edtly do n\u00e1dhern\u00e9\" \/>\n<meta property=\"og:url\" content=\"https:\/\/richter.ceo\/coxs\/produkt\/miracielo-spiced-rum\/\" \/>\n<meta property=\"og:site_name\" content=\"COXS CLUB\" \/>\n<meta property=\"article:publisher\" content=\"https:\/\/www.facebook.com\/profile.php?id=100088204002615\" \/>\n<meta property=\"og:image\" content=\"https:\/\/richter.ceo\/coxs\/wp-content\/uploads\/sites\/4\/2025\/05\/2691_miracielo_spiced_rum.jpg\" \/>\n\t<meta property=\"og:image:width\" content=\"600\" \/>\n\t<meta property=\"og:image:height\" content=\"711\" \/>\n\t<meta property=\"og:image:type\" content=\"image\/jpeg\" \/>\n<meta name=\"twitter:card\" content=\"summary_large_image\" \/>\n<meta name=\"twitter:label1\" content=\"Odhadovan\u00e1 doba \u010dten\u00ed\" \/>\n\t<meta name=\"twitter:data1\" content=\"1 minuta\" \/>\n<script type=\"application\/ld+json\" class=\"yoast-schema-graph\">{\"@context\":\"https:\\\/\\\/schema.org\",\"@graph\":[{\"@type\":\"WebPage\",\"@id\":\"https:\\\/\\\/richter.ceo\\\/coxs\\\/produkt\\\/miracielo-spiced-rum\\\/\",\"url\":\"https:\\\/\\\/richter.ceo\\\/coxs\\\/produkt\\\/miracielo-spiced-rum\\\/\",\"name\":\"Miracielo Spiced Rum\",\"isPartOf\":{\"@id\":\"https:\\\/\\\/richter.ceo\\\/coxs\\\/en\\\/#website\"},\"primaryImageOfPage\":{\"@id\":\"https:\\\/\\\/richter.ceo\\\/coxs\\\/produkt\\\/miracielo-spiced-rum\\\/#primaryimage\"},\"image\":{\"@id\":\"https:\\\/\\\/richter.ceo\\\/coxs\\\/produkt\\\/miracielo-spiced-rum\\\/#primaryimage\"},\"thumbnailUrl\":\"https:\\\/\\\/richter.ceo\\\/coxs\\\/wp-content\\\/uploads\\\/sites\\\/4\\\/2025\\\/05\\\/2691_miracielo_spiced_rum.jpg\",\"datePublished\":\"2025-05-14T11:55:06+00:00\",\"description\":\"La Antigua Guatemala bylo prvn\u00edm hlavn\u00edm m\u011bstem St\u0159edn\u00ed Ameriky. Je zn\u00e1m\u00e9 sv\u00fdmi tradicemi, kter\u00e9 jsou siln\u011b spjaty s v\u00edrou a kter\u00e9 se prom\u00edtly do n\u00e1dhern\u00e9\",\"breadcrumb\":{\"@id\":\"https:\\\/\\\/richter.ceo\\\/coxs\\\/produkt\\\/miracielo-spiced-rum\\\/#breadcrumb\"},\"inLanguage\":\"cs\",\"potentialAction\":[{\"@type\":\"ReadAction\",\"target\":[\"https:\\\/\\\/richter.ceo\\\/coxs\\\/produkt\\\/miracielo-spiced-rum\\\/\"]}]},{\"@type\":\"ImageObject\",\"inLanguage\":\"cs\",\"@id\":\"https:\\\/\\\/richter.ceo\\\/coxs\\\/produkt\\\/miracielo-spiced-rum\\\/#primaryimage\",\"url\":\"https:\\\/\\\/richter.ceo\\\/coxs\\\/wp-content\\\/uploads\\\/sites\\\/4\\\/2025\\\/05\\\/2691_miracielo_spiced_rum.jpg\",\"contentUrl\":\"https:\\\/\\\/richter.ceo\\\/coxs\\\/wp-content\\\/uploads\\\/sites\\\/4\\\/2025\\\/05\\\/2691_miracielo_spiced_rum.jpg\",\"width\":600,\"height\":711,\"caption\":\"COXS CLUB\"},{\"@type\":\"BreadcrumbList\",\"@id\":\"https:\\\/\\\/richter.ceo\\\/coxs\\\/produkt\\\/miracielo-spiced-rum\\\/#breadcrumb\",\"itemListElement\":[{\"@type\":\"ListItem\",\"position\":1,\"name\":\"Dom\u016f\",\"item\":\"https:\\\/\\\/richter.ceo\\\/coxs\\\/\"},{\"@type\":\"ListItem\",\"position\":2,\"name\":\"N\u00c1POJE\",\"item\":\"https:\\\/\\\/richter.ceo\\\/coxs\\\/en\\\/napoje\\\/\"},{\"@type\":\"ListItem\",\"position\":3,\"name\":\"Miracielo Spiced Rum\"}]},{\"@type\":\"WebSite\",\"@id\":\"https:\\\/\\\/richter.ceo\\\/coxs\\\/en\\\/#website\",\"url\":\"https:\\\/\\\/richter.ceo\\\/coxs\\\/en\\\/\",\"name\":\"COXS CLUB\",\"description\":\"Beton a Rum\",\"publisher\":{\"@id\":\"https:\\\/\\\/richter.ceo\\\/coxs\\\/en\\\/#organization\"},\"potentialAction\":[{\"@type\":\"SearchAction\",\"target\":{\"@type\":\"EntryPoint\",\"urlTemplate\":\"https:\\\/\\\/richter.ceo\\\/coxs\\\/en\\\/?s={search_term_string}\"},\"query-input\":{\"@type\":\"PropertyValueSpecification\",\"valueRequired\":true,\"valueName\":\"search_term_string\"}}],\"inLanguage\":\"cs\"},{\"@type\":\"Organization\",\"@id\":\"https:\\\/\\\/richter.ceo\\\/coxs\\\/en\\\/#organization\",\"name\":\"COXS CLUB\",\"url\":\"https:\\\/\\\/richter.ceo\\\/coxs\\\/en\\\/\",\"logo\":{\"@type\":\"ImageObject\",\"inLanguage\":\"cs\",\"@id\":\"https:\\\/\\\/richter.ceo\\\/coxs\\\/en\\\/#\\\/schema\\\/logo\\\/image\\\/\",\"url\":\"http:\\\/\\\/richter.ceo\\\/coxs\\\/wp-content\\\/uploads\\\/sites\\\/4\\\/2025\\\/05\\\/FAVICON-dark.webp\",\"contentUrl\":\"http:\\\/\\\/richter.ceo\\\/coxs\\\/wp-content\\\/uploads\\\/sites\\\/4\\\/2025\\\/05\\\/FAVICON-dark.webp\",\"width\":512,\"height\":512,\"caption\":\"COXS CLUB\"},\"image\":{\"@id\":\"https:\\\/\\\/richter.ceo\\\/coxs\\\/en\\\/#\\\/schema\\\/logo\\\/image\\\/\"},\"sameAs\":[\"https:\\\/\\\/www.facebook.com\\\/profile.php?id=100088204002615\",\"https:\\\/\\\/www.instagram.com\\\/coxs_coxs\\\/\"]}]}<\/script>\n<!-- \/ Yoast SEO plugin. -->","yoast_head_json":{"title":"Miracielo Spiced Rum","description":"La Antigua Guatemala bylo prvn\u00edm hlavn\u00edm m\u011bstem St\u0159edn\u00ed Ameriky. Je zn\u00e1m\u00e9 sv\u00fdmi tradicemi, kter\u00e9 jsou siln\u011b spjaty s v\u00edrou a kter\u00e9 se prom\u00edtly do n\u00e1dhern\u00e9","robots":{"index":"index","follow":"follow","max-snippet":"max-snippet:-1","max-image-preview":"max-image-preview:large","max-video-preview":"max-video-preview:-1"},"canonical":"https:\/\/richter.ceo\/coxs\/produkt\/miracielo-spiced-rum\/","og_locale":"cs_CZ","og_type":"article","og_title":"Miracielo Spiced Rum","og_description":"La Antigua Guatemala bylo prvn\u00edm hlavn\u00edm m\u011bstem St\u0159edn\u00ed Ameriky. Je zn\u00e1m\u00e9 sv\u00fdmi tradicemi, kter\u00e9 jsou siln\u011b spjaty s v\u00edrou a kter\u00e9 se prom\u00edtly do n\u00e1dhern\u00e9","og_url":"https:\/\/richter.ceo\/coxs\/produkt\/miracielo-spiced-rum\/","og_site_name":"COXS CLUB","article_publisher":"https:\/\/www.facebook.com\/profile.php?id=100088204002615","og_image":[{"width":600,"height":711,"url":"https:\/\/richter.ceo\/coxs\/wp-content\/uploads\/sites\/4\/2025\/05\/2691_miracielo_spiced_rum.jpg","type":"image\/jpeg"}],"twitter_card":"summary_large_image","twitter_misc":{"Odhadovan\u00e1 doba \u010dten\u00ed":"1 minuta"},"schema":{"@context":"https:\/\/schema.org","@graph":[{"@type":"WebPage","@id":"https:\/\/richter.ceo\/coxs\/produkt\/miracielo-spiced-rum\/","url":"https:\/\/richter.ceo\/coxs\/produkt\/miracielo-spiced-rum\/","name":"Miracielo Spiced Rum","isPartOf":{"@id":"https:\/\/richter.ceo\/coxs\/en\/#website"},"primaryImageOfPage":{"@id":"https:\/\/richter.ceo\/coxs\/produkt\/miracielo-spiced-rum\/#primaryimage"},"image":{"@id":"https:\/\/richter.ceo\/coxs\/produkt\/miracielo-spiced-rum\/#primaryimage"},"thumbnailUrl":"https:\/\/richter.ceo\/coxs\/wp-content\/uploads\/sites\/4\/2025\/05\/2691_miracielo_spiced_rum.jpg","datePublished":"2025-05-14T11:55:06+00:00","description":"La Antigua Guatemala bylo prvn\u00edm hlavn\u00edm m\u011bstem St\u0159edn\u00ed Ameriky. Je zn\u00e1m\u00e9 sv\u00fdmi tradicemi, kter\u00e9 jsou siln\u011b spjaty s v\u00edrou a kter\u00e9 se prom\u00edtly do n\u00e1dhern\u00e9","breadcrumb":{"@id":"https:\/\/richter.ceo\/coxs\/produkt\/miracielo-spiced-rum\/#breadcrumb"},"inLanguage":"cs","potentialAction":[{"@type":"ReadAction","target":["https:\/\/richter.ceo\/coxs\/produkt\/miracielo-spiced-rum\/"]}]},{"@type":"ImageObject","inLanguage":"cs","@id":"https:\/\/richter.ceo\/coxs\/produkt\/miracielo-spiced-rum\/#primaryimage","url":"https:\/\/richter.ceo\/coxs\/wp-content\/uploads\/sites\/4\/2025\/05\/2691_miracielo_spiced_rum.jpg","contentUrl":"https:\/\/richter.ceo\/coxs\/wp-content\/uploads\/sites\/4\/2025\/05\/2691_miracielo_spiced_rum.jpg","width":600,"height":711,"caption":"COXS CLUB"},{"@type":"BreadcrumbList","@id":"https:\/\/richter.ceo\/coxs\/produkt\/miracielo-spiced-rum\/#breadcrumb","itemListElement":[{"@type":"ListItem","position":1,"name":"Dom\u016f","item":"https:\/\/richter.ceo\/coxs\/"},{"@type":"ListItem","position":2,"name":"N\u00c1POJE","item":"https:\/\/richter.ceo\/coxs\/en\/napoje\/"},{"@type":"ListItem","position":3,"name":"Miracielo Spiced Rum"}]},{"@type":"WebSite","@id":"https:\/\/richter.ceo\/coxs\/en\/#website","url":"https:\/\/richter.ceo\/coxs\/en\/","name":"COXS CLUB","description":"Beton a Rum","publisher":{"@id":"https:\/\/richter.ceo\/coxs\/en\/#organization"},"potentialAction":[{"@type":"SearchAction","target":{"@type":"EntryPoint","urlTemplate":"https:\/\/richter.ceo\/coxs\/en\/?s={search_term_string}"},"query-input":{"@type":"PropertyValueSpecification","valueRequired":true,"valueName":"search_term_string"}}],"inLanguage":"cs"},{"@type":"Organization","@id":"https:\/\/richter.ceo\/coxs\/en\/#organization","name":"COXS CLUB","url":"https:\/\/richter.ceo\/coxs\/en\/","logo":{"@type":"ImageObject","inLanguage":"cs","@id":"https:\/\/richter.ceo\/coxs\/en\/#\/schema\/logo\/image\/","url":"http:\/\/richter.ceo\/coxs\/wp-content\/uploads\/sites\/4\/2025\/05\/FAVICON-dark.webp","contentUrl":"http:\/\/richter.ceo\/coxs\/wp-content\/uploads\/sites\/4\/2025\/05\/FAVICON-dark.webp","width":512,"height":512,"caption":"COXS CLUB"},"image":{"@id":"https:\/\/richter.ceo\/coxs\/en\/#\/schema\/logo\/image\/"},"sameAs":["https:\/\/www.facebook.com\/profile.php?id=100088204002615","https:\/\/www.instagram.com\/coxs_coxs\/"]}]}},"_links":{"self":[{"href":"https:\/\/richter.ceo\/coxs\/wp-json\/wp\/v2\/product\/1300","targetHints":{"allow":["GET"]}}],"collection":[{"href":"https:\/\/richter.ceo\/coxs\/wp-json\/wp\/v2\/product"}],"about":[{"href":"https:\/\/richter.ceo\/coxs\/wp-json\/wp\/v2\/types\/product"}],"wp:featuredmedia":[{"embeddable":true,"href":"https:\/\/richter.ceo\/coxs\/wp-json\/wp\/v2\/media\/1196"}],"wp:attachment":[{"href":"https:\/\/richter.ceo\/coxs\/wp-json\/wp\/v2\/media?parent=1300"}],"wp:term":[{"taxonomy":"product_brand","embeddable":true,"href":"https:\/\/richter.ceo\/coxs\/wp-json\/wp\/v2\/product_brand?post=1300"},{"taxonomy":"product_cat","embeddable":true,"href":"https:\/\/richter.ceo\/coxs\/wp-json\/wp\/v2\/product_cat?post=1300"},{"taxonomy":"product_tag","embeddable":true,"href":"https:\/\/richter.ceo\/coxs\/wp-json\/wp\/v2\/product_tag?post=1300"}],"curies":[{"name":"wp","href":"https:\/\/api.w.org\/{rel}","templated":true}]}}