{"id":1313,"date":"2025-05-14T14:53:10","date_gmt":"2025-05-14T12:53:10","guid":{"rendered":"https:\/\/richter.ceo\/coxs\/?post_type=product&#038;p=1313"},"modified":"2025-05-14T14:53:10","modified_gmt":"2025-05-14T12:53:10","slug":"cihuatan-xaman-x-o","status":"publish","type":"product","link":"https:\/\/richter.ceo\/coxs\/produkt\/cihuatan-xaman-x-o\/","title":{"rendered":"Cihuat\u00e1n Xaman X.O."},"content":{"rendered":"<p>Rumy Cihuat\u00e1n jsou ru\u010dn\u011b vyr\u00e1b\u011bny ve stejnojmenn\u00e9m \u00fadol\u00ed v El Salvadoru, v destilerii, je\u017e byla zalo\u017eena roku 2004 a je jedinou pal\u00edrnou v zemi. Je poh\u00e1n\u011bna obnovitelnou energi\u00ed, kterou \u010derp\u00e1 z vylisovan\u00fdch zbytk\u016f cukrov\u00e9 t\u0159tiny. Inspirac\u00ed rum\u016f, na kter\u00e9 dohl\u00ed\u017e\u00ed master blenderka Gabriela Ayala, je maysk\u00fd odkaz m\u00edsta, odkud poch\u00e1zej\u00ed.<\/p>\n<p>&nbsp;<\/p>\n<p>Cihuat\u00e1n Xaman p\u0159edstavuje prvn\u00ed XO rum t\u00e9to zna\u010dky. Obsahuje rumy, kter\u00e9 dozr\u00e1valy v sudech ze d\u0159eva posv\u00e1tn\u00e9ho maysk\u00e9ho stromu Ceiba (Vlnovec), kter\u00fd poch\u00e1z\u00ed z El Salvadoru. D\u0159evo tohoto mohutn\u00e9ho stromu bylo vybr\u00e1no pro pln\u00fd a sv\u016fdn\u00fd charakter, kter\u00fd destil\u00e1tu prop\u016fj\u010duje, a Cihuat\u00e1n je prvn\u00edm rumem, kter\u00fd v sudech z tohoto d\u0159eva zraje.<\/p>\n<p>&nbsp;<\/p>\n<p>Cihuat\u00e1n Xaman je nejvy\u0161\u0161\u00ed poctou maysk\u00e9mu odkazu a zemi sv\u00e9ho p\u016fvodu, El Salvadoru. Jeho n\u00e1zev byl inspirov\u00e1n maysk\u00fdm bohem Pol\u00e1rky, kter\u00fd byl ochr\u00e1ncem \u00fadol\u00ed Cihuat\u00e1n. Xaman byl v\u017edy nejz\u00e1\u0159iv\u011bj\u0161\u00ed hv\u011bzdou na obloze, ke kter\u00e9 se Mayov\u00e9 obraceli pro rady a moudrost, a r\u00e1no pot\u00e9 odpo\u010d\u00edval na posv\u00e1tnem strom\u011b Ceiba.<\/p>\n<p>&nbsp;<\/p>\n<p>Cihuat\u00e1n Xaman je \u0161estn\u00e1ctilet\u00fd rum, p\u0159i\u010dem\u017e 15 let zr\u00e1l v sudech z americk\u00e9ho dubu, kter\u00e9 p\u0159edt\u00edm uchov\u00e1valy bourbon, a d\u00e1le je\u0161t\u011b jeden rok v sudech z maysk\u00e9ho stromu Ceiba.<\/p>\n<p>&nbsp;<\/p>\n<div class=\"elementor-column elementor-col-50 elementor-inner-column elementor-element elementor-element-df5ea97\" data-id=\"df5ea97\" data-element_type=\"column\">\n<div class=\"elementor-widget-wrap elementor-element-populated\">\n<div class=\"elementor-element elementor-element-5f45f876 elementor-widget elementor-widget-woocommerce-product-short-description\" data-id=\"5f45f876\" data-element_type=\"widget\" data-widget_type=\"woocommerce-product-short-description.default\">\n<div class=\"elementor-widget-container\">\n<div class=\"woocommerce-product-details__short-description\">\n<p>V\u00fdsledn\u00fd rum se vyzna\u010duje zejm\u00e9na t\u00f3ny k\u016f\u017ee, h\u0159eb\u00ed\u010dku, \u0161vestek, toustu s balzamikov\u00fdm octem, grilovan\u00e9ho ananasu a slaniny s panelou (ztuhlou \u0161\u0165\u00e1vou z cukrov\u00e9 t\u0159tiny).<\/p>\n<\/div>\n<\/div>\n<\/div>\n<\/div>\n<\/div>\n","protected":false},"excerpt":{"rendered":"<p>Rumy Cihuat\u00e1n jsou ru\u010dn\u011b vyr\u00e1b\u011bny ve stejnojmenn\u00e9m \u00fadol\u00ed v El Salvadoru, v destilerii, je\u017e byla zalo\u017eena roku 2004 a je jedinou pal\u00edrnou v zemi. Je poh\u00e1n\u011bna obnovitelnou energi\u00ed, kterou \u010derp\u00e1 z vylisovan\u00fdch zbytk\u016f cukrov\u00e9 t\u0159tiny. Inspirac\u00ed rum\u016f, na kter\u00e9 dohl\u00ed\u017e\u00ed master blenderka Gabriela Ayala, je maysk\u00fd odkaz m\u00edsta, odkud poch\u00e1zej\u00ed. &nbsp; Cihuat\u00e1n Xaman p\u0159edstavuje prvn\u00ed [&hellip;]<\/p>\n","protected":false},"featured_media":1215,"template":"","meta":{"_acf_changed":false},"product_brand":[179],"product_cat":[117],"product_tag":[],"class_list":{"0":"post-1313","1":"product","2":"type-product","3":"status-publish","4":"has-post-thumbnail","6":"product_brand-cihuatan","7":"product_cat-rum","8":"pa_cena-za-004-l","9":"pa_obsah-alkoholu-21","10":"pa_zeme-salvador","12":"first","13":"instock","14":"shipping-taxable","15":"purchasable","16":"product-type-simple"},"acf":[],"yoast_head":"<!-- This site is optimized with the Yoast SEO plugin v27.5 - https:\/\/yoast.com\/product\/yoast-seo-wordpress\/ -->\n<title>Cihuat\u00e1n Xaman X.O.<\/title>\n<meta name=\"description\" content=\"Rumy Cihuat\u00e1n jsou ru\u010dn\u011b vyr\u00e1b\u011bny ve stejnojmenn\u00e9m \u00fadol\u00ed v El Salvadoru, v destilerii, je\u017e byla zalo\u017eena roku 2004 a je jedinou pal\u00edrnou v zemi. Je\" \/>\n<meta name=\"robots\" content=\"index, follow, max-snippet:-1, max-image-preview:large, max-video-preview:-1\" \/>\n<link rel=\"canonical\" href=\"https:\/\/richter.ceo\/coxs\/produkt\/cihuatan-xaman-x-o\/\" \/>\n<meta property=\"og:locale\" content=\"cs_CZ\" \/>\n<meta property=\"og:type\" content=\"article\" \/>\n<meta property=\"og:title\" content=\"Cihuat\u00e1n Xaman X.O.\" \/>\n<meta property=\"og:description\" content=\"Rumy Cihuat\u00e1n jsou ru\u010dn\u011b vyr\u00e1b\u011bny ve stejnojmenn\u00e9m \u00fadol\u00ed v El Salvadoru, v destilerii, je\u017e byla zalo\u017eena roku 2004 a je jedinou pal\u00edrnou v zemi. Je\" \/>\n<meta property=\"og:url\" content=\"https:\/\/richter.ceo\/coxs\/produkt\/cihuatan-xaman-x-o\/\" \/>\n<meta property=\"og:site_name\" content=\"COXS CLUB\" \/>\n<meta property=\"article:publisher\" content=\"https:\/\/www.facebook.com\/profile.php?id=100088204002615\" \/>\n<meta property=\"og:image\" content=\"https:\/\/richter.ceo\/coxs\/wp-content\/uploads\/sites\/4\/2025\/05\/3010_cihuatan_xaman_xo-864x1024-1.jpg\" \/>\n\t<meta property=\"og:image:width\" content=\"864\" \/>\n\t<meta property=\"og:image:height\" content=\"1024\" \/>\n\t<meta property=\"og:image:type\" content=\"image\/jpeg\" \/>\n<meta name=\"twitter:card\" content=\"summary_large_image\" \/>\n<meta name=\"twitter:label1\" content=\"Odhadovan\u00e1 doba \u010dten\u00ed\" \/>\n\t<meta name=\"twitter:data1\" content=\"1 minuta\" \/>\n<script type=\"application\/ld+json\" class=\"yoast-schema-graph\">{\"@context\":\"https:\\\/\\\/schema.org\",\"@graph\":[{\"@type\":\"WebPage\",\"@id\":\"https:\\\/\\\/richter.ceo\\\/coxs\\\/produkt\\\/cihuatan-xaman-x-o\\\/\",\"url\":\"https:\\\/\\\/richter.ceo\\\/coxs\\\/produkt\\\/cihuatan-xaman-x-o\\\/\",\"name\":\"Cihuat\u00e1n Xaman X.O.\",\"isPartOf\":{\"@id\":\"https:\\\/\\\/richter.ceo\\\/coxs\\\/en\\\/#website\"},\"primaryImageOfPage\":{\"@id\":\"https:\\\/\\\/richter.ceo\\\/coxs\\\/produkt\\\/cihuatan-xaman-x-o\\\/#primaryimage\"},\"image\":{\"@id\":\"https:\\\/\\\/richter.ceo\\\/coxs\\\/produkt\\\/cihuatan-xaman-x-o\\\/#primaryimage\"},\"thumbnailUrl\":\"https:\\\/\\\/richter.ceo\\\/coxs\\\/wp-content\\\/uploads\\\/sites\\\/4\\\/2025\\\/05\\\/3010_cihuatan_xaman_xo-864x1024-1.jpg\",\"datePublished\":\"2025-05-14T12:53:10+00:00\",\"description\":\"Rumy Cihuat\u00e1n jsou ru\u010dn\u011b vyr\u00e1b\u011bny ve stejnojmenn\u00e9m \u00fadol\u00ed v El Salvadoru, v destilerii, je\u017e byla zalo\u017eena roku 2004 a je jedinou pal\u00edrnou v zemi. Je\",\"breadcrumb\":{\"@id\":\"https:\\\/\\\/richter.ceo\\\/coxs\\\/produkt\\\/cihuatan-xaman-x-o\\\/#breadcrumb\"},\"inLanguage\":\"cs\",\"potentialAction\":[{\"@type\":\"ReadAction\",\"target\":[\"https:\\\/\\\/richter.ceo\\\/coxs\\\/produkt\\\/cihuatan-xaman-x-o\\\/\"]}]},{\"@type\":\"ImageObject\",\"inLanguage\":\"cs\",\"@id\":\"https:\\\/\\\/richter.ceo\\\/coxs\\\/produkt\\\/cihuatan-xaman-x-o\\\/#primaryimage\",\"url\":\"https:\\\/\\\/richter.ceo\\\/coxs\\\/wp-content\\\/uploads\\\/sites\\\/4\\\/2025\\\/05\\\/3010_cihuatan_xaman_xo-864x1024-1.jpg\",\"contentUrl\":\"https:\\\/\\\/richter.ceo\\\/coxs\\\/wp-content\\\/uploads\\\/sites\\\/4\\\/2025\\\/05\\\/3010_cihuatan_xaman_xo-864x1024-1.jpg\",\"width\":864,\"height\":1024,\"caption\":\"COXS CLUB\"},{\"@type\":\"BreadcrumbList\",\"@id\":\"https:\\\/\\\/richter.ceo\\\/coxs\\\/produkt\\\/cihuatan-xaman-x-o\\\/#breadcrumb\",\"itemListElement\":[{\"@type\":\"ListItem\",\"position\":1,\"name\":\"Dom\u016f\",\"item\":\"https:\\\/\\\/richter.ceo\\\/coxs\\\/\"},{\"@type\":\"ListItem\",\"position\":2,\"name\":\"N\u00c1POJE\",\"item\":\"https:\\\/\\\/richter.ceo\\\/coxs\\\/en\\\/napoje\\\/\"},{\"@type\":\"ListItem\",\"position\":3,\"name\":\"Cihuat\u00e1n Xaman X.O.\"}]},{\"@type\":\"WebSite\",\"@id\":\"https:\\\/\\\/richter.ceo\\\/coxs\\\/en\\\/#website\",\"url\":\"https:\\\/\\\/richter.ceo\\\/coxs\\\/en\\\/\",\"name\":\"COXS CLUB\",\"description\":\"Beton a Rum\",\"publisher\":{\"@id\":\"https:\\\/\\\/richter.ceo\\\/coxs\\\/en\\\/#organization\"},\"potentialAction\":[{\"@type\":\"SearchAction\",\"target\":{\"@type\":\"EntryPoint\",\"urlTemplate\":\"https:\\\/\\\/richter.ceo\\\/coxs\\\/en\\\/?s={search_term_string}\"},\"query-input\":{\"@type\":\"PropertyValueSpecification\",\"valueRequired\":true,\"valueName\":\"search_term_string\"}}],\"inLanguage\":\"cs\"},{\"@type\":\"Organization\",\"@id\":\"https:\\\/\\\/richter.ceo\\\/coxs\\\/en\\\/#organization\",\"name\":\"COXS CLUB\",\"url\":\"https:\\\/\\\/richter.ceo\\\/coxs\\\/en\\\/\",\"logo\":{\"@type\":\"ImageObject\",\"inLanguage\":\"cs\",\"@id\":\"https:\\\/\\\/richter.ceo\\\/coxs\\\/en\\\/#\\\/schema\\\/logo\\\/image\\\/\",\"url\":\"http:\\\/\\\/richter.ceo\\\/coxs\\\/wp-content\\\/uploads\\\/sites\\\/4\\\/2025\\\/05\\\/FAVICON-dark.webp\",\"contentUrl\":\"http:\\\/\\\/richter.ceo\\\/coxs\\\/wp-content\\\/uploads\\\/sites\\\/4\\\/2025\\\/05\\\/FAVICON-dark.webp\",\"width\":512,\"height\":512,\"caption\":\"COXS CLUB\"},\"image\":{\"@id\":\"https:\\\/\\\/richter.ceo\\\/coxs\\\/en\\\/#\\\/schema\\\/logo\\\/image\\\/\"},\"sameAs\":[\"https:\\\/\\\/www.facebook.com\\\/profile.php?id=100088204002615\",\"https:\\\/\\\/www.instagram.com\\\/coxs_coxs\\\/\"]}]}<\/script>\n<!-- \/ Yoast SEO plugin. -->","yoast_head_json":{"title":"Cihuat\u00e1n Xaman X.O.","description":"Rumy Cihuat\u00e1n jsou ru\u010dn\u011b vyr\u00e1b\u011bny ve stejnojmenn\u00e9m \u00fadol\u00ed v El Salvadoru, v destilerii, je\u017e byla zalo\u017eena roku 2004 a je jedinou pal\u00edrnou v zemi. Je","robots":{"index":"index","follow":"follow","max-snippet":"max-snippet:-1","max-image-preview":"max-image-preview:large","max-video-preview":"max-video-preview:-1"},"canonical":"https:\/\/richter.ceo\/coxs\/produkt\/cihuatan-xaman-x-o\/","og_locale":"cs_CZ","og_type":"article","og_title":"Cihuat\u00e1n Xaman X.O.","og_description":"Rumy Cihuat\u00e1n jsou ru\u010dn\u011b vyr\u00e1b\u011bny ve stejnojmenn\u00e9m \u00fadol\u00ed v El Salvadoru, v destilerii, je\u017e byla zalo\u017eena roku 2004 a je jedinou pal\u00edrnou v zemi. Je","og_url":"https:\/\/richter.ceo\/coxs\/produkt\/cihuatan-xaman-x-o\/","og_site_name":"COXS CLUB","article_publisher":"https:\/\/www.facebook.com\/profile.php?id=100088204002615","og_image":[{"width":864,"height":1024,"url":"https:\/\/richter.ceo\/coxs\/wp-content\/uploads\/sites\/4\/2025\/05\/3010_cihuatan_xaman_xo-864x1024-1.jpg","type":"image\/jpeg"}],"twitter_card":"summary_large_image","twitter_misc":{"Odhadovan\u00e1 doba \u010dten\u00ed":"1 minuta"},"schema":{"@context":"https:\/\/schema.org","@graph":[{"@type":"WebPage","@id":"https:\/\/richter.ceo\/coxs\/produkt\/cihuatan-xaman-x-o\/","url":"https:\/\/richter.ceo\/coxs\/produkt\/cihuatan-xaman-x-o\/","name":"Cihuat\u00e1n Xaman X.O.","isPartOf":{"@id":"https:\/\/richter.ceo\/coxs\/en\/#website"},"primaryImageOfPage":{"@id":"https:\/\/richter.ceo\/coxs\/produkt\/cihuatan-xaman-x-o\/#primaryimage"},"image":{"@id":"https:\/\/richter.ceo\/coxs\/produkt\/cihuatan-xaman-x-o\/#primaryimage"},"thumbnailUrl":"https:\/\/richter.ceo\/coxs\/wp-content\/uploads\/sites\/4\/2025\/05\/3010_cihuatan_xaman_xo-864x1024-1.jpg","datePublished":"2025-05-14T12:53:10+00:00","description":"Rumy Cihuat\u00e1n jsou ru\u010dn\u011b vyr\u00e1b\u011bny ve stejnojmenn\u00e9m \u00fadol\u00ed v El Salvadoru, v destilerii, je\u017e byla zalo\u017eena roku 2004 a je jedinou pal\u00edrnou v zemi. Je","breadcrumb":{"@id":"https:\/\/richter.ceo\/coxs\/produkt\/cihuatan-xaman-x-o\/#breadcrumb"},"inLanguage":"cs","potentialAction":[{"@type":"ReadAction","target":["https:\/\/richter.ceo\/coxs\/produkt\/cihuatan-xaman-x-o\/"]}]},{"@type":"ImageObject","inLanguage":"cs","@id":"https:\/\/richter.ceo\/coxs\/produkt\/cihuatan-xaman-x-o\/#primaryimage","url":"https:\/\/richter.ceo\/coxs\/wp-content\/uploads\/sites\/4\/2025\/05\/3010_cihuatan_xaman_xo-864x1024-1.jpg","contentUrl":"https:\/\/richter.ceo\/coxs\/wp-content\/uploads\/sites\/4\/2025\/05\/3010_cihuatan_xaman_xo-864x1024-1.jpg","width":864,"height":1024,"caption":"COXS CLUB"},{"@type":"BreadcrumbList","@id":"https:\/\/richter.ceo\/coxs\/produkt\/cihuatan-xaman-x-o\/#breadcrumb","itemListElement":[{"@type":"ListItem","position":1,"name":"Dom\u016f","item":"https:\/\/richter.ceo\/coxs\/"},{"@type":"ListItem","position":2,"name":"N\u00c1POJE","item":"https:\/\/richter.ceo\/coxs\/en\/napoje\/"},{"@type":"ListItem","position":3,"name":"Cihuat\u00e1n Xaman X.O."}]},{"@type":"WebSite","@id":"https:\/\/richter.ceo\/coxs\/en\/#website","url":"https:\/\/richter.ceo\/coxs\/en\/","name":"COXS CLUB","description":"Beton a Rum","publisher":{"@id":"https:\/\/richter.ceo\/coxs\/en\/#organization"},"potentialAction":[{"@type":"SearchAction","target":{"@type":"EntryPoint","urlTemplate":"https:\/\/richter.ceo\/coxs\/en\/?s={search_term_string}"},"query-input":{"@type":"PropertyValueSpecification","valueRequired":true,"valueName":"search_term_string"}}],"inLanguage":"cs"},{"@type":"Organization","@id":"https:\/\/richter.ceo\/coxs\/en\/#organization","name":"COXS CLUB","url":"https:\/\/richter.ceo\/coxs\/en\/","logo":{"@type":"ImageObject","inLanguage":"cs","@id":"https:\/\/richter.ceo\/coxs\/en\/#\/schema\/logo\/image\/","url":"http:\/\/richter.ceo\/coxs\/wp-content\/uploads\/sites\/4\/2025\/05\/FAVICON-dark.webp","contentUrl":"http:\/\/richter.ceo\/coxs\/wp-content\/uploads\/sites\/4\/2025\/05\/FAVICON-dark.webp","width":512,"height":512,"caption":"COXS CLUB"},"image":{"@id":"https:\/\/richter.ceo\/coxs\/en\/#\/schema\/logo\/image\/"},"sameAs":["https:\/\/www.facebook.com\/profile.php?id=100088204002615","https:\/\/www.instagram.com\/coxs_coxs\/"]}]}},"_links":{"self":[{"href":"https:\/\/richter.ceo\/coxs\/wp-json\/wp\/v2\/product\/1313","targetHints":{"allow":["GET"]}}],"collection":[{"href":"https:\/\/richter.ceo\/coxs\/wp-json\/wp\/v2\/product"}],"about":[{"href":"https:\/\/richter.ceo\/coxs\/wp-json\/wp\/v2\/types\/product"}],"wp:featuredmedia":[{"embeddable":true,"href":"https:\/\/richter.ceo\/coxs\/wp-json\/wp\/v2\/media\/1215"}],"wp:attachment":[{"href":"https:\/\/richter.ceo\/coxs\/wp-json\/wp\/v2\/media?parent=1313"}],"wp:term":[{"taxonomy":"product_brand","embeddable":true,"href":"https:\/\/richter.ceo\/coxs\/wp-json\/wp\/v2\/product_brand?post=1313"},{"taxonomy":"product_cat","embeddable":true,"href":"https:\/\/richter.ceo\/coxs\/wp-json\/wp\/v2\/product_cat?post=1313"},{"taxonomy":"product_tag","embeddable":true,"href":"https:\/\/richter.ceo\/coxs\/wp-json\/wp\/v2\/product_tag?post=1313"}],"curies":[{"name":"wp","href":"https:\/\/api.w.org\/{rel}","templated":true}]}}