{"id":1315,"date":"2025-05-14T14:57:45","date_gmt":"2025-05-14T12:57:45","guid":{"rendered":"https:\/\/richter.ceo\/coxs\/?post_type=product&#038;p=1315"},"modified":"2025-05-14T14:57:46","modified_gmt":"2025-05-14T12:57:46","slug":"cihuatan-cinabrio-12-y-o","status":"publish","type":"product","link":"https:\/\/richter.ceo\/coxs\/produkt\/cihuatan-cinabrio-12-y-o\/","title":{"rendered":"Cihuat\u00e1n Cinabrio 12 y.o."},"content":{"rendered":"<p>Rumy Cihuat\u00e1n jsou inspirov\u00e1ny stejnojmenn\u00fdm \u00fadol\u00edm v El Salvadoru. V \u00fadol\u00ed Cihuat\u00e1n kdysi st\u00e1lo stejnojmenn\u00e9 m\u011bsto. Bylo postaveno maysk\u00fdm kmenem, p\u016fvodn\u00edmi obyvateli, kte\u0159\u00ed zde \u017eili mezi roky 900 a 1 200 n. l. Mayov\u00e9 byli prosperuj\u00edc\u00ed spole\u010dnost\u00ed, j\u00ed\u017e tvo\u0159ili mj. matematici, astronomov\u00e9 a obchodn\u00edci. V jejich touze po v\u011bd\u011bn\u00ed a inovac\u00edch nal\u00e9zaj\u00ed rumy Cihuat\u00e1n svou inspiraci. Slovo \u201eCihuat\u00e1n\u201c znamen\u00e1 v jazyce pipil, kter\u00fd je p\u0159\u00edbuzn\u00fd azt\u00e9\u010dtin\u011b, \u201ezem za sp\u00edc\u00ed \u017eenou\u201c. Legenda prav\u00ed, \u017ee p\u0159ed mnoha stalet\u00edmi p\u0159i\u0161la do \u00fadol\u00ed Cihuat\u00e1n bohyn\u011b, je\u017e tamn\u00ed p\u016fdu obda\u0159ila hojnost\u00ed a \u00farodnost\u00ed. Z jej\u00ed v\u016fle \u00fadol\u00ed rozkvetlo do podoby \u00farodn\u00fdch pol\u00ed s cukrovou t\u0159tinou a tou nej\u010dist\u0161\u00ed vodou. A pr\u00e1v\u011b ty dnes tvo\u0159\u00ed dv\u011b kl\u00ed\u010dov\u00e9 ingredience rum\u016f Cihuat\u00e1n.<\/p>\n<p>&nbsp;<\/p>\n<p>El Salvador je jedna z nejmen\u0161\u00edch zem\u00ed sv\u011bta, kter\u00e1 nem\u00e1 jako jedin\u00e1 ze zem\u00ed St\u0159edn\u00ed Ameriky p\u0159\u00edstup ke Karibsk\u00e9mu mo\u0159i. Celoro\u010dn\u011b zde panuje vesm\u011bs tepl\u00e9, tropick\u00e9 po\u010das\u00ed, kter\u00e9 si lze vychutnat na n\u00e1dhern\u00fdch pl\u00e1\u017e\u00edch s tmav\u00fdm p\u00edskem a vodou Tich\u00e9ho oce\u00e1nu. Rumy Cihuat\u00e1n jsou ru\u010dn\u011b vyr\u00e1b\u011bny ve stejnojmenn\u00e9m \u00fadol\u00ed v El Salvadoru, v destilerii, je\u017e byla zalo\u017eena roku 2004 a je jedinou pal\u00edrnou v zemi. Je poh\u00e1n\u011bna obnovitelnou energi\u00ed, kterou \u010derp\u00e1 z vylisovan\u00fdch zbytk\u016f cukrov\u00e9 t\u0159tiny. Na ka\u017ed\u00fd krok v\u00fdrobn\u00edho procesu, od sazenic cukrov\u00e9 t\u0159tiny p\u0159es fermentaci a destilaci t\u0159tinov\u00e9ho sirupu a melasy a\u017e po lahvov\u00e1n\u00ed, se pe\u010dliv\u011b dohl\u00ed\u017e\u00ed. M\u00edstn\u00ed master blender, Gabriela Ayala, vym\u00fd\u0161l\u00ed \u010darovn\u00e9 a jedine\u010dn\u00e9 rumy inspirovan\u00e9 maysk\u00fdm odkazem a ze sud\u016f, ve kter\u00fdch jej\u00ed v\u00fdtvory odpo\u010d\u00edvaj\u00ed, nespust\u00ed zrak.<\/p>\n<p>&nbsp;<\/p>\n<p>Cinabrio byl vyroben k poct\u011b maysk\u00e9mu bohovi slunce Kinich Ahau. N\u00e1zev je inspirov\u00e1n \u010dervenou barvou, kter\u00e1 se d\u0159\u00edve z\u00edsk\u00e1vala rozdrcen\u00edm nerostu cinabaritu (rum\u011blky). Jde o posv\u00e1tnou barvu boha slunce, kter\u00e1 je pova\u017eovan\u00e1 za dobr\u00e9 znamen\u00ed. Tyto symboly jsou vyobrazen\u00e9 i na etiket\u011b lahve: b\u016fh slunce , kter\u00fd je zt\u011blesn\u011bn\u00fd dv\u011bma kolib\u0159\u00edky , sp\u00edc\u00ed \u017eena a legu\u00e1n , kter\u00fd je pro oblast Cihuat\u00e1n typick\u00fd.<\/p>\n<p>&nbsp;<\/p>\n<div class=\"elementor-column elementor-col-50 elementor-inner-column elementor-element elementor-element-df5ea97\" data-id=\"df5ea97\" data-element_type=\"column\">\n<div class=\"elementor-widget-wrap elementor-element-populated\">\n<div class=\"elementor-element elementor-element-5f45f876 elementor-widget elementor-widget-woocommerce-product-short-description\" data-id=\"5f45f876\" data-element_type=\"widget\" data-widget_type=\"woocommerce-product-short-description.default\">\n<div class=\"elementor-widget-container\">\n<div class=\"woocommerce-product-details__short-description\">\n<p>Cinabrio je lehk\u00fd rum, kter\u00fd zr\u00e1l minim\u00e1ln\u011b 12 let syst\u00e9mem solera v sudech z americk\u00e9ho b\u00edl\u00e9ho dubu, kter\u00e9 p\u0159edt\u00edm obsahovaly bourbon. Chu\u0165ov\u00fd profil se vyzna\u010duje t\u00f3ny o\u017eehnut\u00e9ho dubu, karamelizovan\u00e9 pomeran\u010dov\u00e9 k\u016fry, \u0161\u0165\u00e1vy z cukrov\u00e9 t\u0159tiny, zral\u00e9 karamboly, pist\u00e1ci\u00ed a \u0161vestek.<\/p>\n<\/div>\n<\/div>\n<\/div>\n<\/div>\n<\/div>\n<p>&nbsp;<\/p>\n","protected":false},"excerpt":{"rendered":"<p>Rumy Cihuat\u00e1n jsou inspirov\u00e1ny stejnojmenn\u00fdm \u00fadol\u00edm v El Salvadoru. V \u00fadol\u00ed Cihuat\u00e1n kdysi st\u00e1lo stejnojmenn\u00e9 m\u011bsto. Bylo postaveno maysk\u00fdm kmenem, p\u016fvodn\u00edmi obyvateli, kte\u0159\u00ed zde \u017eili mezi roky 900 a 1 200 n. l. Mayov\u00e9 byli prosperuj\u00edc\u00ed spole\u010dnost\u00ed, j\u00ed\u017e tvo\u0159ili mj. matematici, astronomov\u00e9 a obchodn\u00edci. V jejich touze po v\u011bd\u011bn\u00ed a inovac\u00edch nal\u00e9zaj\u00ed rumy Cihuat\u00e1n svou [&hellip;]<\/p>\n","protected":false},"featured_media":1210,"template":"","meta":{"_acf_changed":false},"product_brand":[179],"product_cat":[117],"product_tag":[],"class_list":{"0":"post-1315","1":"product","2":"type-product","3":"status-publish","4":"has-post-thumbnail","6":"product_brand-cihuatan","7":"product_cat-rum","8":"pa_cena-za-004-l","9":"pa_obsah-alkoholu-21","10":"pa_zeme-salvador","12":"first","13":"instock","14":"shipping-taxable","15":"purchasable","16":"product-type-simple"},"acf":[],"yoast_head":"<!-- This site is optimized with the Yoast SEO plugin v27.5 - https:\/\/yoast.com\/product\/yoast-seo-wordpress\/ -->\n<title>Cihuat\u00e1n Cinabrio 12 y.o.<\/title>\n<meta name=\"description\" content=\"Rumy Cihuat\u00e1n jsou inspirov\u00e1ny stejnojmenn\u00fdm \u00fadol\u00edm v El Salvadoru. V \u00fadol\u00ed Cihuat\u00e1n kdysi st\u00e1lo stejnojmenn\u00e9 m\u011bsto. Bylo postaveno maysk\u00fdm kmenem,\" \/>\n<meta name=\"robots\" content=\"index, follow, max-snippet:-1, max-image-preview:large, max-video-preview:-1\" \/>\n<link rel=\"canonical\" href=\"https:\/\/richter.ceo\/coxs\/produkt\/cihuatan-cinabrio-12-y-o\/\" \/>\n<meta property=\"og:locale\" content=\"cs_CZ\" \/>\n<meta property=\"og:type\" content=\"article\" \/>\n<meta property=\"og:title\" content=\"Cihuat\u00e1n Cinabrio 12 y.o.\" \/>\n<meta property=\"og:description\" content=\"Rumy Cihuat\u00e1n jsou inspirov\u00e1ny stejnojmenn\u00fdm \u00fadol\u00edm v El Salvadoru. V \u00fadol\u00ed Cihuat\u00e1n kdysi st\u00e1lo stejnojmenn\u00e9 m\u011bsto. Bylo postaveno maysk\u00fdm kmenem,\" \/>\n<meta property=\"og:url\" content=\"https:\/\/richter.ceo\/coxs\/produkt\/cihuatan-cinabrio-12-y-o\/\" \/>\n<meta property=\"og:site_name\" content=\"COXS CLUB\" \/>\n<meta property=\"article:publisher\" content=\"https:\/\/www.facebook.com\/profile.php?id=100088204002615\" \/>\n<meta property=\"article:modified_time\" content=\"2025-05-14T12:57:46+00:00\" \/>\n<meta property=\"og:image\" content=\"https:\/\/richter.ceo\/coxs\/wp-content\/uploads\/sites\/4\/2025\/05\/2957_cihuatan_sahumerio-1-864x1024-1.jpg\" \/>\n\t<meta property=\"og:image:width\" content=\"864\" \/>\n\t<meta property=\"og:image:height\" content=\"1024\" \/>\n\t<meta property=\"og:image:type\" content=\"image\/jpeg\" \/>\n<meta name=\"twitter:card\" content=\"summary_large_image\" \/>\n<meta name=\"twitter:label1\" content=\"Odhadovan\u00e1 doba \u010dten\u00ed\" \/>\n\t<meta name=\"twitter:data1\" content=\"2 minuty\" \/>\n<script type=\"application\/ld+json\" class=\"yoast-schema-graph\">{\"@context\":\"https:\\\/\\\/schema.org\",\"@graph\":[{\"@type\":\"WebPage\",\"@id\":\"https:\\\/\\\/richter.ceo\\\/coxs\\\/produkt\\\/cihuatan-cinabrio-12-y-o\\\/\",\"url\":\"https:\\\/\\\/richter.ceo\\\/coxs\\\/produkt\\\/cihuatan-cinabrio-12-y-o\\\/\",\"name\":\"Cihuat\u00e1n Cinabrio 12 y.o.\",\"isPartOf\":{\"@id\":\"https:\\\/\\\/richter.ceo\\\/coxs\\\/en\\\/#website\"},\"primaryImageOfPage\":{\"@id\":\"https:\\\/\\\/richter.ceo\\\/coxs\\\/produkt\\\/cihuatan-cinabrio-12-y-o\\\/#primaryimage\"},\"image\":{\"@id\":\"https:\\\/\\\/richter.ceo\\\/coxs\\\/produkt\\\/cihuatan-cinabrio-12-y-o\\\/#primaryimage\"},\"thumbnailUrl\":\"https:\\\/\\\/richter.ceo\\\/coxs\\\/wp-content\\\/uploads\\\/sites\\\/4\\\/2025\\\/05\\\/2957_cihuatan_sahumerio-1-864x1024-1.jpg\",\"datePublished\":\"2025-05-14T12:57:45+00:00\",\"dateModified\":\"2025-05-14T12:57:46+00:00\",\"description\":\"Rumy Cihuat\u00e1n jsou inspirov\u00e1ny stejnojmenn\u00fdm \u00fadol\u00edm v El Salvadoru. V \u00fadol\u00ed Cihuat\u00e1n kdysi st\u00e1lo stejnojmenn\u00e9 m\u011bsto. Bylo postaveno maysk\u00fdm kmenem,\",\"breadcrumb\":{\"@id\":\"https:\\\/\\\/richter.ceo\\\/coxs\\\/produkt\\\/cihuatan-cinabrio-12-y-o\\\/#breadcrumb\"},\"inLanguage\":\"cs\",\"potentialAction\":[{\"@type\":\"ReadAction\",\"target\":[\"https:\\\/\\\/richter.ceo\\\/coxs\\\/produkt\\\/cihuatan-cinabrio-12-y-o\\\/\"]}]},{\"@type\":\"ImageObject\",\"inLanguage\":\"cs\",\"@id\":\"https:\\\/\\\/richter.ceo\\\/coxs\\\/produkt\\\/cihuatan-cinabrio-12-y-o\\\/#primaryimage\",\"url\":\"https:\\\/\\\/richter.ceo\\\/coxs\\\/wp-content\\\/uploads\\\/sites\\\/4\\\/2025\\\/05\\\/2957_cihuatan_sahumerio-1-864x1024-1.jpg\",\"contentUrl\":\"https:\\\/\\\/richter.ceo\\\/coxs\\\/wp-content\\\/uploads\\\/sites\\\/4\\\/2025\\\/05\\\/2957_cihuatan_sahumerio-1-864x1024-1.jpg\",\"width\":864,\"height\":1024,\"caption\":\"COXS CLUB\"},{\"@type\":\"BreadcrumbList\",\"@id\":\"https:\\\/\\\/richter.ceo\\\/coxs\\\/produkt\\\/cihuatan-cinabrio-12-y-o\\\/#breadcrumb\",\"itemListElement\":[{\"@type\":\"ListItem\",\"position\":1,\"name\":\"Dom\u016f\",\"item\":\"https:\\\/\\\/richter.ceo\\\/coxs\\\/\"},{\"@type\":\"ListItem\",\"position\":2,\"name\":\"N\u00c1POJE\",\"item\":\"https:\\\/\\\/richter.ceo\\\/coxs\\\/en\\\/napoje\\\/\"},{\"@type\":\"ListItem\",\"position\":3,\"name\":\"Cihuat\u00e1n Cinabrio 12 y.o.\"}]},{\"@type\":\"WebSite\",\"@id\":\"https:\\\/\\\/richter.ceo\\\/coxs\\\/en\\\/#website\",\"url\":\"https:\\\/\\\/richter.ceo\\\/coxs\\\/en\\\/\",\"name\":\"COXS CLUB\",\"description\":\"Beton a Rum\",\"publisher\":{\"@id\":\"https:\\\/\\\/richter.ceo\\\/coxs\\\/en\\\/#organization\"},\"potentialAction\":[{\"@type\":\"SearchAction\",\"target\":{\"@type\":\"EntryPoint\",\"urlTemplate\":\"https:\\\/\\\/richter.ceo\\\/coxs\\\/en\\\/?s={search_term_string}\"},\"query-input\":{\"@type\":\"PropertyValueSpecification\",\"valueRequired\":true,\"valueName\":\"search_term_string\"}}],\"inLanguage\":\"cs\"},{\"@type\":\"Organization\",\"@id\":\"https:\\\/\\\/richter.ceo\\\/coxs\\\/en\\\/#organization\",\"name\":\"COXS CLUB\",\"url\":\"https:\\\/\\\/richter.ceo\\\/coxs\\\/en\\\/\",\"logo\":{\"@type\":\"ImageObject\",\"inLanguage\":\"cs\",\"@id\":\"https:\\\/\\\/richter.ceo\\\/coxs\\\/en\\\/#\\\/schema\\\/logo\\\/image\\\/\",\"url\":\"http:\\\/\\\/richter.ceo\\\/coxs\\\/wp-content\\\/uploads\\\/sites\\\/4\\\/2025\\\/05\\\/FAVICON-dark.webp\",\"contentUrl\":\"http:\\\/\\\/richter.ceo\\\/coxs\\\/wp-content\\\/uploads\\\/sites\\\/4\\\/2025\\\/05\\\/FAVICON-dark.webp\",\"width\":512,\"height\":512,\"caption\":\"COXS CLUB\"},\"image\":{\"@id\":\"https:\\\/\\\/richter.ceo\\\/coxs\\\/en\\\/#\\\/schema\\\/logo\\\/image\\\/\"},\"sameAs\":[\"https:\\\/\\\/www.facebook.com\\\/profile.php?id=100088204002615\",\"https:\\\/\\\/www.instagram.com\\\/coxs_coxs\\\/\"]}]}<\/script>\n<!-- \/ Yoast SEO plugin. -->","yoast_head_json":{"title":"Cihuat\u00e1n Cinabrio 12 y.o.","description":"Rumy Cihuat\u00e1n jsou inspirov\u00e1ny stejnojmenn\u00fdm \u00fadol\u00edm v El Salvadoru. V \u00fadol\u00ed Cihuat\u00e1n kdysi st\u00e1lo stejnojmenn\u00e9 m\u011bsto. Bylo postaveno maysk\u00fdm kmenem,","robots":{"index":"index","follow":"follow","max-snippet":"max-snippet:-1","max-image-preview":"max-image-preview:large","max-video-preview":"max-video-preview:-1"},"canonical":"https:\/\/richter.ceo\/coxs\/produkt\/cihuatan-cinabrio-12-y-o\/","og_locale":"cs_CZ","og_type":"article","og_title":"Cihuat\u00e1n Cinabrio 12 y.o.","og_description":"Rumy Cihuat\u00e1n jsou inspirov\u00e1ny stejnojmenn\u00fdm \u00fadol\u00edm v El Salvadoru. V \u00fadol\u00ed Cihuat\u00e1n kdysi st\u00e1lo stejnojmenn\u00e9 m\u011bsto. Bylo postaveno maysk\u00fdm kmenem,","og_url":"https:\/\/richter.ceo\/coxs\/produkt\/cihuatan-cinabrio-12-y-o\/","og_site_name":"COXS CLUB","article_publisher":"https:\/\/www.facebook.com\/profile.php?id=100088204002615","article_modified_time":"2025-05-14T12:57:46+00:00","og_image":[{"width":864,"height":1024,"url":"https:\/\/richter.ceo\/coxs\/wp-content\/uploads\/sites\/4\/2025\/05\/2957_cihuatan_sahumerio-1-864x1024-1.jpg","type":"image\/jpeg"}],"twitter_card":"summary_large_image","twitter_misc":{"Odhadovan\u00e1 doba \u010dten\u00ed":"2 minuty"},"schema":{"@context":"https:\/\/schema.org","@graph":[{"@type":"WebPage","@id":"https:\/\/richter.ceo\/coxs\/produkt\/cihuatan-cinabrio-12-y-o\/","url":"https:\/\/richter.ceo\/coxs\/produkt\/cihuatan-cinabrio-12-y-o\/","name":"Cihuat\u00e1n Cinabrio 12 y.o.","isPartOf":{"@id":"https:\/\/richter.ceo\/coxs\/en\/#website"},"primaryImageOfPage":{"@id":"https:\/\/richter.ceo\/coxs\/produkt\/cihuatan-cinabrio-12-y-o\/#primaryimage"},"image":{"@id":"https:\/\/richter.ceo\/coxs\/produkt\/cihuatan-cinabrio-12-y-o\/#primaryimage"},"thumbnailUrl":"https:\/\/richter.ceo\/coxs\/wp-content\/uploads\/sites\/4\/2025\/05\/2957_cihuatan_sahumerio-1-864x1024-1.jpg","datePublished":"2025-05-14T12:57:45+00:00","dateModified":"2025-05-14T12:57:46+00:00","description":"Rumy Cihuat\u00e1n jsou inspirov\u00e1ny stejnojmenn\u00fdm \u00fadol\u00edm v El Salvadoru. V \u00fadol\u00ed Cihuat\u00e1n kdysi st\u00e1lo stejnojmenn\u00e9 m\u011bsto. Bylo postaveno maysk\u00fdm kmenem,","breadcrumb":{"@id":"https:\/\/richter.ceo\/coxs\/produkt\/cihuatan-cinabrio-12-y-o\/#breadcrumb"},"inLanguage":"cs","potentialAction":[{"@type":"ReadAction","target":["https:\/\/richter.ceo\/coxs\/produkt\/cihuatan-cinabrio-12-y-o\/"]}]},{"@type":"ImageObject","inLanguage":"cs","@id":"https:\/\/richter.ceo\/coxs\/produkt\/cihuatan-cinabrio-12-y-o\/#primaryimage","url":"https:\/\/richter.ceo\/coxs\/wp-content\/uploads\/sites\/4\/2025\/05\/2957_cihuatan_sahumerio-1-864x1024-1.jpg","contentUrl":"https:\/\/richter.ceo\/coxs\/wp-content\/uploads\/sites\/4\/2025\/05\/2957_cihuatan_sahumerio-1-864x1024-1.jpg","width":864,"height":1024,"caption":"COXS CLUB"},{"@type":"BreadcrumbList","@id":"https:\/\/richter.ceo\/coxs\/produkt\/cihuatan-cinabrio-12-y-o\/#breadcrumb","itemListElement":[{"@type":"ListItem","position":1,"name":"Dom\u016f","item":"https:\/\/richter.ceo\/coxs\/"},{"@type":"ListItem","position":2,"name":"N\u00c1POJE","item":"https:\/\/richter.ceo\/coxs\/en\/napoje\/"},{"@type":"ListItem","position":3,"name":"Cihuat\u00e1n Cinabrio 12 y.o."}]},{"@type":"WebSite","@id":"https:\/\/richter.ceo\/coxs\/en\/#website","url":"https:\/\/richter.ceo\/coxs\/en\/","name":"COXS CLUB","description":"Beton a Rum","publisher":{"@id":"https:\/\/richter.ceo\/coxs\/en\/#organization"},"potentialAction":[{"@type":"SearchAction","target":{"@type":"EntryPoint","urlTemplate":"https:\/\/richter.ceo\/coxs\/en\/?s={search_term_string}"},"query-input":{"@type":"PropertyValueSpecification","valueRequired":true,"valueName":"search_term_string"}}],"inLanguage":"cs"},{"@type":"Organization","@id":"https:\/\/richter.ceo\/coxs\/en\/#organization","name":"COXS CLUB","url":"https:\/\/richter.ceo\/coxs\/en\/","logo":{"@type":"ImageObject","inLanguage":"cs","@id":"https:\/\/richter.ceo\/coxs\/en\/#\/schema\/logo\/image\/","url":"http:\/\/richter.ceo\/coxs\/wp-content\/uploads\/sites\/4\/2025\/05\/FAVICON-dark.webp","contentUrl":"http:\/\/richter.ceo\/coxs\/wp-content\/uploads\/sites\/4\/2025\/05\/FAVICON-dark.webp","width":512,"height":512,"caption":"COXS CLUB"},"image":{"@id":"https:\/\/richter.ceo\/coxs\/en\/#\/schema\/logo\/image\/"},"sameAs":["https:\/\/www.facebook.com\/profile.php?id=100088204002615","https:\/\/www.instagram.com\/coxs_coxs\/"]}]}},"_links":{"self":[{"href":"https:\/\/richter.ceo\/coxs\/wp-json\/wp\/v2\/product\/1315","targetHints":{"allow":["GET"]}}],"collection":[{"href":"https:\/\/richter.ceo\/coxs\/wp-json\/wp\/v2\/product"}],"about":[{"href":"https:\/\/richter.ceo\/coxs\/wp-json\/wp\/v2\/types\/product"}],"wp:featuredmedia":[{"embeddable":true,"href":"https:\/\/richter.ceo\/coxs\/wp-json\/wp\/v2\/media\/1210"}],"wp:attachment":[{"href":"https:\/\/richter.ceo\/coxs\/wp-json\/wp\/v2\/media?parent=1315"}],"wp:term":[{"taxonomy":"product_brand","embeddable":true,"href":"https:\/\/richter.ceo\/coxs\/wp-json\/wp\/v2\/product_brand?post=1315"},{"taxonomy":"product_cat","embeddable":true,"href":"https:\/\/richter.ceo\/coxs\/wp-json\/wp\/v2\/product_cat?post=1315"},{"taxonomy":"product_tag","embeddable":true,"href":"https:\/\/richter.ceo\/coxs\/wp-json\/wp\/v2\/product_tag?post=1315"}],"curies":[{"name":"wp","href":"https:\/\/api.w.org\/{rel}","templated":true}]}}